{"id":49276,"date":"2026-04-07T20:12:47","date_gmt":"2026-04-07T18:12:47","guid":{"rendered":"https:\/\/etako.sk\/eshop\/?post_type=product&#038;p=49276"},"modified":"2026-04-07T20:12:47","modified_gmt":"2026-04-07T18:12:47","slug":"korejska-kozmetika-eclado-ginseno-triple-firming-krem-50-ml","status":"publish","type":"product","link":"https:\/\/etako.sk\/eshop\/produkt\/korejska-kozmetika-eclado-ginseno-triple-firming-krem-50-ml\/","title":{"rendered":"K\u00f3rejsk\u00e1 kozmetika ECLADO Ginseno Triple firming kr\u00e9m 50 ml"},"content":{"rendered":"<p>Ple\u0165ov\u00fd kr\u00e9m Eclado bohat\u00fd na \u017eiviny jemne prenik\u00e1 do hlb\u0161\u00edch vrstiev poko\u017eky, aby ju spevnil, spevnil a zlep\u0161il jej elasticitu.<\/p>\n<p>Ginsenozid, EGF, niac\u00ednamid a adenoz\u00edn v zmesi s ani\u00f3novou vodou pom\u00e1haj\u00fa bieli\u0165 poko\u017eku a redukova\u0165 vr\u00e1sky.<\/p>\n<p>Dop\u013a\u0148a \u017eiviny a uzamyk\u00e1 vlhkos\u0165, aby zaistil dlhotrvaj\u00facu elasticitu.<\/p>\n<p>&nbsp;<\/p>\n<p>\ud83d\udd2cTechnol\u00f3gia Ultra-Fine Triple Micro Method\u2122 umo\u017e\u0148uje akt\u00edvnym zlo\u017ek\u00e1m prenikn\u00fa\u0165 hlb\u0161ie do poko\u017eky.<\/p>\n<p>&nbsp;<\/p>\n<p><strong>Pou\u017eitie:\u00a0<\/strong>Mo\u017eno pou\u017ei\u0165 ako denn\u00fd hydrata\u010dn\u00fd kr\u00e9m alebo ako z\u00e1vere\u010dn\u00fd krok v kry\u0161t\u00e1lovej starostlivosti.<\/p>\n<p>&nbsp;<\/p>\n<p><strong>Akt\u00edvne zlo\u017eky:<\/strong><\/p>\n<p><strong>Ginsenozid:<\/strong>\u00a0Akt\u00edvne zl\u00fa\u010deniny v \u017een\u0161ene, vr\u00e1tane antioxida\u010dn\u00fdch, protiz\u00e1palov\u00fdch a omladzuj\u00facich \u00fa\u010dinkov. M\u00f4\u017eu pom\u00f4c\u0165 hydratova\u0165 poko\u017eku, stimulova\u0165 tvorbu kolag\u00e9nu, redukova\u0165 vr\u00e1sky a jemn\u00e9 linky.<\/p>\n<p><strong>Illit:<\/strong>\u00a0\u00edlov\u00fd miner\u00e1l, ktor\u00fd dok\u00e1\u017ee h\u013abkovo \u010disti\u0165 poko\u017eku, odstra\u0148ova\u0165 ne\u010distoty a odumret\u00e9 ko\u017en\u00e9 bunky a zlep\u0161ova\u0165 text\u00faru poko\u017eky. M\u00e1 tie\u017e upokojuj\u00faci a regenera\u010dn\u00fd \u00fa\u010dinok.<\/p>\n<p><strong>Niacinamid:\u00a0<\/strong>zni\u017euje nadmern\u00fa tvorbu ko\u017en\u00e9ho mazu, zu\u017euje ve\u013ek\u00e9 p\u00f3ry, zosvet\u013euje zafarbenie, zlep\u0161uje pevnos\u0165 poko\u017eky a redukuje jemn\u00e9 linky.<\/p>\n<p><strong>EGF:\u00a0<\/strong>(epiderm\u00e1lny rastov\u00fd faktor) je pr\u00edrodn\u00fd prote\u00edn, ktor\u00fd hr\u00e1 k\u013e\u00fa\u010dov\u00fa \u00falohu v raste, delen\u00ed a regener\u00e1cii ko\u017en\u00fdch buniek.<\/p>\n<p><strong>Adenoz\u00edn:<\/strong>\u00a0stimuluje tvorbu kolag\u00e9nu a elast\u00ednu, pom\u00e1ha redukova\u0165 vr\u00e1sky a zlep\u0161ova\u0165 elasticitu poko\u017eky. M\u00e1 tie\u017e upokojuj\u00faci, regenera\u010dn\u00fd a hydrata\u010dn\u00fd \u00fa\u010dinok.<\/p>\n<p>&nbsp;<\/p>\n<p><img data-recalc-dims=\"1\" fetchpriority=\"high\" decoding=\"async\" src=\"https:\/\/i0.wp.com\/londonbeauty.hu\/cdn\/shop\/files\/210324_Ginseno_Triple_Firming_Cream_1.jpg?resize=300%2C300&#038;ssl=1\" alt=\"Ginseno Triple firming kr\u00e9m\" width=\"300\" height=\"300\" \/><br \/>\nMet\u00f3da Ultra-Fine Triple Micro\u2122<\/p>\n<p>&nbsp;<\/p>\n<p>Akt\u00edvne zlo\u017eky s v\u00e4\u010d\u0161\u00edmi \u010dasticami s\u00fa menej \u00fa\u010dinn\u00e9, preto\u017ee ich ve\u013ekos\u0165 nedosahuje do vrstiev dermis, tak\u017ee svoju \u00fa\u010dinnos\u0165 prejavuj\u00fa iba na povrchu.<br \/>\nExkluz\u00edvny dermatologick\u00fd proces Eclado transformuje \u010dastice na ultra-jemn\u00e9 trojit\u00e9 mikro\u010dastice, aby mohli \u013eahko prejs\u0165 horn\u00fdmi vrstvami ko\u017ee.<br \/>\nMet\u00f3da optimalizuje akt\u00edvne zlo\u017eky (ginsenoid a illit) v troch krokoch, aby sa mohli cielene dosta\u0165 do hlb\u0161\u00edch vrstiev ko\u017ee, kde m\u00f4\u017eu skuto\u010dne uplatni\u0165 svoje omladzuj\u00face a regenera\u010dn\u00e9 \u00fa\u010dinky.<\/p>\n<p><strong>Balenie:<\/strong>\u00a050 g<\/p>\n<p><strong>Pou\u017eitie:\u00a0<\/strong>Naneste na ple\u0165 po aplik\u00e1cii s\u00e9ra. Naneste mal\u00e9 mno\u017estvo na tv\u00e1r a krk a jemne vmas\u00edrujte.<\/p>\n<p>Zlo\u017eenie:\u00a0Water, Glycerin, Butyrospermum Parkii (Shea) Butter, Caprylic\/Capric Triglyceride, Butylene Glycol, Illite, Niacinamide, Ginsenosides, Dimethicone, Cetearyl Alcohol, Sodium Hyaluronate, Cyclopentasiloxane, Cyclohexasiloxane, Hydrogenated Polydecene, Glyceryl Stearate, Cetyl Alcohol, PEG-100 Stearate, Sodium Acetylated Hyaluronate, Hydrolyzed Hyaluronic Acid, Hydrolyzed Sodium Hyaluronate, Hyaluronic Acid, Hydroxypropyltrimonium Hyaluronate, Potassium Hyaluronate, Sodium Hyaluronate Crosspolymer, rh-Oligopeptide-1, 1,2-Hexanediol, Phenoxyethanol, Stearic Acid, Arginine, Carbomer, Xanthan Gum, Adenosine, Disodium EDTA, Pentylene Glycol, Ethylhexylglycerin, Parfum, Linalool, Butylphenyl Methylpropional<\/p>\n<p>&nbsp;<\/p>\n","protected":false},"excerpt":{"rendered":"<p>Ple\u0165ov\u00fd kr\u00e9m Eclado bohat\u00fd na \u017eiviny jemne prenik\u00e1 do hlb\u0161\u00edch vrstiev poko\u017eky, aby ju spevnil, spevnil a zlep\u0161il jej elasticitu.<\/p>\n","protected":false},"featured_media":49277,"comment_status":"closed","ping_status":"closed","template":"","meta":{"jetpack_publicize_message":"","jetpack_publicize_feature_enabled":true,"jetpack_social_post_already_shared":true,"jetpack_social_options":{"image_generator_settings":{"template":"highway","enabled":false},"version":2}},"product_brand":[],"product_cat":[1864,1865],"product_tag":[],"class_list":{"0":"post-49276","1":"product","2":"type-product","3":"status-publish","4":"has-post-thumbnail","6":"product_cat-dekorativna-kozmetika","7":"product_cat-denny-krem","8":"product_shipping_class-standard","10":"","11":"instock","12":"taxable","13":"shipping-taxable","14":"purchasable","15":"product-type-simple"},"jetpack_publicize_connections":[],"yoast_head":"<!-- This site is optimized with the Yoast SEO plugin v25.6 - https:\/\/yoast.com\/wordpress\/plugins\/seo\/ -->\n<title>K\u00f3rejsk\u00e1 kozmetika ECLADO Ginseno Triple firming kr\u00e9m 50 ml - ETAKO e-shop<\/title>\n<meta name=\"robots\" content=\"index, follow, max-snippet:-1, max-image-preview:large, max-video-preview:-1\" \/>\n<link rel=\"canonical\" href=\"https:\/\/etako.sk\/eshop\/produkt\/korejska-kozmetika-eclado-ginseno-triple-firming-krem-50-ml\/\" \/>\n<meta name=\"twitter:card\" content=\"summary_large_image\" \/>\n<meta name=\"twitter:title\" content=\"K\u00f3rejsk\u00e1 kozmetika ECLADO Ginseno Triple firming kr\u00e9m 50 ml - ETAKO e-shop\" \/>\n<meta name=\"twitter:description\" content=\"Ple\u0165ov\u00fd kr\u00e9m Eclado bohat\u00fd na \u017eiviny jemne prenik\u00e1 do hlb\u0161\u00edch vrstiev poko\u017eky, aby ju spevnil, spevnil a zlep\u0161il jej elasticitu.\" \/>\n<meta name=\"twitter:image\" content=\"https:\/\/i0.wp.com\/etako.sk\/eshop\/wp-content\/uploads\/2026\/04\/ECLADO_Ginseno_Triple_firming_krem_50ml_fast_fc891f.png?fit=630%2C630&ssl=1\" \/>\n<meta name=\"twitter:label1\" content=\"Predpokladan\u00fd \u010das \u010d\u00edtania\" \/>\n\t<meta name=\"twitter:data1\" content=\"3 min\u00faty\" \/>\n<script type=\"application\/ld+json\" class=\"yoast-schema-graph\">{\"@context\":\"https:\/\/schema.org\",\"@graph\":[{\"@type\":\"WebPage\",\"@id\":\"https:\/\/etako.sk\/eshop\/produkt\/korejska-kozmetika-eclado-ginseno-triple-firming-krem-50-ml\/\",\"url\":\"https:\/\/etako.sk\/eshop\/produkt\/korejska-kozmetika-eclado-ginseno-triple-firming-krem-50-ml\/\",\"name\":\"K\u00f3rejsk\u00e1 kozmetika ECLADO Ginseno Triple firming kr\u00e9m 50 ml - ETAKO e-shop\",\"isPartOf\":{\"@id\":\"https:\/\/etako.sk\/eshop\/#website\"},\"primaryImageOfPage\":{\"@id\":\"https:\/\/etako.sk\/eshop\/produkt\/korejska-kozmetika-eclado-ginseno-triple-firming-krem-50-ml\/#primaryimage\"},\"image\":{\"@id\":\"https:\/\/etako.sk\/eshop\/produkt\/korejska-kozmetika-eclado-ginseno-triple-firming-krem-50-ml\/#primaryimage\"},\"thumbnailUrl\":\"https:\/\/i0.wp.com\/etako.sk\/eshop\/wp-content\/uploads\/2026\/04\/ECLADO_Ginseno_Triple_firming_krem_50ml_fast_fc891f.png?fit=630%2C630&ssl=1\",\"datePublished\":\"2026-04-07T18:12:47+00:00\",\"breadcrumb\":{\"@id\":\"https:\/\/etako.sk\/eshop\/produkt\/korejska-kozmetika-eclado-ginseno-triple-firming-krem-50-ml\/#breadcrumb\"},\"inLanguage\":\"sk-SK\",\"potentialAction\":[{\"@type\":\"ReadAction\",\"target\":[\"https:\/\/etako.sk\/eshop\/produkt\/korejska-kozmetika-eclado-ginseno-triple-firming-krem-50-ml\/\"]}]},{\"@type\":\"ImageObject\",\"inLanguage\":\"sk-SK\",\"@id\":\"https:\/\/etako.sk\/eshop\/produkt\/korejska-kozmetika-eclado-ginseno-triple-firming-krem-50-ml\/#primaryimage\",\"url\":\"https:\/\/i0.wp.com\/etako.sk\/eshop\/wp-content\/uploads\/2026\/04\/ECLADO_Ginseno_Triple_firming_krem_50ml_fast_fc891f.png?fit=630%2C630&ssl=1\",\"contentUrl\":\"https:\/\/i0.wp.com\/etako.sk\/eshop\/wp-content\/uploads\/2026\/04\/ECLADO_Ginseno_Triple_firming_krem_50ml_fast_fc891f.png?fit=630%2C630&ssl=1\",\"width\":630,\"height\":630},{\"@type\":\"BreadcrumbList\",\"@id\":\"https:\/\/etako.sk\/eshop\/produkt\/korejska-kozmetika-eclado-ginseno-triple-firming-krem-50-ml\/#breadcrumb\",\"itemListElement\":[{\"@type\":\"ListItem\",\"position\":1,\"name\":\"Domovsk\u00e1 str\u00e1nka\",\"item\":\"https:\/\/etako.sk\/eshop\/\"},{\"@type\":\"ListItem\",\"position\":2,\"name\":\"Obchod\",\"item\":\"https:\/\/etako.sk\/eshop\/shop\/\"},{\"@type\":\"ListItem\",\"position\":3,\"name\":\"K\u00f3rejsk\u00e1 kozmetika ECLADO Ginseno Triple firming kr\u00e9m 50 ml\"}]},{\"@type\":\"WebSite\",\"@id\":\"https:\/\/etako.sk\/eshop\/#website\",\"url\":\"https:\/\/etako.sk\/eshop\/\",\"name\":\"ETAKO e-shop\",\"description\":\"Etako\",\"potentialAction\":[{\"@type\":\"SearchAction\",\"target\":{\"@type\":\"EntryPoint\",\"urlTemplate\":\"https:\/\/etako.sk\/eshop\/?s={search_term_string}\"},\"query-input\":{\"@type\":\"PropertyValueSpecification\",\"valueRequired\":true,\"valueName\":\"search_term_string\"}}],\"inLanguage\":\"sk-SK\"}]}<\/script>\n<!-- \/ Yoast SEO plugin. -->","yoast_head_json":{"title":"K\u00f3rejsk\u00e1 kozmetika ECLADO Ginseno Triple firming kr\u00e9m 50 ml - ETAKO e-shop","robots":{"index":"index","follow":"follow","max-snippet":"max-snippet:-1","max-image-preview":"max-image-preview:large","max-video-preview":"max-video-preview:-1"},"canonical":"https:\/\/etako.sk\/eshop\/produkt\/korejska-kozmetika-eclado-ginseno-triple-firming-krem-50-ml\/","twitter_card":"summary_large_image","twitter_title":"K\u00f3rejsk\u00e1 kozmetika ECLADO Ginseno Triple firming kr\u00e9m 50 ml - ETAKO e-shop","twitter_description":"Ple\u0165ov\u00fd kr\u00e9m Eclado bohat\u00fd na \u017eiviny jemne prenik\u00e1 do hlb\u0161\u00edch vrstiev poko\u017eky, aby ju spevnil, spevnil a zlep\u0161il jej elasticitu.","twitter_image":"https:\/\/i0.wp.com\/etako.sk\/eshop\/wp-content\/uploads\/2026\/04\/ECLADO_Ginseno_Triple_firming_krem_50ml_fast_fc891f.png?fit=630%2C630&ssl=1","twitter_misc":{"Predpokladan\u00fd \u010das \u010d\u00edtania":"3 min\u00faty"},"schema":{"@context":"https:\/\/schema.org","@graph":[{"@type":"WebPage","@id":"https:\/\/etako.sk\/eshop\/produkt\/korejska-kozmetika-eclado-ginseno-triple-firming-krem-50-ml\/","url":"https:\/\/etako.sk\/eshop\/produkt\/korejska-kozmetika-eclado-ginseno-triple-firming-krem-50-ml\/","name":"K\u00f3rejsk\u00e1 kozmetika ECLADO Ginseno Triple firming kr\u00e9m 50 ml - ETAKO e-shop","isPartOf":{"@id":"https:\/\/etako.sk\/eshop\/#website"},"primaryImageOfPage":{"@id":"https:\/\/etako.sk\/eshop\/produkt\/korejska-kozmetika-eclado-ginseno-triple-firming-krem-50-ml\/#primaryimage"},"image":{"@id":"https:\/\/etako.sk\/eshop\/produkt\/korejska-kozmetika-eclado-ginseno-triple-firming-krem-50-ml\/#primaryimage"},"thumbnailUrl":"https:\/\/i0.wp.com\/etako.sk\/eshop\/wp-content\/uploads\/2026\/04\/ECLADO_Ginseno_Triple_firming_krem_50ml_fast_fc891f.png?fit=630%2C630&ssl=1","datePublished":"2026-04-07T18:12:47+00:00","breadcrumb":{"@id":"https:\/\/etako.sk\/eshop\/produkt\/korejska-kozmetika-eclado-ginseno-triple-firming-krem-50-ml\/#breadcrumb"},"inLanguage":"sk-SK","potentialAction":[{"@type":"ReadAction","target":["https:\/\/etako.sk\/eshop\/produkt\/korejska-kozmetika-eclado-ginseno-triple-firming-krem-50-ml\/"]}]},{"@type":"ImageObject","inLanguage":"sk-SK","@id":"https:\/\/etako.sk\/eshop\/produkt\/korejska-kozmetika-eclado-ginseno-triple-firming-krem-50-ml\/#primaryimage","url":"https:\/\/i0.wp.com\/etako.sk\/eshop\/wp-content\/uploads\/2026\/04\/ECLADO_Ginseno_Triple_firming_krem_50ml_fast_fc891f.png?fit=630%2C630&ssl=1","contentUrl":"https:\/\/i0.wp.com\/etako.sk\/eshop\/wp-content\/uploads\/2026\/04\/ECLADO_Ginseno_Triple_firming_krem_50ml_fast_fc891f.png?fit=630%2C630&ssl=1","width":630,"height":630},{"@type":"BreadcrumbList","@id":"https:\/\/etako.sk\/eshop\/produkt\/korejska-kozmetika-eclado-ginseno-triple-firming-krem-50-ml\/#breadcrumb","itemListElement":[{"@type":"ListItem","position":1,"name":"Domovsk\u00e1 str\u00e1nka","item":"https:\/\/etako.sk\/eshop\/"},{"@type":"ListItem","position":2,"name":"Obchod","item":"https:\/\/etako.sk\/eshop\/shop\/"},{"@type":"ListItem","position":3,"name":"K\u00f3rejsk\u00e1 kozmetika ECLADO Ginseno Triple firming kr\u00e9m 50 ml"}]},{"@type":"WebSite","@id":"https:\/\/etako.sk\/eshop\/#website","url":"https:\/\/etako.sk\/eshop\/","name":"ETAKO e-shop","description":"Etako","potentialAction":[{"@type":"SearchAction","target":{"@type":"EntryPoint","urlTemplate":"https:\/\/etako.sk\/eshop\/?s={search_term_string}"},"query-input":{"@type":"PropertyValueSpecification","valueRequired":true,"valueName":"search_term_string"}}],"inLanguage":"sk-SK"}]}},"jetpack_sharing_enabled":true,"_links":{"self":[{"href":"https:\/\/etako.sk\/eshop\/wp-json\/wp\/v2\/product\/49276","targetHints":{"allow":["GET"]}}],"collection":[{"href":"https:\/\/etako.sk\/eshop\/wp-json\/wp\/v2\/product"}],"about":[{"href":"https:\/\/etako.sk\/eshop\/wp-json\/wp\/v2\/types\/product"}],"replies":[{"embeddable":true,"href":"https:\/\/etako.sk\/eshop\/wp-json\/wp\/v2\/comments?post=49276"}],"version-history":[{"count":1,"href":"https:\/\/etako.sk\/eshop\/wp-json\/wp\/v2\/product\/49276\/revisions"}],"predecessor-version":[{"id":49278,"href":"https:\/\/etako.sk\/eshop\/wp-json\/wp\/v2\/product\/49276\/revisions\/49278"}],"wp:featuredmedia":[{"embeddable":true,"href":"https:\/\/etako.sk\/eshop\/wp-json\/wp\/v2\/media\/49277"}],"wp:attachment":[{"href":"https:\/\/etako.sk\/eshop\/wp-json\/wp\/v2\/media?parent=49276"}],"wp:term":[{"taxonomy":"product_brand","embeddable":true,"href":"https:\/\/etako.sk\/eshop\/wp-json\/wp\/v2\/product_brand?post=49276"},{"taxonomy":"product_cat","embeddable":true,"href":"https:\/\/etako.sk\/eshop\/wp-json\/wp\/v2\/product_cat?post=49276"},{"taxonomy":"product_tag","embeddable":true,"href":"https:\/\/etako.sk\/eshop\/wp-json\/wp\/v2\/product_tag?post=49276"}],"curies":[{"name":"wp","href":"https:\/\/api.w.org\/{rel}","templated":true}]}}