{"id":49270,"date":"2026-04-07T20:04:12","date_gmt":"2026-04-07T18:04:12","guid":{"rendered":"https:\/\/etako.sk\/eshop\/?post_type=product&#038;p=49270"},"modified":"2026-04-07T20:04:12","modified_gmt":"2026-04-07T18:04:12","slug":"korejska-kozmetika-eclado-cell-phyto-serum-50-ml","status":"publish","type":"product","link":"https:\/\/etako.sk\/eshop\/produkt\/korejska-kozmetika-eclado-cell-phyto-serum-50-ml\/","title":{"rendered":"K\u00f3rejsk\u00e1 kozmetika ECLADO Cell Phyto s\u00e9rum 50 ml"},"content":{"rendered":"<p>Spev\u0148uj\u00face s\u00e9rum bohat\u00e9 na peptidy pre tv\u00e1r, krk a dekolt.<\/p>\n<p>V\u010faka vysok\u00e9mu obsahu peptidov\u00a0<strong>dod\u00e1va pleti energiu<\/strong>, posil\u0148uje vrstvu via\u017eucu vlhkos\u0165 a pom\u00e1ha udr\u017eova\u0165 pevnos\u0165 a hydrat\u00e1ciu pleti. Jeho \u013eahk\u00e1 text\u00fara sa r\u00fdchlo vstreb\u00e1va, tak\u017ee je ide\u00e1lna na denn\u00fa\u00a0<strong>starostlivos\u0165 proti starnutiu<\/strong>\u00a0pred pou\u017eit\u00edm denn\u00e9ho hydrata\u010dn\u00e9ho kr\u00e9mu.<\/p>\n<p>&nbsp;<\/p>\n<p><strong>Akt\u00edvne zlo\u017eky:<\/strong><\/p>\n<p><em><strong>Peption 5\u00a0<\/strong><\/em>(\u0161peci\u00e1lna peptidov\u00e1 kombin\u00e1cia s neuropeptidmi)<br \/>\n<em><strong>Kyselina hyalur\u00f3nov\u00e1:\u00a0<\/strong><\/em>Prirodzene sa vyskytuj\u00faca zlo\u017eka spojivov\u00e9ho tkaniva, ktor\u00e1 obklopuje ko\u017en\u00e9 bunky, a zais\u0165uje hydrat\u00e1ciu a pevnos\u0165 poko\u017eky.<br \/>\n<em><strong>Adenoz\u00edn:\u00a0<\/strong><\/em>M\u00f4\u017ee zv\u00fd\u0161i\u0165 produkciu kolag\u00e9nu, \u010do podporuje elasticitu poko\u017eky a redukuje v\u00fdskyt jemn\u00fdch vr\u00e1sok.<br \/>\n<em><strong>Alanto\u00edn:<\/strong><\/em>\u00a0Medzi upokojuj\u00face \u00fa\u010dinky na poko\u017eku patr\u00ed protiz\u00e1palov\u00fd a hydrata\u010dn\u00fd \u00fa\u010dinok na citliv\u00fa poko\u017eku. Zabra\u0148uje vysu\u0161ovaniu a podr\u00e1\u017edeniu.<\/p>\n<p>&nbsp;<\/p>\n<p><strong>Pr\u00edrodn\u00e9 rastlinn\u00e9 extrakty:<\/strong><br \/>\n<em><strong>Extrakt z kore\u0148a \u017elt\u00e9ho z\u00e1zvoru:\u00a0<\/strong><\/em>antioxidant<br \/>\n<em><strong>Extrakt z buniek zelen\u00e9ho hr\u00e1\u0161ku:\u00a0<\/strong><\/em>antioxidant, ochrann\u00fd, epiderm\u00e1lny a protiz\u00e1palov\u00fd \u00fa\u010dinok, pom\u00e1ha regenerova\u0165 poko\u017eku<\/p>\n<p><strong>Pou\u017eitie:<\/strong>\u00a0Po pou\u017eit\u00ed tonika vmas\u00edrujte 1-2 d\u00e1vky s\u00e9ra do poko\u017eky a n\u00e1sledne aplikujte kr\u00e9m.<\/p>\n<p>&nbsp;<\/p>\n<p>Balenie: 50 ml<\/p>\n<p>&nbsp;<\/p>\n<p><img data-recalc-dims=\"1\" fetchpriority=\"high\" decoding=\"async\" src=\"https:\/\/i0.wp.com\/www.perlacosmetic.sk\/images\/Eclado_Stem_cell__letak_A5_SK_fast_bbb6d8.png?resize=300%2C424&#038;ssl=1\" alt=\"\" width=\"300\" height=\"424\" \/><\/p>\n<p>&nbsp;<\/p>\n<p>Zlo\u017eenie:\u00a0Water, Dipropylene Glycol, Glycerin, 1,2-Hexanediol, Coptis Japonica Root Extract, Sodium Hyaluronate, Portulaca Oleracea Extract, Phaseolus Radiatus Meristem Cell Culture Extract, Glyceryl Acrylate\/Acrylic Acid Copolymer, sh-Pentapeptide-19, sh-Octapeptide-4, Oligopeptide-29, Palmitoyl Pentapeptide-4, sh-Decapeptide-7, sh-Oligopeptide-1, Butylene Glycol, Adenosine, PEG-60 Hydrogenated Castor Oil, Allantoin, Xanthan Gum, Lecithin, Sodium Phosphate, Disodium EDTA, Ethylhexylglycerin, CI 15510, Parfum<\/p>\n","protected":false},"excerpt":{"rendered":"<p>Spev\u0148uj\u00face s\u00e9rum bohat\u00e9 na peptidy pre tv\u00e1r, krk a dekolt. V\u010faka vysok\u00e9mu obsahu peptidov\u00a0dod\u00e1va pleti energiu, posil\u0148uje vrstvu via\u017eucu vlhkos\u0165<\/p>\n","protected":false},"featured_media":49271,"comment_status":"closed","ping_status":"closed","template":"","meta":{"jetpack_publicize_message":"","jetpack_publicize_feature_enabled":true,"jetpack_social_post_already_shared":true,"jetpack_social_options":{"image_generator_settings":{"template":"highway","enabled":false},"version":2}},"product_brand":[],"product_cat":[1864,1867],"product_tag":[],"class_list":{"0":"post-49270","1":"product","2":"type-product","3":"status-publish","4":"has-post-thumbnail","6":"product_cat-dekorativna-kozmetika","7":"product_cat-masky-a-sera","8":"product_shipping_class-standard","10":"","11":"instock","12":"taxable","13":"shipping-taxable","14":"purchasable","15":"product-type-simple"},"jetpack_publicize_connections":[],"yoast_head":"<!-- This site is optimized with the Yoast SEO plugin v25.6 - https:\/\/yoast.com\/wordpress\/plugins\/seo\/ -->\n<title>K\u00f3rejsk\u00e1 kozmetika ECLADO Cell Phyto s\u00e9rum 50 ml - ETAKO e-shop<\/title>\n<meta name=\"robots\" content=\"index, follow, max-snippet:-1, max-image-preview:large, max-video-preview:-1\" \/>\n<link rel=\"canonical\" href=\"https:\/\/etako.sk\/eshop\/produkt\/korejska-kozmetika-eclado-cell-phyto-serum-50-ml\/\" \/>\n<meta name=\"twitter:card\" content=\"summary_large_image\" \/>\n<meta name=\"twitter:title\" content=\"K\u00f3rejsk\u00e1 kozmetika ECLADO Cell Phyto s\u00e9rum 50 ml - ETAKO e-shop\" \/>\n<meta name=\"twitter:description\" content=\"Spev\u0148uj\u00face s\u00e9rum bohat\u00e9 na peptidy pre tv\u00e1r, krk a dekolt. V\u010faka vysok\u00e9mu obsahu peptidov\u00a0dod\u00e1va pleti energiu, posil\u0148uje vrstvu via\u017eucu vlhkos\u0165\" \/>\n<meta name=\"twitter:image\" content=\"https:\/\/i0.wp.com\/etako.sk\/eshop\/wp-content\/uploads\/2026\/04\/ECLADO_Cell_Phyto_serum_50ml_fast_317d55.png?fit=630%2C630&ssl=1\" \/>\n<meta name=\"twitter:label1\" content=\"Predpokladan\u00fd \u010das \u010d\u00edtania\" \/>\n\t<meta name=\"twitter:data1\" content=\"2 min\u00faty\" \/>\n<script type=\"application\/ld+json\" class=\"yoast-schema-graph\">{\"@context\":\"https:\/\/schema.org\",\"@graph\":[{\"@type\":\"WebPage\",\"@id\":\"https:\/\/etako.sk\/eshop\/produkt\/korejska-kozmetika-eclado-cell-phyto-serum-50-ml\/\",\"url\":\"https:\/\/etako.sk\/eshop\/produkt\/korejska-kozmetika-eclado-cell-phyto-serum-50-ml\/\",\"name\":\"K\u00f3rejsk\u00e1 kozmetika ECLADO Cell Phyto s\u00e9rum 50 ml - ETAKO e-shop\",\"isPartOf\":{\"@id\":\"https:\/\/etako.sk\/eshop\/#website\"},\"primaryImageOfPage\":{\"@id\":\"https:\/\/etako.sk\/eshop\/produkt\/korejska-kozmetika-eclado-cell-phyto-serum-50-ml\/#primaryimage\"},\"image\":{\"@id\":\"https:\/\/etako.sk\/eshop\/produkt\/korejska-kozmetika-eclado-cell-phyto-serum-50-ml\/#primaryimage\"},\"thumbnailUrl\":\"https:\/\/i0.wp.com\/etako.sk\/eshop\/wp-content\/uploads\/2026\/04\/ECLADO_Cell_Phyto_serum_50ml_fast_317d55.png?fit=630%2C630&ssl=1\",\"datePublished\":\"2026-04-07T18:04:12+00:00\",\"breadcrumb\":{\"@id\":\"https:\/\/etako.sk\/eshop\/produkt\/korejska-kozmetika-eclado-cell-phyto-serum-50-ml\/#breadcrumb\"},\"inLanguage\":\"sk-SK\",\"potentialAction\":[{\"@type\":\"ReadAction\",\"target\":[\"https:\/\/etako.sk\/eshop\/produkt\/korejska-kozmetika-eclado-cell-phyto-serum-50-ml\/\"]}]},{\"@type\":\"ImageObject\",\"inLanguage\":\"sk-SK\",\"@id\":\"https:\/\/etako.sk\/eshop\/produkt\/korejska-kozmetika-eclado-cell-phyto-serum-50-ml\/#primaryimage\",\"url\":\"https:\/\/i0.wp.com\/etako.sk\/eshop\/wp-content\/uploads\/2026\/04\/ECLADO_Cell_Phyto_serum_50ml_fast_317d55.png?fit=630%2C630&ssl=1\",\"contentUrl\":\"https:\/\/i0.wp.com\/etako.sk\/eshop\/wp-content\/uploads\/2026\/04\/ECLADO_Cell_Phyto_serum_50ml_fast_317d55.png?fit=630%2C630&ssl=1\",\"width\":630,\"height\":630},{\"@type\":\"BreadcrumbList\",\"@id\":\"https:\/\/etako.sk\/eshop\/produkt\/korejska-kozmetika-eclado-cell-phyto-serum-50-ml\/#breadcrumb\",\"itemListElement\":[{\"@type\":\"ListItem\",\"position\":1,\"name\":\"Domovsk\u00e1 str\u00e1nka\",\"item\":\"https:\/\/etako.sk\/eshop\/\"},{\"@type\":\"ListItem\",\"position\":2,\"name\":\"Obchod\",\"item\":\"https:\/\/etako.sk\/eshop\/shop\/\"},{\"@type\":\"ListItem\",\"position\":3,\"name\":\"K\u00f3rejsk\u00e1 kozmetika ECLADO Cell Phyto s\u00e9rum 50 ml\"}]},{\"@type\":\"WebSite\",\"@id\":\"https:\/\/etako.sk\/eshop\/#website\",\"url\":\"https:\/\/etako.sk\/eshop\/\",\"name\":\"ETAKO e-shop\",\"description\":\"Etako\",\"potentialAction\":[{\"@type\":\"SearchAction\",\"target\":{\"@type\":\"EntryPoint\",\"urlTemplate\":\"https:\/\/etako.sk\/eshop\/?s={search_term_string}\"},\"query-input\":{\"@type\":\"PropertyValueSpecification\",\"valueRequired\":true,\"valueName\":\"search_term_string\"}}],\"inLanguage\":\"sk-SK\"}]}<\/script>\n<!-- \/ Yoast SEO plugin. -->","yoast_head_json":{"title":"K\u00f3rejsk\u00e1 kozmetika ECLADO Cell Phyto s\u00e9rum 50 ml - ETAKO e-shop","robots":{"index":"index","follow":"follow","max-snippet":"max-snippet:-1","max-image-preview":"max-image-preview:large","max-video-preview":"max-video-preview:-1"},"canonical":"https:\/\/etako.sk\/eshop\/produkt\/korejska-kozmetika-eclado-cell-phyto-serum-50-ml\/","twitter_card":"summary_large_image","twitter_title":"K\u00f3rejsk\u00e1 kozmetika ECLADO Cell Phyto s\u00e9rum 50 ml - ETAKO e-shop","twitter_description":"Spev\u0148uj\u00face s\u00e9rum bohat\u00e9 na peptidy pre tv\u00e1r, krk a dekolt. V\u010faka vysok\u00e9mu obsahu peptidov\u00a0dod\u00e1va pleti energiu, posil\u0148uje vrstvu via\u017eucu vlhkos\u0165","twitter_image":"https:\/\/i0.wp.com\/etako.sk\/eshop\/wp-content\/uploads\/2026\/04\/ECLADO_Cell_Phyto_serum_50ml_fast_317d55.png?fit=630%2C630&ssl=1","twitter_misc":{"Predpokladan\u00fd \u010das \u010d\u00edtania":"2 min\u00faty"},"schema":{"@context":"https:\/\/schema.org","@graph":[{"@type":"WebPage","@id":"https:\/\/etako.sk\/eshop\/produkt\/korejska-kozmetika-eclado-cell-phyto-serum-50-ml\/","url":"https:\/\/etako.sk\/eshop\/produkt\/korejska-kozmetika-eclado-cell-phyto-serum-50-ml\/","name":"K\u00f3rejsk\u00e1 kozmetika ECLADO Cell Phyto s\u00e9rum 50 ml - ETAKO e-shop","isPartOf":{"@id":"https:\/\/etako.sk\/eshop\/#website"},"primaryImageOfPage":{"@id":"https:\/\/etako.sk\/eshop\/produkt\/korejska-kozmetika-eclado-cell-phyto-serum-50-ml\/#primaryimage"},"image":{"@id":"https:\/\/etako.sk\/eshop\/produkt\/korejska-kozmetika-eclado-cell-phyto-serum-50-ml\/#primaryimage"},"thumbnailUrl":"https:\/\/i0.wp.com\/etako.sk\/eshop\/wp-content\/uploads\/2026\/04\/ECLADO_Cell_Phyto_serum_50ml_fast_317d55.png?fit=630%2C630&ssl=1","datePublished":"2026-04-07T18:04:12+00:00","breadcrumb":{"@id":"https:\/\/etako.sk\/eshop\/produkt\/korejska-kozmetika-eclado-cell-phyto-serum-50-ml\/#breadcrumb"},"inLanguage":"sk-SK","potentialAction":[{"@type":"ReadAction","target":["https:\/\/etako.sk\/eshop\/produkt\/korejska-kozmetika-eclado-cell-phyto-serum-50-ml\/"]}]},{"@type":"ImageObject","inLanguage":"sk-SK","@id":"https:\/\/etako.sk\/eshop\/produkt\/korejska-kozmetika-eclado-cell-phyto-serum-50-ml\/#primaryimage","url":"https:\/\/i0.wp.com\/etako.sk\/eshop\/wp-content\/uploads\/2026\/04\/ECLADO_Cell_Phyto_serum_50ml_fast_317d55.png?fit=630%2C630&ssl=1","contentUrl":"https:\/\/i0.wp.com\/etako.sk\/eshop\/wp-content\/uploads\/2026\/04\/ECLADO_Cell_Phyto_serum_50ml_fast_317d55.png?fit=630%2C630&ssl=1","width":630,"height":630},{"@type":"BreadcrumbList","@id":"https:\/\/etako.sk\/eshop\/produkt\/korejska-kozmetika-eclado-cell-phyto-serum-50-ml\/#breadcrumb","itemListElement":[{"@type":"ListItem","position":1,"name":"Domovsk\u00e1 str\u00e1nka","item":"https:\/\/etako.sk\/eshop\/"},{"@type":"ListItem","position":2,"name":"Obchod","item":"https:\/\/etako.sk\/eshop\/shop\/"},{"@type":"ListItem","position":3,"name":"K\u00f3rejsk\u00e1 kozmetika ECLADO Cell Phyto s\u00e9rum 50 ml"}]},{"@type":"WebSite","@id":"https:\/\/etako.sk\/eshop\/#website","url":"https:\/\/etako.sk\/eshop\/","name":"ETAKO e-shop","description":"Etako","potentialAction":[{"@type":"SearchAction","target":{"@type":"EntryPoint","urlTemplate":"https:\/\/etako.sk\/eshop\/?s={search_term_string}"},"query-input":{"@type":"PropertyValueSpecification","valueRequired":true,"valueName":"search_term_string"}}],"inLanguage":"sk-SK"}]}},"jetpack_sharing_enabled":true,"_links":{"self":[{"href":"https:\/\/etako.sk\/eshop\/wp-json\/wp\/v2\/product\/49270","targetHints":{"allow":["GET"]}}],"collection":[{"href":"https:\/\/etako.sk\/eshop\/wp-json\/wp\/v2\/product"}],"about":[{"href":"https:\/\/etako.sk\/eshop\/wp-json\/wp\/v2\/types\/product"}],"replies":[{"embeddable":true,"href":"https:\/\/etako.sk\/eshop\/wp-json\/wp\/v2\/comments?post=49270"}],"version-history":[{"count":1,"href":"https:\/\/etako.sk\/eshop\/wp-json\/wp\/v2\/product\/49270\/revisions"}],"predecessor-version":[{"id":49272,"href":"https:\/\/etako.sk\/eshop\/wp-json\/wp\/v2\/product\/49270\/revisions\/49272"}],"wp:featuredmedia":[{"embeddable":true,"href":"https:\/\/etako.sk\/eshop\/wp-json\/wp\/v2\/media\/49271"}],"wp:attachment":[{"href":"https:\/\/etako.sk\/eshop\/wp-json\/wp\/v2\/media?parent=49270"}],"wp:term":[{"taxonomy":"product_brand","embeddable":true,"href":"https:\/\/etako.sk\/eshop\/wp-json\/wp\/v2\/product_brand?post=49270"},{"taxonomy":"product_cat","embeddable":true,"href":"https:\/\/etako.sk\/eshop\/wp-json\/wp\/v2\/product_cat?post=49270"},{"taxonomy":"product_tag","embeddable":true,"href":"https:\/\/etako.sk\/eshop\/wp-json\/wp\/v2\/product_tag?post=49270"}],"curies":[{"name":"wp","href":"https:\/\/api.w.org\/{rel}","templated":true}]}}