{"id":49261,"date":"2026-03-31T09:41:14","date_gmt":"2026-03-31T07:41:14","guid":{"rendered":"https:\/\/etako.sk\/eshop\/?post_type=product&#038;p=49261"},"modified":"2026-03-31T09:42:58","modified_gmt":"2026-03-31T07:42:58","slug":"korejska-kozmetika-eclado-regeneracny-krem-serum-cell-magic-skin-lotion-140-ml","status":"publish","type":"product","link":"https:\/\/etako.sk\/eshop\/produkt\/korejska-kozmetika-eclado-regeneracny-krem-serum-cell-magic-skin-lotion-140-ml\/","title":{"rendered":"K\u00f3rejsk\u00e1 kozmetika ECLADO Regenera\u010dn\u00fd kr\u00e9m\/s\u00e9rum Cell Magic Skin Lotion 140 ml"},"content":{"rendered":"<p>Pr\u00e9miov\u00e1 k\u00f3rejsk\u00e1 starostlivos\u0165 o ple\u0165, ktor\u00e1\u00a0<strong>podporuje regener\u00e1ciu pleti<\/strong>\u00a0pomocou rastlinn\u00fdch kme\u0148ov\u00fdch buniek (CALLUS), Peption 5 (botox bez ihiel), EGF, adenoz\u00ednu a rastlinn\u00e9ho komplexu Organic 7.<\/p>\n<p>Technol\u00f3gia viacvrstvov\u00fdch lipoz\u00f3mov dod\u00e1va akt\u00edvne zlo\u017eky hlboko do poko\u017eky pre maxim\u00e1lny \u00fa\u010dinok.<\/p>\n<p>Ide\u00e1lna pre starostlivos\u0165 po o\u0161etren\u00ed, pre matn\u00fa, starn\u00facu ple\u0165 so stratou pru\u017enosti\u00a0pleti.<\/p>\n<p>\u00da\u010dinn\u00fd produkt typu \u201ev\u0161etko v jednom\u201c, ktor\u00fd je mo\u017en\u00e9 pou\u017e\u00edva\u0165 samostatne. Pom\u00e1ha obnovi\u0165 pH rovnov\u00e1hu poko\u017eky a spevni\u0165 ju a zv\u00fd\u0161i\u0165 jej hydrat\u00e1ciu.<\/p>\n<p><strong>Hlavn\u00e9 zlo\u017eky:<\/strong><\/p>\n<p>Peption 5, EGF (oligopeptid-1), hyaluron\u00e1t sodn\u00fd, adenoz\u00edn, alanto\u00edn<\/p>\n<p><strong>Hlavn\u00e9 akt\u00edvne zlo\u017eky a ich vplyv na poko\u017eku:<\/strong><\/p>\n<p><em><strong>Rastlinn\u00e9 kme\u0148ov\u00e9 bunky\u00a0<\/strong><\/em>(extrakt z mozo\u013eov) \u2013 stimuluj\u00fa obnovu ko\u017en\u00fdch buniek, posil\u0148uj\u00fa regener\u00e1ciu, pom\u00e1haj\u00fa obnovi\u0165 po\u0161koden\u00fa \u0161trukt\u00faru poko\u017eky.<br \/>\n<em><strong>Peption 5\u00a0<\/strong><\/em>(botox bez ihiel) &#8211; spev\u0148uje poko\u017eku, redukuje v\u00fdskyt jemn\u00fdch vr\u00e1sok a mimick\u00fdch liniek.<br \/>\n<em><strong>EGF\u00a0<\/strong><\/em>(epiderm\u00e1lny rastov\u00fd faktor) \u2013 podporuje rast buniek a hojenie r\u00e1n, posil\u0148uje \u0161trukt\u00faru poko\u017eky.<br \/>\n<em><strong>Adenosin<\/strong><\/em>\u00a0\u2013 m\u00e1 \u00fa\u010dinok na redukciu vr\u00e1sok a upokojenie poko\u017eky, podporuje elasticitu poko\u017eky.<br \/>\n<em><strong>Organic 7 complex<\/strong><\/em>\u00a0\u2013 zmes pr\u00edrodn\u00fdch rastlinn\u00fdch extraktov, ktor\u00e9 chr\u00e1nia poko\u017eku pred po\u0161koden\u00edm vplyvmi prostredia svojim antioxida\u010dn\u00fdm \u00fa\u010dinkom.<br \/>\n<strong>Technol\u00f3gia viacvrstvov\u00fdch lipoz\u00f3mov<\/strong>\u00a0&#8211; dod\u00e1va akt\u00edvne zlo\u017eky hlboko do poko\u017eky pre maxim\u00e1lne vstreb\u00e1vanie a \u00fa\u010dinok.<\/p>\n<p><strong>Odpor\u00fa\u010dan\u00e9:<\/strong><\/p>\n<p>Tie\u017e pre regener\u00e1ciu po laserovom o\u0161etren\u00ed alebo peelingu<br \/>\nMo\u017eno pou\u017ei\u0165 aj po o\u0161etren\u00ed mikroihli\u010dkami (MTS)<br \/>\nPre v\u00fd\u017eivu matnej, starn\u00facej pleti<br \/>\nNa redukciu straty elasticity a vr\u00e1sok<br \/>\nNa obnovu po\u0161kodenej alebo citlivej pleti<\/p>\n<p>Balenie: 140 ml<\/p>\n","protected":false},"excerpt":{"rendered":"<p>Pr\u00e9miov\u00e1 k\u00f3rejsk\u00e1 starostlivos\u0165 o ple\u0165, ktor\u00e1\u00a0podporuje regener\u00e1ciu pleti\u00a0pomocou rastlinn\u00fdch kme\u0148ov\u00fdch buniek (CALLUS), Peption 5 (botox bez ihiel), EGF, adenoz\u00ednu a<\/p>\n","protected":false},"featured_media":49262,"comment_status":"closed","ping_status":"closed","template":"","meta":{"jetpack_publicize_message":"","jetpack_publicize_feature_enabled":true,"jetpack_social_post_already_shared":true,"jetpack_social_options":{"image_generator_settings":{"template":"highway","enabled":false},"version":2}},"product_brand":[],"product_cat":[1864,1865,1867],"product_tag":[],"class_list":{"0":"post-49261","1":"product","2":"type-product","3":"status-publish","4":"has-post-thumbnail","6":"product_cat-dekorativna-kozmetika","7":"product_cat-denny-krem","8":"product_cat-masky-a-sera","10":"","11":"instock","12":"taxable","13":"shipping-taxable","14":"purchasable","15":"product-type-simple"},"jetpack_publicize_connections":[],"yoast_head":"<!-- This site is optimized with the Yoast SEO plugin v25.6 - https:\/\/yoast.com\/wordpress\/plugins\/seo\/ -->\n<title>K\u00f3rejsk\u00e1 kozmetika ECLADO Regenera\u010dn\u00fd kr\u00e9m\/s\u00e9rum Cell Magic Skin Lotion 140 ml - ETAKO e-shop<\/title>\n<meta name=\"robots\" content=\"index, follow, max-snippet:-1, max-image-preview:large, max-video-preview:-1\" \/>\n<link rel=\"canonical\" href=\"https:\/\/etako.sk\/eshop\/produkt\/korejska-kozmetika-eclado-regeneracny-krem-serum-cell-magic-skin-lotion-140-ml\/\" \/>\n<meta name=\"twitter:card\" content=\"summary_large_image\" \/>\n<meta name=\"twitter:title\" content=\"K\u00f3rejsk\u00e1 kozmetika ECLADO Regenera\u010dn\u00fd kr\u00e9m\/s\u00e9rum Cell Magic Skin Lotion 140 ml - ETAKO e-shop\" \/>\n<meta name=\"twitter:description\" content=\"Pr\u00e9miov\u00e1 k\u00f3rejsk\u00e1 starostlivos\u0165 o ple\u0165, ktor\u00e1\u00a0podporuje regener\u00e1ciu pleti\u00a0pomocou rastlinn\u00fdch kme\u0148ov\u00fdch buniek (CALLUS), Peption 5 (botox bez ihiel), EGF, adenoz\u00ednu a\" \/>\n<meta name=\"twitter:image\" content=\"https:\/\/i0.wp.com\/etako.sk\/eshop\/wp-content\/uploads\/2026\/03\/ECLADO_Cell_Magic_Skin_Lotion_140ml_fast_c75fc7.png?fit=630%2C630&ssl=1\" \/>\n<meta name=\"twitter:label1\" content=\"Predpokladan\u00fd \u010das \u010d\u00edtania\" \/>\n\t<meta name=\"twitter:data1\" content=\"2 min\u00faty\" \/>\n<script type=\"application\/ld+json\" class=\"yoast-schema-graph\">{\"@context\":\"https:\/\/schema.org\",\"@graph\":[{\"@type\":\"WebPage\",\"@id\":\"https:\/\/etako.sk\/eshop\/produkt\/korejska-kozmetika-eclado-regeneracny-krem-serum-cell-magic-skin-lotion-140-ml\/\",\"url\":\"https:\/\/etako.sk\/eshop\/produkt\/korejska-kozmetika-eclado-regeneracny-krem-serum-cell-magic-skin-lotion-140-ml\/\",\"name\":\"K\u00f3rejsk\u00e1 kozmetika ECLADO Regenera\u010dn\u00fd kr\u00e9m\/s\u00e9rum Cell Magic Skin Lotion 140 ml - ETAKO e-shop\",\"isPartOf\":{\"@id\":\"https:\/\/etako.sk\/eshop\/#website\"},\"primaryImageOfPage\":{\"@id\":\"https:\/\/etako.sk\/eshop\/produkt\/korejska-kozmetika-eclado-regeneracny-krem-serum-cell-magic-skin-lotion-140-ml\/#primaryimage\"},\"image\":{\"@id\":\"https:\/\/etako.sk\/eshop\/produkt\/korejska-kozmetika-eclado-regeneracny-krem-serum-cell-magic-skin-lotion-140-ml\/#primaryimage\"},\"thumbnailUrl\":\"https:\/\/i0.wp.com\/etako.sk\/eshop\/wp-content\/uploads\/2026\/03\/ECLADO_Cell_Magic_Skin_Lotion_140ml_fast_c75fc7.png?fit=630%2C630&ssl=1\",\"datePublished\":\"2026-03-31T07:41:14+00:00\",\"dateModified\":\"2026-03-31T07:42:58+00:00\",\"breadcrumb\":{\"@id\":\"https:\/\/etako.sk\/eshop\/produkt\/korejska-kozmetika-eclado-regeneracny-krem-serum-cell-magic-skin-lotion-140-ml\/#breadcrumb\"},\"inLanguage\":\"sk-SK\",\"potentialAction\":[{\"@type\":\"ReadAction\",\"target\":[\"https:\/\/etako.sk\/eshop\/produkt\/korejska-kozmetika-eclado-regeneracny-krem-serum-cell-magic-skin-lotion-140-ml\/\"]}]},{\"@type\":\"ImageObject\",\"inLanguage\":\"sk-SK\",\"@id\":\"https:\/\/etako.sk\/eshop\/produkt\/korejska-kozmetika-eclado-regeneracny-krem-serum-cell-magic-skin-lotion-140-ml\/#primaryimage\",\"url\":\"https:\/\/i0.wp.com\/etako.sk\/eshop\/wp-content\/uploads\/2026\/03\/ECLADO_Cell_Magic_Skin_Lotion_140ml_fast_c75fc7.png?fit=630%2C630&ssl=1\",\"contentUrl\":\"https:\/\/i0.wp.com\/etako.sk\/eshop\/wp-content\/uploads\/2026\/03\/ECLADO_Cell_Magic_Skin_Lotion_140ml_fast_c75fc7.png?fit=630%2C630&ssl=1\",\"width\":630,\"height\":630},{\"@type\":\"BreadcrumbList\",\"@id\":\"https:\/\/etako.sk\/eshop\/produkt\/korejska-kozmetika-eclado-regeneracny-krem-serum-cell-magic-skin-lotion-140-ml\/#breadcrumb\",\"itemListElement\":[{\"@type\":\"ListItem\",\"position\":1,\"name\":\"Domovsk\u00e1 str\u00e1nka\",\"item\":\"https:\/\/etako.sk\/eshop\/\"},{\"@type\":\"ListItem\",\"position\":2,\"name\":\"Obchod\",\"item\":\"https:\/\/etako.sk\/eshop\/shop\/\"},{\"@type\":\"ListItem\",\"position\":3,\"name\":\"K\u00f3rejsk\u00e1 kozmetika ECLADO Regenera\u010dn\u00fd kr\u00e9m\/s\u00e9rum Cell Magic Skin Lotion 140 ml\"}]},{\"@type\":\"WebSite\",\"@id\":\"https:\/\/etako.sk\/eshop\/#website\",\"url\":\"https:\/\/etako.sk\/eshop\/\",\"name\":\"ETAKO e-shop\",\"description\":\"Etako\",\"potentialAction\":[{\"@type\":\"SearchAction\",\"target\":{\"@type\":\"EntryPoint\",\"urlTemplate\":\"https:\/\/etako.sk\/eshop\/?s={search_term_string}\"},\"query-input\":{\"@type\":\"PropertyValueSpecification\",\"valueRequired\":true,\"valueName\":\"search_term_string\"}}],\"inLanguage\":\"sk-SK\"}]}<\/script>\n<!-- \/ Yoast SEO plugin. -->","yoast_head_json":{"title":"K\u00f3rejsk\u00e1 kozmetika ECLADO Regenera\u010dn\u00fd kr\u00e9m\/s\u00e9rum Cell Magic Skin Lotion 140 ml - ETAKO e-shop","robots":{"index":"index","follow":"follow","max-snippet":"max-snippet:-1","max-image-preview":"max-image-preview:large","max-video-preview":"max-video-preview:-1"},"canonical":"https:\/\/etako.sk\/eshop\/produkt\/korejska-kozmetika-eclado-regeneracny-krem-serum-cell-magic-skin-lotion-140-ml\/","twitter_card":"summary_large_image","twitter_title":"K\u00f3rejsk\u00e1 kozmetika ECLADO Regenera\u010dn\u00fd kr\u00e9m\/s\u00e9rum Cell Magic Skin Lotion 140 ml - ETAKO e-shop","twitter_description":"Pr\u00e9miov\u00e1 k\u00f3rejsk\u00e1 starostlivos\u0165 o ple\u0165, ktor\u00e1\u00a0podporuje regener\u00e1ciu pleti\u00a0pomocou rastlinn\u00fdch kme\u0148ov\u00fdch buniek (CALLUS), Peption 5 (botox bez ihiel), EGF, adenoz\u00ednu a","twitter_image":"https:\/\/i0.wp.com\/etako.sk\/eshop\/wp-content\/uploads\/2026\/03\/ECLADO_Cell_Magic_Skin_Lotion_140ml_fast_c75fc7.png?fit=630%2C630&ssl=1","twitter_misc":{"Predpokladan\u00fd \u010das \u010d\u00edtania":"2 min\u00faty"},"schema":{"@context":"https:\/\/schema.org","@graph":[{"@type":"WebPage","@id":"https:\/\/etako.sk\/eshop\/produkt\/korejska-kozmetika-eclado-regeneracny-krem-serum-cell-magic-skin-lotion-140-ml\/","url":"https:\/\/etako.sk\/eshop\/produkt\/korejska-kozmetika-eclado-regeneracny-krem-serum-cell-magic-skin-lotion-140-ml\/","name":"K\u00f3rejsk\u00e1 kozmetika ECLADO Regenera\u010dn\u00fd kr\u00e9m\/s\u00e9rum Cell Magic Skin Lotion 140 ml - ETAKO e-shop","isPartOf":{"@id":"https:\/\/etako.sk\/eshop\/#website"},"primaryImageOfPage":{"@id":"https:\/\/etako.sk\/eshop\/produkt\/korejska-kozmetika-eclado-regeneracny-krem-serum-cell-magic-skin-lotion-140-ml\/#primaryimage"},"image":{"@id":"https:\/\/etako.sk\/eshop\/produkt\/korejska-kozmetika-eclado-regeneracny-krem-serum-cell-magic-skin-lotion-140-ml\/#primaryimage"},"thumbnailUrl":"https:\/\/i0.wp.com\/etako.sk\/eshop\/wp-content\/uploads\/2026\/03\/ECLADO_Cell_Magic_Skin_Lotion_140ml_fast_c75fc7.png?fit=630%2C630&ssl=1","datePublished":"2026-03-31T07:41:14+00:00","dateModified":"2026-03-31T07:42:58+00:00","breadcrumb":{"@id":"https:\/\/etako.sk\/eshop\/produkt\/korejska-kozmetika-eclado-regeneracny-krem-serum-cell-magic-skin-lotion-140-ml\/#breadcrumb"},"inLanguage":"sk-SK","potentialAction":[{"@type":"ReadAction","target":["https:\/\/etako.sk\/eshop\/produkt\/korejska-kozmetika-eclado-regeneracny-krem-serum-cell-magic-skin-lotion-140-ml\/"]}]},{"@type":"ImageObject","inLanguage":"sk-SK","@id":"https:\/\/etako.sk\/eshop\/produkt\/korejska-kozmetika-eclado-regeneracny-krem-serum-cell-magic-skin-lotion-140-ml\/#primaryimage","url":"https:\/\/i0.wp.com\/etako.sk\/eshop\/wp-content\/uploads\/2026\/03\/ECLADO_Cell_Magic_Skin_Lotion_140ml_fast_c75fc7.png?fit=630%2C630&ssl=1","contentUrl":"https:\/\/i0.wp.com\/etako.sk\/eshop\/wp-content\/uploads\/2026\/03\/ECLADO_Cell_Magic_Skin_Lotion_140ml_fast_c75fc7.png?fit=630%2C630&ssl=1","width":630,"height":630},{"@type":"BreadcrumbList","@id":"https:\/\/etako.sk\/eshop\/produkt\/korejska-kozmetika-eclado-regeneracny-krem-serum-cell-magic-skin-lotion-140-ml\/#breadcrumb","itemListElement":[{"@type":"ListItem","position":1,"name":"Domovsk\u00e1 str\u00e1nka","item":"https:\/\/etako.sk\/eshop\/"},{"@type":"ListItem","position":2,"name":"Obchod","item":"https:\/\/etako.sk\/eshop\/shop\/"},{"@type":"ListItem","position":3,"name":"K\u00f3rejsk\u00e1 kozmetika ECLADO Regenera\u010dn\u00fd kr\u00e9m\/s\u00e9rum Cell Magic Skin Lotion 140 ml"}]},{"@type":"WebSite","@id":"https:\/\/etako.sk\/eshop\/#website","url":"https:\/\/etako.sk\/eshop\/","name":"ETAKO e-shop","description":"Etako","potentialAction":[{"@type":"SearchAction","target":{"@type":"EntryPoint","urlTemplate":"https:\/\/etako.sk\/eshop\/?s={search_term_string}"},"query-input":{"@type":"PropertyValueSpecification","valueRequired":true,"valueName":"search_term_string"}}],"inLanguage":"sk-SK"}]}},"jetpack_sharing_enabled":true,"_links":{"self":[{"href":"https:\/\/etako.sk\/eshop\/wp-json\/wp\/v2\/product\/49261","targetHints":{"allow":["GET"]}}],"collection":[{"href":"https:\/\/etako.sk\/eshop\/wp-json\/wp\/v2\/product"}],"about":[{"href":"https:\/\/etako.sk\/eshop\/wp-json\/wp\/v2\/types\/product"}],"replies":[{"embeddable":true,"href":"https:\/\/etako.sk\/eshop\/wp-json\/wp\/v2\/comments?post=49261"}],"version-history":[{"count":1,"href":"https:\/\/etako.sk\/eshop\/wp-json\/wp\/v2\/product\/49261\/revisions"}],"predecessor-version":[{"id":49264,"href":"https:\/\/etako.sk\/eshop\/wp-json\/wp\/v2\/product\/49261\/revisions\/49264"}],"wp:featuredmedia":[{"embeddable":true,"href":"https:\/\/etako.sk\/eshop\/wp-json\/wp\/v2\/media\/49262"}],"wp:attachment":[{"href":"https:\/\/etako.sk\/eshop\/wp-json\/wp\/v2\/media?parent=49261"}],"wp:term":[{"taxonomy":"product_brand","embeddable":true,"href":"https:\/\/etako.sk\/eshop\/wp-json\/wp\/v2\/product_brand?post=49261"},{"taxonomy":"product_cat","embeddable":true,"href":"https:\/\/etako.sk\/eshop\/wp-json\/wp\/v2\/product_cat?post=49261"},{"taxonomy":"product_tag","embeddable":true,"href":"https:\/\/etako.sk\/eshop\/wp-json\/wp\/v2\/product_tag?post=49261"}],"curies":[{"name":"wp","href":"https:\/\/api.w.org\/{rel}","templated":true}]}}