{"id":49258,"date":"2026-03-31T09:35:35","date_gmt":"2026-03-31T07:35:35","guid":{"rendered":"https:\/\/etako.sk\/eshop\/?post_type=product&#038;p=49258"},"modified":"2026-03-31T09:36:35","modified_gmt":"2026-03-31T07:36:35","slug":"korejska-kozmetika-krx-mela-defense-serum-na-pigmentacie-30g","status":"publish","type":"product","link":"https:\/\/etako.sk\/eshop\/produkt\/korejska-kozmetika-krx-mela-defense-serum-na-pigmentacie-30g\/","title":{"rendered":"K\u00f3rejsk\u00e1 kozmetika KRX Mela Defense s\u00e9rum na pigment\u00e1cie 30g"},"content":{"rendered":"<p>Intenz\u00edvne depigmenta\u010dn\u00e9 s\u00e9rum na tv\u00e1r s 5 % kyseliny tranexamovej a 3 % patentovan\u00fdch zlo\u017eiek RiFerm-NPG.<\/p>\n<p>Najmodernej\u0161ia technol\u00f3gia a starostlivo vybran\u00e9 zlo\u017eky Hanbang (tradi\u010dn\u00e1 k\u00f3rejsk\u00e1 medic\u00edna) \u00fa\u010dinne bojuj\u00fa proti probl\u00e9mom s pigment\u00e1ciou.<\/p>\n<p>V\u010faka cielen\u00fdm akt\u00edvnym zlo\u017ek\u00e1m reguluj\u00facim melan\u00edn a patentovan\u00e9mu zlo\u017eeniu RiFerm-NPG redukuje vidite\u013en\u00e9 zn\u00e1mky pigmentov\u00fdch \u0161kv\u0155n sp\u00f4soben\u00fdch UV \u017eiaren\u00edm, v\u00fdskyt stareck\u00fdch \u0161kv\u0155n, melazmy (pe\u010de\u0148ov\u00fdch \u0161kv\u0155n) a \u0161kv\u0155n po akn\u00e9 (PIH).<\/p>\n<p>V\u010faka svojmu zlo\u017eeniu sa m\u00f4\u017ee pou\u017e\u00edva\u0165 denne v zime aj v lete.<\/p>\n<p>&nbsp;<\/p>\n<p><strong>Akt\u00edvne zlo\u017eky:\u00a0<\/strong><\/p>\n<p><strong>RiFerm NPG\u2122<\/strong>\u00a0je vyroben\u00fd z fermentovanej ry\u017eovej vody a je certifikovan\u00fd ako organick\u00fd pod\u013ea COSMOS \u0161tandardov. Klinick\u00e9 \u0161t\u00fadie preuk\u00e1zali, \u017ee ry\u017eov\u00fd ferment v RiFerm NPG\u2122 poskytuje v\u00fdznamn\u00fa antioxida\u010dn\u00fa ochranu a omladzuj\u00face \u00fa\u010dinky. V K\u00f3rei z\u00edskal tento produkt nieko\u013eko ocenen\u00ed za svoje inovat\u00edvne zlo\u017eenie Hanbang.<\/p>\n<p>&nbsp;<\/p>\n<p><strong>Kyselina tranexamov\u00e1<\/strong>\u00a0podporuje opravu po\u0161koden\u00fdch buniek a p\u00f4sob\u00ed ako \u00fa\u010dinn\u00fd inhib\u00edtor tyrozin\u00e1zy. Tyrozin\u00e1za hr\u00e1 k\u013e\u00fa\u010dov\u00fa \u00falohu pri synt\u00e9ze melan\u00ednu; jej inhib\u00edciou sa reguluje produkcia melan\u00ednu, \u010d\u00edm sa \u00fa\u010dinne bojuje proti hyperpigment\u00e1cii a nerovnomern\u00e9mu t\u00f3nu pleti.<br \/>\n<strong>Pre koho je s\u00e9rum\u00a0 ur\u010den\u00fd?<\/strong><\/p>\n<p>Pre ka\u017ed\u00e9ho, kto m\u00e1 probl\u00e9my s pigment\u00e1ciou. Produkt je mo\u017en\u00e9 pou\u017ei\u0165 aj po peelingu Green Sea, Lazer peelingu a Mela Pro Spot peelingu.<\/p>\n<p><strong>Aplik\u00e1cia:<\/strong>\u00a0Naneste mal\u00e9 mno\u017estvo tenkou vrstvou na vy\u010disten\u00fa tv\u00e1r a krk r\u00e1no a ve\u010der a potom naneste kr\u00e9m na tv\u00e1r Mela Defense.<\/p>\n<p>Nepou\u017e\u00edvajte v pr\u00edpade alergie na ara\u0161idy alebo orechy.<\/p>\n<p>&nbsp;<\/p>\n<p>Balenie: 30 g<\/p>\n<p>&nbsp;<\/p>\n<p>Zlo\u017eenie:\u00a0Water, Glycerin, Tranexamic Acid, Propanediol, Niacinamide, Butylene Glycol, Propylene Glycol Dibenzoate, Glycereth26, 1,2- Hexanediol, Panthenol, Ethylhexyl Palmitate, PEG-60 Hydrogenated Castor Oil, Bisabolol, Polyacrylate Cross-polymer-6, Polyacrylate-13, Polyisobutene, Ethylhexylglycerin, Punica Granatum Fruit Extract, Polyquaternium-51, Morus Alba Fruit Extract, Ginkgo Biloba Nut Extract, Ficus Carica (Fig) Fruit Extract, Disodium EDTA, Polysorbate 20, Sorbitan Isostearate, Tocopherol, Saccharomyces\/Panax Ginseng Flower Ferment Extract, Hexylresorcinol, t-Butyl Alcohol, Lycopodium Clavatum Extract, Equisetum Arvense Extract, Cynanchum Atratum Extract, Vitis Vinifera (Grape) Fruit Extract, Pyrus Malus (Apple) Fruit Extract, Prunus Mume Fruit Extract, Carica Papaya (Papaya) Fruit Extract, Hydroxypropyl Cyclodextrin, Glutathione<\/p>\n<p>&nbsp;<\/p>\n<p>&nbsp;<\/p>\n","protected":false},"excerpt":{"rendered":"<p>Intenz\u00edvne depigmenta\u010dn\u00e9 s\u00e9rum na tv\u00e1r s 5 % kyseliny tranexamovej a 3 % patentovan\u00fdch zlo\u017eiek RiFerm-NPG. Najmodernej\u0161ia technol\u00f3gia a starostlivo<\/p>\n","protected":false},"featured_media":49259,"comment_status":"closed","ping_status":"closed","template":"","meta":{"jetpack_publicize_message":"","jetpack_publicize_feature_enabled":true,"jetpack_social_post_already_shared":true,"jetpack_social_options":{"image_generator_settings":{"template":"highway","enabled":false},"version":2}},"product_brand":[],"product_cat":[1867],"product_tag":[],"class_list":{"0":"post-49258","1":"product","2":"type-product","3":"status-publish","4":"has-post-thumbnail","6":"product_cat-masky-a-sera","7":"product_shipping_class-standard","9":"","10":"instock","11":"taxable","12":"shipping-taxable","13":"purchasable","14":"product-type-simple"},"jetpack_publicize_connections":[],"yoast_head":"<!-- This site is optimized with the Yoast SEO plugin v25.6 - https:\/\/yoast.com\/wordpress\/plugins\/seo\/ -->\n<title>K\u00f3rejsk\u00e1 kozmetika KRX Mela Defense s\u00e9rum na pigment\u00e1cie 30g - ETAKO e-shop<\/title>\n<meta name=\"robots\" content=\"index, follow, max-snippet:-1, max-image-preview:large, max-video-preview:-1\" \/>\n<link rel=\"canonical\" href=\"https:\/\/etako.sk\/eshop\/produkt\/korejska-kozmetika-krx-mela-defense-serum-na-pigmentacie-30g\/\" \/>\n<meta name=\"twitter:card\" content=\"summary_large_image\" \/>\n<meta name=\"twitter:title\" content=\"K\u00f3rejsk\u00e1 kozmetika KRX Mela Defense s\u00e9rum na pigment\u00e1cie 30g - ETAKO e-shop\" \/>\n<meta name=\"twitter:description\" content=\"Intenz\u00edvne depigmenta\u010dn\u00e9 s\u00e9rum na tv\u00e1r s 5 % kyseliny tranexamovej a 3 % patentovan\u00fdch zlo\u017eiek RiFerm-NPG. Najmodernej\u0161ia technol\u00f3gia a starostlivo\" \/>\n<meta name=\"twitter:image\" content=\"https:\/\/i0.wp.com\/etako.sk\/eshop\/wp-content\/uploads\/2026\/03\/KRX_Mela_Defense_serum_na_pigmentacie_fast_3a558e.webp?fit=630%2C630&ssl=1\" \/>\n<meta name=\"twitter:label1\" content=\"Predpokladan\u00fd \u010das \u010d\u00edtania\" \/>\n\t<meta name=\"twitter:data1\" content=\"2 min\u00faty\" \/>\n<script type=\"application\/ld+json\" class=\"yoast-schema-graph\">{\"@context\":\"https:\/\/schema.org\",\"@graph\":[{\"@type\":\"WebPage\",\"@id\":\"https:\/\/etako.sk\/eshop\/produkt\/korejska-kozmetika-krx-mela-defense-serum-na-pigmentacie-30g\/\",\"url\":\"https:\/\/etako.sk\/eshop\/produkt\/korejska-kozmetika-krx-mela-defense-serum-na-pigmentacie-30g\/\",\"name\":\"K\u00f3rejsk\u00e1 kozmetika KRX Mela Defense s\u00e9rum na pigment\u00e1cie 30g - ETAKO e-shop\",\"isPartOf\":{\"@id\":\"https:\/\/etako.sk\/eshop\/#website\"},\"primaryImageOfPage\":{\"@id\":\"https:\/\/etako.sk\/eshop\/produkt\/korejska-kozmetika-krx-mela-defense-serum-na-pigmentacie-30g\/#primaryimage\"},\"image\":{\"@id\":\"https:\/\/etako.sk\/eshop\/produkt\/korejska-kozmetika-krx-mela-defense-serum-na-pigmentacie-30g\/#primaryimage\"},\"thumbnailUrl\":\"https:\/\/i0.wp.com\/etako.sk\/eshop\/wp-content\/uploads\/2026\/03\/KRX_Mela_Defense_serum_na_pigmentacie_fast_3a558e.webp?fit=630%2C630&ssl=1\",\"datePublished\":\"2026-03-31T07:35:35+00:00\",\"dateModified\":\"2026-03-31T07:36:35+00:00\",\"breadcrumb\":{\"@id\":\"https:\/\/etako.sk\/eshop\/produkt\/korejska-kozmetika-krx-mela-defense-serum-na-pigmentacie-30g\/#breadcrumb\"},\"inLanguage\":\"sk-SK\",\"potentialAction\":[{\"@type\":\"ReadAction\",\"target\":[\"https:\/\/etako.sk\/eshop\/produkt\/korejska-kozmetika-krx-mela-defense-serum-na-pigmentacie-30g\/\"]}]},{\"@type\":\"ImageObject\",\"inLanguage\":\"sk-SK\",\"@id\":\"https:\/\/etako.sk\/eshop\/produkt\/korejska-kozmetika-krx-mela-defense-serum-na-pigmentacie-30g\/#primaryimage\",\"url\":\"https:\/\/i0.wp.com\/etako.sk\/eshop\/wp-content\/uploads\/2026\/03\/KRX_Mela_Defense_serum_na_pigmentacie_fast_3a558e.webp?fit=630%2C630&ssl=1\",\"contentUrl\":\"https:\/\/i0.wp.com\/etako.sk\/eshop\/wp-content\/uploads\/2026\/03\/KRX_Mela_Defense_serum_na_pigmentacie_fast_3a558e.webp?fit=630%2C630&ssl=1\",\"width\":630,\"height\":630},{\"@type\":\"BreadcrumbList\",\"@id\":\"https:\/\/etako.sk\/eshop\/produkt\/korejska-kozmetika-krx-mela-defense-serum-na-pigmentacie-30g\/#breadcrumb\",\"itemListElement\":[{\"@type\":\"ListItem\",\"position\":1,\"name\":\"Domovsk\u00e1 str\u00e1nka\",\"item\":\"https:\/\/etako.sk\/eshop\/\"},{\"@type\":\"ListItem\",\"position\":2,\"name\":\"Obchod\",\"item\":\"https:\/\/etako.sk\/eshop\/shop\/\"},{\"@type\":\"ListItem\",\"position\":3,\"name\":\"K\u00f3rejsk\u00e1 kozmetika KRX Mela Defense s\u00e9rum na pigment\u00e1cie 30g\"}]},{\"@type\":\"WebSite\",\"@id\":\"https:\/\/etako.sk\/eshop\/#website\",\"url\":\"https:\/\/etako.sk\/eshop\/\",\"name\":\"ETAKO e-shop\",\"description\":\"Etako\",\"potentialAction\":[{\"@type\":\"SearchAction\",\"target\":{\"@type\":\"EntryPoint\",\"urlTemplate\":\"https:\/\/etako.sk\/eshop\/?s={search_term_string}\"},\"query-input\":{\"@type\":\"PropertyValueSpecification\",\"valueRequired\":true,\"valueName\":\"search_term_string\"}}],\"inLanguage\":\"sk-SK\"}]}<\/script>\n<!-- \/ Yoast SEO plugin. -->","yoast_head_json":{"title":"K\u00f3rejsk\u00e1 kozmetika KRX Mela Defense s\u00e9rum na pigment\u00e1cie 30g - ETAKO e-shop","robots":{"index":"index","follow":"follow","max-snippet":"max-snippet:-1","max-image-preview":"max-image-preview:large","max-video-preview":"max-video-preview:-1"},"canonical":"https:\/\/etako.sk\/eshop\/produkt\/korejska-kozmetika-krx-mela-defense-serum-na-pigmentacie-30g\/","twitter_card":"summary_large_image","twitter_title":"K\u00f3rejsk\u00e1 kozmetika KRX Mela Defense s\u00e9rum na pigment\u00e1cie 30g - ETAKO e-shop","twitter_description":"Intenz\u00edvne depigmenta\u010dn\u00e9 s\u00e9rum na tv\u00e1r s 5 % kyseliny tranexamovej a 3 % patentovan\u00fdch zlo\u017eiek RiFerm-NPG. Najmodernej\u0161ia technol\u00f3gia a starostlivo","twitter_image":"https:\/\/i0.wp.com\/etako.sk\/eshop\/wp-content\/uploads\/2026\/03\/KRX_Mela_Defense_serum_na_pigmentacie_fast_3a558e.webp?fit=630%2C630&ssl=1","twitter_misc":{"Predpokladan\u00fd \u010das \u010d\u00edtania":"2 min\u00faty"},"schema":{"@context":"https:\/\/schema.org","@graph":[{"@type":"WebPage","@id":"https:\/\/etako.sk\/eshop\/produkt\/korejska-kozmetika-krx-mela-defense-serum-na-pigmentacie-30g\/","url":"https:\/\/etako.sk\/eshop\/produkt\/korejska-kozmetika-krx-mela-defense-serum-na-pigmentacie-30g\/","name":"K\u00f3rejsk\u00e1 kozmetika KRX Mela Defense s\u00e9rum na pigment\u00e1cie 30g - ETAKO e-shop","isPartOf":{"@id":"https:\/\/etako.sk\/eshop\/#website"},"primaryImageOfPage":{"@id":"https:\/\/etako.sk\/eshop\/produkt\/korejska-kozmetika-krx-mela-defense-serum-na-pigmentacie-30g\/#primaryimage"},"image":{"@id":"https:\/\/etako.sk\/eshop\/produkt\/korejska-kozmetika-krx-mela-defense-serum-na-pigmentacie-30g\/#primaryimage"},"thumbnailUrl":"https:\/\/i0.wp.com\/etako.sk\/eshop\/wp-content\/uploads\/2026\/03\/KRX_Mela_Defense_serum_na_pigmentacie_fast_3a558e.webp?fit=630%2C630&ssl=1","datePublished":"2026-03-31T07:35:35+00:00","dateModified":"2026-03-31T07:36:35+00:00","breadcrumb":{"@id":"https:\/\/etako.sk\/eshop\/produkt\/korejska-kozmetika-krx-mela-defense-serum-na-pigmentacie-30g\/#breadcrumb"},"inLanguage":"sk-SK","potentialAction":[{"@type":"ReadAction","target":["https:\/\/etako.sk\/eshop\/produkt\/korejska-kozmetika-krx-mela-defense-serum-na-pigmentacie-30g\/"]}]},{"@type":"ImageObject","inLanguage":"sk-SK","@id":"https:\/\/etako.sk\/eshop\/produkt\/korejska-kozmetika-krx-mela-defense-serum-na-pigmentacie-30g\/#primaryimage","url":"https:\/\/i0.wp.com\/etako.sk\/eshop\/wp-content\/uploads\/2026\/03\/KRX_Mela_Defense_serum_na_pigmentacie_fast_3a558e.webp?fit=630%2C630&ssl=1","contentUrl":"https:\/\/i0.wp.com\/etako.sk\/eshop\/wp-content\/uploads\/2026\/03\/KRX_Mela_Defense_serum_na_pigmentacie_fast_3a558e.webp?fit=630%2C630&ssl=1","width":630,"height":630},{"@type":"BreadcrumbList","@id":"https:\/\/etako.sk\/eshop\/produkt\/korejska-kozmetika-krx-mela-defense-serum-na-pigmentacie-30g\/#breadcrumb","itemListElement":[{"@type":"ListItem","position":1,"name":"Domovsk\u00e1 str\u00e1nka","item":"https:\/\/etako.sk\/eshop\/"},{"@type":"ListItem","position":2,"name":"Obchod","item":"https:\/\/etako.sk\/eshop\/shop\/"},{"@type":"ListItem","position":3,"name":"K\u00f3rejsk\u00e1 kozmetika KRX Mela Defense s\u00e9rum na pigment\u00e1cie 30g"}]},{"@type":"WebSite","@id":"https:\/\/etako.sk\/eshop\/#website","url":"https:\/\/etako.sk\/eshop\/","name":"ETAKO e-shop","description":"Etako","potentialAction":[{"@type":"SearchAction","target":{"@type":"EntryPoint","urlTemplate":"https:\/\/etako.sk\/eshop\/?s={search_term_string}"},"query-input":{"@type":"PropertyValueSpecification","valueRequired":true,"valueName":"search_term_string"}}],"inLanguage":"sk-SK"}]}},"jetpack_sharing_enabled":true,"_links":{"self":[{"href":"https:\/\/etako.sk\/eshop\/wp-json\/wp\/v2\/product\/49258","targetHints":{"allow":["GET"]}}],"collection":[{"href":"https:\/\/etako.sk\/eshop\/wp-json\/wp\/v2\/product"}],"about":[{"href":"https:\/\/etako.sk\/eshop\/wp-json\/wp\/v2\/types\/product"}],"replies":[{"embeddable":true,"href":"https:\/\/etako.sk\/eshop\/wp-json\/wp\/v2\/comments?post=49258"}],"version-history":[{"count":1,"href":"https:\/\/etako.sk\/eshop\/wp-json\/wp\/v2\/product\/49258\/revisions"}],"predecessor-version":[{"id":49260,"href":"https:\/\/etako.sk\/eshop\/wp-json\/wp\/v2\/product\/49258\/revisions\/49260"}],"wp:featuredmedia":[{"embeddable":true,"href":"https:\/\/etako.sk\/eshop\/wp-json\/wp\/v2\/media\/49259"}],"wp:attachment":[{"href":"https:\/\/etako.sk\/eshop\/wp-json\/wp\/v2\/media?parent=49258"}],"wp:term":[{"taxonomy":"product_brand","embeddable":true,"href":"https:\/\/etako.sk\/eshop\/wp-json\/wp\/v2\/product_brand?post=49258"},{"taxonomy":"product_cat","embeddable":true,"href":"https:\/\/etako.sk\/eshop\/wp-json\/wp\/v2\/product_cat?post=49258"},{"taxonomy":"product_tag","embeddable":true,"href":"https:\/\/etako.sk\/eshop\/wp-json\/wp\/v2\/product_tag?post=49258"}],"curies":[{"name":"wp","href":"https:\/\/api.w.org\/{rel}","templated":true}]}}