{"id":49007,"date":"2026-01-02T19:32:16","date_gmt":"2026-01-02T17:32:16","guid":{"rendered":"https:\/\/etako.sk\/eshop\/?post_type=product&#038;p=49007"},"modified":"2026-02-03T20:32:02","modified_gmt":"2026-02-03T18:32:02","slug":"tricko-s-kratkym-rukavom-surprise-lol-2","status":"publish","type":"product","link":"https:\/\/etako.sk\/eshop\/produkt\/tricko-s-kratkym-rukavom-surprise-lol-2\/","title":{"rendered":"Tri\u010dko s kr\u00e1tkym ruk\u00e1vom Surprise LOL"},"content":{"rendered":"<div class=\"ef_o bha_jc bha_un bha_vz bha_vf\">\n<p>Materi\u00e1l: 100% Bavlna<\/p>\n<p>EAN: 5999192290083<br \/>\nKrajina p\u00f4vodu: Banglad\u00e9\u0161<\/p>\n<\/div>\n<div class=\"ef_q bha_a bha_r bha_j\">\n<div class=\"ef_r bha_up bha_bf bha_fi\"><\/div>\n<\/div>\n","protected":false},"excerpt":{"rendered":"<p>Materi\u00e1l: 100% Bavlna EAN: 5999192290083 Krajina p\u00f4vodu: Banglad\u00e9\u0161<\/p>\n","protected":false},"featured_media":49008,"comment_status":"closed","ping_status":"closed","template":"","meta":{"jetpack_publicize_message":"","jetpack_publicize_feature_enabled":true,"jetpack_social_post_already_shared":true,"jetpack_social_options":{"image_generator_settings":{"template":"highway","enabled":false},"version":2}},"product_brand":[],"product_cat":[147,39],"product_tag":[],"class_list":{"0":"post-49007","1":"product","2":"type-product","3":"status-publish","4":"has-post-thumbnail","6":"product_cat-dievcata-velkost-od-0-10-rokov-50-140-cm","7":"product_cat-oblecenie-v-68-3-6-mesiacov","8":"product_shipping_class-standard","9":"pa_velkost-231","10":"pa_velkost-407","12":"","13":"instock","14":"taxable","15":"shipping-taxable","16":"purchasable","17":"product-type-variable"},"jetpack_publicize_connections":[],"yoast_head":"<!-- This site is optimized with the Yoast SEO plugin v25.6 - https:\/\/yoast.com\/wordpress\/plugins\/seo\/ -->\n<title>Tri\u010dko s kr\u00e1tkym ruk\u00e1vom Surprise LOL - ETAKO e-shop<\/title>\n<meta name=\"robots\" content=\"index, follow, max-snippet:-1, max-image-preview:large, max-video-preview:-1\" \/>\n<link rel=\"canonical\" href=\"https:\/\/etako.sk\/eshop\/produkt\/tricko-s-kratkym-rukavom-surprise-lol-2\/\" \/>\n<meta name=\"twitter:card\" content=\"summary_large_image\" \/>\n<meta name=\"twitter:title\" content=\"Tri\u010dko s kr\u00e1tkym ruk\u00e1vom Surprise LOL - ETAKO e-shop\" \/>\n<meta name=\"twitter:description\" content=\"Materi\u00e1l: 100% Bavlna EAN: 5999192290083 Krajina p\u00f4vodu: Banglad\u00e9\u0161\" \/>\n<meta name=\"twitter:image\" content=\"https:\/\/i0.wp.com\/etako.sk\/eshop\/wp-content\/uploads\/2026\/01\/gXQqd6Yo9PC_s460xn.jpg?fit=316%2C450&ssl=1\" \/>\n<meta name=\"twitter:label1\" content=\"Predpokladan\u00fd \u010das \u010d\u00edtania\" \/>\n\t<meta name=\"twitter:data1\" content=\"1 min\u00fata\" \/>\n<script type=\"application\/ld+json\" class=\"yoast-schema-graph\">{\"@context\":\"https:\/\/schema.org\",\"@graph\":[{\"@type\":\"WebPage\",\"@id\":\"https:\/\/etako.sk\/eshop\/produkt\/tricko-s-kratkym-rukavom-surprise-lol-2\/\",\"url\":\"https:\/\/etako.sk\/eshop\/produkt\/tricko-s-kratkym-rukavom-surprise-lol-2\/\",\"name\":\"Tri\u010dko s kr\u00e1tkym ruk\u00e1vom Surprise LOL - ETAKO e-shop\",\"isPartOf\":{\"@id\":\"https:\/\/etako.sk\/eshop\/#website\"},\"primaryImageOfPage\":{\"@id\":\"https:\/\/etako.sk\/eshop\/produkt\/tricko-s-kratkym-rukavom-surprise-lol-2\/#primaryimage\"},\"image\":{\"@id\":\"https:\/\/etako.sk\/eshop\/produkt\/tricko-s-kratkym-rukavom-surprise-lol-2\/#primaryimage\"},\"thumbnailUrl\":\"https:\/\/i0.wp.com\/etako.sk\/eshop\/wp-content\/uploads\/2026\/01\/gXQqd6Yo9PC_s460xn.jpg?fit=316%2C450&ssl=1\",\"datePublished\":\"2026-01-02T17:32:16+00:00\",\"dateModified\":\"2026-02-03T18:32:02+00:00\",\"breadcrumb\":{\"@id\":\"https:\/\/etako.sk\/eshop\/produkt\/tricko-s-kratkym-rukavom-surprise-lol-2\/#breadcrumb\"},\"inLanguage\":\"sk-SK\",\"potentialAction\":[{\"@type\":\"ReadAction\",\"target\":[\"https:\/\/etako.sk\/eshop\/produkt\/tricko-s-kratkym-rukavom-surprise-lol-2\/\"]}]},{\"@type\":\"ImageObject\",\"inLanguage\":\"sk-SK\",\"@id\":\"https:\/\/etako.sk\/eshop\/produkt\/tricko-s-kratkym-rukavom-surprise-lol-2\/#primaryimage\",\"url\":\"https:\/\/i0.wp.com\/etako.sk\/eshop\/wp-content\/uploads\/2026\/01\/gXQqd6Yo9PC_s460xn.jpg?fit=316%2C450&ssl=1\",\"contentUrl\":\"https:\/\/i0.wp.com\/etako.sk\/eshop\/wp-content\/uploads\/2026\/01\/gXQqd6Yo9PC_s460xn.jpg?fit=316%2C450&ssl=1\",\"width\":316,\"height\":450},{\"@type\":\"BreadcrumbList\",\"@id\":\"https:\/\/etako.sk\/eshop\/produkt\/tricko-s-kratkym-rukavom-surprise-lol-2\/#breadcrumb\",\"itemListElement\":[{\"@type\":\"ListItem\",\"position\":1,\"name\":\"Domovsk\u00e1 str\u00e1nka\",\"item\":\"https:\/\/etako.sk\/eshop\/\"},{\"@type\":\"ListItem\",\"position\":2,\"name\":\"Obchod\",\"item\":\"https:\/\/etako.sk\/eshop\/shop\/\"},{\"@type\":\"ListItem\",\"position\":3,\"name\":\"Tri\u010dko s kr\u00e1tkym ruk\u00e1vom Surprise LOL\"}]},{\"@type\":\"WebSite\",\"@id\":\"https:\/\/etako.sk\/eshop\/#website\",\"url\":\"https:\/\/etako.sk\/eshop\/\",\"name\":\"ETAKO e-shop\",\"description\":\"Etako\",\"potentialAction\":[{\"@type\":\"SearchAction\",\"target\":{\"@type\":\"EntryPoint\",\"urlTemplate\":\"https:\/\/etako.sk\/eshop\/?s={search_term_string}\"},\"query-input\":{\"@type\":\"PropertyValueSpecification\",\"valueRequired\":true,\"valueName\":\"search_term_string\"}}],\"inLanguage\":\"sk-SK\"}]}<\/script>\n<!-- \/ Yoast SEO plugin. -->","yoast_head_json":{"title":"Tri\u010dko s kr\u00e1tkym ruk\u00e1vom Surprise LOL - ETAKO e-shop","robots":{"index":"index","follow":"follow","max-snippet":"max-snippet:-1","max-image-preview":"max-image-preview:large","max-video-preview":"max-video-preview:-1"},"canonical":"https:\/\/etako.sk\/eshop\/produkt\/tricko-s-kratkym-rukavom-surprise-lol-2\/","twitter_card":"summary_large_image","twitter_title":"Tri\u010dko s kr\u00e1tkym ruk\u00e1vom Surprise LOL - ETAKO e-shop","twitter_description":"Materi\u00e1l: 100% Bavlna EAN: 5999192290083 Krajina p\u00f4vodu: Banglad\u00e9\u0161","twitter_image":"https:\/\/i0.wp.com\/etako.sk\/eshop\/wp-content\/uploads\/2026\/01\/gXQqd6Yo9PC_s460xn.jpg?fit=316%2C450&ssl=1","twitter_misc":{"Predpokladan\u00fd \u010das \u010d\u00edtania":"1 min\u00fata"},"schema":{"@context":"https:\/\/schema.org","@graph":[{"@type":"WebPage","@id":"https:\/\/etako.sk\/eshop\/produkt\/tricko-s-kratkym-rukavom-surprise-lol-2\/","url":"https:\/\/etako.sk\/eshop\/produkt\/tricko-s-kratkym-rukavom-surprise-lol-2\/","name":"Tri\u010dko s kr\u00e1tkym ruk\u00e1vom Surprise LOL - ETAKO e-shop","isPartOf":{"@id":"https:\/\/etako.sk\/eshop\/#website"},"primaryImageOfPage":{"@id":"https:\/\/etako.sk\/eshop\/produkt\/tricko-s-kratkym-rukavom-surprise-lol-2\/#primaryimage"},"image":{"@id":"https:\/\/etako.sk\/eshop\/produkt\/tricko-s-kratkym-rukavom-surprise-lol-2\/#primaryimage"},"thumbnailUrl":"https:\/\/i0.wp.com\/etako.sk\/eshop\/wp-content\/uploads\/2026\/01\/gXQqd6Yo9PC_s460xn.jpg?fit=316%2C450&ssl=1","datePublished":"2026-01-02T17:32:16+00:00","dateModified":"2026-02-03T18:32:02+00:00","breadcrumb":{"@id":"https:\/\/etako.sk\/eshop\/produkt\/tricko-s-kratkym-rukavom-surprise-lol-2\/#breadcrumb"},"inLanguage":"sk-SK","potentialAction":[{"@type":"ReadAction","target":["https:\/\/etako.sk\/eshop\/produkt\/tricko-s-kratkym-rukavom-surprise-lol-2\/"]}]},{"@type":"ImageObject","inLanguage":"sk-SK","@id":"https:\/\/etako.sk\/eshop\/produkt\/tricko-s-kratkym-rukavom-surprise-lol-2\/#primaryimage","url":"https:\/\/i0.wp.com\/etako.sk\/eshop\/wp-content\/uploads\/2026\/01\/gXQqd6Yo9PC_s460xn.jpg?fit=316%2C450&ssl=1","contentUrl":"https:\/\/i0.wp.com\/etako.sk\/eshop\/wp-content\/uploads\/2026\/01\/gXQqd6Yo9PC_s460xn.jpg?fit=316%2C450&ssl=1","width":316,"height":450},{"@type":"BreadcrumbList","@id":"https:\/\/etako.sk\/eshop\/produkt\/tricko-s-kratkym-rukavom-surprise-lol-2\/#breadcrumb","itemListElement":[{"@type":"ListItem","position":1,"name":"Domovsk\u00e1 str\u00e1nka","item":"https:\/\/etako.sk\/eshop\/"},{"@type":"ListItem","position":2,"name":"Obchod","item":"https:\/\/etako.sk\/eshop\/shop\/"},{"@type":"ListItem","position":3,"name":"Tri\u010dko s kr\u00e1tkym ruk\u00e1vom Surprise LOL"}]},{"@type":"WebSite","@id":"https:\/\/etako.sk\/eshop\/#website","url":"https:\/\/etako.sk\/eshop\/","name":"ETAKO e-shop","description":"Etako","potentialAction":[{"@type":"SearchAction","target":{"@type":"EntryPoint","urlTemplate":"https:\/\/etako.sk\/eshop\/?s={search_term_string}"},"query-input":{"@type":"PropertyValueSpecification","valueRequired":true,"valueName":"search_term_string"}}],"inLanguage":"sk-SK"}]}},"jetpack_sharing_enabled":true,"_links":{"self":[{"href":"https:\/\/etako.sk\/eshop\/wp-json\/wp\/v2\/product\/49007","targetHints":{"allow":["GET"]}}],"collection":[{"href":"https:\/\/etako.sk\/eshop\/wp-json\/wp\/v2\/product"}],"about":[{"href":"https:\/\/etako.sk\/eshop\/wp-json\/wp\/v2\/types\/product"}],"replies":[{"embeddable":true,"href":"https:\/\/etako.sk\/eshop\/wp-json\/wp\/v2\/comments?post=49007"}],"version-history":[{"count":2,"href":"https:\/\/etako.sk\/eshop\/wp-json\/wp\/v2\/product\/49007\/revisions"}],"predecessor-version":[{"id":49065,"href":"https:\/\/etako.sk\/eshop\/wp-json\/wp\/v2\/product\/49007\/revisions\/49065"}],"wp:featuredmedia":[{"embeddable":true,"href":"https:\/\/etako.sk\/eshop\/wp-json\/wp\/v2\/media\/49008"}],"wp:attachment":[{"href":"https:\/\/etako.sk\/eshop\/wp-json\/wp\/v2\/media?parent=49007"}],"wp:term":[{"taxonomy":"product_brand","embeddable":true,"href":"https:\/\/etako.sk\/eshop\/wp-json\/wp\/v2\/product_brand?post=49007"},{"taxonomy":"product_cat","embeddable":true,"href":"https:\/\/etako.sk\/eshop\/wp-json\/wp\/v2\/product_cat?post=49007"},{"taxonomy":"product_tag","embeddable":true,"href":"https:\/\/etako.sk\/eshop\/wp-json\/wp\/v2\/product_tag?post=49007"}],"curies":[{"name":"wp","href":"https:\/\/api.w.org\/{rel}","templated":true}]}}