{"id":48997,"date":"2026-01-02T19:22:49","date_gmt":"2026-01-02T17:22:49","guid":{"rendered":"https:\/\/etako.sk\/eshop\/?post_type=product&#038;p=48997"},"modified":"2026-01-05T14:36:19","modified_gmt":"2026-01-05T12:36:19","slug":"letna-suprava-set-tielko-nohavice-scamp","status":"publish","type":"product","link":"https:\/\/etako.sk\/eshop\/produkt\/letna-suprava-set-tielko-nohavice-scamp\/","title":{"rendered":"Letn\u00e1 s\u00faprava Set tielko + nohavice Scamp"},"content":{"rendered":"<p>Materi\u00e1l: 100% bavlna<\/p>\n","protected":false},"excerpt":{"rendered":"<p>Materi\u00e1l: 100% bavlna<\/p>\n","protected":false},"featured_media":48998,"comment_status":"closed","ping_status":"closed","template":"","meta":{"jetpack_publicize_message":"","jetpack_publicize_feature_enabled":true,"jetpack_social_post_already_shared":true,"jetpack_social_options":{"image_generator_settings":{"template":"highway","enabled":false},"version":2}},"product_brand":[],"product_cat":[147,545],"product_tag":[],"class_list":{"0":"post-48997","1":"product","2":"type-product","3":"status-publish","4":"has-post-thumbnail","6":"product_cat-dievcata-velkost-od-0-10-rokov-50-140-cm","7":"product_cat-supravicky-dievcata-velkost-od-0-10-rokov-50-140-cm","8":"product_shipping_class-standard","9":"pa_velkost-223","10":"pa_velkost-226","11":"pa_velkost-395","13":"","14":"instock","15":"taxable","16":"shipping-taxable","17":"purchasable","18":"product-type-variable"},"jetpack_publicize_connections":[],"yoast_head":"<!-- This site is optimized with the Yoast SEO plugin v25.6 - https:\/\/yoast.com\/wordpress\/plugins\/seo\/ -->\n<title>Letn\u00e1 s\u00faprava Set tielko + nohavice Scamp - ETAKO e-shop<\/title>\n<meta name=\"robots\" content=\"index, follow, max-snippet:-1, max-image-preview:large, max-video-preview:-1\" \/>\n<link rel=\"canonical\" href=\"https:\/\/etako.sk\/eshop\/produkt\/letna-suprava-set-tielko-nohavice-scamp\/\" \/>\n<meta name=\"twitter:card\" content=\"summary_large_image\" \/>\n<meta name=\"twitter:title\" content=\"Letn\u00e1 s\u00faprava Set tielko + nohavice Scamp - ETAKO e-shop\" \/>\n<meta name=\"twitter:description\" content=\"Materi\u00e1l: 100% bavlna\" \/>\n<meta name=\"twitter:image\" content=\"https:\/\/i0.wp.com\/etako.sk\/eshop\/wp-content\/uploads\/2026\/01\/gSXDVRjyGm3_s460xn.jpg?fit=460%2C343&ssl=1\" \/>\n<meta name=\"twitter:label1\" content=\"Predpokladan\u00fd \u010das \u010d\u00edtania\" \/>\n\t<meta name=\"twitter:data1\" content=\"1 min\u00fata\" \/>\n<script type=\"application\/ld+json\" class=\"yoast-schema-graph\">{\"@context\":\"https:\/\/schema.org\",\"@graph\":[{\"@type\":\"WebPage\",\"@id\":\"https:\/\/etako.sk\/eshop\/produkt\/letna-suprava-set-tielko-nohavice-scamp\/\",\"url\":\"https:\/\/etako.sk\/eshop\/produkt\/letna-suprava-set-tielko-nohavice-scamp\/\",\"name\":\"Letn\u00e1 s\u00faprava Set tielko + nohavice Scamp - ETAKO e-shop\",\"isPartOf\":{\"@id\":\"https:\/\/etako.sk\/eshop\/#website\"},\"primaryImageOfPage\":{\"@id\":\"https:\/\/etako.sk\/eshop\/produkt\/letna-suprava-set-tielko-nohavice-scamp\/#primaryimage\"},\"image\":{\"@id\":\"https:\/\/etako.sk\/eshop\/produkt\/letna-suprava-set-tielko-nohavice-scamp\/#primaryimage\"},\"thumbnailUrl\":\"https:\/\/i0.wp.com\/etako.sk\/eshop\/wp-content\/uploads\/2026\/01\/gSXDVRjyGm3_s460xn.jpg?fit=460%2C343&ssl=1\",\"datePublished\":\"2026-01-02T17:22:49+00:00\",\"dateModified\":\"2026-01-05T12:36:19+00:00\",\"breadcrumb\":{\"@id\":\"https:\/\/etako.sk\/eshop\/produkt\/letna-suprava-set-tielko-nohavice-scamp\/#breadcrumb\"},\"inLanguage\":\"sk-SK\",\"potentialAction\":[{\"@type\":\"ReadAction\",\"target\":[\"https:\/\/etako.sk\/eshop\/produkt\/letna-suprava-set-tielko-nohavice-scamp\/\"]}]},{\"@type\":\"ImageObject\",\"inLanguage\":\"sk-SK\",\"@id\":\"https:\/\/etako.sk\/eshop\/produkt\/letna-suprava-set-tielko-nohavice-scamp\/#primaryimage\",\"url\":\"https:\/\/i0.wp.com\/etako.sk\/eshop\/wp-content\/uploads\/2026\/01\/gSXDVRjyGm3_s460xn.jpg?fit=460%2C343&ssl=1\",\"contentUrl\":\"https:\/\/i0.wp.com\/etako.sk\/eshop\/wp-content\/uploads\/2026\/01\/gSXDVRjyGm3_s460xn.jpg?fit=460%2C343&ssl=1\",\"width\":460,\"height\":343},{\"@type\":\"BreadcrumbList\",\"@id\":\"https:\/\/etako.sk\/eshop\/produkt\/letna-suprava-set-tielko-nohavice-scamp\/#breadcrumb\",\"itemListElement\":[{\"@type\":\"ListItem\",\"position\":1,\"name\":\"Domovsk\u00e1 str\u00e1nka\",\"item\":\"https:\/\/etako.sk\/eshop\/\"},{\"@type\":\"ListItem\",\"position\":2,\"name\":\"Obchod\",\"item\":\"https:\/\/etako.sk\/eshop\/shop\/\"},{\"@type\":\"ListItem\",\"position\":3,\"name\":\"Letn\u00e1 s\u00faprava Set tielko + nohavice Scamp\"}]},{\"@type\":\"WebSite\",\"@id\":\"https:\/\/etako.sk\/eshop\/#website\",\"url\":\"https:\/\/etako.sk\/eshop\/\",\"name\":\"ETAKO e-shop\",\"description\":\"Etako\",\"potentialAction\":[{\"@type\":\"SearchAction\",\"target\":{\"@type\":\"EntryPoint\",\"urlTemplate\":\"https:\/\/etako.sk\/eshop\/?s={search_term_string}\"},\"query-input\":{\"@type\":\"PropertyValueSpecification\",\"valueRequired\":true,\"valueName\":\"search_term_string\"}}],\"inLanguage\":\"sk-SK\"}]}<\/script>\n<!-- \/ Yoast SEO plugin. -->","yoast_head_json":{"title":"Letn\u00e1 s\u00faprava Set tielko + nohavice Scamp - ETAKO e-shop","robots":{"index":"index","follow":"follow","max-snippet":"max-snippet:-1","max-image-preview":"max-image-preview:large","max-video-preview":"max-video-preview:-1"},"canonical":"https:\/\/etako.sk\/eshop\/produkt\/letna-suprava-set-tielko-nohavice-scamp\/","twitter_card":"summary_large_image","twitter_title":"Letn\u00e1 s\u00faprava Set tielko + nohavice Scamp - ETAKO e-shop","twitter_description":"Materi\u00e1l: 100% bavlna","twitter_image":"https:\/\/i0.wp.com\/etako.sk\/eshop\/wp-content\/uploads\/2026\/01\/gSXDVRjyGm3_s460xn.jpg?fit=460%2C343&ssl=1","twitter_misc":{"Predpokladan\u00fd \u010das \u010d\u00edtania":"1 min\u00fata"},"schema":{"@context":"https:\/\/schema.org","@graph":[{"@type":"WebPage","@id":"https:\/\/etako.sk\/eshop\/produkt\/letna-suprava-set-tielko-nohavice-scamp\/","url":"https:\/\/etako.sk\/eshop\/produkt\/letna-suprava-set-tielko-nohavice-scamp\/","name":"Letn\u00e1 s\u00faprava Set tielko + nohavice Scamp - ETAKO e-shop","isPartOf":{"@id":"https:\/\/etako.sk\/eshop\/#website"},"primaryImageOfPage":{"@id":"https:\/\/etako.sk\/eshop\/produkt\/letna-suprava-set-tielko-nohavice-scamp\/#primaryimage"},"image":{"@id":"https:\/\/etako.sk\/eshop\/produkt\/letna-suprava-set-tielko-nohavice-scamp\/#primaryimage"},"thumbnailUrl":"https:\/\/i0.wp.com\/etako.sk\/eshop\/wp-content\/uploads\/2026\/01\/gSXDVRjyGm3_s460xn.jpg?fit=460%2C343&ssl=1","datePublished":"2026-01-02T17:22:49+00:00","dateModified":"2026-01-05T12:36:19+00:00","breadcrumb":{"@id":"https:\/\/etako.sk\/eshop\/produkt\/letna-suprava-set-tielko-nohavice-scamp\/#breadcrumb"},"inLanguage":"sk-SK","potentialAction":[{"@type":"ReadAction","target":["https:\/\/etako.sk\/eshop\/produkt\/letna-suprava-set-tielko-nohavice-scamp\/"]}]},{"@type":"ImageObject","inLanguage":"sk-SK","@id":"https:\/\/etako.sk\/eshop\/produkt\/letna-suprava-set-tielko-nohavice-scamp\/#primaryimage","url":"https:\/\/i0.wp.com\/etako.sk\/eshop\/wp-content\/uploads\/2026\/01\/gSXDVRjyGm3_s460xn.jpg?fit=460%2C343&ssl=1","contentUrl":"https:\/\/i0.wp.com\/etako.sk\/eshop\/wp-content\/uploads\/2026\/01\/gSXDVRjyGm3_s460xn.jpg?fit=460%2C343&ssl=1","width":460,"height":343},{"@type":"BreadcrumbList","@id":"https:\/\/etako.sk\/eshop\/produkt\/letna-suprava-set-tielko-nohavice-scamp\/#breadcrumb","itemListElement":[{"@type":"ListItem","position":1,"name":"Domovsk\u00e1 str\u00e1nka","item":"https:\/\/etako.sk\/eshop\/"},{"@type":"ListItem","position":2,"name":"Obchod","item":"https:\/\/etako.sk\/eshop\/shop\/"},{"@type":"ListItem","position":3,"name":"Letn\u00e1 s\u00faprava Set tielko + nohavice Scamp"}]},{"@type":"WebSite","@id":"https:\/\/etako.sk\/eshop\/#website","url":"https:\/\/etako.sk\/eshop\/","name":"ETAKO e-shop","description":"Etako","potentialAction":[{"@type":"SearchAction","target":{"@type":"EntryPoint","urlTemplate":"https:\/\/etako.sk\/eshop\/?s={search_term_string}"},"query-input":{"@type":"PropertyValueSpecification","valueRequired":true,"valueName":"search_term_string"}}],"inLanguage":"sk-SK"}]}},"jetpack_sharing_enabled":true,"_links":{"self":[{"href":"https:\/\/etako.sk\/eshop\/wp-json\/wp\/v2\/product\/48997","targetHints":{"allow":["GET"]}}],"collection":[{"href":"https:\/\/etako.sk\/eshop\/wp-json\/wp\/v2\/product"}],"about":[{"href":"https:\/\/etako.sk\/eshop\/wp-json\/wp\/v2\/types\/product"}],"replies":[{"embeddable":true,"href":"https:\/\/etako.sk\/eshop\/wp-json\/wp\/v2\/comments?post=48997"}],"version-history":[{"count":1,"href":"https:\/\/etako.sk\/eshop\/wp-json\/wp\/v2\/product\/48997\/revisions"}],"predecessor-version":[{"id":49000,"href":"https:\/\/etako.sk\/eshop\/wp-json\/wp\/v2\/product\/48997\/revisions\/49000"}],"wp:featuredmedia":[{"embeddable":true,"href":"https:\/\/etako.sk\/eshop\/wp-json\/wp\/v2\/media\/48998"}],"wp:attachment":[{"href":"https:\/\/etako.sk\/eshop\/wp-json\/wp\/v2\/media?parent=48997"}],"wp:term":[{"taxonomy":"product_brand","embeddable":true,"href":"https:\/\/etako.sk\/eshop\/wp-json\/wp\/v2\/product_brand?post=48997"},{"taxonomy":"product_cat","embeddable":true,"href":"https:\/\/etako.sk\/eshop\/wp-json\/wp\/v2\/product_cat?post=48997"},{"taxonomy":"product_tag","embeddable":true,"href":"https:\/\/etako.sk\/eshop\/wp-json\/wp\/v2\/product_tag?post=48997"}],"curies":[{"name":"wp","href":"https:\/\/api.w.org\/{rel}","templated":true}]}}