{"id":48988,"date":"2026-01-02T19:12:54","date_gmt":"2026-01-02T17:12:54","guid":{"rendered":"https:\/\/etako.sk\/eshop\/?post_type=product&#038;p=48988"},"modified":"2026-02-03T20:35:36","modified_gmt":"2026-02-03T18:35:36","slug":"klobuk-letny-sofia","status":"publish","type":"product","link":"https:\/\/etako.sk\/eshop\/produkt\/klobuk-letny-sofia\/","title":{"rendered":"Klob\u00fak letn\u00fd Sofia"},"content":{"rendered":"<p>Materi\u00e1l: 100 % bavlna<br \/>\nVe\u013ekosti: 50-52<\/p>\n<p>Vyroben\u00e9 v \u010c\u00edne<\/p>\n","protected":false},"excerpt":{"rendered":"<p>Materi\u00e1l: 100 % bavlna Ve\u013ekosti: 50-52 Vyroben\u00e9 v \u010c\u00edne<\/p>\n","protected":false},"featured_media":48989,"comment_status":"closed","ping_status":"closed","template":"","meta":{"jetpack_publicize_message":"","jetpack_publicize_feature_enabled":true,"jetpack_social_post_already_shared":true,"jetpack_social_options":{"image_generator_settings":{"template":"highway","enabled":false},"version":2}},"product_brand":[],"product_cat":[47,147],"product_tag":[],"class_list":{"0":"post-48988","1":"product","2":"type-product","3":"status-publish","4":"has-post-thumbnail","6":"product_cat-oblecenie-116-5-6-rokov","7":"product_cat-dievcata-velkost-od-0-10-rokov-50-140-cm","8":"product_shipping_class-standard","9":"pa_farba-bledoruzova","10":"pa_farba-tmavo-ruzova","11":"pa_velkost-416","12":"pa_velkost-414","14":"","15":"instock","16":"taxable","17":"shipping-taxable","18":"purchasable","19":"product-type-variable"},"jetpack_publicize_connections":[],"yoast_head":"<!-- This site is optimized with the Yoast SEO plugin v25.6 - https:\/\/yoast.com\/wordpress\/plugins\/seo\/ -->\n<title>Klob\u00fak letn\u00fd Sofia - ETAKO e-shop<\/title>\n<meta name=\"robots\" content=\"index, follow, max-snippet:-1, max-image-preview:large, max-video-preview:-1\" \/>\n<link rel=\"canonical\" href=\"https:\/\/etako.sk\/eshop\/produkt\/klobuk-letny-sofia\/\" \/>\n<meta name=\"twitter:card\" content=\"summary_large_image\" \/>\n<meta name=\"twitter:title\" content=\"Klob\u00fak letn\u00fd Sofia - ETAKO e-shop\" \/>\n<meta name=\"twitter:description\" content=\"Materi\u00e1l: 100 % bavlna Ve\u013ekosti: 50-52 Vyroben\u00e9 v \u010c\u00edne\" \/>\n<meta name=\"twitter:image\" content=\"https:\/\/i0.wp.com\/etako.sk\/eshop\/wp-content\/uploads\/2026\/01\/DfiaKAOXVIk_s460xn.jpg?fit=338%2C450&ssl=1\" \/>\n<meta name=\"twitter:label1\" content=\"Predpokladan\u00fd \u010das \u010d\u00edtania\" \/>\n\t<meta name=\"twitter:data1\" content=\"1 min\u00fata\" \/>\n<script type=\"application\/ld+json\" class=\"yoast-schema-graph\">{\"@context\":\"https:\/\/schema.org\",\"@graph\":[{\"@type\":\"WebPage\",\"@id\":\"https:\/\/etako.sk\/eshop\/produkt\/klobuk-letny-sofia\/\",\"url\":\"https:\/\/etako.sk\/eshop\/produkt\/klobuk-letny-sofia\/\",\"name\":\"Klob\u00fak letn\u00fd Sofia - ETAKO e-shop\",\"isPartOf\":{\"@id\":\"https:\/\/etako.sk\/eshop\/#website\"},\"primaryImageOfPage\":{\"@id\":\"https:\/\/etako.sk\/eshop\/produkt\/klobuk-letny-sofia\/#primaryimage\"},\"image\":{\"@id\":\"https:\/\/etako.sk\/eshop\/produkt\/klobuk-letny-sofia\/#primaryimage\"},\"thumbnailUrl\":\"https:\/\/i0.wp.com\/etako.sk\/eshop\/wp-content\/uploads\/2026\/01\/DfiaKAOXVIk_s460xn.jpg?fit=338%2C450&ssl=1\",\"datePublished\":\"2026-01-02T17:12:54+00:00\",\"dateModified\":\"2026-02-03T18:35:36+00:00\",\"breadcrumb\":{\"@id\":\"https:\/\/etako.sk\/eshop\/produkt\/klobuk-letny-sofia\/#breadcrumb\"},\"inLanguage\":\"sk-SK\",\"potentialAction\":[{\"@type\":\"ReadAction\",\"target\":[\"https:\/\/etako.sk\/eshop\/produkt\/klobuk-letny-sofia\/\"]}]},{\"@type\":\"ImageObject\",\"inLanguage\":\"sk-SK\",\"@id\":\"https:\/\/etako.sk\/eshop\/produkt\/klobuk-letny-sofia\/#primaryimage\",\"url\":\"https:\/\/i0.wp.com\/etako.sk\/eshop\/wp-content\/uploads\/2026\/01\/DfiaKAOXVIk_s460xn.jpg?fit=338%2C450&ssl=1\",\"contentUrl\":\"https:\/\/i0.wp.com\/etako.sk\/eshop\/wp-content\/uploads\/2026\/01\/DfiaKAOXVIk_s460xn.jpg?fit=338%2C450&ssl=1\",\"width\":338,\"height\":450},{\"@type\":\"BreadcrumbList\",\"@id\":\"https:\/\/etako.sk\/eshop\/produkt\/klobuk-letny-sofia\/#breadcrumb\",\"itemListElement\":[{\"@type\":\"ListItem\",\"position\":1,\"name\":\"Domovsk\u00e1 str\u00e1nka\",\"item\":\"https:\/\/etako.sk\/eshop\/\"},{\"@type\":\"ListItem\",\"position\":2,\"name\":\"Obchod\",\"item\":\"https:\/\/etako.sk\/eshop\/shop\/\"},{\"@type\":\"ListItem\",\"position\":3,\"name\":\"Klob\u00fak letn\u00fd Sofia\"}]},{\"@type\":\"WebSite\",\"@id\":\"https:\/\/etako.sk\/eshop\/#website\",\"url\":\"https:\/\/etako.sk\/eshop\/\",\"name\":\"ETAKO e-shop\",\"description\":\"Etako\",\"potentialAction\":[{\"@type\":\"SearchAction\",\"target\":{\"@type\":\"EntryPoint\",\"urlTemplate\":\"https:\/\/etako.sk\/eshop\/?s={search_term_string}\"},\"query-input\":{\"@type\":\"PropertyValueSpecification\",\"valueRequired\":true,\"valueName\":\"search_term_string\"}}],\"inLanguage\":\"sk-SK\"}]}<\/script>\n<!-- \/ Yoast SEO plugin. -->","yoast_head_json":{"title":"Klob\u00fak letn\u00fd Sofia - ETAKO e-shop","robots":{"index":"index","follow":"follow","max-snippet":"max-snippet:-1","max-image-preview":"max-image-preview:large","max-video-preview":"max-video-preview:-1"},"canonical":"https:\/\/etako.sk\/eshop\/produkt\/klobuk-letny-sofia\/","twitter_card":"summary_large_image","twitter_title":"Klob\u00fak letn\u00fd Sofia - ETAKO e-shop","twitter_description":"Materi\u00e1l: 100 % bavlna Ve\u013ekosti: 50-52 Vyroben\u00e9 v \u010c\u00edne","twitter_image":"https:\/\/i0.wp.com\/etako.sk\/eshop\/wp-content\/uploads\/2026\/01\/DfiaKAOXVIk_s460xn.jpg?fit=338%2C450&ssl=1","twitter_misc":{"Predpokladan\u00fd \u010das \u010d\u00edtania":"1 min\u00fata"},"schema":{"@context":"https:\/\/schema.org","@graph":[{"@type":"WebPage","@id":"https:\/\/etako.sk\/eshop\/produkt\/klobuk-letny-sofia\/","url":"https:\/\/etako.sk\/eshop\/produkt\/klobuk-letny-sofia\/","name":"Klob\u00fak letn\u00fd Sofia - ETAKO e-shop","isPartOf":{"@id":"https:\/\/etako.sk\/eshop\/#website"},"primaryImageOfPage":{"@id":"https:\/\/etako.sk\/eshop\/produkt\/klobuk-letny-sofia\/#primaryimage"},"image":{"@id":"https:\/\/etako.sk\/eshop\/produkt\/klobuk-letny-sofia\/#primaryimage"},"thumbnailUrl":"https:\/\/i0.wp.com\/etako.sk\/eshop\/wp-content\/uploads\/2026\/01\/DfiaKAOXVIk_s460xn.jpg?fit=338%2C450&ssl=1","datePublished":"2026-01-02T17:12:54+00:00","dateModified":"2026-02-03T18:35:36+00:00","breadcrumb":{"@id":"https:\/\/etako.sk\/eshop\/produkt\/klobuk-letny-sofia\/#breadcrumb"},"inLanguage":"sk-SK","potentialAction":[{"@type":"ReadAction","target":["https:\/\/etako.sk\/eshop\/produkt\/klobuk-letny-sofia\/"]}]},{"@type":"ImageObject","inLanguage":"sk-SK","@id":"https:\/\/etako.sk\/eshop\/produkt\/klobuk-letny-sofia\/#primaryimage","url":"https:\/\/i0.wp.com\/etako.sk\/eshop\/wp-content\/uploads\/2026\/01\/DfiaKAOXVIk_s460xn.jpg?fit=338%2C450&ssl=1","contentUrl":"https:\/\/i0.wp.com\/etako.sk\/eshop\/wp-content\/uploads\/2026\/01\/DfiaKAOXVIk_s460xn.jpg?fit=338%2C450&ssl=1","width":338,"height":450},{"@type":"BreadcrumbList","@id":"https:\/\/etako.sk\/eshop\/produkt\/klobuk-letny-sofia\/#breadcrumb","itemListElement":[{"@type":"ListItem","position":1,"name":"Domovsk\u00e1 str\u00e1nka","item":"https:\/\/etako.sk\/eshop\/"},{"@type":"ListItem","position":2,"name":"Obchod","item":"https:\/\/etako.sk\/eshop\/shop\/"},{"@type":"ListItem","position":3,"name":"Klob\u00fak letn\u00fd Sofia"}]},{"@type":"WebSite","@id":"https:\/\/etako.sk\/eshop\/#website","url":"https:\/\/etako.sk\/eshop\/","name":"ETAKO e-shop","description":"Etako","potentialAction":[{"@type":"SearchAction","target":{"@type":"EntryPoint","urlTemplate":"https:\/\/etako.sk\/eshop\/?s={search_term_string}"},"query-input":{"@type":"PropertyValueSpecification","valueRequired":true,"valueName":"search_term_string"}}],"inLanguage":"sk-SK"}]}},"jetpack_sharing_enabled":true,"_links":{"self":[{"href":"https:\/\/etako.sk\/eshop\/wp-json\/wp\/v2\/product\/48988","targetHints":{"allow":["GET"]}}],"collection":[{"href":"https:\/\/etako.sk\/eshop\/wp-json\/wp\/v2\/product"}],"about":[{"href":"https:\/\/etako.sk\/eshop\/wp-json\/wp\/v2\/types\/product"}],"replies":[{"embeddable":true,"href":"https:\/\/etako.sk\/eshop\/wp-json\/wp\/v2\/comments?post=48988"}],"version-history":[{"count":1,"href":"https:\/\/etako.sk\/eshop\/wp-json\/wp\/v2\/product\/48988\/revisions"}],"predecessor-version":[{"id":48992,"href":"https:\/\/etako.sk\/eshop\/wp-json\/wp\/v2\/product\/48988\/revisions\/48992"}],"wp:featuredmedia":[{"embeddable":true,"href":"https:\/\/etako.sk\/eshop\/wp-json\/wp\/v2\/media\/48989"}],"wp:attachment":[{"href":"https:\/\/etako.sk\/eshop\/wp-json\/wp\/v2\/media?parent=48988"}],"wp:term":[{"taxonomy":"product_brand","embeddable":true,"href":"https:\/\/etako.sk\/eshop\/wp-json\/wp\/v2\/product_brand?post=48988"},{"taxonomy":"product_cat","embeddable":true,"href":"https:\/\/etako.sk\/eshop\/wp-json\/wp\/v2\/product_cat?post=48988"},{"taxonomy":"product_tag","embeddable":true,"href":"https:\/\/etako.sk\/eshop\/wp-json\/wp\/v2\/product_tag?post=48988"}],"curies":[{"name":"wp","href":"https:\/\/api.w.org\/{rel}","templated":true}]}}