{"id":48959,"date":"2026-01-02T12:33:49","date_gmt":"2026-01-02T10:33:49","guid":{"rendered":"https:\/\/etako.sk\/eshop\/?post_type=product&#038;p=48959"},"modified":"2026-02-03T20:48:45","modified_gmt":"2026-02-03T18:48:45","slug":"boxerky-batman-731-221-2-ks-baleni","status":"publish","type":"product","link":"https:\/\/etako.sk\/eshop\/produkt\/boxerky-batman-731-221-2-ks-baleni\/","title":{"rendered":"Boxerky Batman 731-221 2 ks balen\u00ed"},"content":{"rendered":"<p>Materi\u00e1l: 95% bavlna, 5 % elastan<br \/>\nVe\u013ekosti: 4\/5 rokov,6\/8rokov,9\/10 rokov<br \/>\nEAN:5991327312219<\/p>\n","protected":false},"excerpt":{"rendered":"<p>Materi\u00e1l: 95% bavlna, 5 % elastan Ve\u013ekosti: 4\/5 rokov,6\/8rokov,9\/10 rokov EAN:5991327312219<\/p>\n","protected":false},"featured_media":48960,"comment_status":"closed","ping_status":"closed","template":"","meta":{"jetpack_publicize_message":"","jetpack_publicize_feature_enabled":true,"jetpack_social_post_already_shared":true,"jetpack_social_options":{"image_generator_settings":{"template":"highway","enabled":false},"version":2}},"product_brand":[],"product_cat":[146,59],"product_tag":[],"class_list":{"0":"post-48959","1":"product","2":"type-product","3":"status-publish","4":"has-post-thumbnail","6":"product_cat-chlapci-velkost-od-0-10-rokov-50-140-cm","7":"product_cat-oblecenie-v-982-3-roky","8":"product_shipping_class-standard","9":"pa_velkost-104-110","11":"","12":"instock","13":"taxable","14":"shipping-taxable","15":"purchasable","16":"product-type-variable"},"jetpack_publicize_connections":[],"yoast_head":"<!-- This site is optimized with the Yoast SEO plugin v25.6 - https:\/\/yoast.com\/wordpress\/plugins\/seo\/ -->\n<title>Boxerky Batman 731-221 2 ks balen\u00ed - ETAKO e-shop<\/title>\n<meta name=\"robots\" content=\"index, follow, max-snippet:-1, max-image-preview:large, max-video-preview:-1\" \/>\n<link rel=\"canonical\" href=\"https:\/\/etako.sk\/eshop\/produkt\/boxerky-batman-731-221-2-ks-baleni\/\" \/>\n<meta name=\"twitter:card\" content=\"summary_large_image\" \/>\n<meta name=\"twitter:title\" content=\"Boxerky Batman 731-221 2 ks balen\u00ed - ETAKO e-shop\" \/>\n<meta name=\"twitter:description\" content=\"Materi\u00e1l: 95% bavlna, 5 % elastan Ve\u013ekosti: 4\/5 rokov,6\/8rokov,9\/10 rokov EAN:5991327312219\" \/>\n<meta name=\"twitter:image\" content=\"https:\/\/i0.wp.com\/etako.sk\/eshop\/wp-content\/uploads\/2026\/01\/Ceu2iSedJ7k_s460xn.jpg?fit=300%2C450&ssl=1\" \/>\n<meta name=\"twitter:label1\" content=\"Predpokladan\u00fd \u010das \u010d\u00edtania\" \/>\n\t<meta name=\"twitter:data1\" content=\"1 min\u00fata\" \/>\n<script type=\"application\/ld+json\" class=\"yoast-schema-graph\">{\"@context\":\"https:\/\/schema.org\",\"@graph\":[{\"@type\":\"WebPage\",\"@id\":\"https:\/\/etako.sk\/eshop\/produkt\/boxerky-batman-731-221-2-ks-baleni\/\",\"url\":\"https:\/\/etako.sk\/eshop\/produkt\/boxerky-batman-731-221-2-ks-baleni\/\",\"name\":\"Boxerky Batman 731-221 2 ks balen\u00ed - ETAKO e-shop\",\"isPartOf\":{\"@id\":\"https:\/\/etako.sk\/eshop\/#website\"},\"primaryImageOfPage\":{\"@id\":\"https:\/\/etako.sk\/eshop\/produkt\/boxerky-batman-731-221-2-ks-baleni\/#primaryimage\"},\"image\":{\"@id\":\"https:\/\/etako.sk\/eshop\/produkt\/boxerky-batman-731-221-2-ks-baleni\/#primaryimage\"},\"thumbnailUrl\":\"https:\/\/i0.wp.com\/etako.sk\/eshop\/wp-content\/uploads\/2026\/01\/Ceu2iSedJ7k_s460xn.jpg?fit=300%2C450&ssl=1\",\"datePublished\":\"2026-01-02T10:33:49+00:00\",\"dateModified\":\"2026-02-03T18:48:45+00:00\",\"breadcrumb\":{\"@id\":\"https:\/\/etako.sk\/eshop\/produkt\/boxerky-batman-731-221-2-ks-baleni\/#breadcrumb\"},\"inLanguage\":\"sk-SK\",\"potentialAction\":[{\"@type\":\"ReadAction\",\"target\":[\"https:\/\/etako.sk\/eshop\/produkt\/boxerky-batman-731-221-2-ks-baleni\/\"]}]},{\"@type\":\"ImageObject\",\"inLanguage\":\"sk-SK\",\"@id\":\"https:\/\/etako.sk\/eshop\/produkt\/boxerky-batman-731-221-2-ks-baleni\/#primaryimage\",\"url\":\"https:\/\/i0.wp.com\/etako.sk\/eshop\/wp-content\/uploads\/2026\/01\/Ceu2iSedJ7k_s460xn.jpg?fit=300%2C450&ssl=1\",\"contentUrl\":\"https:\/\/i0.wp.com\/etako.sk\/eshop\/wp-content\/uploads\/2026\/01\/Ceu2iSedJ7k_s460xn.jpg?fit=300%2C450&ssl=1\",\"width\":300,\"height\":450},{\"@type\":\"BreadcrumbList\",\"@id\":\"https:\/\/etako.sk\/eshop\/produkt\/boxerky-batman-731-221-2-ks-baleni\/#breadcrumb\",\"itemListElement\":[{\"@type\":\"ListItem\",\"position\":1,\"name\":\"Domovsk\u00e1 str\u00e1nka\",\"item\":\"https:\/\/etako.sk\/eshop\/\"},{\"@type\":\"ListItem\",\"position\":2,\"name\":\"Obchod\",\"item\":\"https:\/\/etako.sk\/eshop\/shop\/\"},{\"@type\":\"ListItem\",\"position\":3,\"name\":\"Boxerky Batman 731-221 2 ks balen\u00ed\"}]},{\"@type\":\"WebSite\",\"@id\":\"https:\/\/etako.sk\/eshop\/#website\",\"url\":\"https:\/\/etako.sk\/eshop\/\",\"name\":\"ETAKO e-shop\",\"description\":\"Etako\",\"potentialAction\":[{\"@type\":\"SearchAction\",\"target\":{\"@type\":\"EntryPoint\",\"urlTemplate\":\"https:\/\/etako.sk\/eshop\/?s={search_term_string}\"},\"query-input\":{\"@type\":\"PropertyValueSpecification\",\"valueRequired\":true,\"valueName\":\"search_term_string\"}}],\"inLanguage\":\"sk-SK\"}]}<\/script>\n<!-- \/ Yoast SEO plugin. -->","yoast_head_json":{"title":"Boxerky Batman 731-221 2 ks balen\u00ed - ETAKO e-shop","robots":{"index":"index","follow":"follow","max-snippet":"max-snippet:-1","max-image-preview":"max-image-preview:large","max-video-preview":"max-video-preview:-1"},"canonical":"https:\/\/etako.sk\/eshop\/produkt\/boxerky-batman-731-221-2-ks-baleni\/","twitter_card":"summary_large_image","twitter_title":"Boxerky Batman 731-221 2 ks balen\u00ed - ETAKO e-shop","twitter_description":"Materi\u00e1l: 95% bavlna, 5 % elastan Ve\u013ekosti: 4\/5 rokov,6\/8rokov,9\/10 rokov EAN:5991327312219","twitter_image":"https:\/\/i0.wp.com\/etako.sk\/eshop\/wp-content\/uploads\/2026\/01\/Ceu2iSedJ7k_s460xn.jpg?fit=300%2C450&ssl=1","twitter_misc":{"Predpokladan\u00fd \u010das \u010d\u00edtania":"1 min\u00fata"},"schema":{"@context":"https:\/\/schema.org","@graph":[{"@type":"WebPage","@id":"https:\/\/etako.sk\/eshop\/produkt\/boxerky-batman-731-221-2-ks-baleni\/","url":"https:\/\/etako.sk\/eshop\/produkt\/boxerky-batman-731-221-2-ks-baleni\/","name":"Boxerky Batman 731-221 2 ks balen\u00ed - ETAKO e-shop","isPartOf":{"@id":"https:\/\/etako.sk\/eshop\/#website"},"primaryImageOfPage":{"@id":"https:\/\/etako.sk\/eshop\/produkt\/boxerky-batman-731-221-2-ks-baleni\/#primaryimage"},"image":{"@id":"https:\/\/etako.sk\/eshop\/produkt\/boxerky-batman-731-221-2-ks-baleni\/#primaryimage"},"thumbnailUrl":"https:\/\/i0.wp.com\/etako.sk\/eshop\/wp-content\/uploads\/2026\/01\/Ceu2iSedJ7k_s460xn.jpg?fit=300%2C450&ssl=1","datePublished":"2026-01-02T10:33:49+00:00","dateModified":"2026-02-03T18:48:45+00:00","breadcrumb":{"@id":"https:\/\/etako.sk\/eshop\/produkt\/boxerky-batman-731-221-2-ks-baleni\/#breadcrumb"},"inLanguage":"sk-SK","potentialAction":[{"@type":"ReadAction","target":["https:\/\/etako.sk\/eshop\/produkt\/boxerky-batman-731-221-2-ks-baleni\/"]}]},{"@type":"ImageObject","inLanguage":"sk-SK","@id":"https:\/\/etako.sk\/eshop\/produkt\/boxerky-batman-731-221-2-ks-baleni\/#primaryimage","url":"https:\/\/i0.wp.com\/etako.sk\/eshop\/wp-content\/uploads\/2026\/01\/Ceu2iSedJ7k_s460xn.jpg?fit=300%2C450&ssl=1","contentUrl":"https:\/\/i0.wp.com\/etako.sk\/eshop\/wp-content\/uploads\/2026\/01\/Ceu2iSedJ7k_s460xn.jpg?fit=300%2C450&ssl=1","width":300,"height":450},{"@type":"BreadcrumbList","@id":"https:\/\/etako.sk\/eshop\/produkt\/boxerky-batman-731-221-2-ks-baleni\/#breadcrumb","itemListElement":[{"@type":"ListItem","position":1,"name":"Domovsk\u00e1 str\u00e1nka","item":"https:\/\/etako.sk\/eshop\/"},{"@type":"ListItem","position":2,"name":"Obchod","item":"https:\/\/etako.sk\/eshop\/shop\/"},{"@type":"ListItem","position":3,"name":"Boxerky Batman 731-221 2 ks balen\u00ed"}]},{"@type":"WebSite","@id":"https:\/\/etako.sk\/eshop\/#website","url":"https:\/\/etako.sk\/eshop\/","name":"ETAKO e-shop","description":"Etako","potentialAction":[{"@type":"SearchAction","target":{"@type":"EntryPoint","urlTemplate":"https:\/\/etako.sk\/eshop\/?s={search_term_string}"},"query-input":{"@type":"PropertyValueSpecification","valueRequired":true,"valueName":"search_term_string"}}],"inLanguage":"sk-SK"}]}},"jetpack_sharing_enabled":true,"_links":{"self":[{"href":"https:\/\/etako.sk\/eshop\/wp-json\/wp\/v2\/product\/48959","targetHints":{"allow":["GET"]}}],"collection":[{"href":"https:\/\/etako.sk\/eshop\/wp-json\/wp\/v2\/product"}],"about":[{"href":"https:\/\/etako.sk\/eshop\/wp-json\/wp\/v2\/types\/product"}],"replies":[{"embeddable":true,"href":"https:\/\/etako.sk\/eshop\/wp-json\/wp\/v2\/comments?post=48959"}],"version-history":[{"count":1,"href":"https:\/\/etako.sk\/eshop\/wp-json\/wp\/v2\/product\/48959\/revisions"}],"predecessor-version":[{"id":48962,"href":"https:\/\/etako.sk\/eshop\/wp-json\/wp\/v2\/product\/48959\/revisions\/48962"}],"wp:featuredmedia":[{"embeddable":true,"href":"https:\/\/etako.sk\/eshop\/wp-json\/wp\/v2\/media\/48960"}],"wp:attachment":[{"href":"https:\/\/etako.sk\/eshop\/wp-json\/wp\/v2\/media?parent=48959"}],"wp:term":[{"taxonomy":"product_brand","embeddable":true,"href":"https:\/\/etako.sk\/eshop\/wp-json\/wp\/v2\/product_brand?post=48959"},{"taxonomy":"product_cat","embeddable":true,"href":"https:\/\/etako.sk\/eshop\/wp-json\/wp\/v2\/product_cat?post=48959"},{"taxonomy":"product_tag","embeddable":true,"href":"https:\/\/etako.sk\/eshop\/wp-json\/wp\/v2\/product_tag?post=48959"}],"curies":[{"name":"wp","href":"https:\/\/api.w.org\/{rel}","templated":true}]}}