{"id":48940,"date":"2025-12-12T13:44:37","date_gmt":"2025-12-12T11:44:37","guid":{"rendered":"https:\/\/etako.sk\/eshop\/?post_type=product&#038;p=48940"},"modified":"2025-12-12T13:45:26","modified_gmt":"2025-12-12T11:45:26","slug":"korejska-kozmetika-krx-anti-acne-set","status":"publish","type":"product","link":"https:\/\/etako.sk\/eshop\/produkt\/korejska-kozmetika-krx-anti-acne-set\/","title":{"rendered":"K\u00f3rejsk\u00e1 kozmetika KRX Anti Acne Set"},"content":{"rendered":"<p>Predstavujeme v\u00e1m trojkombin\u00e1ciu produktov, ktor\u00e9 zaru\u010dene prines\u00fa va\u0161ej pleti zdravie, \u010distotu a svie\u017ei vzh\u013ead.<\/p>\n<h3><strong>1. KRX Anti Acne \u010cistiaci prostriedok 100 ml<\/strong><\/h3>\n<p>Za\u010dnite svoj de\u0148 s na\u0161\u00edm\u00a0<strong>\u010distiacim prostriedkom<\/strong>, ktor\u00fd \u00fa\u010dinne reguluje tvorbu ko\u017en\u00e9ho mazu. S 2 % obsahom kyseliny salicylovej jemne odstra\u0148uje ka\u017edodenn\u00e9 ne\u010distoty a \u0161kodliv\u00e9 bakt\u00e9rie, pri\u010dom zachov\u00e1va hydrat\u00e1ciu pleti. Nez\u00e1le\u017e\u00ed na tom, \u010di bojujete s akn\u00e9, \u010diernymi bodkami alebo z\u00e1palmi \u2013 tento produkt v\u00e1m zabezpe\u010d\u00ed \u010dist\u00fa a zdrav\u00fa ple\u0165.<\/p>\n<p>&nbsp;<\/p>\n<h3>2.\u00a0<strong>KRX Anti Acne\u00a0<\/strong><strong>Ple\u0165ov\u00e9 tonikum<\/strong><\/h3>\n<p>Pokra\u010dujte s na\u0161\u00edm\u00a0<strong>ple\u0165ov\u00fdm tonikom<\/strong>, ktor\u00e9 dokonale vyrovn\u00e1va pH a pripravuje ple\u0165 na \u010fal\u0161ie kroky starostlivosti. S akt\u00edvnymi zlo\u017ekami, ktor\u00e9 ni\u010d\u00ed bakt\u00e9rie, tonikum s\u00fa\u010dasne upokojuje a vy\u017eivuje. Hydrata\u010dn\u00e9 peptidy a rastlinn\u00e9 extrakty p\u00f4sobia proti vysu\u0161ovaniu a dod\u00e1vaj\u00fa pleti jas a hladkos\u0165.<\/p>\n<h3><\/h3>\n<h3>3.\u00a0<strong>KRX Anti Acne\u00a0<\/strong><strong>Denn\u00fd kr\u00e9m<\/strong><\/h3>\n<p>Zakon\u010dite svoju rutinu na\u0161\u00edm\u00a0<strong>denn\u00fdm kr\u00e9mom<\/strong>, ktor\u00fd sa star\u00e1 o kontrolu ko\u017en\u00e9ho mazu a udr\u017euje ple\u0165 matn\u00fa. V\u010faka 2 % kyseline salicylovej a extra akt\u00edvnym zlo\u017ek\u00e1m poskytne pleti spr\u00e1vnu hydrat\u00e1ciu a regener\u00e1ciu. Oslobo\u010fte sa od pocitu vysu\u0161ovania a u\u017e\u00edvajte si hladk\u00fa a svie\u017eu ple\u0165 po cel\u00fd de\u0148.<\/p>\n<h3><strong>Pre\u010do zvoli\u0165 na\u0161u trojkombin\u00e1ciu?<\/strong><\/h3>\n<p>Tieto tri produkty sa navz\u00e1jom dop\u013a\u0148aj\u00fa a vytv\u00e1raj\u00fa dokonal\u00fa starostlivos\u0165 o ple\u0165. Spolo\u010dne bojuj\u00fa proti akn\u00e9 a z\u00e1palom, udr\u017eiavaj\u00fa ple\u0165 hydratovan\u00fa a vy\u017eiven\u00fa a zabezpe\u010dia jej zdrav\u00fd vzh\u013ead.<\/p>\n<p>Doprajte svojej akn\u00f3znej pleti t\u00fa najlep\u0161iu starostlivos\u0165!<\/p>\n","protected":false},"excerpt":{"rendered":"<p>Predstavujeme v\u00e1m trojkombin\u00e1ciu produktov, ktor\u00e9 zaru\u010dene prines\u00fa va\u0161ej pleti zdravie, \u010distotu a svie\u017ei vzh\u013ead. 1. KRX Anti Acne \u010cistiaci prostriedok<\/p>\n","protected":false},"featured_media":48943,"comment_status":"closed","ping_status":"closed","template":"","meta":{"jetpack_publicize_message":"","jetpack_publicize_feature_enabled":true,"jetpack_social_post_already_shared":true,"jetpack_social_options":{"image_generator_settings":{"template":"highway","enabled":false},"version":2}},"product_brand":[],"product_cat":[1876,1864],"product_tag":[],"class_list":{"0":"post-48940","1":"product","2":"type-product","3":"status-publish","4":"has-post-thumbnail","6":"product_cat-beauty-box-kozmeticke-balicky","7":"product_cat-dekorativna-kozmetika","8":"product_shipping_class-standard","10":"","11":"instock","12":"taxable","13":"shipping-taxable","14":"purchasable","15":"product-type-simple"},"jetpack_publicize_connections":[],"yoast_head":"<!-- This site is optimized with the Yoast SEO plugin v25.6 - https:\/\/yoast.com\/wordpress\/plugins\/seo\/ -->\n<title>K\u00f3rejsk\u00e1 kozmetika KRX Anti Acne Set - ETAKO e-shop<\/title>\n<meta name=\"robots\" content=\"index, follow, max-snippet:-1, max-image-preview:large, max-video-preview:-1\" \/>\n<link rel=\"canonical\" href=\"https:\/\/etako.sk\/eshop\/produkt\/korejska-kozmetika-krx-anti-acne-set\/\" \/>\n<meta name=\"twitter:card\" content=\"summary_large_image\" \/>\n<meta name=\"twitter:title\" content=\"K\u00f3rejsk\u00e1 kozmetika KRX Anti Acne Set - ETAKO e-shop\" \/>\n<meta name=\"twitter:description\" content=\"Predstavujeme v\u00e1m trojkombin\u00e1ciu produktov, ktor\u00e9 zaru\u010dene prines\u00fa va\u0161ej pleti zdravie, \u010distotu a svie\u017ei vzh\u013ead. 1. KRX Anti Acne \u010cistiaci prostriedok\" \/>\n<meta name=\"twitter:image\" content=\"https:\/\/i0.wp.com\/etako.sk\/eshop\/wp-content\/uploads\/2025\/12\/KRX_ANTI_ACNE_fast_04f1b9-1.webp?fit=630%2C630&ssl=1\" \/>\n<meta name=\"twitter:label1\" content=\"Predpokladan\u00fd \u010das \u010d\u00edtania\" \/>\n\t<meta name=\"twitter:data1\" content=\"2 min\u00faty\" \/>\n<script type=\"application\/ld+json\" class=\"yoast-schema-graph\">{\"@context\":\"https:\/\/schema.org\",\"@graph\":[{\"@type\":\"WebPage\",\"@id\":\"https:\/\/etako.sk\/eshop\/produkt\/korejska-kozmetika-krx-anti-acne-set\/\",\"url\":\"https:\/\/etako.sk\/eshop\/produkt\/korejska-kozmetika-krx-anti-acne-set\/\",\"name\":\"K\u00f3rejsk\u00e1 kozmetika KRX Anti Acne Set - ETAKO e-shop\",\"isPartOf\":{\"@id\":\"https:\/\/etako.sk\/eshop\/#website\"},\"primaryImageOfPage\":{\"@id\":\"https:\/\/etako.sk\/eshop\/produkt\/korejska-kozmetika-krx-anti-acne-set\/#primaryimage\"},\"image\":{\"@id\":\"https:\/\/etako.sk\/eshop\/produkt\/korejska-kozmetika-krx-anti-acne-set\/#primaryimage\"},\"thumbnailUrl\":\"https:\/\/i0.wp.com\/etako.sk\/eshop\/wp-content\/uploads\/2025\/12\/KRX_ANTI_ACNE_fast_04f1b9-1.webp?fit=630%2C630&ssl=1\",\"datePublished\":\"2025-12-12T11:44:37+00:00\",\"dateModified\":\"2025-12-12T11:45:26+00:00\",\"breadcrumb\":{\"@id\":\"https:\/\/etako.sk\/eshop\/produkt\/korejska-kozmetika-krx-anti-acne-set\/#breadcrumb\"},\"inLanguage\":\"sk-SK\",\"potentialAction\":[{\"@type\":\"ReadAction\",\"target\":[\"https:\/\/etako.sk\/eshop\/produkt\/korejska-kozmetika-krx-anti-acne-set\/\"]}]},{\"@type\":\"ImageObject\",\"inLanguage\":\"sk-SK\",\"@id\":\"https:\/\/etako.sk\/eshop\/produkt\/korejska-kozmetika-krx-anti-acne-set\/#primaryimage\",\"url\":\"https:\/\/i0.wp.com\/etako.sk\/eshop\/wp-content\/uploads\/2025\/12\/KRX_ANTI_ACNE_fast_04f1b9-1.webp?fit=630%2C630&ssl=1\",\"contentUrl\":\"https:\/\/i0.wp.com\/etako.sk\/eshop\/wp-content\/uploads\/2025\/12\/KRX_ANTI_ACNE_fast_04f1b9-1.webp?fit=630%2C630&ssl=1\",\"width\":630,\"height\":630},{\"@type\":\"BreadcrumbList\",\"@id\":\"https:\/\/etako.sk\/eshop\/produkt\/korejska-kozmetika-krx-anti-acne-set\/#breadcrumb\",\"itemListElement\":[{\"@type\":\"ListItem\",\"position\":1,\"name\":\"Domovsk\u00e1 str\u00e1nka\",\"item\":\"https:\/\/etako.sk\/eshop\/\"},{\"@type\":\"ListItem\",\"position\":2,\"name\":\"Obchod\",\"item\":\"https:\/\/etako.sk\/eshop\/shop\/\"},{\"@type\":\"ListItem\",\"position\":3,\"name\":\"K\u00f3rejsk\u00e1 kozmetika KRX Anti Acne Set\"}]},{\"@type\":\"WebSite\",\"@id\":\"https:\/\/etako.sk\/eshop\/#website\",\"url\":\"https:\/\/etako.sk\/eshop\/\",\"name\":\"ETAKO e-shop\",\"description\":\"Etako\",\"potentialAction\":[{\"@type\":\"SearchAction\",\"target\":{\"@type\":\"EntryPoint\",\"urlTemplate\":\"https:\/\/etako.sk\/eshop\/?s={search_term_string}\"},\"query-input\":{\"@type\":\"PropertyValueSpecification\",\"valueRequired\":true,\"valueName\":\"search_term_string\"}}],\"inLanguage\":\"sk-SK\"}]}<\/script>\n<!-- \/ Yoast SEO plugin. -->","yoast_head_json":{"title":"K\u00f3rejsk\u00e1 kozmetika KRX Anti Acne Set - ETAKO e-shop","robots":{"index":"index","follow":"follow","max-snippet":"max-snippet:-1","max-image-preview":"max-image-preview:large","max-video-preview":"max-video-preview:-1"},"canonical":"https:\/\/etako.sk\/eshop\/produkt\/korejska-kozmetika-krx-anti-acne-set\/","twitter_card":"summary_large_image","twitter_title":"K\u00f3rejsk\u00e1 kozmetika KRX Anti Acne Set - ETAKO e-shop","twitter_description":"Predstavujeme v\u00e1m trojkombin\u00e1ciu produktov, ktor\u00e9 zaru\u010dene prines\u00fa va\u0161ej pleti zdravie, \u010distotu a svie\u017ei vzh\u013ead. 1. KRX Anti Acne \u010cistiaci prostriedok","twitter_image":"https:\/\/i0.wp.com\/etako.sk\/eshop\/wp-content\/uploads\/2025\/12\/KRX_ANTI_ACNE_fast_04f1b9-1.webp?fit=630%2C630&ssl=1","twitter_misc":{"Predpokladan\u00fd \u010das \u010d\u00edtania":"2 min\u00faty"},"schema":{"@context":"https:\/\/schema.org","@graph":[{"@type":"WebPage","@id":"https:\/\/etako.sk\/eshop\/produkt\/korejska-kozmetika-krx-anti-acne-set\/","url":"https:\/\/etako.sk\/eshop\/produkt\/korejska-kozmetika-krx-anti-acne-set\/","name":"K\u00f3rejsk\u00e1 kozmetika KRX Anti Acne Set - ETAKO e-shop","isPartOf":{"@id":"https:\/\/etako.sk\/eshop\/#website"},"primaryImageOfPage":{"@id":"https:\/\/etako.sk\/eshop\/produkt\/korejska-kozmetika-krx-anti-acne-set\/#primaryimage"},"image":{"@id":"https:\/\/etako.sk\/eshop\/produkt\/korejska-kozmetika-krx-anti-acne-set\/#primaryimage"},"thumbnailUrl":"https:\/\/i0.wp.com\/etako.sk\/eshop\/wp-content\/uploads\/2025\/12\/KRX_ANTI_ACNE_fast_04f1b9-1.webp?fit=630%2C630&ssl=1","datePublished":"2025-12-12T11:44:37+00:00","dateModified":"2025-12-12T11:45:26+00:00","breadcrumb":{"@id":"https:\/\/etako.sk\/eshop\/produkt\/korejska-kozmetika-krx-anti-acne-set\/#breadcrumb"},"inLanguage":"sk-SK","potentialAction":[{"@type":"ReadAction","target":["https:\/\/etako.sk\/eshop\/produkt\/korejska-kozmetika-krx-anti-acne-set\/"]}]},{"@type":"ImageObject","inLanguage":"sk-SK","@id":"https:\/\/etako.sk\/eshop\/produkt\/korejska-kozmetika-krx-anti-acne-set\/#primaryimage","url":"https:\/\/i0.wp.com\/etako.sk\/eshop\/wp-content\/uploads\/2025\/12\/KRX_ANTI_ACNE_fast_04f1b9-1.webp?fit=630%2C630&ssl=1","contentUrl":"https:\/\/i0.wp.com\/etako.sk\/eshop\/wp-content\/uploads\/2025\/12\/KRX_ANTI_ACNE_fast_04f1b9-1.webp?fit=630%2C630&ssl=1","width":630,"height":630},{"@type":"BreadcrumbList","@id":"https:\/\/etako.sk\/eshop\/produkt\/korejska-kozmetika-krx-anti-acne-set\/#breadcrumb","itemListElement":[{"@type":"ListItem","position":1,"name":"Domovsk\u00e1 str\u00e1nka","item":"https:\/\/etako.sk\/eshop\/"},{"@type":"ListItem","position":2,"name":"Obchod","item":"https:\/\/etako.sk\/eshop\/shop\/"},{"@type":"ListItem","position":3,"name":"K\u00f3rejsk\u00e1 kozmetika KRX Anti Acne Set"}]},{"@type":"WebSite","@id":"https:\/\/etako.sk\/eshop\/#website","url":"https:\/\/etako.sk\/eshop\/","name":"ETAKO e-shop","description":"Etako","potentialAction":[{"@type":"SearchAction","target":{"@type":"EntryPoint","urlTemplate":"https:\/\/etako.sk\/eshop\/?s={search_term_string}"},"query-input":{"@type":"PropertyValueSpecification","valueRequired":true,"valueName":"search_term_string"}}],"inLanguage":"sk-SK"}]}},"jetpack_sharing_enabled":true,"_links":{"self":[{"href":"https:\/\/etako.sk\/eshop\/wp-json\/wp\/v2\/product\/48940","targetHints":{"allow":["GET"]}}],"collection":[{"href":"https:\/\/etako.sk\/eshop\/wp-json\/wp\/v2\/product"}],"about":[{"href":"https:\/\/etako.sk\/eshop\/wp-json\/wp\/v2\/types\/product"}],"replies":[{"embeddable":true,"href":"https:\/\/etako.sk\/eshop\/wp-json\/wp\/v2\/comments?post=48940"}],"version-history":[{"count":1,"href":"https:\/\/etako.sk\/eshop\/wp-json\/wp\/v2\/product\/48940\/revisions"}],"predecessor-version":[{"id":48942,"href":"https:\/\/etako.sk\/eshop\/wp-json\/wp\/v2\/product\/48940\/revisions\/48942"}],"wp:featuredmedia":[{"embeddable":true,"href":"https:\/\/etako.sk\/eshop\/wp-json\/wp\/v2\/media\/48943"}],"wp:attachment":[{"href":"https:\/\/etako.sk\/eshop\/wp-json\/wp\/v2\/media?parent=48940"}],"wp:term":[{"taxonomy":"product_brand","embeddable":true,"href":"https:\/\/etako.sk\/eshop\/wp-json\/wp\/v2\/product_brand?post=48940"},{"taxonomy":"product_cat","embeddable":true,"href":"https:\/\/etako.sk\/eshop\/wp-json\/wp\/v2\/product_cat?post=48940"},{"taxonomy":"product_tag","embeddable":true,"href":"https:\/\/etako.sk\/eshop\/wp-json\/wp\/v2\/product_tag?post=48940"}],"curies":[{"name":"wp","href":"https:\/\/api.w.org\/{rel}","templated":true}]}}