{"id":48918,"date":"2025-11-12T20:46:47","date_gmt":"2025-11-12T18:46:47","guid":{"rendered":"https:\/\/etako.sk\/eshop\/?post_type=product&#038;p=48918"},"modified":"2025-11-12T20:46:47","modified_gmt":"2025-11-12T18:46:47","slug":"rose-exosome-slow-aging-line-filler-krem-15-ml","status":"publish","type":"product","link":"https:\/\/etako.sk\/eshop\/produkt\/rose-exosome-slow-aging-line-filler-krem-15-ml\/","title":{"rendered":"ROSE EXOSOME SLOW-AGING LINE FILLER KR\u00c9M 15 ML"},"content":{"rendered":"<p><span class=\"a_GcMg font-feature-liga-off font-feature-clig-off font-feature-calt-off text-decoration-none text-strikethrough-none\">Okam\u017eit\u00e9 a dlhotrvaj\u00face vyplnenie vr\u00e1sok pre jemn\u00e9 linky okolo o\u010d\u00ed a \u00fast. Mikroguli\u010dky kyseliny hyalur\u00f3novej via\u017eu vodu v hlb\u0161\u00edch vrstv\u00e1ch poko\u017eky a zdv\u00edhaj\u00fa vr\u00e1sky, najm\u00e4 v mimick\u00fdch z\u00f3nach \u2013 v\u00fdsledkom je hlad\u0161ia a pevnej\u0161ia ple\u0165 u\u017e po prvom pou\u017eit\u00ed.<\/span><\/p>\n<p><span class=\"a_GcMg font-feature-liga-off font-feature-clig-off font-feature-calt-off text-decoration-none text-strikethrough-none\">Klinicky overen\u00fd \u00fa\u010dinok je dlhodob\u00fd a mo\u017eno ho postupne zvy\u0161ova\u0165.<\/span><\/p>\n<p><span class=\"a_GcMg font-feature-liga-off font-feature-clig-off font-feature-calt-off text-decoration-none text-strikethrough-none\">\u00da\u010dinn\u00e1 l\u00e1tka Baolift\u2122 stimuluje poko\u017eku na bunkovej \u00farovni, tonizuje a\u00a0<strong>redukuje opuchy pod o\u010dami<\/strong>.<\/span><\/p>\n<p><span class=\"a_GcMg font-feature-liga-off font-feature-clig-off font-feature-calt-off text-decoration-none text-strikethrough-none\">V\u00fd\u0165a\u017eky z kme\u0148ov\u00fdch buniek dama\u0161skej ru\u017ee a exoz\u00f3mov poskytuj\u00fa antioxida\u010dn\u00fa ochranu a podporuj\u00fa regener\u00e1ciu poko\u017eky \u2013 pon\u00fakaj\u00fa tak nielen ve\u013ekolep\u00e9, ale aj vedecky overen\u00e9 rie\u0161enie na spomalenie starnutia citliv\u00fdch oblast\u00ed.<\/span><\/p>\n<p>&nbsp;<\/p>\n<p><strong>Pre\u010do si vybra\u0165 kr\u00e9m Rose Exosome Line Filler?<\/strong><\/p>\n<p>Vidite\u013ene hlad\u0161ia a pevnej\u0161ia ple\u0165<br \/>\n\u00da\u010dinne redukuje opuchy o\u010d\u00ed a zn\u00e1mky \u00fanavy<\/p>\n<p>Antioxida\u010dn\u00e9 zlo\u017eky chr\u00e1nia pred environment\u00e1lnym stresom<\/p>\n<p>Regenera\u010dn\u00fd \u00fa\u010dinok na bunkovej \u00farovni v citliv\u00fdch oblastiach<\/p>\n<p>Efekt vyp\u013a\u0148ania vr\u00e1sok je mo\u017en\u00e9 vybudova\u0165 a udr\u017ea\u0165 ka\u017edodenn\u00fdm pou\u017e\u00edvan\u00edm<\/p>\n<p>&nbsp;<\/p>\n<p><strong>Jedine\u010dn\u00fd \u00fa\u010dinok:<\/strong><\/p>\n<p>\u00da\u010dinok na bunkovej \u00farovni \u2013 Exoz\u00f3my s\u00e9ra dod\u00e1vaj\u00fa bioakt\u00edvne molekuly \u2013 rastov\u00e9 faktory, peptidy, mikro-RNA a antioxidanty \u2013 do hlb\u0161\u00edch vrstiev poko\u017eky. Tie stimuluj\u00fa produkciu kolag\u00e9nu a elast\u00ednu, zni\u017euj\u00fa z\u00e1pal a oxida\u010dn\u00fd stres, \u010d\u00edm pom\u00e1haj\u00fa udr\u017eiava\u0165 pevnos\u0165 a elasticitu poko\u017eky. Perfektn\u00fd doplnok k va\u0161ej rutine proti starnutiu.<\/p>\n<p>&nbsp;<\/p>\n<p><strong>Recept\u00fara \u200b\u200b\u0161etrn\u00e1 k poko\u017eke:<\/strong><\/p>\n<p>0 % miner\u00e1lny olej<br \/>\n0 % silik\u00f3nov\u00fd olej<br \/>\n0 % parfum<br \/>\n0 % farbivo<br \/>\n0 % alkohol<\/p>\n<p>&nbsp;<\/p>\n<p><strong>\u00da\u010dinn\u00e1 l\u00e1tka:<\/strong><\/p>\n<p>Extrakt z kme\u0148ov\u00fdch\u00a0buniek\u00a0a exoz\u00f3my ru\u017ee dama\u0161skej,\u00a0Extrakt z kme\u0148ov\u00fdch buniek Baolift\u2122,\u00a0Alanto\u00edn, Avok\u00e1dov\u00fd olej, Betain, Olej z p\u0161eni\u010dn\u00fdch kl\u00ed\u010dkov, Dama\u0161sk\u00e1 ru\u017eov\u00e1 voda, Vitam\u00edn E, Kyselina hyalur\u00f3nov\u00e1, Jojobov\u00fd olej, Slne\u010dnicov\u00fd olej, Bambuck\u00e9 maslo, Skval\u00e1n<\/p>\n<p><strong>Funkcia:<\/strong>\u00a0Omladenie pleti, Spevnenie, Hydrat\u00e1cia, Proti vr\u00e1skam<\/p>\n<p>&nbsp;<\/p>\n<p><strong>Ako ho pou\u017e\u00edva\u0165 po\u010das kozmetick\u00e9ho o\u0161etrenia:\u00a0<\/strong><\/p>\n<p>Ako posledn\u00fd krok kozmetick\u00e9ho o\u0161etrenia naneste mal\u00e9 mno\u017estvo kr\u00e9mu na vr\u00e1sky okolo o\u010d\u00ed a pier.<\/p>\n<p>&nbsp;<\/p>\n<p><strong>Ako pou\u017e\u00edva\u0165 doma:<\/strong><\/p>\n<p>R\u00e1no a ve\u010der naneste mno\u017estvo ve\u013ekosti ry\u017ee na oblas\u0165 okolo o\u010d\u00ed a pier.<\/p>\n<p>Upozornenie: Zabr\u00e1\u0148te kontaktu s o\u010dami! Uchov\u00e1vajte mimo dosahu det\u00ed!<\/p>\n<p>&nbsp;<\/p>\n<p><span class=\"a_GcMg font-feature-liga-off font-feature-clig-off font-feature-calt-off text-decoration-none text-strikethrough-none\"><strong>Obsah:<\/strong>\u00a015 ml<\/span><\/p>\n<p>&nbsp;<\/p>\n<p>Zlo\u017eenie:\u00a0Aqua, Caprylic\/Capric Triglyceride, Rosa Damascena Flower Water, Propanediol, Persea Gratissima Oil, Cetearyl Ethylhexanoate, Betaine, Cetearyl Olivate, Sodium Lactate, Glycerin, Sorbitan Olivate, Adansonia Digitata Seed Extract, Sodium Lactate, Cetyl Alcohol , Butyrospermum Parkii Butter, Squalane, Simmondsia Chinensis Seed Oil, Xanthan Gum, Rosa Damascena Callus Culture Extract, Inulin Lauryl Carbamate, Pentylene Glycol, Allantoin, Tocopheryl Acetate, Acrylates\/C10-30 Alkyl Acrylate Crosspolymer, Ethylhexyl Stearate, Sodium Hyaluronate Crosspolymer, Polyglyceryl-4 Diisostearate\/Polyhydroxystearate\/ Sebacate, Sodium Isostearate, Tocopherol, Helianthus Annuus Seed Oil, Phenoxyethanol, Ethylhexylglycerin, Gluconolactone, Calcium Gluconate, Phytic Acid, Disodium EDTA, Sodium Hydroxide, o-Cymen-5-ol, Sodium Benzoate<\/p>\n<p>&nbsp;<\/p>\n<p><img data-recalc-dims=\"1\" fetchpriority=\"high\" decoding=\"async\" src=\"https:\/\/i0.wp.com\/www.perlacosmetic.sk\/images\/Solanie_Rose_Exozome_7fbba826.png?resize=300%2C251&#038;ssl=1\" alt=\"\" width=\"300\" height=\"251\" \/><\/p>\n<p>&nbsp;<\/p>\n<p>&nbsp;<\/p>\n","protected":false},"excerpt":{"rendered":"<p>Okam\u017eit\u00e9 a dlhotrvaj\u00face vyplnenie vr\u00e1sok pre jemn\u00e9 linky okolo o\u010d\u00ed a \u00fast. Mikroguli\u010dky kyseliny hyalur\u00f3novej via\u017eu vodu v hlb\u0161\u00edch vrstv\u00e1ch<\/p>\n","protected":false},"featured_media":48919,"comment_status":"closed","ping_status":"closed","template":"","meta":{"jetpack_publicize_message":"","jetpack_publicize_feature_enabled":true,"jetpack_social_post_already_shared":true,"jetpack_social_options":{"image_generator_settings":{"template":"highway","enabled":false},"version":2}},"product_brand":[],"product_cat":[1864,1869],"product_tag":[],"class_list":{"0":"post-48918","1":"product","2":"type-product","3":"status-publish","4":"has-post-thumbnail","6":"product_cat-dekorativna-kozmetika","7":"product_cat-ocne-kremy-a-gely","8":"product_shipping_class-standard","10":"","11":"instock","12":"taxable","13":"shipping-taxable","14":"purchasable","15":"product-type-simple"},"jetpack_publicize_connections":[],"yoast_head":"<!-- This site is optimized with the Yoast SEO plugin v25.6 - https:\/\/yoast.com\/wordpress\/plugins\/seo\/ -->\n<title>ROSE EXOSOME SLOW-AGING LINE FILLER KR\u00c9M 15 ML - ETAKO e-shop<\/title>\n<meta name=\"robots\" content=\"index, follow, max-snippet:-1, max-image-preview:large, max-video-preview:-1\" \/>\n<link rel=\"canonical\" href=\"https:\/\/etako.sk\/eshop\/produkt\/rose-exosome-slow-aging-line-filler-krem-15-ml\/\" \/>\n<meta name=\"twitter:card\" content=\"summary_large_image\" \/>\n<meta name=\"twitter:title\" content=\"ROSE EXOSOME SLOW-AGING LINE FILLER KR\u00c9M 15 ML - ETAKO e-shop\" \/>\n<meta name=\"twitter:description\" content=\"Okam\u017eit\u00e9 a dlhotrvaj\u00face vyplnenie vr\u00e1sok pre jemn\u00e9 linky okolo o\u010d\u00ed a \u00fast. Mikroguli\u010dky kyseliny hyalur\u00f3novej via\u017eu vodu v hlb\u0161\u00edch vrstv\u00e1ch\" \/>\n<meta name=\"twitter:image\" content=\"https:\/\/i0.wp.com\/etako.sk\/eshop\/wp-content\/uploads\/2025\/11\/SO11303_Rose_Exosomes_Line_filler_cream_1000x1000_doboz_es_tubus_5aba46c6.png?fit=630%2C630&ssl=1\" \/>\n<meta name=\"twitter:label1\" content=\"Predpokladan\u00fd \u010das \u010d\u00edtania\" \/>\n\t<meta name=\"twitter:data1\" content=\"3 min\u00faty\" \/>\n<script type=\"application\/ld+json\" class=\"yoast-schema-graph\">{\"@context\":\"https:\/\/schema.org\",\"@graph\":[{\"@type\":\"WebPage\",\"@id\":\"https:\/\/etako.sk\/eshop\/produkt\/rose-exosome-slow-aging-line-filler-krem-15-ml\/\",\"url\":\"https:\/\/etako.sk\/eshop\/produkt\/rose-exosome-slow-aging-line-filler-krem-15-ml\/\",\"name\":\"ROSE EXOSOME SLOW-AGING LINE FILLER KR\u00c9M 15 ML - ETAKO e-shop\",\"isPartOf\":{\"@id\":\"https:\/\/etako.sk\/eshop\/#website\"},\"primaryImageOfPage\":{\"@id\":\"https:\/\/etako.sk\/eshop\/produkt\/rose-exosome-slow-aging-line-filler-krem-15-ml\/#primaryimage\"},\"image\":{\"@id\":\"https:\/\/etako.sk\/eshop\/produkt\/rose-exosome-slow-aging-line-filler-krem-15-ml\/#primaryimage\"},\"thumbnailUrl\":\"https:\/\/i0.wp.com\/etako.sk\/eshop\/wp-content\/uploads\/2025\/11\/SO11303_Rose_Exosomes_Line_filler_cream_1000x1000_doboz_es_tubus_5aba46c6.png?fit=630%2C630&ssl=1\",\"datePublished\":\"2025-11-12T18:46:47+00:00\",\"breadcrumb\":{\"@id\":\"https:\/\/etako.sk\/eshop\/produkt\/rose-exosome-slow-aging-line-filler-krem-15-ml\/#breadcrumb\"},\"inLanguage\":\"sk-SK\",\"potentialAction\":[{\"@type\":\"ReadAction\",\"target\":[\"https:\/\/etako.sk\/eshop\/produkt\/rose-exosome-slow-aging-line-filler-krem-15-ml\/\"]}]},{\"@type\":\"ImageObject\",\"inLanguage\":\"sk-SK\",\"@id\":\"https:\/\/etako.sk\/eshop\/produkt\/rose-exosome-slow-aging-line-filler-krem-15-ml\/#primaryimage\",\"url\":\"https:\/\/i0.wp.com\/etako.sk\/eshop\/wp-content\/uploads\/2025\/11\/SO11303_Rose_Exosomes_Line_filler_cream_1000x1000_doboz_es_tubus_5aba46c6.png?fit=630%2C630&ssl=1\",\"contentUrl\":\"https:\/\/i0.wp.com\/etako.sk\/eshop\/wp-content\/uploads\/2025\/11\/SO11303_Rose_Exosomes_Line_filler_cream_1000x1000_doboz_es_tubus_5aba46c6.png?fit=630%2C630&ssl=1\",\"width\":630,\"height\":630},{\"@type\":\"BreadcrumbList\",\"@id\":\"https:\/\/etako.sk\/eshop\/produkt\/rose-exosome-slow-aging-line-filler-krem-15-ml\/#breadcrumb\",\"itemListElement\":[{\"@type\":\"ListItem\",\"position\":1,\"name\":\"Domovsk\u00e1 str\u00e1nka\",\"item\":\"https:\/\/etako.sk\/eshop\/\"},{\"@type\":\"ListItem\",\"position\":2,\"name\":\"Obchod\",\"item\":\"https:\/\/etako.sk\/eshop\/shop\/\"},{\"@type\":\"ListItem\",\"position\":3,\"name\":\"ROSE EXOSOME SLOW-AGING LINE FILLER KR\u00c9M 15 ML\"}]},{\"@type\":\"WebSite\",\"@id\":\"https:\/\/etako.sk\/eshop\/#website\",\"url\":\"https:\/\/etako.sk\/eshop\/\",\"name\":\"ETAKO e-shop\",\"description\":\"Etako\",\"potentialAction\":[{\"@type\":\"SearchAction\",\"target\":{\"@type\":\"EntryPoint\",\"urlTemplate\":\"https:\/\/etako.sk\/eshop\/?s={search_term_string}\"},\"query-input\":{\"@type\":\"PropertyValueSpecification\",\"valueRequired\":true,\"valueName\":\"search_term_string\"}}],\"inLanguage\":\"sk-SK\"}]}<\/script>\n<!-- \/ Yoast SEO plugin. -->","yoast_head_json":{"title":"ROSE EXOSOME SLOW-AGING LINE FILLER KR\u00c9M 15 ML - ETAKO e-shop","robots":{"index":"index","follow":"follow","max-snippet":"max-snippet:-1","max-image-preview":"max-image-preview:large","max-video-preview":"max-video-preview:-1"},"canonical":"https:\/\/etako.sk\/eshop\/produkt\/rose-exosome-slow-aging-line-filler-krem-15-ml\/","twitter_card":"summary_large_image","twitter_title":"ROSE EXOSOME SLOW-AGING LINE FILLER KR\u00c9M 15 ML - ETAKO e-shop","twitter_description":"Okam\u017eit\u00e9 a dlhotrvaj\u00face vyplnenie vr\u00e1sok pre jemn\u00e9 linky okolo o\u010d\u00ed a \u00fast. Mikroguli\u010dky kyseliny hyalur\u00f3novej via\u017eu vodu v hlb\u0161\u00edch vrstv\u00e1ch","twitter_image":"https:\/\/i0.wp.com\/etako.sk\/eshop\/wp-content\/uploads\/2025\/11\/SO11303_Rose_Exosomes_Line_filler_cream_1000x1000_doboz_es_tubus_5aba46c6.png?fit=630%2C630&ssl=1","twitter_misc":{"Predpokladan\u00fd \u010das \u010d\u00edtania":"3 min\u00faty"},"schema":{"@context":"https:\/\/schema.org","@graph":[{"@type":"WebPage","@id":"https:\/\/etako.sk\/eshop\/produkt\/rose-exosome-slow-aging-line-filler-krem-15-ml\/","url":"https:\/\/etako.sk\/eshop\/produkt\/rose-exosome-slow-aging-line-filler-krem-15-ml\/","name":"ROSE EXOSOME SLOW-AGING LINE FILLER KR\u00c9M 15 ML - ETAKO e-shop","isPartOf":{"@id":"https:\/\/etako.sk\/eshop\/#website"},"primaryImageOfPage":{"@id":"https:\/\/etako.sk\/eshop\/produkt\/rose-exosome-slow-aging-line-filler-krem-15-ml\/#primaryimage"},"image":{"@id":"https:\/\/etako.sk\/eshop\/produkt\/rose-exosome-slow-aging-line-filler-krem-15-ml\/#primaryimage"},"thumbnailUrl":"https:\/\/i0.wp.com\/etako.sk\/eshop\/wp-content\/uploads\/2025\/11\/SO11303_Rose_Exosomes_Line_filler_cream_1000x1000_doboz_es_tubus_5aba46c6.png?fit=630%2C630&ssl=1","datePublished":"2025-11-12T18:46:47+00:00","breadcrumb":{"@id":"https:\/\/etako.sk\/eshop\/produkt\/rose-exosome-slow-aging-line-filler-krem-15-ml\/#breadcrumb"},"inLanguage":"sk-SK","potentialAction":[{"@type":"ReadAction","target":["https:\/\/etako.sk\/eshop\/produkt\/rose-exosome-slow-aging-line-filler-krem-15-ml\/"]}]},{"@type":"ImageObject","inLanguage":"sk-SK","@id":"https:\/\/etako.sk\/eshop\/produkt\/rose-exosome-slow-aging-line-filler-krem-15-ml\/#primaryimage","url":"https:\/\/i0.wp.com\/etako.sk\/eshop\/wp-content\/uploads\/2025\/11\/SO11303_Rose_Exosomes_Line_filler_cream_1000x1000_doboz_es_tubus_5aba46c6.png?fit=630%2C630&ssl=1","contentUrl":"https:\/\/i0.wp.com\/etako.sk\/eshop\/wp-content\/uploads\/2025\/11\/SO11303_Rose_Exosomes_Line_filler_cream_1000x1000_doboz_es_tubus_5aba46c6.png?fit=630%2C630&ssl=1","width":630,"height":630},{"@type":"BreadcrumbList","@id":"https:\/\/etako.sk\/eshop\/produkt\/rose-exosome-slow-aging-line-filler-krem-15-ml\/#breadcrumb","itemListElement":[{"@type":"ListItem","position":1,"name":"Domovsk\u00e1 str\u00e1nka","item":"https:\/\/etako.sk\/eshop\/"},{"@type":"ListItem","position":2,"name":"Obchod","item":"https:\/\/etako.sk\/eshop\/shop\/"},{"@type":"ListItem","position":3,"name":"ROSE EXOSOME SLOW-AGING LINE FILLER KR\u00c9M 15 ML"}]},{"@type":"WebSite","@id":"https:\/\/etako.sk\/eshop\/#website","url":"https:\/\/etako.sk\/eshop\/","name":"ETAKO e-shop","description":"Etako","potentialAction":[{"@type":"SearchAction","target":{"@type":"EntryPoint","urlTemplate":"https:\/\/etako.sk\/eshop\/?s={search_term_string}"},"query-input":{"@type":"PropertyValueSpecification","valueRequired":true,"valueName":"search_term_string"}}],"inLanguage":"sk-SK"}]}},"jetpack_sharing_enabled":true,"_links":{"self":[{"href":"https:\/\/etako.sk\/eshop\/wp-json\/wp\/v2\/product\/48918","targetHints":{"allow":["GET"]}}],"collection":[{"href":"https:\/\/etako.sk\/eshop\/wp-json\/wp\/v2\/product"}],"about":[{"href":"https:\/\/etako.sk\/eshop\/wp-json\/wp\/v2\/types\/product"}],"replies":[{"embeddable":true,"href":"https:\/\/etako.sk\/eshop\/wp-json\/wp\/v2\/comments?post=48918"}],"version-history":[{"count":1,"href":"https:\/\/etako.sk\/eshop\/wp-json\/wp\/v2\/product\/48918\/revisions"}],"predecessor-version":[{"id":48920,"href":"https:\/\/etako.sk\/eshop\/wp-json\/wp\/v2\/product\/48918\/revisions\/48920"}],"wp:featuredmedia":[{"embeddable":true,"href":"https:\/\/etako.sk\/eshop\/wp-json\/wp\/v2\/media\/48919"}],"wp:attachment":[{"href":"https:\/\/etako.sk\/eshop\/wp-json\/wp\/v2\/media?parent=48918"}],"wp:term":[{"taxonomy":"product_brand","embeddable":true,"href":"https:\/\/etako.sk\/eshop\/wp-json\/wp\/v2\/product_brand?post=48918"},{"taxonomy":"product_cat","embeddable":true,"href":"https:\/\/etako.sk\/eshop\/wp-json\/wp\/v2\/product_cat?post=48918"},{"taxonomy":"product_tag","embeddable":true,"href":"https:\/\/etako.sk\/eshop\/wp-json\/wp\/v2\/product_tag?post=48918"}],"curies":[{"name":"wp","href":"https:\/\/api.w.org\/{rel}","templated":true}]}}