{"id":48915,"date":"2025-11-12T20:41:54","date_gmt":"2025-11-12T18:41:54","guid":{"rendered":"https:\/\/etako.sk\/eshop\/?post_type=product&#038;p=48915"},"modified":"2025-11-12T20:41:54","modified_gmt":"2025-11-12T18:41:54","slug":"aha-peel-nocny-krem-s-omladzujucim-ucinkom-30-ml","status":"publish","type":"product","link":"https:\/\/etako.sk\/eshop\/produkt\/aha-peel-nocny-krem-s-omladzujucim-ucinkom-30-ml\/","title":{"rendered":"AHA peel no\u010dn\u00fd kr\u00e9m s omladzuj\u00facim \u00fa\u010dinkom 30 ml"},"content":{"rendered":"<p><strong>Omladzuj\u00faci no\u010dn\u00fd kr\u00e9m AHA Peel pre obnovu pleti<\/strong><\/p>\n<p>&nbsp;<\/p>\n<p>Kr\u00e9m obsahuje\u00a0<strong>2%\u00a0<\/strong><strong>AHA<\/strong>\u00a0<strong>kyselinu\u00a0<\/strong>(alfa-hydroxykyselina) s ide\u00e1lnou hodnotou pH 4,5\u20135,5, v\u010faka \u010domu efekt\u00edvne obnovuje poko\u017eku. Jemne, ale \u00fa\u010dinne odstra\u0148uje odumret\u00e9 bunky, vyhladzuje povrch pleti a pom\u00e1ha zni\u017eova\u0165 vidite\u013enos\u0165 pigmentov\u00fdch \u0161kv\u0155n.<\/p>\n<p>Obsahuje\u00a0<strong>v\u00fd\u0165a\u017eky z modr\u00fdch a bielych lotosov\u00fdch kvetov<\/strong>\u00a0spolu s hor\u010d\u00edkom, ktor\u00e9 zmier\u0148uj\u00fa stres, redukuj\u00fa \u00fanavu ko\u017ee a chr\u00e1nia ju pred zn\u00e1mkami starnutia sp\u00f4soben\u00fdmi stresom.<\/p>\n<p>Kr\u00e9m m\u00e1 protivr\u00e1skov\u00fd \u00fa\u010dinok, vidite\u013ene vyhladzuje vr\u00e1sky a chr\u00e1ni ple\u0165 pred \u010fal\u0161\u00edm podr\u00e1\u017eden\u00edm.<\/p>\n<p><strong>Bambuck\u00e9 maslo<\/strong>,\u00a0<strong>makadamov\u00fd olej\u00a0<\/strong>a\u00a0<strong>jojobov\u00fd olej\u00a0<\/strong>v jeho zlo\u017een\u00ed zlep\u0161uj\u00fa pevnos\u0165, pru\u017enos\u0165 a hebkos\u0165 poko\u017eky.<\/p>\n<p>&nbsp;<\/p>\n<p>Pravideln\u00e9 pou\u017e\u00edvanie podporuje regener\u00e1ciu a vyhladenie poko\u017eky, \u010d\u00edm posil\u0148uje \u00fa\u010dinky kyseliny AHA.<\/p>\n<p>&nbsp;<\/p>\n<p>&nbsp;<\/p>\n<p><strong>Pre\u010do si vybra\u0165 Solanie AHA peel no\u010dn\u00fd kr\u00e9m\u00a0<\/strong><strong>?<\/strong><\/p>\n<p>Aktivuje procesy tvorby nov\u00fdch buniek v poko\u017eke<br \/>\nZlep\u0161uje pomer nov\u00fdch ko\u017en\u00fdch buniek<br \/>\nVyhladzuje a zjednocuje povrch poko\u017eky<br \/>\nRedukuje h\u013abku vr\u00e1sok<br \/>\nHarmonizuje farebn\u00e9 rozdiely pleti<br \/>\nObsahuje pr\u00edrodn\u00e9 oleje pre maxim\u00e1lnu pru\u017enos\u0165 a v\u00fd\u017eivu poko\u017eky<\/p>\n<p>&nbsp;<\/p>\n<p>&nbsp;<\/p>\n<p><strong>Obsah:<\/strong>\u00a030\u00a0ml<\/p>\n<p>&nbsp;<\/p>\n<p>&nbsp;<\/p>\n<p><strong>Pou\u017eitie:<\/strong><strong>\u00a0<\/strong>Kr\u00e9m naneste ve\u010der na vy\u010disten\u00fa a such\u00fa tv\u00e1r a krk \u00a0Nechajte kr\u00e9m vstreba\u0165.<br \/>\nKr\u00e9m je ur\u010den\u00fd\u00a0na vonkaj\u0161ie pou\u017eitie.<\/p>\n<p>Uchov\u00e1vajte mimo dosahu det\u00ed.<\/p>\n<p>Zabr\u00e1\u0148te kontaktu s o\u010dami.<\/p>\n<p>V pr\u00edpade kontaktu s o\u010dami vypl\u00e1chnite ve\u013ek\u00fdm mno\u017estvom vody.<\/p>\n<p><strong>\u0160etrn\u00fd k poko\u017eke:\u00a0<\/strong><br \/>\n0% parab\u00e9nov<br \/>\n0% miner\u00e1lneho oleja<\/p>\n<p>0% silik\u00f3nov\u00fd oleja<\/p>\n<p>0% farbiv\u00e1<\/p>\n<p>Netestovan\u00e9 na zvierat\u00e1ch<\/p>\n<p><strong>\u00da\u010dinn\u00e9\u00a0l\u00e1tky:<\/strong><br \/>\nAHA kyseliny,<\/p>\n<p>alanto\u00edn,<\/p>\n<p>extrakt z pupo\u010dn\u00edka,<\/p>\n<p>vitam\u00edn E,<\/p>\n<p>lotosov\u00e1 kvetinov\u00e1 voda,<\/p>\n<p>hor\u010d\u00edk PCA,<\/p>\n<p>olej z makadamov\u00fdch orechov,<\/p>\n<p>panthenol (vitam\u00edn B5),<\/p>\n<p>bambuck\u00e9 maslo<\/p>\n<div class=\"property_value_item\"><\/div>\n<p>&nbsp;<\/p>\n<p><strong>Odpor\u00fa\u010dan\u00fd typ pleti:<\/strong><\/p>\n<p>such\u00e1,<\/p>\n<p>citliv\u00e1,<\/p>\n<p>starn\u00faca<\/p>\n<div class=\"property_value_item\"><\/div>\n<p><strong>Funkcie\u00a0produktu:<\/strong><\/p>\n<p>Intenz\u00edvne hydratuje a tonizuje poko\u017eku<br \/>\nZosvetlenie pigmentu<br \/>\nOmladenie<br \/>\n&nbsp;<\/p>\n<p>Doprajte svojej pleti no\u010dn\u00fa starostlivos\u0165 s omladzuj\u00facim kr\u00e9mom AHA Peel a prebu\u010fte sa s hlad\u0161ou, regenerovanou a \u017eiarivou ple\u0165ou!<\/p>\n<p>&nbsp;<\/p>\n<p>&nbsp;<\/p>\n<p>&nbsp;<\/p>\n<p>&nbsp;<\/p>\n<p>&nbsp;<\/p>\n","protected":false},"excerpt":{"rendered":"<p>Omladzuj\u00faci no\u010dn\u00fd kr\u00e9m AHA Peel pre obnovu pleti &nbsp; Kr\u00e9m obsahuje\u00a02%\u00a0AHA\u00a0kyselinu\u00a0(alfa-hydroxykyselina) s ide\u00e1lnou hodnotou pH 4,5\u20135,5, v\u010faka \u010domu efekt\u00edvne obnovuje<\/p>\n","protected":false},"featured_media":48916,"comment_status":"closed","ping_status":"closed","template":"","meta":{"jetpack_publicize_message":"","jetpack_publicize_feature_enabled":true,"jetpack_social_post_already_shared":true,"jetpack_social_options":{"image_generator_settings":{"template":"highway","enabled":false},"version":2}},"product_brand":[],"product_cat":[1864,1866],"product_tag":[],"class_list":{"0":"post-48915","1":"product","2":"type-product","3":"status-publish","4":"has-post-thumbnail","6":"product_cat-dekorativna-kozmetika","7":"product_cat-nocny-krem","8":"product_shipping_class-standard","10":"","11":"instock","12":"taxable","13":"shipping-taxable","14":"purchasable","15":"product-type-simple"},"jetpack_publicize_connections":[],"yoast_head":"<!-- This site is optimized with the Yoast SEO plugin v25.6 - https:\/\/yoast.com\/wordpress\/plugins\/seo\/ -->\n<title>AHA peel no\u010dn\u00fd kr\u00e9m s omladzuj\u00facim \u00fa\u010dinkom 30 ml - ETAKO e-shop<\/title>\n<meta name=\"robots\" content=\"index, follow, max-snippet:-1, max-image-preview:large, max-video-preview:-1\" \/>\n<link rel=\"canonical\" href=\"https:\/\/etako.sk\/eshop\/produkt\/aha-peel-nocny-krem-s-omladzujucim-ucinkom-30-ml\/\" \/>\n<meta name=\"twitter:card\" content=\"summary_large_image\" \/>\n<meta name=\"twitter:title\" content=\"AHA peel no\u010dn\u00fd kr\u00e9m s omladzuj\u00facim \u00fa\u010dinkom 30 ml - ETAKO e-shop\" \/>\n<meta name=\"twitter:description\" content=\"Omladzuj\u00faci no\u010dn\u00fd kr\u00e9m AHA Peel pre obnovu pleti &nbsp; Kr\u00e9m obsahuje\u00a02%\u00a0AHA\u00a0kyselinu\u00a0(alfa-hydroxykyselina) s ide\u00e1lnou hodnotou pH 4,5\u20135,5, v\u010faka \u010domu efekt\u00edvne obnovuje\" \/>\n<meta name=\"twitter:image\" content=\"https:\/\/i0.wp.com\/etako.sk\/eshop\/wp-content\/uploads\/2025\/11\/Solanie_aha_nocny_krem.jpeg?fit=630%2C630&ssl=1\" \/>\n<meta name=\"twitter:label1\" content=\"Predpokladan\u00fd \u010das \u010d\u00edtania\" \/>\n\t<meta name=\"twitter:data1\" content=\"2 min\u00faty\" \/>\n<script type=\"application\/ld+json\" class=\"yoast-schema-graph\">{\"@context\":\"https:\/\/schema.org\",\"@graph\":[{\"@type\":\"WebPage\",\"@id\":\"https:\/\/etako.sk\/eshop\/produkt\/aha-peel-nocny-krem-s-omladzujucim-ucinkom-30-ml\/\",\"url\":\"https:\/\/etako.sk\/eshop\/produkt\/aha-peel-nocny-krem-s-omladzujucim-ucinkom-30-ml\/\",\"name\":\"AHA peel no\u010dn\u00fd kr\u00e9m s omladzuj\u00facim \u00fa\u010dinkom 30 ml - ETAKO e-shop\",\"isPartOf\":{\"@id\":\"https:\/\/etako.sk\/eshop\/#website\"},\"primaryImageOfPage\":{\"@id\":\"https:\/\/etako.sk\/eshop\/produkt\/aha-peel-nocny-krem-s-omladzujucim-ucinkom-30-ml\/#primaryimage\"},\"image\":{\"@id\":\"https:\/\/etako.sk\/eshop\/produkt\/aha-peel-nocny-krem-s-omladzujucim-ucinkom-30-ml\/#primaryimage\"},\"thumbnailUrl\":\"https:\/\/i0.wp.com\/etako.sk\/eshop\/wp-content\/uploads\/2025\/11\/Solanie_aha_nocny_krem.jpeg?fit=630%2C630&ssl=1\",\"datePublished\":\"2025-11-12T18:41:54+00:00\",\"breadcrumb\":{\"@id\":\"https:\/\/etako.sk\/eshop\/produkt\/aha-peel-nocny-krem-s-omladzujucim-ucinkom-30-ml\/#breadcrumb\"},\"inLanguage\":\"sk-SK\",\"potentialAction\":[{\"@type\":\"ReadAction\",\"target\":[\"https:\/\/etako.sk\/eshop\/produkt\/aha-peel-nocny-krem-s-omladzujucim-ucinkom-30-ml\/\"]}]},{\"@type\":\"ImageObject\",\"inLanguage\":\"sk-SK\",\"@id\":\"https:\/\/etako.sk\/eshop\/produkt\/aha-peel-nocny-krem-s-omladzujucim-ucinkom-30-ml\/#primaryimage\",\"url\":\"https:\/\/i0.wp.com\/etako.sk\/eshop\/wp-content\/uploads\/2025\/11\/Solanie_aha_nocny_krem.jpeg?fit=630%2C630&ssl=1\",\"contentUrl\":\"https:\/\/i0.wp.com\/etako.sk\/eshop\/wp-content\/uploads\/2025\/11\/Solanie_aha_nocny_krem.jpeg?fit=630%2C630&ssl=1\",\"width\":630,\"height\":630},{\"@type\":\"BreadcrumbList\",\"@id\":\"https:\/\/etako.sk\/eshop\/produkt\/aha-peel-nocny-krem-s-omladzujucim-ucinkom-30-ml\/#breadcrumb\",\"itemListElement\":[{\"@type\":\"ListItem\",\"position\":1,\"name\":\"Domovsk\u00e1 str\u00e1nka\",\"item\":\"https:\/\/etako.sk\/eshop\/\"},{\"@type\":\"ListItem\",\"position\":2,\"name\":\"Obchod\",\"item\":\"https:\/\/etako.sk\/eshop\/shop\/\"},{\"@type\":\"ListItem\",\"position\":3,\"name\":\"AHA peel no\u010dn\u00fd kr\u00e9m s omladzuj\u00facim \u00fa\u010dinkom 30 ml\"}]},{\"@type\":\"WebSite\",\"@id\":\"https:\/\/etako.sk\/eshop\/#website\",\"url\":\"https:\/\/etako.sk\/eshop\/\",\"name\":\"ETAKO e-shop\",\"description\":\"Etako\",\"potentialAction\":[{\"@type\":\"SearchAction\",\"target\":{\"@type\":\"EntryPoint\",\"urlTemplate\":\"https:\/\/etako.sk\/eshop\/?s={search_term_string}\"},\"query-input\":{\"@type\":\"PropertyValueSpecification\",\"valueRequired\":true,\"valueName\":\"search_term_string\"}}],\"inLanguage\":\"sk-SK\"}]}<\/script>\n<!-- \/ Yoast SEO plugin. -->","yoast_head_json":{"title":"AHA peel no\u010dn\u00fd kr\u00e9m s omladzuj\u00facim \u00fa\u010dinkom 30 ml - ETAKO e-shop","robots":{"index":"index","follow":"follow","max-snippet":"max-snippet:-1","max-image-preview":"max-image-preview:large","max-video-preview":"max-video-preview:-1"},"canonical":"https:\/\/etako.sk\/eshop\/produkt\/aha-peel-nocny-krem-s-omladzujucim-ucinkom-30-ml\/","twitter_card":"summary_large_image","twitter_title":"AHA peel no\u010dn\u00fd kr\u00e9m s omladzuj\u00facim \u00fa\u010dinkom 30 ml - ETAKO e-shop","twitter_description":"Omladzuj\u00faci no\u010dn\u00fd kr\u00e9m AHA Peel pre obnovu pleti &nbsp; Kr\u00e9m obsahuje\u00a02%\u00a0AHA\u00a0kyselinu\u00a0(alfa-hydroxykyselina) s ide\u00e1lnou hodnotou pH 4,5\u20135,5, v\u010faka \u010domu efekt\u00edvne obnovuje","twitter_image":"https:\/\/i0.wp.com\/etako.sk\/eshop\/wp-content\/uploads\/2025\/11\/Solanie_aha_nocny_krem.jpeg?fit=630%2C630&ssl=1","twitter_misc":{"Predpokladan\u00fd \u010das \u010d\u00edtania":"2 min\u00faty"},"schema":{"@context":"https:\/\/schema.org","@graph":[{"@type":"WebPage","@id":"https:\/\/etako.sk\/eshop\/produkt\/aha-peel-nocny-krem-s-omladzujucim-ucinkom-30-ml\/","url":"https:\/\/etako.sk\/eshop\/produkt\/aha-peel-nocny-krem-s-omladzujucim-ucinkom-30-ml\/","name":"AHA peel no\u010dn\u00fd kr\u00e9m s omladzuj\u00facim \u00fa\u010dinkom 30 ml - ETAKO e-shop","isPartOf":{"@id":"https:\/\/etako.sk\/eshop\/#website"},"primaryImageOfPage":{"@id":"https:\/\/etako.sk\/eshop\/produkt\/aha-peel-nocny-krem-s-omladzujucim-ucinkom-30-ml\/#primaryimage"},"image":{"@id":"https:\/\/etako.sk\/eshop\/produkt\/aha-peel-nocny-krem-s-omladzujucim-ucinkom-30-ml\/#primaryimage"},"thumbnailUrl":"https:\/\/i0.wp.com\/etako.sk\/eshop\/wp-content\/uploads\/2025\/11\/Solanie_aha_nocny_krem.jpeg?fit=630%2C630&ssl=1","datePublished":"2025-11-12T18:41:54+00:00","breadcrumb":{"@id":"https:\/\/etako.sk\/eshop\/produkt\/aha-peel-nocny-krem-s-omladzujucim-ucinkom-30-ml\/#breadcrumb"},"inLanguage":"sk-SK","potentialAction":[{"@type":"ReadAction","target":["https:\/\/etako.sk\/eshop\/produkt\/aha-peel-nocny-krem-s-omladzujucim-ucinkom-30-ml\/"]}]},{"@type":"ImageObject","inLanguage":"sk-SK","@id":"https:\/\/etako.sk\/eshop\/produkt\/aha-peel-nocny-krem-s-omladzujucim-ucinkom-30-ml\/#primaryimage","url":"https:\/\/i0.wp.com\/etako.sk\/eshop\/wp-content\/uploads\/2025\/11\/Solanie_aha_nocny_krem.jpeg?fit=630%2C630&ssl=1","contentUrl":"https:\/\/i0.wp.com\/etako.sk\/eshop\/wp-content\/uploads\/2025\/11\/Solanie_aha_nocny_krem.jpeg?fit=630%2C630&ssl=1","width":630,"height":630},{"@type":"BreadcrumbList","@id":"https:\/\/etako.sk\/eshop\/produkt\/aha-peel-nocny-krem-s-omladzujucim-ucinkom-30-ml\/#breadcrumb","itemListElement":[{"@type":"ListItem","position":1,"name":"Domovsk\u00e1 str\u00e1nka","item":"https:\/\/etako.sk\/eshop\/"},{"@type":"ListItem","position":2,"name":"Obchod","item":"https:\/\/etako.sk\/eshop\/shop\/"},{"@type":"ListItem","position":3,"name":"AHA peel no\u010dn\u00fd kr\u00e9m s omladzuj\u00facim \u00fa\u010dinkom 30 ml"}]},{"@type":"WebSite","@id":"https:\/\/etako.sk\/eshop\/#website","url":"https:\/\/etako.sk\/eshop\/","name":"ETAKO e-shop","description":"Etako","potentialAction":[{"@type":"SearchAction","target":{"@type":"EntryPoint","urlTemplate":"https:\/\/etako.sk\/eshop\/?s={search_term_string}"},"query-input":{"@type":"PropertyValueSpecification","valueRequired":true,"valueName":"search_term_string"}}],"inLanguage":"sk-SK"}]}},"jetpack_sharing_enabled":true,"_links":{"self":[{"href":"https:\/\/etako.sk\/eshop\/wp-json\/wp\/v2\/product\/48915","targetHints":{"allow":["GET"]}}],"collection":[{"href":"https:\/\/etako.sk\/eshop\/wp-json\/wp\/v2\/product"}],"about":[{"href":"https:\/\/etako.sk\/eshop\/wp-json\/wp\/v2\/types\/product"}],"replies":[{"embeddable":true,"href":"https:\/\/etako.sk\/eshop\/wp-json\/wp\/v2\/comments?post=48915"}],"version-history":[{"count":1,"href":"https:\/\/etako.sk\/eshop\/wp-json\/wp\/v2\/product\/48915\/revisions"}],"predecessor-version":[{"id":48917,"href":"https:\/\/etako.sk\/eshop\/wp-json\/wp\/v2\/product\/48915\/revisions\/48917"}],"wp:featuredmedia":[{"embeddable":true,"href":"https:\/\/etako.sk\/eshop\/wp-json\/wp\/v2\/media\/48916"}],"wp:attachment":[{"href":"https:\/\/etako.sk\/eshop\/wp-json\/wp\/v2\/media?parent=48915"}],"wp:term":[{"taxonomy":"product_brand","embeddable":true,"href":"https:\/\/etako.sk\/eshop\/wp-json\/wp\/v2\/product_brand?post=48915"},{"taxonomy":"product_cat","embeddable":true,"href":"https:\/\/etako.sk\/eshop\/wp-json\/wp\/v2\/product_cat?post=48915"},{"taxonomy":"product_tag","embeddable":true,"href":"https:\/\/etako.sk\/eshop\/wp-json\/wp\/v2\/product_tag?post=48915"}],"curies":[{"name":"wp","href":"https:\/\/api.w.org\/{rel}","templated":true}]}}