{"id":48910,"date":"2025-11-12T20:36:26","date_gmt":"2025-11-12T18:36:26","guid":{"rendered":"https:\/\/etako.sk\/eshop\/?post_type=product&#038;p=48910"},"modified":"2025-11-12T20:37:11","modified_gmt":"2025-11-12T18:37:11","slug":"boto-lift-serum-no-11-30ml","status":"publish","type":"product","link":"https:\/\/etako.sk\/eshop\/produkt\/boto-lift-serum-no-11-30ml\/","title":{"rendered":"Boto-Lift s\u00e9rum No.11 30ml"},"content":{"rendered":"<p>&nbsp;<\/p>\n<section><main id=\"main\"><\/p>\n<div class=\"middle\">\n<div id=\"AjaxMainSection\" class=\"vs-section container\">\n<div class=\"commodityDetail\">\n<div class=\"commodityDetail-bottom\">\n<div class=\"vc-tabstemplate\">\n<div class=\"inner loaded\" data-module=\"vm\/TabsTemplate\">\n<div class=\"body\">\n<div id=\"CommodityDetail_1\" class=\"tab s-selected\">\n<div class=\"content\">\n<div class=\"vc-commoditydetail_description curtailment\">\n<div class=\"description wysiwyg\">\n<p>Peptid\u00a0<strong>ARGIRELINE\u00ae<\/strong>\u00a0\u00a0inhibuje uvo\u013e\u0148ovanie neurotransmiterov, ktor\u00e9 riadia kontrakciu svalov tv\u00e1re &#8211; \u010do je jemn\u00e1 alternat\u00edva k botoxu, nar\u00fa\u0161a komplexn\u00fd prote\u00ednov\u00fd syst\u00e9m zapojen\u00fd do kontrakcie svalov, aby sa minimalizoval v\u00fdskyt vr\u00e1sok.<\/p>\n<p>&nbsp;<\/p>\n<p><strong>Tripeptid MATRIXYL\u00ae 3000\u00a0<\/strong>je siln\u00fd peptid, ktor\u00fd \u00fa\u010dinne bojuje proti vr\u00e1skam,\u00a0 v\u00fdrazne zvy\u0161uje regenera\u010dn\u00e9 procesy poko\u017eky v jej hlb\u0161\u00edch vrstv\u00e1ch, \u010d\u00edm sa\u00a0navy\u0161uje hladina\u00a0kolag\u00e9nu v poko\u017eke. Pom\u00e1ha zni\u017eova\u0165 tvorbu vr\u00e1sok a vyhladzova\u0165 u\u017e existuj\u00face hlb\u0161ie vr\u00e1sky.<\/p>\n<p>S\u00e9rum sa \u013eahko vstreb\u00e1va, m\u00e1 g\u00e9lov\u00fa\u00a0text\u00faru. Odpor\u00fa\u010da sa pre v\u0161etky typy pleti.<\/p>\n<p><strong>Pre\u010do si vybra\u0165 Boto-Lift Argireline + MATRIXYL\u00ae 3000 s\u00e9rum?<\/strong><\/p>\n<p>Rie\u0161enie 2 v 1, ktor\u00e9 p\u00f4sob\u00ed ako na povrchu poko\u017eky, tak aj v jej hlb\u0161\u00edch vrstv\u00e1ch:<br \/>\nArgireline \u00ae zni\u017euje vidite\u013enos\u0165 mimick\u00fdch vr\u00e1sok<br \/>\nMATRIXYL\u00ae 3000 pom\u00e1ha poko\u017eke produkova\u0165 kolag\u00e9n, \u010d\u00edm zni\u017euje h\u013abku vr\u00e1sok<br \/>\nZlep\u0161uje elasticitu a hydrat\u00e1ciu poko\u017eky<br \/>\n\u013dahk\u00e9 zlo\u017eenie na vodnej b\u00e1ze<\/p>\n<p><strong>Maxim\u00e1lne zlo\u017eenie \u0161etrn\u00e9 k poko\u017eke:<\/strong><br \/>\n0% miner\u00e1lneho oleja<br \/>\n0% silik\u00f3nov\u00fd olej<br \/>\n0% parf\u00e9m<br \/>\n0 % farbiva<br \/>\n&nbsp;<\/p>\n<p><strong>Obsah:\u00a0 30\u00a0ml<\/strong><\/p>\n<p>&nbsp;<\/p>\n<p>&nbsp;<\/p>\n<p><strong>\u00da\u010dinn\u00e9\u00a0l\u00e1tky:<\/strong><\/p>\n<p>Argireline\u00ae,<br \/>\nbeta\u00edn,<br \/>\nelast\u00edn,<br \/>\nMatrixyl 3000\u00ae<\/p>\n<p>&nbsp;<\/p>\n<p><strong>Odpor\u00fa\u010dan\u00fd typ pleti:<\/strong><\/p>\n<p>starn\u00faca,<br \/>\nkombinovan\u00e1,<br \/>\nnorm\u00e1lna,<br \/>\nsuch\u00e1<\/p>\n<p>&nbsp;<\/p>\n<p><strong>Funkcie\u00a0produktu:<\/strong><br \/>\nVidite\u013ene redukuje h\u013abku a v\u00fdskyt vr\u00e1sok.<br \/>\nNapom\u00e1ha spevneniu a pru\u017enosti poko\u017eky.<br \/>\nObnovuje ple\u0165, ktor\u00e1 vyzer\u00e1 mladistvo a svie\u017eo.<\/p>\n<p><strong>Pou\u017eitie:<\/strong><br \/>\nV r\u00e1mci ka\u017edodennej rutiny naneste 2 &#8211; 4 kvapky s\u00e9ra na vy\u010disten\u00fa ple\u0165 tv\u00e1re, krku a dekoltu r\u00e1no a ve\u010der a jemne vmas\u00edrujte. Potom naneste ple\u0165ov\u00fd kr\u00e9m vhodn\u00fd pre v\u00e1\u0161 typ pleti.<\/p>\n<p><strong>\u200bIngredients\/Zlo\u017eenie:<\/strong><br \/>\nAqua, Glycerin, Pentylene Glycol, Betaine, Panthenol, Propylene Glycol, Phenoxyethanol, Butylene Glycol, Xanthan Gum, Hydrolyzed Elastin, Acetyl Hexapeptide-8, Palmitoyl Tripeptide-1, Palmitoyl Tetrapeptide-7, Chondrus Crispus, Sodium Hyaluronate, Ethylhexylglycerin, Caprylyl Glycol, Carbomer, Polysorbate 20, Disodium EDTA<\/p>\n<p>&nbsp;<\/p>\n<p><img data-recalc-dims=\"1\" fetchpriority=\"high\" decoding=\"async\" src=\"https:\/\/i0.wp.com\/www.perlacosmetic.sk\/images\/solanie%20Botox%20s%C3%A9rum.jpg?resize=500%2C255&#038;ssl=1\" alt=\"\" width=\"500\" height=\"255\" \/><\/p>\n<\/div>\n<\/div>\n<\/div>\n<\/div>\n<\/div>\n<\/div>\n<\/div>\n<div id=\"CommodityAlternate\" class=\"vc-commoditydetail_alternate\">\n<div class=\"inner\">\n<h2 class=\"header\"><\/h2>\n<div class=\"content\" data-loading=\"Na\u010d\u00edtavam...\">\n<div class=\"commodities loaded\" data-module=\"widgets\/ProductSlider\" data-module-setting=\"{&quot;displaySlider&quot;:true,&quot;visibleItemsCount&quot;:5,&quot;viewPort&quot;:[1,2,3,4,5]}\">\n<div class=\"owl-carousel owl-loaded owl-drag\">\n<div class=\"owl-stage-outer\">\n<div class=\"owl-stage\">\n<div class=\"owl-item active\" aria-hidden=\"false\">\n<article class=\"commodityBox\" data-id=\"1637\" data-item-id=\"dataItemId\" data-category-id=\"\">\n<div class=\"image loaded\"><\/div>\n<div class=\"buyForm\"><\/div>\n<\/article>\n<\/div>\n<div class=\"owl-item active\" aria-hidden=\"false\">\n<article class=\"commodityBox\" data-id=\"3655\" data-item-id=\"dataItemId\" data-category-id=\"\">\n<div class=\"image loaded\"><\/div>\n<div class=\"buyForm\"><\/div>\n<\/article>\n<\/div>\n<div class=\"owl-item active\" aria-hidden=\"false\">\n<article class=\"commodityBox\" data-id=\"1139\" data-item-id=\"dataItemId\" data-category-id=\"\">\n<div class=\"image loaded\"><\/div>\n<div class=\"buyForm\"><\/div>\n<\/article>\n<\/div>\n<div class=\"owl-item active\" aria-hidden=\"false\">\n<article class=\"commodityBox\" data-id=\"3519\" data-item-id=\"dataItemId\" data-category-id=\"\">\n<div class=\"image loaded\"><\/div>\n<div class=\"buyForm\"><\/div>\n<\/article>\n<\/div>\n<\/div>\n<\/div>\n<\/div>\n<\/div>\n<\/div>\n<\/div>\n<\/div>\n<\/div>\n<\/div>\n<\/div>\n<\/div>\n<div class=\"bottom\">\n<div class=\"container\"><\/div>\n<\/div>\n<p>&nbsp;<\/p>\n<p><\/main><\/section>\n<p>&nbsp;<\/p>\n<footer>\n<div class=\"scroll_top-position\"><\/div>\n<\/footer>\n","protected":false},"excerpt":{"rendered":"<p>&nbsp; Peptid\u00a0ARGIRELINE\u00ae\u00a0\u00a0inhibuje uvo\u013e\u0148ovanie neurotransmiterov, ktor\u00e9 riadia kontrakciu svalov tv\u00e1re &#8211; \u010do je jemn\u00e1 alternat\u00edva k botoxu, nar\u00fa\u0161a komplexn\u00fd prote\u00ednov\u00fd syst\u00e9m<\/p>\n","protected":false},"featured_media":48913,"comment_status":"closed","ping_status":"closed","template":"","meta":{"jetpack_publicize_message":"","jetpack_publicize_feature_enabled":true,"jetpack_social_post_already_shared":true,"jetpack_social_options":{"image_generator_settings":{"template":"highway","enabled":false},"version":2}},"product_brand":[],"product_cat":[1864,1867],"product_tag":[],"class_list":{"0":"post-48910","1":"product","2":"type-product","3":"status-publish","4":"has-post-thumbnail","6":"product_cat-dekorativna-kozmetika","7":"product_cat-masky-a-sera","8":"product_shipping_class-standard","10":"","11":"instock","12":"taxable","13":"shipping-taxable","14":"purchasable","15":"product-type-simple"},"jetpack_publicize_connections":[],"yoast_head":"<!-- This site is optimized with the Yoast SEO plugin v25.6 - https:\/\/yoast.com\/wordpress\/plugins\/seo\/ -->\n<title>Boto-Lift s\u00e9rum No.11 30ml - ETAKO e-shop<\/title>\n<meta name=\"robots\" content=\"index, follow, max-snippet:-1, max-image-preview:large, max-video-preview:-1\" \/>\n<link rel=\"canonical\" href=\"https:\/\/etako.sk\/eshop\/produkt\/boto-lift-serum-no-11-30ml\/\" \/>\n<meta name=\"twitter:card\" content=\"summary_large_image\" \/>\n<meta name=\"twitter:title\" content=\"Boto-Lift s\u00e9rum No.11 30ml - ETAKO e-shop\" \/>\n<meta name=\"twitter:description\" content=\"&nbsp; Peptid\u00a0ARGIRELINE\u00ae\u00a0\u00a0inhibuje uvo\u013e\u0148ovanie neurotransmiterov, ktor\u00e9 riadia kontrakciu svalov tv\u00e1re &#8211; \u010do je jemn\u00e1 alternat\u00edva k botoxu, nar\u00fa\u0161a komplexn\u00fd prote\u00ednov\u00fd syst\u00e9m\" \/>\n<meta name=\"twitter:image\" content=\"https:\/\/i0.wp.com\/etako.sk\/eshop\/wp-content\/uploads\/2025\/11\/Solanie_boto_lift-1.jpeg?fit=630%2C630&ssl=1\" \/>\n<meta name=\"twitter:label1\" content=\"Predpokladan\u00fd \u010das \u010d\u00edtania\" \/>\n\t<meta name=\"twitter:data1\" content=\"2 min\u00faty\" \/>\n<script type=\"application\/ld+json\" class=\"yoast-schema-graph\">{\"@context\":\"https:\/\/schema.org\",\"@graph\":[{\"@type\":\"WebPage\",\"@id\":\"https:\/\/etako.sk\/eshop\/produkt\/boto-lift-serum-no-11-30ml\/\",\"url\":\"https:\/\/etako.sk\/eshop\/produkt\/boto-lift-serum-no-11-30ml\/\",\"name\":\"Boto-Lift s\u00e9rum No.11 30ml - ETAKO e-shop\",\"isPartOf\":{\"@id\":\"https:\/\/etako.sk\/eshop\/#website\"},\"primaryImageOfPage\":{\"@id\":\"https:\/\/etako.sk\/eshop\/produkt\/boto-lift-serum-no-11-30ml\/#primaryimage\"},\"image\":{\"@id\":\"https:\/\/etako.sk\/eshop\/produkt\/boto-lift-serum-no-11-30ml\/#primaryimage\"},\"thumbnailUrl\":\"https:\/\/i0.wp.com\/etako.sk\/eshop\/wp-content\/uploads\/2025\/11\/Solanie_boto_lift-1.jpeg?fit=630%2C630&ssl=1\",\"datePublished\":\"2025-11-12T18:36:26+00:00\",\"dateModified\":\"2025-11-12T18:37:11+00:00\",\"breadcrumb\":{\"@id\":\"https:\/\/etako.sk\/eshop\/produkt\/boto-lift-serum-no-11-30ml\/#breadcrumb\"},\"inLanguage\":\"sk-SK\",\"potentialAction\":[{\"@type\":\"ReadAction\",\"target\":[\"https:\/\/etako.sk\/eshop\/produkt\/boto-lift-serum-no-11-30ml\/\"]}]},{\"@type\":\"ImageObject\",\"inLanguage\":\"sk-SK\",\"@id\":\"https:\/\/etako.sk\/eshop\/produkt\/boto-lift-serum-no-11-30ml\/#primaryimage\",\"url\":\"https:\/\/i0.wp.com\/etako.sk\/eshop\/wp-content\/uploads\/2025\/11\/Solanie_boto_lift-1.jpeg?fit=630%2C630&ssl=1\",\"contentUrl\":\"https:\/\/i0.wp.com\/etako.sk\/eshop\/wp-content\/uploads\/2025\/11\/Solanie_boto_lift-1.jpeg?fit=630%2C630&ssl=1\",\"width\":630,\"height\":630},{\"@type\":\"BreadcrumbList\",\"@id\":\"https:\/\/etako.sk\/eshop\/produkt\/boto-lift-serum-no-11-30ml\/#breadcrumb\",\"itemListElement\":[{\"@type\":\"ListItem\",\"position\":1,\"name\":\"Domovsk\u00e1 str\u00e1nka\",\"item\":\"https:\/\/etako.sk\/eshop\/\"},{\"@type\":\"ListItem\",\"position\":2,\"name\":\"Obchod\",\"item\":\"https:\/\/etako.sk\/eshop\/shop\/\"},{\"@type\":\"ListItem\",\"position\":3,\"name\":\"Boto-Lift s\u00e9rum No.11 30ml\"}]},{\"@type\":\"WebSite\",\"@id\":\"https:\/\/etako.sk\/eshop\/#website\",\"url\":\"https:\/\/etako.sk\/eshop\/\",\"name\":\"ETAKO e-shop\",\"description\":\"Etako\",\"potentialAction\":[{\"@type\":\"SearchAction\",\"target\":{\"@type\":\"EntryPoint\",\"urlTemplate\":\"https:\/\/etako.sk\/eshop\/?s={search_term_string}\"},\"query-input\":{\"@type\":\"PropertyValueSpecification\",\"valueRequired\":true,\"valueName\":\"search_term_string\"}}],\"inLanguage\":\"sk-SK\"}]}<\/script>\n<!-- \/ Yoast SEO plugin. -->","yoast_head_json":{"title":"Boto-Lift s\u00e9rum No.11 30ml - ETAKO e-shop","robots":{"index":"index","follow":"follow","max-snippet":"max-snippet:-1","max-image-preview":"max-image-preview:large","max-video-preview":"max-video-preview:-1"},"canonical":"https:\/\/etako.sk\/eshop\/produkt\/boto-lift-serum-no-11-30ml\/","twitter_card":"summary_large_image","twitter_title":"Boto-Lift s\u00e9rum No.11 30ml - ETAKO e-shop","twitter_description":"&nbsp; Peptid\u00a0ARGIRELINE\u00ae\u00a0\u00a0inhibuje uvo\u013e\u0148ovanie neurotransmiterov, ktor\u00e9 riadia kontrakciu svalov tv\u00e1re &#8211; \u010do je jemn\u00e1 alternat\u00edva k botoxu, nar\u00fa\u0161a komplexn\u00fd prote\u00ednov\u00fd syst\u00e9m","twitter_image":"https:\/\/i0.wp.com\/etako.sk\/eshop\/wp-content\/uploads\/2025\/11\/Solanie_boto_lift-1.jpeg?fit=630%2C630&ssl=1","twitter_misc":{"Predpokladan\u00fd \u010das \u010d\u00edtania":"2 min\u00faty"},"schema":{"@context":"https:\/\/schema.org","@graph":[{"@type":"WebPage","@id":"https:\/\/etako.sk\/eshop\/produkt\/boto-lift-serum-no-11-30ml\/","url":"https:\/\/etako.sk\/eshop\/produkt\/boto-lift-serum-no-11-30ml\/","name":"Boto-Lift s\u00e9rum No.11 30ml - ETAKO e-shop","isPartOf":{"@id":"https:\/\/etako.sk\/eshop\/#website"},"primaryImageOfPage":{"@id":"https:\/\/etako.sk\/eshop\/produkt\/boto-lift-serum-no-11-30ml\/#primaryimage"},"image":{"@id":"https:\/\/etako.sk\/eshop\/produkt\/boto-lift-serum-no-11-30ml\/#primaryimage"},"thumbnailUrl":"https:\/\/i0.wp.com\/etako.sk\/eshop\/wp-content\/uploads\/2025\/11\/Solanie_boto_lift-1.jpeg?fit=630%2C630&ssl=1","datePublished":"2025-11-12T18:36:26+00:00","dateModified":"2025-11-12T18:37:11+00:00","breadcrumb":{"@id":"https:\/\/etako.sk\/eshop\/produkt\/boto-lift-serum-no-11-30ml\/#breadcrumb"},"inLanguage":"sk-SK","potentialAction":[{"@type":"ReadAction","target":["https:\/\/etako.sk\/eshop\/produkt\/boto-lift-serum-no-11-30ml\/"]}]},{"@type":"ImageObject","inLanguage":"sk-SK","@id":"https:\/\/etako.sk\/eshop\/produkt\/boto-lift-serum-no-11-30ml\/#primaryimage","url":"https:\/\/i0.wp.com\/etako.sk\/eshop\/wp-content\/uploads\/2025\/11\/Solanie_boto_lift-1.jpeg?fit=630%2C630&ssl=1","contentUrl":"https:\/\/i0.wp.com\/etako.sk\/eshop\/wp-content\/uploads\/2025\/11\/Solanie_boto_lift-1.jpeg?fit=630%2C630&ssl=1","width":630,"height":630},{"@type":"BreadcrumbList","@id":"https:\/\/etako.sk\/eshop\/produkt\/boto-lift-serum-no-11-30ml\/#breadcrumb","itemListElement":[{"@type":"ListItem","position":1,"name":"Domovsk\u00e1 str\u00e1nka","item":"https:\/\/etako.sk\/eshop\/"},{"@type":"ListItem","position":2,"name":"Obchod","item":"https:\/\/etako.sk\/eshop\/shop\/"},{"@type":"ListItem","position":3,"name":"Boto-Lift s\u00e9rum No.11 30ml"}]},{"@type":"WebSite","@id":"https:\/\/etako.sk\/eshop\/#website","url":"https:\/\/etako.sk\/eshop\/","name":"ETAKO e-shop","description":"Etako","potentialAction":[{"@type":"SearchAction","target":{"@type":"EntryPoint","urlTemplate":"https:\/\/etako.sk\/eshop\/?s={search_term_string}"},"query-input":{"@type":"PropertyValueSpecification","valueRequired":true,"valueName":"search_term_string"}}],"inLanguage":"sk-SK"}]}},"jetpack_sharing_enabled":true,"_links":{"self":[{"href":"https:\/\/etako.sk\/eshop\/wp-json\/wp\/v2\/product\/48910","targetHints":{"allow":["GET"]}}],"collection":[{"href":"https:\/\/etako.sk\/eshop\/wp-json\/wp\/v2\/product"}],"about":[{"href":"https:\/\/etako.sk\/eshop\/wp-json\/wp\/v2\/types\/product"}],"replies":[{"embeddable":true,"href":"https:\/\/etako.sk\/eshop\/wp-json\/wp\/v2\/comments?post=48910"}],"version-history":[{"count":2,"href":"https:\/\/etako.sk\/eshop\/wp-json\/wp\/v2\/product\/48910\/revisions"}],"predecessor-version":[{"id":48914,"href":"https:\/\/etako.sk\/eshop\/wp-json\/wp\/v2\/product\/48910\/revisions\/48914"}],"wp:featuredmedia":[{"embeddable":true,"href":"https:\/\/etako.sk\/eshop\/wp-json\/wp\/v2\/media\/48913"}],"wp:attachment":[{"href":"https:\/\/etako.sk\/eshop\/wp-json\/wp\/v2\/media?parent=48910"}],"wp:term":[{"taxonomy":"product_brand","embeddable":true,"href":"https:\/\/etako.sk\/eshop\/wp-json\/wp\/v2\/product_brand?post=48910"},{"taxonomy":"product_cat","embeddable":true,"href":"https:\/\/etako.sk\/eshop\/wp-json\/wp\/v2\/product_cat?post=48910"},{"taxonomy":"product_tag","embeddable":true,"href":"https:\/\/etako.sk\/eshop\/wp-json\/wp\/v2\/product_tag?post=48910"}],"curies":[{"name":"wp","href":"https:\/\/api.w.org\/{rel}","templated":true}]}}