{"id":48907,"date":"2025-11-12T20:33:42","date_gmt":"2025-11-12T18:33:42","guid":{"rendered":"https:\/\/etako.sk\/eshop\/?post_type=product&#038;p=48907"},"modified":"2025-11-12T20:33:42","modified_gmt":"2025-11-12T18:33:42","slug":"exclusive-lifting-protivraskove-serum-solanie-q10-30-ml","status":"publish","type":"product","link":"https:\/\/etako.sk\/eshop\/produkt\/exclusive-lifting-protivraskove-serum-solanie-q10-30-ml\/","title":{"rendered":"Exclusive Lifting protivr\u00e1skov\u00e9 s\u00e9rum Solanie Q10 30 ml"},"content":{"rendered":"<p>Protivr\u00e1skov\u00e9 s\u00e9rum je jedn\u00fdm z dvoch hlavn\u00fdch komponentov\u00a0Solanie\u00a0Q10 Exclusive Lifting programu.<br \/>\nQ10 produkty s\u00fa ide\u00e1lne na regener\u00e1ciu, aktiv\u00e1ciu a revitaliz\u00e1ciu pleti.<\/p>\n<p>Je ide\u00e1lnym rie\u0161en\u00edm pre ple\u0165, ktor\u00e1 si vy\u017eaduje zv\u00fd\u0161en\u00fa starostlivos\u0165, energiu a pozornos\u0165. Mo\u017eno ju pou\u017ei\u0165 pr\u00edle\u017eitostne alebo ako s\u00fa\u010das\u0165 intenz\u00edvnej\u00a0k\u00fary. O\u0161etrenie je ur\u010den\u00e9\u00a0pre unaven\u00fa, mdl\u00fa, neelastick\u00fa ple\u0165 so zn\u00ed\u017eenou energiou, ktor\u00fa negat\u00edvne ovplyv\u0148uj\u00fa aj vonkaj\u0161ie faktory.<\/p>\n<p><strong>K\u013e\u00fa\u010dov\u00e9 zlo\u017eky benefity o\u0161etrenia:<\/strong><br \/>\nExtrakt z\u00a0<strong>asian centelly<\/strong>: V\u00fdborn\u00fd regener\u00e1tor buniek, ktor\u00fd stimuluje metabolick\u00e9 procesy a podporuje obnovu poko\u017eky.<br \/>\n<strong>Preregen\u00ae<\/strong>*: \u0160peci\u00e1lna zlo\u017eka, ktor\u00e1 chr\u00e1ni bunky pred oxida\u010dn\u00fdm po\u0161koden\u00edm a pom\u00e1ha udr\u017eiava\u0165 elasticitu poko\u017eky.<br \/>\nSuperoxiddismut\u00e1za: Siln\u00fd antioxidant, ktor\u00fd spolu s koenz\u00fdmom\u00a0<strong>Q10<\/strong>\u00a0neutralizuje vo\u013en\u00e9 radik\u00e1ly, \u010d\u00edm poskytuje pleti ochranu pred pred\u010dasn\u00fdm starnut\u00edm.<br \/>\n<strong>Koenz\u00fdm Q10<\/strong>: Podporuje energetick\u00fd metabolizmus buniek a prispieva k revitaliz\u00e1cii pleti.<br \/>\n<strong>Kofe\u00edn:\u00a0<\/strong>Stimuluje mikrocirkul\u00e1ciu na povrchu poko\u017eky, \u010d\u00edm zlep\u0161uje jej vitalitu a t\u00f3n.<br \/>\n<strong>Makadamov\u00fd a pupalkov\u00fd olej<\/strong>: Intenz\u00edvne vy\u017eivuj\u00fa a zjem\u0148uj\u00fa poko\u017eku, pri\u010dom jej dod\u00e1vaj\u00fa cenn\u00e9 lipidy potrebn\u00e9 na udr\u017eanie hydrat\u00e1cie a hebkosti.<\/p>\n<p>Toto s\u00e9rum je dokonal\u00fdm rie\u0161en\u00edm pre ple\u0165, ktor\u00e1 potrebuje energiu, regener\u00e1ciu a intenz\u00edvnu starostlivos\u0165. Doprajte svojej poko\u017eke obnovu, ktor\u00fa si zasl\u00fa\u017ei, a zanechajte ju hydratovan\u00fa, spevnen\u00fa a pln\u00fa vitality.<\/p>\n<p><strong>Akt\u00edvne zlo\u017eky:<\/strong><br \/>\nKoenz\u00fdm Q10: Podporuje produkciu bunkovej energie a bojuje proti vo\u013en\u00fdm radik\u00e1lom.<br \/>\nExtrakt z centelly: Regeneruje a revitalizuje ple\u0165.<br \/>\nPreregen\u00ae* (s\u00f3jov\u00fd prote\u00edn, superoxiddismut\u00e1za): Poskytuje ochranu pred oxida\u010dn\u00fdm stresom a podporuje elasticitu pleti.<br \/>\nOlej z makadamov\u00fdch orechov a pupalky dvojro\u010dnej: Dod\u00e1vaj\u00fa pleti cenn\u00e9 lipidy, vy\u017eivuj\u00fa ju a zjem\u0148uj\u00fa.<br \/>\nKofe\u00edn: Stimuluje mikrocirkul\u00e1ciu a podporuje zdrav\u00fd vzh\u013ead pleti.<br \/>\nKolag\u00e9n, vitam\u00edn E, alanto\u00edn: Podporuj\u00fa hydrat\u00e1ciu, pru\u017enos\u0165 a ochranu poko\u017eky.<br \/>\nT\u00e1to s\u00faprava je perfektn\u00fdm rie\u0161en\u00edm pre ple\u0165, ktor\u00e1 potrebuje obnovu, hydrat\u00e1ciu, spevnenie a ochranu pred \u0161kodliv\u00fdmi vplyvmi. Doprajte svojej poko\u017eke starostlivos\u0165, ktor\u00fa si zasl\u00fa\u017ei.<br \/>\n*Obchodn\u00e1 zn\u00e1mka DSM<\/p>\n<p>&nbsp;<\/p>\n<p><strong>\u0160etrn\u00fd k poko\u017eke:\u00a0<\/strong><\/p>\n<p>0% alkohol<\/p>\n<p>0% parab\u00e9nov<br \/>\n0% miner\u00e1lny\u00a0olej<br \/>\n0% farb\u00edv<br \/>\nNetestovan\u00e9 na zvierat\u00e1ch<\/p>\n<p><strong>\u00da\u010dinn\u00e9\u00a0l\u00e1tky:<\/strong><\/p>\n<p>alanto\u00edn,<br \/>\nAloe Vera \u0161\u0165ava,<br \/>\nextrakt z Asian Centella,<br \/>\nNiac\u00ednamid (vitam\u00edn B3),<br \/>\nPanthenol (vitam\u00edn B5),<br \/>\nPREREGEN\u00aePF (ochrann\u00e1 zn\u00e1mka DSM),<br \/>\nKoenz\u00fdm Q10,<br \/>\nS\u00f3jov\u00fd prote\u00edn,<br \/>\nKyselina mlie\u010dna,<br \/>\nUrea<\/p>\n<p><strong>Odpor\u00fa\u010dan\u00fd typ pleti:<\/strong><\/p>\n<p>zrel\u00e1, starn\u00faca ple\u0165<\/p>\n<p>dehydrovan\u00e1<\/p>\n<p><strong>Funkcie\u00a0produktu:<\/strong><\/p>\n<p>&nbsp;<\/p>\n<p>Aktiv\u00e1cia,<br \/>\nOmladenie pleti,<br \/>\nEnergiz\u00e1cia,<br \/>\nLifting,<br \/>\nHydrat\u00e1cia,<br \/>\nProti starnutiu,<br \/>\nOdstr\u00e1nenie vr\u00e1sok,<br \/>\nV\u00fd\u017eiva<\/p>\n<p>&nbsp;<\/p>\n<p><strong>Pou\u017eitie:<\/strong><br \/>\nNaneste\u00a0<a href=\"https:\/\/www.perlacosmetic.sk\/solanie-anti-aging-energy-bomb-2\">Solanie Q10 Lifting Serum\u00a0<\/a>\u00a0(cca 1-2 ml) rovnomerne na cel\u00fa tv\u00e1r. Aktivujte masku 8-10 ml roztoku: vlo\u017ete \u201ekompresn\u00fa masku\u201c do misky, nakvapkajte na \u0148u\u00a0<a href=\"https:\/\/www.perlacosmetic.sk\/solanie-anti-aging-energy-bomb-2\">Solanie Q10 Lifting Serum\u00a0<\/a>\u00a0Po\u010dk\u00e1me, k\u00fdm v\u0161etku tekutinu maska \u200b\u200bvstrebe (napu\u010d\u00ed). Masku rozlo\u017ete a rovnomerne (hladko) naneste na tv\u00e1r \u201evzduchotesne\u201c. Doba p\u00f4sobenia: 10-15 min\u00fat.<br \/>\nPotom masku odstr\u00e1\u0148te a na tv\u00e1r naneste 5 ml\u00a0<a href=\"https:\/\/www.perlacosmetic.sk\/solanie-anti-aging-energy-bomb-2-2\">Q10 Lifting Cream Fluid<\/a>\u00a0a vykonajte 6 min\u00fat ultrazvukov\u00e9\u00a0o\u0161etrenie\u00a0alebo mas\u00e1\u017e. Na atopick\u00fa poko\u017eku pou\u017e\u00edvame hydrata\u010dn\u00fa g\u00e9lov\u00fa masku Solanie.<\/p>\n<p>Q10 o\u0161etrenie mo\u017eno pou\u017ei\u0165 pr\u00edle\u017eitostne alebo ako lie\u010debn\u00fa k\u00faru (raz t\u00fd\u017edenne). Je ur\u010den\u00fd na aktiv\u00e1ciu, regener\u00e1ciu a energiz\u00e1ciu pleti, ktor\u00e9 vy\u017eaduj\u00fa zv\u00fd\u0161en\u00fa starostlivos\u0165 a pozornos\u0165, maj\u00fa zn\u00ed\u017een\u00fa energiu, s\u00fa neelastick\u00e9, unaven\u00e9, mdl\u00e9 a po\u0161kodzuj\u00fa ich svetlo. Je \u00fa\u010dinn\u00fd pri posil\u0148ovan\u00ed obranyschopnosti poko\u017eky a podpore regener\u00e1cie epitelu.<\/p>\n<p>Solanie\u00a0Q10 Exclusive Lifting Program\u00a0je ur\u010den\u00fd na o\u0161etrenie v kozmetick\u00fdch sal\u00f3noch! Protokol o\u0161etrenia odo\u0161leme na vy\u017eiadanie a pri zak\u00faprn\u00ed produktov na Q10 o\u0161etrenie.<\/p>\n<p>&nbsp;<\/p>\n<p>Objem: 30 ml<\/p>\n<p>&nbsp;<\/p>\n<p><strong>Zlo\u017eenie:<\/strong>\u00a0Aqua, Aloe Barbadensis Leaf Juice, Glycerin, Glycine Soja Protein, Superoxide Dismutase, Sodium Lactate, Allantoin, Ubiquinone, Sodium PCA, Glycine, Niacinamide, Fructose, Inositol, Urea, Propyle- ne Glycol, Pentylene Glycol, Centella Asiatica Extract, Phenoxyethanol, Panthenol, Soluble Collagen, PEG-40 Hydrogenated Castor Oil, Betaine, Alcohol denat., Ethylhexylglycerin, Tocopherol, Lactic Acid, Parfum, Potassium Sorbate, Disodium-EDTA, Limonene, Linalool<\/p>\n<p>&nbsp;<\/p>\n<p>&nbsp;<\/p>\n<p>&nbsp;<\/p>\n<p>&nbsp;<\/p>\n<h4><\/h4>\n<p>&nbsp;<\/p>\n<p>&nbsp;<\/p>\n","protected":false},"excerpt":{"rendered":"<p>Protivr\u00e1skov\u00e9 s\u00e9rum je jedn\u00fdm z dvoch hlavn\u00fdch komponentov\u00a0Solanie\u00a0Q10 Exclusive Lifting programu. Q10 produkty s\u00fa ide\u00e1lne na regener\u00e1ciu, aktiv\u00e1ciu a revitaliz\u00e1ciu<\/p>\n","protected":false},"featured_media":48908,"comment_status":"closed","ping_status":"closed","template":"","meta":{"jetpack_publicize_message":"","jetpack_publicize_feature_enabled":true,"jetpack_social_post_already_shared":true,"jetpack_social_options":{"image_generator_settings":{"template":"highway","enabled":false},"version":2}},"product_brand":[],"product_cat":[1864,1867],"product_tag":[],"class_list":{"0":"post-48907","1":"product","2":"type-product","3":"status-publish","4":"has-post-thumbnail","6":"product_cat-dekorativna-kozmetika","7":"product_cat-masky-a-sera","8":"product_shipping_class-standard","10":"","11":"instock","12":"taxable","13":"shipping-taxable","14":"purchasable","15":"product-type-simple"},"jetpack_publicize_connections":[],"yoast_head":"<!-- This site is optimized with the Yoast SEO plugin v25.6 - https:\/\/yoast.com\/wordpress\/plugins\/seo\/ -->\n<title>Exclusive Lifting protivr\u00e1skov\u00e9 s\u00e9rum Solanie Q10 30 ml - ETAKO e-shop<\/title>\n<meta name=\"robots\" content=\"index, follow, max-snippet:-1, max-image-preview:large, max-video-preview:-1\" \/>\n<link rel=\"canonical\" href=\"https:\/\/etako.sk\/eshop\/produkt\/exclusive-lifting-protivraskove-serum-solanie-q10-30-ml\/\" \/>\n<meta name=\"twitter:card\" content=\"summary_large_image\" \/>\n<meta name=\"twitter:title\" content=\"Exclusive Lifting protivr\u00e1skov\u00e9 s\u00e9rum Solanie Q10 30 ml - ETAKO e-shop\" \/>\n<meta name=\"twitter:description\" content=\"Protivr\u00e1skov\u00e9 s\u00e9rum je jedn\u00fdm z dvoch hlavn\u00fdch komponentov\u00a0Solanie\u00a0Q10 Exclusive Lifting programu. Q10 produkty s\u00fa ide\u00e1lne na regener\u00e1ciu, aktiv\u00e1ciu a revitaliz\u00e1ciu\" \/>\n<meta name=\"twitter:image\" content=\"https:\/\/i0.wp.com\/etako.sk\/eshop\/wp-content\/uploads\/2025\/11\/thumb_large_SO30701_01.jpg?fit=630%2C630&ssl=1\" \/>\n<meta name=\"twitter:label1\" content=\"Predpokladan\u00fd \u010das \u010d\u00edtania\" \/>\n\t<meta name=\"twitter:data1\" content=\"4 min\u00faty\" \/>\n<script type=\"application\/ld+json\" class=\"yoast-schema-graph\">{\"@context\":\"https:\/\/schema.org\",\"@graph\":[{\"@type\":\"WebPage\",\"@id\":\"https:\/\/etako.sk\/eshop\/produkt\/exclusive-lifting-protivraskove-serum-solanie-q10-30-ml\/\",\"url\":\"https:\/\/etako.sk\/eshop\/produkt\/exclusive-lifting-protivraskove-serum-solanie-q10-30-ml\/\",\"name\":\"Exclusive Lifting protivr\u00e1skov\u00e9 s\u00e9rum Solanie Q10 30 ml - ETAKO e-shop\",\"isPartOf\":{\"@id\":\"https:\/\/etako.sk\/eshop\/#website\"},\"primaryImageOfPage\":{\"@id\":\"https:\/\/etako.sk\/eshop\/produkt\/exclusive-lifting-protivraskove-serum-solanie-q10-30-ml\/#primaryimage\"},\"image\":{\"@id\":\"https:\/\/etako.sk\/eshop\/produkt\/exclusive-lifting-protivraskove-serum-solanie-q10-30-ml\/#primaryimage\"},\"thumbnailUrl\":\"https:\/\/i0.wp.com\/etako.sk\/eshop\/wp-content\/uploads\/2025\/11\/thumb_large_SO30701_01.jpg?fit=630%2C630&ssl=1\",\"datePublished\":\"2025-11-12T18:33:42+00:00\",\"breadcrumb\":{\"@id\":\"https:\/\/etako.sk\/eshop\/produkt\/exclusive-lifting-protivraskove-serum-solanie-q10-30-ml\/#breadcrumb\"},\"inLanguage\":\"sk-SK\",\"potentialAction\":[{\"@type\":\"ReadAction\",\"target\":[\"https:\/\/etako.sk\/eshop\/produkt\/exclusive-lifting-protivraskove-serum-solanie-q10-30-ml\/\"]}]},{\"@type\":\"ImageObject\",\"inLanguage\":\"sk-SK\",\"@id\":\"https:\/\/etako.sk\/eshop\/produkt\/exclusive-lifting-protivraskove-serum-solanie-q10-30-ml\/#primaryimage\",\"url\":\"https:\/\/i0.wp.com\/etako.sk\/eshop\/wp-content\/uploads\/2025\/11\/thumb_large_SO30701_01.jpg?fit=630%2C630&ssl=1\",\"contentUrl\":\"https:\/\/i0.wp.com\/etako.sk\/eshop\/wp-content\/uploads\/2025\/11\/thumb_large_SO30701_01.jpg?fit=630%2C630&ssl=1\",\"width\":630,\"height\":630},{\"@type\":\"BreadcrumbList\",\"@id\":\"https:\/\/etako.sk\/eshop\/produkt\/exclusive-lifting-protivraskove-serum-solanie-q10-30-ml\/#breadcrumb\",\"itemListElement\":[{\"@type\":\"ListItem\",\"position\":1,\"name\":\"Domovsk\u00e1 str\u00e1nka\",\"item\":\"https:\/\/etako.sk\/eshop\/\"},{\"@type\":\"ListItem\",\"position\":2,\"name\":\"Obchod\",\"item\":\"https:\/\/etako.sk\/eshop\/shop\/\"},{\"@type\":\"ListItem\",\"position\":3,\"name\":\"Exclusive Lifting protivr\u00e1skov\u00e9 s\u00e9rum Solanie Q10 30 ml\"}]},{\"@type\":\"WebSite\",\"@id\":\"https:\/\/etako.sk\/eshop\/#website\",\"url\":\"https:\/\/etako.sk\/eshop\/\",\"name\":\"ETAKO e-shop\",\"description\":\"Etako\",\"potentialAction\":[{\"@type\":\"SearchAction\",\"target\":{\"@type\":\"EntryPoint\",\"urlTemplate\":\"https:\/\/etako.sk\/eshop\/?s={search_term_string}\"},\"query-input\":{\"@type\":\"PropertyValueSpecification\",\"valueRequired\":true,\"valueName\":\"search_term_string\"}}],\"inLanguage\":\"sk-SK\"}]}<\/script>\n<!-- \/ Yoast SEO plugin. -->","yoast_head_json":{"title":"Exclusive Lifting protivr\u00e1skov\u00e9 s\u00e9rum Solanie Q10 30 ml - ETAKO e-shop","robots":{"index":"index","follow":"follow","max-snippet":"max-snippet:-1","max-image-preview":"max-image-preview:large","max-video-preview":"max-video-preview:-1"},"canonical":"https:\/\/etako.sk\/eshop\/produkt\/exclusive-lifting-protivraskove-serum-solanie-q10-30-ml\/","twitter_card":"summary_large_image","twitter_title":"Exclusive Lifting protivr\u00e1skov\u00e9 s\u00e9rum Solanie Q10 30 ml - ETAKO e-shop","twitter_description":"Protivr\u00e1skov\u00e9 s\u00e9rum je jedn\u00fdm z dvoch hlavn\u00fdch komponentov\u00a0Solanie\u00a0Q10 Exclusive Lifting programu. Q10 produkty s\u00fa ide\u00e1lne na regener\u00e1ciu, aktiv\u00e1ciu a revitaliz\u00e1ciu","twitter_image":"https:\/\/i0.wp.com\/etako.sk\/eshop\/wp-content\/uploads\/2025\/11\/thumb_large_SO30701_01.jpg?fit=630%2C630&ssl=1","twitter_misc":{"Predpokladan\u00fd \u010das \u010d\u00edtania":"4 min\u00faty"},"schema":{"@context":"https:\/\/schema.org","@graph":[{"@type":"WebPage","@id":"https:\/\/etako.sk\/eshop\/produkt\/exclusive-lifting-protivraskove-serum-solanie-q10-30-ml\/","url":"https:\/\/etako.sk\/eshop\/produkt\/exclusive-lifting-protivraskove-serum-solanie-q10-30-ml\/","name":"Exclusive Lifting protivr\u00e1skov\u00e9 s\u00e9rum Solanie Q10 30 ml - ETAKO e-shop","isPartOf":{"@id":"https:\/\/etako.sk\/eshop\/#website"},"primaryImageOfPage":{"@id":"https:\/\/etako.sk\/eshop\/produkt\/exclusive-lifting-protivraskove-serum-solanie-q10-30-ml\/#primaryimage"},"image":{"@id":"https:\/\/etako.sk\/eshop\/produkt\/exclusive-lifting-protivraskove-serum-solanie-q10-30-ml\/#primaryimage"},"thumbnailUrl":"https:\/\/i0.wp.com\/etako.sk\/eshop\/wp-content\/uploads\/2025\/11\/thumb_large_SO30701_01.jpg?fit=630%2C630&ssl=1","datePublished":"2025-11-12T18:33:42+00:00","breadcrumb":{"@id":"https:\/\/etako.sk\/eshop\/produkt\/exclusive-lifting-protivraskove-serum-solanie-q10-30-ml\/#breadcrumb"},"inLanguage":"sk-SK","potentialAction":[{"@type":"ReadAction","target":["https:\/\/etako.sk\/eshop\/produkt\/exclusive-lifting-protivraskove-serum-solanie-q10-30-ml\/"]}]},{"@type":"ImageObject","inLanguage":"sk-SK","@id":"https:\/\/etako.sk\/eshop\/produkt\/exclusive-lifting-protivraskove-serum-solanie-q10-30-ml\/#primaryimage","url":"https:\/\/i0.wp.com\/etako.sk\/eshop\/wp-content\/uploads\/2025\/11\/thumb_large_SO30701_01.jpg?fit=630%2C630&ssl=1","contentUrl":"https:\/\/i0.wp.com\/etako.sk\/eshop\/wp-content\/uploads\/2025\/11\/thumb_large_SO30701_01.jpg?fit=630%2C630&ssl=1","width":630,"height":630},{"@type":"BreadcrumbList","@id":"https:\/\/etako.sk\/eshop\/produkt\/exclusive-lifting-protivraskove-serum-solanie-q10-30-ml\/#breadcrumb","itemListElement":[{"@type":"ListItem","position":1,"name":"Domovsk\u00e1 str\u00e1nka","item":"https:\/\/etako.sk\/eshop\/"},{"@type":"ListItem","position":2,"name":"Obchod","item":"https:\/\/etako.sk\/eshop\/shop\/"},{"@type":"ListItem","position":3,"name":"Exclusive Lifting protivr\u00e1skov\u00e9 s\u00e9rum Solanie Q10 30 ml"}]},{"@type":"WebSite","@id":"https:\/\/etako.sk\/eshop\/#website","url":"https:\/\/etako.sk\/eshop\/","name":"ETAKO e-shop","description":"Etako","potentialAction":[{"@type":"SearchAction","target":{"@type":"EntryPoint","urlTemplate":"https:\/\/etako.sk\/eshop\/?s={search_term_string}"},"query-input":{"@type":"PropertyValueSpecification","valueRequired":true,"valueName":"search_term_string"}}],"inLanguage":"sk-SK"}]}},"jetpack_sharing_enabled":true,"_links":{"self":[{"href":"https:\/\/etako.sk\/eshop\/wp-json\/wp\/v2\/product\/48907","targetHints":{"allow":["GET"]}}],"collection":[{"href":"https:\/\/etako.sk\/eshop\/wp-json\/wp\/v2\/product"}],"about":[{"href":"https:\/\/etako.sk\/eshop\/wp-json\/wp\/v2\/types\/product"}],"replies":[{"embeddable":true,"href":"https:\/\/etako.sk\/eshop\/wp-json\/wp\/v2\/comments?post=48907"}],"version-history":[{"count":1,"href":"https:\/\/etako.sk\/eshop\/wp-json\/wp\/v2\/product\/48907\/revisions"}],"predecessor-version":[{"id":48909,"href":"https:\/\/etako.sk\/eshop\/wp-json\/wp\/v2\/product\/48907\/revisions\/48909"}],"wp:featuredmedia":[{"embeddable":true,"href":"https:\/\/etako.sk\/eshop\/wp-json\/wp\/v2\/media\/48908"}],"wp:attachment":[{"href":"https:\/\/etako.sk\/eshop\/wp-json\/wp\/v2\/media?parent=48907"}],"wp:term":[{"taxonomy":"product_brand","embeddable":true,"href":"https:\/\/etako.sk\/eshop\/wp-json\/wp\/v2\/product_brand?post=48907"},{"taxonomy":"product_cat","embeddable":true,"href":"https:\/\/etako.sk\/eshop\/wp-json\/wp\/v2\/product_cat?post=48907"},{"taxonomy":"product_tag","embeddable":true,"href":"https:\/\/etako.sk\/eshop\/wp-json\/wp\/v2\/product_tag?post=48907"}],"curies":[{"name":"wp","href":"https:\/\/api.w.org\/{rel}","templated":true}]}}