{"id":48902,"date":"2025-11-12T20:23:41","date_gmt":"2025-11-12T18:23:41","guid":{"rendered":"https:\/\/etako.sk\/eshop\/?post_type=product&#038;p=48902"},"modified":"2025-11-12T20:25:43","modified_gmt":"2025-11-12T18:25:43","slug":"korejska-kozmetika-krx-clinical-home-care-youthplex-face-lift-krem-na-tvar-50g-2","status":"publish","type":"product","link":"https:\/\/etako.sk\/eshop\/produkt\/korejska-kozmetika-krx-clinical-home-care-youthplex-face-lift-krem-na-tvar-50g-2\/","title":{"rendered":"K\u00f3rejsk\u00e1 kozmetika KRX Clinical Home Care YouthPlex FACE LIFT KR\u00c9M NA TV\u00c1R 50g"},"content":{"rendered":"<p class=\"pb-2\">Liftingov\u00fd kr\u00e9m na tv\u00e1r Youthplex \u2013 Volufiline\u2122<\/p>\n<p class=\"pb-2\">Za\u017eite luxusn\u00fa starostlivos\u0165 a \u0161pi\u010dkov\u00e9 v\u00fdsledky v jednom! Youthplex Clinical Face Lift Cream je inovat\u00edvny liftingov\u00fd kr\u00e9m, ktor\u00fd v sebe sp\u00e1ja najnov\u0161ie poznatky vedy s h\u013abkovou hydrat\u00e1ciou a omladzuj\u00facim \u00fa\u010dinkom. Jeho \u013eahk\u00e9 g\u00e9lovo-kr\u00e9mov\u00e9 zlo\u017eenie je vhodn\u00e9 na ka\u017edodenn\u00e9 rann\u00e9 aj ve\u010dern\u00e9 pou\u017eitie a skvelo posl\u00fa\u017ei aj ako podklad pod make-up. Kr\u00e9m m\u00f4\u017eete pou\u017ei\u0165 samostatne, alebo ho kombinova\u0165 s ob\u013e\u00faben\u00fdm s\u00e9rom pre e\u0161te intenz\u00edvnej\u0161\u00ed \u00fa\u010dinok.<\/p>\n<p class=\"pb-2\">K\u013e\u00fa\u010dov\u00e9 ingrediencie a ich benefity:<\/p>\n<ul class=\"marker:text-green list-outside list-disc text-deeplyneutral-800 dark:text-deeplyneutral-50\">\n<li>Volufiline\u2122 \u2013 Franc\u00fazska akt\u00edvna l\u00e1tka s klinicky preuk\u00e1zan\u00fdm liftingov\u00fdm a spev\u0148uj\u00facim \u00fa\u010dinkom, ktor\u00e1 u\u017e po nieko\u013ek\u00fdch aplik\u00e1ci\u00e1ch vidite\u013ene vyp\u00edna a omladzuje poko\u017eku.<\/li>\n<\/ul>\n<p>\u00a0<\/p>\n<ul class=\"marker:text-green list-outside list-disc text-deeplyneutral-800 dark:text-deeplyneutral-50\">\n<li>Skval\u00e1n \u2013 Intenz\u00edvne upokojuje a chr\u00e1ni poko\u017eku, podporuje regener\u00e1ciu na bunkovej \u00farovni.<\/li>\n<\/ul>\n<p>\u00a0<\/p>\n<ul class=\"marker:text-green list-outside list-disc text-deeplyneutral-800 dark:text-deeplyneutral-50\">\n<li>Ceramid 3 \u2013 Posil\u0148uje ko\u017en\u00fa bari\u00e9ru, zabra\u0148uje strate vlhkosti a zabezpe\u010duje dlhodob\u00fa hydrat\u00e1ciu a pru\u017enos\u0165 pleti.<\/li>\n<\/ul>\n<ul class=\"marker:text-green list-outside list-disc text-deeplyneutral-800 dark:text-deeplyneutral-50\">\n<li>Acetyl Hexapeptide-8 (Argireline) \u2013 Efekt\u00edvna a \u0161etrn\u00e1 alternat\u00edva k botoxu na redukciu vr\u00e1sok bez ihiel.<\/li>\n<\/ul>\n<p>\u00a0<\/p>\n<ul class=\"marker:text-green list-outside list-disc text-deeplyneutral-800 dark:text-deeplyneutral-50\">\n<li>6 kombinovan\u00fdch peptidov \u2013 Synergicky vyhladzuj\u00fa poko\u017eku, zjem\u0148uj\u00fa p\u00f3ry, minimalizuj\u00fa jemn\u00e9 linky a efekt\u00edvne p\u00f4sobia proti pred\u010dasn\u00fdm zn\u00e1mkam starnutia.<\/li>\n<\/ul>\n<p>\u00a0<\/p>\n<p class=\"pb-2\">Pre\u010do zaradi\u0165 Youthplex Clinical Face Lift Cream do va\u0161ej rutiny?<br \/>\nS prib\u00fadaj\u00facim vekom ple\u0165 prirodzene str\u00e1ca pevnos\u0165, pru\u017enos\u0165 a objavuj\u00fa sa prv\u00e9 zn\u00e1mky starnutia. Tento kr\u00e9m bol vyvinut\u00fd tak, aby skuto\u010dne splnil svoj s\u013eub \u2013 v\u010faka unik\u00e1tnej kombin\u00e1cii \u00fa\u010dinn\u00fdch akt\u00edvnych l\u00e1tok prin\u00e1\u0161a vidite\u013en\u00e9 liftingov\u00e9 a omladzuj\u00face v\u00fdsledky u\u017e po kr\u00e1tkej dobe pou\u017e\u00edvania. Doprajte svojej pleti maxim\u00e1lnu starostlivos\u0165 a navr\u00e1\u0165te jej mladistv\u00fd, \u017eiariv\u00fd vzh\u013ead s Youthplex Clinical Face Lift Cream.<\/p>\n<p class=\"pb-2\">Pou\u017eitie:<br \/>\nNa \u010distenie pleti pou\u017eite <a href=\"https:\/\/www.perlacosmetic.sk\/krx-clinical-face-lift-cistiaci-gel\">KRX Clinical \u010distiace fluidum<\/a> a <a href=\"https:\/\/www.perlacosmetic.sk\/krx-clinical-face-lift-tonikum\">KRX Clinical Toner<\/a>. N\u00e1sledne si naneste <a href=\"https:\/\/www.perlacosmetic.sk\/krx-clinical-face-lift-serum-na-tvar\">KRX Clinical s\u00e9rum<\/a>, ktor\u00e9 jemne vmas\u00edrujte do tv\u00e1re, krku aj dekoltu, k\u00fdm sa \u00faplne nevstrebe. Ako z\u00e1ver aplikujte kr\u00e9mom na dekolt, krk a tv\u00e1r.<\/p>\n<p class=\"pb-2\">Sta\u0148te sa s\u00fa\u010das\u0165ou revol\u00facie v anti-age starostlivosti s Youthplex \u2013 va\u0161\u00edm k\u013e\u00fa\u010dom k pevnej\u0161ej a mlad\u0161ej pleti!<\/p>\n<p class=\"pb-2\">Balenie: 50 g<\/p>\n<p class=\"pb-2\">Zlo\u017eenie: Water, Glycerine, Hydrogenated Polydecane, Cyclopentasiloxane, Dipropylene Glycol, Cyclohexasiloxane, Bis-PEG-18 Methyl Ether Dimethyl Silane, Pentaerythrityl Tetraethylhexanoate, Triethylhexanoin, 1,2-Hexanediol, Stearyl Alcohol, Glyceryl Stearate, Butylene Glycol, PEG-100 Stearate, Dimethicone, Cetearyl Olivate, Betaine, Cetearyl Alcohol, Panthenol, Sorbitan Stearate, Sorbitan Olivate, Palmitic Acid, Dimethicone, Stearic Acid, Tromethamine, Tocopheryl Acetate, Hydrogenated Lecithin, Xanthan Gum, Carbomer, Acrylates\/C10-30 Alkyl Acrylate Crosspolymer, Ethylhexyglycerine, Adenosine, Allantoin, Disodium EDTA, Hydrogenated Polyisobutene, Propanediol, Arachidic Acid, Sodium Hyaluronate, Oleic Acid, Lauric Acid, Myristic Acid, Hydrolyzed Pea Protein, Caprylyl Glycol, Phystosterols, Squalene, Lecithin, Olea Europea Fruit Oil, Acetyl Hexapeptide-8, Ceramide 3, Butyrospermum Parkii, Anemarrhena Asphodeloides Root Extract, Copper Tripeptide-1, Palmitoyl Pentapeptide-4, Palmitoyl Tripeptide-1, Tripeptide-1, Hexapeptide-9, Nanopeptide-1.<\/p>\n<p class=\"pb-2\">\n","protected":false},"excerpt":{"rendered":"<p>Liftingov\u00fd kr\u00e9m na tv\u00e1r Youthplex \u2013 Volufiline\u2122 Za\u017eite luxusn\u00fa starostlivos\u0165 a \u0161pi\u010dkov\u00e9 v\u00fdsledky v jednom! Youthplex Clinical Face Lift Cream<\/p>\n","protected":false},"featured_media":48905,"comment_status":"closed","ping_status":"closed","template":"","meta":{"jetpack_publicize_message":"","jetpack_publicize_feature_enabled":true,"jetpack_social_post_already_shared":true,"jetpack_social_options":{"image_generator_settings":{"template":"highway","enabled":false},"version":2}},"product_brand":[],"product_cat":[1864,1865],"product_tag":[],"class_list":{"0":"post-48902","1":"product","2":"type-product","3":"status-publish","4":"has-post-thumbnail","6":"product_cat-dekorativna-kozmetika","7":"product_cat-denny-krem","8":"product_shipping_class-standard","10":"","11":"instock","12":"taxable","13":"shipping-taxable","14":"purchasable","15":"product-type-simple"},"jetpack_publicize_connections":[],"yoast_head":"<!-- This site is optimized with the Yoast SEO plugin v25.6 - https:\/\/yoast.com\/wordpress\/plugins\/seo\/ -->\n<title>K\u00f3rejsk\u00e1 kozmetika KRX Clinical Home Care YouthPlex FACE LIFT KR\u00c9M NA TV\u00c1R 50g - ETAKO e-shop<\/title>\n<meta name=\"robots\" content=\"index, follow, max-snippet:-1, max-image-preview:large, max-video-preview:-1\" \/>\n<link rel=\"canonical\" href=\"https:\/\/etako.sk\/eshop\/produkt\/korejska-kozmetika-krx-clinical-home-care-youthplex-face-lift-krem-na-tvar-50g-2\/\" \/>\n<meta name=\"twitter:card\" content=\"summary_large_image\" \/>\n<meta name=\"twitter:title\" content=\"K\u00f3rejsk\u00e1 kozmetika KRX Clinical Home Care YouthPlex FACE LIFT KR\u00c9M NA TV\u00c1R 50g - ETAKO e-shop\" \/>\n<meta name=\"twitter:description\" content=\"Liftingov\u00fd kr\u00e9m na tv\u00e1r Youthplex \u2013 Volufiline\u2122 Za\u017eite luxusn\u00fa starostlivos\u0165 a \u0161pi\u010dkov\u00e9 v\u00fdsledky v jednom! Youthplex Clinical Face Lift Cream\" \/>\n<meta name=\"twitter:image\" content=\"https:\/\/i0.wp.com\/etako.sk\/eshop\/wp-content\/uploads\/2025\/11\/KRX_Youthplex_Clinical_Face_Lift_Cream.png?fit=630%2C630&ssl=1\" \/>\n<meta name=\"twitter:label1\" content=\"Predpokladan\u00fd \u010das \u010d\u00edtania\" \/>\n\t<meta name=\"twitter:data1\" content=\"3 min\u00faty\" \/>\n<script type=\"application\/ld+json\" class=\"yoast-schema-graph\">{\"@context\":\"https:\/\/schema.org\",\"@graph\":[{\"@type\":\"WebPage\",\"@id\":\"https:\/\/etako.sk\/eshop\/produkt\/korejska-kozmetika-krx-clinical-home-care-youthplex-face-lift-krem-na-tvar-50g-2\/\",\"url\":\"https:\/\/etako.sk\/eshop\/produkt\/korejska-kozmetika-krx-clinical-home-care-youthplex-face-lift-krem-na-tvar-50g-2\/\",\"name\":\"K\u00f3rejsk\u00e1 kozmetika KRX Clinical Home Care YouthPlex FACE LIFT KR\u00c9M NA TV\u00c1R 50g - ETAKO e-shop\",\"isPartOf\":{\"@id\":\"https:\/\/etako.sk\/eshop\/#website\"},\"primaryImageOfPage\":{\"@id\":\"https:\/\/etako.sk\/eshop\/produkt\/korejska-kozmetika-krx-clinical-home-care-youthplex-face-lift-krem-na-tvar-50g-2\/#primaryimage\"},\"image\":{\"@id\":\"https:\/\/etako.sk\/eshop\/produkt\/korejska-kozmetika-krx-clinical-home-care-youthplex-face-lift-krem-na-tvar-50g-2\/#primaryimage\"},\"thumbnailUrl\":\"https:\/\/i0.wp.com\/etako.sk\/eshop\/wp-content\/uploads\/2025\/11\/KRX_Youthplex_Clinical_Face_Lift_Cream.png?fit=630%2C630&ssl=1\",\"datePublished\":\"2025-11-12T18:23:41+00:00\",\"dateModified\":\"2025-11-12T18:25:43+00:00\",\"breadcrumb\":{\"@id\":\"https:\/\/etako.sk\/eshop\/produkt\/korejska-kozmetika-krx-clinical-home-care-youthplex-face-lift-krem-na-tvar-50g-2\/#breadcrumb\"},\"inLanguage\":\"sk-SK\",\"potentialAction\":[{\"@type\":\"ReadAction\",\"target\":[\"https:\/\/etako.sk\/eshop\/produkt\/korejska-kozmetika-krx-clinical-home-care-youthplex-face-lift-krem-na-tvar-50g-2\/\"]}]},{\"@type\":\"ImageObject\",\"inLanguage\":\"sk-SK\",\"@id\":\"https:\/\/etako.sk\/eshop\/produkt\/korejska-kozmetika-krx-clinical-home-care-youthplex-face-lift-krem-na-tvar-50g-2\/#primaryimage\",\"url\":\"https:\/\/i0.wp.com\/etako.sk\/eshop\/wp-content\/uploads\/2025\/11\/KRX_Youthplex_Clinical_Face_Lift_Cream.png?fit=630%2C630&ssl=1\",\"contentUrl\":\"https:\/\/i0.wp.com\/etako.sk\/eshop\/wp-content\/uploads\/2025\/11\/KRX_Youthplex_Clinical_Face_Lift_Cream.png?fit=630%2C630&ssl=1\",\"width\":630,\"height\":630},{\"@type\":\"BreadcrumbList\",\"@id\":\"https:\/\/etako.sk\/eshop\/produkt\/korejska-kozmetika-krx-clinical-home-care-youthplex-face-lift-krem-na-tvar-50g-2\/#breadcrumb\",\"itemListElement\":[{\"@type\":\"ListItem\",\"position\":1,\"name\":\"Domovsk\u00e1 str\u00e1nka\",\"item\":\"https:\/\/etako.sk\/eshop\/\"},{\"@type\":\"ListItem\",\"position\":2,\"name\":\"Obchod\",\"item\":\"https:\/\/etako.sk\/eshop\/shop\/\"},{\"@type\":\"ListItem\",\"position\":3,\"name\":\"K\u00f3rejsk\u00e1 kozmetika KRX Clinical Home Care YouthPlex FACE LIFT KR\u00c9M NA TV\u00c1R 50g\"}]},{\"@type\":\"WebSite\",\"@id\":\"https:\/\/etako.sk\/eshop\/#website\",\"url\":\"https:\/\/etako.sk\/eshop\/\",\"name\":\"ETAKO e-shop\",\"description\":\"Etako\",\"potentialAction\":[{\"@type\":\"SearchAction\",\"target\":{\"@type\":\"EntryPoint\",\"urlTemplate\":\"https:\/\/etako.sk\/eshop\/?s={search_term_string}\"},\"query-input\":{\"@type\":\"PropertyValueSpecification\",\"valueRequired\":true,\"valueName\":\"search_term_string\"}}],\"inLanguage\":\"sk-SK\"}]}<\/script>\n<!-- \/ Yoast SEO plugin. -->","yoast_head_json":{"title":"K\u00f3rejsk\u00e1 kozmetika KRX Clinical Home Care YouthPlex FACE LIFT KR\u00c9M NA TV\u00c1R 50g - ETAKO e-shop","robots":{"index":"index","follow":"follow","max-snippet":"max-snippet:-1","max-image-preview":"max-image-preview:large","max-video-preview":"max-video-preview:-1"},"canonical":"https:\/\/etako.sk\/eshop\/produkt\/korejska-kozmetika-krx-clinical-home-care-youthplex-face-lift-krem-na-tvar-50g-2\/","twitter_card":"summary_large_image","twitter_title":"K\u00f3rejsk\u00e1 kozmetika KRX Clinical Home Care YouthPlex FACE LIFT KR\u00c9M NA TV\u00c1R 50g - ETAKO e-shop","twitter_description":"Liftingov\u00fd kr\u00e9m na tv\u00e1r Youthplex \u2013 Volufiline\u2122 Za\u017eite luxusn\u00fa starostlivos\u0165 a \u0161pi\u010dkov\u00e9 v\u00fdsledky v jednom! Youthplex Clinical Face Lift Cream","twitter_image":"https:\/\/i0.wp.com\/etako.sk\/eshop\/wp-content\/uploads\/2025\/11\/KRX_Youthplex_Clinical_Face_Lift_Cream.png?fit=630%2C630&ssl=1","twitter_misc":{"Predpokladan\u00fd \u010das \u010d\u00edtania":"3 min\u00faty"},"schema":{"@context":"https:\/\/schema.org","@graph":[{"@type":"WebPage","@id":"https:\/\/etako.sk\/eshop\/produkt\/korejska-kozmetika-krx-clinical-home-care-youthplex-face-lift-krem-na-tvar-50g-2\/","url":"https:\/\/etako.sk\/eshop\/produkt\/korejska-kozmetika-krx-clinical-home-care-youthplex-face-lift-krem-na-tvar-50g-2\/","name":"K\u00f3rejsk\u00e1 kozmetika KRX Clinical Home Care YouthPlex FACE LIFT KR\u00c9M NA TV\u00c1R 50g - ETAKO e-shop","isPartOf":{"@id":"https:\/\/etako.sk\/eshop\/#website"},"primaryImageOfPage":{"@id":"https:\/\/etako.sk\/eshop\/produkt\/korejska-kozmetika-krx-clinical-home-care-youthplex-face-lift-krem-na-tvar-50g-2\/#primaryimage"},"image":{"@id":"https:\/\/etako.sk\/eshop\/produkt\/korejska-kozmetika-krx-clinical-home-care-youthplex-face-lift-krem-na-tvar-50g-2\/#primaryimage"},"thumbnailUrl":"https:\/\/i0.wp.com\/etako.sk\/eshop\/wp-content\/uploads\/2025\/11\/KRX_Youthplex_Clinical_Face_Lift_Cream.png?fit=630%2C630&ssl=1","datePublished":"2025-11-12T18:23:41+00:00","dateModified":"2025-11-12T18:25:43+00:00","breadcrumb":{"@id":"https:\/\/etako.sk\/eshop\/produkt\/korejska-kozmetika-krx-clinical-home-care-youthplex-face-lift-krem-na-tvar-50g-2\/#breadcrumb"},"inLanguage":"sk-SK","potentialAction":[{"@type":"ReadAction","target":["https:\/\/etako.sk\/eshop\/produkt\/korejska-kozmetika-krx-clinical-home-care-youthplex-face-lift-krem-na-tvar-50g-2\/"]}]},{"@type":"ImageObject","inLanguage":"sk-SK","@id":"https:\/\/etako.sk\/eshop\/produkt\/korejska-kozmetika-krx-clinical-home-care-youthplex-face-lift-krem-na-tvar-50g-2\/#primaryimage","url":"https:\/\/i0.wp.com\/etako.sk\/eshop\/wp-content\/uploads\/2025\/11\/KRX_Youthplex_Clinical_Face_Lift_Cream.png?fit=630%2C630&ssl=1","contentUrl":"https:\/\/i0.wp.com\/etako.sk\/eshop\/wp-content\/uploads\/2025\/11\/KRX_Youthplex_Clinical_Face_Lift_Cream.png?fit=630%2C630&ssl=1","width":630,"height":630},{"@type":"BreadcrumbList","@id":"https:\/\/etako.sk\/eshop\/produkt\/korejska-kozmetika-krx-clinical-home-care-youthplex-face-lift-krem-na-tvar-50g-2\/#breadcrumb","itemListElement":[{"@type":"ListItem","position":1,"name":"Domovsk\u00e1 str\u00e1nka","item":"https:\/\/etako.sk\/eshop\/"},{"@type":"ListItem","position":2,"name":"Obchod","item":"https:\/\/etako.sk\/eshop\/shop\/"},{"@type":"ListItem","position":3,"name":"K\u00f3rejsk\u00e1 kozmetika KRX Clinical Home Care YouthPlex FACE LIFT KR\u00c9M NA TV\u00c1R 50g"}]},{"@type":"WebSite","@id":"https:\/\/etako.sk\/eshop\/#website","url":"https:\/\/etako.sk\/eshop\/","name":"ETAKO e-shop","description":"Etako","potentialAction":[{"@type":"SearchAction","target":{"@type":"EntryPoint","urlTemplate":"https:\/\/etako.sk\/eshop\/?s={search_term_string}"},"query-input":{"@type":"PropertyValueSpecification","valueRequired":true,"valueName":"search_term_string"}}],"inLanguage":"sk-SK"}]}},"jetpack_sharing_enabled":true,"_links":{"self":[{"href":"https:\/\/etako.sk\/eshop\/wp-json\/wp\/v2\/product\/48902","targetHints":{"allow":["GET"]}}],"collection":[{"href":"https:\/\/etako.sk\/eshop\/wp-json\/wp\/v2\/product"}],"about":[{"href":"https:\/\/etako.sk\/eshop\/wp-json\/wp\/v2\/types\/product"}],"replies":[{"embeddable":true,"href":"https:\/\/etako.sk\/eshop\/wp-json\/wp\/v2\/comments?post=48902"}],"version-history":[{"count":2,"href":"https:\/\/etako.sk\/eshop\/wp-json\/wp\/v2\/product\/48902\/revisions"}],"predecessor-version":[{"id":48906,"href":"https:\/\/etako.sk\/eshop\/wp-json\/wp\/v2\/product\/48902\/revisions\/48906"}],"wp:featuredmedia":[{"embeddable":true,"href":"https:\/\/etako.sk\/eshop\/wp-json\/wp\/v2\/media\/48905"}],"wp:attachment":[{"href":"https:\/\/etako.sk\/eshop\/wp-json\/wp\/v2\/media?parent=48902"}],"wp:term":[{"taxonomy":"product_brand","embeddable":true,"href":"https:\/\/etako.sk\/eshop\/wp-json\/wp\/v2\/product_brand?post=48902"},{"taxonomy":"product_cat","embeddable":true,"href":"https:\/\/etako.sk\/eshop\/wp-json\/wp\/v2\/product_cat?post=48902"},{"taxonomy":"product_tag","embeddable":true,"href":"https:\/\/etako.sk\/eshop\/wp-json\/wp\/v2\/product_tag?post=48902"}],"curies":[{"name":"wp","href":"https:\/\/api.w.org\/{rel}","templated":true}]}}