{"id":48860,"date":"2025-09-26T11:33:46","date_gmt":"2025-09-26T09:33:46","guid":{"rendered":"https:\/\/etako.sk\/eshop\/?post_type=product&#038;p=48860"},"modified":"2025-09-26T11:35:13","modified_gmt":"2025-09-26T09:35:13","slug":"solanie-argan-denny-krem-z-kmenovych-buniek-50-ml","status":"publish","type":"product","link":"https:\/\/etako.sk\/eshop\/produkt\/solanie-argan-denny-krem-z-kmenovych-buniek-50-ml\/","title":{"rendered":"Solanie Argan Denn\u00fd kr\u00e9m z kme\u0148ov\u00fdch buniek 50 ml"},"content":{"rendered":"<p>Kr\u00e9m zabezpe\u010duje poko\u017eke dokonal\u00fa ochranu po\u010das cel\u00e9ho d\u0148a.<\/p>\n<p>M\u00e1 vynikaj\u00faci hydrata\u010dn\u00fd \u00fa\u010dinok, arganov\u00e9 kme\u0148ov\u00e9 bunky,<br \/>\nktor\u00e9 s\u00fa hlavnou zlo\u017ekou pr\u00edpravku, chr\u00e1nia a o\u017eivuj\u00fa kme\u0148ov\u00e9 bunky, ktor\u00e9 sa nach\u00e1dza v derme \/zam\u0161a\/.<\/p>\n<p>Pravideln\u00fdm pou\u017e\u00edvan\u00edm sa vypl\u0148uj\u00fa, redukuj\u00fa vr\u00e1sky, vyhladzuje sa povrch ko\u017ee<br \/>\na pom\u00e1ha udr\u017eiava\u0165 norm\u00e1lny bunkov\u00fd cyklus.<\/p>\n<p>Jojobov\u00fd olej zabezpe\u010duje hydro &#8211; lipidov\u00fd ochrann\u00fd film na poko\u017eke,<br \/>\n\u010d\u00edm sa zni\u017euje strata vody a napom\u00e1ha k norm\u00e1lnemu fungovanie mazov\u00fdch \u017eliaz.<\/p>\n<p>Obsahuje mechanick\u00fd UV filter, ktor\u00fd chr\u00e1ni ple\u0165 pred mechanick\u00fdm po\u0161koden\u00edm slne\u010dn\u00e9ho \u017eiarenia.<\/p>\n<p>Je vhodn\u00fd na v\u0161etky typy pleti.<\/p>\n<p>Hlavn\u00e1 funkcia: Hydrat\u00e1cia, Anti-aging, Regener\u00e1cia buniek<\/p>\n<p>\u00da\u010dinn\u00e9 l\u00e1tky:\u00a0\u00a0v\u00fd\u0165a\u017eok z arg\u00e1nov\u00fdch kme\u0148ov\u00fdch buniek, jojobov\u00fd olej, \u0161\u0165ava z\u00a0aloe vera, pentavitin, PCA, lakt\u00e1t, glyc\u00edn,urea, frukt\u00f3za, inozitol, niacinamid ( vitam\u00edn B3 ), panthenol,\u00a0mechanick\u00fd UV filter ( tit\u00e1n-dioxid ),\u00a0allantoin<\/p>\n<p>&#8211; 0% miner\u00e1lny olej<br \/>\n&#8211; 0% parab\u00e9n<br \/>\n&#8211; 0% silik\u00f3nov\u00fd olej<br \/>\n&#8211; 0% parf\u00e9m<br \/>\n&#8211; 0% umel\u00e9 farbiv\u00e1<\/p>\n<p>Veg\u00e1n produkt<\/p>\n<p>UV ochrana: SPF 30<\/p>\n<p>Zlo\u017eenie: Aqua, Aloe Barbadensis Leaf Juice, Propylene Glycol Dicaprylate\/Dicaprate, Glycerin, Caprylic\/Capric Triglyceride, Cetearyl Alcohol, Cyclomethicone, Propylene Glycol, Isononyl Isononanoate, Simmondsia Chinensis Seed Oil, PEG-40 Stearate, Glyceryl Stearate, PEG-100 Stearate, Shorea Stenoptera Seed Butter, Lecithin, Dimethicone, Saccharide Isomerate, Argania Spinosa Callus Culture Extract, Sodium Lactate, Sodium PCA, Glycine, Fructose, Urea, Niacinamide, Inositol, Lactic Acid, Panthenol, Allantoin, Titanium Dioxide, Simethicone, Alumina, Glyceryl Polyacrylate, Phenoxyethanol, Acrylates\/C10-30 Alkyl Acrylate Crosspolymer, Triethanolamine, Ethylhexylglycerin, Sodium Benzoate, Parfum, Isomalt,\u00a0 PEG-7 Hydrogenated Castor Oil, Disodium EDTA, Pentaerithrityl Tetra-Di-t-Butyl Hydroxyhidrocinnamate.<\/p>\n<p>pH 5,5 &#8211; 6,5<\/p>\n<p>&nbsp;<\/p>\n","protected":false},"excerpt":{"rendered":"<p>Kr\u00e9m zabezpe\u010duje poko\u017eke dokonal\u00fa ochranu po\u010das cel\u00e9ho d\u0148a. M\u00e1 vynikaj\u00faci hydrata\u010dn\u00fd \u00fa\u010dinok, arganov\u00e9 kme\u0148ov\u00e9 bunky, ktor\u00e9 s\u00fa hlavnou zlo\u017ekou pr\u00edpravku,<\/p>\n","protected":false},"featured_media":48861,"comment_status":"closed","ping_status":"closed","template":"","meta":{"jetpack_publicize_message":"","jetpack_publicize_feature_enabled":true,"jetpack_social_post_already_shared":true,"jetpack_social_options":{"image_generator_settings":{"template":"highway","enabled":false},"version":2}},"product_brand":[],"product_cat":[1864,1865],"product_tag":[],"class_list":{"0":"post-48860","1":"product","2":"type-product","3":"status-publish","4":"has-post-thumbnail","6":"product_cat-dekorativna-kozmetika","7":"product_cat-denny-krem","8":"product_shipping_class-standard","10":"","11":"instock","12":"taxable","13":"shipping-taxable","14":"purchasable","15":"product-type-simple"},"jetpack_publicize_connections":[],"yoast_head":"<!-- This site is optimized with the Yoast SEO plugin v25.6 - https:\/\/yoast.com\/wordpress\/plugins\/seo\/ -->\n<title>Solanie Argan Denn\u00fd kr\u00e9m z kme\u0148ov\u00fdch buniek 50 ml - ETAKO e-shop<\/title>\n<meta name=\"robots\" content=\"index, follow, max-snippet:-1, max-image-preview:large, max-video-preview:-1\" \/>\n<link rel=\"canonical\" href=\"https:\/\/etako.sk\/eshop\/produkt\/solanie-argan-denny-krem-z-kmenovych-buniek-50-ml\/\" \/>\n<meta name=\"twitter:card\" content=\"summary_large_image\" \/>\n<meta name=\"twitter:title\" content=\"Solanie Argan Denn\u00fd kr\u00e9m z kme\u0148ov\u00fdch buniek 50 ml - ETAKO e-shop\" \/>\n<meta name=\"twitter:description\" content=\"Kr\u00e9m zabezpe\u010duje poko\u017eke dokonal\u00fa ochranu po\u010das cel\u00e9ho d\u0148a. M\u00e1 vynikaj\u00faci hydrata\u010dn\u00fd \u00fa\u010dinok, arganov\u00e9 kme\u0148ov\u00e9 bunky, ktor\u00e9 s\u00fa hlavnou zlo\u017ekou pr\u00edpravku,\" \/>\n<meta name=\"twitter:image\" content=\"https:\/\/i0.wp.com\/etako.sk\/eshop\/wp-content\/uploads\/2025\/09\/thumb_large_SO11601_02.jpg?fit=630%2C630&ssl=1\" \/>\n<meta name=\"twitter:label1\" content=\"Predpokladan\u00fd \u010das \u010d\u00edtania\" \/>\n\t<meta name=\"twitter:data1\" content=\"2 min\u00faty\" \/>\n<script type=\"application\/ld+json\" class=\"yoast-schema-graph\">{\"@context\":\"https:\/\/schema.org\",\"@graph\":[{\"@type\":\"WebPage\",\"@id\":\"https:\/\/etako.sk\/eshop\/produkt\/solanie-argan-denny-krem-z-kmenovych-buniek-50-ml\/\",\"url\":\"https:\/\/etako.sk\/eshop\/produkt\/solanie-argan-denny-krem-z-kmenovych-buniek-50-ml\/\",\"name\":\"Solanie Argan Denn\u00fd kr\u00e9m z kme\u0148ov\u00fdch buniek 50 ml - ETAKO e-shop\",\"isPartOf\":{\"@id\":\"https:\/\/etako.sk\/eshop\/#website\"},\"primaryImageOfPage\":{\"@id\":\"https:\/\/etako.sk\/eshop\/produkt\/solanie-argan-denny-krem-z-kmenovych-buniek-50-ml\/#primaryimage\"},\"image\":{\"@id\":\"https:\/\/etako.sk\/eshop\/produkt\/solanie-argan-denny-krem-z-kmenovych-buniek-50-ml\/#primaryimage\"},\"thumbnailUrl\":\"https:\/\/i0.wp.com\/etako.sk\/eshop\/wp-content\/uploads\/2025\/09\/thumb_large_SO11601_02.jpg?fit=630%2C630&ssl=1\",\"datePublished\":\"2025-09-26T09:33:46+00:00\",\"dateModified\":\"2025-09-26T09:35:13+00:00\",\"breadcrumb\":{\"@id\":\"https:\/\/etako.sk\/eshop\/produkt\/solanie-argan-denny-krem-z-kmenovych-buniek-50-ml\/#breadcrumb\"},\"inLanguage\":\"sk-SK\",\"potentialAction\":[{\"@type\":\"ReadAction\",\"target\":[\"https:\/\/etako.sk\/eshop\/produkt\/solanie-argan-denny-krem-z-kmenovych-buniek-50-ml\/\"]}]},{\"@type\":\"ImageObject\",\"inLanguage\":\"sk-SK\",\"@id\":\"https:\/\/etako.sk\/eshop\/produkt\/solanie-argan-denny-krem-z-kmenovych-buniek-50-ml\/#primaryimage\",\"url\":\"https:\/\/i0.wp.com\/etako.sk\/eshop\/wp-content\/uploads\/2025\/09\/thumb_large_SO11601_02.jpg?fit=630%2C630&ssl=1\",\"contentUrl\":\"https:\/\/i0.wp.com\/etako.sk\/eshop\/wp-content\/uploads\/2025\/09\/thumb_large_SO11601_02.jpg?fit=630%2C630&ssl=1\",\"width\":630,\"height\":630},{\"@type\":\"BreadcrumbList\",\"@id\":\"https:\/\/etako.sk\/eshop\/produkt\/solanie-argan-denny-krem-z-kmenovych-buniek-50-ml\/#breadcrumb\",\"itemListElement\":[{\"@type\":\"ListItem\",\"position\":1,\"name\":\"Domovsk\u00e1 str\u00e1nka\",\"item\":\"https:\/\/etako.sk\/eshop\/\"},{\"@type\":\"ListItem\",\"position\":2,\"name\":\"Obchod\",\"item\":\"https:\/\/etako.sk\/eshop\/shop\/\"},{\"@type\":\"ListItem\",\"position\":3,\"name\":\"Solanie Argan Denn\u00fd kr\u00e9m z kme\u0148ov\u00fdch buniek 50 ml\"}]},{\"@type\":\"WebSite\",\"@id\":\"https:\/\/etako.sk\/eshop\/#website\",\"url\":\"https:\/\/etako.sk\/eshop\/\",\"name\":\"ETAKO e-shop\",\"description\":\"Etako\",\"potentialAction\":[{\"@type\":\"SearchAction\",\"target\":{\"@type\":\"EntryPoint\",\"urlTemplate\":\"https:\/\/etako.sk\/eshop\/?s={search_term_string}\"},\"query-input\":{\"@type\":\"PropertyValueSpecification\",\"valueRequired\":true,\"valueName\":\"search_term_string\"}}],\"inLanguage\":\"sk-SK\"}]}<\/script>\n<!-- \/ Yoast SEO plugin. -->","yoast_head_json":{"title":"Solanie Argan Denn\u00fd kr\u00e9m z kme\u0148ov\u00fdch buniek 50 ml - ETAKO e-shop","robots":{"index":"index","follow":"follow","max-snippet":"max-snippet:-1","max-image-preview":"max-image-preview:large","max-video-preview":"max-video-preview:-1"},"canonical":"https:\/\/etako.sk\/eshop\/produkt\/solanie-argan-denny-krem-z-kmenovych-buniek-50-ml\/","twitter_card":"summary_large_image","twitter_title":"Solanie Argan Denn\u00fd kr\u00e9m z kme\u0148ov\u00fdch buniek 50 ml - ETAKO e-shop","twitter_description":"Kr\u00e9m zabezpe\u010duje poko\u017eke dokonal\u00fa ochranu po\u010das cel\u00e9ho d\u0148a. M\u00e1 vynikaj\u00faci hydrata\u010dn\u00fd \u00fa\u010dinok, arganov\u00e9 kme\u0148ov\u00e9 bunky, ktor\u00e9 s\u00fa hlavnou zlo\u017ekou pr\u00edpravku,","twitter_image":"https:\/\/i0.wp.com\/etako.sk\/eshop\/wp-content\/uploads\/2025\/09\/thumb_large_SO11601_02.jpg?fit=630%2C630&ssl=1","twitter_misc":{"Predpokladan\u00fd \u010das \u010d\u00edtania":"2 min\u00faty"},"schema":{"@context":"https:\/\/schema.org","@graph":[{"@type":"WebPage","@id":"https:\/\/etako.sk\/eshop\/produkt\/solanie-argan-denny-krem-z-kmenovych-buniek-50-ml\/","url":"https:\/\/etako.sk\/eshop\/produkt\/solanie-argan-denny-krem-z-kmenovych-buniek-50-ml\/","name":"Solanie Argan Denn\u00fd kr\u00e9m z kme\u0148ov\u00fdch buniek 50 ml - ETAKO e-shop","isPartOf":{"@id":"https:\/\/etako.sk\/eshop\/#website"},"primaryImageOfPage":{"@id":"https:\/\/etako.sk\/eshop\/produkt\/solanie-argan-denny-krem-z-kmenovych-buniek-50-ml\/#primaryimage"},"image":{"@id":"https:\/\/etako.sk\/eshop\/produkt\/solanie-argan-denny-krem-z-kmenovych-buniek-50-ml\/#primaryimage"},"thumbnailUrl":"https:\/\/i0.wp.com\/etako.sk\/eshop\/wp-content\/uploads\/2025\/09\/thumb_large_SO11601_02.jpg?fit=630%2C630&ssl=1","datePublished":"2025-09-26T09:33:46+00:00","dateModified":"2025-09-26T09:35:13+00:00","breadcrumb":{"@id":"https:\/\/etako.sk\/eshop\/produkt\/solanie-argan-denny-krem-z-kmenovych-buniek-50-ml\/#breadcrumb"},"inLanguage":"sk-SK","potentialAction":[{"@type":"ReadAction","target":["https:\/\/etako.sk\/eshop\/produkt\/solanie-argan-denny-krem-z-kmenovych-buniek-50-ml\/"]}]},{"@type":"ImageObject","inLanguage":"sk-SK","@id":"https:\/\/etako.sk\/eshop\/produkt\/solanie-argan-denny-krem-z-kmenovych-buniek-50-ml\/#primaryimage","url":"https:\/\/i0.wp.com\/etako.sk\/eshop\/wp-content\/uploads\/2025\/09\/thumb_large_SO11601_02.jpg?fit=630%2C630&ssl=1","contentUrl":"https:\/\/i0.wp.com\/etako.sk\/eshop\/wp-content\/uploads\/2025\/09\/thumb_large_SO11601_02.jpg?fit=630%2C630&ssl=1","width":630,"height":630},{"@type":"BreadcrumbList","@id":"https:\/\/etako.sk\/eshop\/produkt\/solanie-argan-denny-krem-z-kmenovych-buniek-50-ml\/#breadcrumb","itemListElement":[{"@type":"ListItem","position":1,"name":"Domovsk\u00e1 str\u00e1nka","item":"https:\/\/etako.sk\/eshop\/"},{"@type":"ListItem","position":2,"name":"Obchod","item":"https:\/\/etako.sk\/eshop\/shop\/"},{"@type":"ListItem","position":3,"name":"Solanie Argan Denn\u00fd kr\u00e9m z kme\u0148ov\u00fdch buniek 50 ml"}]},{"@type":"WebSite","@id":"https:\/\/etako.sk\/eshop\/#website","url":"https:\/\/etako.sk\/eshop\/","name":"ETAKO e-shop","description":"Etako","potentialAction":[{"@type":"SearchAction","target":{"@type":"EntryPoint","urlTemplate":"https:\/\/etako.sk\/eshop\/?s={search_term_string}"},"query-input":{"@type":"PropertyValueSpecification","valueRequired":true,"valueName":"search_term_string"}}],"inLanguage":"sk-SK"}]}},"jetpack_sharing_enabled":true,"_links":{"self":[{"href":"https:\/\/etako.sk\/eshop\/wp-json\/wp\/v2\/product\/48860","targetHints":{"allow":["GET"]}}],"collection":[{"href":"https:\/\/etako.sk\/eshop\/wp-json\/wp\/v2\/product"}],"about":[{"href":"https:\/\/etako.sk\/eshop\/wp-json\/wp\/v2\/types\/product"}],"replies":[{"embeddable":true,"href":"https:\/\/etako.sk\/eshop\/wp-json\/wp\/v2\/comments?post=48860"}],"version-history":[{"count":1,"href":"https:\/\/etako.sk\/eshop\/wp-json\/wp\/v2\/product\/48860\/revisions"}],"predecessor-version":[{"id":48862,"href":"https:\/\/etako.sk\/eshop\/wp-json\/wp\/v2\/product\/48860\/revisions\/48862"}],"wp:featuredmedia":[{"embeddable":true,"href":"https:\/\/etako.sk\/eshop\/wp-json\/wp\/v2\/media\/48861"}],"wp:attachment":[{"href":"https:\/\/etako.sk\/eshop\/wp-json\/wp\/v2\/media?parent=48860"}],"wp:term":[{"taxonomy":"product_brand","embeddable":true,"href":"https:\/\/etako.sk\/eshop\/wp-json\/wp\/v2\/product_brand?post=48860"},{"taxonomy":"product_cat","embeddable":true,"href":"https:\/\/etako.sk\/eshop\/wp-json\/wp\/v2\/product_cat?post=48860"},{"taxonomy":"product_tag","embeddable":true,"href":"https:\/\/etako.sk\/eshop\/wp-json\/wp\/v2\/product_tag?post=48860"}],"curies":[{"name":"wp","href":"https:\/\/api.w.org\/{rel}","templated":true}]}}