{"id":48857,"date":"2025-09-26T11:03:39","date_gmt":"2025-09-26T09:03:39","guid":{"rendered":"https:\/\/etako.sk\/eshop\/?post_type=product&#038;p=48857"},"modified":"2025-12-12T11:24:32","modified_gmt":"2025-12-12T09:24:32","slug":"korejska-kozmetika-eclado-cell-memory-pdrn-krem-50-g","status":"publish","type":"product","link":"https:\/\/etako.sk\/eshop\/produkt\/korejska-kozmetika-eclado-cell-memory-pdrn-krem-50-g\/","title":{"rendered":"K\u00f3rejsk\u00e1 kozmetika ECLADO Cell Memory PDRN kr\u00e9m 50 g"},"content":{"rendered":"<p>Pr\u00e9miov\u00fd denn\u00fd kr\u00e9m na tv\u00e1r s rastlinn\u00fdmi kme\u0148ov\u00fdmi bunkami s dvojit\u00fdm \u00fa\u010dinkom, proti vr\u00e1skam, regeneruje a zosvet\u013euje ple\u0165.<\/p>\n<p>Odpor\u00fa\u010da sa pre vekov\u00fa skupinu nad 30 rokov, ktor\u00e1 chce dosiahnu\u0165 v\u00fdsledky aj s minim\u00e1lnou rutinou v modernom, upon\u00e1h\u013eanom ka\u017edodennom \u017eivote.<\/p>\n<p>Viacvrstvov\u00fd lipoz\u00f3mov\u00fd syst\u00e9m sl\u00fa\u017ei ako cenn\u00fd nosi\u010d \u00fa\u010dinn\u00fdch l\u00e1tok pre synergiu bioakt\u00edvneho peptidov\u00e9ho komplexu, epiderm\u00e1lneho rastov\u00e9ho faktora a rastlinn\u00fdch kme\u0148ov\u00fdch buniek.<\/p>\n<p>Cie\u013eom je redukova\u0165 vr\u00e1sky, zjednoti\u0165 t\u00f3n pleti a zv\u00fd\u0161i\u0165 jej \u017eiarivos\u0165 s mimoriadnou \u00fa\u010dinnos\u0165ou.<\/p>\n<p>Kr\u00e9m m\u00e1 vynikaj\u00face\u00a0akt\u00edvne\u00a0zlo\u017eky, ktor\u00e9\u00a0nielen\u017ee p\u00f4sobia\u00a0proti starnutiu, ale pon\u00fakaj\u00fa aj terapiu \u201ebunkovej pripomienky\u201c: kombin\u00e1cia akt\u00edvnych rastov\u00fdch faktorov a peptidov pom\u00e1ha pleti obnovi\u0165 funk\u010dn\u00e9 vzorce podobn\u00e9 jej mladistv\u00e9mu \u200b\u200bstavu.<\/p>\n<p>Stimuluje synt\u00e9zu kolag\u00e9nu, posil\u0148uje kont\u00fary tv\u00e1re, eliminuje existuj\u00face mimick\u00e9 vr\u00e1sky a spoma\u013euje tvorbu nov\u00fdch.<\/p>\n<p>Obsahuje Sodium-DNA &#8211;\u00a0<strong>PDRN\u00a0extrahovan\u00fa z lososa\u00a0<\/strong>pre zv\u00fd\u0161enie elasticity poko\u017eky a synergia extraktu z rastlinn\u00fdch kme\u0148ov\u00fdch buniek, EGF a adenoz\u00ednu vy\u017eivuje a hydratuje.<\/p>\n<p><strong>Peptidov\u00fd komplex<\/strong>\u00a0a\u00a0<strong>EGF stimuluj\u00fa regener\u00e1ciu elast\u00ednu a kolag\u00e9nu<\/strong>, zatia\u013e \u010do hyaluron\u00e1t sodn\u00fd \u00fa\u010dinne a\u00a0<strong>hlboko hydratuje<\/strong>. V\u010faka svojej jedine\u010dnej text\u00fare sa \u013eahko vstreb\u00e1va bez pre\u0165a\u017eenia poko\u017eky.<\/p>\n<p>&nbsp;<\/p>\n<p><img data-recalc-dims=\"1\" fetchpriority=\"high\" decoding=\"async\" src=\"https:\/\/i0.wp.com\/www.perlacosmetic.sk\/images\/dna-cell%20%281%29.webp?resize=300%2C300&#038;ssl=1\" alt=\"\" width=\"300\" height=\"300\" \/><\/p>\n<p>&nbsp;<\/p>\n<p><strong>Bunkov\u00fd mechanizmus<\/strong><br \/>\nZ\u00e1kladnou zlo\u017ekou kr\u00e9mu je peptidov\u00fd komplex (Acetyl Hexapeptid-8, Palmitoyl Pentapeptid-4 at\u010f.), ktor\u00fd zvy\u0161uje aktivitu fibroblastov, podporuje tvorbu kolag\u00e9nu a elast\u00ednu. Okrem toho, DNA z lososa a extrakty z rastlinn\u00fdch kme\u0148ov\u00fdch buniek podporuj\u00fa obrann\u00fd syst\u00e9m poko\u017eky svoj\u00edm antioxida\u010dn\u00fdm \u00fa\u010dinkom a pom\u00e1haj\u00fa dlhodobo zachov\u00e1va\u0165 regenera\u010dn\u00fa schopnos\u0165 buniek.<\/p>\n<p><strong>\u200bEGF &#8211; Epiderm\u00e1lny rastov\u00fd faktor<\/strong><br \/>\nBune\u010dn\u00e1 komunika\u010dn\u00e1 l\u00e1tka, ktor\u00e1 stimuluje bunkov\u00e9 delenie a regener\u00e1ciu poko\u017eky. Prispieva k obnove poko\u017eky, redukuje h\u013abku vr\u00e1sok a zlep\u0161uje jej text\u00faru.<\/p>\n<p>&nbsp;<\/p>\n<p><strong>Pou\u017eitie:<\/strong><\/p>\n<p>Kr\u00e9m poskytuje celodenn\u00fa hydrat\u00e1ciu, omladzuje ple\u0165 a posil\u0148uje kont\u00fary tv\u00e1re.<\/p>\n<p>Jeho text\u00fara je hodv\u00e1bna, jemn\u00e1, \u013eahko sa vstreb\u00e1va a nie je mastn\u00e1. Odpor\u00fa\u010da sa ako z\u00e1vere\u010dn\u00fd kr\u00e9m na konci ak\u00e9hoko\u013evek o\u0161etrenia alebo na dom\u00e1ce pou\u017eitie.<\/p>\n<p>&nbsp;<\/p>\n<p>&nbsp;<\/p>\n<p><img data-recalc-dims=\"1\" decoding=\"async\" src=\"https:\/\/i0.wp.com\/www.perlacosmetic.sk\/images\/eclado_cell-memory-krem-50g.webp?resize=300%2C300&#038;ssl=1\" alt=\"\" width=\"300\" height=\"300\" \/><\/p>\n<p>&nbsp;<\/p>\n<p>&nbsp;<\/p>\n","protected":false},"excerpt":{"rendered":"<p>Pr\u00e9miov\u00fd denn\u00fd kr\u00e9m na tv\u00e1r s rastlinn\u00fdmi kme\u0148ov\u00fdmi bunkami s dvojit\u00fdm \u00fa\u010dinkom, proti vr\u00e1skam, regeneruje a zosvet\u013euje ple\u0165. Odpor\u00fa\u010da sa<\/p>\n","protected":false},"featured_media":48858,"comment_status":"closed","ping_status":"closed","template":"","meta":{"jetpack_publicize_message":"","jetpack_publicize_feature_enabled":true,"jetpack_social_post_already_shared":true,"jetpack_social_options":{"image_generator_settings":{"template":"highway","enabled":false},"version":2}},"product_brand":[],"product_cat":[1865],"product_tag":[],"class_list":{"0":"post-48857","1":"product","2":"type-product","3":"status-publish","4":"has-post-thumbnail","6":"product_cat-denny-krem","7":"product_shipping_class-standard","9":"","10":"instock","11":"taxable","12":"shipping-taxable","13":"purchasable","14":"product-type-simple"},"jetpack_publicize_connections":[],"yoast_head":"<!-- This site is optimized with the Yoast SEO plugin v25.6 - https:\/\/yoast.com\/wordpress\/plugins\/seo\/ -->\n<title>K\u00f3rejsk\u00e1 kozmetika ECLADO Cell Memory PDRN kr\u00e9m 50 g - ETAKO e-shop<\/title>\n<meta name=\"robots\" content=\"index, follow, max-snippet:-1, max-image-preview:large, max-video-preview:-1\" \/>\n<link rel=\"canonical\" href=\"https:\/\/etako.sk\/eshop\/produkt\/korejska-kozmetika-eclado-cell-memory-pdrn-krem-50-g\/\" \/>\n<meta name=\"twitter:card\" content=\"summary_large_image\" \/>\n<meta name=\"twitter:title\" content=\"K\u00f3rejsk\u00e1 kozmetika ECLADO Cell Memory PDRN kr\u00e9m 50 g - ETAKO e-shop\" \/>\n<meta name=\"twitter:description\" content=\"Pr\u00e9miov\u00fd denn\u00fd kr\u00e9m na tv\u00e1r s rastlinn\u00fdmi kme\u0148ov\u00fdmi bunkami s dvojit\u00fdm \u00fa\u010dinkom, proti vr\u00e1skam, regeneruje a zosvet\u013euje ple\u0165. Odpor\u00fa\u010da sa\" \/>\n<meta name=\"twitter:image\" content=\"https:\/\/i0.wp.com\/etako.sk\/eshop\/wp-content\/uploads\/2025\/09\/ecladi_stem_cell_origin_krem50g.webp?fit=630%2C630&ssl=1\" \/>\n<meta name=\"twitter:label1\" content=\"Predpokladan\u00fd \u010das \u010d\u00edtania\" \/>\n\t<meta name=\"twitter:data1\" content=\"3 min\u00faty\" \/>\n<script type=\"application\/ld+json\" class=\"yoast-schema-graph\">{\"@context\":\"https:\/\/schema.org\",\"@graph\":[{\"@type\":\"WebPage\",\"@id\":\"https:\/\/etako.sk\/eshop\/produkt\/korejska-kozmetika-eclado-cell-memory-pdrn-krem-50-g\/\",\"url\":\"https:\/\/etako.sk\/eshop\/produkt\/korejska-kozmetika-eclado-cell-memory-pdrn-krem-50-g\/\",\"name\":\"K\u00f3rejsk\u00e1 kozmetika ECLADO Cell Memory PDRN kr\u00e9m 50 g - ETAKO e-shop\",\"isPartOf\":{\"@id\":\"https:\/\/etako.sk\/eshop\/#website\"},\"primaryImageOfPage\":{\"@id\":\"https:\/\/etako.sk\/eshop\/produkt\/korejska-kozmetika-eclado-cell-memory-pdrn-krem-50-g\/#primaryimage\"},\"image\":{\"@id\":\"https:\/\/etako.sk\/eshop\/produkt\/korejska-kozmetika-eclado-cell-memory-pdrn-krem-50-g\/#primaryimage\"},\"thumbnailUrl\":\"https:\/\/i0.wp.com\/etako.sk\/eshop\/wp-content\/uploads\/2025\/09\/ecladi_stem_cell_origin_krem50g.webp?fit=630%2C630&ssl=1\",\"datePublished\":\"2025-09-26T09:03:39+00:00\",\"dateModified\":\"2025-12-12T09:24:32+00:00\",\"breadcrumb\":{\"@id\":\"https:\/\/etako.sk\/eshop\/produkt\/korejska-kozmetika-eclado-cell-memory-pdrn-krem-50-g\/#breadcrumb\"},\"inLanguage\":\"sk-SK\",\"potentialAction\":[{\"@type\":\"ReadAction\",\"target\":[\"https:\/\/etako.sk\/eshop\/produkt\/korejska-kozmetika-eclado-cell-memory-pdrn-krem-50-g\/\"]}]},{\"@type\":\"ImageObject\",\"inLanguage\":\"sk-SK\",\"@id\":\"https:\/\/etako.sk\/eshop\/produkt\/korejska-kozmetika-eclado-cell-memory-pdrn-krem-50-g\/#primaryimage\",\"url\":\"https:\/\/i0.wp.com\/etako.sk\/eshop\/wp-content\/uploads\/2025\/09\/ecladi_stem_cell_origin_krem50g.webp?fit=630%2C630&ssl=1\",\"contentUrl\":\"https:\/\/i0.wp.com\/etako.sk\/eshop\/wp-content\/uploads\/2025\/09\/ecladi_stem_cell_origin_krem50g.webp?fit=630%2C630&ssl=1\",\"width\":630,\"height\":630},{\"@type\":\"BreadcrumbList\",\"@id\":\"https:\/\/etako.sk\/eshop\/produkt\/korejska-kozmetika-eclado-cell-memory-pdrn-krem-50-g\/#breadcrumb\",\"itemListElement\":[{\"@type\":\"ListItem\",\"position\":1,\"name\":\"Domovsk\u00e1 str\u00e1nka\",\"item\":\"https:\/\/etako.sk\/eshop\/\"},{\"@type\":\"ListItem\",\"position\":2,\"name\":\"Obchod\",\"item\":\"https:\/\/etako.sk\/eshop\/shop\/\"},{\"@type\":\"ListItem\",\"position\":3,\"name\":\"K\u00f3rejsk\u00e1 kozmetika ECLADO Cell Memory PDRN kr\u00e9m 50 g\"}]},{\"@type\":\"WebSite\",\"@id\":\"https:\/\/etako.sk\/eshop\/#website\",\"url\":\"https:\/\/etako.sk\/eshop\/\",\"name\":\"ETAKO e-shop\",\"description\":\"Etako\",\"potentialAction\":[{\"@type\":\"SearchAction\",\"target\":{\"@type\":\"EntryPoint\",\"urlTemplate\":\"https:\/\/etako.sk\/eshop\/?s={search_term_string}\"},\"query-input\":{\"@type\":\"PropertyValueSpecification\",\"valueRequired\":true,\"valueName\":\"search_term_string\"}}],\"inLanguage\":\"sk-SK\"}]}<\/script>\n<!-- \/ Yoast SEO plugin. -->","yoast_head_json":{"title":"K\u00f3rejsk\u00e1 kozmetika ECLADO Cell Memory PDRN kr\u00e9m 50 g - ETAKO e-shop","robots":{"index":"index","follow":"follow","max-snippet":"max-snippet:-1","max-image-preview":"max-image-preview:large","max-video-preview":"max-video-preview:-1"},"canonical":"https:\/\/etako.sk\/eshop\/produkt\/korejska-kozmetika-eclado-cell-memory-pdrn-krem-50-g\/","twitter_card":"summary_large_image","twitter_title":"K\u00f3rejsk\u00e1 kozmetika ECLADO Cell Memory PDRN kr\u00e9m 50 g - ETAKO e-shop","twitter_description":"Pr\u00e9miov\u00fd denn\u00fd kr\u00e9m na tv\u00e1r s rastlinn\u00fdmi kme\u0148ov\u00fdmi bunkami s dvojit\u00fdm \u00fa\u010dinkom, proti vr\u00e1skam, regeneruje a zosvet\u013euje ple\u0165. Odpor\u00fa\u010da sa","twitter_image":"https:\/\/i0.wp.com\/etako.sk\/eshop\/wp-content\/uploads\/2025\/09\/ecladi_stem_cell_origin_krem50g.webp?fit=630%2C630&ssl=1","twitter_misc":{"Predpokladan\u00fd \u010das \u010d\u00edtania":"3 min\u00faty"},"schema":{"@context":"https:\/\/schema.org","@graph":[{"@type":"WebPage","@id":"https:\/\/etako.sk\/eshop\/produkt\/korejska-kozmetika-eclado-cell-memory-pdrn-krem-50-g\/","url":"https:\/\/etako.sk\/eshop\/produkt\/korejska-kozmetika-eclado-cell-memory-pdrn-krem-50-g\/","name":"K\u00f3rejsk\u00e1 kozmetika ECLADO Cell Memory PDRN kr\u00e9m 50 g - ETAKO e-shop","isPartOf":{"@id":"https:\/\/etako.sk\/eshop\/#website"},"primaryImageOfPage":{"@id":"https:\/\/etako.sk\/eshop\/produkt\/korejska-kozmetika-eclado-cell-memory-pdrn-krem-50-g\/#primaryimage"},"image":{"@id":"https:\/\/etako.sk\/eshop\/produkt\/korejska-kozmetika-eclado-cell-memory-pdrn-krem-50-g\/#primaryimage"},"thumbnailUrl":"https:\/\/i0.wp.com\/etako.sk\/eshop\/wp-content\/uploads\/2025\/09\/ecladi_stem_cell_origin_krem50g.webp?fit=630%2C630&ssl=1","datePublished":"2025-09-26T09:03:39+00:00","dateModified":"2025-12-12T09:24:32+00:00","breadcrumb":{"@id":"https:\/\/etako.sk\/eshop\/produkt\/korejska-kozmetika-eclado-cell-memory-pdrn-krem-50-g\/#breadcrumb"},"inLanguage":"sk-SK","potentialAction":[{"@type":"ReadAction","target":["https:\/\/etako.sk\/eshop\/produkt\/korejska-kozmetika-eclado-cell-memory-pdrn-krem-50-g\/"]}]},{"@type":"ImageObject","inLanguage":"sk-SK","@id":"https:\/\/etako.sk\/eshop\/produkt\/korejska-kozmetika-eclado-cell-memory-pdrn-krem-50-g\/#primaryimage","url":"https:\/\/i0.wp.com\/etako.sk\/eshop\/wp-content\/uploads\/2025\/09\/ecladi_stem_cell_origin_krem50g.webp?fit=630%2C630&ssl=1","contentUrl":"https:\/\/i0.wp.com\/etako.sk\/eshop\/wp-content\/uploads\/2025\/09\/ecladi_stem_cell_origin_krem50g.webp?fit=630%2C630&ssl=1","width":630,"height":630},{"@type":"BreadcrumbList","@id":"https:\/\/etako.sk\/eshop\/produkt\/korejska-kozmetika-eclado-cell-memory-pdrn-krem-50-g\/#breadcrumb","itemListElement":[{"@type":"ListItem","position":1,"name":"Domovsk\u00e1 str\u00e1nka","item":"https:\/\/etako.sk\/eshop\/"},{"@type":"ListItem","position":2,"name":"Obchod","item":"https:\/\/etako.sk\/eshop\/shop\/"},{"@type":"ListItem","position":3,"name":"K\u00f3rejsk\u00e1 kozmetika ECLADO Cell Memory PDRN kr\u00e9m 50 g"}]},{"@type":"WebSite","@id":"https:\/\/etako.sk\/eshop\/#website","url":"https:\/\/etako.sk\/eshop\/","name":"ETAKO e-shop","description":"Etako","potentialAction":[{"@type":"SearchAction","target":{"@type":"EntryPoint","urlTemplate":"https:\/\/etako.sk\/eshop\/?s={search_term_string}"},"query-input":{"@type":"PropertyValueSpecification","valueRequired":true,"valueName":"search_term_string"}}],"inLanguage":"sk-SK"}]}},"jetpack_sharing_enabled":true,"_links":{"self":[{"href":"https:\/\/etako.sk\/eshop\/wp-json\/wp\/v2\/product\/48857","targetHints":{"allow":["GET"]}}],"collection":[{"href":"https:\/\/etako.sk\/eshop\/wp-json\/wp\/v2\/product"}],"about":[{"href":"https:\/\/etako.sk\/eshop\/wp-json\/wp\/v2\/types\/product"}],"replies":[{"embeddable":true,"href":"https:\/\/etako.sk\/eshop\/wp-json\/wp\/v2\/comments?post=48857"}],"version-history":[{"count":1,"href":"https:\/\/etako.sk\/eshop\/wp-json\/wp\/v2\/product\/48857\/revisions"}],"predecessor-version":[{"id":48859,"href":"https:\/\/etako.sk\/eshop\/wp-json\/wp\/v2\/product\/48857\/revisions\/48859"}],"wp:featuredmedia":[{"embeddable":true,"href":"https:\/\/etako.sk\/eshop\/wp-json\/wp\/v2\/media\/48858"}],"wp:attachment":[{"href":"https:\/\/etako.sk\/eshop\/wp-json\/wp\/v2\/media?parent=48857"}],"wp:term":[{"taxonomy":"product_brand","embeddable":true,"href":"https:\/\/etako.sk\/eshop\/wp-json\/wp\/v2\/product_brand?post=48857"},{"taxonomy":"product_cat","embeddable":true,"href":"https:\/\/etako.sk\/eshop\/wp-json\/wp\/v2\/product_cat?post=48857"},{"taxonomy":"product_tag","embeddable":true,"href":"https:\/\/etako.sk\/eshop\/wp-json\/wp\/v2\/product_tag?post=48857"}],"curies":[{"name":"wp","href":"https:\/\/api.w.org\/{rel}","templated":true}]}}