{"id":48812,"date":"2025-09-10T20:17:38","date_gmt":"2025-09-10T18:17:38","guid":{"rendered":"https:\/\/etako.sk\/eshop\/?post_type=product&#038;p=48812"},"modified":"2025-09-10T20:17:39","modified_gmt":"2025-09-10T18:17:39","slug":"kolagenovy-gel-na-vrasky-50ml","status":"publish","type":"product","link":"https:\/\/etako.sk\/eshop\/produkt\/kolagenovy-gel-na-vrasky-50ml\/","title":{"rendered":"Kolag\u00e9nov\u00fd g\u00e9l na vr\u00e1sky 50ml"},"content":{"rendered":"<p>Vysoko \u00fa\u010dinn\u00fd pr\u00edpravok obsahuje dve akt\u00edvne l\u00e1tky, ktor\u00e9 p\u00f4sobia synergicky &#8211; \u0161peci\u00e1lna forma hydroxyprolinu stimuluje tvorbu vlastn\u00e9ho kolag\u00e9nu v poko\u017eke.<\/p>\n<p>Vysoko \u00fa\u010dinn\u00fd pr\u00edpravok obsahuje dve akt\u00edvne l\u00e1tky, ktor\u00e9 p\u00f4sobia synergicky &#8211; \u0161peci\u00e1lna forma hydroxyprolinu stimuluje tvorbu vlastn\u00e9ho kolag\u00e9nu v\u00a0poko\u017eke a\u00a0extrakt z\u00a0hnedej riasy Alaria Esculenta poko\u017eku v\u00fdrazne spev\u0148uje a\u00a0vy\u017eivuje. G\u00e9l je ide\u00e1lnym rie\u0161en\u00edm pre ple\u0165, ktor\u00e1 p\u00f4sob\u00ed unavene, potrebuje spevni\u0165 a\u00a0redukova\u0165 vr\u00e1sky. Po aplik\u00e1cii bude ple\u0165 pru\u017enej\u0161ia, hydratovan\u00e1 a\u00a0rozjasnen\u00e1.<\/p>\n<p>Pri pravidelnej aplik\u00e1cii r\u00e1no a\u00a0ve\u010der doch\u00e1dza k:<\/p>\n<p>&#8211; re\u0161trukturaliz\u00e1cii pleti, jej spevneniu a\u00a0dlhodobej hydrat\u00e1cii<\/p>\n<p>&#8211; vyhladenie hlbok\u00fdch vr\u00e1sok o\u00a032\u00a0%<\/p>\n<p>&#8211; zv\u00fd\u0161enie tvorby kolag\u00e9nu, a\u00a0to a\u017e o\u00a02\u00a0%<\/p>\n<p>&#8211; zn\u00ed\u017eenie rozpadu kolag\u00e9nov\u00fdch vl\u00e1kien<\/p>\n<p>&#8211; stimul\u00e1cii tvorby kyseliny hyaluronovej<\/p>\n<p>Aplik\u00e1cia: G\u00e9l aplikujte r\u00e1no aj ve\u010der, a\u00a0to na vopred vy\u010disten\u00fa ple\u0165, krk i\u00a0dekolt. Prekryte kr\u00e9mom. D\u00f4le\u017eit\u00e1 je pravidelnos\u0165 aplik\u00e1cie (aspo\u0148 28 dn\u00ed).<\/p>\n","protected":false},"excerpt":{"rendered":"<p>Vysoko \u00fa\u010dinn\u00fd pr\u00edpravok obsahuje dve akt\u00edvne l\u00e1tky, ktor\u00e9 p\u00f4sobia synergicky &#8211; \u0161peci\u00e1lna forma hydroxyprolinu stimuluje tvorbu vlastn\u00e9ho kolag\u00e9nu v poko\u017eke.<\/p>\n","protected":false},"featured_media":48813,"comment_status":"closed","ping_status":"closed","template":"","meta":{"jetpack_publicize_message":"","jetpack_publicize_feature_enabled":true,"jetpack_social_post_already_shared":true,"jetpack_social_options":{"image_generator_settings":{"template":"highway","enabled":false},"version":2}},"product_brand":[],"product_cat":[1864,1867],"product_tag":[],"class_list":{"0":"post-48812","1":"product","2":"type-product","3":"status-publish","4":"has-post-thumbnail","6":"product_cat-dekorativna-kozmetika","7":"product_cat-masky-a-sera","8":"product_shipping_class-standard","10":"","11":"instock","12":"taxable","13":"shipping-taxable","14":"purchasable","15":"product-type-simple"},"jetpack_publicize_connections":[],"yoast_head":"<!-- This site is optimized with the Yoast SEO plugin v25.6 - https:\/\/yoast.com\/wordpress\/plugins\/seo\/ -->\n<title>Kolag\u00e9nov\u00fd g\u00e9l na vr\u00e1sky 50ml - ETAKO e-shop<\/title>\n<meta name=\"robots\" content=\"index, follow, max-snippet:-1, max-image-preview:large, max-video-preview:-1\" \/>\n<link rel=\"canonical\" href=\"https:\/\/etako.sk\/eshop\/produkt\/kolagenovy-gel-na-vrasky-50ml\/\" \/>\n<meta name=\"twitter:card\" content=\"summary_large_image\" \/>\n<meta name=\"twitter:title\" content=\"Kolag\u00e9nov\u00fd g\u00e9l na vr\u00e1sky 50ml - ETAKO e-shop\" \/>\n<meta name=\"twitter:description\" content=\"Vysoko \u00fa\u010dinn\u00fd pr\u00edpravok obsahuje dve akt\u00edvne l\u00e1tky, ktor\u00e9 p\u00f4sobia synergicky &#8211; \u0161peci\u00e1lna forma hydroxyprolinu stimuluje tvorbu vlastn\u00e9ho kolag\u00e9nu v poko\u017eke.\" \/>\n<meta name=\"twitter:image\" content=\"https:\/\/i0.wp.com\/etako.sk\/eshop\/wp-content\/uploads\/2025\/09\/26305-kolagenovy-gel-na-vrasky.webp?fit=640%2C640&ssl=1\" \/>\n<meta name=\"twitter:label1\" content=\"Predpokladan\u00fd \u010das \u010d\u00edtania\" \/>\n\t<meta name=\"twitter:data1\" content=\"1 min\u00fata\" \/>\n<script type=\"application\/ld+json\" class=\"yoast-schema-graph\">{\"@context\":\"https:\/\/schema.org\",\"@graph\":[{\"@type\":\"WebPage\",\"@id\":\"https:\/\/etako.sk\/eshop\/produkt\/kolagenovy-gel-na-vrasky-50ml\/\",\"url\":\"https:\/\/etako.sk\/eshop\/produkt\/kolagenovy-gel-na-vrasky-50ml\/\",\"name\":\"Kolag\u00e9nov\u00fd g\u00e9l na vr\u00e1sky 50ml - ETAKO e-shop\",\"isPartOf\":{\"@id\":\"https:\/\/etako.sk\/eshop\/#website\"},\"primaryImageOfPage\":{\"@id\":\"https:\/\/etako.sk\/eshop\/produkt\/kolagenovy-gel-na-vrasky-50ml\/#primaryimage\"},\"image\":{\"@id\":\"https:\/\/etako.sk\/eshop\/produkt\/kolagenovy-gel-na-vrasky-50ml\/#primaryimage\"},\"thumbnailUrl\":\"https:\/\/i0.wp.com\/etako.sk\/eshop\/wp-content\/uploads\/2025\/09\/26305-kolagenovy-gel-na-vrasky.webp?fit=640%2C640&ssl=1\",\"datePublished\":\"2025-09-10T18:17:38+00:00\",\"dateModified\":\"2025-09-10T18:17:39+00:00\",\"breadcrumb\":{\"@id\":\"https:\/\/etako.sk\/eshop\/produkt\/kolagenovy-gel-na-vrasky-50ml\/#breadcrumb\"},\"inLanguage\":\"sk-SK\",\"potentialAction\":[{\"@type\":\"ReadAction\",\"target\":[\"https:\/\/etako.sk\/eshop\/produkt\/kolagenovy-gel-na-vrasky-50ml\/\"]}]},{\"@type\":\"ImageObject\",\"inLanguage\":\"sk-SK\",\"@id\":\"https:\/\/etako.sk\/eshop\/produkt\/kolagenovy-gel-na-vrasky-50ml\/#primaryimage\",\"url\":\"https:\/\/i0.wp.com\/etako.sk\/eshop\/wp-content\/uploads\/2025\/09\/26305-kolagenovy-gel-na-vrasky.webp?fit=640%2C640&ssl=1\",\"contentUrl\":\"https:\/\/i0.wp.com\/etako.sk\/eshop\/wp-content\/uploads\/2025\/09\/26305-kolagenovy-gel-na-vrasky.webp?fit=640%2C640&ssl=1\",\"width\":640,\"height\":640},{\"@type\":\"BreadcrumbList\",\"@id\":\"https:\/\/etako.sk\/eshop\/produkt\/kolagenovy-gel-na-vrasky-50ml\/#breadcrumb\",\"itemListElement\":[{\"@type\":\"ListItem\",\"position\":1,\"name\":\"Domovsk\u00e1 str\u00e1nka\",\"item\":\"https:\/\/etako.sk\/eshop\/\"},{\"@type\":\"ListItem\",\"position\":2,\"name\":\"Obchod\",\"item\":\"https:\/\/etako.sk\/eshop\/shop\/\"},{\"@type\":\"ListItem\",\"position\":3,\"name\":\"Kolag\u00e9nov\u00fd g\u00e9l na vr\u00e1sky 50ml\"}]},{\"@type\":\"WebSite\",\"@id\":\"https:\/\/etako.sk\/eshop\/#website\",\"url\":\"https:\/\/etako.sk\/eshop\/\",\"name\":\"ETAKO e-shop\",\"description\":\"Etako\",\"potentialAction\":[{\"@type\":\"SearchAction\",\"target\":{\"@type\":\"EntryPoint\",\"urlTemplate\":\"https:\/\/etako.sk\/eshop\/?s={search_term_string}\"},\"query-input\":{\"@type\":\"PropertyValueSpecification\",\"valueRequired\":true,\"valueName\":\"search_term_string\"}}],\"inLanguage\":\"sk-SK\"}]}<\/script>\n<!-- \/ Yoast SEO plugin. -->","yoast_head_json":{"title":"Kolag\u00e9nov\u00fd g\u00e9l na vr\u00e1sky 50ml - ETAKO e-shop","robots":{"index":"index","follow":"follow","max-snippet":"max-snippet:-1","max-image-preview":"max-image-preview:large","max-video-preview":"max-video-preview:-1"},"canonical":"https:\/\/etako.sk\/eshop\/produkt\/kolagenovy-gel-na-vrasky-50ml\/","twitter_card":"summary_large_image","twitter_title":"Kolag\u00e9nov\u00fd g\u00e9l na vr\u00e1sky 50ml - ETAKO e-shop","twitter_description":"Vysoko \u00fa\u010dinn\u00fd pr\u00edpravok obsahuje dve akt\u00edvne l\u00e1tky, ktor\u00e9 p\u00f4sobia synergicky &#8211; \u0161peci\u00e1lna forma hydroxyprolinu stimuluje tvorbu vlastn\u00e9ho kolag\u00e9nu v poko\u017eke.","twitter_image":"https:\/\/i0.wp.com\/etako.sk\/eshop\/wp-content\/uploads\/2025\/09\/26305-kolagenovy-gel-na-vrasky.webp?fit=640%2C640&ssl=1","twitter_misc":{"Predpokladan\u00fd \u010das \u010d\u00edtania":"1 min\u00fata"},"schema":{"@context":"https:\/\/schema.org","@graph":[{"@type":"WebPage","@id":"https:\/\/etako.sk\/eshop\/produkt\/kolagenovy-gel-na-vrasky-50ml\/","url":"https:\/\/etako.sk\/eshop\/produkt\/kolagenovy-gel-na-vrasky-50ml\/","name":"Kolag\u00e9nov\u00fd g\u00e9l na vr\u00e1sky 50ml - ETAKO e-shop","isPartOf":{"@id":"https:\/\/etako.sk\/eshop\/#website"},"primaryImageOfPage":{"@id":"https:\/\/etako.sk\/eshop\/produkt\/kolagenovy-gel-na-vrasky-50ml\/#primaryimage"},"image":{"@id":"https:\/\/etako.sk\/eshop\/produkt\/kolagenovy-gel-na-vrasky-50ml\/#primaryimage"},"thumbnailUrl":"https:\/\/i0.wp.com\/etako.sk\/eshop\/wp-content\/uploads\/2025\/09\/26305-kolagenovy-gel-na-vrasky.webp?fit=640%2C640&ssl=1","datePublished":"2025-09-10T18:17:38+00:00","dateModified":"2025-09-10T18:17:39+00:00","breadcrumb":{"@id":"https:\/\/etako.sk\/eshop\/produkt\/kolagenovy-gel-na-vrasky-50ml\/#breadcrumb"},"inLanguage":"sk-SK","potentialAction":[{"@type":"ReadAction","target":["https:\/\/etako.sk\/eshop\/produkt\/kolagenovy-gel-na-vrasky-50ml\/"]}]},{"@type":"ImageObject","inLanguage":"sk-SK","@id":"https:\/\/etako.sk\/eshop\/produkt\/kolagenovy-gel-na-vrasky-50ml\/#primaryimage","url":"https:\/\/i0.wp.com\/etako.sk\/eshop\/wp-content\/uploads\/2025\/09\/26305-kolagenovy-gel-na-vrasky.webp?fit=640%2C640&ssl=1","contentUrl":"https:\/\/i0.wp.com\/etako.sk\/eshop\/wp-content\/uploads\/2025\/09\/26305-kolagenovy-gel-na-vrasky.webp?fit=640%2C640&ssl=1","width":640,"height":640},{"@type":"BreadcrumbList","@id":"https:\/\/etako.sk\/eshop\/produkt\/kolagenovy-gel-na-vrasky-50ml\/#breadcrumb","itemListElement":[{"@type":"ListItem","position":1,"name":"Domovsk\u00e1 str\u00e1nka","item":"https:\/\/etako.sk\/eshop\/"},{"@type":"ListItem","position":2,"name":"Obchod","item":"https:\/\/etako.sk\/eshop\/shop\/"},{"@type":"ListItem","position":3,"name":"Kolag\u00e9nov\u00fd g\u00e9l na vr\u00e1sky 50ml"}]},{"@type":"WebSite","@id":"https:\/\/etako.sk\/eshop\/#website","url":"https:\/\/etako.sk\/eshop\/","name":"ETAKO e-shop","description":"Etako","potentialAction":[{"@type":"SearchAction","target":{"@type":"EntryPoint","urlTemplate":"https:\/\/etako.sk\/eshop\/?s={search_term_string}"},"query-input":{"@type":"PropertyValueSpecification","valueRequired":true,"valueName":"search_term_string"}}],"inLanguage":"sk-SK"}]}},"jetpack_sharing_enabled":true,"_links":{"self":[{"href":"https:\/\/etako.sk\/eshop\/wp-json\/wp\/v2\/product\/48812","targetHints":{"allow":["GET"]}}],"collection":[{"href":"https:\/\/etako.sk\/eshop\/wp-json\/wp\/v2\/product"}],"about":[{"href":"https:\/\/etako.sk\/eshop\/wp-json\/wp\/v2\/types\/product"}],"replies":[{"embeddable":true,"href":"https:\/\/etako.sk\/eshop\/wp-json\/wp\/v2\/comments?post=48812"}],"version-history":[{"count":1,"href":"https:\/\/etako.sk\/eshop\/wp-json\/wp\/v2\/product\/48812\/revisions"}],"predecessor-version":[{"id":48814,"href":"https:\/\/etako.sk\/eshop\/wp-json\/wp\/v2\/product\/48812\/revisions\/48814"}],"wp:featuredmedia":[{"embeddable":true,"href":"https:\/\/etako.sk\/eshop\/wp-json\/wp\/v2\/media\/48813"}],"wp:attachment":[{"href":"https:\/\/etako.sk\/eshop\/wp-json\/wp\/v2\/media?parent=48812"}],"wp:term":[{"taxonomy":"product_brand","embeddable":true,"href":"https:\/\/etako.sk\/eshop\/wp-json\/wp\/v2\/product_brand?post=48812"},{"taxonomy":"product_cat","embeddable":true,"href":"https:\/\/etako.sk\/eshop\/wp-json\/wp\/v2\/product_cat?post=48812"},{"taxonomy":"product_tag","embeddable":true,"href":"https:\/\/etako.sk\/eshop\/wp-json\/wp\/v2\/product_tag?post=48812"}],"curies":[{"name":"wp","href":"https:\/\/api.w.org\/{rel}","templated":true}]}}