{"id":48809,"date":"2025-09-10T20:14:24","date_gmt":"2025-09-10T18:14:24","guid":{"rendered":"https:\/\/etako.sk\/eshop\/?post_type=product&#038;p=48809"},"modified":"2025-09-10T20:14:24","modified_gmt":"2025-09-10T18:14:24","slug":"vitaminove-serum-s-ciernymi-ribezlami","status":"publish","type":"product","link":"https:\/\/etako.sk\/eshop\/produkt\/vitaminove-serum-s-ciernymi-ribezlami\/","title":{"rendered":"Vitam\u00ednov\u00e9 s\u00e9rum s \u010diernymi r\u00edbez\u013eami"},"content":{"rendered":"<p>Jemn\u00e9 s\u00e9rum s vysok\u00fdm obsahom akt\u00edvnych l\u00e1tok ako je n\u00edzkomolekul\u00e1rna a vysokomolekul\u00e1rna kyselina hyalur\u00f3nov\u00e1, extrakt z p\u00fa\u010dikov \u010diernych r\u00edbezl\u00ed.<\/p>\n<p>Jemn\u00e9 s\u00e9rum s\u00a0vysok\u00fdm obsahom akt\u00edvnych l\u00e1tok a\u00a0vitam\u00ednov pre mladistv\u00fd vzh\u013ead poko\u017eky.<\/p>\n<p>&#8211; n\u00edzkomolekul\u00e1rna a\u00a0vysokomolekul\u00e1rna kyselina hyalur\u00f3nov\u00e1 okam\u017eite zvy\u0161uje hydrat\u00e1ciu a\u017e o\u00a020\u00a0% a\u00a0dlhodobo a\u017e o\u00a041\u00a0%, z\u00e1rove\u0148 redukuje vr\u00e1sky, a\u00a0to a\u017e o\u00a043\u00a0%<\/p>\n<p>&#8211; extrakt z\u00a0p\u00fa\u010dikov \u010diernych r\u00edbezl\u00ed aktivuje synt\u00e9zu kolag\u00e9nu a\u017e o\u00a023\u00a0%, funguje ako antioxidant, dod\u00e1va pleti energiu a\u00a0rozjas\u0148uje ju<\/p>\n<p>&#8211; vitam\u00edny A\u00a0(retinol), C, E v\u010faka svojej lipozom\u00e1lnej forme prenikaj\u00fa do hlb\u0161\u00edch vrstiev poko\u017eky, zais\u0165uj\u00fa jej v\u00fd\u017eivu a\u00a0p\u00f4sobia proti pred\u010dasn\u00e9mu starnutiu<\/p>\n<p>&#8211; s\u00e9rum sa star\u00e1 o\u00a0ochrann\u00fa ko\u017en\u00fa bari\u00e9ru a\u00a0podporuje ko\u017en\u00fd mikrobi\u00f3m<\/p>\n<p>Pr\u00edpadn\u00e1 zmena farby nem\u00e1 vplyv na kvalitu v\u00fdrobku.<\/p>\n<p>Obsahuje vitam\u00edn A. Pred pou\u017eit\u00edm zv\u00e1\u017ete svoj denn\u00fd pr\u00edjem tejto l\u00e1tky.<\/p>\n<p>Aplik\u00e1cia: Aplikujte ka\u017ed\u00fd de\u0148, aspo\u0148 po dobu 28 dn\u00ed. Ide\u00e1lne r\u00e1no aj ve\u010der.<\/p>\n<p><strong>Typ pleti:<\/strong>\u00a0v\u0161etky typy pleti<\/p>\n<p><strong>Ve\u010der:<\/strong>\u00a0Najprv vy\u010distite ple\u0165 napr. dvojf\u00e1zovou odli\u010dovacou emulziou, potom do\u010distite tonikom pod\u013ea typu pleti, a\u00a0n\u00e1sledne aplikujte s\u00e9rum. Okolo o\u010d\u00ed jemne vklepte. O\u0161etrenie zakon\u010dite kr\u00e9mom.<\/p>\n<p><strong>R\u00e1no:<\/strong>\u00a0Vy\u010distite ple\u0165 iba tonikom, potom aplikujte s\u00e9rum a\u00a0n\u00e1sledne kr\u00e9m.<\/p>\n","protected":false},"excerpt":{"rendered":"<p>Jemn\u00e9 s\u00e9rum s vysok\u00fdm obsahom akt\u00edvnych l\u00e1tok ako je n\u00edzkomolekul\u00e1rna a vysokomolekul\u00e1rna kyselina hyalur\u00f3nov\u00e1, extrakt z p\u00fa\u010dikov \u010diernych r\u00edbezl\u00ed. Jemn\u00e9<\/p>\n","protected":false},"featured_media":48810,"comment_status":"closed","ping_status":"closed","template":"","meta":{"jetpack_publicize_message":"","jetpack_publicize_feature_enabled":true,"jetpack_social_post_already_shared":true,"jetpack_social_options":{"image_generator_settings":{"template":"highway","enabled":false},"version":2}},"product_brand":[],"product_cat":[1864,1867],"product_tag":[],"class_list":{"0":"post-48809","1":"product","2":"type-product","3":"status-publish","4":"has-post-thumbnail","6":"product_cat-dekorativna-kozmetika","7":"product_cat-masky-a-sera","8":"product_shipping_class-standard","10":"","11":"instock","12":"taxable","13":"shipping-taxable","14":"purchasable","15":"product-type-simple"},"jetpack_publicize_connections":[],"yoast_head":"<!-- This site is optimized with the Yoast SEO plugin v25.6 - https:\/\/yoast.com\/wordpress\/plugins\/seo\/ -->\n<title>Vitam\u00ednov\u00e9 s\u00e9rum s \u010diernymi r\u00edbez\u013eami - ETAKO e-shop<\/title>\n<meta name=\"robots\" content=\"index, follow, max-snippet:-1, max-image-preview:large, max-video-preview:-1\" \/>\n<link rel=\"canonical\" href=\"https:\/\/etako.sk\/eshop\/produkt\/vitaminove-serum-s-ciernymi-ribezlami\/\" \/>\n<meta name=\"twitter:card\" content=\"summary_large_image\" \/>\n<meta name=\"twitter:title\" content=\"Vitam\u00ednov\u00e9 s\u00e9rum s \u010diernymi r\u00edbez\u013eami - ETAKO e-shop\" \/>\n<meta name=\"twitter:description\" content=\"Jemn\u00e9 s\u00e9rum s vysok\u00fdm obsahom akt\u00edvnych l\u00e1tok ako je n\u00edzkomolekul\u00e1rna a vysokomolekul\u00e1rna kyselina hyalur\u00f3nov\u00e1, extrakt z p\u00fa\u010dikov \u010diernych r\u00edbezl\u00ed. Jemn\u00e9\" \/>\n<meta name=\"twitter:image\" content=\"https:\/\/i0.wp.com\/etako.sk\/eshop\/wp-content\/uploads\/2025\/09\/17804-vitaminove-serum-s-cernym-rybizem-krabicka-s-kapatkem-s-odrazem-20241104-183617.webp?fit=640%2C640&ssl=1\" \/>\n<meta name=\"twitter:label1\" content=\"Predpokladan\u00fd \u010das \u010d\u00edtania\" \/>\n\t<meta name=\"twitter:data1\" content=\"2 min\u00faty\" \/>\n<script type=\"application\/ld+json\" class=\"yoast-schema-graph\">{\"@context\":\"https:\/\/schema.org\",\"@graph\":[{\"@type\":\"WebPage\",\"@id\":\"https:\/\/etako.sk\/eshop\/produkt\/vitaminove-serum-s-ciernymi-ribezlami\/\",\"url\":\"https:\/\/etako.sk\/eshop\/produkt\/vitaminove-serum-s-ciernymi-ribezlami\/\",\"name\":\"Vitam\u00ednov\u00e9 s\u00e9rum s \u010diernymi r\u00edbez\u013eami - ETAKO e-shop\",\"isPartOf\":{\"@id\":\"https:\/\/etako.sk\/eshop\/#website\"},\"primaryImageOfPage\":{\"@id\":\"https:\/\/etako.sk\/eshop\/produkt\/vitaminove-serum-s-ciernymi-ribezlami\/#primaryimage\"},\"image\":{\"@id\":\"https:\/\/etako.sk\/eshop\/produkt\/vitaminove-serum-s-ciernymi-ribezlami\/#primaryimage\"},\"thumbnailUrl\":\"https:\/\/i0.wp.com\/etako.sk\/eshop\/wp-content\/uploads\/2025\/09\/17804-vitaminove-serum-s-cernym-rybizem-krabicka-s-kapatkem-s-odrazem-20241104-183617.webp?fit=640%2C640&ssl=1\",\"datePublished\":\"2025-09-10T18:14:24+00:00\",\"breadcrumb\":{\"@id\":\"https:\/\/etako.sk\/eshop\/produkt\/vitaminove-serum-s-ciernymi-ribezlami\/#breadcrumb\"},\"inLanguage\":\"sk-SK\",\"potentialAction\":[{\"@type\":\"ReadAction\",\"target\":[\"https:\/\/etako.sk\/eshop\/produkt\/vitaminove-serum-s-ciernymi-ribezlami\/\"]}]},{\"@type\":\"ImageObject\",\"inLanguage\":\"sk-SK\",\"@id\":\"https:\/\/etako.sk\/eshop\/produkt\/vitaminove-serum-s-ciernymi-ribezlami\/#primaryimage\",\"url\":\"https:\/\/i0.wp.com\/etako.sk\/eshop\/wp-content\/uploads\/2025\/09\/17804-vitaminove-serum-s-cernym-rybizem-krabicka-s-kapatkem-s-odrazem-20241104-183617.webp?fit=640%2C640&ssl=1\",\"contentUrl\":\"https:\/\/i0.wp.com\/etako.sk\/eshop\/wp-content\/uploads\/2025\/09\/17804-vitaminove-serum-s-cernym-rybizem-krabicka-s-kapatkem-s-odrazem-20241104-183617.webp?fit=640%2C640&ssl=1\",\"width\":640,\"height\":640},{\"@type\":\"BreadcrumbList\",\"@id\":\"https:\/\/etako.sk\/eshop\/produkt\/vitaminove-serum-s-ciernymi-ribezlami\/#breadcrumb\",\"itemListElement\":[{\"@type\":\"ListItem\",\"position\":1,\"name\":\"Domovsk\u00e1 str\u00e1nka\",\"item\":\"https:\/\/etako.sk\/eshop\/\"},{\"@type\":\"ListItem\",\"position\":2,\"name\":\"Obchod\",\"item\":\"https:\/\/etako.sk\/eshop\/shop\/\"},{\"@type\":\"ListItem\",\"position\":3,\"name\":\"Vitam\u00ednov\u00e9 s\u00e9rum s \u010diernymi r\u00edbez\u013eami\"}]},{\"@type\":\"WebSite\",\"@id\":\"https:\/\/etako.sk\/eshop\/#website\",\"url\":\"https:\/\/etako.sk\/eshop\/\",\"name\":\"ETAKO e-shop\",\"description\":\"Etako\",\"potentialAction\":[{\"@type\":\"SearchAction\",\"target\":{\"@type\":\"EntryPoint\",\"urlTemplate\":\"https:\/\/etako.sk\/eshop\/?s={search_term_string}\"},\"query-input\":{\"@type\":\"PropertyValueSpecification\",\"valueRequired\":true,\"valueName\":\"search_term_string\"}}],\"inLanguage\":\"sk-SK\"}]}<\/script>\n<!-- \/ Yoast SEO plugin. -->","yoast_head_json":{"title":"Vitam\u00ednov\u00e9 s\u00e9rum s \u010diernymi r\u00edbez\u013eami - ETAKO e-shop","robots":{"index":"index","follow":"follow","max-snippet":"max-snippet:-1","max-image-preview":"max-image-preview:large","max-video-preview":"max-video-preview:-1"},"canonical":"https:\/\/etako.sk\/eshop\/produkt\/vitaminove-serum-s-ciernymi-ribezlami\/","twitter_card":"summary_large_image","twitter_title":"Vitam\u00ednov\u00e9 s\u00e9rum s \u010diernymi r\u00edbez\u013eami - ETAKO e-shop","twitter_description":"Jemn\u00e9 s\u00e9rum s vysok\u00fdm obsahom akt\u00edvnych l\u00e1tok ako je n\u00edzkomolekul\u00e1rna a vysokomolekul\u00e1rna kyselina hyalur\u00f3nov\u00e1, extrakt z p\u00fa\u010dikov \u010diernych r\u00edbezl\u00ed. Jemn\u00e9","twitter_image":"https:\/\/i0.wp.com\/etako.sk\/eshop\/wp-content\/uploads\/2025\/09\/17804-vitaminove-serum-s-cernym-rybizem-krabicka-s-kapatkem-s-odrazem-20241104-183617.webp?fit=640%2C640&ssl=1","twitter_misc":{"Predpokladan\u00fd \u010das \u010d\u00edtania":"2 min\u00faty"},"schema":{"@context":"https:\/\/schema.org","@graph":[{"@type":"WebPage","@id":"https:\/\/etako.sk\/eshop\/produkt\/vitaminove-serum-s-ciernymi-ribezlami\/","url":"https:\/\/etako.sk\/eshop\/produkt\/vitaminove-serum-s-ciernymi-ribezlami\/","name":"Vitam\u00ednov\u00e9 s\u00e9rum s \u010diernymi r\u00edbez\u013eami - ETAKO e-shop","isPartOf":{"@id":"https:\/\/etako.sk\/eshop\/#website"},"primaryImageOfPage":{"@id":"https:\/\/etako.sk\/eshop\/produkt\/vitaminove-serum-s-ciernymi-ribezlami\/#primaryimage"},"image":{"@id":"https:\/\/etako.sk\/eshop\/produkt\/vitaminove-serum-s-ciernymi-ribezlami\/#primaryimage"},"thumbnailUrl":"https:\/\/i0.wp.com\/etako.sk\/eshop\/wp-content\/uploads\/2025\/09\/17804-vitaminove-serum-s-cernym-rybizem-krabicka-s-kapatkem-s-odrazem-20241104-183617.webp?fit=640%2C640&ssl=1","datePublished":"2025-09-10T18:14:24+00:00","breadcrumb":{"@id":"https:\/\/etako.sk\/eshop\/produkt\/vitaminove-serum-s-ciernymi-ribezlami\/#breadcrumb"},"inLanguage":"sk-SK","potentialAction":[{"@type":"ReadAction","target":["https:\/\/etako.sk\/eshop\/produkt\/vitaminove-serum-s-ciernymi-ribezlami\/"]}]},{"@type":"ImageObject","inLanguage":"sk-SK","@id":"https:\/\/etako.sk\/eshop\/produkt\/vitaminove-serum-s-ciernymi-ribezlami\/#primaryimage","url":"https:\/\/i0.wp.com\/etako.sk\/eshop\/wp-content\/uploads\/2025\/09\/17804-vitaminove-serum-s-cernym-rybizem-krabicka-s-kapatkem-s-odrazem-20241104-183617.webp?fit=640%2C640&ssl=1","contentUrl":"https:\/\/i0.wp.com\/etako.sk\/eshop\/wp-content\/uploads\/2025\/09\/17804-vitaminove-serum-s-cernym-rybizem-krabicka-s-kapatkem-s-odrazem-20241104-183617.webp?fit=640%2C640&ssl=1","width":640,"height":640},{"@type":"BreadcrumbList","@id":"https:\/\/etako.sk\/eshop\/produkt\/vitaminove-serum-s-ciernymi-ribezlami\/#breadcrumb","itemListElement":[{"@type":"ListItem","position":1,"name":"Domovsk\u00e1 str\u00e1nka","item":"https:\/\/etako.sk\/eshop\/"},{"@type":"ListItem","position":2,"name":"Obchod","item":"https:\/\/etako.sk\/eshop\/shop\/"},{"@type":"ListItem","position":3,"name":"Vitam\u00ednov\u00e9 s\u00e9rum s \u010diernymi r\u00edbez\u013eami"}]},{"@type":"WebSite","@id":"https:\/\/etako.sk\/eshop\/#website","url":"https:\/\/etako.sk\/eshop\/","name":"ETAKO e-shop","description":"Etako","potentialAction":[{"@type":"SearchAction","target":{"@type":"EntryPoint","urlTemplate":"https:\/\/etako.sk\/eshop\/?s={search_term_string}"},"query-input":{"@type":"PropertyValueSpecification","valueRequired":true,"valueName":"search_term_string"}}],"inLanguage":"sk-SK"}]}},"jetpack_sharing_enabled":true,"_links":{"self":[{"href":"https:\/\/etako.sk\/eshop\/wp-json\/wp\/v2\/product\/48809","targetHints":{"allow":["GET"]}}],"collection":[{"href":"https:\/\/etako.sk\/eshop\/wp-json\/wp\/v2\/product"}],"about":[{"href":"https:\/\/etako.sk\/eshop\/wp-json\/wp\/v2\/types\/product"}],"replies":[{"embeddable":true,"href":"https:\/\/etako.sk\/eshop\/wp-json\/wp\/v2\/comments?post=48809"}],"version-history":[{"count":1,"href":"https:\/\/etako.sk\/eshop\/wp-json\/wp\/v2\/product\/48809\/revisions"}],"predecessor-version":[{"id":48811,"href":"https:\/\/etako.sk\/eshop\/wp-json\/wp\/v2\/product\/48809\/revisions\/48811"}],"wp:featuredmedia":[{"embeddable":true,"href":"https:\/\/etako.sk\/eshop\/wp-json\/wp\/v2\/media\/48810"}],"wp:attachment":[{"href":"https:\/\/etako.sk\/eshop\/wp-json\/wp\/v2\/media?parent=48809"}],"wp:term":[{"taxonomy":"product_brand","embeddable":true,"href":"https:\/\/etako.sk\/eshop\/wp-json\/wp\/v2\/product_brand?post=48809"},{"taxonomy":"product_cat","embeddable":true,"href":"https:\/\/etako.sk\/eshop\/wp-json\/wp\/v2\/product_cat?post=48809"},{"taxonomy":"product_tag","embeddable":true,"href":"https:\/\/etako.sk\/eshop\/wp-json\/wp\/v2\/product_tag?post=48809"}],"curies":[{"name":"wp","href":"https:\/\/api.w.org\/{rel}","templated":true}]}}