{"id":48786,"date":"2025-08-27T20:24:13","date_gmt":"2025-08-27T18:24:13","guid":{"rendered":"https:\/\/etako.sk\/eshop\/?post_type=product&#038;p=48786"},"modified":"2025-08-27T20:24:13","modified_gmt":"2025-08-27T18:24:13","slug":"grapes-herbs-beauty-weekend-kit","status":"publish","type":"product","link":"https:\/\/etako.sk\/eshop\/produkt\/grapes-herbs-beauty-weekend-kit\/","title":{"rendered":"Grapes &#038; Herbs Beauty Weekend Kit"},"content":{"rendered":"<p class=\"pb-2\">Za\u017eite upokojuj\u00facu a \u010distiacu starostlivos\u0165 o svoju ple\u0165 so s\u00fapravou <strong>Grapes &amp; Herbs. <\/strong><\/p>\n<p class=\"pb-2\">\n<p class=\"pb-2\">T\u00e1to exkluz\u00edvna s\u00faprava vyu\u017e\u00edva v\u00fd\u0165a\u017eky z hroznov\u00fdch jadier a byl\u00edn, ktor\u00e9 pom\u00e1haj\u00fa obnovi\u0165 zdravie va\u0161ej poko\u017eky, zanech\u00e1vaj\u00fac ju \u010dist\u00fa, hladk\u00fa a vyv\u00e1\u017een\u00fa.<\/p>\n<p class=\"pb-2\">\n<p class=\"pb-2\">Obsah balenia:<\/p>\n<ul class=\"marker:text-green list-outside list-disc text-deeplyneutral-800 dark:text-deeplyneutral-50\">\n<li>Solanie Hroznov\u00fd mechanick\u00fd peeling (50 ml) &#8211; SO11701<\/li>\n<li>Solanie Ple\u0165ov\u00e1 upokojuj\u00faca maska (50 ml) &#8211; SO10304<\/li>\n<li>\u010cistiace \u0161pongie 2 ks DAR\u010cEK<\/li>\n<\/ul>\n<p class=\"pb-2\">\n<p class=\"pb-2\">\n<p class=\"pb-2\">Pre\u010do si vybra\u0165 Solanie Grapes &amp; Herbs Beauty Weekend Kit?<\/p>\n<ul class=\"marker:text-green list-outside list-disc text-deeplyneutral-800 dark:text-deeplyneutral-50\">\n<li>Ide\u00e1lny na harmoniz\u00e1ciu zmie\u0161anej, mastnej a z\u00e1palovej pleti.<\/li>\n<li>Perfektn\u00e1 vo\u013eba pre t\u00fdch, ktor\u00ed chc\u00fa obnovi\u0165 prirodzen\u00fa rovnov\u00e1hu svojej pleti.<\/li>\n<li>Skvel\u00fd z\u00e1klad pre v\u00edkendov\u00fa rutinu starostlivosti o ple\u0165 a v\u00fdborn\u00fd tip na dar\u010dek!<\/li>\n<\/ul>\n<p class=\"pb-2\">\n<p class=\"pb-2\">\n<p class=\"pb-2\">\u00da\u010dinn\u00e9 l\u00e1tky: Aloe vera extrakt, alanto\u00edn, kyselina hyalur\u00f3nov\u00e1, kyselina salicylov\u00e1, olej z p\u0161eni\u010dn\u00fdch kl\u00ed\u010dkov, kukuri\u010dn\u00fd olej, pupalkov\u00fd olej, esenci\u00e1lny olej z m\u00e4ty piepornej, extrakt z harman\u010deka, extrakt z necht\u00edka lek\u00e1rskeho, extrakt z Ginkgo Biloba, extrakt z paga\u0161tanu konsk\u00e9ho, ichthyol, oxid zino\u010dnat\u00fd, oxid titani\u010dit\u00fd, pantenol (vitam\u00edn B5), pr\u00e1\u0161ok z hroznov\u00fdch jadierok, skval\u00e9n, \u0161alvia.<\/p>\n<p class=\"pb-2\">\n<p class=\"pb-2\">Odpor\u00fa\u010dan\u00fd typ pleti:<br \/>\nZmie\u0161an\u00e1, mastn\u00e1 \/ problematick\u00e1 ple\u0165.<\/p>\n<p class=\"pb-2\">\n<p class=\"pb-2\">Funkcie:<br \/>\nupokojenie poko\u017eky, o\u017eivenie, exfoli\u00e1cia, stiahnutie p\u00f3rov, v\u00fd\u017eiva a vitaliz\u00e1cia.<\/p>\n<p class=\"pb-2\">\n<p class=\"pb-2\">\u0160etrn\u00e9 zlo\u017eenie:<\/p>\n<ul class=\"marker:text-green list-outside list-disc text-deeplyneutral-800 dark:text-deeplyneutral-50\">\n<li>0 % miner\u00e1lny olej<\/li>\n<li>0 % parab\u00e9n<\/li>\n<li>0 % alerg\u00e9nna v\u00f4\u0148a<\/li>\n<li>0 % silik\u00f3nov\u00fd olej<\/li>\n<\/ul>\n<p class=\"pb-2\">\n<p class=\"pb-2\">Popis produktov:<\/p>\n<ul class=\"marker:text-green list-outside list-disc text-deeplyneutral-800 dark:text-deeplyneutral-50\">\n<li>Solanie Hroznov\u00fd mechanick\u00fd peeling: Jemnozrnn\u00fd peeling, ktor\u00fd jemne odstra\u0148uje odumret\u00e9 ko\u017en\u00e9 bunky, zatia\u013e \u010do antioxidanty z hroznov\u00fdch jadierok chr\u00e1nia a vy\u017eivuj\u00fa ple\u0165.<\/li>\n<li>Solanie Ple\u0165ov\u00e1 upokojuj\u00faca maska: Maska bohat\u00e1 na bylinn\u00e9 v\u00fd\u0165a\u017eky, ktor\u00e1 zni\u017euje z\u00e1pal, upokojuje podr\u00e1\u017edenie a reguluje nadmern\u00fa tvorbu ko\u017en\u00e9ho mazu.<\/li>\n<\/ul>\n<p class=\"pb-2\">\n<p class=\"pb-2\">Aplik\u00e1cia:<\/p>\n<p class=\"pb-2\">1. Na vy\u010disten\u00fa poko\u017eku tv\u00e1re naneste Hroznov\u00fd mechanick\u00fd peeling. Jemne mas\u00edrujte, aby ste odstr\u00e1nili odumret\u00e9 ko\u017en\u00e9 bunky, a d\u00f4kladne opl\u00e1chnite.<br \/>\n2. Po vy\u010disten\u00ed aplikujte Ple\u0165ov\u00fa upokojuj\u00facu masku, nechajte p\u00f4sobi\u0165 10-15 min\u00fat, n\u00e1sledne opl\u00e1chnite vodou.<br \/>\n3. Na odstr\u00e1nenie peelingu a masky pou\u017eite \u010distiace \u0161pongie, ktor\u00e9 s\u00fa s\u00fa\u010das\u0165ou balenia ako dar\u010dek.<\/p>\n<p class=\"pb-2\">\n<p class=\"pb-2\">Upozornenie:<br \/>\nProdukt je ur\u010den\u00fd len na vonkaj\u0161ie pou\u017eitie. Uchov\u00e1vajte mimo dosahu det\u00ed. Zabr\u00e1\u0148te kontaktu s o\u010dami.<\/p>\n<p class=\"pb-2\">\n<p class=\"pb-2\">\n<p class=\"pb-2\"><strong>Zlo\u017eenie\/Ingredients:<\/strong><\/p>\n<p class=\"pb-2\">Solanie Hroznov\u00fd mechanick\u00fd peeling: Aqua, Oryza Sativa Powder, Caprylic\/Capric Triglyceride, Candelilla\/Jojoba\/Rice Bran Polyglyceryl-3 Estery (a) Glyceryl Stearate (a) Cetearyl Alcohol (a) Sodium Stearoyl Lactylate, Glycerin, Vitis Vinifera Seed Powder, Zea Mays Germ Oil, Glyceryl Stearate Citrate, Squalane, Vitis Vinifera Seed Oil, Microcrystalline Cellulose (a) Xanthan Gum, Vitis Vinifera Fruit Water, Oenothera Biennis Oil, Cetyl Alcohol, Benzyl Alcohol, Salicylic Acid, Sodium Levulinate, Sorbic Acid, Sodium Anisate, Sodium Phytate, Sodium Hyaluronate, Alcohol, Phenoxyethanol, Ethylhexylglycerin, Lactic Acid, Parfum.<\/p>\n<p class=\"pb-2\">Solanie Upokojuj\u00faca maska: Aqua, Aloe Barbadensis Leaf Juice, Propylene Glycol, Cetearyl Alcohol, Glyceryl Stearate, Stearic Acid, Caprylic\/Capric Triglyceride, Zinc Oxide, Titanium Dioxide, Isopropyl Palmitate, PEG-40 Stearate, Glycerin, Kaolin, Persea Gratissima Oil, Phenoxyethanol, Triticum Vulgare Germ Oil, PEG-7 Hydrogenated Castor Oil, Panthenol, Xanthan Gum, Ictasol, Allantoin, Calendula Officinalis Extract, Chamomilla Recutita Extract, Aesculus Hippocastanum Extract, Ginkgo Biloba Leaf Extract, Lactic Acid, Polysorbate 80, Ethylhexylglycerin, Salvia Officinalis Oil, Eucalyptus Globulus Leaf Oil, Mentha Piperita Oil, BHT, Sodium Benzoate, Potassium Sorbate, Citric Acid, Limonene.<\/p>\n<p class=\"pb-2\">\n<p class=\"pb-2\">\n<p class=\"pb-2\">\n","protected":false},"excerpt":{"rendered":"<p>Za\u017eite upokojuj\u00facu a \u010distiacu starostlivos\u0165 o svoju ple\u0165 so s\u00fapravou Grapes &amp; Herbs. T\u00e1to exkluz\u00edvna s\u00faprava vyu\u017e\u00edva v\u00fd\u0165a\u017eky z hroznov\u00fdch<\/p>\n","protected":false},"featured_media":48787,"comment_status":"closed","ping_status":"closed","template":"","meta":{"jetpack_publicize_message":"","jetpack_publicize_feature_enabled":true,"jetpack_social_post_already_shared":true,"jetpack_social_options":{"image_generator_settings":{"template":"highway","enabled":false},"version":2}},"product_brand":[],"product_cat":[1876,1864],"product_tag":[],"class_list":{"0":"post-48786","1":"product","2":"type-product","3":"status-publish","4":"has-post-thumbnail","6":"product_cat-beauty-box-kozmeticke-balicky","7":"product_cat-dekorativna-kozmetika","8":"product_shipping_class-standard","10":"","11":"instock","12":"taxable","13":"shipping-taxable","14":"purchasable","15":"product-type-simple"},"jetpack_publicize_connections":[],"yoast_head":"<!-- This site is optimized with the Yoast SEO plugin v25.6 - https:\/\/yoast.com\/wordpress\/plugins\/seo\/ -->\n<title>Grapes &amp; Herbs Beauty Weekend Kit - ETAKO e-shop<\/title>\n<meta name=\"robots\" content=\"index, follow, max-snippet:-1, max-image-preview:large, max-video-preview:-1\" \/>\n<link rel=\"canonical\" href=\"https:\/\/etako.sk\/eshop\/produkt\/grapes-herbs-beauty-weekend-kit\/\" \/>\n<meta name=\"twitter:card\" content=\"summary_large_image\" \/>\n<meta name=\"twitter:title\" content=\"Grapes &amp; Herbs Beauty Weekend Kit - ETAKO e-shop\" \/>\n<meta name=\"twitter:description\" content=\"Za\u017eite upokojuj\u00facu a \u010distiacu starostlivos\u0165 o svoju ple\u0165 so s\u00fapravou Grapes &amp; Herbs. T\u00e1to exkluz\u00edvna s\u00faprava vyu\u017e\u00edva v\u00fd\u0165a\u017eky z hroznov\u00fdch\" \/>\n<meta name=\"twitter:image\" content=\"https:\/\/i0.wp.com\/etako.sk\/eshop\/wp-content\/uploads\/2025\/08\/Solanie-Grapes-Herbs-Beauty-Weekend-Kit.jpg?fit=630%2C630&ssl=1\" \/>\n<meta name=\"twitter:label1\" content=\"Predpokladan\u00fd \u010das \u010d\u00edtania\" \/>\n\t<meta name=\"twitter:data1\" content=\"3 min\u00faty\" \/>\n<script type=\"application\/ld+json\" class=\"yoast-schema-graph\">{\"@context\":\"https:\/\/schema.org\",\"@graph\":[{\"@type\":\"WebPage\",\"@id\":\"https:\/\/etako.sk\/eshop\/produkt\/grapes-herbs-beauty-weekend-kit\/\",\"url\":\"https:\/\/etako.sk\/eshop\/produkt\/grapes-herbs-beauty-weekend-kit\/\",\"name\":\"Grapes & Herbs Beauty Weekend Kit - ETAKO e-shop\",\"isPartOf\":{\"@id\":\"https:\/\/etako.sk\/eshop\/#website\"},\"primaryImageOfPage\":{\"@id\":\"https:\/\/etako.sk\/eshop\/produkt\/grapes-herbs-beauty-weekend-kit\/#primaryimage\"},\"image\":{\"@id\":\"https:\/\/etako.sk\/eshop\/produkt\/grapes-herbs-beauty-weekend-kit\/#primaryimage\"},\"thumbnailUrl\":\"https:\/\/i0.wp.com\/etako.sk\/eshop\/wp-content\/uploads\/2025\/08\/Solanie-Grapes-Herbs-Beauty-Weekend-Kit.jpg?fit=630%2C630&ssl=1\",\"datePublished\":\"2025-08-27T18:24:13+00:00\",\"breadcrumb\":{\"@id\":\"https:\/\/etako.sk\/eshop\/produkt\/grapes-herbs-beauty-weekend-kit\/#breadcrumb\"},\"inLanguage\":\"sk-SK\",\"potentialAction\":[{\"@type\":\"ReadAction\",\"target\":[\"https:\/\/etako.sk\/eshop\/produkt\/grapes-herbs-beauty-weekend-kit\/\"]}]},{\"@type\":\"ImageObject\",\"inLanguage\":\"sk-SK\",\"@id\":\"https:\/\/etako.sk\/eshop\/produkt\/grapes-herbs-beauty-weekend-kit\/#primaryimage\",\"url\":\"https:\/\/i0.wp.com\/etako.sk\/eshop\/wp-content\/uploads\/2025\/08\/Solanie-Grapes-Herbs-Beauty-Weekend-Kit.jpg?fit=630%2C630&ssl=1\",\"contentUrl\":\"https:\/\/i0.wp.com\/etako.sk\/eshop\/wp-content\/uploads\/2025\/08\/Solanie-Grapes-Herbs-Beauty-Weekend-Kit.jpg?fit=630%2C630&ssl=1\",\"width\":630,\"height\":630},{\"@type\":\"BreadcrumbList\",\"@id\":\"https:\/\/etako.sk\/eshop\/produkt\/grapes-herbs-beauty-weekend-kit\/#breadcrumb\",\"itemListElement\":[{\"@type\":\"ListItem\",\"position\":1,\"name\":\"Domovsk\u00e1 str\u00e1nka\",\"item\":\"https:\/\/etako.sk\/eshop\/\"},{\"@type\":\"ListItem\",\"position\":2,\"name\":\"Obchod\",\"item\":\"https:\/\/etako.sk\/eshop\/shop\/\"},{\"@type\":\"ListItem\",\"position\":3,\"name\":\"Grapes &#038; Herbs Beauty Weekend Kit\"}]},{\"@type\":\"WebSite\",\"@id\":\"https:\/\/etako.sk\/eshop\/#website\",\"url\":\"https:\/\/etako.sk\/eshop\/\",\"name\":\"ETAKO e-shop\",\"description\":\"Etako\",\"potentialAction\":[{\"@type\":\"SearchAction\",\"target\":{\"@type\":\"EntryPoint\",\"urlTemplate\":\"https:\/\/etako.sk\/eshop\/?s={search_term_string}\"},\"query-input\":{\"@type\":\"PropertyValueSpecification\",\"valueRequired\":true,\"valueName\":\"search_term_string\"}}],\"inLanguage\":\"sk-SK\"}]}<\/script>\n<!-- \/ Yoast SEO plugin. -->","yoast_head_json":{"title":"Grapes & Herbs Beauty Weekend Kit - ETAKO e-shop","robots":{"index":"index","follow":"follow","max-snippet":"max-snippet:-1","max-image-preview":"max-image-preview:large","max-video-preview":"max-video-preview:-1"},"canonical":"https:\/\/etako.sk\/eshop\/produkt\/grapes-herbs-beauty-weekend-kit\/","twitter_card":"summary_large_image","twitter_title":"Grapes & Herbs Beauty Weekend Kit - ETAKO e-shop","twitter_description":"Za\u017eite upokojuj\u00facu a \u010distiacu starostlivos\u0165 o svoju ple\u0165 so s\u00fapravou Grapes &amp; Herbs. T\u00e1to exkluz\u00edvna s\u00faprava vyu\u017e\u00edva v\u00fd\u0165a\u017eky z hroznov\u00fdch","twitter_image":"https:\/\/i0.wp.com\/etako.sk\/eshop\/wp-content\/uploads\/2025\/08\/Solanie-Grapes-Herbs-Beauty-Weekend-Kit.jpg?fit=630%2C630&ssl=1","twitter_misc":{"Predpokladan\u00fd \u010das \u010d\u00edtania":"3 min\u00faty"},"schema":{"@context":"https:\/\/schema.org","@graph":[{"@type":"WebPage","@id":"https:\/\/etako.sk\/eshop\/produkt\/grapes-herbs-beauty-weekend-kit\/","url":"https:\/\/etako.sk\/eshop\/produkt\/grapes-herbs-beauty-weekend-kit\/","name":"Grapes & Herbs Beauty Weekend Kit - ETAKO e-shop","isPartOf":{"@id":"https:\/\/etako.sk\/eshop\/#website"},"primaryImageOfPage":{"@id":"https:\/\/etako.sk\/eshop\/produkt\/grapes-herbs-beauty-weekend-kit\/#primaryimage"},"image":{"@id":"https:\/\/etako.sk\/eshop\/produkt\/grapes-herbs-beauty-weekend-kit\/#primaryimage"},"thumbnailUrl":"https:\/\/i0.wp.com\/etako.sk\/eshop\/wp-content\/uploads\/2025\/08\/Solanie-Grapes-Herbs-Beauty-Weekend-Kit.jpg?fit=630%2C630&ssl=1","datePublished":"2025-08-27T18:24:13+00:00","breadcrumb":{"@id":"https:\/\/etako.sk\/eshop\/produkt\/grapes-herbs-beauty-weekend-kit\/#breadcrumb"},"inLanguage":"sk-SK","potentialAction":[{"@type":"ReadAction","target":["https:\/\/etako.sk\/eshop\/produkt\/grapes-herbs-beauty-weekend-kit\/"]}]},{"@type":"ImageObject","inLanguage":"sk-SK","@id":"https:\/\/etako.sk\/eshop\/produkt\/grapes-herbs-beauty-weekend-kit\/#primaryimage","url":"https:\/\/i0.wp.com\/etako.sk\/eshop\/wp-content\/uploads\/2025\/08\/Solanie-Grapes-Herbs-Beauty-Weekend-Kit.jpg?fit=630%2C630&ssl=1","contentUrl":"https:\/\/i0.wp.com\/etako.sk\/eshop\/wp-content\/uploads\/2025\/08\/Solanie-Grapes-Herbs-Beauty-Weekend-Kit.jpg?fit=630%2C630&ssl=1","width":630,"height":630},{"@type":"BreadcrumbList","@id":"https:\/\/etako.sk\/eshop\/produkt\/grapes-herbs-beauty-weekend-kit\/#breadcrumb","itemListElement":[{"@type":"ListItem","position":1,"name":"Domovsk\u00e1 str\u00e1nka","item":"https:\/\/etako.sk\/eshop\/"},{"@type":"ListItem","position":2,"name":"Obchod","item":"https:\/\/etako.sk\/eshop\/shop\/"},{"@type":"ListItem","position":3,"name":"Grapes &#038; Herbs Beauty Weekend Kit"}]},{"@type":"WebSite","@id":"https:\/\/etako.sk\/eshop\/#website","url":"https:\/\/etako.sk\/eshop\/","name":"ETAKO e-shop","description":"Etako","potentialAction":[{"@type":"SearchAction","target":{"@type":"EntryPoint","urlTemplate":"https:\/\/etako.sk\/eshop\/?s={search_term_string}"},"query-input":{"@type":"PropertyValueSpecification","valueRequired":true,"valueName":"search_term_string"}}],"inLanguage":"sk-SK"}]}},"jetpack_sharing_enabled":true,"_links":{"self":[{"href":"https:\/\/etako.sk\/eshop\/wp-json\/wp\/v2\/product\/48786","targetHints":{"allow":["GET"]}}],"collection":[{"href":"https:\/\/etako.sk\/eshop\/wp-json\/wp\/v2\/product"}],"about":[{"href":"https:\/\/etako.sk\/eshop\/wp-json\/wp\/v2\/types\/product"}],"replies":[{"embeddable":true,"href":"https:\/\/etako.sk\/eshop\/wp-json\/wp\/v2\/comments?post=48786"}],"version-history":[{"count":1,"href":"https:\/\/etako.sk\/eshop\/wp-json\/wp\/v2\/product\/48786\/revisions"}],"predecessor-version":[{"id":48788,"href":"https:\/\/etako.sk\/eshop\/wp-json\/wp\/v2\/product\/48786\/revisions\/48788"}],"wp:featuredmedia":[{"embeddable":true,"href":"https:\/\/etako.sk\/eshop\/wp-json\/wp\/v2\/media\/48787"}],"wp:attachment":[{"href":"https:\/\/etako.sk\/eshop\/wp-json\/wp\/v2\/media?parent=48786"}],"wp:term":[{"taxonomy":"product_brand","embeddable":true,"href":"https:\/\/etako.sk\/eshop\/wp-json\/wp\/v2\/product_brand?post=48786"},{"taxonomy":"product_cat","embeddable":true,"href":"https:\/\/etako.sk\/eshop\/wp-json\/wp\/v2\/product_cat?post=48786"},{"taxonomy":"product_tag","embeddable":true,"href":"https:\/\/etako.sk\/eshop\/wp-json\/wp\/v2\/product_tag?post=48786"}],"curies":[{"name":"wp","href":"https:\/\/api.w.org\/{rel}","templated":true}]}}