{"id":48783,"date":"2025-08-27T20:21:57","date_gmt":"2025-08-27T18:21:57","guid":{"rendered":"https:\/\/etako.sk\/eshop\/?post_type=product&#038;p=48783"},"modified":"2025-08-27T20:21:57","modified_gmt":"2025-08-27T18:21:57","slug":"matte-perfection-beauty-routine-set","status":"publish","type":"product","link":"https:\/\/etako.sk\/eshop\/produkt\/matte-perfection-beauty-routine-set\/","title":{"rendered":"Matte Perfection &#8211; Beauty Routine Set"},"content":{"rendered":"<p class=\"pb-2\">Milujete trblietky a lesk, ale t\u00fa\u017eite po pleti bez mastn\u00e9ho lesku?<\/p>\n<p class=\"pb-2\">\n<p class=\"pb-2\">S dar\u010dekov\u00fdm setom Matte Perfection &#8211; Beauty Routine Set od zna\u010dky SOLANIE jednoducho harmonizujete mazov\u00e9 \u017e\u013eazy a doprajete svojej pleti dokonal\u00fa starostlivos\u0165.<\/p>\n<p class=\"pb-2\">Tento bal\u00ed\u010dek je vhodn\u00fd pre ka\u017ed\u00e9ho bez oh\u013eadu na vek \u010di pohlavie a je navrhnut\u00fd \u0161peci\u00e1lne pre mastn\u00fa a problematick\u00fa ple\u0165.<\/p>\n<p class=\"pb-2\">\n<p class=\"pb-2\">Obsah balenia:<\/p>\n<ul class=\"marker:text-green list-outside list-disc text-deeplyneutral-800 dark:text-deeplyneutral-50\">\n<li>SO10109 Solanie \u010cierne mydlo 125 ml \u2013 \u00da\u010dinne \u010dist\u00ed ple\u0165, redukuje mastn\u00fd lesk a podr\u00e1\u017edenie typick\u00e9 pre problematick\u00fa ple\u0165.<\/li>\n<li>SO10111 Solanie \u010cierny tonik 125 ml \u2013 Obsahuje ichtyol, kyselinu salicylov\u00fa a bylinn\u00e9 v\u00fd\u0165a\u017eky, ktor\u00e9 obnovuj\u00fa zdrav\u00e9 fungovanie poko\u017eky a spr\u00e1vne pH.<\/li>\n<li>SO10900 Solanie Mango AHA ry\u017eov\u00fd peeling 50 ml \u2013 Peeling na tv\u00e1r a telo s ovocnou v\u00f4\u0148ou, kombinuj\u00faci mechanick\u00fd exfolia\u010dn\u00fd \u00fa\u010dinok ry\u017eovej m\u00faky a chemick\u00fd efekt AHA kysel\u00edn.<\/li>\n<li>SO10909 Solanie Velvet kr\u00e9m 50 ml \u2013 Kultov\u00fd hydrata\u010dn\u00fd kr\u00e9m, ktor\u00fd nezanech\u00e1va mastn\u00fd efekt, ide\u00e1lny na ka\u017edodenn\u00fa starostlivos\u0165 o mastn\u00fa ple\u0165.<\/li>\n<\/ul>\n<p class=\"pb-2\">\n<p class=\"pb-2\">\n<p class=\"pb-2\">Hlavn\u00e9 benefity produktov:<\/p>\n<ul class=\"marker:text-green list-outside list-disc text-deeplyneutral-800 dark:text-deeplyneutral-50\">\n<li>Dokonal\u00e1 harm\u00f3nia pre mastn\u00fa a leskl\u00fa ple\u0165.<\/li>\n<li>Kompletn\u00e1 rutina pre redukciu nadmern\u00e9ho ko\u017en\u00e9ho mazu.<\/li>\n<li>Vhodn\u00e9 na ka\u017edodenn\u00e9 pou\u017eitie aj na starostlivos\u0165 o telo (chrb\u00e1t, ramen\u00e1 a dekolt).<\/li>\n<\/ul>\n<p>&nbsp;<\/p>\n<p class=\"pb-2\">\n<p class=\"pb-2\">\u00da\u010dinn\u00e9 l\u00e1tky:<\/p>\n<ul class=\"marker:text-green list-outside list-disc text-deeplyneutral-800 dark:text-deeplyneutral-50\">\n<li>AHA kyseliny, Alanto\u00edn, Beta\u00edn, Kore\u0148 lop\u00facha, Borievka, Zinok PCA, Kremelina, Horec, Ichthiol, \u00cdrska chaluha, Tymi\u00e1n, Levandu\u013eov\u00fd olej, Slne\u010dnicov\u00fd olej, Kyselina salicylov\u00e1, Kore\u0148 horca<\/li>\n<\/ul>\n<p class=\"pb-2\">\n<p class=\"pb-2\">\n<p class=\"pb-2\">Odpor\u00fa\u010dan\u00fd typ pleti:<\/p>\n<ul class=\"marker:text-green list-outside list-disc text-deeplyneutral-800 dark:text-deeplyneutral-50\">\n<li>Kombinovan\u00e1 ple\u0165<\/li>\n<li>Mastn\u00e1 \/ problematick\u00e1 ple\u0165<\/li>\n<\/ul>\n<p class=\"pb-2\">\n<p class=\"pb-2\">\n<p class=\"pb-2\">Funkcie:<\/p>\n<ul class=\"marker:text-green list-outside list-disc text-deeplyneutral-800 dark:text-deeplyneutral-50\">\n<li>Zn\u00ed\u017eenie z\u00e1palu<\/li>\n<li>Exfoli\u00e1cia<\/li>\n<li>Regul\u00e1cia mastn\u00e9ho lesku<\/li>\n<li>Upokojenie poko\u017eky<\/li>\n<li>S\u0165ahovanie p\u00f3rov<\/li>\n<li>Zm\u00e4k\u010denie poko\u017eky<\/li>\n<li>D\u00f4kladn\u00e9 \u010distenie<\/li>\n<li>T\u00f3novanie pleti<\/li>\n<\/ul>\n<p class=\"pb-2\">\n<p class=\"pb-2\">\n<p class=\"pb-2\">\u0160etrn\u00e9 zlo\u017eenie:<\/p>\n<ul class=\"marker:text-green list-outside list-disc text-deeplyneutral-800 dark:text-deeplyneutral-50\">\n<li>Bez parab\u00e9nov<\/li>\n<li>Bez miner\u00e1lnych olejov<\/li>\n<li>Bez silik\u00f3nov\u00fdch olejov<\/li>\n<li>Bez etylalkoholu<\/li>\n<li>Bez SLS<\/li>\n<li>Veg\u00e1nsky produkt<\/li>\n<li>Netestovan\u00fd na zvierat\u00e1ch<\/li>\n<\/ul>\n<p class=\"pb-2\">\n<p class=\"pb-2\">\n<p class=\"pb-2\">N\u00e1vod na pou\u017eitie:<\/p>\n<p class=\"pb-2\">1. R\u00e1no a ve\u010der: Nape\u0148te 3-4 pumpi\u010dky \u010dierneho mydla, naneste na tv\u00e1r a d\u00f4kladne opl\u00e1chnite. Po tom navlh\u010dite vatov\u00fd tamp\u00f3n tonikom (2-3 pumpi\u010dky) a jemne pretrite ple\u0165. N\u00e1sledne naneste Velvet kr\u00e9m ako z\u00e1vere\u010dn\u00fd krok va\u0161ej rutiny.<\/p>\n<p class=\"pb-2\">2. Raz t\u00fd\u017edenne: <strong>Solanie Mango AHA ry\u017eov\u00fd peeling 50 ml <\/strong>na vy\u010disten\u00fa ple\u0165, nechajte chv\u00ed\u013eu p\u00f4sobi\u0165, potom premas\u00edrujte a d\u00f4kladne opl\u00e1chnite. Peeling je ide\u00e1lny aj na chrb\u00e1t, ramen\u00e1 \u010di dekolt.<\/p>\n<p class=\"pb-2\">\n<p class=\"pb-2\">Doprajte si profesion\u00e1lnu starostlivos\u0165 s Matte Perfection &#8211; Beauty Routine Set a zamilujte si pocit dokonalej, zdravej a matnej pleti!<\/p>\n<div><\/div>\n<div><\/div>\n<div><\/div>\n<div>Upozornenie: Na vonkaj\u0161ie pou\u017eitie! Uchov\u00e1vajte mimo dosahu det\u00ed! Zabr\u00e1\u0148te kontaktu s o\u010dami! Ak sa produkt dostane do o\u010d\u00ed, okam\u017eite ich vypl\u00e1chnite ve\u013ek\u00fdm mno\u017estvom vody!<\/div>\n<div><\/div>\n<div><\/div>\n<div><img data-recalc-dims=\"1\" fetchpriority=\"high\" decoding=\"async\" src=\"https:\/\/i0.wp.com\/www.perlacosmetic.sk\/images\/Solanie_Matte_Perfection_Beauty_Routine_Set.jpg?resize=444%2C444&#038;ssl=1\" alt=\"\" width=\"444\" height=\"444\" \/><\/div>\n<div><\/div>\n<div>\n<p>&nbsp;<\/p>\n<p class=\"pb-2\">Zlo\u017eenie \/ Ingredients:<\/p>\n<p class=\"pb-2\">\n<p class=\"pb-2\">Solanie \u010cierne mydlo: Aqua, Coco-Glucoside, Glycerin, Cocamidopropyl Betaine, Sodium Shale Oil Sulfonate, Lavandula Angustifoila Oil, PEG-7 Glyceryl Cocoate, Xanthan Gum, Chondrus Crispus, Caramel, Lactic Acid, Disodium EDTA, Methylchloroisothiazolinone, Methylisothiazolinone<\/p>\n<p class=\"pb-2\">\n<p class=\"pb-2\">Solanie \u010cierny tonik: Aqua, Propylene Glycol, Sodium Lactate, PEG-40 Hydrogenated Castor Oil, Salicylic Acid, Ictasol, Zinc PCA, Lavandula Angustifolia Flower Oil, Allantoin, Arctium Majus Root Extract, Juniperus Communis Fruit Extract, Gentiana Lutea Root Extract, Thymus Vulgaris Flower Extract, Citrus Limon Peel Extract, Sodium Benzoate, Potassium Sorbate, Disodium EDTA, Caramel<\/p>\n<p class=\"pb-2\">\n<p class=\"pb-2\">Solanie Mango AHA peeling: Aqua, Oryza Sativa Bran, Diatomaceous Earth, Isopropyl Palmitate, Cetearyl Alcohol, Glycerin, Lactic Acid, Propylene Glycol, Glyceryl Stearate, PEG-100 Stearate, Cocamidopropyl Betaine, Urea, Persea Gratissima Oil, Mangifera Indica Fruit Extract, Carica Papaya Fruit Extract, Salicylic Acid, Xanthan Gum, Betaine, Glycolic Acid, Allantoin, Potassium Sorbate, Sodium Benzoate, Sodium Hydroxide, Parfum, Polysorbate 60, Disodium EDTA, BHT, Linalool, Limonene, Hexyl Cinnamal, Citronellol, CI 19140, CI 42090<\/p>\n<p class=\"pb-2\">\n<p class=\"pb-2\">Solanie Velvet kr\u00e9m: Aqua, Helianthus Annuus Seed Oil, Glycerin, Cetyl Alcohol, Sodium Lactate, Glyceryl Stearate, Octocrylene, Butyl Methoxydibenzoylmethane, Phenoxyethanol, Potassium Cetyl Phosphate, Simmondsia Chinensis Seed Oil, Arctium Majus Root Extract, Juniperus Communis Fruit Extract, Gentiana Lutea Root Extract, Thymus Vulgaris Flower Extract, Citrus Limon Peel Extract, Acrylates\/ C10-30 Alkyl Acrylate Crosspolymer, Ceteareth-20, Ceteareth-12, Cetyl Palmitate, Triethanolamine, Parfum, Propylene Glycol, Chlorphenesin, Decylene Glycol, BHT, Disodium EDTA, CI 14720<\/p>\n<div>\n<p>&nbsp;<\/p>\n<p><strong>V\u00fdrobca:<\/strong><br \/>\nAlveola Ltd.,,<\/p>\n<p>Gizella \u00fat 28\/a<\/p>\n<p>1143 Budape\u0161\u0165<\/p>\n<p>Ma\u010farsko<\/p>\n<p><strong>Tel:<\/strong>\u00a0+36 1251 2270<br \/>\n<strong>E-mail:<\/strong>\u00a0information@alveola.hu<\/p>\n<p>&nbsp;<\/p>\n<p>&nbsp;<\/p>\n<\/div>\n<\/div>\n<div><\/div>\n","protected":false},"excerpt":{"rendered":"<p>Milujete trblietky a lesk, ale t\u00fa\u017eite po pleti bez mastn\u00e9ho lesku? S dar\u010dekov\u00fdm setom Matte Perfection &#8211; Beauty Routine Set<\/p>\n","protected":false},"featured_media":48784,"comment_status":"closed","ping_status":"closed","template":"","meta":{"jetpack_publicize_message":"","jetpack_publicize_feature_enabled":true,"jetpack_social_post_already_shared":true,"jetpack_social_options":{"image_generator_settings":{"template":"highway","enabled":false},"version":2}},"product_brand":[],"product_cat":[1876,1864],"product_tag":[],"class_list":{"0":"post-48783","1":"product","2":"type-product","3":"status-publish","4":"has-post-thumbnail","6":"product_cat-beauty-box-kozmeticke-balicky","7":"product_cat-dekorativna-kozmetika","8":"product_shipping_class-standard","10":"","11":"instock","12":"taxable","13":"shipping-taxable","14":"purchasable","15":"product-type-simple"},"jetpack_publicize_connections":[],"yoast_head":"<!-- This site is optimized with the Yoast SEO plugin v25.6 - https:\/\/yoast.com\/wordpress\/plugins\/seo\/ -->\n<title>Matte Perfection - Beauty Routine Set - ETAKO e-shop<\/title>\n<meta name=\"robots\" content=\"index, follow, max-snippet:-1, max-image-preview:large, max-video-preview:-1\" \/>\n<link rel=\"canonical\" href=\"https:\/\/etako.sk\/eshop\/produkt\/matte-perfection-beauty-routine-set\/\" \/>\n<meta name=\"twitter:card\" content=\"summary_large_image\" \/>\n<meta name=\"twitter:title\" content=\"Matte Perfection - Beauty Routine Set - ETAKO e-shop\" \/>\n<meta name=\"twitter:description\" content=\"Milujete trblietky a lesk, ale t\u00fa\u017eite po pleti bez mastn\u00e9ho lesku? S dar\u010dekov\u00fdm setom Matte Perfection &#8211; Beauty Routine Set\" \/>\n<meta name=\"twitter:image\" content=\"https:\/\/i0.wp.com\/etako.sk\/eshop\/wp-content\/uploads\/2025\/08\/Solanie_Matte_Perfection_Beauty_Routine_Set.jpg?fit=630%2C630&ssl=1\" \/>\n<meta name=\"twitter:label1\" content=\"Predpokladan\u00fd \u010das \u010d\u00edtania\" \/>\n\t<meta name=\"twitter:data1\" content=\"4 min\u00faty\" \/>\n<script type=\"application\/ld+json\" class=\"yoast-schema-graph\">{\"@context\":\"https:\/\/schema.org\",\"@graph\":[{\"@type\":\"WebPage\",\"@id\":\"https:\/\/etako.sk\/eshop\/produkt\/matte-perfection-beauty-routine-set\/\",\"url\":\"https:\/\/etako.sk\/eshop\/produkt\/matte-perfection-beauty-routine-set\/\",\"name\":\"Matte Perfection - Beauty Routine Set - ETAKO e-shop\",\"isPartOf\":{\"@id\":\"https:\/\/etako.sk\/eshop\/#website\"},\"primaryImageOfPage\":{\"@id\":\"https:\/\/etako.sk\/eshop\/produkt\/matte-perfection-beauty-routine-set\/#primaryimage\"},\"image\":{\"@id\":\"https:\/\/etako.sk\/eshop\/produkt\/matte-perfection-beauty-routine-set\/#primaryimage\"},\"thumbnailUrl\":\"https:\/\/i0.wp.com\/etako.sk\/eshop\/wp-content\/uploads\/2025\/08\/Solanie_Matte_Perfection_Beauty_Routine_Set.jpg?fit=630%2C630&ssl=1\",\"datePublished\":\"2025-08-27T18:21:57+00:00\",\"breadcrumb\":{\"@id\":\"https:\/\/etako.sk\/eshop\/produkt\/matte-perfection-beauty-routine-set\/#breadcrumb\"},\"inLanguage\":\"sk-SK\",\"potentialAction\":[{\"@type\":\"ReadAction\",\"target\":[\"https:\/\/etako.sk\/eshop\/produkt\/matte-perfection-beauty-routine-set\/\"]}]},{\"@type\":\"ImageObject\",\"inLanguage\":\"sk-SK\",\"@id\":\"https:\/\/etako.sk\/eshop\/produkt\/matte-perfection-beauty-routine-set\/#primaryimage\",\"url\":\"https:\/\/i0.wp.com\/etako.sk\/eshop\/wp-content\/uploads\/2025\/08\/Solanie_Matte_Perfection_Beauty_Routine_Set.jpg?fit=630%2C630&ssl=1\",\"contentUrl\":\"https:\/\/i0.wp.com\/etako.sk\/eshop\/wp-content\/uploads\/2025\/08\/Solanie_Matte_Perfection_Beauty_Routine_Set.jpg?fit=630%2C630&ssl=1\",\"width\":630,\"height\":630},{\"@type\":\"BreadcrumbList\",\"@id\":\"https:\/\/etako.sk\/eshop\/produkt\/matte-perfection-beauty-routine-set\/#breadcrumb\",\"itemListElement\":[{\"@type\":\"ListItem\",\"position\":1,\"name\":\"Domovsk\u00e1 str\u00e1nka\",\"item\":\"https:\/\/etako.sk\/eshop\/\"},{\"@type\":\"ListItem\",\"position\":2,\"name\":\"Obchod\",\"item\":\"https:\/\/etako.sk\/eshop\/shop\/\"},{\"@type\":\"ListItem\",\"position\":3,\"name\":\"Matte Perfection &#8211; Beauty Routine Set\"}]},{\"@type\":\"WebSite\",\"@id\":\"https:\/\/etako.sk\/eshop\/#website\",\"url\":\"https:\/\/etako.sk\/eshop\/\",\"name\":\"ETAKO e-shop\",\"description\":\"Etako\",\"potentialAction\":[{\"@type\":\"SearchAction\",\"target\":{\"@type\":\"EntryPoint\",\"urlTemplate\":\"https:\/\/etako.sk\/eshop\/?s={search_term_string}\"},\"query-input\":{\"@type\":\"PropertyValueSpecification\",\"valueRequired\":true,\"valueName\":\"search_term_string\"}}],\"inLanguage\":\"sk-SK\"}]}<\/script>\n<!-- \/ Yoast SEO plugin. -->","yoast_head_json":{"title":"Matte Perfection - Beauty Routine Set - ETAKO e-shop","robots":{"index":"index","follow":"follow","max-snippet":"max-snippet:-1","max-image-preview":"max-image-preview:large","max-video-preview":"max-video-preview:-1"},"canonical":"https:\/\/etako.sk\/eshop\/produkt\/matte-perfection-beauty-routine-set\/","twitter_card":"summary_large_image","twitter_title":"Matte Perfection - Beauty Routine Set - ETAKO e-shop","twitter_description":"Milujete trblietky a lesk, ale t\u00fa\u017eite po pleti bez mastn\u00e9ho lesku? S dar\u010dekov\u00fdm setom Matte Perfection &#8211; Beauty Routine Set","twitter_image":"https:\/\/i0.wp.com\/etako.sk\/eshop\/wp-content\/uploads\/2025\/08\/Solanie_Matte_Perfection_Beauty_Routine_Set.jpg?fit=630%2C630&ssl=1","twitter_misc":{"Predpokladan\u00fd \u010das \u010d\u00edtania":"4 min\u00faty"},"schema":{"@context":"https:\/\/schema.org","@graph":[{"@type":"WebPage","@id":"https:\/\/etako.sk\/eshop\/produkt\/matte-perfection-beauty-routine-set\/","url":"https:\/\/etako.sk\/eshop\/produkt\/matte-perfection-beauty-routine-set\/","name":"Matte Perfection - Beauty Routine Set - ETAKO e-shop","isPartOf":{"@id":"https:\/\/etako.sk\/eshop\/#website"},"primaryImageOfPage":{"@id":"https:\/\/etako.sk\/eshop\/produkt\/matte-perfection-beauty-routine-set\/#primaryimage"},"image":{"@id":"https:\/\/etako.sk\/eshop\/produkt\/matte-perfection-beauty-routine-set\/#primaryimage"},"thumbnailUrl":"https:\/\/i0.wp.com\/etako.sk\/eshop\/wp-content\/uploads\/2025\/08\/Solanie_Matte_Perfection_Beauty_Routine_Set.jpg?fit=630%2C630&ssl=1","datePublished":"2025-08-27T18:21:57+00:00","breadcrumb":{"@id":"https:\/\/etako.sk\/eshop\/produkt\/matte-perfection-beauty-routine-set\/#breadcrumb"},"inLanguage":"sk-SK","potentialAction":[{"@type":"ReadAction","target":["https:\/\/etako.sk\/eshop\/produkt\/matte-perfection-beauty-routine-set\/"]}]},{"@type":"ImageObject","inLanguage":"sk-SK","@id":"https:\/\/etako.sk\/eshop\/produkt\/matte-perfection-beauty-routine-set\/#primaryimage","url":"https:\/\/i0.wp.com\/etako.sk\/eshop\/wp-content\/uploads\/2025\/08\/Solanie_Matte_Perfection_Beauty_Routine_Set.jpg?fit=630%2C630&ssl=1","contentUrl":"https:\/\/i0.wp.com\/etako.sk\/eshop\/wp-content\/uploads\/2025\/08\/Solanie_Matte_Perfection_Beauty_Routine_Set.jpg?fit=630%2C630&ssl=1","width":630,"height":630},{"@type":"BreadcrumbList","@id":"https:\/\/etako.sk\/eshop\/produkt\/matte-perfection-beauty-routine-set\/#breadcrumb","itemListElement":[{"@type":"ListItem","position":1,"name":"Domovsk\u00e1 str\u00e1nka","item":"https:\/\/etako.sk\/eshop\/"},{"@type":"ListItem","position":2,"name":"Obchod","item":"https:\/\/etako.sk\/eshop\/shop\/"},{"@type":"ListItem","position":3,"name":"Matte Perfection &#8211; Beauty Routine Set"}]},{"@type":"WebSite","@id":"https:\/\/etako.sk\/eshop\/#website","url":"https:\/\/etako.sk\/eshop\/","name":"ETAKO e-shop","description":"Etako","potentialAction":[{"@type":"SearchAction","target":{"@type":"EntryPoint","urlTemplate":"https:\/\/etako.sk\/eshop\/?s={search_term_string}"},"query-input":{"@type":"PropertyValueSpecification","valueRequired":true,"valueName":"search_term_string"}}],"inLanguage":"sk-SK"}]}},"jetpack_sharing_enabled":true,"_links":{"self":[{"href":"https:\/\/etako.sk\/eshop\/wp-json\/wp\/v2\/product\/48783","targetHints":{"allow":["GET"]}}],"collection":[{"href":"https:\/\/etako.sk\/eshop\/wp-json\/wp\/v2\/product"}],"about":[{"href":"https:\/\/etako.sk\/eshop\/wp-json\/wp\/v2\/types\/product"}],"replies":[{"embeddable":true,"href":"https:\/\/etako.sk\/eshop\/wp-json\/wp\/v2\/comments?post=48783"}],"version-history":[{"count":1,"href":"https:\/\/etako.sk\/eshop\/wp-json\/wp\/v2\/product\/48783\/revisions"}],"predecessor-version":[{"id":48785,"href":"https:\/\/etako.sk\/eshop\/wp-json\/wp\/v2\/product\/48783\/revisions\/48785"}],"wp:featuredmedia":[{"embeddable":true,"href":"https:\/\/etako.sk\/eshop\/wp-json\/wp\/v2\/media\/48784"}],"wp:attachment":[{"href":"https:\/\/etako.sk\/eshop\/wp-json\/wp\/v2\/media?parent=48783"}],"wp:term":[{"taxonomy":"product_brand","embeddable":true,"href":"https:\/\/etako.sk\/eshop\/wp-json\/wp\/v2\/product_brand?post=48783"},{"taxonomy":"product_cat","embeddable":true,"href":"https:\/\/etako.sk\/eshop\/wp-json\/wp\/v2\/product_cat?post=48783"},{"taxonomy":"product_tag","embeddable":true,"href":"https:\/\/etako.sk\/eshop\/wp-json\/wp\/v2\/product_tag?post=48783"}],"curies":[{"name":"wp","href":"https:\/\/api.w.org\/{rel}","templated":true}]}}