{"id":48780,"date":"2025-08-27T20:19:44","date_gmt":"2025-08-27T18:19:44","guid":{"rendered":"https:\/\/etako.sk\/eshop\/?post_type=product&#038;p=48780"},"modified":"2025-08-27T20:19:44","modified_gmt":"2025-08-27T18:19:44","slug":"natural-city-detox-beauty-routine-set","status":"publish","type":"product","link":"https:\/\/etako.sk\/eshop\/produkt\/natural-city-detox-beauty-routine-set\/","title":{"rendered":"Natural City Detox &#8211; Beauty Routine Set"},"content":{"rendered":"<div class=\"vc-commoditydetail_description curtailment show\" aria-expanded=\"true\">\n<div class=\"description wysiwyg\">\n<p>Doprajte si sebe alebo svojim bl\u00edzkym tento \u0161peci\u00e1lny bal\u00ed\u010dek a vychutnajte si rozmazn\u00e1vaj\u00facu starostlivos\u0165 s hroznov\u00fdm extraktom!<\/p>\n<p>&nbsp;<\/p>\n<p>\u00da\u010dinn\u00e9 l\u00e1tky:<\/p>\n<div class=\"property_value_item\">Alanto\u00edn, kyselina hyaluronov\u00e1, pantenol ( vit.B5), Shea maslo, Sorbit, TO komplex, urea\n<\/div>\n<p class=\"pb-2\">Odpor\u00fa\u010dan\u00fd typ pleti:<\/p>\n<ul class=\"marker:text-green list-outside list-disc text-deeplyneutral-800 dark:text-deeplyneutral-50\">\n<li>Starn\u00faca<\/li>\n<li>Citliv\u00e1 ple\u0165<\/li>\n<li>Norm\u00e1lna<\/li>\n<\/ul>\n<p>&nbsp;<\/p>\n<p>Pre\u010do si vybra\u0165 tento Hroznov\u00fd set\u00a0?<\/p>\n<p>Funkcie a benefity produktov<\/p>\n<p>&nbsp;<\/p>\n<p class=\"pb-2\">Funkcie:<\/p>\n<ul class=\"marker:text-green list-outside list-disc text-deeplyneutral-800 dark:text-deeplyneutral-50\">\n<li>Spevnenie\u00a0poko\u017eky<\/li>\n<li>Omladenie\u00a0poko\u017eky<\/li>\n<li>Ka\u017edodenn\u00e1 ochrana<\/li>\n<li>Zadr\u017eiavanie vlhkosti, hydrat\u00e1cia<\/li>\n<li>Regener\u00e1cia poko\u017eky<\/li>\n<li>V\u00fd\u017eiva pleti<\/li>\n<\/ul>\n<p class=\"pb-2\">\n<p class=\"pb-2\">\n<p class=\"pb-2\">Maxim\u00e1lne \u0161etrn\u00e9 zlo\u017eenie:<\/p>\n<ul class=\"marker:text-green list-outside list-disc text-deeplyneutral-800 dark:text-deeplyneutral-50\">\n<li>0 % miner\u00e1lneho oleja<\/li>\n<li>0 % parab\u00e9nov<\/li>\n<li>0 % farb\u00edv<\/li>\n<li>0 % alerg\u00e9nnych v\u00f4n\u00ed<\/li>\n<\/ul>\n<ul class=\"marker:text-green list-outside list-disc text-deeplyneutral-800 dark:text-deeplyneutral-50\">\n<li>Netestovan\u00fd na zvierat\u00e1ch<\/li>\n<\/ul>\n<p>&nbsp;<\/p>\n<p><strong>Obsah balenia:<\/strong><\/p>\n<p>1.\u00a0<strong>Solanie Antioxidant s\u00e9rum z hroznov\u00fdch kme\u0148ov\u00fdch buniek 30 ml\u200b<\/strong>:\u00a0Hlboko hydrata\u010dn\u00fd, revitaliza\u010dn\u00fd koncentr\u00e1t s antioxida\u010dn\u00fdm \u00fa\u010dinkom z hroznov\u00fdch kme\u0148ov\u00fdch buniek s NMF faktormi je vhodn\u00fd pre v\u0161etky typy pleti.<\/p>\n<p>2.\u00a0<strong>Solanie\u00a0 Grape &#8211; Hyaluron o\u010dn\u00fd kr\u00e9m TO Complex\u00ae\u00a0 15 ml:<\/strong>\u00a0Optimalizuje schopnos\u0165 buniek zvy\u0161ova\u0165 energetick\u00fa \u00farove\u0148 a botoxu podobn\u00fd \u00fa\u010dinok zni\u017euje aktivitu mimick\u00fdch svalov, vyhladzuje jemn\u00fa poko\u017eku okolo o\u010d\u00ed a redukuje vr\u00e1sky.<\/p>\n<p>3.\u00a0<strong>Solanie\u00a0 Grape &#8211; Hyaluron denn\u00fd kr\u00e9m TO Complex\u00ae\u00a0 50 ml\u200b:<\/strong>\u00a0Intenz\u00edvny hydrata\u010dn\u00fd kr\u00e9mov\u00fd g\u00e9l s trojit\u00fdm \u00fa\u010dinkom v\u010faka Tokaj Oleo komplexu\u00a0\u00ae\u00a0 neutralizuje \u0161kodliv\u00e9 vo\u013en\u00e9 radik\u00e1ly v ko\u017en\u00fdch bunk\u00e1ch a vysok\u00fd obsah antioxidantov zabra\u0148uje po\u0161kodeniu buniek.<\/p>\n<p><strong>Pre koho je tento bal\u00ed\u010dek ur\u010den\u00fd?\u00a0<\/strong><\/p>\n<p>S pomocou tohto praktick\u00e9ho bal\u00ed\u010dka si m\u00f4\u017eete vytvori\u0165 denn\u00fa rutinu starostlivosti o ple\u0165, ktor\u00e1 regeneruje a hydratuje dehydrovan\u00fa, citliv\u00fa, mestsky \u017eij\u00facu ple\u0165 vystaven\u00fa zne\u010disten\u00e9mu ovzdu\u0161iu a siln\u00e9mu slne\u010dn\u00e9mu \u017eiareniu.<\/p>\n<p>&nbsp;<\/p>\n<p><strong>Pou\u017eitie:<\/strong><br \/>\nR\u00e1no a ve\u010der: Naneste 2-3 kvapky s\u00e9ra na d\u00f4kladne vy\u010disten\u00fa ple\u0165 tv\u00e1re, krku a dekoltu a potom r\u00e1no pokra\u010dujte v rutine s kr\u00e9mov\u00fdm g\u00e9lom TO Complex. Po nanesen\u00ed s\u00e9ra jemne vmas\u00edrujte\u00a0do o\u010dn\u00e9ho okolia o\u010dn\u00fd g\u00e9l.<\/p>\n<p>&nbsp;<\/p>\n<p><img data-recalc-dims=\"1\" fetchpriority=\"high\" decoding=\"async\" src=\"https:\/\/i0.wp.com\/www.perlacosmetic.sk\/images\/Solanie%20Natural%20City%20Detox_Beauty%20Routine%20Set.jpg?resize=444%2C444&#038;ssl=1\" alt=\"\" width=\"444\" height=\"444\" \/><\/p>\n<p class=\"pb-2\">\n<p class=\"pb-2\">V\u00fdrobca:<br \/>\nAlveola Ltd.,<\/p>\n<p class=\"pb-2\">Gizella \u00fat 28\/a<\/p>\n<p class=\"pb-2\">1143 Budape\u0161\u0165<\/p>\n<p class=\"pb-2\">Ma\u010farsko<\/p>\n<p class=\"pb-2\">Tel:\u00a0+36 1251 2270<br \/>\nE-mail:\u00a0information@alveola.hu<\/p>\n<p class=\"pb-2\">\n<p class=\"pb-2\">\n<p class=\"pb-2\">\n<\/div>\n<\/div>\n","protected":false},"excerpt":{"rendered":"<p>Doprajte si sebe alebo svojim bl\u00edzkym tento \u0161peci\u00e1lny bal\u00ed\u010dek a vychutnajte si rozmazn\u00e1vaj\u00facu starostlivos\u0165 s hroznov\u00fdm extraktom! &nbsp; \u00da\u010dinn\u00e9 l\u00e1tky:<\/p>\n","protected":false},"featured_media":48781,"comment_status":"closed","ping_status":"closed","template":"","meta":{"jetpack_publicize_message":"","jetpack_publicize_feature_enabled":true,"jetpack_social_post_already_shared":true,"jetpack_social_options":{"image_generator_settings":{"template":"highway","enabled":false},"version":2}},"product_brand":[],"product_cat":[1876,1864],"product_tag":[],"class_list":{"0":"post-48780","1":"product","2":"type-product","3":"status-publish","4":"has-post-thumbnail","6":"product_cat-beauty-box-kozmeticke-balicky","7":"product_cat-dekorativna-kozmetika","8":"product_shipping_class-standard","10":"","11":"instock","12":"taxable","13":"shipping-taxable","14":"purchasable","15":"product-type-simple"},"jetpack_publicize_connections":[],"yoast_head":"<!-- This site is optimized with the Yoast SEO plugin v25.6 - https:\/\/yoast.com\/wordpress\/plugins\/seo\/ -->\n<title>Natural City Detox - Beauty Routine Set - ETAKO e-shop<\/title>\n<meta name=\"robots\" content=\"index, follow, max-snippet:-1, max-image-preview:large, max-video-preview:-1\" \/>\n<link rel=\"canonical\" href=\"https:\/\/etako.sk\/eshop\/produkt\/natural-city-detox-beauty-routine-set\/\" \/>\n<meta name=\"twitter:card\" content=\"summary_large_image\" \/>\n<meta name=\"twitter:title\" content=\"Natural City Detox - Beauty Routine Set - ETAKO e-shop\" \/>\n<meta name=\"twitter:description\" content=\"Doprajte si sebe alebo svojim bl\u00edzkym tento \u0161peci\u00e1lny bal\u00ed\u010dek a vychutnajte si rozmazn\u00e1vaj\u00facu starostlivos\u0165 s hroznov\u00fdm extraktom! &nbsp; \u00da\u010dinn\u00e9 l\u00e1tky:\" \/>\n<meta name=\"twitter:image\" content=\"https:\/\/i0.wp.com\/etako.sk\/eshop\/wp-content\/uploads\/2025\/08\/Solanie-Natural-City-Detox_Beauty-Routine-Set.jpg?fit=630%2C630&ssl=1\" \/>\n<meta name=\"twitter:label1\" content=\"Predpokladan\u00fd \u010das \u010d\u00edtania\" \/>\n\t<meta name=\"twitter:data1\" content=\"2 min\u00faty\" \/>\n<script type=\"application\/ld+json\" class=\"yoast-schema-graph\">{\"@context\":\"https:\/\/schema.org\",\"@graph\":[{\"@type\":\"WebPage\",\"@id\":\"https:\/\/etako.sk\/eshop\/produkt\/natural-city-detox-beauty-routine-set\/\",\"url\":\"https:\/\/etako.sk\/eshop\/produkt\/natural-city-detox-beauty-routine-set\/\",\"name\":\"Natural City Detox - Beauty Routine Set - ETAKO e-shop\",\"isPartOf\":{\"@id\":\"https:\/\/etako.sk\/eshop\/#website\"},\"primaryImageOfPage\":{\"@id\":\"https:\/\/etako.sk\/eshop\/produkt\/natural-city-detox-beauty-routine-set\/#primaryimage\"},\"image\":{\"@id\":\"https:\/\/etako.sk\/eshop\/produkt\/natural-city-detox-beauty-routine-set\/#primaryimage\"},\"thumbnailUrl\":\"https:\/\/i0.wp.com\/etako.sk\/eshop\/wp-content\/uploads\/2025\/08\/Solanie-Natural-City-Detox_Beauty-Routine-Set.jpg?fit=630%2C630&ssl=1\",\"datePublished\":\"2025-08-27T18:19:44+00:00\",\"breadcrumb\":{\"@id\":\"https:\/\/etako.sk\/eshop\/produkt\/natural-city-detox-beauty-routine-set\/#breadcrumb\"},\"inLanguage\":\"sk-SK\",\"potentialAction\":[{\"@type\":\"ReadAction\",\"target\":[\"https:\/\/etako.sk\/eshop\/produkt\/natural-city-detox-beauty-routine-set\/\"]}]},{\"@type\":\"ImageObject\",\"inLanguage\":\"sk-SK\",\"@id\":\"https:\/\/etako.sk\/eshop\/produkt\/natural-city-detox-beauty-routine-set\/#primaryimage\",\"url\":\"https:\/\/i0.wp.com\/etako.sk\/eshop\/wp-content\/uploads\/2025\/08\/Solanie-Natural-City-Detox_Beauty-Routine-Set.jpg?fit=630%2C630&ssl=1\",\"contentUrl\":\"https:\/\/i0.wp.com\/etako.sk\/eshop\/wp-content\/uploads\/2025\/08\/Solanie-Natural-City-Detox_Beauty-Routine-Set.jpg?fit=630%2C630&ssl=1\",\"width\":630,\"height\":630},{\"@type\":\"BreadcrumbList\",\"@id\":\"https:\/\/etako.sk\/eshop\/produkt\/natural-city-detox-beauty-routine-set\/#breadcrumb\",\"itemListElement\":[{\"@type\":\"ListItem\",\"position\":1,\"name\":\"Domovsk\u00e1 str\u00e1nka\",\"item\":\"https:\/\/etako.sk\/eshop\/\"},{\"@type\":\"ListItem\",\"position\":2,\"name\":\"Obchod\",\"item\":\"https:\/\/etako.sk\/eshop\/shop\/\"},{\"@type\":\"ListItem\",\"position\":3,\"name\":\"Natural City Detox &#8211; Beauty Routine Set\"}]},{\"@type\":\"WebSite\",\"@id\":\"https:\/\/etako.sk\/eshop\/#website\",\"url\":\"https:\/\/etako.sk\/eshop\/\",\"name\":\"ETAKO e-shop\",\"description\":\"Etako\",\"potentialAction\":[{\"@type\":\"SearchAction\",\"target\":{\"@type\":\"EntryPoint\",\"urlTemplate\":\"https:\/\/etako.sk\/eshop\/?s={search_term_string}\"},\"query-input\":{\"@type\":\"PropertyValueSpecification\",\"valueRequired\":true,\"valueName\":\"search_term_string\"}}],\"inLanguage\":\"sk-SK\"}]}<\/script>\n<!-- \/ Yoast SEO plugin. -->","yoast_head_json":{"title":"Natural City Detox - Beauty Routine Set - ETAKO e-shop","robots":{"index":"index","follow":"follow","max-snippet":"max-snippet:-1","max-image-preview":"max-image-preview:large","max-video-preview":"max-video-preview:-1"},"canonical":"https:\/\/etako.sk\/eshop\/produkt\/natural-city-detox-beauty-routine-set\/","twitter_card":"summary_large_image","twitter_title":"Natural City Detox - Beauty Routine Set - ETAKO e-shop","twitter_description":"Doprajte si sebe alebo svojim bl\u00edzkym tento \u0161peci\u00e1lny bal\u00ed\u010dek a vychutnajte si rozmazn\u00e1vaj\u00facu starostlivos\u0165 s hroznov\u00fdm extraktom! &nbsp; \u00da\u010dinn\u00e9 l\u00e1tky:","twitter_image":"https:\/\/i0.wp.com\/etako.sk\/eshop\/wp-content\/uploads\/2025\/08\/Solanie-Natural-City-Detox_Beauty-Routine-Set.jpg?fit=630%2C630&ssl=1","twitter_misc":{"Predpokladan\u00fd \u010das \u010d\u00edtania":"2 min\u00faty"},"schema":{"@context":"https:\/\/schema.org","@graph":[{"@type":"WebPage","@id":"https:\/\/etako.sk\/eshop\/produkt\/natural-city-detox-beauty-routine-set\/","url":"https:\/\/etako.sk\/eshop\/produkt\/natural-city-detox-beauty-routine-set\/","name":"Natural City Detox - Beauty Routine Set - ETAKO e-shop","isPartOf":{"@id":"https:\/\/etako.sk\/eshop\/#website"},"primaryImageOfPage":{"@id":"https:\/\/etako.sk\/eshop\/produkt\/natural-city-detox-beauty-routine-set\/#primaryimage"},"image":{"@id":"https:\/\/etako.sk\/eshop\/produkt\/natural-city-detox-beauty-routine-set\/#primaryimage"},"thumbnailUrl":"https:\/\/i0.wp.com\/etako.sk\/eshop\/wp-content\/uploads\/2025\/08\/Solanie-Natural-City-Detox_Beauty-Routine-Set.jpg?fit=630%2C630&ssl=1","datePublished":"2025-08-27T18:19:44+00:00","breadcrumb":{"@id":"https:\/\/etako.sk\/eshop\/produkt\/natural-city-detox-beauty-routine-set\/#breadcrumb"},"inLanguage":"sk-SK","potentialAction":[{"@type":"ReadAction","target":["https:\/\/etako.sk\/eshop\/produkt\/natural-city-detox-beauty-routine-set\/"]}]},{"@type":"ImageObject","inLanguage":"sk-SK","@id":"https:\/\/etako.sk\/eshop\/produkt\/natural-city-detox-beauty-routine-set\/#primaryimage","url":"https:\/\/i0.wp.com\/etako.sk\/eshop\/wp-content\/uploads\/2025\/08\/Solanie-Natural-City-Detox_Beauty-Routine-Set.jpg?fit=630%2C630&ssl=1","contentUrl":"https:\/\/i0.wp.com\/etako.sk\/eshop\/wp-content\/uploads\/2025\/08\/Solanie-Natural-City-Detox_Beauty-Routine-Set.jpg?fit=630%2C630&ssl=1","width":630,"height":630},{"@type":"BreadcrumbList","@id":"https:\/\/etako.sk\/eshop\/produkt\/natural-city-detox-beauty-routine-set\/#breadcrumb","itemListElement":[{"@type":"ListItem","position":1,"name":"Domovsk\u00e1 str\u00e1nka","item":"https:\/\/etako.sk\/eshop\/"},{"@type":"ListItem","position":2,"name":"Obchod","item":"https:\/\/etako.sk\/eshop\/shop\/"},{"@type":"ListItem","position":3,"name":"Natural City Detox &#8211; Beauty Routine Set"}]},{"@type":"WebSite","@id":"https:\/\/etako.sk\/eshop\/#website","url":"https:\/\/etako.sk\/eshop\/","name":"ETAKO e-shop","description":"Etako","potentialAction":[{"@type":"SearchAction","target":{"@type":"EntryPoint","urlTemplate":"https:\/\/etako.sk\/eshop\/?s={search_term_string}"},"query-input":{"@type":"PropertyValueSpecification","valueRequired":true,"valueName":"search_term_string"}}],"inLanguage":"sk-SK"}]}},"jetpack_sharing_enabled":true,"_links":{"self":[{"href":"https:\/\/etako.sk\/eshop\/wp-json\/wp\/v2\/product\/48780","targetHints":{"allow":["GET"]}}],"collection":[{"href":"https:\/\/etako.sk\/eshop\/wp-json\/wp\/v2\/product"}],"about":[{"href":"https:\/\/etako.sk\/eshop\/wp-json\/wp\/v2\/types\/product"}],"replies":[{"embeddable":true,"href":"https:\/\/etako.sk\/eshop\/wp-json\/wp\/v2\/comments?post=48780"}],"version-history":[{"count":1,"href":"https:\/\/etako.sk\/eshop\/wp-json\/wp\/v2\/product\/48780\/revisions"}],"predecessor-version":[{"id":48782,"href":"https:\/\/etako.sk\/eshop\/wp-json\/wp\/v2\/product\/48780\/revisions\/48782"}],"wp:featuredmedia":[{"embeddable":true,"href":"https:\/\/etako.sk\/eshop\/wp-json\/wp\/v2\/media\/48781"}],"wp:attachment":[{"href":"https:\/\/etako.sk\/eshop\/wp-json\/wp\/v2\/media?parent=48780"}],"wp:term":[{"taxonomy":"product_brand","embeddable":true,"href":"https:\/\/etako.sk\/eshop\/wp-json\/wp\/v2\/product_brand?post=48780"},{"taxonomy":"product_cat","embeddable":true,"href":"https:\/\/etako.sk\/eshop\/wp-json\/wp\/v2\/product_cat?post=48780"},{"taxonomy":"product_tag","embeddable":true,"href":"https:\/\/etako.sk\/eshop\/wp-json\/wp\/v2\/product_tag?post=48780"}],"curies":[{"name":"wp","href":"https:\/\/api.w.org\/{rel}","templated":true}]}}