{"id":48777,"date":"2025-08-27T20:15:55","date_gmt":"2025-08-27T18:15:55","guid":{"rendered":"https:\/\/etako.sk\/eshop\/?post_type=product&#038;p=48777"},"modified":"2025-08-27T20:15:55","modified_gmt":"2025-08-27T18:15:55","slug":"firming-regenerating-beauty-routine-set","status":"publish","type":"product","link":"https:\/\/etako.sk\/eshop\/produkt\/firming-regenerating-beauty-routine-set\/","title":{"rendered":"Firming &#038; Regenerating &#8211; Beauty Routine Set"},"content":{"rendered":"<p>Doprajte si sebe alebo svojim bl\u00edzkym tento \u0161peci\u00e1lny bal\u00ed\u010dek, ktor\u00fd kombinuje starostlivos\u0165 s unik\u00e1tnymi \u00fa\u010dinkami arganov\u00fdch rastlinn\u00fdch kme\u0148ov\u00fdch buniek, a u\u017eite si pocit luxusn\u00e9ho rozmazn\u00e1vania!<\/p>\n<p>&nbsp;<\/p>\n<p>PhytoCellTec\u2122 je jedine\u010dn\u00fd rad produktov s obsahom extraktu z arganov\u00fdch rastlinn\u00fdch kme\u0148ov\u00fdch buniek, ktor\u00e9 stimuluj\u00fa regener\u00e1ciu spojivov\u00e9ho tkaniva, zvy\u0161uj\u00fa pru\u017enos\u0165\u00a0a pevnos\u0165 poko\u017eky a redukuj\u00fa h\u013abku vr\u00e1sok.<\/p>\n<p>&nbsp;<\/p>\n<p>&nbsp;<\/p>\n<p>\u00da\u010dinn\u00e9 l\u00e1tky:<\/p>\n<p>&nbsp;<\/p>\n<p>Vitam\u00edn A, Alanto\u00edn, Extrakt z aloe vera, Extrakt z kme\u0148ov\u00fdch buniek arganov\u00fdch rastl\u00edn, Avok\u00e1dov\u00fd olej, \u00c1zijsk\u00e1 centella (Centella asiatica), Vitam\u00edn E, Elast\u00edn, Vitam\u00edn F, Frukt\u00f3za, Glyc\u00edn, Illipe maslo, Lanol\u00edn, Olej z makadamov\u00fdch orechov, V\u010del\u00ed vosk, Pantenol (vitam\u00edn B5), PCA sodn\u00e1 (zlo\u017eka NMF), PENTAVITIN\u00ae (ochrann\u00e1 zn\u00e1mka DSM), Ric\u00ednov\u00fd olej, Skval\u00e9n, S\u00f3jov\u00fd prote\u00edn, Oxid titani\u010dit\u00fd, Urea<\/p>\n<p class=\"pb-2\">Odpor\u00fa\u010dan\u00fd typ pleti:<\/p>\n<ul class=\"marker:text-green list-outside list-disc text-deeplyneutral-800 dark:text-deeplyneutral-50\">\n<li>Starn\u00faca ple\u0165<\/li>\n<li>Such\u00e1 ple\u0165<\/li>\n<li>Citliv\u00e1 ple\u0165<\/li>\n<li>Kombinovan\u00e1 ple\u0165<\/li>\n<\/ul>\n<p>&nbsp;<\/p>\n<p>Pre\u010do si vybra\u0165 Argan\u00a0Set?<\/p>\n<p>Funkcie a benefity produktov<\/p>\n<p>&nbsp;<\/p>\n<p class=\"pb-2\">Funkcie:<\/p>\n<ul class=\"marker:text-green list-outside list-disc text-deeplyneutral-800 dark:text-deeplyneutral-50\">\n<li>Starostlivos\u0165 o ple\u0165<\/li>\n<li>Omladenie pleti<\/li>\n<li>Spevnenie poko\u017eky<\/li>\n<li>Zadr\u017eiavanie vlhkosti<\/li>\n<li>Proti starnutiu<\/li>\n<li>Odstr\u00e1nenie vr\u00e1sok<\/li>\n<li>Regener\u00e1cia poko\u017eky<\/li>\n<li>V\u00fd\u017eiva pleti<\/li>\n<\/ul>\n<p class=\"pb-2\">\n<p class=\"pb-2\">Maxim\u00e1lne \u0161etrn\u00e9 zlo\u017eenie:<\/p>\n<ul class=\"marker:text-green list-outside list-disc text-deeplyneutral-800 dark:text-deeplyneutral-50\">\n<li>0 % miner\u00e1lneho oleja<\/li>\n<li>0 % parab\u00e9nov<\/li>\n<li>0 % farb\u00edv<\/li>\n<li>0 % alerg\u00e9nnych v\u00f4n\u00ed<\/li>\n<\/ul>\n<ul class=\"marker:text-green list-outside list-disc text-deeplyneutral-800 dark:text-deeplyneutral-50\">\n<li>Netestovan\u00fd na zvierat\u00e1ch<\/li>\n<\/ul>\n<p><strong>Obsah balenia:<\/strong><\/p>\n<p>Charakteristiky produktov:<br \/>\n1.\u00a0<strong>Solanie Argan Plant Stem Cell Contour O\u010dn\u00e9 s\u00e9rum<\/strong>\u00a0<strong>na vr\u00e1sky 30 ml<\/strong>: \u013dahk\u00e9 hydrata\u010dn\u00e9 a spev\u0148uj\u00face s\u00e9rum na o\u010dn\u00e9 okolie.<br \/>\n2.\u00a0Solanie Argan Plant Stem Cell Renew\u00a0S\u00e9rum 30 ml:\u00a0Spev\u0148uj\u00face s\u00e9rum proti starnutiu s obsahom arganov\u00fdch rastlinn\u00fdch kme\u0148ov\u00fdch buniek.<\/p>\n<p>3.\u00a0Solanie Argan Plant Stem Cell Protect\u00a0Denn\u00fd kr\u00e9m 50 ml:\u00a0\u013dahk\u00fd denn\u00fd kr\u00e9m s hydrata\u010dn\u00fdmi vlastnos\u0165ami, ktor\u00fd chr\u00e1ni poko\u017eku pred starnut\u00edm sp\u00f4soben\u00fdm UV \u017eiaren\u00edm v\u010faka fyzik\u00e1lnemu opa\u013eovaciemu filtru.<\/p>\n<p><strong>Pre koho je tento bal\u00ed\u010dek ur\u010den\u00fd?<\/strong><br \/>\nTento\u00a0set\u00a0je ide\u00e1lny\u00a0na vytvorenie rutiny starostlivosti o ple\u0165, ktor\u00e1 pom\u00e1ha zachova\u0165 a obnovi\u0165 mladistv\u00fd vzh\u013ead a pevnos\u0165 poko\u017eky.<\/p>\n<p><strong>Pou\u017eitie:<\/strong><br \/>\nR\u00e1no a ve\u010der za\u010dnite starostlivos\u0165 o ple\u0165 d\u00f4kladn\u00fdm vy\u010disten\u00edm. N\u00e1sledne naneste\u00a01 kvapku\u00a0Contour Eye Wrinkle Serum na oblas\u0165 o\u010d\u00ed. N\u00e1sledne aplikujte 2-3 kvapky Renew Serum na tv\u00e1r, krk a dekolt. Va\u0161u rann\u00fa rutinu zakon\u010dite pou\u017eit\u00edm Protect Denn\u00e9ho Kr\u00e9mu, ktor\u00fd poskytne poko\u017eke ochranu a v\u00fd\u017eivu po\u010das d\u0148a.<\/p>\n<p>&nbsp;<\/p>\n<p>&nbsp;<\/p>\n","protected":false},"excerpt":{"rendered":"<p>Doprajte si sebe alebo svojim bl\u00edzkym tento \u0161peci\u00e1lny bal\u00ed\u010dek, ktor\u00fd kombinuje starostlivos\u0165 s unik\u00e1tnymi \u00fa\u010dinkami arganov\u00fdch rastlinn\u00fdch kme\u0148ov\u00fdch buniek, a<\/p>\n","protected":false},"featured_media":48778,"comment_status":"closed","ping_status":"closed","template":"","meta":{"jetpack_publicize_message":"","jetpack_publicize_feature_enabled":true,"jetpack_social_post_already_shared":true,"jetpack_social_options":{"image_generator_settings":{"template":"highway","enabled":false},"version":2}},"product_brand":[],"product_cat":[1876,1864],"product_tag":[],"class_list":{"0":"post-48777","1":"product","2":"type-product","3":"status-publish","4":"has-post-thumbnail","6":"product_cat-beauty-box-kozmeticke-balicky","7":"product_cat-dekorativna-kozmetika","8":"product_shipping_class-standard","10":"","11":"instock","12":"taxable","13":"shipping-taxable","14":"purchasable","15":"product-type-simple"},"jetpack_publicize_connections":[],"yoast_head":"<!-- This site is optimized with the Yoast SEO plugin v25.6 - https:\/\/yoast.com\/wordpress\/plugins\/seo\/ -->\n<title>Firming &amp; Regenerating - Beauty Routine Set - ETAKO e-shop<\/title>\n<meta name=\"robots\" content=\"index, follow, max-snippet:-1, max-image-preview:large, max-video-preview:-1\" \/>\n<link rel=\"canonical\" href=\"https:\/\/etako.sk\/eshop\/produkt\/firming-regenerating-beauty-routine-set\/\" \/>\n<meta name=\"twitter:card\" content=\"summary_large_image\" \/>\n<meta name=\"twitter:title\" content=\"Firming &amp; Regenerating - Beauty Routine Set - ETAKO e-shop\" \/>\n<meta name=\"twitter:description\" content=\"Doprajte si sebe alebo svojim bl\u00edzkym tento \u0161peci\u00e1lny bal\u00ed\u010dek, ktor\u00fd kombinuje starostlivos\u0165 s unik\u00e1tnymi \u00fa\u010dinkami arganov\u00fdch rastlinn\u00fdch kme\u0148ov\u00fdch buniek, a\" \/>\n<meta name=\"twitter:image\" content=\"https:\/\/i0.wp.com\/etako.sk\/eshop\/wp-content\/uploads\/2025\/08\/Solanie_Firming_Regenerating_Beauty_Routine_Set.jpg?fit=630%2C630&ssl=1\" \/>\n<meta name=\"twitter:label1\" content=\"Predpokladan\u00fd \u010das \u010d\u00edtania\" \/>\n\t<meta name=\"twitter:data1\" content=\"2 min\u00faty\" \/>\n<script type=\"application\/ld+json\" class=\"yoast-schema-graph\">{\"@context\":\"https:\/\/schema.org\",\"@graph\":[{\"@type\":\"WebPage\",\"@id\":\"https:\/\/etako.sk\/eshop\/produkt\/firming-regenerating-beauty-routine-set\/\",\"url\":\"https:\/\/etako.sk\/eshop\/produkt\/firming-regenerating-beauty-routine-set\/\",\"name\":\"Firming & Regenerating - Beauty Routine Set - ETAKO e-shop\",\"isPartOf\":{\"@id\":\"https:\/\/etako.sk\/eshop\/#website\"},\"primaryImageOfPage\":{\"@id\":\"https:\/\/etako.sk\/eshop\/produkt\/firming-regenerating-beauty-routine-set\/#primaryimage\"},\"image\":{\"@id\":\"https:\/\/etako.sk\/eshop\/produkt\/firming-regenerating-beauty-routine-set\/#primaryimage\"},\"thumbnailUrl\":\"https:\/\/i0.wp.com\/etako.sk\/eshop\/wp-content\/uploads\/2025\/08\/Solanie_Firming_Regenerating_Beauty_Routine_Set.jpg?fit=630%2C630&ssl=1\",\"datePublished\":\"2025-08-27T18:15:55+00:00\",\"breadcrumb\":{\"@id\":\"https:\/\/etako.sk\/eshop\/produkt\/firming-regenerating-beauty-routine-set\/#breadcrumb\"},\"inLanguage\":\"sk-SK\",\"potentialAction\":[{\"@type\":\"ReadAction\",\"target\":[\"https:\/\/etako.sk\/eshop\/produkt\/firming-regenerating-beauty-routine-set\/\"]}]},{\"@type\":\"ImageObject\",\"inLanguage\":\"sk-SK\",\"@id\":\"https:\/\/etako.sk\/eshop\/produkt\/firming-regenerating-beauty-routine-set\/#primaryimage\",\"url\":\"https:\/\/i0.wp.com\/etako.sk\/eshop\/wp-content\/uploads\/2025\/08\/Solanie_Firming_Regenerating_Beauty_Routine_Set.jpg?fit=630%2C630&ssl=1\",\"contentUrl\":\"https:\/\/i0.wp.com\/etako.sk\/eshop\/wp-content\/uploads\/2025\/08\/Solanie_Firming_Regenerating_Beauty_Routine_Set.jpg?fit=630%2C630&ssl=1\",\"width\":630,\"height\":630},{\"@type\":\"BreadcrumbList\",\"@id\":\"https:\/\/etako.sk\/eshop\/produkt\/firming-regenerating-beauty-routine-set\/#breadcrumb\",\"itemListElement\":[{\"@type\":\"ListItem\",\"position\":1,\"name\":\"Domovsk\u00e1 str\u00e1nka\",\"item\":\"https:\/\/etako.sk\/eshop\/\"},{\"@type\":\"ListItem\",\"position\":2,\"name\":\"Obchod\",\"item\":\"https:\/\/etako.sk\/eshop\/shop\/\"},{\"@type\":\"ListItem\",\"position\":3,\"name\":\"Firming &#038; Regenerating &#8211; Beauty Routine Set\"}]},{\"@type\":\"WebSite\",\"@id\":\"https:\/\/etako.sk\/eshop\/#website\",\"url\":\"https:\/\/etako.sk\/eshop\/\",\"name\":\"ETAKO e-shop\",\"description\":\"Etako\",\"potentialAction\":[{\"@type\":\"SearchAction\",\"target\":{\"@type\":\"EntryPoint\",\"urlTemplate\":\"https:\/\/etako.sk\/eshop\/?s={search_term_string}\"},\"query-input\":{\"@type\":\"PropertyValueSpecification\",\"valueRequired\":true,\"valueName\":\"search_term_string\"}}],\"inLanguage\":\"sk-SK\"}]}<\/script>\n<!-- \/ Yoast SEO plugin. -->","yoast_head_json":{"title":"Firming & Regenerating - Beauty Routine Set - ETAKO e-shop","robots":{"index":"index","follow":"follow","max-snippet":"max-snippet:-1","max-image-preview":"max-image-preview:large","max-video-preview":"max-video-preview:-1"},"canonical":"https:\/\/etako.sk\/eshop\/produkt\/firming-regenerating-beauty-routine-set\/","twitter_card":"summary_large_image","twitter_title":"Firming & Regenerating - Beauty Routine Set - ETAKO e-shop","twitter_description":"Doprajte si sebe alebo svojim bl\u00edzkym tento \u0161peci\u00e1lny bal\u00ed\u010dek, ktor\u00fd kombinuje starostlivos\u0165 s unik\u00e1tnymi \u00fa\u010dinkami arganov\u00fdch rastlinn\u00fdch kme\u0148ov\u00fdch buniek, a","twitter_image":"https:\/\/i0.wp.com\/etako.sk\/eshop\/wp-content\/uploads\/2025\/08\/Solanie_Firming_Regenerating_Beauty_Routine_Set.jpg?fit=630%2C630&ssl=1","twitter_misc":{"Predpokladan\u00fd \u010das \u010d\u00edtania":"2 min\u00faty"},"schema":{"@context":"https:\/\/schema.org","@graph":[{"@type":"WebPage","@id":"https:\/\/etako.sk\/eshop\/produkt\/firming-regenerating-beauty-routine-set\/","url":"https:\/\/etako.sk\/eshop\/produkt\/firming-regenerating-beauty-routine-set\/","name":"Firming & Regenerating - Beauty Routine Set - ETAKO e-shop","isPartOf":{"@id":"https:\/\/etako.sk\/eshop\/#website"},"primaryImageOfPage":{"@id":"https:\/\/etako.sk\/eshop\/produkt\/firming-regenerating-beauty-routine-set\/#primaryimage"},"image":{"@id":"https:\/\/etako.sk\/eshop\/produkt\/firming-regenerating-beauty-routine-set\/#primaryimage"},"thumbnailUrl":"https:\/\/i0.wp.com\/etako.sk\/eshop\/wp-content\/uploads\/2025\/08\/Solanie_Firming_Regenerating_Beauty_Routine_Set.jpg?fit=630%2C630&ssl=1","datePublished":"2025-08-27T18:15:55+00:00","breadcrumb":{"@id":"https:\/\/etako.sk\/eshop\/produkt\/firming-regenerating-beauty-routine-set\/#breadcrumb"},"inLanguage":"sk-SK","potentialAction":[{"@type":"ReadAction","target":["https:\/\/etako.sk\/eshop\/produkt\/firming-regenerating-beauty-routine-set\/"]}]},{"@type":"ImageObject","inLanguage":"sk-SK","@id":"https:\/\/etako.sk\/eshop\/produkt\/firming-regenerating-beauty-routine-set\/#primaryimage","url":"https:\/\/i0.wp.com\/etako.sk\/eshop\/wp-content\/uploads\/2025\/08\/Solanie_Firming_Regenerating_Beauty_Routine_Set.jpg?fit=630%2C630&ssl=1","contentUrl":"https:\/\/i0.wp.com\/etako.sk\/eshop\/wp-content\/uploads\/2025\/08\/Solanie_Firming_Regenerating_Beauty_Routine_Set.jpg?fit=630%2C630&ssl=1","width":630,"height":630},{"@type":"BreadcrumbList","@id":"https:\/\/etako.sk\/eshop\/produkt\/firming-regenerating-beauty-routine-set\/#breadcrumb","itemListElement":[{"@type":"ListItem","position":1,"name":"Domovsk\u00e1 str\u00e1nka","item":"https:\/\/etako.sk\/eshop\/"},{"@type":"ListItem","position":2,"name":"Obchod","item":"https:\/\/etako.sk\/eshop\/shop\/"},{"@type":"ListItem","position":3,"name":"Firming &#038; Regenerating &#8211; Beauty Routine Set"}]},{"@type":"WebSite","@id":"https:\/\/etako.sk\/eshop\/#website","url":"https:\/\/etako.sk\/eshop\/","name":"ETAKO e-shop","description":"Etako","potentialAction":[{"@type":"SearchAction","target":{"@type":"EntryPoint","urlTemplate":"https:\/\/etako.sk\/eshop\/?s={search_term_string}"},"query-input":{"@type":"PropertyValueSpecification","valueRequired":true,"valueName":"search_term_string"}}],"inLanguage":"sk-SK"}]}},"jetpack_sharing_enabled":true,"_links":{"self":[{"href":"https:\/\/etako.sk\/eshop\/wp-json\/wp\/v2\/product\/48777","targetHints":{"allow":["GET"]}}],"collection":[{"href":"https:\/\/etako.sk\/eshop\/wp-json\/wp\/v2\/product"}],"about":[{"href":"https:\/\/etako.sk\/eshop\/wp-json\/wp\/v2\/types\/product"}],"replies":[{"embeddable":true,"href":"https:\/\/etako.sk\/eshop\/wp-json\/wp\/v2\/comments?post=48777"}],"version-history":[{"count":1,"href":"https:\/\/etako.sk\/eshop\/wp-json\/wp\/v2\/product\/48777\/revisions"}],"predecessor-version":[{"id":48779,"href":"https:\/\/etako.sk\/eshop\/wp-json\/wp\/v2\/product\/48777\/revisions\/48779"}],"wp:featuredmedia":[{"embeddable":true,"href":"https:\/\/etako.sk\/eshop\/wp-json\/wp\/v2\/media\/48778"}],"wp:attachment":[{"href":"https:\/\/etako.sk\/eshop\/wp-json\/wp\/v2\/media?parent=48777"}],"wp:term":[{"taxonomy":"product_brand","embeddable":true,"href":"https:\/\/etako.sk\/eshop\/wp-json\/wp\/v2\/product_brand?post=48777"},{"taxonomy":"product_cat","embeddable":true,"href":"https:\/\/etako.sk\/eshop\/wp-json\/wp\/v2\/product_cat?post=48777"},{"taxonomy":"product_tag","embeddable":true,"href":"https:\/\/etako.sk\/eshop\/wp-json\/wp\/v2\/product_tag?post=48777"}],"curies":[{"name":"wp","href":"https:\/\/api.w.org\/{rel}","templated":true}]}}