{"id":48765,"date":"2025-08-27T19:53:42","date_gmt":"2025-08-27T17:53:42","guid":{"rendered":"https:\/\/etako.sk\/eshop\/?post_type=product&#038;p=48765"},"modified":"2025-08-27T19:53:42","modified_gmt":"2025-08-27T17:53:42","slug":"vita-white-bieliaci-nocny-krem-50-ml","status":"publish","type":"product","link":"https:\/\/etako.sk\/eshop\/produkt\/vita-white-bieliaci-nocny-krem-50-ml\/","title":{"rendered":"Vita White Bieliaci no\u010dn\u00fd kr\u00e9m 50 ml"},"content":{"rendered":"<p>Kr\u00e9m m\u00e1 \u013eahk\u00fa text\u00faru a zabezpe\u010duje svetlej\u0161\u00ed, rovnomernej\u0161\u00ed t\u00f3n pleti.<br \/>\nZlo\u017eenie p\u00f4sob\u00ed priamo na tvorbu melan\u00ednu, zni\u017euje stupe\u0148 hyperpigment\u00e1cie v d\u00f4sledku po\u0161kodenia ko\u017ee zo z\u00e1palu a tvorbu pigmentov\u00fdch \u0161kv\u0155n a starnutiu poko\u017eky v d\u00f4sledku slne\u010dn\u00e9ho \u017eiarenia.<br \/>\nPo\u010das aplik\u00e1cie s\u00e9ra po dobu 4 t\u00fd\u017ed\u0148och 2x denne sa pigmentov\u00e9 f\u013eaky zosvetlia a farebn\u00e9 rozdiely poko\u017eky sa zjednotia.<br \/>\nPri pravidelnom pou\u017e\u00edvan\u00ed, spr\u00e1vnej starostlivosti a ochrane pleti pred nadmern\u00fdm slne\u010dn\u00fdm \u017eiaren\u00edm sa poko\u017eka st\u00e1va mladou a zdravou.<\/p>\n<p>\u00da\u010dinn\u00e9 l\u00e1tky:\u00a0fenil-etil-rezorcin, bisabolol, E-vitam\u00edn<\/p>\n<p>0% Parab\u00e9n<br \/>\n0% Miner\u00e1lny olej<br \/>\n0 % Silik\u00f3nov\u00fd olej<\/p>\n<p>Ingredients\/Zlo\u017eenie:\u00a0Aqua, Glyceryl Stearate, PEG-100 Stearate, Pentylene Glycol, Cetearyl Ethylhexanoate, Caprylic\/Capric Triglyceride, Phenoxyethanol, Cetyl Alcohol, Phenylethyl Resorcinol, PEG-40 Hydrogenated Castor Oil, Acrylates\/C10-30 Alkyl Acrylate Crosspolymer, Xanthan Gum, Bisabolol, Tocopherol, Disodium EDTA, Ethylhexylglycerin, Sodium Hydroxide.<\/p>\n","protected":false},"excerpt":{"rendered":"<p>Kr\u00e9m m\u00e1 \u013eahk\u00fa text\u00faru a zabezpe\u010duje svetlej\u0161\u00ed, rovnomernej\u0161\u00ed t\u00f3n pleti. Zlo\u017eenie p\u00f4sob\u00ed priamo na tvorbu melan\u00ednu, zni\u017euje stupe\u0148 hyperpigment\u00e1cie v<\/p>\n","protected":false},"featured_media":48766,"comment_status":"closed","ping_status":"closed","template":"","meta":{"jetpack_publicize_message":"","jetpack_publicize_feature_enabled":true,"jetpack_social_post_already_shared":true,"jetpack_social_options":{"image_generator_settings":{"template":"highway","enabled":false},"version":2}},"product_brand":[],"product_cat":[1864,1866],"product_tag":[],"class_list":{"0":"post-48765","1":"product","2":"type-product","3":"status-publish","4":"has-post-thumbnail","6":"product_cat-dekorativna-kozmetika","7":"product_cat-nocny-krem","9":"","10":"instock","11":"taxable","12":"shipping-taxable","13":"purchasable","14":"product-type-simple"},"jetpack_publicize_connections":[],"yoast_head":"<!-- This site is optimized with the Yoast SEO plugin v25.6 - https:\/\/yoast.com\/wordpress\/plugins\/seo\/ -->\n<title>Vita White Bieliaci no\u010dn\u00fd kr\u00e9m 50 ml - ETAKO e-shop<\/title>\n<meta name=\"robots\" content=\"index, follow, max-snippet:-1, max-image-preview:large, max-video-preview:-1\" \/>\n<link rel=\"canonical\" href=\"https:\/\/etako.sk\/eshop\/produkt\/vita-white-bieliaci-nocny-krem-50-ml\/\" \/>\n<meta name=\"twitter:card\" content=\"summary_large_image\" \/>\n<meta name=\"twitter:title\" content=\"Vita White Bieliaci no\u010dn\u00fd kr\u00e9m 50 ml - ETAKO e-shop\" \/>\n<meta name=\"twitter:description\" content=\"Kr\u00e9m m\u00e1 \u013eahk\u00fa text\u00faru a zabezpe\u010duje svetlej\u0161\u00ed, rovnomernej\u0161\u00ed t\u00f3n pleti. Zlo\u017eenie p\u00f4sob\u00ed priamo na tvorbu melan\u00ednu, zni\u017euje stupe\u0148 hyperpigment\u00e1cie v\" \/>\n<meta name=\"twitter:image\" content=\"https:\/\/i0.wp.com\/etako.sk\/eshop\/wp-content\/uploads\/2025\/08\/SO11903_2023_1000x1000px.jpg?fit=630%2C630&ssl=1\" \/>\n<meta name=\"twitter:label1\" content=\"Predpokladan\u00fd \u010das \u010d\u00edtania\" \/>\n\t<meta name=\"twitter:data1\" content=\"1 min\u00fata\" \/>\n<script type=\"application\/ld+json\" class=\"yoast-schema-graph\">{\"@context\":\"https:\/\/schema.org\",\"@graph\":[{\"@type\":\"WebPage\",\"@id\":\"https:\/\/etako.sk\/eshop\/produkt\/vita-white-bieliaci-nocny-krem-50-ml\/\",\"url\":\"https:\/\/etako.sk\/eshop\/produkt\/vita-white-bieliaci-nocny-krem-50-ml\/\",\"name\":\"Vita White Bieliaci no\u010dn\u00fd kr\u00e9m 50 ml - ETAKO e-shop\",\"isPartOf\":{\"@id\":\"https:\/\/etako.sk\/eshop\/#website\"},\"primaryImageOfPage\":{\"@id\":\"https:\/\/etako.sk\/eshop\/produkt\/vita-white-bieliaci-nocny-krem-50-ml\/#primaryimage\"},\"image\":{\"@id\":\"https:\/\/etako.sk\/eshop\/produkt\/vita-white-bieliaci-nocny-krem-50-ml\/#primaryimage\"},\"thumbnailUrl\":\"https:\/\/i0.wp.com\/etako.sk\/eshop\/wp-content\/uploads\/2025\/08\/SO11903_2023_1000x1000px.jpg?fit=630%2C630&ssl=1\",\"datePublished\":\"2025-08-27T17:53:42+00:00\",\"breadcrumb\":{\"@id\":\"https:\/\/etako.sk\/eshop\/produkt\/vita-white-bieliaci-nocny-krem-50-ml\/#breadcrumb\"},\"inLanguage\":\"sk-SK\",\"potentialAction\":[{\"@type\":\"ReadAction\",\"target\":[\"https:\/\/etako.sk\/eshop\/produkt\/vita-white-bieliaci-nocny-krem-50-ml\/\"]}]},{\"@type\":\"ImageObject\",\"inLanguage\":\"sk-SK\",\"@id\":\"https:\/\/etako.sk\/eshop\/produkt\/vita-white-bieliaci-nocny-krem-50-ml\/#primaryimage\",\"url\":\"https:\/\/i0.wp.com\/etako.sk\/eshop\/wp-content\/uploads\/2025\/08\/SO11903_2023_1000x1000px.jpg?fit=630%2C630&ssl=1\",\"contentUrl\":\"https:\/\/i0.wp.com\/etako.sk\/eshop\/wp-content\/uploads\/2025\/08\/SO11903_2023_1000x1000px.jpg?fit=630%2C630&ssl=1\",\"width\":630,\"height\":630},{\"@type\":\"BreadcrumbList\",\"@id\":\"https:\/\/etako.sk\/eshop\/produkt\/vita-white-bieliaci-nocny-krem-50-ml\/#breadcrumb\",\"itemListElement\":[{\"@type\":\"ListItem\",\"position\":1,\"name\":\"Domovsk\u00e1 str\u00e1nka\",\"item\":\"https:\/\/etako.sk\/eshop\/\"},{\"@type\":\"ListItem\",\"position\":2,\"name\":\"Obchod\",\"item\":\"https:\/\/etako.sk\/eshop\/shop\/\"},{\"@type\":\"ListItem\",\"position\":3,\"name\":\"Vita White Bieliaci no\u010dn\u00fd kr\u00e9m 50 ml\"}]},{\"@type\":\"WebSite\",\"@id\":\"https:\/\/etako.sk\/eshop\/#website\",\"url\":\"https:\/\/etako.sk\/eshop\/\",\"name\":\"ETAKO e-shop\",\"description\":\"Etako\",\"potentialAction\":[{\"@type\":\"SearchAction\",\"target\":{\"@type\":\"EntryPoint\",\"urlTemplate\":\"https:\/\/etako.sk\/eshop\/?s={search_term_string}\"},\"query-input\":{\"@type\":\"PropertyValueSpecification\",\"valueRequired\":true,\"valueName\":\"search_term_string\"}}],\"inLanguage\":\"sk-SK\"}]}<\/script>\n<!-- \/ Yoast SEO plugin. -->","yoast_head_json":{"title":"Vita White Bieliaci no\u010dn\u00fd kr\u00e9m 50 ml - ETAKO e-shop","robots":{"index":"index","follow":"follow","max-snippet":"max-snippet:-1","max-image-preview":"max-image-preview:large","max-video-preview":"max-video-preview:-1"},"canonical":"https:\/\/etako.sk\/eshop\/produkt\/vita-white-bieliaci-nocny-krem-50-ml\/","twitter_card":"summary_large_image","twitter_title":"Vita White Bieliaci no\u010dn\u00fd kr\u00e9m 50 ml - ETAKO e-shop","twitter_description":"Kr\u00e9m m\u00e1 \u013eahk\u00fa text\u00faru a zabezpe\u010duje svetlej\u0161\u00ed, rovnomernej\u0161\u00ed t\u00f3n pleti. Zlo\u017eenie p\u00f4sob\u00ed priamo na tvorbu melan\u00ednu, zni\u017euje stupe\u0148 hyperpigment\u00e1cie v","twitter_image":"https:\/\/i0.wp.com\/etako.sk\/eshop\/wp-content\/uploads\/2025\/08\/SO11903_2023_1000x1000px.jpg?fit=630%2C630&ssl=1","twitter_misc":{"Predpokladan\u00fd \u010das \u010d\u00edtania":"1 min\u00fata"},"schema":{"@context":"https:\/\/schema.org","@graph":[{"@type":"WebPage","@id":"https:\/\/etako.sk\/eshop\/produkt\/vita-white-bieliaci-nocny-krem-50-ml\/","url":"https:\/\/etako.sk\/eshop\/produkt\/vita-white-bieliaci-nocny-krem-50-ml\/","name":"Vita White Bieliaci no\u010dn\u00fd kr\u00e9m 50 ml - ETAKO e-shop","isPartOf":{"@id":"https:\/\/etako.sk\/eshop\/#website"},"primaryImageOfPage":{"@id":"https:\/\/etako.sk\/eshop\/produkt\/vita-white-bieliaci-nocny-krem-50-ml\/#primaryimage"},"image":{"@id":"https:\/\/etako.sk\/eshop\/produkt\/vita-white-bieliaci-nocny-krem-50-ml\/#primaryimage"},"thumbnailUrl":"https:\/\/i0.wp.com\/etako.sk\/eshop\/wp-content\/uploads\/2025\/08\/SO11903_2023_1000x1000px.jpg?fit=630%2C630&ssl=1","datePublished":"2025-08-27T17:53:42+00:00","breadcrumb":{"@id":"https:\/\/etako.sk\/eshop\/produkt\/vita-white-bieliaci-nocny-krem-50-ml\/#breadcrumb"},"inLanguage":"sk-SK","potentialAction":[{"@type":"ReadAction","target":["https:\/\/etako.sk\/eshop\/produkt\/vita-white-bieliaci-nocny-krem-50-ml\/"]}]},{"@type":"ImageObject","inLanguage":"sk-SK","@id":"https:\/\/etako.sk\/eshop\/produkt\/vita-white-bieliaci-nocny-krem-50-ml\/#primaryimage","url":"https:\/\/i0.wp.com\/etako.sk\/eshop\/wp-content\/uploads\/2025\/08\/SO11903_2023_1000x1000px.jpg?fit=630%2C630&ssl=1","contentUrl":"https:\/\/i0.wp.com\/etako.sk\/eshop\/wp-content\/uploads\/2025\/08\/SO11903_2023_1000x1000px.jpg?fit=630%2C630&ssl=1","width":630,"height":630},{"@type":"BreadcrumbList","@id":"https:\/\/etako.sk\/eshop\/produkt\/vita-white-bieliaci-nocny-krem-50-ml\/#breadcrumb","itemListElement":[{"@type":"ListItem","position":1,"name":"Domovsk\u00e1 str\u00e1nka","item":"https:\/\/etako.sk\/eshop\/"},{"@type":"ListItem","position":2,"name":"Obchod","item":"https:\/\/etako.sk\/eshop\/shop\/"},{"@type":"ListItem","position":3,"name":"Vita White Bieliaci no\u010dn\u00fd kr\u00e9m 50 ml"}]},{"@type":"WebSite","@id":"https:\/\/etako.sk\/eshop\/#website","url":"https:\/\/etako.sk\/eshop\/","name":"ETAKO e-shop","description":"Etako","potentialAction":[{"@type":"SearchAction","target":{"@type":"EntryPoint","urlTemplate":"https:\/\/etako.sk\/eshop\/?s={search_term_string}"},"query-input":{"@type":"PropertyValueSpecification","valueRequired":true,"valueName":"search_term_string"}}],"inLanguage":"sk-SK"}]}},"jetpack_sharing_enabled":true,"_links":{"self":[{"href":"https:\/\/etako.sk\/eshop\/wp-json\/wp\/v2\/product\/48765","targetHints":{"allow":["GET"]}}],"collection":[{"href":"https:\/\/etako.sk\/eshop\/wp-json\/wp\/v2\/product"}],"about":[{"href":"https:\/\/etako.sk\/eshop\/wp-json\/wp\/v2\/types\/product"}],"replies":[{"embeddable":true,"href":"https:\/\/etako.sk\/eshop\/wp-json\/wp\/v2\/comments?post=48765"}],"version-history":[{"count":1,"href":"https:\/\/etako.sk\/eshop\/wp-json\/wp\/v2\/product\/48765\/revisions"}],"predecessor-version":[{"id":48767,"href":"https:\/\/etako.sk\/eshop\/wp-json\/wp\/v2\/product\/48765\/revisions\/48767"}],"wp:featuredmedia":[{"embeddable":true,"href":"https:\/\/etako.sk\/eshop\/wp-json\/wp\/v2\/media\/48766"}],"wp:attachment":[{"href":"https:\/\/etako.sk\/eshop\/wp-json\/wp\/v2\/media?parent=48765"}],"wp:term":[{"taxonomy":"product_brand","embeddable":true,"href":"https:\/\/etako.sk\/eshop\/wp-json\/wp\/v2\/product_brand?post=48765"},{"taxonomy":"product_cat","embeddable":true,"href":"https:\/\/etako.sk\/eshop\/wp-json\/wp\/v2\/product_cat?post=48765"},{"taxonomy":"product_tag","embeddable":true,"href":"https:\/\/etako.sk\/eshop\/wp-json\/wp\/v2\/product_tag?post=48765"}],"curies":[{"name":"wp","href":"https:\/\/api.w.org\/{rel}","templated":true}]}}