{"id":48762,"date":"2025-08-27T19:51:35","date_gmt":"2025-08-27T17:51:35","guid":{"rendered":"https:\/\/etako.sk\/eshop\/?post_type=product&#038;p=48762"},"modified":"2025-08-27T19:51:35","modified_gmt":"2025-08-27T17:51:35","slug":"hyaluron-nocny-krem-to-complex-50-ml","status":"publish","type":"product","link":"https:\/\/etako.sk\/eshop\/produkt\/hyaluron-nocny-krem-to-complex-50-ml\/","title":{"rendered":"Hyaluron no\u010dn\u00fd kr\u00e9m TO Complex\u00ae 50 ml"},"content":{"rendered":"<p>Doprajte si skuto\u010dn\u00fd pocit uvo\u013enenia po n\u00e1ro\u010dnom dni a nechajte svoju ple\u0165 dokonale zregenerova\u0165 po\u010das noci s na\u0161\u00edm protivr\u00e1skov\u00fdm a hydrata\u010dn\u00fdm no\u010dn\u00fdm kr\u00e9mom s hroznovou kyselinou hyalur\u00f3novou.<\/p>\n<p>Tento luxusn\u00fd kr\u00e9m je nabit\u00fd pr\u00edrodn\u00fdmi akt\u00edvnymi l\u00e1tkami a ide\u00e1lne sa postar\u00e1 o tv\u00e1r, krk aj dekolt.<\/p>\n<p>\u0160peci\u00e1lny\u00a0<strong>TO Complex\u00ae\u00a0<\/strong>\u00fa\u010dinne neutralizuje \u0161kodliv\u00e9 vo\u013en\u00e9 radik\u00e1ly a poskytuje bunk\u00e1m siln\u00fa antioxida\u010dn\u00fa ochranu. Unik\u00e1tna zlo\u017eka\u00a0<strong>Mg-Relax\u00ae\u00a0<\/strong>podporuje energetick\u00e9 procesy v poko\u017eke, uvo\u013e\u0148uje nap\u00e4tie mimick\u00fdch svalov a zjem\u0148uje povrch pleti, \u010d\u00edm napom\u00e1ha redukcii jemn\u00fdch vr\u00e1sok. Bohat\u00e9 zast\u00fapenie\u00a0<strong>vitam\u00ednov A, C a E<\/strong>\u00a0spolu s\u00a0<strong>kyselinou hyalur\u00f3novou<\/strong>, kakaov\u00fdm maslom,\u00a0<strong>skval\u00e1nom<\/strong>\u00a0a \u010fal\u0161\u00edmi \u00fa\u010dinn\u00fdmi l\u00e1tkami sa star\u00e1 o v\u00fd\u017eivu, regener\u00e1ciu aj intenz\u00edvnu hydrat\u00e1ciu.<\/p>\n<p>Po\u010das sp\u00e1nku sa va\u0161a ple\u0165 revitalizuje, hydratuje a r\u00e1no p\u00f4sob\u00ed odd\u00fdchnuto, rozjasnene a mladistvo.<\/p>\n<p>&nbsp;<\/p>\n<p>Pre\u010do si vybra\u0165 no\u010dn\u00fd kr\u00e9m s hroznovou hyalur\u00f3novou esenciou?<\/p>\n<ul>\n<li>Vysok\u00fd obsah antioxidantov chr\u00e1ni ko\u017en\u00e9 bunky pred pred\u010dasn\u00fdm starnut\u00edm<\/li>\n<li>Pr\u00edrodn\u00e9 zlo\u017eky \u00fa\u010dinne neutralizuj\u00fa vo\u013en\u00e9 radik\u00e1ly<\/li>\n<li>Vyhladzuje mimick\u00e9 vr\u00e1sky a zlep\u0161uje elasticitu poko\u017eky<\/li>\n<li>Kyselina hyalur\u00f3nov\u00e1 zabezpe\u010duje vynikaj\u00facu hydrat\u00e1ciu po\u010das celej noci<\/li>\n<li>Komplexn\u00e1 no\u010dn\u00e1 obnova pleti \u2013 tv\u00e1r aj dekolt v jednom kroku<\/li>\n<\/ul>\n<p>&nbsp;<\/p>\n<p>Akt\u00edvne l\u00e1tky:\u00a0Vitam\u00edn A, vitam\u00edn C (kyselina askorbov\u00e1), deriv\u00e1ty vitam\u00ednu C, vitam\u00edn E, kyselina hyalur\u00f3nov\u00e1, kakaov\u00e9 maslo, hor\u010d\u00edkov\u00fd PCA, PCA sodn\u00e1 so\u013e (zlo\u017eka NMF), skval\u00e1n<\/p>\n<p>&nbsp;<\/p>\n<p>Odpor\u00fa\u010dan\u00fd typ pleti:\u00a0citliv\u00e1, starn\u00faca, kombinovan\u00e1, norm\u00e1lna, such\u00e1, mastn\u00e1, problematick\u00e1 \u2013 vhodn\u00e1 pre v\u0161etky typy pleti.<\/p>\n<p>&nbsp;<\/p>\n<p>Hlavn\u00e9 \u00fa\u010dinky:\u00a0intenz\u00edvna starostlivos\u0165, omladenie, upokojenie, spevnenie, h\u013abkov\u00e1 hydrat\u00e1cia, zadr\u017eiavanie vlhkosti, anti-aging efekt, odstr\u00e1nenie vr\u00e1sok, v\u00fd\u017eiva pleti.<\/p>\n<p>&nbsp;<\/p>\n<p>\u0160etrn\u00e9 zlo\u017eenie:<\/p>\n<ul>\n<li>Netestovan\u00e9 na zvierat\u00e1ch<\/li>\n<li>Bez miner\u00e1lneho oleja<\/li>\n<li>Bez parab\u00e9nov<\/li>\n<li>Bez silik\u00f3nov\u00e9ho oleja<\/li>\n<li>Bez farb\u00edv<\/li>\n<\/ul>\n<p>&nbsp;<\/p>\n<p>Pou\u017eitie:\u00a0Ve\u010der naneste kr\u00e9m rovnomerne na vy\u010disten\u00fa tv\u00e1r, krk alebo dekolt a jemne vmas\u00edrujte kr\u00fa\u017eiv\u00fdmi pohybmi, k\u00fdm sa \u00faplne nevstrebe.<\/p>\n<p>&nbsp;<\/p>\n<p>Upozornenie:\u00a0Uchov\u00e1vajte mimo dosahu det\u00ed! Zabr\u00e1\u0148te kontaktu s o\u010dami! Skladujte pri teplote do 25 \u00b0C a chr\u00e1\u0148te pred svetlom.<\/p>\n<p>&nbsp;<\/p>\n<p>Prebu\u010fte sa ka\u017ed\u00e9 r\u00e1no s pocitom svie\u017eej, odd\u00fdchnutej a roz\u017eiaren\u00e9j pleti v\u010faka no\u010dn\u00e9mu protivr\u00e1skov\u00e9mu kr\u00e9mu s hroznovou hyalur\u00f3novou esenciou!<\/p>\n<p>&nbsp;<\/p>\n<p>V\u00fdrobca:<br \/>\nAlveola Ltd.<br \/>\n1143 Budapest Gizella \u00fat 28\/a<br \/>\nTel: +36 1251 2270<br \/>\ninformation@alveola.hu<\/p>\n<p>&nbsp;<\/p>\n<p>&nbsp;<\/p>\n","protected":false},"excerpt":{"rendered":"<p>Doprajte si skuto\u010dn\u00fd pocit uvo\u013enenia po n\u00e1ro\u010dnom dni a nechajte svoju ple\u0165 dokonale zregenerova\u0165 po\u010das noci s na\u0161\u00edm protivr\u00e1skov\u00fdm a<\/p>\n","protected":false},"featured_media":48763,"comment_status":"closed","ping_status":"closed","template":"","meta":{"jetpack_publicize_message":"","jetpack_publicize_feature_enabled":true,"jetpack_social_post_already_shared":true,"jetpack_social_options":{"image_generator_settings":{"template":"highway","enabled":false},"version":2}},"product_brand":[],"product_cat":[1864,1866],"product_tag":[],"class_list":{"0":"post-48762","1":"product","2":"type-product","3":"status-publish","4":"has-post-thumbnail","6":"product_cat-dekorativna-kozmetika","7":"product_cat-nocny-krem","8":"product_shipping_class-standard","10":"","11":"instock","12":"taxable","13":"shipping-taxable","14":"purchasable","15":"product-type-simple"},"jetpack_publicize_connections":[],"yoast_head":"<!-- This site is optimized with the Yoast SEO plugin v25.6 - https:\/\/yoast.com\/wordpress\/plugins\/seo\/ -->\n<title>Hyaluron no\u010dn\u00fd kr\u00e9m TO Complex\u00ae 50 ml - ETAKO e-shop<\/title>\n<meta name=\"robots\" content=\"index, follow, max-snippet:-1, max-image-preview:large, max-video-preview:-1\" \/>\n<link rel=\"canonical\" href=\"https:\/\/etako.sk\/eshop\/produkt\/hyaluron-nocny-krem-to-complex-50-ml\/\" \/>\n<meta name=\"twitter:card\" content=\"summary_large_image\" \/>\n<meta name=\"twitter:title\" content=\"Hyaluron no\u010dn\u00fd kr\u00e9m TO Complex\u00ae 50 ml - ETAKO e-shop\" \/>\n<meta name=\"twitter:description\" content=\"Doprajte si skuto\u010dn\u00fd pocit uvo\u013enenia po n\u00e1ro\u010dnom dni a nechajte svoju ple\u0165 dokonale zregenerova\u0165 po\u010das noci s na\u0161\u00edm protivr\u00e1skov\u00fdm a\" \/>\n<meta name=\"twitter:image\" content=\"https:\/\/i0.wp.com\/etako.sk\/eshop\/wp-content\/uploads\/2025\/08\/SO11706_50ml-3D.jpg?fit=630%2C630&ssl=1\" \/>\n<meta name=\"twitter:label1\" content=\"Predpokladan\u00fd \u010das \u010d\u00edtania\" \/>\n\t<meta name=\"twitter:data1\" content=\"2 min\u00faty\" \/>\n<script type=\"application\/ld+json\" class=\"yoast-schema-graph\">{\"@context\":\"https:\/\/schema.org\",\"@graph\":[{\"@type\":\"WebPage\",\"@id\":\"https:\/\/etako.sk\/eshop\/produkt\/hyaluron-nocny-krem-to-complex-50-ml\/\",\"url\":\"https:\/\/etako.sk\/eshop\/produkt\/hyaluron-nocny-krem-to-complex-50-ml\/\",\"name\":\"Hyaluron no\u010dn\u00fd kr\u00e9m TO Complex\u00ae 50 ml - ETAKO e-shop\",\"isPartOf\":{\"@id\":\"https:\/\/etako.sk\/eshop\/#website\"},\"primaryImageOfPage\":{\"@id\":\"https:\/\/etako.sk\/eshop\/produkt\/hyaluron-nocny-krem-to-complex-50-ml\/#primaryimage\"},\"image\":{\"@id\":\"https:\/\/etako.sk\/eshop\/produkt\/hyaluron-nocny-krem-to-complex-50-ml\/#primaryimage\"},\"thumbnailUrl\":\"https:\/\/i0.wp.com\/etako.sk\/eshop\/wp-content\/uploads\/2025\/08\/SO11706_50ml-3D.jpg?fit=630%2C630&ssl=1\",\"datePublished\":\"2025-08-27T17:51:35+00:00\",\"breadcrumb\":{\"@id\":\"https:\/\/etako.sk\/eshop\/produkt\/hyaluron-nocny-krem-to-complex-50-ml\/#breadcrumb\"},\"inLanguage\":\"sk-SK\",\"potentialAction\":[{\"@type\":\"ReadAction\",\"target\":[\"https:\/\/etako.sk\/eshop\/produkt\/hyaluron-nocny-krem-to-complex-50-ml\/\"]}]},{\"@type\":\"ImageObject\",\"inLanguage\":\"sk-SK\",\"@id\":\"https:\/\/etako.sk\/eshop\/produkt\/hyaluron-nocny-krem-to-complex-50-ml\/#primaryimage\",\"url\":\"https:\/\/i0.wp.com\/etako.sk\/eshop\/wp-content\/uploads\/2025\/08\/SO11706_50ml-3D.jpg?fit=630%2C630&ssl=1\",\"contentUrl\":\"https:\/\/i0.wp.com\/etako.sk\/eshop\/wp-content\/uploads\/2025\/08\/SO11706_50ml-3D.jpg?fit=630%2C630&ssl=1\",\"width\":630,\"height\":630},{\"@type\":\"BreadcrumbList\",\"@id\":\"https:\/\/etako.sk\/eshop\/produkt\/hyaluron-nocny-krem-to-complex-50-ml\/#breadcrumb\",\"itemListElement\":[{\"@type\":\"ListItem\",\"position\":1,\"name\":\"Domovsk\u00e1 str\u00e1nka\",\"item\":\"https:\/\/etako.sk\/eshop\/\"},{\"@type\":\"ListItem\",\"position\":2,\"name\":\"Obchod\",\"item\":\"https:\/\/etako.sk\/eshop\/shop\/\"},{\"@type\":\"ListItem\",\"position\":3,\"name\":\"Hyaluron no\u010dn\u00fd kr\u00e9m TO Complex\u00ae 50 ml\"}]},{\"@type\":\"WebSite\",\"@id\":\"https:\/\/etako.sk\/eshop\/#website\",\"url\":\"https:\/\/etako.sk\/eshop\/\",\"name\":\"ETAKO e-shop\",\"description\":\"Etako\",\"potentialAction\":[{\"@type\":\"SearchAction\",\"target\":{\"@type\":\"EntryPoint\",\"urlTemplate\":\"https:\/\/etako.sk\/eshop\/?s={search_term_string}\"},\"query-input\":{\"@type\":\"PropertyValueSpecification\",\"valueRequired\":true,\"valueName\":\"search_term_string\"}}],\"inLanguage\":\"sk-SK\"}]}<\/script>\n<!-- \/ Yoast SEO plugin. -->","yoast_head_json":{"title":"Hyaluron no\u010dn\u00fd kr\u00e9m TO Complex\u00ae 50 ml - ETAKO e-shop","robots":{"index":"index","follow":"follow","max-snippet":"max-snippet:-1","max-image-preview":"max-image-preview:large","max-video-preview":"max-video-preview:-1"},"canonical":"https:\/\/etako.sk\/eshop\/produkt\/hyaluron-nocny-krem-to-complex-50-ml\/","twitter_card":"summary_large_image","twitter_title":"Hyaluron no\u010dn\u00fd kr\u00e9m TO Complex\u00ae 50 ml - ETAKO e-shop","twitter_description":"Doprajte si skuto\u010dn\u00fd pocit uvo\u013enenia po n\u00e1ro\u010dnom dni a nechajte svoju ple\u0165 dokonale zregenerova\u0165 po\u010das noci s na\u0161\u00edm protivr\u00e1skov\u00fdm a","twitter_image":"https:\/\/i0.wp.com\/etako.sk\/eshop\/wp-content\/uploads\/2025\/08\/SO11706_50ml-3D.jpg?fit=630%2C630&ssl=1","twitter_misc":{"Predpokladan\u00fd \u010das \u010d\u00edtania":"2 min\u00faty"},"schema":{"@context":"https:\/\/schema.org","@graph":[{"@type":"WebPage","@id":"https:\/\/etako.sk\/eshop\/produkt\/hyaluron-nocny-krem-to-complex-50-ml\/","url":"https:\/\/etako.sk\/eshop\/produkt\/hyaluron-nocny-krem-to-complex-50-ml\/","name":"Hyaluron no\u010dn\u00fd kr\u00e9m TO Complex\u00ae 50 ml - ETAKO e-shop","isPartOf":{"@id":"https:\/\/etako.sk\/eshop\/#website"},"primaryImageOfPage":{"@id":"https:\/\/etako.sk\/eshop\/produkt\/hyaluron-nocny-krem-to-complex-50-ml\/#primaryimage"},"image":{"@id":"https:\/\/etako.sk\/eshop\/produkt\/hyaluron-nocny-krem-to-complex-50-ml\/#primaryimage"},"thumbnailUrl":"https:\/\/i0.wp.com\/etako.sk\/eshop\/wp-content\/uploads\/2025\/08\/SO11706_50ml-3D.jpg?fit=630%2C630&ssl=1","datePublished":"2025-08-27T17:51:35+00:00","breadcrumb":{"@id":"https:\/\/etako.sk\/eshop\/produkt\/hyaluron-nocny-krem-to-complex-50-ml\/#breadcrumb"},"inLanguage":"sk-SK","potentialAction":[{"@type":"ReadAction","target":["https:\/\/etako.sk\/eshop\/produkt\/hyaluron-nocny-krem-to-complex-50-ml\/"]}]},{"@type":"ImageObject","inLanguage":"sk-SK","@id":"https:\/\/etako.sk\/eshop\/produkt\/hyaluron-nocny-krem-to-complex-50-ml\/#primaryimage","url":"https:\/\/i0.wp.com\/etako.sk\/eshop\/wp-content\/uploads\/2025\/08\/SO11706_50ml-3D.jpg?fit=630%2C630&ssl=1","contentUrl":"https:\/\/i0.wp.com\/etako.sk\/eshop\/wp-content\/uploads\/2025\/08\/SO11706_50ml-3D.jpg?fit=630%2C630&ssl=1","width":630,"height":630},{"@type":"BreadcrumbList","@id":"https:\/\/etako.sk\/eshop\/produkt\/hyaluron-nocny-krem-to-complex-50-ml\/#breadcrumb","itemListElement":[{"@type":"ListItem","position":1,"name":"Domovsk\u00e1 str\u00e1nka","item":"https:\/\/etako.sk\/eshop\/"},{"@type":"ListItem","position":2,"name":"Obchod","item":"https:\/\/etako.sk\/eshop\/shop\/"},{"@type":"ListItem","position":3,"name":"Hyaluron no\u010dn\u00fd kr\u00e9m TO Complex\u00ae 50 ml"}]},{"@type":"WebSite","@id":"https:\/\/etako.sk\/eshop\/#website","url":"https:\/\/etako.sk\/eshop\/","name":"ETAKO e-shop","description":"Etako","potentialAction":[{"@type":"SearchAction","target":{"@type":"EntryPoint","urlTemplate":"https:\/\/etako.sk\/eshop\/?s={search_term_string}"},"query-input":{"@type":"PropertyValueSpecification","valueRequired":true,"valueName":"search_term_string"}}],"inLanguage":"sk-SK"}]}},"jetpack_sharing_enabled":true,"_links":{"self":[{"href":"https:\/\/etako.sk\/eshop\/wp-json\/wp\/v2\/product\/48762","targetHints":{"allow":["GET"]}}],"collection":[{"href":"https:\/\/etako.sk\/eshop\/wp-json\/wp\/v2\/product"}],"about":[{"href":"https:\/\/etako.sk\/eshop\/wp-json\/wp\/v2\/types\/product"}],"replies":[{"embeddable":true,"href":"https:\/\/etako.sk\/eshop\/wp-json\/wp\/v2\/comments?post=48762"}],"version-history":[{"count":1,"href":"https:\/\/etako.sk\/eshop\/wp-json\/wp\/v2\/product\/48762\/revisions"}],"predecessor-version":[{"id":48764,"href":"https:\/\/etako.sk\/eshop\/wp-json\/wp\/v2\/product\/48762\/revisions\/48764"}],"wp:featuredmedia":[{"embeddable":true,"href":"https:\/\/etako.sk\/eshop\/wp-json\/wp\/v2\/media\/48763"}],"wp:attachment":[{"href":"https:\/\/etako.sk\/eshop\/wp-json\/wp\/v2\/media?parent=48762"}],"wp:term":[{"taxonomy":"product_brand","embeddable":true,"href":"https:\/\/etako.sk\/eshop\/wp-json\/wp\/v2\/product_brand?post=48762"},{"taxonomy":"product_cat","embeddable":true,"href":"https:\/\/etako.sk\/eshop\/wp-json\/wp\/v2\/product_cat?post=48762"},{"taxonomy":"product_tag","embeddable":true,"href":"https:\/\/etako.sk\/eshop\/wp-json\/wp\/v2\/product_tag?post=48762"}],"curies":[{"name":"wp","href":"https:\/\/api.w.org\/{rel}","templated":true}]}}