{"id":48758,"date":"2025-08-27T19:45:42","date_gmt":"2025-08-27T17:45:42","guid":{"rendered":"https:\/\/etako.sk\/eshop\/?post_type=product&#038;p=48758"},"modified":"2025-08-27T19:46:28","modified_gmt":"2025-08-27T17:46:28","slug":"clear-calm-beauty-routine-set","status":"publish","type":"product","link":"https:\/\/etako.sk\/eshop\/produkt\/clear-calm-beauty-routine-set\/","title":{"rendered":"Clear &#038; Calm &#8211; Beauty Routine Set"},"content":{"rendered":"<div class=\"vc-commoditydetail_description curtailment show\" aria-expanded=\"true\">\n<div class=\"description wysiwyg\">\n<p>Doprajte si sebe alebo svojim bl\u00edzkym tento \u0161peci\u00e1lny bal\u00ed\u010dek, ktor\u00fd kombinuje vysoko kvalitn\u00e9 ple\u0165ov\u00e9 s\u00e9ra na dokonal\u00fa regener\u00e1ciu citlivej, problematickej pleti !<\/p>\n<p>&nbsp;<\/p>\n<p>\u00da\u010dinn\u00e9 l\u00e1tky:<\/p>\n<p>&nbsp;<\/p>\n<p>Beta\u00edn, Kyselina hyaluronov\u00e1, \u00edrsky mach, pantenol ( vit.B5), Rubixyl, Telangyn<\/p>\n<p class=\"pb-2\">Odpor\u00fa\u010dan\u00fd typ pleti:<\/p>\n<ul class=\"marker:text-green list-outside list-disc text-deeplyneutral-800 dark:text-deeplyneutral-50\">\n<li>Problematick\u00e1<\/li>\n<li>Citliv\u00e1 ple\u0165<\/li>\n<li>Kombinovan\u00e1 ple\u0165<\/li>\n<\/ul>\n<p>&nbsp;<\/p>\n<p>Pre\u010do si vybra\u0165\u00a0<strong>Clear &amp; Calm &#8211; Beauty Routine Set<\/strong><strong>\u200b<span style=\"color: #0c0e19; font-family: Red Hat Display, sans-serif;\">\u00a0?<\/span><\/strong><\/p>\n<p>Funkcie a benefity produktov<\/p>\n<p>&nbsp;<\/p>\n<p class=\"pb-2\">Funkcie:<\/p>\n<ul class=\"marker:text-green list-outside list-disc text-deeplyneutral-800 dark:text-deeplyneutral-50\">\n<li>Uk\u013eudnenie ple\u0165<\/li>\n<li>Redukcia za\u010dervenania<\/li>\n<li>Spevnenie poko\u017eky<\/li>\n<li>Zadr\u017eiavanie vlhkosti, hydrat\u00e1cia<\/li>\n<li>Regener\u00e1cia poko\u017eky<\/li>\n<li>V\u00fd\u017eiva pleti<\/li>\n<\/ul>\n<p class=\"pb-2\">Maxim\u00e1lne \u0161etrn\u00e9 zlo\u017eenie:<\/p>\n<ul class=\"marker:text-green list-outside list-disc text-deeplyneutral-800 dark:text-deeplyneutral-50\">\n<li>0 % miner\u00e1lneho oleja<\/li>\n<li>0 % parab\u00e9nov<\/li>\n<li>0 % farb\u00edv<\/li>\n<li>0 % alerg\u00e9nnych v\u00f4n\u00ed<\/li>\n<\/ul>\n<ul class=\"marker:text-green list-outside list-disc text-deeplyneutral-800 dark:text-deeplyneutral-50\">\n<li>Netestovan\u00fd na zvierat\u00e1ch<\/li>\n<\/ul>\n<p><strong>Obsah balenia:<\/strong><\/p>\n<p>1.\u00a0<strong>Solanie Redless Peptid s\u00e9rum<\/strong>\u00a0<strong>s\u00e9rum<\/strong>\u00a0<strong>komplex\u00a0\u200b\u00a0<\/strong><strong>30 ml<\/strong>: Peptidov\u00e9 s\u00e9rum proti starnutiu, ktor\u00e9 redukuje roz\u0161\u00edren\u00e9 \u017eilky a za\u010dervenanie.<br \/>\n2.\u00a0<strong>Solanie Niacinamid 10 % + Kyselina hyaluronov\u00e1 s\u00e9rum 30 ml<\/strong>:\u00a0S\u00e9rum na boj proti nedokonalostiam pleti.\u00a0Reguluje tvorbu ko\u017en\u00e9ho mazu a zni\u017euje tvorbu akn\u00e9.<\/p>\n<p>3.\u00a0<strong>Solanie PAD+ Prebiotick\u00e9 s\u00e9rum No.12\u00a0 30 ml<\/strong>:\u00a0S\u00e9rum v sebe sp\u00e1ja v\u0161etko, \u010do potrebujete pre efekt\u00edvnu a cielen\u00fa starostlivos\u0165 o Va\u0161u ple\u0165.\u00a0Podporuje obranyschopnos\u0165 problematickej pleti, zni\u017euje riziko upchat\u00fdch p\u00f3rov a zosvetluje pigmentov\u00e9 \u0161kvrny.<\/p>\n<p><strong>Pre koho je tento bal\u00ed\u010dek ur\u010den\u00fd?<\/strong><br \/>\nTieto produkty pon\u00fakaj\u00fa efekt\u00edvne rie\u0161enie na regul\u00e1ciu funkcie mazov\u00fdch \u017eliaz, udr\u017eiavanie optim\u00e1lnej hydrat\u00e1cie, podporu mikrobi\u00f3mu poko\u017eky, zn\u00ed\u017eenie z\u00e1palu a o\u0161etrenie pigmentov\u00fdch \u0161kv\u0155n po akn\u00e9.<\/p>\n<p>&nbsp;<\/p>\n<p><strong>Pou\u017eitie:<\/strong><br \/>\nR\u00e1no:\u00a0najprv naneste 2-3 kvapky Skin Nectar No. 1 na vy\u010disten\u00fa ple\u0165. 9 Niac\u00ednamid 10%+ s\u00e9rum s kyselinou hyalur\u00f3novou a po jeho vstreban\u00ed pokra\u010dujte v rutine so Skin Nectar No.12 PAD+ Prebiotic Serum a overen\u00fdm denn\u00fdm kr\u00e9mom.<\/p>\n<p>Ve\u010der:\u00a0po o\u010disten\u00ed pleti naneste 2-3 kvapky komplexu Redness Reducing Peptide Serum Complex na miesta postihnut\u00e9 z\u00e1palom a\u00a0n\u00e1sledne aplikujte no\u010dn\u00fd kr\u00e9m pod\u013ea typu pleti.<\/p>\n<p>&nbsp;<\/p>\n<p><img data-recalc-dims=\"1\" decoding=\"async\" src=\"https:\/\/i0.wp.com\/www.perlacosmetic.sk\/images\/Solanie%20Clear%20%26%20Calm%20-%20Beauty%20Routine%20Set.jpg?ssl=1\" alt=\"\" \/><\/p>\n<p>&nbsp;<\/p>\n<p class=\"pb-2\">V\u00fdrobca:<br \/>\nAlveola Ltd.,<\/p>\n<p class=\"pb-2\">Gizella \u00fat 28\/a<\/p>\n<p class=\"pb-2\">1143 Budape\u0161\u0165<\/p>\n<p class=\"pb-2\">Ma\u010farsko<\/p>\n<p class=\"pb-2\">Tel:\u00a0+36 1251 2270<br \/>\nE-mail:\u00a0information@alveola.hu<\/p>\n<div><\/div>\n<\/div>\n<\/div>\n","protected":false},"excerpt":{"rendered":"<p>Doprajte si sebe alebo svojim bl\u00edzkym tento \u0161peci\u00e1lny bal\u00ed\u010dek, ktor\u00fd kombinuje vysoko kvalitn\u00e9 ple\u0165ov\u00e9 s\u00e9ra na dokonal\u00fa regener\u00e1ciu citlivej, problematickej<\/p>\n","protected":false},"featured_media":48760,"comment_status":"closed","ping_status":"closed","template":"","meta":{"jetpack_publicize_message":"","jetpack_publicize_feature_enabled":true,"jetpack_social_post_already_shared":true,"jetpack_social_options":{"image_generator_settings":{"template":"highway","enabled":false},"version":2}},"product_brand":[],"product_cat":[1876],"product_tag":[],"class_list":{"0":"post-48758","1":"product","2":"type-product","3":"status-publish","4":"has-post-thumbnail","6":"product_cat-beauty-box-kozmeticke-balicky","7":"product_shipping_class-standard","9":"","10":"instock","11":"taxable","12":"shipping-taxable","13":"purchasable","14":"product-type-simple"},"jetpack_publicize_connections":[],"yoast_head":"<!-- This site is optimized with the Yoast SEO plugin v25.6 - https:\/\/yoast.com\/wordpress\/plugins\/seo\/ -->\n<title>Clear &amp; Calm - Beauty Routine Set - ETAKO e-shop<\/title>\n<meta name=\"robots\" content=\"index, follow, max-snippet:-1, max-image-preview:large, max-video-preview:-1\" \/>\n<link rel=\"canonical\" href=\"https:\/\/etako.sk\/eshop\/produkt\/clear-calm-beauty-routine-set\/\" \/>\n<meta name=\"twitter:card\" content=\"summary_large_image\" \/>\n<meta name=\"twitter:title\" content=\"Clear &amp; Calm - Beauty Routine Set - ETAKO e-shop\" \/>\n<meta name=\"twitter:description\" content=\"Doprajte si sebe alebo svojim bl\u00edzkym tento \u0161peci\u00e1lny bal\u00ed\u010dek, ktor\u00fd kombinuje vysoko kvalitn\u00e9 ple\u0165ov\u00e9 s\u00e9ra na dokonal\u00fa regener\u00e1ciu citlivej, problematickej\" \/>\n<meta name=\"twitter:image\" content=\"https:\/\/i0.wp.com\/etako.sk\/eshop\/wp-content\/uploads\/2025\/08\/Solanie-Clear-Calm-Beauty-Routine-Set.jpg?fit=630%2C630&ssl=1\" \/>\n<meta name=\"twitter:label1\" content=\"Predpokladan\u00fd \u010das \u010d\u00edtania\" \/>\n\t<meta name=\"twitter:data1\" content=\"2 min\u00faty\" \/>\n<script type=\"application\/ld+json\" class=\"yoast-schema-graph\">{\"@context\":\"https:\/\/schema.org\",\"@graph\":[{\"@type\":\"WebPage\",\"@id\":\"https:\/\/etako.sk\/eshop\/produkt\/clear-calm-beauty-routine-set\/\",\"url\":\"https:\/\/etako.sk\/eshop\/produkt\/clear-calm-beauty-routine-set\/\",\"name\":\"Clear & Calm - Beauty Routine Set - ETAKO e-shop\",\"isPartOf\":{\"@id\":\"https:\/\/etako.sk\/eshop\/#website\"},\"primaryImageOfPage\":{\"@id\":\"https:\/\/etako.sk\/eshop\/produkt\/clear-calm-beauty-routine-set\/#primaryimage\"},\"image\":{\"@id\":\"https:\/\/etako.sk\/eshop\/produkt\/clear-calm-beauty-routine-set\/#primaryimage\"},\"thumbnailUrl\":\"https:\/\/i0.wp.com\/etako.sk\/eshop\/wp-content\/uploads\/2025\/08\/Solanie-Clear-Calm-Beauty-Routine-Set.jpg?fit=630%2C630&ssl=1\",\"datePublished\":\"2025-08-27T17:45:42+00:00\",\"dateModified\":\"2025-08-27T17:46:28+00:00\",\"breadcrumb\":{\"@id\":\"https:\/\/etako.sk\/eshop\/produkt\/clear-calm-beauty-routine-set\/#breadcrumb\"},\"inLanguage\":\"sk-SK\",\"potentialAction\":[{\"@type\":\"ReadAction\",\"target\":[\"https:\/\/etako.sk\/eshop\/produkt\/clear-calm-beauty-routine-set\/\"]}]},{\"@type\":\"ImageObject\",\"inLanguage\":\"sk-SK\",\"@id\":\"https:\/\/etako.sk\/eshop\/produkt\/clear-calm-beauty-routine-set\/#primaryimage\",\"url\":\"https:\/\/i0.wp.com\/etako.sk\/eshop\/wp-content\/uploads\/2025\/08\/Solanie-Clear-Calm-Beauty-Routine-Set.jpg?fit=630%2C630&ssl=1\",\"contentUrl\":\"https:\/\/i0.wp.com\/etako.sk\/eshop\/wp-content\/uploads\/2025\/08\/Solanie-Clear-Calm-Beauty-Routine-Set.jpg?fit=630%2C630&ssl=1\",\"width\":630,\"height\":630},{\"@type\":\"BreadcrumbList\",\"@id\":\"https:\/\/etako.sk\/eshop\/produkt\/clear-calm-beauty-routine-set\/#breadcrumb\",\"itemListElement\":[{\"@type\":\"ListItem\",\"position\":1,\"name\":\"Domovsk\u00e1 str\u00e1nka\",\"item\":\"https:\/\/etako.sk\/eshop\/\"},{\"@type\":\"ListItem\",\"position\":2,\"name\":\"Obchod\",\"item\":\"https:\/\/etako.sk\/eshop\/shop\/\"},{\"@type\":\"ListItem\",\"position\":3,\"name\":\"Clear &#038; Calm &#8211; Beauty Routine Set\"}]},{\"@type\":\"WebSite\",\"@id\":\"https:\/\/etako.sk\/eshop\/#website\",\"url\":\"https:\/\/etako.sk\/eshop\/\",\"name\":\"ETAKO e-shop\",\"description\":\"Etako\",\"potentialAction\":[{\"@type\":\"SearchAction\",\"target\":{\"@type\":\"EntryPoint\",\"urlTemplate\":\"https:\/\/etako.sk\/eshop\/?s={search_term_string}\"},\"query-input\":{\"@type\":\"PropertyValueSpecification\",\"valueRequired\":true,\"valueName\":\"search_term_string\"}}],\"inLanguage\":\"sk-SK\"}]}<\/script>\n<!-- \/ Yoast SEO plugin. -->","yoast_head_json":{"title":"Clear & Calm - Beauty Routine Set - ETAKO e-shop","robots":{"index":"index","follow":"follow","max-snippet":"max-snippet:-1","max-image-preview":"max-image-preview:large","max-video-preview":"max-video-preview:-1"},"canonical":"https:\/\/etako.sk\/eshop\/produkt\/clear-calm-beauty-routine-set\/","twitter_card":"summary_large_image","twitter_title":"Clear & Calm - Beauty Routine Set - ETAKO e-shop","twitter_description":"Doprajte si sebe alebo svojim bl\u00edzkym tento \u0161peci\u00e1lny bal\u00ed\u010dek, ktor\u00fd kombinuje vysoko kvalitn\u00e9 ple\u0165ov\u00e9 s\u00e9ra na dokonal\u00fa regener\u00e1ciu citlivej, problematickej","twitter_image":"https:\/\/i0.wp.com\/etako.sk\/eshop\/wp-content\/uploads\/2025\/08\/Solanie-Clear-Calm-Beauty-Routine-Set.jpg?fit=630%2C630&ssl=1","twitter_misc":{"Predpokladan\u00fd \u010das \u010d\u00edtania":"2 min\u00faty"},"schema":{"@context":"https:\/\/schema.org","@graph":[{"@type":"WebPage","@id":"https:\/\/etako.sk\/eshop\/produkt\/clear-calm-beauty-routine-set\/","url":"https:\/\/etako.sk\/eshop\/produkt\/clear-calm-beauty-routine-set\/","name":"Clear & Calm - Beauty Routine Set - ETAKO e-shop","isPartOf":{"@id":"https:\/\/etako.sk\/eshop\/#website"},"primaryImageOfPage":{"@id":"https:\/\/etako.sk\/eshop\/produkt\/clear-calm-beauty-routine-set\/#primaryimage"},"image":{"@id":"https:\/\/etako.sk\/eshop\/produkt\/clear-calm-beauty-routine-set\/#primaryimage"},"thumbnailUrl":"https:\/\/i0.wp.com\/etako.sk\/eshop\/wp-content\/uploads\/2025\/08\/Solanie-Clear-Calm-Beauty-Routine-Set.jpg?fit=630%2C630&ssl=1","datePublished":"2025-08-27T17:45:42+00:00","dateModified":"2025-08-27T17:46:28+00:00","breadcrumb":{"@id":"https:\/\/etako.sk\/eshop\/produkt\/clear-calm-beauty-routine-set\/#breadcrumb"},"inLanguage":"sk-SK","potentialAction":[{"@type":"ReadAction","target":["https:\/\/etako.sk\/eshop\/produkt\/clear-calm-beauty-routine-set\/"]}]},{"@type":"ImageObject","inLanguage":"sk-SK","@id":"https:\/\/etako.sk\/eshop\/produkt\/clear-calm-beauty-routine-set\/#primaryimage","url":"https:\/\/i0.wp.com\/etako.sk\/eshop\/wp-content\/uploads\/2025\/08\/Solanie-Clear-Calm-Beauty-Routine-Set.jpg?fit=630%2C630&ssl=1","contentUrl":"https:\/\/i0.wp.com\/etako.sk\/eshop\/wp-content\/uploads\/2025\/08\/Solanie-Clear-Calm-Beauty-Routine-Set.jpg?fit=630%2C630&ssl=1","width":630,"height":630},{"@type":"BreadcrumbList","@id":"https:\/\/etako.sk\/eshop\/produkt\/clear-calm-beauty-routine-set\/#breadcrumb","itemListElement":[{"@type":"ListItem","position":1,"name":"Domovsk\u00e1 str\u00e1nka","item":"https:\/\/etako.sk\/eshop\/"},{"@type":"ListItem","position":2,"name":"Obchod","item":"https:\/\/etako.sk\/eshop\/shop\/"},{"@type":"ListItem","position":3,"name":"Clear &#038; Calm &#8211; Beauty Routine Set"}]},{"@type":"WebSite","@id":"https:\/\/etako.sk\/eshop\/#website","url":"https:\/\/etako.sk\/eshop\/","name":"ETAKO e-shop","description":"Etako","potentialAction":[{"@type":"SearchAction","target":{"@type":"EntryPoint","urlTemplate":"https:\/\/etako.sk\/eshop\/?s={search_term_string}"},"query-input":{"@type":"PropertyValueSpecification","valueRequired":true,"valueName":"search_term_string"}}],"inLanguage":"sk-SK"}]}},"jetpack_sharing_enabled":true,"_links":{"self":[{"href":"https:\/\/etako.sk\/eshop\/wp-json\/wp\/v2\/product\/48758","targetHints":{"allow":["GET"]}}],"collection":[{"href":"https:\/\/etako.sk\/eshop\/wp-json\/wp\/v2\/product"}],"about":[{"href":"https:\/\/etako.sk\/eshop\/wp-json\/wp\/v2\/types\/product"}],"replies":[{"embeddable":true,"href":"https:\/\/etako.sk\/eshop\/wp-json\/wp\/v2\/comments?post=48758"}],"version-history":[{"count":2,"href":"https:\/\/etako.sk\/eshop\/wp-json\/wp\/v2\/product\/48758\/revisions"}],"predecessor-version":[{"id":48761,"href":"https:\/\/etako.sk\/eshop\/wp-json\/wp\/v2\/product\/48758\/revisions\/48761"}],"wp:featuredmedia":[{"embeddable":true,"href":"https:\/\/etako.sk\/eshop\/wp-json\/wp\/v2\/media\/48760"}],"wp:attachment":[{"href":"https:\/\/etako.sk\/eshop\/wp-json\/wp\/v2\/media?parent=48758"}],"wp:term":[{"taxonomy":"product_brand","embeddable":true,"href":"https:\/\/etako.sk\/eshop\/wp-json\/wp\/v2\/product_brand?post=48758"},{"taxonomy":"product_cat","embeddable":true,"href":"https:\/\/etako.sk\/eshop\/wp-json\/wp\/v2\/product_cat?post=48758"},{"taxonomy":"product_tag","embeddable":true,"href":"https:\/\/etako.sk\/eshop\/wp-json\/wp\/v2\/product_tag?post=48758"}],"curies":[{"name":"wp","href":"https:\/\/api.w.org\/{rel}","templated":true}]}}