{"id":48755,"date":"2025-08-27T19:41:53","date_gmt":"2025-08-27T17:41:53","guid":{"rendered":"https:\/\/etako.sk\/eshop\/?post_type=product&#038;p=48755"},"modified":"2025-08-27T19:41:53","modified_gmt":"2025-08-27T17:41:53","slug":"argan-beauty-set-nutrifirm-argan","status":"publish","type":"product","link":"https:\/\/etako.sk\/eshop\/produkt\/argan-beauty-set-nutrifirm-argan\/","title":{"rendered":"Argan Beauty Set \/ Nutrifirm Argan"},"content":{"rendered":"<div class=\"vc-commoditydetail_description curtailment show\" aria-expanded=\"true\">\n<div class=\"description wysiwyg\">\n<p class=\"pb-2\">Doprajte svojej poko\u017eke ka\u017ed\u00fd de\u0148 luxus, ktor\u00fd si zasl\u00fa\u017ei!<\/p>\n<p class=\"pb-2\">S\u00e9ria SOLANIE ARGAN RASTLINN\u00c9 KME\u0147OV\u00c9 BUNKY stimuluje regener\u00e1ciu spojivov\u00e9ho tkaniva v\u010faka inovat\u00edvnej technol\u00f3gii PhytoCellTec\u2122 Argan. T\u00e1 zvy\u0161uje pevnos\u0165 poko\u017eky, redukuje vr\u00e1sky a zachov\u00e1va mladistv\u00fd vzh\u013ead va\u0161ej pleti. Tento set je ide\u00e1lny pre v\u0161etk\u00fdch, ktor\u00ed t\u00fa\u017eia po spevnenej, vy\u017eivenej a mlad\u0161ie p\u00f4sobiacej pleti.<\/p>\n<p class=\"pb-2\">\n<p class=\"pb-2\">Obsah balenia:<\/p>\n<ul class=\"marker:text-green list-outside list-disc text-deeplyneutral-800 dark:text-deeplyneutral-50\">\n<li>Solanie Argan Plant Stem Cell Protect Denn\u00fd kr\u00e9m 50 ml (SO11601)<\/li>\n<li>Solanie Argan Plant Stem Cell Relax No\u010dn\u00fd kr\u00e9m 50 ml (SO11602)<\/li>\n<li>Solanie Argan Plant Stem Cell Renew S\u00e9rum 30 ml (SO31605)<\/li>\n<\/ul>\n<p class=\"pb-2\">\n<p class=\"pb-2\">\n<p class=\"pb-2\">Pre\u010do si vybra\u0165 Argan Beauty Set?<\/p>\n<ul class=\"marker:text-green list-outside list-disc text-deeplyneutral-800 dark:text-deeplyneutral-50\">\n<li>Ide\u00e1lny pre obnovu pevnosti a pru\u017enosti pleti.<\/li>\n<li>Vyu\u017e\u00edva regenera\u010dn\u00fa silu arganov\u00fdch rastlinn\u00fdch kme\u0148ov\u00fdch buniek.<\/li>\n<li>Vhodn\u00fd na ka\u017edodenn\u00fa starostlivos\u0165 pre v\u0161etky typy pleti, najm\u00e4 zrel\u00fa, such\u00fa \u010di unaven\u00fa ple\u0165.<\/li>\n<\/ul>\n<p class=\"pb-2\">\n<p class=\"pb-2\">\n<p class=\"pb-2\">Charakteristiky produktov:<\/p>\n<ul class=\"marker:text-green list-outside list-disc text-deeplyneutral-800 dark:text-deeplyneutral-50\">\n<li>Solanie Argan Plant Stem Cell Renew S\u00e9rum: Spev\u0148uj\u00face s\u00e9rum proti starnutiu s obsahom arganov\u00fdch rastlinn\u00fdch kme\u0148ov\u00fdch buniek.<\/li>\n<li>Solanie Argan Plant Stem Cell Protect Denn\u00fd kr\u00e9m: \u013dahk\u00fd denn\u00fd kr\u00e9m s hydrata\u010dn\u00fdmi vlastnos\u0165ami, ktor\u00fd chr\u00e1ni poko\u017eku pred starnut\u00edm sp\u00f4soben\u00fdm UV \u017eiaren\u00edm v\u010faka fyzik\u00e1lnemu opa\u013eovaciemu filtru.<\/li>\n<li>Solanie Argan Plant Stem Cell Relax No\u010dn\u00fd kr\u00e9m: Bohat\u00fd no\u010dn\u00fd kr\u00e9m, ktor\u00fd regeneruje ple\u0165 po\u010das sp\u00e1nku, zanech\u00e1va ju r\u00e1no zamatovo hladk\u00fa a vy\u017eiven\u00fa.<\/li>\n<\/ul>\n<p class=\"pb-2\">\n<p class=\"pb-2\">\u00da\u010dinn\u00e9 l\u00e1tky:\u00a0Vitam\u00edn A, Alanto\u00edn, Extrakt z aloe vera, Extrakt z kme\u0148ov\u00fdch buniek arganov\u00fdch rastl\u00edn, Avok\u00e1dov\u00fd olej, \u00c1zijsk\u00e1 centella (Centella asiatica), Vitam\u00edn E, Elast\u00edn, Vitam\u00edn F, Frukt\u00f3za, Glyc\u00edn, Illipe maslo, Lanol\u00edn, Olej z makadamov\u00fdch orechov, V\u010del\u00ed vosk, Pantenol (vitam\u00edn B5), PCA sodn\u00e1 (zlo\u017eka NMF), PENTAVITIN\u00ae (ochrann\u00e1 zn\u00e1mka DSM), Ric\u00ednov\u00fd olej, Skval\u00e9n, S\u00f3jov\u00fd prote\u00edn, Oxid titani\u010dit\u00fd, Urea<\/p>\n<p class=\"pb-2\">\n<p class=\"pb-2\">Odpor\u00fa\u010dan\u00fd typ pleti:<\/p>\n<ul class=\"marker:text-green list-outside list-disc text-deeplyneutral-800 dark:text-deeplyneutral-50\">\n<li>Starn\u00faca ple\u0165<\/li>\n<li>Such\u00e1 ple\u0165<\/li>\n<\/ul>\n<p class=\"pb-2\">\n<p class=\"pb-2\">Funkcie:<\/p>\n<ul class=\"marker:text-green list-outside list-disc text-deeplyneutral-800 dark:text-deeplyneutral-50\">\n<li>Starostlivos\u0165 o ple\u0165<\/li>\n<li>Omladenie pleti<\/li>\n<li>Spevnenie poko\u017eky<\/li>\n<li>Zadr\u017eiavanie vlhkosti<\/li>\n<li>Proti starnutiu<\/li>\n<li>Odstr\u00e1nenie vr\u00e1sok<\/li>\n<li>Regener\u00e1cia poko\u017eky<\/li>\n<li>V\u00fd\u017eiva pleti<\/li>\n<\/ul>\n<p class=\"pb-2\">\n<p class=\"pb-2\">Maxim\u00e1lne \u0161etrn\u00e9 zlo\u017eenie:<\/p>\n<ul class=\"marker:text-green list-outside list-disc text-deeplyneutral-800 dark:text-deeplyneutral-50\">\n<li>0 % miner\u00e1lneho oleja<\/li>\n<li>0 % parab\u00e9nov<\/li>\n<li>0 % farb\u00edv<\/li>\n<li>0 % alerg\u00e9nnych v\u00f4n\u00ed<\/li>\n<\/ul>\n<ul class=\"marker:text-green list-outside list-disc text-deeplyneutral-800 dark:text-deeplyneutral-50\">\n<li>Netestovan\u00fd na zvierat\u00e1ch<\/li>\n<\/ul>\n<p class=\"pb-2\">\n<p class=\"pb-2\">N\u00e1vod na pou\u017eitie:<br \/>\n1. R\u00e1no a ve\u010der: Naneste 2-3 kvapky s\u00e9ra na \u010dist\u00fa tv\u00e1r, krk a dekolt. N\u00e1sledne pou\u017eite denn\u00fd alebo no\u010dn\u00fd kr\u00e9m pod\u013ea dennej doby.<\/p>\n<p class=\"pb-2\">Objavte silu arganov\u00fdch kme\u0148ov\u00fdch buniek a doprajte svojej poko\u017eke v\u00fdnimo\u010dn\u00fa starostlivos\u0165!<\/p>\n<p class=\"pb-2\">\n<p class=\"pb-2\">\n<p class=\"pb-2\">Upozornenie: Na vonkaj\u0161ie pou\u017eitie! Uchov\u00e1vajte mimo dosahu det\u00ed! Zabr\u00e1\u0148te kontaktu s o\u010dami! Ak sa produkt dostane do o\u010d\u00ed, okam\u017eite ich vypl\u00e1chnite ve\u013ek\u00fdm mno\u017estvom vody!<\/p>\n<p class=\"pb-2\">\n<p class=\"pb-2\">Zlo\u017eenie \/ Ingredients:<\/p>\n<p class=\"pb-2\">Solanie Argan Plant Stem Cell Renew Serum: Aqua, Aloe Barbadensis Leaf Juice, Hydrolyzed Elastin, Glycerin, Biosaccharide Gum-1, Butylene Glycol, PVP, Argania Spinosa Callus Culture Extract, Lecithin, Glycine Soja Protein, Oxido Reductases, Sodium Dextran Sulfate, PEG-40 Hydrogenated Castor Oil, Propylene Glycol, Glycine, Allantoin, Xanthan Gum, Isomalt, Parfum, Phenoxyethanol, Ethylhexylglycerin, Disodium EDTA, Methyltiazolinone, Sodium Benzoate, CI 14720, CI 19140.<\/p>\n<p class=\"pb-2\">\n<p class=\"pb-2\">Solanie Argan Plant Stem Cell Protect Day Cream: Aqua, Aloe Barbadensis Leaf Juice, Propylene Glycol Dicaprylate\/Dicaprate, Glycerin, Caprylic\/Capric Triglyceride, Cetearyl Alcohol, Cyclomethicone, Propylene Glycol, Isononyl Isononanoate, Simmondsia Chinensis Seed Oil, PEG-40, Stearate, Glyceryl Stearate, PEG-100 Stearate, Shorea Stenoptera Seed Butter, Dimethicone, Phenoxyethanol, Saccharide Isomerate, Argania Spinosa Callus Culture Extract, Sodium Lactate, Sodium PCA, Glycine, Fructose, Urea, Niacinamide, Panthenol, Allantoin, Titanium Dioxide, Alumina, Simethicone, Glyceryl Polyacrylate, Acrylates\/C10-30 Alkyl Acrylate Crosspolymer, Triethanolamine, Ethylhexylglycerin, Parfum, Lecithin, Isomalt, Lactic Acid, PEG-7 Hydrogenated Castor Oil, BHT, Disodium EDTA, o-Cymen-5-ol, Sodium Benzoate.<\/p>\n<p class=\"pb-2\">\n<p class=\"pb-2\">Solanie Argan Plant Stem Cell Relax Night Cream: Aqua, Caprylic\/Capric Triglyceride, Macadamia Ternifolia Seed Oil, Aloe Barbadensis Leaf Juice, Cera Alba, Squalane, Decyl Oleate, Glycerin, Persea Gratissima Oil, Ricinus Communis Seed Oil, Polyglyceryl-3 Diisostearate, Myristyl Myristate, PEG-40 Stearate, Acrylamide\/Sodium Acryloyldimethyltaurate Copolymer, PEG-7, Hydrogenated Castor Oil, Hydrogenated Coco-Glycerides, Isopropyl Palmitate, Cyclomethicone, Lanolin, Shorea Stenoptera Seed Butter, Phenoxyethanol, Cetearyl Alcohol, C13-14 Isoparaffin, Disodium Cocoyl Glutamate, Argania Spinosa Callus Culture Extract, Centella Asiatica Extract, Isomalt, Lecithin, Retinyl Palmitate, Tocopheryl Acetate, Linoleic Acid, Linolenic Acid, Allantoin, Panthenol, Cholesterol, Propylene Glycol, Xanthan Gum, Laureth-7, Ethylhexylglycerin, Parfum, Potassium Sorbate, Disodium EDTA, Pentaerythrityl Tetra-Di-t-Butyl Hydroxyhydrocinnamate, BHT, o-Cymen-5-ol, Sodium Benzoate.<\/p>\n<p class=\"pb-2\">\n<p class=\"pb-2\">\n<div><\/div>\n<\/div>\n<\/div>\n","protected":false},"excerpt":{"rendered":"<p>Doprajte svojej poko\u017eke ka\u017ed\u00fd de\u0148 luxus, ktor\u00fd si zasl\u00fa\u017ei! S\u00e9ria SOLANIE ARGAN RASTLINN\u00c9 KME\u0147OV\u00c9 BUNKY stimuluje regener\u00e1ciu spojivov\u00e9ho tkaniva v\u010faka<\/p>\n","protected":false},"featured_media":48756,"comment_status":"closed","ping_status":"closed","template":"","meta":{"jetpack_publicize_message":"","jetpack_publicize_feature_enabled":true,"jetpack_social_post_already_shared":true,"jetpack_social_options":{"image_generator_settings":{"template":"highway","enabled":false},"version":2}},"product_brand":[],"product_cat":[1876,1864],"product_tag":[],"class_list":{"0":"post-48755","1":"product","2":"type-product","3":"status-publish","4":"has-post-thumbnail","6":"product_cat-beauty-box-kozmeticke-balicky","7":"product_cat-dekorativna-kozmetika","8":"product_shipping_class-standard","10":"","11":"instock","12":"taxable","13":"shipping-taxable","14":"purchasable","15":"product-type-simple"},"jetpack_publicize_connections":[],"yoast_head":"<!-- This site is optimized with the Yoast SEO plugin v25.6 - https:\/\/yoast.com\/wordpress\/plugins\/seo\/ -->\n<title>Argan Beauty Set \/ Nutrifirm Argan - ETAKO e-shop<\/title>\n<meta name=\"robots\" content=\"index, follow, max-snippet:-1, max-image-preview:large, max-video-preview:-1\" \/>\n<link rel=\"canonical\" href=\"https:\/\/etako.sk\/eshop\/produkt\/argan-beauty-set-nutrifirm-argan\/\" \/>\n<meta name=\"twitter:card\" content=\"summary_large_image\" \/>\n<meta name=\"twitter:title\" content=\"Argan Beauty Set \/ Nutrifirm Argan - ETAKO e-shop\" \/>\n<meta name=\"twitter:description\" content=\"Doprajte svojej poko\u017eke ka\u017ed\u00fd de\u0148 luxus, ktor\u00fd si zasl\u00fa\u017ei! S\u00e9ria SOLANIE ARGAN RASTLINN\u00c9 KME\u0147OV\u00c9 BUNKY stimuluje regener\u00e1ciu spojivov\u00e9ho tkaniva v\u010faka\" \/>\n<meta name=\"twitter:image\" content=\"https:\/\/i0.wp.com\/etako.sk\/eshop\/wp-content\/uploads\/2025\/08\/Solanie-Argan-Beauty-Set.jpg?fit=630%2C630&ssl=1\" \/>\n<meta name=\"twitter:label1\" content=\"Predpokladan\u00fd \u010das \u010d\u00edtania\" \/>\n\t<meta name=\"twitter:data1\" content=\"4 min\u00faty\" \/>\n<script type=\"application\/ld+json\" class=\"yoast-schema-graph\">{\"@context\":\"https:\/\/schema.org\",\"@graph\":[{\"@type\":\"WebPage\",\"@id\":\"https:\/\/etako.sk\/eshop\/produkt\/argan-beauty-set-nutrifirm-argan\/\",\"url\":\"https:\/\/etako.sk\/eshop\/produkt\/argan-beauty-set-nutrifirm-argan\/\",\"name\":\"Argan Beauty Set \/ Nutrifirm Argan - ETAKO e-shop\",\"isPartOf\":{\"@id\":\"https:\/\/etako.sk\/eshop\/#website\"},\"primaryImageOfPage\":{\"@id\":\"https:\/\/etako.sk\/eshop\/produkt\/argan-beauty-set-nutrifirm-argan\/#primaryimage\"},\"image\":{\"@id\":\"https:\/\/etako.sk\/eshop\/produkt\/argan-beauty-set-nutrifirm-argan\/#primaryimage\"},\"thumbnailUrl\":\"https:\/\/i0.wp.com\/etako.sk\/eshop\/wp-content\/uploads\/2025\/08\/Solanie-Argan-Beauty-Set.jpg?fit=630%2C630&ssl=1\",\"datePublished\":\"2025-08-27T17:41:53+00:00\",\"breadcrumb\":{\"@id\":\"https:\/\/etako.sk\/eshop\/produkt\/argan-beauty-set-nutrifirm-argan\/#breadcrumb\"},\"inLanguage\":\"sk-SK\",\"potentialAction\":[{\"@type\":\"ReadAction\",\"target\":[\"https:\/\/etako.sk\/eshop\/produkt\/argan-beauty-set-nutrifirm-argan\/\"]}]},{\"@type\":\"ImageObject\",\"inLanguage\":\"sk-SK\",\"@id\":\"https:\/\/etako.sk\/eshop\/produkt\/argan-beauty-set-nutrifirm-argan\/#primaryimage\",\"url\":\"https:\/\/i0.wp.com\/etako.sk\/eshop\/wp-content\/uploads\/2025\/08\/Solanie-Argan-Beauty-Set.jpg?fit=630%2C630&ssl=1\",\"contentUrl\":\"https:\/\/i0.wp.com\/etako.sk\/eshop\/wp-content\/uploads\/2025\/08\/Solanie-Argan-Beauty-Set.jpg?fit=630%2C630&ssl=1\",\"width\":630,\"height\":630},{\"@type\":\"BreadcrumbList\",\"@id\":\"https:\/\/etako.sk\/eshop\/produkt\/argan-beauty-set-nutrifirm-argan\/#breadcrumb\",\"itemListElement\":[{\"@type\":\"ListItem\",\"position\":1,\"name\":\"Domovsk\u00e1 str\u00e1nka\",\"item\":\"https:\/\/etako.sk\/eshop\/\"},{\"@type\":\"ListItem\",\"position\":2,\"name\":\"Obchod\",\"item\":\"https:\/\/etako.sk\/eshop\/shop\/\"},{\"@type\":\"ListItem\",\"position\":3,\"name\":\"Argan Beauty Set \/ Nutrifirm Argan\"}]},{\"@type\":\"WebSite\",\"@id\":\"https:\/\/etako.sk\/eshop\/#website\",\"url\":\"https:\/\/etako.sk\/eshop\/\",\"name\":\"ETAKO e-shop\",\"description\":\"Etako\",\"potentialAction\":[{\"@type\":\"SearchAction\",\"target\":{\"@type\":\"EntryPoint\",\"urlTemplate\":\"https:\/\/etako.sk\/eshop\/?s={search_term_string}\"},\"query-input\":{\"@type\":\"PropertyValueSpecification\",\"valueRequired\":true,\"valueName\":\"search_term_string\"}}],\"inLanguage\":\"sk-SK\"}]}<\/script>\n<!-- \/ Yoast SEO plugin. -->","yoast_head_json":{"title":"Argan Beauty Set \/ Nutrifirm Argan - ETAKO e-shop","robots":{"index":"index","follow":"follow","max-snippet":"max-snippet:-1","max-image-preview":"max-image-preview:large","max-video-preview":"max-video-preview:-1"},"canonical":"https:\/\/etako.sk\/eshop\/produkt\/argan-beauty-set-nutrifirm-argan\/","twitter_card":"summary_large_image","twitter_title":"Argan Beauty Set \/ Nutrifirm Argan - ETAKO e-shop","twitter_description":"Doprajte svojej poko\u017eke ka\u017ed\u00fd de\u0148 luxus, ktor\u00fd si zasl\u00fa\u017ei! S\u00e9ria SOLANIE ARGAN RASTLINN\u00c9 KME\u0147OV\u00c9 BUNKY stimuluje regener\u00e1ciu spojivov\u00e9ho tkaniva v\u010faka","twitter_image":"https:\/\/i0.wp.com\/etako.sk\/eshop\/wp-content\/uploads\/2025\/08\/Solanie-Argan-Beauty-Set.jpg?fit=630%2C630&ssl=1","twitter_misc":{"Predpokladan\u00fd \u010das \u010d\u00edtania":"4 min\u00faty"},"schema":{"@context":"https:\/\/schema.org","@graph":[{"@type":"WebPage","@id":"https:\/\/etako.sk\/eshop\/produkt\/argan-beauty-set-nutrifirm-argan\/","url":"https:\/\/etako.sk\/eshop\/produkt\/argan-beauty-set-nutrifirm-argan\/","name":"Argan Beauty Set \/ Nutrifirm Argan - ETAKO e-shop","isPartOf":{"@id":"https:\/\/etako.sk\/eshop\/#website"},"primaryImageOfPage":{"@id":"https:\/\/etako.sk\/eshop\/produkt\/argan-beauty-set-nutrifirm-argan\/#primaryimage"},"image":{"@id":"https:\/\/etako.sk\/eshop\/produkt\/argan-beauty-set-nutrifirm-argan\/#primaryimage"},"thumbnailUrl":"https:\/\/i0.wp.com\/etako.sk\/eshop\/wp-content\/uploads\/2025\/08\/Solanie-Argan-Beauty-Set.jpg?fit=630%2C630&ssl=1","datePublished":"2025-08-27T17:41:53+00:00","breadcrumb":{"@id":"https:\/\/etako.sk\/eshop\/produkt\/argan-beauty-set-nutrifirm-argan\/#breadcrumb"},"inLanguage":"sk-SK","potentialAction":[{"@type":"ReadAction","target":["https:\/\/etako.sk\/eshop\/produkt\/argan-beauty-set-nutrifirm-argan\/"]}]},{"@type":"ImageObject","inLanguage":"sk-SK","@id":"https:\/\/etako.sk\/eshop\/produkt\/argan-beauty-set-nutrifirm-argan\/#primaryimage","url":"https:\/\/i0.wp.com\/etako.sk\/eshop\/wp-content\/uploads\/2025\/08\/Solanie-Argan-Beauty-Set.jpg?fit=630%2C630&ssl=1","contentUrl":"https:\/\/i0.wp.com\/etako.sk\/eshop\/wp-content\/uploads\/2025\/08\/Solanie-Argan-Beauty-Set.jpg?fit=630%2C630&ssl=1","width":630,"height":630},{"@type":"BreadcrumbList","@id":"https:\/\/etako.sk\/eshop\/produkt\/argan-beauty-set-nutrifirm-argan\/#breadcrumb","itemListElement":[{"@type":"ListItem","position":1,"name":"Domovsk\u00e1 str\u00e1nka","item":"https:\/\/etako.sk\/eshop\/"},{"@type":"ListItem","position":2,"name":"Obchod","item":"https:\/\/etako.sk\/eshop\/shop\/"},{"@type":"ListItem","position":3,"name":"Argan Beauty Set \/ Nutrifirm Argan"}]},{"@type":"WebSite","@id":"https:\/\/etako.sk\/eshop\/#website","url":"https:\/\/etako.sk\/eshop\/","name":"ETAKO e-shop","description":"Etako","potentialAction":[{"@type":"SearchAction","target":{"@type":"EntryPoint","urlTemplate":"https:\/\/etako.sk\/eshop\/?s={search_term_string}"},"query-input":{"@type":"PropertyValueSpecification","valueRequired":true,"valueName":"search_term_string"}}],"inLanguage":"sk-SK"}]}},"jetpack_sharing_enabled":true,"_links":{"self":[{"href":"https:\/\/etako.sk\/eshop\/wp-json\/wp\/v2\/product\/48755","targetHints":{"allow":["GET"]}}],"collection":[{"href":"https:\/\/etako.sk\/eshop\/wp-json\/wp\/v2\/product"}],"about":[{"href":"https:\/\/etako.sk\/eshop\/wp-json\/wp\/v2\/types\/product"}],"replies":[{"embeddable":true,"href":"https:\/\/etako.sk\/eshop\/wp-json\/wp\/v2\/comments?post=48755"}],"version-history":[{"count":1,"href":"https:\/\/etako.sk\/eshop\/wp-json\/wp\/v2\/product\/48755\/revisions"}],"predecessor-version":[{"id":48757,"href":"https:\/\/etako.sk\/eshop\/wp-json\/wp\/v2\/product\/48755\/revisions\/48757"}],"wp:featuredmedia":[{"embeddable":true,"href":"https:\/\/etako.sk\/eshop\/wp-json\/wp\/v2\/media\/48756"}],"wp:attachment":[{"href":"https:\/\/etako.sk\/eshop\/wp-json\/wp\/v2\/media?parent=48755"}],"wp:term":[{"taxonomy":"product_brand","embeddable":true,"href":"https:\/\/etako.sk\/eshop\/wp-json\/wp\/v2\/product_brand?post=48755"},{"taxonomy":"product_cat","embeddable":true,"href":"https:\/\/etako.sk\/eshop\/wp-json\/wp\/v2\/product_cat?post=48755"},{"taxonomy":"product_tag","embeddable":true,"href":"https:\/\/etako.sk\/eshop\/wp-json\/wp\/v2\/product_tag?post=48755"}],"curies":[{"name":"wp","href":"https:\/\/api.w.org\/{rel}","templated":true}]}}