{"id":48751,"date":"2025-08-27T19:36:56","date_gmt":"2025-08-27T17:36:56","guid":{"rendered":"https:\/\/etako.sk\/eshop\/?post_type=product&#038;p=48751"},"modified":"2025-08-27T19:37:46","modified_gmt":"2025-08-27T17:37:46","slug":"kaviar-beauty-set-luxury-caviar","status":"publish","type":"product","link":"https:\/\/etako.sk\/eshop\/produkt\/kaviar-beauty-set-luxury-caviar\/","title":{"rendered":"Kavi\u00e1r Beauty Set \/ Luxury Caviar"},"content":{"rendered":"<p class=\"pb-2\">Doprajte svojej poko\u017eke ka\u017ed\u00fd de\u0148 luxus, ktor\u00fd si zasl\u00fa\u017ei!<\/p>\n<p class=\"pb-2\">Pr\u00e9miov\u00e1 v\u00fd\u017eiva pre n\u00e1ro\u010dn\u00fa ple\u0165. Extrakt z kavi\u00e1ru a kore\u0148a jamu, ako aj cenn\u00e9 rastlinn\u00e9 oleje, rozmazn\u00e1vaj\u00fa poko\u017eku, ktorej ch\u00fdbaj\u00fa \u017eiviny a voda. Tento set je ide\u00e1lny pre v\u0161etk\u00fdch, ktor\u00ed t\u00fa\u017eia po spevnenej, vy\u017eivenej a mlad\u0161ie p\u00f4sobiacej pleti.<\/p>\n<p class=\"pb-2\">Obsah balenia a charakteristiky produktov:<\/p>\n<ul class=\"marker:text-green list-outside list-disc text-deeplyneutral-800 dark:text-deeplyneutral-50\">\n<li><strong>Solanie Caviar Exclusive\u00a0 protivr\u00e1skov\u00e9 s\u00e9rum\u00a0(SO30601)\u00a0<\/strong>\u013dahk\u00e9 s\u00e9rum bohat\u00e9 na stopov\u00e9 prvky, vitam\u00edny a bielkoviny. Skuto\u010dne luxusn\u00e1 starostlivos\u0165 o zrel\u00fa ple\u0165.<\/li>\n<li>Solanie\u00a0<strong>Exkluz\u00edvny Caviar\u00a0denn\u00fd kr\u00e9m\u00a0<\/strong>50 ml (SO10601)\u00a0Obnovuje ple\u0165 v\u010faka v\u00fd\u017eivn\u00e9mu a hlboko regenera\u010dn\u00e9mu \u00fa\u010dinku.<\/li>\n<li>Solanie\u00a0<strong>Exkluz\u00edvny Caviar no\u010dn\u00fd kr\u00e9m\u00a0<\/strong>50 ml\u00a0\u00a0(SO10602)\u00a0V\u0161etko, \u010do zrel\u00e1 ple\u0165 potrebuje pre no\u010dn\u00fa regener\u00e1ciu.<\/li>\n<\/ul>\n<p class=\"pb-2\">Pre\u010do si vybra\u0165 Kavi\u00e1r Beauty Set?<\/p>\n<ul class=\"marker:text-green list-outside list-disc text-deeplyneutral-800 dark:text-deeplyneutral-50\">\n<li>Ide\u00e1lny pre obnovu pevnosti a pru\u017enosti pleti.<\/li>\n<li>Vyu\u017e\u00edva regenera\u010dn\u00fa silu arganov\u00fdch rastlinn\u00fdch kme\u0148ov\u00fdch buniek.<\/li>\n<li>Vhodn\u00fd na ka\u017edodenn\u00fa starostlivos\u0165 pre v\u0161etky typy pleti, najm\u00e4 zrel\u00fa, such\u00fa \u010di unaven\u00fa ple\u0165.<\/li>\n<\/ul>\n<p class=\"pb-2\">\u00da\u010dinn\u00e9 l\u00e1tky:\u00a0 Alanto\u00edn, Beta\u00edn, Bisabolol, Olej zo p\u0161eni\u010dn\u00fdch kl\u00ed\u010dkov, Ceramidov\u00fd komplex, Vitam\u00edn E, Olej zo sladk\u00fdch mandl\u00ed, Kavi\u00e1r, Kreat\u00edn, Makad\u00e1miov\u00fd olej, Sodium PCA, Pyridoxin (vit.B6),\u00a0Pantenol (vit.B5), Shea maslo, UVA\/UVB filtre, kore\u0148 Yam<\/p>\n<div class=\"property_value_item\"><\/div>\n<p class=\"pb-2\">Odpor\u00fa\u010dan\u00fd typ pleti:<\/p>\n<ul class=\"marker:text-green list-outside list-disc text-deeplyneutral-800 dark:text-deeplyneutral-50\">\n<li>Starn\u00faca ple\u0165<\/li>\n<li>Such\u00e1 ple\u0165<\/li>\n<\/ul>\n<p class=\"pb-2\">Funkcie:<\/p>\n<ul class=\"marker:text-green list-outside list-disc text-deeplyneutral-800 dark:text-deeplyneutral-50\">\n<li>Starostlivos\u0165 o ple\u0165<\/li>\n<li>Omladenie pleti<\/li>\n<li>Spevnenie poko\u017eky<\/li>\n<li>Zadr\u017eiavanie vlhkosti<\/li>\n<li>Proti starnutiu<\/li>\n<li>Odstr\u00e1nenie vr\u00e1sok<\/li>\n<li>Regener\u00e1cia poko\u017eky<\/li>\n<li>V\u00fd\u017eiva pleti<\/li>\n<\/ul>\n<p class=\"pb-2\">Maxim\u00e1lne \u0161etrn\u00e9 zlo\u017eenie:<\/p>\n<ul class=\"marker:text-green list-outside list-disc text-deeplyneutral-800 dark:text-deeplyneutral-50\">\n<li>0 % miner\u00e1lneho oleja<\/li>\n<li>0 % parab\u00e9nov<\/li>\n<li>0 % farb\u00edv<\/li>\n<li>0 % alerg\u00e9nnych v\u00f4n\u00ed<\/li>\n<\/ul>\n<ul class=\"marker:text-green list-outside list-disc text-deeplyneutral-800 dark:text-deeplyneutral-50\">\n<li>Netestovan\u00fd na zvierat\u00e1ch<\/li>\n<\/ul>\n<p class=\"pb-2\">N\u00e1vod na pou\u017eitie:<br \/>\n1.\u00a0R\u00e1no a ve\u010der:\u00a0za\u010dnite svoju rutinu starostlivosti o ple\u0165 nanesen\u00edm 3-4 kvapiek Caviar Exclusive Anti-Wrinkle Serum na vy\u010disten\u00fa ple\u0165 a potom pokra\u010dujte vmas\u00edrovan\u00edm kr\u00e9mu vhodn\u00e9ho pre denn\u00fa dobu.<\/p>\n<p class=\"pb-2\">Upozornenie:\u00a0Na vonkaj\u0161ie pou\u017eitie! Uchov\u00e1vajte mimo dosahu det\u00ed! Zabr\u00e1\u0148te kontaktu s o\u010dami! Ak sa produkt dostane do o\u010d\u00ed, okam\u017eite ich vypl\u00e1chnite ve\u013ek\u00fdm mno\u017estvom vody!<\/p>\n<p class=\"pb-2\">\n","protected":false},"excerpt":{"rendered":"<p>Doprajte svojej poko\u017eke ka\u017ed\u00fd de\u0148 luxus, ktor\u00fd si zasl\u00fa\u017ei! Pr\u00e9miov\u00e1 v\u00fd\u017eiva pre n\u00e1ro\u010dn\u00fa ple\u0165. Extrakt z kavi\u00e1ru a kore\u0148a jamu,<\/p>\n","protected":false},"featured_media":48752,"comment_status":"closed","ping_status":"closed","template":"","meta":{"jetpack_publicize_message":"","jetpack_publicize_feature_enabled":true,"jetpack_social_post_already_shared":true,"jetpack_social_options":{"image_generator_settings":{"template":"highway","enabled":false},"version":2}},"product_brand":[],"product_cat":[1876,1864],"product_tag":[],"class_list":{"0":"post-48751","1":"product","2":"type-product","3":"status-publish","4":"has-post-thumbnail","6":"product_cat-beauty-box-kozmeticke-balicky","7":"product_cat-dekorativna-kozmetika","8":"product_shipping_class-standard","10":"","11":"instock","12":"taxable","13":"shipping-taxable","14":"purchasable","15":"product-type-simple"},"jetpack_publicize_connections":[],"yoast_head":"<!-- This site is optimized with the Yoast SEO plugin v25.6 - https:\/\/yoast.com\/wordpress\/plugins\/seo\/ -->\n<title>Kavi\u00e1r Beauty Set \/ Luxury Caviar - ETAKO e-shop<\/title>\n<meta name=\"robots\" content=\"index, follow, max-snippet:-1, max-image-preview:large, max-video-preview:-1\" \/>\n<link rel=\"canonical\" href=\"https:\/\/etako.sk\/eshop\/produkt\/kaviar-beauty-set-luxury-caviar\/\" \/>\n<meta name=\"twitter:card\" content=\"summary_large_image\" \/>\n<meta name=\"twitter:title\" content=\"Kavi\u00e1r Beauty Set \/ Luxury Caviar - ETAKO e-shop\" \/>\n<meta name=\"twitter:description\" content=\"Doprajte svojej poko\u017eke ka\u017ed\u00fd de\u0148 luxus, ktor\u00fd si zasl\u00fa\u017ei! Pr\u00e9miov\u00e1 v\u00fd\u017eiva pre n\u00e1ro\u010dn\u00fa ple\u0165. Extrakt z kavi\u00e1ru a kore\u0148a jamu,\" \/>\n<meta name=\"twitter:image\" content=\"https:\/\/i0.wp.com\/etako.sk\/eshop\/wp-content\/uploads\/2025\/08\/Solanie-Kaviar-Beauty-Set-1.jpg?fit=630%2C630&ssl=1\" \/>\n<meta name=\"twitter:label1\" content=\"Predpokladan\u00fd \u010das \u010d\u00edtania\" \/>\n\t<meta name=\"twitter:data1\" content=\"2 min\u00faty\" \/>\n<script type=\"application\/ld+json\" class=\"yoast-schema-graph\">{\"@context\":\"https:\/\/schema.org\",\"@graph\":[{\"@type\":\"WebPage\",\"@id\":\"https:\/\/etako.sk\/eshop\/produkt\/kaviar-beauty-set-luxury-caviar\/\",\"url\":\"https:\/\/etako.sk\/eshop\/produkt\/kaviar-beauty-set-luxury-caviar\/\",\"name\":\"Kavi\u00e1r Beauty Set \/ Luxury Caviar - ETAKO e-shop\",\"isPartOf\":{\"@id\":\"https:\/\/etako.sk\/eshop\/#website\"},\"primaryImageOfPage\":{\"@id\":\"https:\/\/etako.sk\/eshop\/produkt\/kaviar-beauty-set-luxury-caviar\/#primaryimage\"},\"image\":{\"@id\":\"https:\/\/etako.sk\/eshop\/produkt\/kaviar-beauty-set-luxury-caviar\/#primaryimage\"},\"thumbnailUrl\":\"https:\/\/i0.wp.com\/etako.sk\/eshop\/wp-content\/uploads\/2025\/08\/Solanie-Kaviar-Beauty-Set-1.jpg?fit=630%2C630&ssl=1\",\"datePublished\":\"2025-08-27T17:36:56+00:00\",\"dateModified\":\"2025-08-27T17:37:46+00:00\",\"breadcrumb\":{\"@id\":\"https:\/\/etako.sk\/eshop\/produkt\/kaviar-beauty-set-luxury-caviar\/#breadcrumb\"},\"inLanguage\":\"sk-SK\",\"potentialAction\":[{\"@type\":\"ReadAction\",\"target\":[\"https:\/\/etako.sk\/eshop\/produkt\/kaviar-beauty-set-luxury-caviar\/\"]}]},{\"@type\":\"ImageObject\",\"inLanguage\":\"sk-SK\",\"@id\":\"https:\/\/etako.sk\/eshop\/produkt\/kaviar-beauty-set-luxury-caviar\/#primaryimage\",\"url\":\"https:\/\/i0.wp.com\/etako.sk\/eshop\/wp-content\/uploads\/2025\/08\/Solanie-Kaviar-Beauty-Set-1.jpg?fit=630%2C630&ssl=1\",\"contentUrl\":\"https:\/\/i0.wp.com\/etako.sk\/eshop\/wp-content\/uploads\/2025\/08\/Solanie-Kaviar-Beauty-Set-1.jpg?fit=630%2C630&ssl=1\",\"width\":630,\"height\":630},{\"@type\":\"BreadcrumbList\",\"@id\":\"https:\/\/etako.sk\/eshop\/produkt\/kaviar-beauty-set-luxury-caviar\/#breadcrumb\",\"itemListElement\":[{\"@type\":\"ListItem\",\"position\":1,\"name\":\"Domovsk\u00e1 str\u00e1nka\",\"item\":\"https:\/\/etako.sk\/eshop\/\"},{\"@type\":\"ListItem\",\"position\":2,\"name\":\"Obchod\",\"item\":\"https:\/\/etako.sk\/eshop\/shop\/\"},{\"@type\":\"ListItem\",\"position\":3,\"name\":\"Kavi\u00e1r Beauty Set \/ Luxury Caviar\"}]},{\"@type\":\"WebSite\",\"@id\":\"https:\/\/etako.sk\/eshop\/#website\",\"url\":\"https:\/\/etako.sk\/eshop\/\",\"name\":\"ETAKO e-shop\",\"description\":\"Etako\",\"potentialAction\":[{\"@type\":\"SearchAction\",\"target\":{\"@type\":\"EntryPoint\",\"urlTemplate\":\"https:\/\/etako.sk\/eshop\/?s={search_term_string}\"},\"query-input\":{\"@type\":\"PropertyValueSpecification\",\"valueRequired\":true,\"valueName\":\"search_term_string\"}}],\"inLanguage\":\"sk-SK\"}]}<\/script>\n<!-- \/ Yoast SEO plugin. -->","yoast_head_json":{"title":"Kavi\u00e1r Beauty Set \/ Luxury Caviar - ETAKO e-shop","robots":{"index":"index","follow":"follow","max-snippet":"max-snippet:-1","max-image-preview":"max-image-preview:large","max-video-preview":"max-video-preview:-1"},"canonical":"https:\/\/etako.sk\/eshop\/produkt\/kaviar-beauty-set-luxury-caviar\/","twitter_card":"summary_large_image","twitter_title":"Kavi\u00e1r Beauty Set \/ Luxury Caviar - ETAKO e-shop","twitter_description":"Doprajte svojej poko\u017eke ka\u017ed\u00fd de\u0148 luxus, ktor\u00fd si zasl\u00fa\u017ei! Pr\u00e9miov\u00e1 v\u00fd\u017eiva pre n\u00e1ro\u010dn\u00fa ple\u0165. Extrakt z kavi\u00e1ru a kore\u0148a jamu,","twitter_image":"https:\/\/i0.wp.com\/etako.sk\/eshop\/wp-content\/uploads\/2025\/08\/Solanie-Kaviar-Beauty-Set-1.jpg?fit=630%2C630&ssl=1","twitter_misc":{"Predpokladan\u00fd \u010das \u010d\u00edtania":"2 min\u00faty"},"schema":{"@context":"https:\/\/schema.org","@graph":[{"@type":"WebPage","@id":"https:\/\/etako.sk\/eshop\/produkt\/kaviar-beauty-set-luxury-caviar\/","url":"https:\/\/etako.sk\/eshop\/produkt\/kaviar-beauty-set-luxury-caviar\/","name":"Kavi\u00e1r Beauty Set \/ Luxury Caviar - ETAKO e-shop","isPartOf":{"@id":"https:\/\/etako.sk\/eshop\/#website"},"primaryImageOfPage":{"@id":"https:\/\/etako.sk\/eshop\/produkt\/kaviar-beauty-set-luxury-caviar\/#primaryimage"},"image":{"@id":"https:\/\/etako.sk\/eshop\/produkt\/kaviar-beauty-set-luxury-caviar\/#primaryimage"},"thumbnailUrl":"https:\/\/i0.wp.com\/etako.sk\/eshop\/wp-content\/uploads\/2025\/08\/Solanie-Kaviar-Beauty-Set-1.jpg?fit=630%2C630&ssl=1","datePublished":"2025-08-27T17:36:56+00:00","dateModified":"2025-08-27T17:37:46+00:00","breadcrumb":{"@id":"https:\/\/etako.sk\/eshop\/produkt\/kaviar-beauty-set-luxury-caviar\/#breadcrumb"},"inLanguage":"sk-SK","potentialAction":[{"@type":"ReadAction","target":["https:\/\/etako.sk\/eshop\/produkt\/kaviar-beauty-set-luxury-caviar\/"]}]},{"@type":"ImageObject","inLanguage":"sk-SK","@id":"https:\/\/etako.sk\/eshop\/produkt\/kaviar-beauty-set-luxury-caviar\/#primaryimage","url":"https:\/\/i0.wp.com\/etako.sk\/eshop\/wp-content\/uploads\/2025\/08\/Solanie-Kaviar-Beauty-Set-1.jpg?fit=630%2C630&ssl=1","contentUrl":"https:\/\/i0.wp.com\/etako.sk\/eshop\/wp-content\/uploads\/2025\/08\/Solanie-Kaviar-Beauty-Set-1.jpg?fit=630%2C630&ssl=1","width":630,"height":630},{"@type":"BreadcrumbList","@id":"https:\/\/etako.sk\/eshop\/produkt\/kaviar-beauty-set-luxury-caviar\/#breadcrumb","itemListElement":[{"@type":"ListItem","position":1,"name":"Domovsk\u00e1 str\u00e1nka","item":"https:\/\/etako.sk\/eshop\/"},{"@type":"ListItem","position":2,"name":"Obchod","item":"https:\/\/etako.sk\/eshop\/shop\/"},{"@type":"ListItem","position":3,"name":"Kavi\u00e1r Beauty Set \/ Luxury Caviar"}]},{"@type":"WebSite","@id":"https:\/\/etako.sk\/eshop\/#website","url":"https:\/\/etako.sk\/eshop\/","name":"ETAKO e-shop","description":"Etako","potentialAction":[{"@type":"SearchAction","target":{"@type":"EntryPoint","urlTemplate":"https:\/\/etako.sk\/eshop\/?s={search_term_string}"},"query-input":{"@type":"PropertyValueSpecification","valueRequired":true,"valueName":"search_term_string"}}],"inLanguage":"sk-SK"}]}},"jetpack_sharing_enabled":true,"_links":{"self":[{"href":"https:\/\/etako.sk\/eshop\/wp-json\/wp\/v2\/product\/48751","targetHints":{"allow":["GET"]}}],"collection":[{"href":"https:\/\/etako.sk\/eshop\/wp-json\/wp\/v2\/product"}],"about":[{"href":"https:\/\/etako.sk\/eshop\/wp-json\/wp\/v2\/types\/product"}],"replies":[{"embeddable":true,"href":"https:\/\/etako.sk\/eshop\/wp-json\/wp\/v2\/comments?post=48751"}],"version-history":[{"count":2,"href":"https:\/\/etako.sk\/eshop\/wp-json\/wp\/v2\/product\/48751\/revisions"}],"predecessor-version":[{"id":48754,"href":"https:\/\/etako.sk\/eshop\/wp-json\/wp\/v2\/product\/48751\/revisions\/48754"}],"wp:featuredmedia":[{"embeddable":true,"href":"https:\/\/etako.sk\/eshop\/wp-json\/wp\/v2\/media\/48752"}],"wp:attachment":[{"href":"https:\/\/etako.sk\/eshop\/wp-json\/wp\/v2\/media?parent=48751"}],"wp:term":[{"taxonomy":"product_brand","embeddable":true,"href":"https:\/\/etako.sk\/eshop\/wp-json\/wp\/v2\/product_brand?post=48751"},{"taxonomy":"product_cat","embeddable":true,"href":"https:\/\/etako.sk\/eshop\/wp-json\/wp\/v2\/product_cat?post=48751"},{"taxonomy":"product_tag","embeddable":true,"href":"https:\/\/etako.sk\/eshop\/wp-json\/wp\/v2\/product_tag?post=48751"}],"curies":[{"name":"wp","href":"https:\/\/api.w.org\/{rel}","templated":true}]}}