{"id":48714,"date":"2025-08-11T17:25:58","date_gmt":"2025-08-11T15:25:58","guid":{"rendered":"https:\/\/etako.sk\/eshop\/?post_type=product&#038;p=48714"},"modified":"2025-08-11T17:25:58","modified_gmt":"2025-08-11T15:25:58","slug":"scrunchie-ozdobna-gumicka-saten-tmavo-siva-leskla","status":"publish","type":"product","link":"https:\/\/etako.sk\/eshop\/produkt\/scrunchie-ozdobna-gumicka-saten-tmavo-siva-leskla\/","title":{"rendered":"Scrunchie ozdobn\u00e1 gumi\u010dka sat\u00e9n tmavo siv\u00e1 leskl\u00e1"},"content":{"rendered":"<p>Moja v\u00fdroba ozdobnej gumi\u010dky do vlasov, farba je tmavo siv\u00e1 leskl\u00e1 sat\u00e9nov\u00e1 l\u00e1tka.<\/p>\n","protected":false},"excerpt":{"rendered":"<p>Moja v\u00fdroba ozdobnej gumi\u010dky do vlasov, farba je tmavo siv\u00e1 leskl\u00e1 sat\u00e9nov\u00e1 l\u00e1tka.<\/p>\n","protected":false},"featured_media":48715,"comment_status":"closed","ping_status":"closed","template":"","meta":{"jetpack_publicize_message":"","jetpack_publicize_feature_enabled":true,"jetpack_social_post_already_shared":true,"jetpack_social_options":{"image_generator_settings":{"template":"highway","enabled":false},"version":2}},"product_brand":[],"product_cat":[626,604],"product_tag":[],"class_list":{"0":"post-48714","1":"product","2":"type-product","3":"status-publish","4":"has-post-thumbnail","6":"product_cat-gumicka-do-vlasov","7":"product_cat-vlastna-vyroba-hand-made","8":"product_shipping_class-standard","10":"","11":"instock","12":"taxable","13":"shipping-taxable","14":"purchasable","15":"product-type-simple"},"jetpack_publicize_connections":[],"yoast_head":"<!-- This site is optimized with the Yoast SEO plugin v25.6 - https:\/\/yoast.com\/wordpress\/plugins\/seo\/ -->\n<title>Scrunchie ozdobn\u00e1 gumi\u010dka sat\u00e9n tmavo siv\u00e1 leskl\u00e1 - ETAKO e-shop<\/title>\n<meta name=\"robots\" content=\"index, follow, max-snippet:-1, max-image-preview:large, max-video-preview:-1\" \/>\n<link rel=\"canonical\" href=\"https:\/\/etako.sk\/eshop\/produkt\/scrunchie-ozdobna-gumicka-saten-tmavo-siva-leskla\/\" \/>\n<meta name=\"twitter:card\" content=\"summary_large_image\" \/>\n<meta name=\"twitter:title\" content=\"Scrunchie ozdobn\u00e1 gumi\u010dka sat\u00e9n tmavo siv\u00e1 leskl\u00e1 - ETAKO e-shop\" \/>\n<meta name=\"twitter:description\" content=\"Moja v\u00fdroba ozdobnej gumi\u010dky do vlasov, farba je tmavo siv\u00e1 leskl\u00e1 sat\u00e9nov\u00e1 l\u00e1tka.\" \/>\n<meta name=\"twitter:image\" content=\"https:\/\/i0.wp.com\/etako.sk\/eshop\/wp-content\/uploads\/2025\/08\/oebdDwMk48U_s460xn.jpg?fit=460%2C345&ssl=1\" \/>\n<meta name=\"twitter:label1\" content=\"Predpokladan\u00fd \u010das \u010d\u00edtania\" \/>\n\t<meta name=\"twitter:data1\" content=\"1 min\u00fata\" \/>\n<script type=\"application\/ld+json\" class=\"yoast-schema-graph\">{\"@context\":\"https:\/\/schema.org\",\"@graph\":[{\"@type\":\"WebPage\",\"@id\":\"https:\/\/etako.sk\/eshop\/produkt\/scrunchie-ozdobna-gumicka-saten-tmavo-siva-leskla\/\",\"url\":\"https:\/\/etako.sk\/eshop\/produkt\/scrunchie-ozdobna-gumicka-saten-tmavo-siva-leskla\/\",\"name\":\"Scrunchie ozdobn\u00e1 gumi\u010dka sat\u00e9n tmavo siv\u00e1 leskl\u00e1 - ETAKO e-shop\",\"isPartOf\":{\"@id\":\"https:\/\/etako.sk\/eshop\/#website\"},\"primaryImageOfPage\":{\"@id\":\"https:\/\/etako.sk\/eshop\/produkt\/scrunchie-ozdobna-gumicka-saten-tmavo-siva-leskla\/#primaryimage\"},\"image\":{\"@id\":\"https:\/\/etako.sk\/eshop\/produkt\/scrunchie-ozdobna-gumicka-saten-tmavo-siva-leskla\/#primaryimage\"},\"thumbnailUrl\":\"https:\/\/i0.wp.com\/etako.sk\/eshop\/wp-content\/uploads\/2025\/08\/oebdDwMk48U_s460xn.jpg?fit=460%2C345&ssl=1\",\"datePublished\":\"2025-08-11T15:25:58+00:00\",\"breadcrumb\":{\"@id\":\"https:\/\/etako.sk\/eshop\/produkt\/scrunchie-ozdobna-gumicka-saten-tmavo-siva-leskla\/#breadcrumb\"},\"inLanguage\":\"sk-SK\",\"potentialAction\":[{\"@type\":\"ReadAction\",\"target\":[\"https:\/\/etako.sk\/eshop\/produkt\/scrunchie-ozdobna-gumicka-saten-tmavo-siva-leskla\/\"]}]},{\"@type\":\"ImageObject\",\"inLanguage\":\"sk-SK\",\"@id\":\"https:\/\/etako.sk\/eshop\/produkt\/scrunchie-ozdobna-gumicka-saten-tmavo-siva-leskla\/#primaryimage\",\"url\":\"https:\/\/i0.wp.com\/etako.sk\/eshop\/wp-content\/uploads\/2025\/08\/oebdDwMk48U_s460xn.jpg?fit=460%2C345&ssl=1\",\"contentUrl\":\"https:\/\/i0.wp.com\/etako.sk\/eshop\/wp-content\/uploads\/2025\/08\/oebdDwMk48U_s460xn.jpg?fit=460%2C345&ssl=1\",\"width\":460,\"height\":345},{\"@type\":\"BreadcrumbList\",\"@id\":\"https:\/\/etako.sk\/eshop\/produkt\/scrunchie-ozdobna-gumicka-saten-tmavo-siva-leskla\/#breadcrumb\",\"itemListElement\":[{\"@type\":\"ListItem\",\"position\":1,\"name\":\"Domovsk\u00e1 str\u00e1nka\",\"item\":\"https:\/\/etako.sk\/eshop\/\"},{\"@type\":\"ListItem\",\"position\":2,\"name\":\"Obchod\",\"item\":\"https:\/\/etako.sk\/eshop\/shop\/\"},{\"@type\":\"ListItem\",\"position\":3,\"name\":\"Scrunchie ozdobn\u00e1 gumi\u010dka sat\u00e9n tmavo siv\u00e1 leskl\u00e1\"}]},{\"@type\":\"WebSite\",\"@id\":\"https:\/\/etako.sk\/eshop\/#website\",\"url\":\"https:\/\/etako.sk\/eshop\/\",\"name\":\"ETAKO e-shop\",\"description\":\"Etako\",\"potentialAction\":[{\"@type\":\"SearchAction\",\"target\":{\"@type\":\"EntryPoint\",\"urlTemplate\":\"https:\/\/etako.sk\/eshop\/?s={search_term_string}\"},\"query-input\":{\"@type\":\"PropertyValueSpecification\",\"valueRequired\":true,\"valueName\":\"search_term_string\"}}],\"inLanguage\":\"sk-SK\"}]}<\/script>\n<!-- \/ Yoast SEO plugin. -->","yoast_head_json":{"title":"Scrunchie ozdobn\u00e1 gumi\u010dka sat\u00e9n tmavo siv\u00e1 leskl\u00e1 - ETAKO e-shop","robots":{"index":"index","follow":"follow","max-snippet":"max-snippet:-1","max-image-preview":"max-image-preview:large","max-video-preview":"max-video-preview:-1"},"canonical":"https:\/\/etako.sk\/eshop\/produkt\/scrunchie-ozdobna-gumicka-saten-tmavo-siva-leskla\/","twitter_card":"summary_large_image","twitter_title":"Scrunchie ozdobn\u00e1 gumi\u010dka sat\u00e9n tmavo siv\u00e1 leskl\u00e1 - ETAKO e-shop","twitter_description":"Moja v\u00fdroba ozdobnej gumi\u010dky do vlasov, farba je tmavo siv\u00e1 leskl\u00e1 sat\u00e9nov\u00e1 l\u00e1tka.","twitter_image":"https:\/\/i0.wp.com\/etako.sk\/eshop\/wp-content\/uploads\/2025\/08\/oebdDwMk48U_s460xn.jpg?fit=460%2C345&ssl=1","twitter_misc":{"Predpokladan\u00fd \u010das \u010d\u00edtania":"1 min\u00fata"},"schema":{"@context":"https:\/\/schema.org","@graph":[{"@type":"WebPage","@id":"https:\/\/etako.sk\/eshop\/produkt\/scrunchie-ozdobna-gumicka-saten-tmavo-siva-leskla\/","url":"https:\/\/etako.sk\/eshop\/produkt\/scrunchie-ozdobna-gumicka-saten-tmavo-siva-leskla\/","name":"Scrunchie ozdobn\u00e1 gumi\u010dka sat\u00e9n tmavo siv\u00e1 leskl\u00e1 - ETAKO e-shop","isPartOf":{"@id":"https:\/\/etako.sk\/eshop\/#website"},"primaryImageOfPage":{"@id":"https:\/\/etako.sk\/eshop\/produkt\/scrunchie-ozdobna-gumicka-saten-tmavo-siva-leskla\/#primaryimage"},"image":{"@id":"https:\/\/etako.sk\/eshop\/produkt\/scrunchie-ozdobna-gumicka-saten-tmavo-siva-leskla\/#primaryimage"},"thumbnailUrl":"https:\/\/i0.wp.com\/etako.sk\/eshop\/wp-content\/uploads\/2025\/08\/oebdDwMk48U_s460xn.jpg?fit=460%2C345&ssl=1","datePublished":"2025-08-11T15:25:58+00:00","breadcrumb":{"@id":"https:\/\/etako.sk\/eshop\/produkt\/scrunchie-ozdobna-gumicka-saten-tmavo-siva-leskla\/#breadcrumb"},"inLanguage":"sk-SK","potentialAction":[{"@type":"ReadAction","target":["https:\/\/etako.sk\/eshop\/produkt\/scrunchie-ozdobna-gumicka-saten-tmavo-siva-leskla\/"]}]},{"@type":"ImageObject","inLanguage":"sk-SK","@id":"https:\/\/etako.sk\/eshop\/produkt\/scrunchie-ozdobna-gumicka-saten-tmavo-siva-leskla\/#primaryimage","url":"https:\/\/i0.wp.com\/etako.sk\/eshop\/wp-content\/uploads\/2025\/08\/oebdDwMk48U_s460xn.jpg?fit=460%2C345&ssl=1","contentUrl":"https:\/\/i0.wp.com\/etako.sk\/eshop\/wp-content\/uploads\/2025\/08\/oebdDwMk48U_s460xn.jpg?fit=460%2C345&ssl=1","width":460,"height":345},{"@type":"BreadcrumbList","@id":"https:\/\/etako.sk\/eshop\/produkt\/scrunchie-ozdobna-gumicka-saten-tmavo-siva-leskla\/#breadcrumb","itemListElement":[{"@type":"ListItem","position":1,"name":"Domovsk\u00e1 str\u00e1nka","item":"https:\/\/etako.sk\/eshop\/"},{"@type":"ListItem","position":2,"name":"Obchod","item":"https:\/\/etako.sk\/eshop\/shop\/"},{"@type":"ListItem","position":3,"name":"Scrunchie ozdobn\u00e1 gumi\u010dka sat\u00e9n tmavo siv\u00e1 leskl\u00e1"}]},{"@type":"WebSite","@id":"https:\/\/etako.sk\/eshop\/#website","url":"https:\/\/etako.sk\/eshop\/","name":"ETAKO e-shop","description":"Etako","potentialAction":[{"@type":"SearchAction","target":{"@type":"EntryPoint","urlTemplate":"https:\/\/etako.sk\/eshop\/?s={search_term_string}"},"query-input":{"@type":"PropertyValueSpecification","valueRequired":true,"valueName":"search_term_string"}}],"inLanguage":"sk-SK"}]}},"jetpack_sharing_enabled":true,"_links":{"self":[{"href":"https:\/\/etako.sk\/eshop\/wp-json\/wp\/v2\/product\/48714","targetHints":{"allow":["GET"]}}],"collection":[{"href":"https:\/\/etako.sk\/eshop\/wp-json\/wp\/v2\/product"}],"about":[{"href":"https:\/\/etako.sk\/eshop\/wp-json\/wp\/v2\/types\/product"}],"replies":[{"embeddable":true,"href":"https:\/\/etako.sk\/eshop\/wp-json\/wp\/v2\/comments?post=48714"}],"version-history":[{"count":1,"href":"https:\/\/etako.sk\/eshop\/wp-json\/wp\/v2\/product\/48714\/revisions"}],"predecessor-version":[{"id":48716,"href":"https:\/\/etako.sk\/eshop\/wp-json\/wp\/v2\/product\/48714\/revisions\/48716"}],"wp:featuredmedia":[{"embeddable":true,"href":"https:\/\/etako.sk\/eshop\/wp-json\/wp\/v2\/media\/48715"}],"wp:attachment":[{"href":"https:\/\/etako.sk\/eshop\/wp-json\/wp\/v2\/media?parent=48714"}],"wp:term":[{"taxonomy":"product_brand","embeddable":true,"href":"https:\/\/etako.sk\/eshop\/wp-json\/wp\/v2\/product_brand?post=48714"},{"taxonomy":"product_cat","embeddable":true,"href":"https:\/\/etako.sk\/eshop\/wp-json\/wp\/v2\/product_cat?post=48714"},{"taxonomy":"product_tag","embeddable":true,"href":"https:\/\/etako.sk\/eshop\/wp-json\/wp\/v2\/product_tag?post=48714"}],"curies":[{"name":"wp","href":"https:\/\/api.w.org\/{rel}","templated":true}]}}