{"id":48697,"date":"2025-08-11T15:58:27","date_gmt":"2025-08-11T13:58:27","guid":{"rendered":"https:\/\/etako.sk\/eshop\/?post_type=product&#038;p=48697"},"modified":"2026-04-07T15:50:24","modified_gmt":"2026-04-07T13:50:24","slug":"korejska-kozmetika-krx-tonovaci-krem-s-spf-50-pa","status":"publish","type":"product","link":"https:\/\/etako.sk\/eshop\/produkt\/korejska-kozmetika-krx-tonovaci-krem-s-spf-50-pa\/","title":{"rendered":"K\u00f3rejsk\u00e1 kozmetika KRX T\u00d3NOVAC\u00cd KR\u00c9M S SPF 50 Light\/Medium PA+++"},"content":{"rendered":"<p>\u0160irokospektr\u00e1lny t\u00f3novac\u00ed SPF, ktor\u00fd nezanech\u00e1va \u0161kvrny a neupch\u00e1va p\u00f3ry. Odtie\u0148 sa prisp\u00f4sob\u00ed v\u0161etk\u00fdm t\u00f3nom pleti. Odol\u00e1va a pom\u00e1ha poko\u017eke s regener\u00e1ciou po slne\u010dn\u00fdch l\u00fa\u010doch.<\/p>\n<p>\u200bFunguje aj ako t\u00f3novan\u00fd hydrata\u010dn\u00fd kr\u00e9m, ktor\u00fd vyrovn\u00e1va t\u00f3n va\u0161ej pleti a\u00a0\u00a0\u00a0z\u00e1rove\u0148 zlep\u0161uje\u00a0prirodzen\u00fd t\u00f3n va\u0161ej poko\u017eky.<\/p>\n<p>D\u00e1 sa pou\u017ei\u0165 aj pod make-up, pri\u010dom nezanech\u00e1va f\u013eaky!<\/p>\n<p>Kr\u00e9m obsahuje\u00a0<strong>miner\u00e1lne filtre<\/strong>\u00a0oxid\u00a0zino\u010dnat\u00fd (Titanium Dioxide) a oxid titani\u010dit\u00fd (Zinc Oxide).<\/p>\n<p>Miner\u00e1lny filter, zn\u00e1my aj ako fyzick\u00fd,\u00a0m\u00e1\u00a0schopnos\u0165 UV \u017eiarenie odr\u00e1\u017ea\u0165 sp\u00e4\u0165 (ako zrkadlo) u\u017e na povrchu poko\u017eky, v\u010faka \u010domu UV \u017eiarenie neprenik\u00e1 do\u00a0poko\u017eky.<\/p>\n<p>&nbsp;<\/p>\n<p><strong>\u010co znamen\u00e1 ozna\u010denie PA+++ ?\u00a0<\/strong><\/p>\n<p>Opa\u013eovac\u00ed kr\u00e9m s PA+++ poskytuje dobr\u00fa ochranu pred UVA \u017eiaren\u00edm, blokuje a\u017e 90 % UVA l\u00fa\u010dov a vydr\u017e\u00ed pribli\u017ene 8 \u2013 12 hod\u00edn.<\/p>\n<p>Opa\u013eovac\u00ed kr\u00e9m PA+++\u00a0sa d\u00f4razne odpor\u00fa\u010da \u013eu\u010fom so svetlou alebo citlivou poko\u017ekou. Pon\u00faka vysok\u00fa \u00farove\u0148 ochrany pred UVA \u017eiaren\u00edm.<\/p>\n<p>&nbsp;<\/p>\n<p><strong>Hlavn\u00e9 \u00fa\u010dinky kr\u00e9mu:\u00a0<\/strong><\/p>\n<p><strong>\u0160irok\u00e9 spektrum ochrany:\u00a0<\/strong>Chr\u00e1ni poko\u017eku pred UVA a UVB \u017eiaren\u00edm.<br \/>\n<strong>T\u00f3novan\u00e9 zlo\u017eenie:<\/strong>\u00a0Zv\u00fdraz\u0148uje a vyrovn\u00e1va stredn\u00e9 a\u017e tmav\u00e9 t\u00f3ny pleti.<br \/>\n<strong>Hydrat\u00e1cia:<\/strong>\u00a0Dod\u00e1va pleti potrebn\u00fa hydrat\u00e1ciu, aby bola jemn\u00e1 a pru\u017en\u00e1.<br \/>\n<strong>\u017diariv\u00fd fini\u0161:<\/strong>\u00a0Zanech\u00e1va ple\u0165 prirodzene a zdravo roz\u017eiaren\u00fa.<br \/>\n<strong>\u013dahkos\u0165:\u00a0<\/strong>Nemastn\u00e9 zlo\u017eenie sa r\u00fdchlo vstreb\u00e1va a je na pleti pr\u00edjemn\u00e9.<\/p>\n<p><strong>N\u00e1vod na pou\u017eitie:<\/strong><br \/>\nAplik\u00e1cia: Naneste mal\u00e9 mno\u017estvo pr\u00edpravku a rovnomerne ho rozotrite na tv\u00e1r a krk.\u00a0Jemne vmas\u00edrujte do poko\u017eky, aby ste dosiahli rovnomern\u00fd a prirodzen\u00fd vzh\u013ead.<br \/>\nOp\u00e4tovn\u00e1 aplik\u00e1cia: Opakujte aplik\u00e1ciu, najm\u00e4 po pl\u00e1van\u00ed alebo poten\u00ed, aby ste zaistili trval\u00fa ochranu.<\/p>\n<p>&nbsp;<\/p>\n<p>Odtie\u0148 Ligh\/Medium<\/p>\n<p>D\u00e1 sa pou\u017ei\u0165 aj pod make-up, pri\u010dom nezanech\u00e1va f\u013eaky!<\/p>\n<p>Pou\u017e\u00edvajte na cel\u00fa tv\u00e1r, krk a dekolt.<\/p>\n<p>Balenie:\u00a030ml<\/p>\n<p>&nbsp;<\/p>\n<p>\u200bZlo\u017eenie:\u00a0Water, Cyclopentasiloxane, Ethylhexyl Methoxycinnamate, Titanium Dioxide, Ethylhexyl Salicylate, Zinc Oxide, Butyloctyl Salicylate, Caprylic\/Capric Triglyceride, Octocrylene, Cetyl PEG\/PPG-10\/1 Dimethicone,<br \/>\nGlycerin, Methylpropanediol, Niacinamide, 1,2- Hexanediol, Dimethicone, Disteardimonium Hectorite, Sorbitan Olivate, Sorbitan Sesquioleate, Microcrystalline Wax, Lauroyl Lysine, Magnesium Sulfate, PEG-30 Dipolyhydroxystearate, Quaternium-18 Bentonite, CI 77492, Silica, Triethoxycaprylylsilane, CI 77491, Crataegus Cuneata Fruit Extract, Prunus Persica (Peach) Fruit Extract, Pyrus Communis (Pear) Fruit Extract, Ethylhexylglycerin, CI 77499, Adenosine, Hedera Helix (Ivy) Extract, Vanilla Planifolia Fruit Extract, Musa Sapientum (Banana) Fruit Extract, Disodium EDTA, BHT, Pentaerythrityl Tetra-di-t-butyl Hydroxyhydrocinnamate.<\/p>\n<p>&nbsp;<\/p>\n<p>&nbsp;<\/p>\n<p>&nbsp;<\/p>\n","protected":false},"excerpt":{"rendered":"<p>\u0160irokospektr\u00e1lny t\u00f3novac\u00ed SPF, ktor\u00fd nezanech\u00e1va \u0161kvrny a neupch\u00e1va p\u00f3ry. Odtie\u0148 sa prisp\u00f4sob\u00ed v\u0161etk\u00fdm t\u00f3nom pleti. Odol\u00e1va a pom\u00e1ha poko\u017eke s<\/p>\n","protected":false},"featured_media":48698,"comment_status":"closed","ping_status":"closed","template":"","meta":{"jetpack_publicize_message":"","jetpack_publicize_feature_enabled":true,"jetpack_social_post_already_shared":true,"jetpack_social_options":{"image_generator_settings":{"template":"highway","enabled":false},"version":2}},"product_brand":[],"product_cat":[1865],"product_tag":[],"class_list":{"0":"post-48697","1":"product","2":"type-product","3":"status-publish","4":"has-post-thumbnail","6":"product_cat-denny-krem","7":"product_shipping_class-standard","9":"","10":"instock","11":"taxable","12":"shipping-taxable","13":"purchasable","14":"product-type-simple"},"jetpack_publicize_connections":[],"yoast_head":"<!-- This site is optimized with the Yoast SEO plugin v25.6 - https:\/\/yoast.com\/wordpress\/plugins\/seo\/ -->\n<title>K\u00f3rejsk\u00e1 kozmetika KRX T\u00d3NOVAC\u00cd KR\u00c9M S SPF 50 Light\/Medium PA+++ - ETAKO e-shop<\/title>\n<meta name=\"robots\" content=\"index, follow, max-snippet:-1, max-image-preview:large, max-video-preview:-1\" \/>\n<link rel=\"canonical\" href=\"https:\/\/etako.sk\/eshop\/produkt\/korejska-kozmetika-krx-tonovaci-krem-s-spf-50-pa\/\" \/>\n<meta name=\"twitter:card\" content=\"summary_large_image\" \/>\n<meta name=\"twitter:title\" content=\"K\u00f3rejsk\u00e1 kozmetika KRX T\u00d3NOVAC\u00cd KR\u00c9M S SPF 50 Light\/Medium PA+++ - ETAKO e-shop\" \/>\n<meta name=\"twitter:description\" content=\"\u0160irokospektr\u00e1lny t\u00f3novac\u00ed SPF, ktor\u00fd nezanech\u00e1va \u0161kvrny a neupch\u00e1va p\u00f3ry. Odtie\u0148 sa prisp\u00f4sob\u00ed v\u0161etk\u00fdm t\u00f3nom pleti. Odol\u00e1va a pom\u00e1ha poko\u017eke s\" \/>\n<meta name=\"twitter:image\" content=\"https:\/\/i0.wp.com\/etako.sk\/eshop\/wp-content\/uploads\/2025\/08\/krx_tonovaci-krem-s-spf-50-pa-30-ml.webp?fit=630%2C630&ssl=1\" \/>\n<meta name=\"twitter:label1\" content=\"Predpokladan\u00fd \u010das \u010d\u00edtania\" \/>\n\t<meta name=\"twitter:data1\" content=\"3 min\u00faty\" \/>\n<script type=\"application\/ld+json\" class=\"yoast-schema-graph\">{\"@context\":\"https:\/\/schema.org\",\"@graph\":[{\"@type\":\"WebPage\",\"@id\":\"https:\/\/etako.sk\/eshop\/produkt\/korejska-kozmetika-krx-tonovaci-krem-s-spf-50-pa\/\",\"url\":\"https:\/\/etako.sk\/eshop\/produkt\/korejska-kozmetika-krx-tonovaci-krem-s-spf-50-pa\/\",\"name\":\"K\u00f3rejsk\u00e1 kozmetika KRX T\u00d3NOVAC\u00cd KR\u00c9M S SPF 50 Light\/Medium PA+++ - ETAKO e-shop\",\"isPartOf\":{\"@id\":\"https:\/\/etako.sk\/eshop\/#website\"},\"primaryImageOfPage\":{\"@id\":\"https:\/\/etako.sk\/eshop\/produkt\/korejska-kozmetika-krx-tonovaci-krem-s-spf-50-pa\/#primaryimage\"},\"image\":{\"@id\":\"https:\/\/etako.sk\/eshop\/produkt\/korejska-kozmetika-krx-tonovaci-krem-s-spf-50-pa\/#primaryimage\"},\"thumbnailUrl\":\"https:\/\/i0.wp.com\/etako.sk\/eshop\/wp-content\/uploads\/2025\/08\/krx_tonovaci-krem-s-spf-50-pa-30-ml.webp?fit=630%2C630&ssl=1\",\"datePublished\":\"2025-08-11T13:58:27+00:00\",\"dateModified\":\"2026-04-07T13:50:24+00:00\",\"breadcrumb\":{\"@id\":\"https:\/\/etako.sk\/eshop\/produkt\/korejska-kozmetika-krx-tonovaci-krem-s-spf-50-pa\/#breadcrumb\"},\"inLanguage\":\"sk-SK\",\"potentialAction\":[{\"@type\":\"ReadAction\",\"target\":[\"https:\/\/etako.sk\/eshop\/produkt\/korejska-kozmetika-krx-tonovaci-krem-s-spf-50-pa\/\"]}]},{\"@type\":\"ImageObject\",\"inLanguage\":\"sk-SK\",\"@id\":\"https:\/\/etako.sk\/eshop\/produkt\/korejska-kozmetika-krx-tonovaci-krem-s-spf-50-pa\/#primaryimage\",\"url\":\"https:\/\/i0.wp.com\/etako.sk\/eshop\/wp-content\/uploads\/2025\/08\/krx_tonovaci-krem-s-spf-50-pa-30-ml.webp?fit=630%2C630&ssl=1\",\"contentUrl\":\"https:\/\/i0.wp.com\/etako.sk\/eshop\/wp-content\/uploads\/2025\/08\/krx_tonovaci-krem-s-spf-50-pa-30-ml.webp?fit=630%2C630&ssl=1\",\"width\":630,\"height\":630},{\"@type\":\"BreadcrumbList\",\"@id\":\"https:\/\/etako.sk\/eshop\/produkt\/korejska-kozmetika-krx-tonovaci-krem-s-spf-50-pa\/#breadcrumb\",\"itemListElement\":[{\"@type\":\"ListItem\",\"position\":1,\"name\":\"Domovsk\u00e1 str\u00e1nka\",\"item\":\"https:\/\/etako.sk\/eshop\/\"},{\"@type\":\"ListItem\",\"position\":2,\"name\":\"Obchod\",\"item\":\"https:\/\/etako.sk\/eshop\/shop\/\"},{\"@type\":\"ListItem\",\"position\":3,\"name\":\"K\u00f3rejsk\u00e1 kozmetika KRX T\u00d3NOVAC\u00cd KR\u00c9M S SPF 50 Light\/Medium PA+++\"}]},{\"@type\":\"WebSite\",\"@id\":\"https:\/\/etako.sk\/eshop\/#website\",\"url\":\"https:\/\/etako.sk\/eshop\/\",\"name\":\"ETAKO e-shop\",\"description\":\"Etako\",\"potentialAction\":[{\"@type\":\"SearchAction\",\"target\":{\"@type\":\"EntryPoint\",\"urlTemplate\":\"https:\/\/etako.sk\/eshop\/?s={search_term_string}\"},\"query-input\":{\"@type\":\"PropertyValueSpecification\",\"valueRequired\":true,\"valueName\":\"search_term_string\"}}],\"inLanguage\":\"sk-SK\"}]}<\/script>\n<!-- \/ Yoast SEO plugin. -->","yoast_head_json":{"title":"K\u00f3rejsk\u00e1 kozmetika KRX T\u00d3NOVAC\u00cd KR\u00c9M S SPF 50 Light\/Medium PA+++ - ETAKO e-shop","robots":{"index":"index","follow":"follow","max-snippet":"max-snippet:-1","max-image-preview":"max-image-preview:large","max-video-preview":"max-video-preview:-1"},"canonical":"https:\/\/etako.sk\/eshop\/produkt\/korejska-kozmetika-krx-tonovaci-krem-s-spf-50-pa\/","twitter_card":"summary_large_image","twitter_title":"K\u00f3rejsk\u00e1 kozmetika KRX T\u00d3NOVAC\u00cd KR\u00c9M S SPF 50 Light\/Medium PA+++ - ETAKO e-shop","twitter_description":"\u0160irokospektr\u00e1lny t\u00f3novac\u00ed SPF, ktor\u00fd nezanech\u00e1va \u0161kvrny a neupch\u00e1va p\u00f3ry. Odtie\u0148 sa prisp\u00f4sob\u00ed v\u0161etk\u00fdm t\u00f3nom pleti. Odol\u00e1va a pom\u00e1ha poko\u017eke s","twitter_image":"https:\/\/i0.wp.com\/etako.sk\/eshop\/wp-content\/uploads\/2025\/08\/krx_tonovaci-krem-s-spf-50-pa-30-ml.webp?fit=630%2C630&ssl=1","twitter_misc":{"Predpokladan\u00fd \u010das \u010d\u00edtania":"3 min\u00faty"},"schema":{"@context":"https:\/\/schema.org","@graph":[{"@type":"WebPage","@id":"https:\/\/etako.sk\/eshop\/produkt\/korejska-kozmetika-krx-tonovaci-krem-s-spf-50-pa\/","url":"https:\/\/etako.sk\/eshop\/produkt\/korejska-kozmetika-krx-tonovaci-krem-s-spf-50-pa\/","name":"K\u00f3rejsk\u00e1 kozmetika KRX T\u00d3NOVAC\u00cd KR\u00c9M S SPF 50 Light\/Medium PA+++ - ETAKO e-shop","isPartOf":{"@id":"https:\/\/etako.sk\/eshop\/#website"},"primaryImageOfPage":{"@id":"https:\/\/etako.sk\/eshop\/produkt\/korejska-kozmetika-krx-tonovaci-krem-s-spf-50-pa\/#primaryimage"},"image":{"@id":"https:\/\/etako.sk\/eshop\/produkt\/korejska-kozmetika-krx-tonovaci-krem-s-spf-50-pa\/#primaryimage"},"thumbnailUrl":"https:\/\/i0.wp.com\/etako.sk\/eshop\/wp-content\/uploads\/2025\/08\/krx_tonovaci-krem-s-spf-50-pa-30-ml.webp?fit=630%2C630&ssl=1","datePublished":"2025-08-11T13:58:27+00:00","dateModified":"2026-04-07T13:50:24+00:00","breadcrumb":{"@id":"https:\/\/etako.sk\/eshop\/produkt\/korejska-kozmetika-krx-tonovaci-krem-s-spf-50-pa\/#breadcrumb"},"inLanguage":"sk-SK","potentialAction":[{"@type":"ReadAction","target":["https:\/\/etako.sk\/eshop\/produkt\/korejska-kozmetika-krx-tonovaci-krem-s-spf-50-pa\/"]}]},{"@type":"ImageObject","inLanguage":"sk-SK","@id":"https:\/\/etako.sk\/eshop\/produkt\/korejska-kozmetika-krx-tonovaci-krem-s-spf-50-pa\/#primaryimage","url":"https:\/\/i0.wp.com\/etako.sk\/eshop\/wp-content\/uploads\/2025\/08\/krx_tonovaci-krem-s-spf-50-pa-30-ml.webp?fit=630%2C630&ssl=1","contentUrl":"https:\/\/i0.wp.com\/etako.sk\/eshop\/wp-content\/uploads\/2025\/08\/krx_tonovaci-krem-s-spf-50-pa-30-ml.webp?fit=630%2C630&ssl=1","width":630,"height":630},{"@type":"BreadcrumbList","@id":"https:\/\/etako.sk\/eshop\/produkt\/korejska-kozmetika-krx-tonovaci-krem-s-spf-50-pa\/#breadcrumb","itemListElement":[{"@type":"ListItem","position":1,"name":"Domovsk\u00e1 str\u00e1nka","item":"https:\/\/etako.sk\/eshop\/"},{"@type":"ListItem","position":2,"name":"Obchod","item":"https:\/\/etako.sk\/eshop\/shop\/"},{"@type":"ListItem","position":3,"name":"K\u00f3rejsk\u00e1 kozmetika KRX T\u00d3NOVAC\u00cd KR\u00c9M S SPF 50 Light\/Medium PA+++"}]},{"@type":"WebSite","@id":"https:\/\/etako.sk\/eshop\/#website","url":"https:\/\/etako.sk\/eshop\/","name":"ETAKO e-shop","description":"Etako","potentialAction":[{"@type":"SearchAction","target":{"@type":"EntryPoint","urlTemplate":"https:\/\/etako.sk\/eshop\/?s={search_term_string}"},"query-input":{"@type":"PropertyValueSpecification","valueRequired":true,"valueName":"search_term_string"}}],"inLanguage":"sk-SK"}]}},"jetpack_sharing_enabled":true,"_links":{"self":[{"href":"https:\/\/etako.sk\/eshop\/wp-json\/wp\/v2\/product\/48697","targetHints":{"allow":["GET"]}}],"collection":[{"href":"https:\/\/etako.sk\/eshop\/wp-json\/wp\/v2\/product"}],"about":[{"href":"https:\/\/etako.sk\/eshop\/wp-json\/wp\/v2\/types\/product"}],"replies":[{"embeddable":true,"href":"https:\/\/etako.sk\/eshop\/wp-json\/wp\/v2\/comments?post=48697"}],"version-history":[{"count":2,"href":"https:\/\/etako.sk\/eshop\/wp-json\/wp\/v2\/product\/48697\/revisions"}],"predecessor-version":[{"id":49269,"href":"https:\/\/etako.sk\/eshop\/wp-json\/wp\/v2\/product\/48697\/revisions\/49269"}],"wp:featuredmedia":[{"embeddable":true,"href":"https:\/\/etako.sk\/eshop\/wp-json\/wp\/v2\/media\/48698"}],"wp:attachment":[{"href":"https:\/\/etako.sk\/eshop\/wp-json\/wp\/v2\/media?parent=48697"}],"wp:term":[{"taxonomy":"product_brand","embeddable":true,"href":"https:\/\/etako.sk\/eshop\/wp-json\/wp\/v2\/product_brand?post=48697"},{"taxonomy":"product_cat","embeddable":true,"href":"https:\/\/etako.sk\/eshop\/wp-json\/wp\/v2\/product_cat?post=48697"},{"taxonomy":"product_tag","embeddable":true,"href":"https:\/\/etako.sk\/eshop\/wp-json\/wp\/v2\/product_tag?post=48697"}],"curies":[{"name":"wp","href":"https:\/\/api.w.org\/{rel}","templated":true}]}}