{"id":48685,"date":"2025-08-11T15:44:13","date_gmt":"2025-08-11T13:44:13","guid":{"rendered":"https:\/\/etako.sk\/eshop\/?post_type=product&#038;p=48685"},"modified":"2025-08-11T15:44:13","modified_gmt":"2025-08-11T13:44:13","slug":"vitamin-e-pletove-ampulky-10-x-2-ml-korejska-kozmetika","status":"publish","type":"product","link":"https:\/\/etako.sk\/eshop\/produkt\/vitamin-e-pletove-ampulky-10-x-2-ml-korejska-kozmetika\/","title":{"rendered":"VITAMIN E ple\u0165ov\u00e9 ampulky 10 x 2 ml k\u00f3rejsk\u00e1 kozmetika"},"content":{"rendered":"<p>Vitam\u00edn E je \u00fa\u010dinn\u00fd antioxidant, ktor\u00fd priaznivo p\u00f4sob\u00ed proti \u0161kodliv\u00e9mu vonkaj\u0161iemu prostrediu, vo\u013en\u00fdm radik\u00e1lom stresu a spoma\u013euje proces starnutia ko\u017ee.<\/p>\n<p>Je obohaten\u00fd o marhu\u013eov\u00fd olej, ktor\u00fd ple\u0165 zvl\u00e1\u010d\u0148uje, hydratuje a regeneruje. M\u00e1 protivr\u00e1skov\u00fd \u00fa\u010dinok a ple\u0165 je ove\u013ea pru\u017enej\u0161ia, pevnej\u0161ia, zdrav\u0161ia a jemnj\u0161ia.<\/p>\n<p>&nbsp;<\/p>\n<p><strong>Pou\u017eie:<\/strong>\u00a0aplikujeme ve\u010der na dokonale vy\u010disten\u00fa ple\u0165. Jemnou mas\u00e1\u017eou cca 2 &#8211; 3 min\u00faty vmas\u00edrujeme s\u00e9rum do poko\u017eky do \u00fapln\u00e9ho vstrebania. Odpor\u00fa\u010da sa aplikova\u0165 1 a\u017e 2 kr\u00e1t do t\u00fd\u017ed\u0148a 1 ampulku s\u00e9ra.<\/p>\n<p>&nbsp;<\/p>\n<p>Je ur\u010den\u00fd pre v\u0161etky typy pleti.<\/p>\n<p>&nbsp;<\/p>\n<p><strong>Zlo\u017eenie:<\/strong>\u00a0Paraffinum Liquidum (mineral oil), Octyldodecanol, Cetaryl Isonananoate, Prunus Armeniaca (apricot), Kernel Oil, Tocopheryl Acetate, Parfum (fragrance)<\/p>\n","protected":false},"excerpt":{"rendered":"<p>Vitam\u00edn E je \u00fa\u010dinn\u00fd antioxidant, ktor\u00fd priaznivo p\u00f4sob\u00ed proti \u0161kodliv\u00e9mu vonkaj\u0161iemu prostrediu, vo\u013en\u00fdm radik\u00e1lom stresu a spoma\u013euje proces starnutia ko\u017ee.<\/p>\n","protected":false},"featured_media":48686,"comment_status":"closed","ping_status":"closed","template":"","meta":{"jetpack_publicize_message":"","jetpack_publicize_feature_enabled":true,"jetpack_social_post_already_shared":true,"jetpack_social_options":{"image_generator_settings":{"template":"highway","enabled":false},"version":2}},"product_brand":[],"product_cat":[1867],"product_tag":[],"class_list":{"0":"post-48685","1":"product","2":"type-product","3":"status-publish","4":"has-post-thumbnail","6":"product_cat-masky-a-sera","7":"product_shipping_class-standard","9":"","10":"instock","11":"taxable","12":"shipping-taxable","13":"purchasable","14":"product-type-simple"},"jetpack_publicize_connections":[],"yoast_head":"<!-- This site is optimized with the Yoast SEO plugin v25.6 - https:\/\/yoast.com\/wordpress\/plugins\/seo\/ -->\n<title>VITAMIN E ple\u0165ov\u00e9 ampulky 10 x 2 ml k\u00f3rejsk\u00e1 kozmetika - ETAKO e-shop<\/title>\n<meta name=\"robots\" content=\"index, follow, max-snippet:-1, max-image-preview:large, max-video-preview:-1\" \/>\n<link rel=\"canonical\" href=\"https:\/\/etako.sk\/eshop\/produkt\/vitamin-e-pletove-ampulky-10-x-2-ml-korejska-kozmetika\/\" \/>\n<meta name=\"twitter:card\" content=\"summary_large_image\" \/>\n<meta name=\"twitter:title\" content=\"VITAMIN E ple\u0165ov\u00e9 ampulky 10 x 2 ml k\u00f3rejsk\u00e1 kozmetika - ETAKO e-shop\" \/>\n<meta name=\"twitter:description\" content=\"Vitam\u00edn E je \u00fa\u010dinn\u00fd antioxidant, ktor\u00fd priaznivo p\u00f4sob\u00ed proti \u0161kodliv\u00e9mu vonkaj\u0161iemu prostrediu, vo\u013en\u00fdm radik\u00e1lom stresu a spoma\u013euje proces starnutia ko\u017ee.\" \/>\n<meta name=\"twitter:image\" content=\"https:\/\/i0.wp.com\/etako.sk\/eshop\/wp-content\/uploads\/2025\/08\/1821_vitaminE-500x500-1.jpg?fit=630%2C630&ssl=1\" \/>\n<meta name=\"twitter:label1\" content=\"Predpokladan\u00fd \u010das \u010d\u00edtania\" \/>\n\t<meta name=\"twitter:data1\" content=\"1 min\u00fata\" \/>\n<script type=\"application\/ld+json\" class=\"yoast-schema-graph\">{\"@context\":\"https:\/\/schema.org\",\"@graph\":[{\"@type\":\"WebPage\",\"@id\":\"https:\/\/etako.sk\/eshop\/produkt\/vitamin-e-pletove-ampulky-10-x-2-ml-korejska-kozmetika\/\",\"url\":\"https:\/\/etako.sk\/eshop\/produkt\/vitamin-e-pletove-ampulky-10-x-2-ml-korejska-kozmetika\/\",\"name\":\"VITAMIN E ple\u0165ov\u00e9 ampulky 10 x 2 ml k\u00f3rejsk\u00e1 kozmetika - ETAKO e-shop\",\"isPartOf\":{\"@id\":\"https:\/\/etako.sk\/eshop\/#website\"},\"primaryImageOfPage\":{\"@id\":\"https:\/\/etako.sk\/eshop\/produkt\/vitamin-e-pletove-ampulky-10-x-2-ml-korejska-kozmetika\/#primaryimage\"},\"image\":{\"@id\":\"https:\/\/etako.sk\/eshop\/produkt\/vitamin-e-pletove-ampulky-10-x-2-ml-korejska-kozmetika\/#primaryimage\"},\"thumbnailUrl\":\"https:\/\/i0.wp.com\/etako.sk\/eshop\/wp-content\/uploads\/2025\/08\/1821_vitaminE-500x500-1.jpg?fit=630%2C630&ssl=1\",\"datePublished\":\"2025-08-11T13:44:13+00:00\",\"breadcrumb\":{\"@id\":\"https:\/\/etako.sk\/eshop\/produkt\/vitamin-e-pletove-ampulky-10-x-2-ml-korejska-kozmetika\/#breadcrumb\"},\"inLanguage\":\"sk-SK\",\"potentialAction\":[{\"@type\":\"ReadAction\",\"target\":[\"https:\/\/etako.sk\/eshop\/produkt\/vitamin-e-pletove-ampulky-10-x-2-ml-korejska-kozmetika\/\"]}]},{\"@type\":\"ImageObject\",\"inLanguage\":\"sk-SK\",\"@id\":\"https:\/\/etako.sk\/eshop\/produkt\/vitamin-e-pletove-ampulky-10-x-2-ml-korejska-kozmetika\/#primaryimage\",\"url\":\"https:\/\/i0.wp.com\/etako.sk\/eshop\/wp-content\/uploads\/2025\/08\/1821_vitaminE-500x500-1.jpg?fit=630%2C630&ssl=1\",\"contentUrl\":\"https:\/\/i0.wp.com\/etako.sk\/eshop\/wp-content\/uploads\/2025\/08\/1821_vitaminE-500x500-1.jpg?fit=630%2C630&ssl=1\",\"width\":630,\"height\":630},{\"@type\":\"BreadcrumbList\",\"@id\":\"https:\/\/etako.sk\/eshop\/produkt\/vitamin-e-pletove-ampulky-10-x-2-ml-korejska-kozmetika\/#breadcrumb\",\"itemListElement\":[{\"@type\":\"ListItem\",\"position\":1,\"name\":\"Domovsk\u00e1 str\u00e1nka\",\"item\":\"https:\/\/etako.sk\/eshop\/\"},{\"@type\":\"ListItem\",\"position\":2,\"name\":\"Obchod\",\"item\":\"https:\/\/etako.sk\/eshop\/shop\/\"},{\"@type\":\"ListItem\",\"position\":3,\"name\":\"VITAMIN E ple\u0165ov\u00e9 ampulky 10 x 2 ml k\u00f3rejsk\u00e1 kozmetika\"}]},{\"@type\":\"WebSite\",\"@id\":\"https:\/\/etako.sk\/eshop\/#website\",\"url\":\"https:\/\/etako.sk\/eshop\/\",\"name\":\"ETAKO e-shop\",\"description\":\"Etako\",\"potentialAction\":[{\"@type\":\"SearchAction\",\"target\":{\"@type\":\"EntryPoint\",\"urlTemplate\":\"https:\/\/etako.sk\/eshop\/?s={search_term_string}\"},\"query-input\":{\"@type\":\"PropertyValueSpecification\",\"valueRequired\":true,\"valueName\":\"search_term_string\"}}],\"inLanguage\":\"sk-SK\"}]}<\/script>\n<!-- \/ Yoast SEO plugin. -->","yoast_head_json":{"title":"VITAMIN E ple\u0165ov\u00e9 ampulky 10 x 2 ml k\u00f3rejsk\u00e1 kozmetika - ETAKO e-shop","robots":{"index":"index","follow":"follow","max-snippet":"max-snippet:-1","max-image-preview":"max-image-preview:large","max-video-preview":"max-video-preview:-1"},"canonical":"https:\/\/etako.sk\/eshop\/produkt\/vitamin-e-pletove-ampulky-10-x-2-ml-korejska-kozmetika\/","twitter_card":"summary_large_image","twitter_title":"VITAMIN E ple\u0165ov\u00e9 ampulky 10 x 2 ml k\u00f3rejsk\u00e1 kozmetika - ETAKO e-shop","twitter_description":"Vitam\u00edn E je \u00fa\u010dinn\u00fd antioxidant, ktor\u00fd priaznivo p\u00f4sob\u00ed proti \u0161kodliv\u00e9mu vonkaj\u0161iemu prostrediu, vo\u013en\u00fdm radik\u00e1lom stresu a spoma\u013euje proces starnutia ko\u017ee.","twitter_image":"https:\/\/i0.wp.com\/etako.sk\/eshop\/wp-content\/uploads\/2025\/08\/1821_vitaminE-500x500-1.jpg?fit=630%2C630&ssl=1","twitter_misc":{"Predpokladan\u00fd \u010das \u010d\u00edtania":"1 min\u00fata"},"schema":{"@context":"https:\/\/schema.org","@graph":[{"@type":"WebPage","@id":"https:\/\/etako.sk\/eshop\/produkt\/vitamin-e-pletove-ampulky-10-x-2-ml-korejska-kozmetika\/","url":"https:\/\/etako.sk\/eshop\/produkt\/vitamin-e-pletove-ampulky-10-x-2-ml-korejska-kozmetika\/","name":"VITAMIN E ple\u0165ov\u00e9 ampulky 10 x 2 ml k\u00f3rejsk\u00e1 kozmetika - ETAKO e-shop","isPartOf":{"@id":"https:\/\/etako.sk\/eshop\/#website"},"primaryImageOfPage":{"@id":"https:\/\/etako.sk\/eshop\/produkt\/vitamin-e-pletove-ampulky-10-x-2-ml-korejska-kozmetika\/#primaryimage"},"image":{"@id":"https:\/\/etako.sk\/eshop\/produkt\/vitamin-e-pletove-ampulky-10-x-2-ml-korejska-kozmetika\/#primaryimage"},"thumbnailUrl":"https:\/\/i0.wp.com\/etako.sk\/eshop\/wp-content\/uploads\/2025\/08\/1821_vitaminE-500x500-1.jpg?fit=630%2C630&ssl=1","datePublished":"2025-08-11T13:44:13+00:00","breadcrumb":{"@id":"https:\/\/etako.sk\/eshop\/produkt\/vitamin-e-pletove-ampulky-10-x-2-ml-korejska-kozmetika\/#breadcrumb"},"inLanguage":"sk-SK","potentialAction":[{"@type":"ReadAction","target":["https:\/\/etako.sk\/eshop\/produkt\/vitamin-e-pletove-ampulky-10-x-2-ml-korejska-kozmetika\/"]}]},{"@type":"ImageObject","inLanguage":"sk-SK","@id":"https:\/\/etako.sk\/eshop\/produkt\/vitamin-e-pletove-ampulky-10-x-2-ml-korejska-kozmetika\/#primaryimage","url":"https:\/\/i0.wp.com\/etako.sk\/eshop\/wp-content\/uploads\/2025\/08\/1821_vitaminE-500x500-1.jpg?fit=630%2C630&ssl=1","contentUrl":"https:\/\/i0.wp.com\/etako.sk\/eshop\/wp-content\/uploads\/2025\/08\/1821_vitaminE-500x500-1.jpg?fit=630%2C630&ssl=1","width":630,"height":630},{"@type":"BreadcrumbList","@id":"https:\/\/etako.sk\/eshop\/produkt\/vitamin-e-pletove-ampulky-10-x-2-ml-korejska-kozmetika\/#breadcrumb","itemListElement":[{"@type":"ListItem","position":1,"name":"Domovsk\u00e1 str\u00e1nka","item":"https:\/\/etako.sk\/eshop\/"},{"@type":"ListItem","position":2,"name":"Obchod","item":"https:\/\/etako.sk\/eshop\/shop\/"},{"@type":"ListItem","position":3,"name":"VITAMIN E ple\u0165ov\u00e9 ampulky 10 x 2 ml k\u00f3rejsk\u00e1 kozmetika"}]},{"@type":"WebSite","@id":"https:\/\/etako.sk\/eshop\/#website","url":"https:\/\/etako.sk\/eshop\/","name":"ETAKO e-shop","description":"Etako","potentialAction":[{"@type":"SearchAction","target":{"@type":"EntryPoint","urlTemplate":"https:\/\/etako.sk\/eshop\/?s={search_term_string}"},"query-input":{"@type":"PropertyValueSpecification","valueRequired":true,"valueName":"search_term_string"}}],"inLanguage":"sk-SK"}]}},"jetpack_sharing_enabled":true,"_links":{"self":[{"href":"https:\/\/etako.sk\/eshop\/wp-json\/wp\/v2\/product\/48685","targetHints":{"allow":["GET"]}}],"collection":[{"href":"https:\/\/etako.sk\/eshop\/wp-json\/wp\/v2\/product"}],"about":[{"href":"https:\/\/etako.sk\/eshop\/wp-json\/wp\/v2\/types\/product"}],"replies":[{"embeddable":true,"href":"https:\/\/etako.sk\/eshop\/wp-json\/wp\/v2\/comments?post=48685"}],"version-history":[{"count":1,"href":"https:\/\/etako.sk\/eshop\/wp-json\/wp\/v2\/product\/48685\/revisions"}],"predecessor-version":[{"id":48687,"href":"https:\/\/etako.sk\/eshop\/wp-json\/wp\/v2\/product\/48685\/revisions\/48687"}],"wp:featuredmedia":[{"embeddable":true,"href":"https:\/\/etako.sk\/eshop\/wp-json\/wp\/v2\/media\/48686"}],"wp:attachment":[{"href":"https:\/\/etako.sk\/eshop\/wp-json\/wp\/v2\/media?parent=48685"}],"wp:term":[{"taxonomy":"product_brand","embeddable":true,"href":"https:\/\/etako.sk\/eshop\/wp-json\/wp\/v2\/product_brand?post=48685"},{"taxonomy":"product_cat","embeddable":true,"href":"https:\/\/etako.sk\/eshop\/wp-json\/wp\/v2\/product_cat?post=48685"},{"taxonomy":"product_tag","embeddable":true,"href":"https:\/\/etako.sk\/eshop\/wp-json\/wp\/v2\/product_tag?post=48685"}],"curies":[{"name":"wp","href":"https:\/\/api.w.org\/{rel}","templated":true}]}}