{"id":48679,"date":"2025-08-11T15:38:56","date_gmt":"2025-08-11T13:38:56","guid":{"rendered":"https:\/\/etako.sk\/eshop\/?post_type=product&#038;p=48679"},"modified":"2025-08-11T15:38:56","modified_gmt":"2025-08-11T13:38:56","slug":"diamond-care-pletove-ampulky-10-x-2-ml-korejska-kozmetika","status":"publish","type":"product","link":"https:\/\/etako.sk\/eshop\/produkt\/diamond-care-pletove-ampulky-10-x-2-ml-korejska-kozmetika\/","title":{"rendered":"DIAMOND CARE Ple\u0165ov\u00e9 ampulky 10 x 2 ml k\u00f3rejsk\u00e1 kozmetika"},"content":{"rendered":"<p>Diamond care &#8211; s\u00e9rum s diamantov\u00fdm pr\u00e1\u0161kom<\/p>\n<div><\/div>\n<p>Ve\u013emi pr\u00edjemn\u00e9 s\u00e9rum kr\u00e9movo-mlie\u010dnej konzistencie, ktor\u00e9 dokonale pri\u013ene na poko\u017eku dod\u00e1va jej potrebn\u00fa ochranu pred tvorbou hlbok\u00fdch vr\u00e1sok.<br \/>\nM\u00e1 jedine\u010dn\u00e9 protivr\u00e1skov\u00e9 \u00fa\u010dinky, chr\u00e1ni pred vo\u013en\u00fdmi radik\u00e1lmi ako aj ostatn\u00fdm \u0161kodliv\u00fdm prostred\u00edm (vietor, prach a in\u00e9, av\u0161ak aj stres).<\/p>\n<p>S\u00f3jov\u00fd extrakt napom\u00e1ha redukova\u0165 vr\u00e1sky a v\u010faka arg\u00e1nov\u00e9mu oleju je ple\u0165 dokonale vy\u017eiven\u00e1, hlad\u0161ia, jemnej\u0161ia a pru\u017enej\u0161ia.<br \/>\nS\u00e9rum je obohaten\u00e9 aj o mand\u013eov\u00e9 peptidy, ktor\u00e9 dod\u00e1vaj\u00fa pleti \u013eahkos\u0165, hebkos\u0165 a vl\u00e1\u010dnos\u0165.<br \/>\nS\u00e9rum je vhodn\u00e9 aj na ve\u013emi citliv\u00fa ple\u0165, n\u00e1chyln\u00fa na r\u00f4zne alergick\u00e9 reakcie. M\u00e1 ve\u013emi pr\u00edjemn\u00fa mo\u0161usovo-zelen\u00fa v\u00f4\u0148u.<\/p>\n<p>Po pou\u017eit\u00ed s\u00e9ra je ple\u0165 jemn\u00e1, hebk\u00e1, vl\u00e1\u010dna a d\u00f4kladne vy\u017eiven\u00e1.<br \/>\nNezanech\u00e1va lepkav\u00fd pocit.<\/p>\n<p>Pou\u017eitie: Aplikujeme ve\u010der na dokonale vy\u010disten\u00fa ple\u0165.<\/p>\n<div>Jemnou mas\u00e1\u017eou cca 2-3 min\u00faty vmas\u00edrujeme s\u00e9rum do poko\u017eky a\u017e do \u00faplneho vstrebania.<br \/>\nOdpor\u00fa\u010da sa 1 a\u017e 2 kr\u00e1t do t\u00fd\u017ed\u0148a 1 ampulka s\u00e9ra pre intenz\u00edvnu k\u00faru.<\/div>\n","protected":false},"excerpt":{"rendered":"<p>Diamond care &#8211; s\u00e9rum s diamantov\u00fdm pr\u00e1\u0161kom Ve\u013emi pr\u00edjemn\u00e9 s\u00e9rum kr\u00e9movo-mlie\u010dnej konzistencie, ktor\u00e9 dokonale pri\u013ene na poko\u017eku dod\u00e1va jej potrebn\u00fa<\/p>\n","protected":false},"featured_media":48680,"comment_status":"closed","ping_status":"closed","template":"","meta":{"jetpack_publicize_message":"","jetpack_publicize_feature_enabled":true,"jetpack_social_post_already_shared":true,"jetpack_social_options":{"image_generator_settings":{"template":"highway","enabled":false},"version":2}},"product_brand":[],"product_cat":[1867],"product_tag":[],"class_list":{"0":"post-48679","1":"product","2":"type-product","3":"status-publish","4":"has-post-thumbnail","6":"product_cat-masky-a-sera","7":"product_shipping_class-standard","9":"","10":"instock","11":"taxable","12":"shipping-taxable","13":"purchasable","14":"product-type-simple"},"jetpack_publicize_connections":[],"yoast_head":"<!-- This site is optimized with the Yoast SEO plugin v25.6 - https:\/\/yoast.com\/wordpress\/plugins\/seo\/ -->\n<title>DIAMOND CARE Ple\u0165ov\u00e9 ampulky 10 x 2 ml k\u00f3rejsk\u00e1 kozmetika - ETAKO e-shop<\/title>\n<meta name=\"robots\" content=\"index, follow, max-snippet:-1, max-image-preview:large, max-video-preview:-1\" \/>\n<link rel=\"canonical\" href=\"https:\/\/etako.sk\/eshop\/produkt\/diamond-care-pletove-ampulky-10-x-2-ml-korejska-kozmetika\/\" \/>\n<meta name=\"twitter:card\" content=\"summary_large_image\" \/>\n<meta name=\"twitter:title\" content=\"DIAMOND CARE Ple\u0165ov\u00e9 ampulky 10 x 2 ml k\u00f3rejsk\u00e1 kozmetika - ETAKO e-shop\" \/>\n<meta name=\"twitter:description\" content=\"Diamond care &#8211; s\u00e9rum s diamantov\u00fdm pr\u00e1\u0161kom Ve\u013emi pr\u00edjemn\u00e9 s\u00e9rum kr\u00e9movo-mlie\u010dnej konzistencie, ktor\u00e9 dokonale pri\u013ene na poko\u017eku dod\u00e1va jej potrebn\u00fa\" \/>\n<meta name=\"twitter:image\" content=\"https:\/\/i0.wp.com\/etako.sk\/eshop\/wp-content\/uploads\/2025\/08\/1836_diamond_care-500x500-1.png?fit=468%2C468&ssl=1\" \/>\n<meta name=\"twitter:label1\" content=\"Predpokladan\u00fd \u010das \u010d\u00edtania\" \/>\n\t<meta name=\"twitter:data1\" content=\"1 min\u00fata\" \/>\n<script type=\"application\/ld+json\" class=\"yoast-schema-graph\">{\"@context\":\"https:\/\/schema.org\",\"@graph\":[{\"@type\":\"WebPage\",\"@id\":\"https:\/\/etako.sk\/eshop\/produkt\/diamond-care-pletove-ampulky-10-x-2-ml-korejska-kozmetika\/\",\"url\":\"https:\/\/etako.sk\/eshop\/produkt\/diamond-care-pletove-ampulky-10-x-2-ml-korejska-kozmetika\/\",\"name\":\"DIAMOND CARE Ple\u0165ov\u00e9 ampulky 10 x 2 ml k\u00f3rejsk\u00e1 kozmetika - ETAKO e-shop\",\"isPartOf\":{\"@id\":\"https:\/\/etako.sk\/eshop\/#website\"},\"primaryImageOfPage\":{\"@id\":\"https:\/\/etako.sk\/eshop\/produkt\/diamond-care-pletove-ampulky-10-x-2-ml-korejska-kozmetika\/#primaryimage\"},\"image\":{\"@id\":\"https:\/\/etako.sk\/eshop\/produkt\/diamond-care-pletove-ampulky-10-x-2-ml-korejska-kozmetika\/#primaryimage\"},\"thumbnailUrl\":\"https:\/\/i0.wp.com\/etako.sk\/eshop\/wp-content\/uploads\/2025\/08\/1836_diamond_care-500x500-1.png?fit=468%2C468&ssl=1\",\"datePublished\":\"2025-08-11T13:38:56+00:00\",\"breadcrumb\":{\"@id\":\"https:\/\/etako.sk\/eshop\/produkt\/diamond-care-pletove-ampulky-10-x-2-ml-korejska-kozmetika\/#breadcrumb\"},\"inLanguage\":\"sk-SK\",\"potentialAction\":[{\"@type\":\"ReadAction\",\"target\":[\"https:\/\/etako.sk\/eshop\/produkt\/diamond-care-pletove-ampulky-10-x-2-ml-korejska-kozmetika\/\"]}]},{\"@type\":\"ImageObject\",\"inLanguage\":\"sk-SK\",\"@id\":\"https:\/\/etako.sk\/eshop\/produkt\/diamond-care-pletove-ampulky-10-x-2-ml-korejska-kozmetika\/#primaryimage\",\"url\":\"https:\/\/i0.wp.com\/etako.sk\/eshop\/wp-content\/uploads\/2025\/08\/1836_diamond_care-500x500-1.png?fit=468%2C468&ssl=1\",\"contentUrl\":\"https:\/\/i0.wp.com\/etako.sk\/eshop\/wp-content\/uploads\/2025\/08\/1836_diamond_care-500x500-1.png?fit=468%2C468&ssl=1\",\"width\":468,\"height\":468},{\"@type\":\"BreadcrumbList\",\"@id\":\"https:\/\/etako.sk\/eshop\/produkt\/diamond-care-pletove-ampulky-10-x-2-ml-korejska-kozmetika\/#breadcrumb\",\"itemListElement\":[{\"@type\":\"ListItem\",\"position\":1,\"name\":\"Domovsk\u00e1 str\u00e1nka\",\"item\":\"https:\/\/etako.sk\/eshop\/\"},{\"@type\":\"ListItem\",\"position\":2,\"name\":\"Obchod\",\"item\":\"https:\/\/etako.sk\/eshop\/shop\/\"},{\"@type\":\"ListItem\",\"position\":3,\"name\":\"DIAMOND CARE Ple\u0165ov\u00e9 ampulky 10 x 2 ml k\u00f3rejsk\u00e1 kozmetika\"}]},{\"@type\":\"WebSite\",\"@id\":\"https:\/\/etako.sk\/eshop\/#website\",\"url\":\"https:\/\/etako.sk\/eshop\/\",\"name\":\"ETAKO e-shop\",\"description\":\"Etako\",\"potentialAction\":[{\"@type\":\"SearchAction\",\"target\":{\"@type\":\"EntryPoint\",\"urlTemplate\":\"https:\/\/etako.sk\/eshop\/?s={search_term_string}\"},\"query-input\":{\"@type\":\"PropertyValueSpecification\",\"valueRequired\":true,\"valueName\":\"search_term_string\"}}],\"inLanguage\":\"sk-SK\"}]}<\/script>\n<!-- \/ Yoast SEO plugin. -->","yoast_head_json":{"title":"DIAMOND CARE Ple\u0165ov\u00e9 ampulky 10 x 2 ml k\u00f3rejsk\u00e1 kozmetika - ETAKO e-shop","robots":{"index":"index","follow":"follow","max-snippet":"max-snippet:-1","max-image-preview":"max-image-preview:large","max-video-preview":"max-video-preview:-1"},"canonical":"https:\/\/etako.sk\/eshop\/produkt\/diamond-care-pletove-ampulky-10-x-2-ml-korejska-kozmetika\/","twitter_card":"summary_large_image","twitter_title":"DIAMOND CARE Ple\u0165ov\u00e9 ampulky 10 x 2 ml k\u00f3rejsk\u00e1 kozmetika - ETAKO e-shop","twitter_description":"Diamond care &#8211; s\u00e9rum s diamantov\u00fdm pr\u00e1\u0161kom Ve\u013emi pr\u00edjemn\u00e9 s\u00e9rum kr\u00e9movo-mlie\u010dnej konzistencie, ktor\u00e9 dokonale pri\u013ene na poko\u017eku dod\u00e1va jej potrebn\u00fa","twitter_image":"https:\/\/i0.wp.com\/etako.sk\/eshop\/wp-content\/uploads\/2025\/08\/1836_diamond_care-500x500-1.png?fit=468%2C468&ssl=1","twitter_misc":{"Predpokladan\u00fd \u010das \u010d\u00edtania":"1 min\u00fata"},"schema":{"@context":"https:\/\/schema.org","@graph":[{"@type":"WebPage","@id":"https:\/\/etako.sk\/eshop\/produkt\/diamond-care-pletove-ampulky-10-x-2-ml-korejska-kozmetika\/","url":"https:\/\/etako.sk\/eshop\/produkt\/diamond-care-pletove-ampulky-10-x-2-ml-korejska-kozmetika\/","name":"DIAMOND CARE Ple\u0165ov\u00e9 ampulky 10 x 2 ml k\u00f3rejsk\u00e1 kozmetika - ETAKO e-shop","isPartOf":{"@id":"https:\/\/etako.sk\/eshop\/#website"},"primaryImageOfPage":{"@id":"https:\/\/etako.sk\/eshop\/produkt\/diamond-care-pletove-ampulky-10-x-2-ml-korejska-kozmetika\/#primaryimage"},"image":{"@id":"https:\/\/etako.sk\/eshop\/produkt\/diamond-care-pletove-ampulky-10-x-2-ml-korejska-kozmetika\/#primaryimage"},"thumbnailUrl":"https:\/\/i0.wp.com\/etako.sk\/eshop\/wp-content\/uploads\/2025\/08\/1836_diamond_care-500x500-1.png?fit=468%2C468&ssl=1","datePublished":"2025-08-11T13:38:56+00:00","breadcrumb":{"@id":"https:\/\/etako.sk\/eshop\/produkt\/diamond-care-pletove-ampulky-10-x-2-ml-korejska-kozmetika\/#breadcrumb"},"inLanguage":"sk-SK","potentialAction":[{"@type":"ReadAction","target":["https:\/\/etako.sk\/eshop\/produkt\/diamond-care-pletove-ampulky-10-x-2-ml-korejska-kozmetika\/"]}]},{"@type":"ImageObject","inLanguage":"sk-SK","@id":"https:\/\/etako.sk\/eshop\/produkt\/diamond-care-pletove-ampulky-10-x-2-ml-korejska-kozmetika\/#primaryimage","url":"https:\/\/i0.wp.com\/etako.sk\/eshop\/wp-content\/uploads\/2025\/08\/1836_diamond_care-500x500-1.png?fit=468%2C468&ssl=1","contentUrl":"https:\/\/i0.wp.com\/etako.sk\/eshop\/wp-content\/uploads\/2025\/08\/1836_diamond_care-500x500-1.png?fit=468%2C468&ssl=1","width":468,"height":468},{"@type":"BreadcrumbList","@id":"https:\/\/etako.sk\/eshop\/produkt\/diamond-care-pletove-ampulky-10-x-2-ml-korejska-kozmetika\/#breadcrumb","itemListElement":[{"@type":"ListItem","position":1,"name":"Domovsk\u00e1 str\u00e1nka","item":"https:\/\/etako.sk\/eshop\/"},{"@type":"ListItem","position":2,"name":"Obchod","item":"https:\/\/etako.sk\/eshop\/shop\/"},{"@type":"ListItem","position":3,"name":"DIAMOND CARE Ple\u0165ov\u00e9 ampulky 10 x 2 ml k\u00f3rejsk\u00e1 kozmetika"}]},{"@type":"WebSite","@id":"https:\/\/etako.sk\/eshop\/#website","url":"https:\/\/etako.sk\/eshop\/","name":"ETAKO e-shop","description":"Etako","potentialAction":[{"@type":"SearchAction","target":{"@type":"EntryPoint","urlTemplate":"https:\/\/etako.sk\/eshop\/?s={search_term_string}"},"query-input":{"@type":"PropertyValueSpecification","valueRequired":true,"valueName":"search_term_string"}}],"inLanguage":"sk-SK"}]}},"jetpack_sharing_enabled":true,"_links":{"self":[{"href":"https:\/\/etako.sk\/eshop\/wp-json\/wp\/v2\/product\/48679","targetHints":{"allow":["GET"]}}],"collection":[{"href":"https:\/\/etako.sk\/eshop\/wp-json\/wp\/v2\/product"}],"about":[{"href":"https:\/\/etako.sk\/eshop\/wp-json\/wp\/v2\/types\/product"}],"replies":[{"embeddable":true,"href":"https:\/\/etako.sk\/eshop\/wp-json\/wp\/v2\/comments?post=48679"}],"version-history":[{"count":1,"href":"https:\/\/etako.sk\/eshop\/wp-json\/wp\/v2\/product\/48679\/revisions"}],"predecessor-version":[{"id":48681,"href":"https:\/\/etako.sk\/eshop\/wp-json\/wp\/v2\/product\/48679\/revisions\/48681"}],"wp:featuredmedia":[{"embeddable":true,"href":"https:\/\/etako.sk\/eshop\/wp-json\/wp\/v2\/media\/48680"}],"wp:attachment":[{"href":"https:\/\/etako.sk\/eshop\/wp-json\/wp\/v2\/media?parent=48679"}],"wp:term":[{"taxonomy":"product_brand","embeddable":true,"href":"https:\/\/etako.sk\/eshop\/wp-json\/wp\/v2\/product_brand?post=48679"},{"taxonomy":"product_cat","embeddable":true,"href":"https:\/\/etako.sk\/eshop\/wp-json\/wp\/v2\/product_cat?post=48679"},{"taxonomy":"product_tag","embeddable":true,"href":"https:\/\/etako.sk\/eshop\/wp-json\/wp\/v2\/product_tag?post=48679"}],"curies":[{"name":"wp","href":"https:\/\/api.w.org\/{rel}","templated":true}]}}