{"id":48676,"date":"2025-08-11T15:36:37","date_gmt":"2025-08-11T13:36:37","guid":{"rendered":"https:\/\/etako.sk\/eshop\/?post_type=product&#038;p=48676"},"modified":"2025-08-11T15:36:37","modified_gmt":"2025-08-11T13:36:37","slug":"expression-line-pletove-ampulky-10-x-2-ml-korejska-kozmetika","status":"publish","type":"product","link":"https:\/\/etako.sk\/eshop\/produkt\/expression-line-pletove-ampulky-10-x-2-ml-korejska-kozmetika\/","title":{"rendered":"EXPRESSION LINE Ple\u0165ov\u00e9 ampulky 10 x 2 ml k\u00f3rejsk\u00e1 kozmetika"},"content":{"rendered":"<p>Expression Line &#8211; s\u00e9rum na vyrovn\u00e1vanie vr\u00e1sok<\/p>\n<div><\/div>\n<div>Poko\u017eka tv\u00e1re je denne vystaven\u00e1 podvedomej i vedomej mimike.<\/div>\n<div>Mra\u010denie, smiech i be\u017en\u00e1 komunik\u00e1cia vedie k po\u010diato\u010dnej tvorbe tzv. v\u00fdrazov\u00fdch \u010diar, ktor\u00e9 sa prehlbuj\u00fa a \u010dasom prejd\u00fa do vidite\u013en\u00fdch vr\u00e1sok.<\/div>\n<div><\/div>\n<div>Invaz\u00edvne rie\u0161enie vr\u00e1sok pomocou injek\u010dn\u00e9ho o\u0161etrenia botoxom je nielen do\u010dasn\u00fdm rie\u0161en\u00edm, ale pre mnoh\u00e9 z n\u00e1s aj stresov\u00fdm a nepr\u00edjemn\u00fdm z\u00e1krokom, preto na\u0161a spolo\u010dnos\u0165 pon\u00faka novovyvinut\u00e9 kozmetick\u00e9 o\u0161etrenie, ktor\u00e9 v\u010faka akt\u00edvnemu s\u00e9ru zo 100% rastlinn\u00fdm extraktom Acmella Olearece Brede Magane vidite\u013ene redukuje a vyp\u00edna ochabnut\u00e9 partie tv\u00e1re.<\/div>\n<div>Nov\u00e9 patentovan\u00e9 zlo\u017eenie tohto jedine\u010dn\u00e9ho v\u00fdrobku je klinicky testovan\u00e9 a priazniv\u00e9 \u00fa\u010dinky s\u00fa overen\u00e9 a zdokumentovan\u00e9.\n<\/div>\n<div>Ple\u0165 je po aplik\u00e1cii s\u00e9ra jemnej\u0161ia, hlad\u0161ia, pevnej\u0161ia, podko\u017en\u00e9 vr\u00e1sky s\u00fa vyplnen\u00e9 a vidite\u013en\u00e9 vr\u00e1sky zredukovan\u00e9.<br \/>\nPri pravidelnej starostlivosti o ple\u0165 je \u00fa\u010dinok vidite\u013en\u00fd, dlhodob\u00fd a aplik\u00e1cia mas\u00e1\u017eou pr\u00edjemn\u00e1.<\/p>\n<p>Pou\u017eitie: Aplikujeme ve\u010der na dokonale vy\u010disten\u00fa ple\u0165.<\/p>\n<div>Jemnou mas\u00e1\u017eou cca 2-3 min\u00faty vmas\u00edrujeme s\u00e9rum do poko\u017eky a\u017e do \u00faplneho vstrebania.<br \/>\nOdpor\u00fa\u010da sa 1 a\u017e 2 kr\u00e1t do t\u00fd\u017ed\u0148a 1 ampulka s\u00e9ra pre intenz\u00edvnu k\u00faru.<\/div>\n<\/div>\n","protected":false},"excerpt":{"rendered":"<p>Expression Line &#8211; s\u00e9rum na vyrovn\u00e1vanie vr\u00e1sok Poko\u017eka tv\u00e1re je denne vystaven\u00e1 podvedomej i vedomej mimike. Mra\u010denie, smiech i be\u017en\u00e1<\/p>\n","protected":false},"featured_media":48677,"comment_status":"closed","ping_status":"closed","template":"","meta":{"jetpack_publicize_message":"","jetpack_publicize_feature_enabled":true,"jetpack_social_post_already_shared":true,"jetpack_social_options":{"image_generator_settings":{"template":"highway","enabled":false},"version":2}},"product_brand":[],"product_cat":[1867],"product_tag":[],"class_list":{"0":"post-48676","1":"product","2":"type-product","3":"status-publish","4":"has-post-thumbnail","6":"product_cat-masky-a-sera","7":"product_shipping_class-standard","9":"","10":"instock","11":"taxable","12":"shipping-taxable","13":"purchasable","14":"product-type-simple"},"jetpack_publicize_connections":[],"yoast_head":"<!-- This site is optimized with the Yoast SEO plugin v25.6 - https:\/\/yoast.com\/wordpress\/plugins\/seo\/ -->\n<title>EXPRESSION LINE Ple\u0165ov\u00e9 ampulky 10 x 2 ml k\u00f3rejsk\u00e1 kozmetika - ETAKO e-shop<\/title>\n<meta name=\"robots\" content=\"index, follow, max-snippet:-1, max-image-preview:large, max-video-preview:-1\" \/>\n<link rel=\"canonical\" href=\"https:\/\/etako.sk\/eshop\/produkt\/expression-line-pletove-ampulky-10-x-2-ml-korejska-kozmetika\/\" \/>\n<meta name=\"twitter:card\" content=\"summary_large_image\" \/>\n<meta name=\"twitter:title\" content=\"EXPRESSION LINE Ple\u0165ov\u00e9 ampulky 10 x 2 ml k\u00f3rejsk\u00e1 kozmetika - ETAKO e-shop\" \/>\n<meta name=\"twitter:description\" content=\"Expression Line &#8211; s\u00e9rum na vyrovn\u00e1vanie vr\u00e1sok Poko\u017eka tv\u00e1re je denne vystaven\u00e1 podvedomej i vedomej mimike. Mra\u010denie, smiech i be\u017en\u00e1\" \/>\n<meta name=\"twitter:image\" content=\"https:\/\/i0.wp.com\/etako.sk\/eshop\/wp-content\/uploads\/2025\/08\/expression-line.jpg?fit=630%2C630&ssl=1\" \/>\n<meta name=\"twitter:label1\" content=\"Predpokladan\u00fd \u010das \u010d\u00edtania\" \/>\n\t<meta name=\"twitter:data1\" content=\"2 min\u00faty\" \/>\n<script type=\"application\/ld+json\" class=\"yoast-schema-graph\">{\"@context\":\"https:\/\/schema.org\",\"@graph\":[{\"@type\":\"WebPage\",\"@id\":\"https:\/\/etako.sk\/eshop\/produkt\/expression-line-pletove-ampulky-10-x-2-ml-korejska-kozmetika\/\",\"url\":\"https:\/\/etako.sk\/eshop\/produkt\/expression-line-pletove-ampulky-10-x-2-ml-korejska-kozmetika\/\",\"name\":\"EXPRESSION LINE Ple\u0165ov\u00e9 ampulky 10 x 2 ml k\u00f3rejsk\u00e1 kozmetika - ETAKO e-shop\",\"isPartOf\":{\"@id\":\"https:\/\/etako.sk\/eshop\/#website\"},\"primaryImageOfPage\":{\"@id\":\"https:\/\/etako.sk\/eshop\/produkt\/expression-line-pletove-ampulky-10-x-2-ml-korejska-kozmetika\/#primaryimage\"},\"image\":{\"@id\":\"https:\/\/etako.sk\/eshop\/produkt\/expression-line-pletove-ampulky-10-x-2-ml-korejska-kozmetika\/#primaryimage\"},\"thumbnailUrl\":\"https:\/\/i0.wp.com\/etako.sk\/eshop\/wp-content\/uploads\/2025\/08\/expression-line.jpg?fit=630%2C630&ssl=1\",\"datePublished\":\"2025-08-11T13:36:37+00:00\",\"breadcrumb\":{\"@id\":\"https:\/\/etako.sk\/eshop\/produkt\/expression-line-pletove-ampulky-10-x-2-ml-korejska-kozmetika\/#breadcrumb\"},\"inLanguage\":\"sk-SK\",\"potentialAction\":[{\"@type\":\"ReadAction\",\"target\":[\"https:\/\/etako.sk\/eshop\/produkt\/expression-line-pletove-ampulky-10-x-2-ml-korejska-kozmetika\/\"]}]},{\"@type\":\"ImageObject\",\"inLanguage\":\"sk-SK\",\"@id\":\"https:\/\/etako.sk\/eshop\/produkt\/expression-line-pletove-ampulky-10-x-2-ml-korejska-kozmetika\/#primaryimage\",\"url\":\"https:\/\/i0.wp.com\/etako.sk\/eshop\/wp-content\/uploads\/2025\/08\/expression-line.jpg?fit=630%2C630&ssl=1\",\"contentUrl\":\"https:\/\/i0.wp.com\/etako.sk\/eshop\/wp-content\/uploads\/2025\/08\/expression-line.jpg?fit=630%2C630&ssl=1\",\"width\":630,\"height\":630},{\"@type\":\"BreadcrumbList\",\"@id\":\"https:\/\/etako.sk\/eshop\/produkt\/expression-line-pletove-ampulky-10-x-2-ml-korejska-kozmetika\/#breadcrumb\",\"itemListElement\":[{\"@type\":\"ListItem\",\"position\":1,\"name\":\"Domovsk\u00e1 str\u00e1nka\",\"item\":\"https:\/\/etako.sk\/eshop\/\"},{\"@type\":\"ListItem\",\"position\":2,\"name\":\"Obchod\",\"item\":\"https:\/\/etako.sk\/eshop\/shop\/\"},{\"@type\":\"ListItem\",\"position\":3,\"name\":\"EXPRESSION LINE Ple\u0165ov\u00e9 ampulky 10 x 2 ml k\u00f3rejsk\u00e1 kozmetika\"}]},{\"@type\":\"WebSite\",\"@id\":\"https:\/\/etako.sk\/eshop\/#website\",\"url\":\"https:\/\/etako.sk\/eshop\/\",\"name\":\"ETAKO e-shop\",\"description\":\"Etako\",\"potentialAction\":[{\"@type\":\"SearchAction\",\"target\":{\"@type\":\"EntryPoint\",\"urlTemplate\":\"https:\/\/etako.sk\/eshop\/?s={search_term_string}\"},\"query-input\":{\"@type\":\"PropertyValueSpecification\",\"valueRequired\":true,\"valueName\":\"search_term_string\"}}],\"inLanguage\":\"sk-SK\"}]}<\/script>\n<!-- \/ Yoast SEO plugin. -->","yoast_head_json":{"title":"EXPRESSION LINE Ple\u0165ov\u00e9 ampulky 10 x 2 ml k\u00f3rejsk\u00e1 kozmetika - ETAKO e-shop","robots":{"index":"index","follow":"follow","max-snippet":"max-snippet:-1","max-image-preview":"max-image-preview:large","max-video-preview":"max-video-preview:-1"},"canonical":"https:\/\/etako.sk\/eshop\/produkt\/expression-line-pletove-ampulky-10-x-2-ml-korejska-kozmetika\/","twitter_card":"summary_large_image","twitter_title":"EXPRESSION LINE Ple\u0165ov\u00e9 ampulky 10 x 2 ml k\u00f3rejsk\u00e1 kozmetika - ETAKO e-shop","twitter_description":"Expression Line &#8211; s\u00e9rum na vyrovn\u00e1vanie vr\u00e1sok Poko\u017eka tv\u00e1re je denne vystaven\u00e1 podvedomej i vedomej mimike. Mra\u010denie, smiech i be\u017en\u00e1","twitter_image":"https:\/\/i0.wp.com\/etako.sk\/eshop\/wp-content\/uploads\/2025\/08\/expression-line.jpg?fit=630%2C630&ssl=1","twitter_misc":{"Predpokladan\u00fd \u010das \u010d\u00edtania":"2 min\u00faty"},"schema":{"@context":"https:\/\/schema.org","@graph":[{"@type":"WebPage","@id":"https:\/\/etako.sk\/eshop\/produkt\/expression-line-pletove-ampulky-10-x-2-ml-korejska-kozmetika\/","url":"https:\/\/etako.sk\/eshop\/produkt\/expression-line-pletove-ampulky-10-x-2-ml-korejska-kozmetika\/","name":"EXPRESSION LINE Ple\u0165ov\u00e9 ampulky 10 x 2 ml k\u00f3rejsk\u00e1 kozmetika - ETAKO e-shop","isPartOf":{"@id":"https:\/\/etako.sk\/eshop\/#website"},"primaryImageOfPage":{"@id":"https:\/\/etako.sk\/eshop\/produkt\/expression-line-pletove-ampulky-10-x-2-ml-korejska-kozmetika\/#primaryimage"},"image":{"@id":"https:\/\/etako.sk\/eshop\/produkt\/expression-line-pletove-ampulky-10-x-2-ml-korejska-kozmetika\/#primaryimage"},"thumbnailUrl":"https:\/\/i0.wp.com\/etako.sk\/eshop\/wp-content\/uploads\/2025\/08\/expression-line.jpg?fit=630%2C630&ssl=1","datePublished":"2025-08-11T13:36:37+00:00","breadcrumb":{"@id":"https:\/\/etako.sk\/eshop\/produkt\/expression-line-pletove-ampulky-10-x-2-ml-korejska-kozmetika\/#breadcrumb"},"inLanguage":"sk-SK","potentialAction":[{"@type":"ReadAction","target":["https:\/\/etako.sk\/eshop\/produkt\/expression-line-pletove-ampulky-10-x-2-ml-korejska-kozmetika\/"]}]},{"@type":"ImageObject","inLanguage":"sk-SK","@id":"https:\/\/etako.sk\/eshop\/produkt\/expression-line-pletove-ampulky-10-x-2-ml-korejska-kozmetika\/#primaryimage","url":"https:\/\/i0.wp.com\/etako.sk\/eshop\/wp-content\/uploads\/2025\/08\/expression-line.jpg?fit=630%2C630&ssl=1","contentUrl":"https:\/\/i0.wp.com\/etako.sk\/eshop\/wp-content\/uploads\/2025\/08\/expression-line.jpg?fit=630%2C630&ssl=1","width":630,"height":630},{"@type":"BreadcrumbList","@id":"https:\/\/etako.sk\/eshop\/produkt\/expression-line-pletove-ampulky-10-x-2-ml-korejska-kozmetika\/#breadcrumb","itemListElement":[{"@type":"ListItem","position":1,"name":"Domovsk\u00e1 str\u00e1nka","item":"https:\/\/etako.sk\/eshop\/"},{"@type":"ListItem","position":2,"name":"Obchod","item":"https:\/\/etako.sk\/eshop\/shop\/"},{"@type":"ListItem","position":3,"name":"EXPRESSION LINE Ple\u0165ov\u00e9 ampulky 10 x 2 ml k\u00f3rejsk\u00e1 kozmetika"}]},{"@type":"WebSite","@id":"https:\/\/etako.sk\/eshop\/#website","url":"https:\/\/etako.sk\/eshop\/","name":"ETAKO e-shop","description":"Etako","potentialAction":[{"@type":"SearchAction","target":{"@type":"EntryPoint","urlTemplate":"https:\/\/etako.sk\/eshop\/?s={search_term_string}"},"query-input":{"@type":"PropertyValueSpecification","valueRequired":true,"valueName":"search_term_string"}}],"inLanguage":"sk-SK"}]}},"jetpack_sharing_enabled":true,"_links":{"self":[{"href":"https:\/\/etako.sk\/eshop\/wp-json\/wp\/v2\/product\/48676","targetHints":{"allow":["GET"]}}],"collection":[{"href":"https:\/\/etako.sk\/eshop\/wp-json\/wp\/v2\/product"}],"about":[{"href":"https:\/\/etako.sk\/eshop\/wp-json\/wp\/v2\/types\/product"}],"replies":[{"embeddable":true,"href":"https:\/\/etako.sk\/eshop\/wp-json\/wp\/v2\/comments?post=48676"}],"version-history":[{"count":1,"href":"https:\/\/etako.sk\/eshop\/wp-json\/wp\/v2\/product\/48676\/revisions"}],"predecessor-version":[{"id":48678,"href":"https:\/\/etako.sk\/eshop\/wp-json\/wp\/v2\/product\/48676\/revisions\/48678"}],"wp:featuredmedia":[{"embeddable":true,"href":"https:\/\/etako.sk\/eshop\/wp-json\/wp\/v2\/media\/48677"}],"wp:attachment":[{"href":"https:\/\/etako.sk\/eshop\/wp-json\/wp\/v2\/media?parent=48676"}],"wp:term":[{"taxonomy":"product_brand","embeddable":true,"href":"https:\/\/etako.sk\/eshop\/wp-json\/wp\/v2\/product_brand?post=48676"},{"taxonomy":"product_cat","embeddable":true,"href":"https:\/\/etako.sk\/eshop\/wp-json\/wp\/v2\/product_cat?post=48676"},{"taxonomy":"product_tag","embeddable":true,"href":"https:\/\/etako.sk\/eshop\/wp-json\/wp\/v2\/product_tag?post=48676"}],"curies":[{"name":"wp","href":"https:\/\/api.w.org\/{rel}","templated":true}]}}