{"id":48659,"date":"2025-08-11T15:04:57","date_gmt":"2025-08-11T13:04:57","guid":{"rendered":"https:\/\/etako.sk\/eshop\/?post_type=product&#038;p=48659"},"modified":"2025-08-11T15:04:58","modified_gmt":"2025-08-11T13:04:58","slug":"calendula-care-pletove-ampulky-10-x-2-ml-korejska-kozmetika","status":"publish","type":"product","link":"https:\/\/etako.sk\/eshop\/produkt\/calendula-care-pletove-ampulky-10-x-2-ml-korejska-kozmetika\/","title":{"rendered":"CALENDULA CARE Ple\u0165ov\u00e9 ampulky 10 x 2 ml k\u00f3rejsk\u00e1 kozmetika"},"content":{"rendered":"<div>S\u00e9rum s extraktom z necht\u00edka lek\u00e1rskeho \u00a010 x 2 ml<\/div>\n<div><\/div>\n<div>S\u00e9rum ve\u013emi priaznivo p\u00f4sob\u00ed na ple\u0165, zjem\u0148uje ju, hydratuje a dod\u00e1va pocit hebkosti.<\/div>\n<div>V\u010faka z\u00e1kladnej zlo\u017eke extraktu z necht\u00edka m\u00e1 jedine\u010dn\u00fd protiz\u00e1palov\u00fd efekt,<\/div>\n<div>uk\u013eud\u0148uje podr\u00e1\u017eden\u00fa za\u010dervenan\u00fa poko\u017eku a chr\u00e1ni pred jej znovu po\u0161koden\u00edm.<\/div>\n<div>Pr\u00edtomn\u00e9 saponoidy a flavonoidy ple\u0165 okam\u017eite upokojuj\u00fa a maj\u00fa taktie\u017e antiseptick\u00fd \u00fa\u010dinok.<\/div>\n<div>S\u00e9rum je ur\u010den\u00e9 pre v\u0161etky typy pleti n\u00e1chyln\u00e9 na z\u00e1palov\u00e9 procesy.<\/div>\n<div>A\u017e 3% vysok\u00e1 koncentr\u00e1cia extraktu z necht\u00edka je pre ple\u0165 d\u00f4kladn\u00fdm pohladen\u00edm.<\/div>\n<div><\/div>\n<div>Pou\u017eitie: Aplikujeme ve\u010der na dokonale vy\u010disten\u00fa ple\u0165.<br \/>\nJemnou mas\u00e1\u017eou cca 2-3 min\u00faty vmas\u00edrujeme s\u00e9rum do poko\u017eky a\u017e do \u00faplneho vstrebania.<br \/>\nOdpor\u00fa\u010da sa 1 a\u017e 2 kr\u00e1t do t\u00fd\u017ed\u0148a 1 ampulka s\u00e9ra pre intenz\u00edvnu k\u00faru.<\/div>\n","protected":false},"excerpt":{"rendered":"<p>S\u00e9rum s extraktom z necht\u00edka lek\u00e1rskeho \u00a010 x 2 ml S\u00e9rum ve\u013emi priaznivo p\u00f4sob\u00ed na ple\u0165, zjem\u0148uje ju, hydratuje a<\/p>\n","protected":false},"featured_media":48660,"comment_status":"closed","ping_status":"closed","template":"","meta":{"jetpack_publicize_message":"","jetpack_publicize_feature_enabled":true,"jetpack_social_post_already_shared":true,"jetpack_social_options":{"image_generator_settings":{"template":"highway","enabled":false},"version":2}},"product_brand":[],"product_cat":[1867],"product_tag":[],"class_list":{"0":"post-48659","1":"product","2":"type-product","3":"status-publish","4":"has-post-thumbnail","6":"product_cat-masky-a-sera","7":"product_shipping_class-standard","9":"","10":"instock","11":"taxable","12":"shipping-taxable","13":"purchasable","14":"product-type-simple"},"jetpack_publicize_connections":[],"yoast_head":"<!-- This site is optimized with the Yoast SEO plugin v25.6 - https:\/\/yoast.com\/wordpress\/plugins\/seo\/ -->\n<title>CALENDULA CARE Ple\u0165ov\u00e9 ampulky 10 x 2 ml k\u00f3rejsk\u00e1 kozmetika - ETAKO e-shop<\/title>\n<meta name=\"robots\" content=\"index, follow, max-snippet:-1, max-image-preview:large, max-video-preview:-1\" \/>\n<link rel=\"canonical\" href=\"https:\/\/etako.sk\/eshop\/produkt\/calendula-care-pletove-ampulky-10-x-2-ml-korejska-kozmetika\/\" \/>\n<meta name=\"twitter:card\" content=\"summary_large_image\" \/>\n<meta name=\"twitter:title\" content=\"CALENDULA CARE Ple\u0165ov\u00e9 ampulky 10 x 2 ml k\u00f3rejsk\u00e1 kozmetika - ETAKO e-shop\" \/>\n<meta name=\"twitter:description\" content=\"S\u00e9rum s extraktom z necht\u00edka lek\u00e1rskeho \u00a010 x 2 ml S\u00e9rum ve\u013emi priaznivo p\u00f4sob\u00ed na ple\u0165, zjem\u0148uje ju, hydratuje a\" \/>\n<meta name=\"twitter:image\" content=\"https:\/\/i0.wp.com\/etako.sk\/eshop\/wp-content\/uploads\/2025\/08\/calendula-care.jpg?fit=630%2C630&ssl=1\" \/>\n<meta name=\"twitter:label1\" content=\"Predpokladan\u00fd \u010das \u010d\u00edtania\" \/>\n\t<meta name=\"twitter:data1\" content=\"1 min\u00fata\" \/>\n<script type=\"application\/ld+json\" class=\"yoast-schema-graph\">{\"@context\":\"https:\/\/schema.org\",\"@graph\":[{\"@type\":\"WebPage\",\"@id\":\"https:\/\/etako.sk\/eshop\/produkt\/calendula-care-pletove-ampulky-10-x-2-ml-korejska-kozmetika\/\",\"url\":\"https:\/\/etako.sk\/eshop\/produkt\/calendula-care-pletove-ampulky-10-x-2-ml-korejska-kozmetika\/\",\"name\":\"CALENDULA CARE Ple\u0165ov\u00e9 ampulky 10 x 2 ml k\u00f3rejsk\u00e1 kozmetika - ETAKO e-shop\",\"isPartOf\":{\"@id\":\"https:\/\/etako.sk\/eshop\/#website\"},\"primaryImageOfPage\":{\"@id\":\"https:\/\/etako.sk\/eshop\/produkt\/calendula-care-pletove-ampulky-10-x-2-ml-korejska-kozmetika\/#primaryimage\"},\"image\":{\"@id\":\"https:\/\/etako.sk\/eshop\/produkt\/calendula-care-pletove-ampulky-10-x-2-ml-korejska-kozmetika\/#primaryimage\"},\"thumbnailUrl\":\"https:\/\/i0.wp.com\/etako.sk\/eshop\/wp-content\/uploads\/2025\/08\/calendula-care.jpg?fit=630%2C630&ssl=1\",\"datePublished\":\"2025-08-11T13:04:57+00:00\",\"dateModified\":\"2025-08-11T13:04:58+00:00\",\"breadcrumb\":{\"@id\":\"https:\/\/etako.sk\/eshop\/produkt\/calendula-care-pletove-ampulky-10-x-2-ml-korejska-kozmetika\/#breadcrumb\"},\"inLanguage\":\"sk-SK\",\"potentialAction\":[{\"@type\":\"ReadAction\",\"target\":[\"https:\/\/etako.sk\/eshop\/produkt\/calendula-care-pletove-ampulky-10-x-2-ml-korejska-kozmetika\/\"]}]},{\"@type\":\"ImageObject\",\"inLanguage\":\"sk-SK\",\"@id\":\"https:\/\/etako.sk\/eshop\/produkt\/calendula-care-pletove-ampulky-10-x-2-ml-korejska-kozmetika\/#primaryimage\",\"url\":\"https:\/\/i0.wp.com\/etako.sk\/eshop\/wp-content\/uploads\/2025\/08\/calendula-care.jpg?fit=630%2C630&ssl=1\",\"contentUrl\":\"https:\/\/i0.wp.com\/etako.sk\/eshop\/wp-content\/uploads\/2025\/08\/calendula-care.jpg?fit=630%2C630&ssl=1\",\"width\":630,\"height\":630},{\"@type\":\"BreadcrumbList\",\"@id\":\"https:\/\/etako.sk\/eshop\/produkt\/calendula-care-pletove-ampulky-10-x-2-ml-korejska-kozmetika\/#breadcrumb\",\"itemListElement\":[{\"@type\":\"ListItem\",\"position\":1,\"name\":\"Domovsk\u00e1 str\u00e1nka\",\"item\":\"https:\/\/etako.sk\/eshop\/\"},{\"@type\":\"ListItem\",\"position\":2,\"name\":\"Obchod\",\"item\":\"https:\/\/etako.sk\/eshop\/shop\/\"},{\"@type\":\"ListItem\",\"position\":3,\"name\":\"CALENDULA CARE Ple\u0165ov\u00e9 ampulky 10 x 2 ml k\u00f3rejsk\u00e1 kozmetika\"}]},{\"@type\":\"WebSite\",\"@id\":\"https:\/\/etako.sk\/eshop\/#website\",\"url\":\"https:\/\/etako.sk\/eshop\/\",\"name\":\"ETAKO e-shop\",\"description\":\"Etako\",\"potentialAction\":[{\"@type\":\"SearchAction\",\"target\":{\"@type\":\"EntryPoint\",\"urlTemplate\":\"https:\/\/etako.sk\/eshop\/?s={search_term_string}\"},\"query-input\":{\"@type\":\"PropertyValueSpecification\",\"valueRequired\":true,\"valueName\":\"search_term_string\"}}],\"inLanguage\":\"sk-SK\"}]}<\/script>\n<!-- \/ Yoast SEO plugin. -->","yoast_head_json":{"title":"CALENDULA CARE Ple\u0165ov\u00e9 ampulky 10 x 2 ml k\u00f3rejsk\u00e1 kozmetika - ETAKO e-shop","robots":{"index":"index","follow":"follow","max-snippet":"max-snippet:-1","max-image-preview":"max-image-preview:large","max-video-preview":"max-video-preview:-1"},"canonical":"https:\/\/etako.sk\/eshop\/produkt\/calendula-care-pletove-ampulky-10-x-2-ml-korejska-kozmetika\/","twitter_card":"summary_large_image","twitter_title":"CALENDULA CARE Ple\u0165ov\u00e9 ampulky 10 x 2 ml k\u00f3rejsk\u00e1 kozmetika - ETAKO e-shop","twitter_description":"S\u00e9rum s extraktom z necht\u00edka lek\u00e1rskeho \u00a010 x 2 ml S\u00e9rum ve\u013emi priaznivo p\u00f4sob\u00ed na ple\u0165, zjem\u0148uje ju, hydratuje a","twitter_image":"https:\/\/i0.wp.com\/etako.sk\/eshop\/wp-content\/uploads\/2025\/08\/calendula-care.jpg?fit=630%2C630&ssl=1","twitter_misc":{"Predpokladan\u00fd \u010das \u010d\u00edtania":"1 min\u00fata"},"schema":{"@context":"https:\/\/schema.org","@graph":[{"@type":"WebPage","@id":"https:\/\/etako.sk\/eshop\/produkt\/calendula-care-pletove-ampulky-10-x-2-ml-korejska-kozmetika\/","url":"https:\/\/etako.sk\/eshop\/produkt\/calendula-care-pletove-ampulky-10-x-2-ml-korejska-kozmetika\/","name":"CALENDULA CARE Ple\u0165ov\u00e9 ampulky 10 x 2 ml k\u00f3rejsk\u00e1 kozmetika - ETAKO e-shop","isPartOf":{"@id":"https:\/\/etako.sk\/eshop\/#website"},"primaryImageOfPage":{"@id":"https:\/\/etako.sk\/eshop\/produkt\/calendula-care-pletove-ampulky-10-x-2-ml-korejska-kozmetika\/#primaryimage"},"image":{"@id":"https:\/\/etako.sk\/eshop\/produkt\/calendula-care-pletove-ampulky-10-x-2-ml-korejska-kozmetika\/#primaryimage"},"thumbnailUrl":"https:\/\/i0.wp.com\/etako.sk\/eshop\/wp-content\/uploads\/2025\/08\/calendula-care.jpg?fit=630%2C630&ssl=1","datePublished":"2025-08-11T13:04:57+00:00","dateModified":"2025-08-11T13:04:58+00:00","breadcrumb":{"@id":"https:\/\/etako.sk\/eshop\/produkt\/calendula-care-pletove-ampulky-10-x-2-ml-korejska-kozmetika\/#breadcrumb"},"inLanguage":"sk-SK","potentialAction":[{"@type":"ReadAction","target":["https:\/\/etako.sk\/eshop\/produkt\/calendula-care-pletove-ampulky-10-x-2-ml-korejska-kozmetika\/"]}]},{"@type":"ImageObject","inLanguage":"sk-SK","@id":"https:\/\/etako.sk\/eshop\/produkt\/calendula-care-pletove-ampulky-10-x-2-ml-korejska-kozmetika\/#primaryimage","url":"https:\/\/i0.wp.com\/etako.sk\/eshop\/wp-content\/uploads\/2025\/08\/calendula-care.jpg?fit=630%2C630&ssl=1","contentUrl":"https:\/\/i0.wp.com\/etako.sk\/eshop\/wp-content\/uploads\/2025\/08\/calendula-care.jpg?fit=630%2C630&ssl=1","width":630,"height":630},{"@type":"BreadcrumbList","@id":"https:\/\/etako.sk\/eshop\/produkt\/calendula-care-pletove-ampulky-10-x-2-ml-korejska-kozmetika\/#breadcrumb","itemListElement":[{"@type":"ListItem","position":1,"name":"Domovsk\u00e1 str\u00e1nka","item":"https:\/\/etako.sk\/eshop\/"},{"@type":"ListItem","position":2,"name":"Obchod","item":"https:\/\/etako.sk\/eshop\/shop\/"},{"@type":"ListItem","position":3,"name":"CALENDULA CARE Ple\u0165ov\u00e9 ampulky 10 x 2 ml k\u00f3rejsk\u00e1 kozmetika"}]},{"@type":"WebSite","@id":"https:\/\/etako.sk\/eshop\/#website","url":"https:\/\/etako.sk\/eshop\/","name":"ETAKO e-shop","description":"Etako","potentialAction":[{"@type":"SearchAction","target":{"@type":"EntryPoint","urlTemplate":"https:\/\/etako.sk\/eshop\/?s={search_term_string}"},"query-input":{"@type":"PropertyValueSpecification","valueRequired":true,"valueName":"search_term_string"}}],"inLanguage":"sk-SK"}]}},"jetpack_sharing_enabled":true,"_links":{"self":[{"href":"https:\/\/etako.sk\/eshop\/wp-json\/wp\/v2\/product\/48659","targetHints":{"allow":["GET"]}}],"collection":[{"href":"https:\/\/etako.sk\/eshop\/wp-json\/wp\/v2\/product"}],"about":[{"href":"https:\/\/etako.sk\/eshop\/wp-json\/wp\/v2\/types\/product"}],"replies":[{"embeddable":true,"href":"https:\/\/etako.sk\/eshop\/wp-json\/wp\/v2\/comments?post=48659"}],"version-history":[{"count":2,"href":"https:\/\/etako.sk\/eshop\/wp-json\/wp\/v2\/product\/48659\/revisions"}],"predecessor-version":[{"id":48662,"href":"https:\/\/etako.sk\/eshop\/wp-json\/wp\/v2\/product\/48659\/revisions\/48662"}],"wp:featuredmedia":[{"embeddable":true,"href":"https:\/\/etako.sk\/eshop\/wp-json\/wp\/v2\/media\/48660"}],"wp:attachment":[{"href":"https:\/\/etako.sk\/eshop\/wp-json\/wp\/v2\/media?parent=48659"}],"wp:term":[{"taxonomy":"product_brand","embeddable":true,"href":"https:\/\/etako.sk\/eshop\/wp-json\/wp\/v2\/product_brand?post=48659"},{"taxonomy":"product_cat","embeddable":true,"href":"https:\/\/etako.sk\/eshop\/wp-json\/wp\/v2\/product_cat?post=48659"},{"taxonomy":"product_tag","embeddable":true,"href":"https:\/\/etako.sk\/eshop\/wp-json\/wp\/v2\/product_tag?post=48659"}],"curies":[{"name":"wp","href":"https:\/\/api.w.org\/{rel}","templated":true}]}}