{"id":48656,"date":"2025-08-11T14:27:55","date_gmt":"2025-08-11T12:27:55","guid":{"rendered":"https:\/\/etako.sk\/eshop\/?post_type=product&#038;p=48656"},"modified":"2025-08-11T14:27:55","modified_gmt":"2025-08-11T12:27:55","slug":"blue-lotus-pletove-ampulky-10-x-2-ml-korejska-kozmetika","status":"publish","type":"product","link":"https:\/\/etako.sk\/eshop\/produkt\/blue-lotus-pletove-ampulky-10-x-2-ml-korejska-kozmetika\/","title":{"rendered":"BLUE LOTUS Ple\u0165ov\u00e9 ampulky 10 x 2 ml K\u00f3rejsk\u00e1 kozmetika"},"content":{"rendered":"<p>Protivr\u00e1skov\u00e9 s\u00e9rum s modr\u00fdm lotosom a kyselinou hyaluronovou na obnovu buniek\u00a010 x 2 ml<\/p>\n<p>Protivr\u00e1skov\u00e9 s\u00e9rum spoma\u013euje proces starnutia pleti v\u010faka jedine\u010dn\u00e9mu zlo\u017eeniu rastlinn\u00e9ho extraktu z egyptsk\u00e9ho modr\u00e9ho lotosov\u00e9ho kvetu, ktor\u00fd dokonale redukuje vn\u00fatorn\u00e9 negat\u00edvne ovplyv\u0148ovanie bunkovej \u0161trukt\u00fary, ako aj zmeny vonkaj\u0161ieho prostredia na ple\u0165.<\/p>\n<p>Okysli\u010duje bunky poko\u017eky, \u010d\u00edm jej dod\u00e1va kr\u00e1sny a mladistv\u00fd vzh\u013ead, d\u00f4kladne ple\u0165 prekrvuje a t\u00fdm aj vidite\u013ene redukuje vr\u00e1sky.<\/p>\n<p>S\u00e9rum je ur\u010den\u00e9 aj na ve\u013emi vysu\u0161en\u00fa ple\u0165, ktorej dod\u00e1va potrebn\u00e9 premastenie, hydrat\u00e1ciu, elasticitu a rie\u0161i probl\u00e9m aj hlbok\u00fdch mimick\u00fdch vr\u00e1sok.<br \/>\nKyselina hyaluronov\u00e1 posil\u0148uje protivr\u00e1skov\u00fd \u00fa\u010dinok.<\/p>\n<p>Dve z\u00e1kladn\u00e9 zlo\u017eky:<br \/>\nModr\u00fd lotos na obnovu buniek 0,5% &#8211; m\u00e1 jedine\u010dn\u00fd protivr\u00e1skov\u00fd \u00fa\u010dinok.<br \/>\nVynikaj\u00faco sa penetruje do poko\u017eky a efekt\u00edvne p\u00f4sob\u00ed proti glyk\u00e1cii, \u010do je faktor prirodzen\u00e9ho starnutia pleti,<br \/>\ndod\u00e1va jej pru\u017enos\u0165 (kolag\u00e9n, elast\u00edn) a redukuje vidite\u013en\u00e9 vr\u00e1sky.<br \/>\nToto s\u00e9rum obnovuje bunky poko\u017eky v\u010faka inhibi\u010dnej aktivite glyk\u00e1cie a jej antioxida\u010dnej aktivite a taktie\u017e bojuje proti vo\u013en\u00fdm radik\u00e1lom.<\/p>\n<p>Kyselina hyaluronov\u00e1 0,2% &#8211; udr\u017eiava dokonal\u00fa hydrat\u00e1ciu pleti v\u010faka zachyt\u00e1vaniu molek\u00fal vody.<br \/>\nZlep\u0161uje tak jemnos\u0165 a pru\u017enos\u0165 poko\u017eky, obnovuje po\u0161koden\u00fa epidermu.<br \/>\nKyselina hyaluronov\u00e1 m\u00f4\u017ee by\u0165 r\u00f4zneho p\u00f4vodu, av\u0161ak t\u00e1to je z\u00edskan\u00e1 ferment\u00e1ciou rastlinnej mlie\u010dnej bakt\u00e9rie.<\/p>\n<p>Po pou\u017eit\u00ed s\u00e9ra je ple\u0165 jemn\u00e1, hebk\u00e1, vl\u00e1\u010dna a d\u00f4kladne vy\u017eiven\u00e1.<br \/>\nNezanech\u00e1va lepkav\u00fd pocit.<\/p>\n<p>Pou\u017eitie: Aplikujeme ve\u010der na dokonale vy\u010disten\u00fa ple\u0165.<\/p>\n<div>Jemnou mas\u00e1\u017eou cca 2-3 min\u00faty vmas\u00edrujeme s\u00e9rum do poko\u017eky a\u017e do \u00faplneho vstrebania.<br \/>\nOdpor\u00fa\u010da sa 1 a\u017e 2 kr\u00e1t do t\u00fd\u017ed\u0148a 1 ampulka s\u00e9ra pre intenz\u00edvnu k\u00faru.<\/div>\n<div><\/div>\n","protected":false},"excerpt":{"rendered":"<p>Protivr\u00e1skov\u00e9 s\u00e9rum s modr\u00fdm lotosom a kyselinou hyaluronovou na obnovu buniek\u00a010 x 2 ml Protivr\u00e1skov\u00e9 s\u00e9rum spoma\u013euje proces starnutia pleti<\/p>\n","protected":false},"featured_media":48657,"comment_status":"closed","ping_status":"closed","template":"","meta":{"jetpack_publicize_message":"","jetpack_publicize_feature_enabled":true,"jetpack_social_post_already_shared":true,"jetpack_social_options":{"image_generator_settings":{"template":"highway","enabled":false},"version":2}},"product_brand":[],"product_cat":[1867],"product_tag":[],"class_list":{"0":"post-48656","1":"product","2":"type-product","3":"status-publish","4":"has-post-thumbnail","6":"product_cat-masky-a-sera","7":"product_shipping_class-standard","9":"","10":"instock","11":"taxable","12":"shipping-taxable","13":"purchasable","14":"product-type-simple"},"jetpack_publicize_connections":[],"yoast_head":"<!-- This site is optimized with the Yoast SEO plugin v25.6 - https:\/\/yoast.com\/wordpress\/plugins\/seo\/ -->\n<title>BLUE LOTUS Ple\u0165ov\u00e9 ampulky 10 x 2 ml K\u00f3rejsk\u00e1 kozmetika - ETAKO e-shop<\/title>\n<meta name=\"robots\" content=\"index, follow, max-snippet:-1, max-image-preview:large, max-video-preview:-1\" \/>\n<link rel=\"canonical\" href=\"https:\/\/etako.sk\/eshop\/produkt\/blue-lotus-pletove-ampulky-10-x-2-ml-korejska-kozmetika\/\" \/>\n<meta name=\"twitter:card\" content=\"summary_large_image\" \/>\n<meta name=\"twitter:title\" content=\"BLUE LOTUS Ple\u0165ov\u00e9 ampulky 10 x 2 ml K\u00f3rejsk\u00e1 kozmetika - ETAKO e-shop\" \/>\n<meta name=\"twitter:description\" content=\"Protivr\u00e1skov\u00e9 s\u00e9rum s modr\u00fdm lotosom a kyselinou hyaluronovou na obnovu buniek\u00a010 x 2 ml Protivr\u00e1skov\u00e9 s\u00e9rum spoma\u013euje proces starnutia pleti\" \/>\n<meta name=\"twitter:image\" content=\"https:\/\/i0.wp.com\/etako.sk\/eshop\/wp-content\/uploads\/2025\/08\/img_thumb-1.jpg?fit=630%2C630&ssl=1\" \/>\n<meta name=\"twitter:label1\" content=\"Predpokladan\u00fd \u010das \u010d\u00edtania\" \/>\n\t<meta name=\"twitter:data1\" content=\"2 min\u00faty\" \/>\n<script type=\"application\/ld+json\" class=\"yoast-schema-graph\">{\"@context\":\"https:\/\/schema.org\",\"@graph\":[{\"@type\":\"WebPage\",\"@id\":\"https:\/\/etako.sk\/eshop\/produkt\/blue-lotus-pletove-ampulky-10-x-2-ml-korejska-kozmetika\/\",\"url\":\"https:\/\/etako.sk\/eshop\/produkt\/blue-lotus-pletove-ampulky-10-x-2-ml-korejska-kozmetika\/\",\"name\":\"BLUE LOTUS Ple\u0165ov\u00e9 ampulky 10 x 2 ml K\u00f3rejsk\u00e1 kozmetika - ETAKO e-shop\",\"isPartOf\":{\"@id\":\"https:\/\/etako.sk\/eshop\/#website\"},\"primaryImageOfPage\":{\"@id\":\"https:\/\/etako.sk\/eshop\/produkt\/blue-lotus-pletove-ampulky-10-x-2-ml-korejska-kozmetika\/#primaryimage\"},\"image\":{\"@id\":\"https:\/\/etako.sk\/eshop\/produkt\/blue-lotus-pletove-ampulky-10-x-2-ml-korejska-kozmetika\/#primaryimage\"},\"thumbnailUrl\":\"https:\/\/i0.wp.com\/etako.sk\/eshop\/wp-content\/uploads\/2025\/08\/img_thumb-1.jpg?fit=630%2C630&ssl=1\",\"datePublished\":\"2025-08-11T12:27:55+00:00\",\"breadcrumb\":{\"@id\":\"https:\/\/etako.sk\/eshop\/produkt\/blue-lotus-pletove-ampulky-10-x-2-ml-korejska-kozmetika\/#breadcrumb\"},\"inLanguage\":\"sk-SK\",\"potentialAction\":[{\"@type\":\"ReadAction\",\"target\":[\"https:\/\/etako.sk\/eshop\/produkt\/blue-lotus-pletove-ampulky-10-x-2-ml-korejska-kozmetika\/\"]}]},{\"@type\":\"ImageObject\",\"inLanguage\":\"sk-SK\",\"@id\":\"https:\/\/etako.sk\/eshop\/produkt\/blue-lotus-pletove-ampulky-10-x-2-ml-korejska-kozmetika\/#primaryimage\",\"url\":\"https:\/\/i0.wp.com\/etako.sk\/eshop\/wp-content\/uploads\/2025\/08\/img_thumb-1.jpg?fit=630%2C630&ssl=1\",\"contentUrl\":\"https:\/\/i0.wp.com\/etako.sk\/eshop\/wp-content\/uploads\/2025\/08\/img_thumb-1.jpg?fit=630%2C630&ssl=1\",\"width\":630,\"height\":630},{\"@type\":\"BreadcrumbList\",\"@id\":\"https:\/\/etako.sk\/eshop\/produkt\/blue-lotus-pletove-ampulky-10-x-2-ml-korejska-kozmetika\/#breadcrumb\",\"itemListElement\":[{\"@type\":\"ListItem\",\"position\":1,\"name\":\"Domovsk\u00e1 str\u00e1nka\",\"item\":\"https:\/\/etako.sk\/eshop\/\"},{\"@type\":\"ListItem\",\"position\":2,\"name\":\"Obchod\",\"item\":\"https:\/\/etako.sk\/eshop\/shop\/\"},{\"@type\":\"ListItem\",\"position\":3,\"name\":\"BLUE LOTUS Ple\u0165ov\u00e9 ampulky 10 x 2 ml K\u00f3rejsk\u00e1 kozmetika\"}]},{\"@type\":\"WebSite\",\"@id\":\"https:\/\/etako.sk\/eshop\/#website\",\"url\":\"https:\/\/etako.sk\/eshop\/\",\"name\":\"ETAKO e-shop\",\"description\":\"Etako\",\"potentialAction\":[{\"@type\":\"SearchAction\",\"target\":{\"@type\":\"EntryPoint\",\"urlTemplate\":\"https:\/\/etako.sk\/eshop\/?s={search_term_string}\"},\"query-input\":{\"@type\":\"PropertyValueSpecification\",\"valueRequired\":true,\"valueName\":\"search_term_string\"}}],\"inLanguage\":\"sk-SK\"}]}<\/script>\n<!-- \/ Yoast SEO plugin. -->","yoast_head_json":{"title":"BLUE LOTUS Ple\u0165ov\u00e9 ampulky 10 x 2 ml K\u00f3rejsk\u00e1 kozmetika - ETAKO e-shop","robots":{"index":"index","follow":"follow","max-snippet":"max-snippet:-1","max-image-preview":"max-image-preview:large","max-video-preview":"max-video-preview:-1"},"canonical":"https:\/\/etako.sk\/eshop\/produkt\/blue-lotus-pletove-ampulky-10-x-2-ml-korejska-kozmetika\/","twitter_card":"summary_large_image","twitter_title":"BLUE LOTUS Ple\u0165ov\u00e9 ampulky 10 x 2 ml K\u00f3rejsk\u00e1 kozmetika - ETAKO e-shop","twitter_description":"Protivr\u00e1skov\u00e9 s\u00e9rum s modr\u00fdm lotosom a kyselinou hyaluronovou na obnovu buniek\u00a010 x 2 ml Protivr\u00e1skov\u00e9 s\u00e9rum spoma\u013euje proces starnutia pleti","twitter_image":"https:\/\/i0.wp.com\/etako.sk\/eshop\/wp-content\/uploads\/2025\/08\/img_thumb-1.jpg?fit=630%2C630&ssl=1","twitter_misc":{"Predpokladan\u00fd \u010das \u010d\u00edtania":"2 min\u00faty"},"schema":{"@context":"https:\/\/schema.org","@graph":[{"@type":"WebPage","@id":"https:\/\/etako.sk\/eshop\/produkt\/blue-lotus-pletove-ampulky-10-x-2-ml-korejska-kozmetika\/","url":"https:\/\/etako.sk\/eshop\/produkt\/blue-lotus-pletove-ampulky-10-x-2-ml-korejska-kozmetika\/","name":"BLUE LOTUS Ple\u0165ov\u00e9 ampulky 10 x 2 ml K\u00f3rejsk\u00e1 kozmetika - ETAKO e-shop","isPartOf":{"@id":"https:\/\/etako.sk\/eshop\/#website"},"primaryImageOfPage":{"@id":"https:\/\/etako.sk\/eshop\/produkt\/blue-lotus-pletove-ampulky-10-x-2-ml-korejska-kozmetika\/#primaryimage"},"image":{"@id":"https:\/\/etako.sk\/eshop\/produkt\/blue-lotus-pletove-ampulky-10-x-2-ml-korejska-kozmetika\/#primaryimage"},"thumbnailUrl":"https:\/\/i0.wp.com\/etako.sk\/eshop\/wp-content\/uploads\/2025\/08\/img_thumb-1.jpg?fit=630%2C630&ssl=1","datePublished":"2025-08-11T12:27:55+00:00","breadcrumb":{"@id":"https:\/\/etako.sk\/eshop\/produkt\/blue-lotus-pletove-ampulky-10-x-2-ml-korejska-kozmetika\/#breadcrumb"},"inLanguage":"sk-SK","potentialAction":[{"@type":"ReadAction","target":["https:\/\/etako.sk\/eshop\/produkt\/blue-lotus-pletove-ampulky-10-x-2-ml-korejska-kozmetika\/"]}]},{"@type":"ImageObject","inLanguage":"sk-SK","@id":"https:\/\/etako.sk\/eshop\/produkt\/blue-lotus-pletove-ampulky-10-x-2-ml-korejska-kozmetika\/#primaryimage","url":"https:\/\/i0.wp.com\/etako.sk\/eshop\/wp-content\/uploads\/2025\/08\/img_thumb-1.jpg?fit=630%2C630&ssl=1","contentUrl":"https:\/\/i0.wp.com\/etako.sk\/eshop\/wp-content\/uploads\/2025\/08\/img_thumb-1.jpg?fit=630%2C630&ssl=1","width":630,"height":630},{"@type":"BreadcrumbList","@id":"https:\/\/etako.sk\/eshop\/produkt\/blue-lotus-pletove-ampulky-10-x-2-ml-korejska-kozmetika\/#breadcrumb","itemListElement":[{"@type":"ListItem","position":1,"name":"Domovsk\u00e1 str\u00e1nka","item":"https:\/\/etako.sk\/eshop\/"},{"@type":"ListItem","position":2,"name":"Obchod","item":"https:\/\/etako.sk\/eshop\/shop\/"},{"@type":"ListItem","position":3,"name":"BLUE LOTUS Ple\u0165ov\u00e9 ampulky 10 x 2 ml K\u00f3rejsk\u00e1 kozmetika"}]},{"@type":"WebSite","@id":"https:\/\/etako.sk\/eshop\/#website","url":"https:\/\/etako.sk\/eshop\/","name":"ETAKO e-shop","description":"Etako","potentialAction":[{"@type":"SearchAction","target":{"@type":"EntryPoint","urlTemplate":"https:\/\/etako.sk\/eshop\/?s={search_term_string}"},"query-input":{"@type":"PropertyValueSpecification","valueRequired":true,"valueName":"search_term_string"}}],"inLanguage":"sk-SK"}]}},"jetpack_sharing_enabled":true,"_links":{"self":[{"href":"https:\/\/etako.sk\/eshop\/wp-json\/wp\/v2\/product\/48656","targetHints":{"allow":["GET"]}}],"collection":[{"href":"https:\/\/etako.sk\/eshop\/wp-json\/wp\/v2\/product"}],"about":[{"href":"https:\/\/etako.sk\/eshop\/wp-json\/wp\/v2\/types\/product"}],"replies":[{"embeddable":true,"href":"https:\/\/etako.sk\/eshop\/wp-json\/wp\/v2\/comments?post=48656"}],"version-history":[{"count":1,"href":"https:\/\/etako.sk\/eshop\/wp-json\/wp\/v2\/product\/48656\/revisions"}],"predecessor-version":[{"id":48658,"href":"https:\/\/etako.sk\/eshop\/wp-json\/wp\/v2\/product\/48656\/revisions\/48658"}],"wp:featuredmedia":[{"embeddable":true,"href":"https:\/\/etako.sk\/eshop\/wp-json\/wp\/v2\/media\/48657"}],"wp:attachment":[{"href":"https:\/\/etako.sk\/eshop\/wp-json\/wp\/v2\/media?parent=48656"}],"wp:term":[{"taxonomy":"product_brand","embeddable":true,"href":"https:\/\/etako.sk\/eshop\/wp-json\/wp\/v2\/product_brand?post=48656"},{"taxonomy":"product_cat","embeddable":true,"href":"https:\/\/etako.sk\/eshop\/wp-json\/wp\/v2\/product_cat?post=48656"},{"taxonomy":"product_tag","embeddable":true,"href":"https:\/\/etako.sk\/eshop\/wp-json\/wp\/v2\/product_tag?post=48656"}],"curies":[{"name":"wp","href":"https:\/\/api.w.org\/{rel}","templated":true}]}}