{"id":48620,"date":"2025-07-16T14:38:33","date_gmt":"2025-07-16T12:38:33","guid":{"rendered":"https:\/\/etako.sk\/eshop\/?post_type=product&#038;p=48620"},"modified":"2025-07-16T14:38:34","modified_gmt":"2025-07-16T12:38:34","slug":"obal-na-knihu-z-bavlnenej-latky","status":"publish","type":"product","link":"https:\/\/etako.sk\/eshop\/produkt\/obal-na-knihu-z-bavlnenej-latky\/","title":{"rendered":"Obal na knihu z bavlnenej latky"},"content":{"rendered":"<p>Obal na knihu z bavlnenej l\u00e1tky, je obojstrann\u00fd, na maxim\u00e1lne 500 str\u00e1n, rozmery v\u00fd\u0161ka 23 cm \u0161\u00edrka rozlo\u017een\u00e9 36 cm. D\u00e1 sa pra\u0165 aj \u017eehli\u0165. Vo vn\u00fatri je v\u0161ita gumi\u010dka na prisp\u00f4sobenie sa knihe.Predn\u00e1 \u010das\u0165 obalu je zo\u0161it\u00e1 napevno zatia\u013e \u010do zadn\u00e1 je flexibiln\u00e1 \u2013 zaklad\u00e1 sa za gumi\u010dku a tak je obal vhodn\u00fd na ten\u0161iu aj hrub\u0161iu knihu. Ke\u010f m\u00e1te knihu zatvoren\u00fa, je mo\u017en\u00e9 gumi\u010dku natiahnu\u0165 cez knihu tak, aby sa kniha neotv\u00e1rala.Predn\u00e1 \u010das\u0165 je vystu\u017een\u00e1, tak kr\u00e1sne dr\u017e\u00ed tvar.<\/p>\n","protected":false},"excerpt":{"rendered":"<p>Obal na knihu z bavlnenej l\u00e1tky, je obojstrann\u00fd, na maxim\u00e1lne 500 str\u00e1n, rozmery v\u00fd\u0161ka 23 cm \u0161\u00edrka rozlo\u017een\u00e9 36 cm.<\/p>\n","protected":false},"featured_media":48621,"comment_status":"closed","ping_status":"closed","template":"","meta":{"jetpack_publicize_message":"","jetpack_publicize_feature_enabled":true,"jetpack_social_post_already_shared":true,"jetpack_social_options":{"image_generator_settings":{"template":"highway","enabled":false},"version":2}},"product_brand":[],"product_cat":[1875,604],"product_tag":[],"class_list":{"0":"post-48620","1":"product","2":"type-product","3":"status-publish","4":"has-post-thumbnail","6":"product_cat-obal-na-knihu","7":"product_cat-vlastna-vyroba-hand-made","8":"product_shipping_class-standard","10":"","11":"instock","12":"taxable","13":"shipping-taxable","14":"purchasable","15":"product-type-simple"},"jetpack_publicize_connections":[],"yoast_head":"<!-- This site is optimized with the Yoast SEO plugin v25.6 - https:\/\/yoast.com\/wordpress\/plugins\/seo\/ -->\n<title>Obal na knihu z bavlnenej latky - ETAKO e-shop<\/title>\n<meta name=\"robots\" content=\"index, follow, max-snippet:-1, max-image-preview:large, max-video-preview:-1\" \/>\n<link rel=\"canonical\" href=\"https:\/\/etako.sk\/eshop\/produkt\/obal-na-knihu-z-bavlnenej-latky\/\" \/>\n<meta name=\"twitter:card\" content=\"summary_large_image\" \/>\n<meta name=\"twitter:title\" content=\"Obal na knihu z bavlnenej latky - ETAKO e-shop\" \/>\n<meta name=\"twitter:description\" content=\"Obal na knihu z bavlnenej l\u00e1tky, je obojstrann\u00fd, na maxim\u00e1lne 500 str\u00e1n, rozmery v\u00fd\u0161ka 23 cm \u0161\u00edrka rozlo\u017een\u00e9 36 cm.\" \/>\n<meta name=\"twitter:image\" content=\"https:\/\/i0.wp.com\/etako.sk\/eshop\/wp-content\/uploads\/2025\/07\/xDXUB41X9Ez_s460xn.jpg?fit=460%2C613&ssl=1\" \/>\n<meta name=\"twitter:label1\" content=\"Predpokladan\u00fd \u010das \u010d\u00edtania\" \/>\n\t<meta name=\"twitter:data1\" content=\"1 min\u00fata\" \/>\n<script type=\"application\/ld+json\" class=\"yoast-schema-graph\">{\"@context\":\"https:\/\/schema.org\",\"@graph\":[{\"@type\":\"WebPage\",\"@id\":\"https:\/\/etako.sk\/eshop\/produkt\/obal-na-knihu-z-bavlnenej-latky\/\",\"url\":\"https:\/\/etako.sk\/eshop\/produkt\/obal-na-knihu-z-bavlnenej-latky\/\",\"name\":\"Obal na knihu z bavlnenej latky - ETAKO e-shop\",\"isPartOf\":{\"@id\":\"https:\/\/etako.sk\/eshop\/#website\"},\"primaryImageOfPage\":{\"@id\":\"https:\/\/etako.sk\/eshop\/produkt\/obal-na-knihu-z-bavlnenej-latky\/#primaryimage\"},\"image\":{\"@id\":\"https:\/\/etako.sk\/eshop\/produkt\/obal-na-knihu-z-bavlnenej-latky\/#primaryimage\"},\"thumbnailUrl\":\"https:\/\/i0.wp.com\/etako.sk\/eshop\/wp-content\/uploads\/2025\/07\/xDXUB41X9Ez_s460xn.jpg?fit=460%2C613&ssl=1\",\"datePublished\":\"2025-07-16T12:38:33+00:00\",\"dateModified\":\"2025-07-16T12:38:34+00:00\",\"breadcrumb\":{\"@id\":\"https:\/\/etako.sk\/eshop\/produkt\/obal-na-knihu-z-bavlnenej-latky\/#breadcrumb\"},\"inLanguage\":\"sk-SK\",\"potentialAction\":[{\"@type\":\"ReadAction\",\"target\":[\"https:\/\/etako.sk\/eshop\/produkt\/obal-na-knihu-z-bavlnenej-latky\/\"]}]},{\"@type\":\"ImageObject\",\"inLanguage\":\"sk-SK\",\"@id\":\"https:\/\/etako.sk\/eshop\/produkt\/obal-na-knihu-z-bavlnenej-latky\/#primaryimage\",\"url\":\"https:\/\/i0.wp.com\/etako.sk\/eshop\/wp-content\/uploads\/2025\/07\/xDXUB41X9Ez_s460xn.jpg?fit=460%2C613&ssl=1\",\"contentUrl\":\"https:\/\/i0.wp.com\/etako.sk\/eshop\/wp-content\/uploads\/2025\/07\/xDXUB41X9Ez_s460xn.jpg?fit=460%2C613&ssl=1\",\"width\":460,\"height\":613},{\"@type\":\"BreadcrumbList\",\"@id\":\"https:\/\/etako.sk\/eshop\/produkt\/obal-na-knihu-z-bavlnenej-latky\/#breadcrumb\",\"itemListElement\":[{\"@type\":\"ListItem\",\"position\":1,\"name\":\"Domovsk\u00e1 str\u00e1nka\",\"item\":\"https:\/\/etako.sk\/eshop\/\"},{\"@type\":\"ListItem\",\"position\":2,\"name\":\"Obchod\",\"item\":\"https:\/\/etako.sk\/eshop\/shop\/\"},{\"@type\":\"ListItem\",\"position\":3,\"name\":\"Obal na knihu z bavlnenej latky\"}]},{\"@type\":\"WebSite\",\"@id\":\"https:\/\/etako.sk\/eshop\/#website\",\"url\":\"https:\/\/etako.sk\/eshop\/\",\"name\":\"ETAKO e-shop\",\"description\":\"Etako\",\"potentialAction\":[{\"@type\":\"SearchAction\",\"target\":{\"@type\":\"EntryPoint\",\"urlTemplate\":\"https:\/\/etako.sk\/eshop\/?s={search_term_string}\"},\"query-input\":{\"@type\":\"PropertyValueSpecification\",\"valueRequired\":true,\"valueName\":\"search_term_string\"}}],\"inLanguage\":\"sk-SK\"}]}<\/script>\n<!-- \/ Yoast SEO plugin. -->","yoast_head_json":{"title":"Obal na knihu z bavlnenej latky - ETAKO e-shop","robots":{"index":"index","follow":"follow","max-snippet":"max-snippet:-1","max-image-preview":"max-image-preview:large","max-video-preview":"max-video-preview:-1"},"canonical":"https:\/\/etako.sk\/eshop\/produkt\/obal-na-knihu-z-bavlnenej-latky\/","twitter_card":"summary_large_image","twitter_title":"Obal na knihu z bavlnenej latky - ETAKO e-shop","twitter_description":"Obal na knihu z bavlnenej l\u00e1tky, je obojstrann\u00fd, na maxim\u00e1lne 500 str\u00e1n, rozmery v\u00fd\u0161ka 23 cm \u0161\u00edrka rozlo\u017een\u00e9 36 cm.","twitter_image":"https:\/\/i0.wp.com\/etako.sk\/eshop\/wp-content\/uploads\/2025\/07\/xDXUB41X9Ez_s460xn.jpg?fit=460%2C613&ssl=1","twitter_misc":{"Predpokladan\u00fd \u010das \u010d\u00edtania":"1 min\u00fata"},"schema":{"@context":"https:\/\/schema.org","@graph":[{"@type":"WebPage","@id":"https:\/\/etako.sk\/eshop\/produkt\/obal-na-knihu-z-bavlnenej-latky\/","url":"https:\/\/etako.sk\/eshop\/produkt\/obal-na-knihu-z-bavlnenej-latky\/","name":"Obal na knihu z bavlnenej latky - ETAKO e-shop","isPartOf":{"@id":"https:\/\/etako.sk\/eshop\/#website"},"primaryImageOfPage":{"@id":"https:\/\/etako.sk\/eshop\/produkt\/obal-na-knihu-z-bavlnenej-latky\/#primaryimage"},"image":{"@id":"https:\/\/etako.sk\/eshop\/produkt\/obal-na-knihu-z-bavlnenej-latky\/#primaryimage"},"thumbnailUrl":"https:\/\/i0.wp.com\/etako.sk\/eshop\/wp-content\/uploads\/2025\/07\/xDXUB41X9Ez_s460xn.jpg?fit=460%2C613&ssl=1","datePublished":"2025-07-16T12:38:33+00:00","dateModified":"2025-07-16T12:38:34+00:00","breadcrumb":{"@id":"https:\/\/etako.sk\/eshop\/produkt\/obal-na-knihu-z-bavlnenej-latky\/#breadcrumb"},"inLanguage":"sk-SK","potentialAction":[{"@type":"ReadAction","target":["https:\/\/etako.sk\/eshop\/produkt\/obal-na-knihu-z-bavlnenej-latky\/"]}]},{"@type":"ImageObject","inLanguage":"sk-SK","@id":"https:\/\/etako.sk\/eshop\/produkt\/obal-na-knihu-z-bavlnenej-latky\/#primaryimage","url":"https:\/\/i0.wp.com\/etako.sk\/eshop\/wp-content\/uploads\/2025\/07\/xDXUB41X9Ez_s460xn.jpg?fit=460%2C613&ssl=1","contentUrl":"https:\/\/i0.wp.com\/etako.sk\/eshop\/wp-content\/uploads\/2025\/07\/xDXUB41X9Ez_s460xn.jpg?fit=460%2C613&ssl=1","width":460,"height":613},{"@type":"BreadcrumbList","@id":"https:\/\/etako.sk\/eshop\/produkt\/obal-na-knihu-z-bavlnenej-latky\/#breadcrumb","itemListElement":[{"@type":"ListItem","position":1,"name":"Domovsk\u00e1 str\u00e1nka","item":"https:\/\/etako.sk\/eshop\/"},{"@type":"ListItem","position":2,"name":"Obchod","item":"https:\/\/etako.sk\/eshop\/shop\/"},{"@type":"ListItem","position":3,"name":"Obal na knihu z bavlnenej latky"}]},{"@type":"WebSite","@id":"https:\/\/etako.sk\/eshop\/#website","url":"https:\/\/etako.sk\/eshop\/","name":"ETAKO e-shop","description":"Etako","potentialAction":[{"@type":"SearchAction","target":{"@type":"EntryPoint","urlTemplate":"https:\/\/etako.sk\/eshop\/?s={search_term_string}"},"query-input":{"@type":"PropertyValueSpecification","valueRequired":true,"valueName":"search_term_string"}}],"inLanguage":"sk-SK"}]}},"jetpack_sharing_enabled":true,"_links":{"self":[{"href":"https:\/\/etako.sk\/eshop\/wp-json\/wp\/v2\/product\/48620","targetHints":{"allow":["GET"]}}],"collection":[{"href":"https:\/\/etako.sk\/eshop\/wp-json\/wp\/v2\/product"}],"about":[{"href":"https:\/\/etako.sk\/eshop\/wp-json\/wp\/v2\/types\/product"}],"replies":[{"embeddable":true,"href":"https:\/\/etako.sk\/eshop\/wp-json\/wp\/v2\/comments?post=48620"}],"version-history":[{"count":1,"href":"https:\/\/etako.sk\/eshop\/wp-json\/wp\/v2\/product\/48620\/revisions"}],"predecessor-version":[{"id":48626,"href":"https:\/\/etako.sk\/eshop\/wp-json\/wp\/v2\/product\/48620\/revisions\/48626"}],"wp:featuredmedia":[{"embeddable":true,"href":"https:\/\/etako.sk\/eshop\/wp-json\/wp\/v2\/media\/48621"}],"wp:attachment":[{"href":"https:\/\/etako.sk\/eshop\/wp-json\/wp\/v2\/media?parent=48620"}],"wp:term":[{"taxonomy":"product_brand","embeddable":true,"href":"https:\/\/etako.sk\/eshop\/wp-json\/wp\/v2\/product_brand?post=48620"},{"taxonomy":"product_cat","embeddable":true,"href":"https:\/\/etako.sk\/eshop\/wp-json\/wp\/v2\/product_cat?post=48620"},{"taxonomy":"product_tag","embeddable":true,"href":"https:\/\/etako.sk\/eshop\/wp-json\/wp\/v2\/product_tag?post=48620"}],"curies":[{"name":"wp","href":"https:\/\/api.w.org\/{rel}","templated":true}]}}