{"id":48609,"date":"2025-07-15T20:20:49","date_gmt":"2025-07-15T18:20:49","guid":{"rendered":"https:\/\/etako.sk\/eshop\/?post_type=product&#038;p=48609"},"modified":"2025-07-15T20:20:49","modified_gmt":"2025-07-15T18:20:49","slug":"orin-skinny-kolagen-pre-stihlu-liniu","status":"publish","type":"product","link":"https:\/\/etako.sk\/eshop\/produkt\/orin-skinny-kolagen-pre-stihlu-liniu\/","title":{"rendered":"ORIN SKINNY Kolag\u00e9n pre \u0161t\u00edhlu l\u00edniu"},"content":{"rendered":"<p><main id=\"page\"><\/p>\n<section>\n<div id=\"main\">\n<div class=\"middle\">\n<div id=\"AjaxMainSection\" class=\"vs-section container\" role=\"main\">\n<div class=\"commodityDetail\">\n<div class=\"commodityDetail-bottom\">\n<div class=\"vc-tabstemplate\">\n<div class=\"inner loaded\" data-module=\"vm\/TabsTemplate\">\n<div class=\"body\">\n<div id=\"CommodityDetail_1\" class=\"tab s-selected\">\n<div class=\"content\">\n<div class=\"vc-commoditydetail_description curtailment show\">\n<div class=\"description wysiwyg\">\n<p>Nevie\u0161 ako schudn\u00fa\u0165? Vysk\u00fa\u0161ala si nejeden jed\u00e1lni\u010dek na chudnutie, no \u017eiadny nefungoval?<\/p>\n<p><strong>ORIN SKINNY je\u00a0kolag\u00e9n na chudnutie<\/strong>, ktor\u00e9ho zlo\u017eenie zni\u017euje hladinu cukru v\u00a0krvi, redukuje celulit\u00eddu a hmotnos\u0165.<\/p>\n<p>Obsahuje kolag\u00e9nov\u00e9 peptidy VERISOL\u00ae, ktor\u00e9 maj\u00fa pozit\u00edvne \u00fa\u010dinky na ple\u0165, minimalizuj\u00fa vr\u00e1sky a\u00a0podporuj\u00fa rast vlasov a\u00a0nechtov.<\/p>\n<p>Zabudni na di\u00e9ty, sta\u010d\u00ed ti mal\u00e1 \u00faprava stravy a\u00a0tento kolag\u00e9n.<\/p>\n<p>&nbsp;<\/p>\n<p>Podpora chudnutia v\u010faka Fabenol\u00ae Max Fabenol\u00ae Max \u00a0je extrakt z\u00a0plodov Fazule oby\u010dajnej, ktor\u00fd m\u00e1 vplyv na prebyto\u010dn\u00e9 sacharidy v\u00a0na\u0161ej strave.<\/p>\n<p>Ak konzumuje\u0161 potraviny s\u00a0vysok\u00fdm glykemick\u00fdm indexom, podporuje\u0161 kr\u00e1tkodob\u00fd pocit plnosti, \u010do vedie k\u00a0\u010dastej\u0161iemu pocitu hladu a\u00a0prejedaniu sa. Dlhodob\u00e9 \u0161t\u00fadie tie\u017e uk\u00e1zali, \u017ee konzum\u00e1cia rafinovan\u00fdch sacharidov v\u00a0obdob\u00ed piatich rokov vedie k\u00a0zv\u00fd\u0161eniu bru\u0161n\u00e9ho tuku. Prebyto\u010dn\u00e9 sacharidy v strave sa premie\u0148aj\u00fa na tuky a\u00a0ukladaj\u00fa v\u00a0tele.<br \/>\nFabenol\u00ae Max zni\u017euje hladinu cukru v\u00a0krvi a zabra\u0148uje ne\u017eelanej alfa-amyl\u00e1ze, to znamen\u00e1, \u017ee blokuje tr\u00e1venie \u0161krobu z\u00a0potravy, \u010do vedie k\u00a0optim\u00e1lnemu rozlo\u017eeniu tela, v\u010faka \u010domu sa zbav\u00ed\u0161 zv\u00e4\u010d\u0161en\u00e9ho bru\u0161ka a\u00a0zn\u00ed\u017ei\u0161 svoju hmotnos\u0165.<\/p>\n<p><strong>Redukcia celulit\u00eddy<\/strong><br \/>\nChce\u0161 vedie\u0165 ako sa zbavi\u0165 celulit\u00eddy?<\/p>\n<p>Kolag\u00e9nov\u00e9 peptidy VERISOL\u00ae, pom\u00e1haj\u00fa redukova\u0165 pomaran\u010dov\u00fa ko\u017eu v\u010faka schopnosti obnovova\u0165 norm\u00e1lnu \u0161trukt\u00faru dermy a\u00a0podko\u017en\u00e9ho tkaniva.<\/p>\n<p>Potvrdila to aj \u0161t\u00fadi\u00e1, ktor\u00e1 prebiehala na 105 \u017een\u00e1ch vo\u00a0veku od 25 do 50 rokov pri dennej d\u00e1vke 2,5 g.<\/p>\n<p>Prv\u00e9 vidite\u013en\u00e9 v\u00fdsledky boli zaznamenan\u00e9 u\u017e po troch mesiacoch, v\u00fdrazn\u00e9 v\u00fdsledky po \u0161iestich mesiacoch.<\/p>\n<p><strong>Redukcia vr\u00e1sok<\/strong><br \/>\nKolag\u00e9nov\u00e9 peptidy VERISOL\u00ae s\u00fa \u0161peci\u00e1lne vytvoren\u00e9 na kozmetick\u00e9 \u00fa\u010dely a\u00a0pom\u00e1haj\u00fa redukova\u0165 vr\u00e1sky, \u010do potvrdili viacer\u00e9 \u0161t\u00fadie.\u00a0 Prv\u00e1 \u0161t\u00fadia na vzorke 69 \u017eien vo veku od 35 do 55 rokov odhalila, \u017ee \u017een\u00e1m sa v\u00fdrazne zv\u00fd\u0161ila pru\u017enos\u0165 poko\u017eky u\u017e po prv\u00fdch 4 t\u00fd\u017ed\u0148och pou\u017e\u00edvania.<br \/>\nDruh\u00e1 \u0161t\u00fadia sa zase zamerala na \u017eeny vo veku 45 a\u017e 65 rokov. Sto \u017eien u\u017e\u00edvalo denne 2,5g\u00a0 VERISOLU\u00ae po\u010das 4 t\u00fd\u017ed\u0148ov. V\u00fdsledky uk\u00e1zali, \u017ee VERISOL\u00ae v\u00fdrazne zredukoval vr\u00e1sky a\u00a0podporil tvorbu kolag\u00e9nu v\u00a0tele.<\/p>\n<p><strong>Zlep\u0161enie kvality nechtov<\/strong><br \/>\nBioakt\u00edvne kolag\u00e9nov\u00e9 peptidy VERISOL\u00ae pom\u00e1haj\u00fa zlep\u0161i\u0165 rast a\u00a0zdravie nechtov. Potvrdila to aj \u0161t\u00fadia, ktor\u00e1 preuk\u00e1zala pokles l\u00e1maj\u00facich sa nechtov u\u017e po prv\u00fdch dvoch mesiacoch. Po \u0161iestich mesiacoch l\u00e1manie a\u00a0\u0161tiepenie nechtov kleslo a\u017e o\u00a042%.<\/p>\n<p><strong>Podpora imunity<\/strong><br \/>\nORIN SKINNY obsahuje a\u017e 500 mg extraktu z\u00a0plodov\u00a0aceroly, ktor\u00e1 je pr\u00edrodn\u00fdm zdrojom vitam\u00ednu C. Vitam\u00edn C \u00a0je potrebn\u00fd pre rozpustnos\u0165 kolag\u00e9nu v\u00a0tele a prispieva k\u00a0spr\u00e1vnej tvorbe kolag\u00e9nu. Podporuje tie\u017e fungovanie imunitn\u00e9ho syst\u00e9mu.<\/p>\n<p><strong>Anti-aging \u00fa\u010dinky na ple\u0165<\/strong><br \/>\nORIN SKINNY obsahuje kombin\u00e1ciu \u0161tyroch zn\u00e1mych anti-aging zlo\u017eiek.<br \/>\nKyselina hyalur\u00f3nov\u00e1,\u00a0ktorej v\u00fdnimo\u010dnos\u0165 spo\u010d\u00edva v schopnosti viaza\u0165 na seba ve\u013ek\u00e9 mno\u017estvo vody, v\u010faka \u010domu m\u00f4\u017ee vyplni\u0165 priestor medzi kolag\u00e9nov\u00fdmi vl\u00e1knami a\u00a0ple\u0165 vypn\u00fa\u0165.<br \/>\nZinok,\u00a0ktor\u00fd prispieva k\u00a0udr\u017eaniu zdravej poko\u017eky, vlasov a\u00a0nechtov.<br \/>\nVitam\u00edn E,\u00a0ktor\u00fd prispieva k\u00a0ochrane buniek pred oxida\u010dn\u00fdm stresom, \u010do sp\u00f4sobuje spomalenie starnutia.<br \/>\nNiac\u00edn,\u00a0ktor\u00fd prispieva k udr\u017eaniu zdravej poko\u017eky.<\/p>\n<p>&nbsp;<\/p>\n<p><strong>Benefity:\u00a0<\/strong><\/p>\n<p>\u2713 kolag\u00e9n na chudnutie<br \/>\n\u2713 podporuje zdrav\u00e9 chudnutie<br \/>\n\u2713 zni\u017euje hladinu cukru v krvi<br \/>\n\u2713 redukuje celulit\u00eddu<br \/>\n\u2713 zvy\u0161uje pru\u017enos\u0165 poko\u017eky \u010d\u00edm eliminuje vznik stri\u00ed<br \/>\n\u2713 anti-aging \u00fa\u010dinky<br \/>\n\u2713 v\u00fdsledky overen\u00e9 klinick\u00fdmi \u0161t\u00fadiami<\/p>\n<p>&nbsp;<\/p>\n<p><strong>Podrobn\u00e9 zlo\u017eenie:\u00a0<\/strong><\/p>\n<p>\u010cierna r\u00edbez\u013ea 202g:\u00a0Bioakt\u00edvne kolag\u00e9nov\u00e9 peptidy Verisol\u00ae, extrakt z plodov Aceroly (Malpighia glabra), pr\u00edrodn\u00fd vitam\u00edn E, Fabenol\u00ae Max &#8211; patentovan\u00fd extrakt z plodov Fazule oby\u010dajnej (Phaseolus vulgaris), regul\u00e1tor kyslosti: kyselina jabl\u010dn\u00e1, pr\u00edrodn\u00e1 ar\u00f3ma: \u010dierna r\u00edbez\u013ea, farbivo: koncentr\u00e1t \u010diernej mrkvy, hyaluronan sodn\u00fd, zinok (diglycin\u00e1t zino\u010dnat\u00fd), sladidlo: glykozidy steviolu, vitam\u00edn E (D-alfa-tokoferylacet\u00e1t), niac\u00edn (nikot\u00ednamid).<\/p>\n<p>P\u00f4vod z\u00e1kladnej zlo\u017eky z E\u00da.<\/p>\n<p>Hodnoty s\u00fa uv\u00e1dzan\u00e9 v denn\u00fdch d\u00e1vkach:\u00a0Bioakt\u00edvne hov\u00e4dzie kolag\u00e9nov\u00e9 peptidy &#8211; Verisol\u00ae (5000 mg), extrakt z plodov Aceroly (500 mg) z toho vitam\u00edn C (85 mg), Fabenol\u00ae Max &#8211; extrakt z plodov Fazule oby\u010dajnej (500 mg), kyselina hyalur\u00f3nov\u00e1 (80 mg), vitam\u00edn E (12 mg), zinok (10 mg), niac\u00edn (10 mg).<br \/>\nPr\u00edrodn\u00e9 sladidlo:\u00a0st\u00e9via<\/p>\n<p>&nbsp;<\/p>\n<p><strong>Pr\u00edchu\u0165: \u010cierna r\u00edbez\u013ea<\/strong><\/p>\n<p>&nbsp;<\/p>\n<p><strong>D\u00e1vkovanie:<\/strong><\/p>\n<p>Balenie obsahuje 30 denn\u00fdch d\u00e1vok.\u00a0Do poh\u00e1ra s objemom 200 ml nasyp1 prilo\u017een\u00fa odmerku (naplnen\u00fa po rysku 15 ml) v\u00fd\u017eivov\u00e9ho doplnku, zalej vodou a dobre premie\u0161aj. Po \u00faplnom rozpusten\u00ed n\u00e1poj vypi. Pre lep\u0161\u00ed efekt odpor\u00fa\u010dame u\u017e\u00edva\u0165 pred jedlom alebo 30 min\u00fat po jedle.<\/p>\n<p>&nbsp;<\/p>\n<p>&nbsp;<\/p>\n<\/div>\n<\/div>\n<\/div>\n<\/div>\n<\/div>\n<\/div>\n<\/div>\n<div id=\"CommodityAlternate\" class=\"vc-commoditydetail_alternate\">\n<div class=\"inner\">\n<h2 class=\"header\"><\/h2>\n<div class=\"content\" data-loading=\"Na\u010d\u00edtavam...\">\n<div class=\"commodities loaded\" data-module=\"widgets\/ProductSlider\" data-module-setting=\"{&quot;displaySlider&quot;:true,&quot;visibleItemsCount&quot;:5,&quot;viewPort&quot;:[1,2,3,4,5]}\">\n<div class=\"owl-carousel owl-loaded owl-drag\">\n<div class=\"owl-stage-outer\">\n<div class=\"owl-stage\">\n<div class=\"owl-item active\">\n<article class=\"commodityBox\" data-id=\"4330\" data-item-id=\"dataItemId\" data-category-id=\"\">\n<div class=\"image loaded\"><\/div>\n<div class=\"buyForm\"><\/div>\n<\/article>\n<\/div>\n<div class=\"owl-item active\">\n<article class=\"commodityBox\" data-id=\"4334\" data-item-id=\"dataItemId\" data-category-id=\"\">\n<div class=\"image loaded\"><\/div>\n<div class=\"buyForm\"><\/div>\n<\/article>\n<\/div>\n<div class=\"owl-item active\">\n<article class=\"commodityBox\" data-id=\"4356\" data-item-id=\"dataItemId\" data-category-id=\"\">\n<div class=\"image loaded\"><\/div>\n<div class=\"buyForm\"><\/div>\n<\/article>\n<\/div>\n<div class=\"owl-item active\">\n<article class=\"commodityBox\" data-id=\"4359\" data-item-id=\"dataItemId\" data-category-id=\"\">\n<div class=\"image loaded\"><\/div>\n<div class=\"buyForm\"><\/div>\n<\/article>\n<\/div>\n<\/div>\n<\/div>\n<\/div>\n<\/div>\n<\/div>\n<\/div>\n<\/div>\n<div id=\"CommodityRelated\" class=\"vc-commoditydetail_related\">\n<div class=\"inner\">\n<h2 class=\"header\"><\/h2>\n<div class=\"content\" data-loading=\"Na\u010d\u00edtavam...\">\n<div class=\"commodities loaded\" data-module=\"widgets\/ProductSlider\" data-module-setting=\"{&quot;displaySlider&quot;:true,&quot;visibleItemsCount&quot;:5,&quot;viewPort&quot;:[1,2,3,4,5]}\">\n<div class=\"owl-carousel owl-loaded owl-drag\">\n<div class=\"owl-stage-outer\">\n<div class=\"owl-stage\">\n<div class=\"owl-item active\">\n<article class=\"commodityBox\" data-id=\"4329\" data-item-id=\"dataItemId\" data-category-id=\"\">\n<div class=\"image loaded\"><\/div>\n<div class=\"buyForm\"><\/div>\n<\/article>\n<\/div>\n<div class=\"owl-item active\">\n<article class=\"commodityBox\" data-id=\"4332\" data-item-id=\"dataItemId\" data-category-id=\"\">\n<div class=\"image loaded\"><\/div>\n<div class=\"buyForm\"><\/div>\n<\/article>\n<\/div>\n<div class=\"owl-item active\">\n<article class=\"commodityBox\" data-id=\"4340\" data-item-id=\"dataItemId\" data-category-id=\"\">\n<div class=\"image loaded\"><\/div>\n<div class=\"buyForm\"><\/div>\n<\/article>\n<\/div>\n<\/div>\n<\/div>\n<\/div>\n<\/div>\n<\/div>\n<\/div>\n<\/div>\n<\/div>\n<\/div>\n<\/div>\n<\/div>\n<div class=\"bottom\">\n<div class=\"container\"><\/div>\n<\/div>\n<\/div>\n<\/section>\n<p><\/main><\/p>\n<footer>\n<section class=\"footer-section-bottom\">\n<div class=\"container-lines\">\n<div class=\"container\">\n<div class=\"header_block-icons\">\n<div class=\"inner\">\n<div class=\"content\">\n<div class=\"clear\"><\/div>\n<\/div>\n<\/div>\n<\/div>\n<\/div>\n<\/div>\n<\/section>\n<div class=\"vc-content_appinfo\"><\/div>\n<\/footer>\n<div id=\"cookieConsent\" class=\"vc-cookieconsent show loaded\" hidden=\"\" data-module=\"vm\/CookieConsent\" data-module-setting=\"{&quot;cookieName&quot;:&quot;ndcconsent&quot;}\">\n<div class=\"vc-cookieconsent-inner\">\n<div class=\"vc-cookieconsent-image\"><\/div>\n<div class=\"vc-cookieconsent-text\">Tento web pou\u017e\u00edva na poskytovanie slu\u017eieb, personaliz\u00e1ciu rekl\u00e1m a anal\u00fdzu n\u00e1v\u0161tevnosti s\u00fabory cookie. Pou\u017e\u00edvan\u00edm tohto webu s t\u00fdm s\u00fahlas\u00edte.<\/div>\n<\/div>\n<\/div>\n","protected":false},"excerpt":{"rendered":"<p>Nevie\u0161 ako schudn\u00fa\u0165? Vysk\u00fa\u0161ala si nejeden jed\u00e1lni\u010dek na chudnutie, no \u017eiadny nefungoval? ORIN SKINNY je\u00a0kolag\u00e9n na chudnutie, ktor\u00e9ho zlo\u017eenie zni\u017euje<\/p>\n","protected":false},"featured_media":48610,"comment_status":"closed","ping_status":"closed","template":"","meta":{"jetpack_publicize_message":"","jetpack_publicize_feature_enabled":true,"jetpack_social_post_already_shared":true,"jetpack_social_options":{"image_generator_settings":{"template":"highway","enabled":false},"version":2}},"product_brand":[],"product_cat":[1874],"product_tag":[],"class_list":{"0":"post-48609","1":"product","2":"type-product","3":"status-publish","4":"has-post-thumbnail","6":"product_cat-chudnutie-a-kolageny","7":"product_shipping_class-standard","9":"","10":"instock","11":"taxable","12":"shipping-taxable","13":"purchasable","14":"product-type-simple"},"jetpack_publicize_connections":[],"yoast_head":"<!-- This site is optimized with the Yoast SEO plugin v25.6 - https:\/\/yoast.com\/wordpress\/plugins\/seo\/ -->\n<title>ORIN SKINNY Kolag\u00e9n pre \u0161t\u00edhlu l\u00edniu - ETAKO e-shop<\/title>\n<meta name=\"robots\" content=\"index, follow, max-snippet:-1, max-image-preview:large, max-video-preview:-1\" \/>\n<link rel=\"canonical\" href=\"https:\/\/etako.sk\/eshop\/produkt\/orin-skinny-kolagen-pre-stihlu-liniu\/\" \/>\n<meta name=\"twitter:card\" content=\"summary_large_image\" \/>\n<meta name=\"twitter:title\" content=\"ORIN SKINNY Kolag\u00e9n pre \u0161t\u00edhlu l\u00edniu - ETAKO e-shop\" \/>\n<meta name=\"twitter:description\" content=\"Nevie\u0161 ako schudn\u00fa\u0165? Vysk\u00fa\u0161ala si nejeden jed\u00e1lni\u010dek na chudnutie, no \u017eiadny nefungoval? ORIN SKINNY je\u00a0kolag\u00e9n na chudnutie, ktor\u00e9ho zlo\u017eenie zni\u017euje\" \/>\n<meta name=\"twitter:image\" content=\"https:\/\/i0.wp.com\/etako.sk\/eshop\/wp-content\/uploads\/2025\/07\/ORIN-SKINNY-Kolagen-pre-stihlu-liniu.jpg?fit=630%2C630&ssl=1\" \/>\n<meta name=\"twitter:label1\" content=\"Predpokladan\u00fd \u010das \u010d\u00edtania\" \/>\n\t<meta name=\"twitter:data1\" content=\"4 min\u00faty\" \/>\n<script type=\"application\/ld+json\" class=\"yoast-schema-graph\">{\"@context\":\"https:\/\/schema.org\",\"@graph\":[{\"@type\":\"WebPage\",\"@id\":\"https:\/\/etako.sk\/eshop\/produkt\/orin-skinny-kolagen-pre-stihlu-liniu\/\",\"url\":\"https:\/\/etako.sk\/eshop\/produkt\/orin-skinny-kolagen-pre-stihlu-liniu\/\",\"name\":\"ORIN SKINNY Kolag\u00e9n pre \u0161t\u00edhlu l\u00edniu - ETAKO e-shop\",\"isPartOf\":{\"@id\":\"https:\/\/etako.sk\/eshop\/#website\"},\"primaryImageOfPage\":{\"@id\":\"https:\/\/etako.sk\/eshop\/produkt\/orin-skinny-kolagen-pre-stihlu-liniu\/#primaryimage\"},\"image\":{\"@id\":\"https:\/\/etako.sk\/eshop\/produkt\/orin-skinny-kolagen-pre-stihlu-liniu\/#primaryimage\"},\"thumbnailUrl\":\"https:\/\/i0.wp.com\/etako.sk\/eshop\/wp-content\/uploads\/2025\/07\/ORIN-SKINNY-Kolagen-pre-stihlu-liniu.jpg?fit=630%2C630&ssl=1\",\"datePublished\":\"2025-07-15T18:20:49+00:00\",\"breadcrumb\":{\"@id\":\"https:\/\/etako.sk\/eshop\/produkt\/orin-skinny-kolagen-pre-stihlu-liniu\/#breadcrumb\"},\"inLanguage\":\"sk-SK\",\"potentialAction\":[{\"@type\":\"ReadAction\",\"target\":[\"https:\/\/etako.sk\/eshop\/produkt\/orin-skinny-kolagen-pre-stihlu-liniu\/\"]}]},{\"@type\":\"ImageObject\",\"inLanguage\":\"sk-SK\",\"@id\":\"https:\/\/etako.sk\/eshop\/produkt\/orin-skinny-kolagen-pre-stihlu-liniu\/#primaryimage\",\"url\":\"https:\/\/i0.wp.com\/etako.sk\/eshop\/wp-content\/uploads\/2025\/07\/ORIN-SKINNY-Kolagen-pre-stihlu-liniu.jpg?fit=630%2C630&ssl=1\",\"contentUrl\":\"https:\/\/i0.wp.com\/etako.sk\/eshop\/wp-content\/uploads\/2025\/07\/ORIN-SKINNY-Kolagen-pre-stihlu-liniu.jpg?fit=630%2C630&ssl=1\",\"width\":630,\"height\":630},{\"@type\":\"BreadcrumbList\",\"@id\":\"https:\/\/etako.sk\/eshop\/produkt\/orin-skinny-kolagen-pre-stihlu-liniu\/#breadcrumb\",\"itemListElement\":[{\"@type\":\"ListItem\",\"position\":1,\"name\":\"Domovsk\u00e1 str\u00e1nka\",\"item\":\"https:\/\/etako.sk\/eshop\/\"},{\"@type\":\"ListItem\",\"position\":2,\"name\":\"Obchod\",\"item\":\"https:\/\/etako.sk\/eshop\/shop\/\"},{\"@type\":\"ListItem\",\"position\":3,\"name\":\"ORIN SKINNY Kolag\u00e9n pre \u0161t\u00edhlu l\u00edniu\"}]},{\"@type\":\"WebSite\",\"@id\":\"https:\/\/etako.sk\/eshop\/#website\",\"url\":\"https:\/\/etako.sk\/eshop\/\",\"name\":\"ETAKO e-shop\",\"description\":\"Etako\",\"potentialAction\":[{\"@type\":\"SearchAction\",\"target\":{\"@type\":\"EntryPoint\",\"urlTemplate\":\"https:\/\/etako.sk\/eshop\/?s={search_term_string}\"},\"query-input\":{\"@type\":\"PropertyValueSpecification\",\"valueRequired\":true,\"valueName\":\"search_term_string\"}}],\"inLanguage\":\"sk-SK\"}]}<\/script>\n<!-- \/ Yoast SEO plugin. -->","yoast_head_json":{"title":"ORIN SKINNY Kolag\u00e9n pre \u0161t\u00edhlu l\u00edniu - ETAKO e-shop","robots":{"index":"index","follow":"follow","max-snippet":"max-snippet:-1","max-image-preview":"max-image-preview:large","max-video-preview":"max-video-preview:-1"},"canonical":"https:\/\/etako.sk\/eshop\/produkt\/orin-skinny-kolagen-pre-stihlu-liniu\/","twitter_card":"summary_large_image","twitter_title":"ORIN SKINNY Kolag\u00e9n pre \u0161t\u00edhlu l\u00edniu - ETAKO e-shop","twitter_description":"Nevie\u0161 ako schudn\u00fa\u0165? Vysk\u00fa\u0161ala si nejeden jed\u00e1lni\u010dek na chudnutie, no \u017eiadny nefungoval? ORIN SKINNY je\u00a0kolag\u00e9n na chudnutie, ktor\u00e9ho zlo\u017eenie zni\u017euje","twitter_image":"https:\/\/i0.wp.com\/etako.sk\/eshop\/wp-content\/uploads\/2025\/07\/ORIN-SKINNY-Kolagen-pre-stihlu-liniu.jpg?fit=630%2C630&ssl=1","twitter_misc":{"Predpokladan\u00fd \u010das \u010d\u00edtania":"4 min\u00faty"},"schema":{"@context":"https:\/\/schema.org","@graph":[{"@type":"WebPage","@id":"https:\/\/etako.sk\/eshop\/produkt\/orin-skinny-kolagen-pre-stihlu-liniu\/","url":"https:\/\/etako.sk\/eshop\/produkt\/orin-skinny-kolagen-pre-stihlu-liniu\/","name":"ORIN SKINNY Kolag\u00e9n pre \u0161t\u00edhlu l\u00edniu - ETAKO e-shop","isPartOf":{"@id":"https:\/\/etako.sk\/eshop\/#website"},"primaryImageOfPage":{"@id":"https:\/\/etako.sk\/eshop\/produkt\/orin-skinny-kolagen-pre-stihlu-liniu\/#primaryimage"},"image":{"@id":"https:\/\/etako.sk\/eshop\/produkt\/orin-skinny-kolagen-pre-stihlu-liniu\/#primaryimage"},"thumbnailUrl":"https:\/\/i0.wp.com\/etako.sk\/eshop\/wp-content\/uploads\/2025\/07\/ORIN-SKINNY-Kolagen-pre-stihlu-liniu.jpg?fit=630%2C630&ssl=1","datePublished":"2025-07-15T18:20:49+00:00","breadcrumb":{"@id":"https:\/\/etako.sk\/eshop\/produkt\/orin-skinny-kolagen-pre-stihlu-liniu\/#breadcrumb"},"inLanguage":"sk-SK","potentialAction":[{"@type":"ReadAction","target":["https:\/\/etako.sk\/eshop\/produkt\/orin-skinny-kolagen-pre-stihlu-liniu\/"]}]},{"@type":"ImageObject","inLanguage":"sk-SK","@id":"https:\/\/etako.sk\/eshop\/produkt\/orin-skinny-kolagen-pre-stihlu-liniu\/#primaryimage","url":"https:\/\/i0.wp.com\/etako.sk\/eshop\/wp-content\/uploads\/2025\/07\/ORIN-SKINNY-Kolagen-pre-stihlu-liniu.jpg?fit=630%2C630&ssl=1","contentUrl":"https:\/\/i0.wp.com\/etako.sk\/eshop\/wp-content\/uploads\/2025\/07\/ORIN-SKINNY-Kolagen-pre-stihlu-liniu.jpg?fit=630%2C630&ssl=1","width":630,"height":630},{"@type":"BreadcrumbList","@id":"https:\/\/etako.sk\/eshop\/produkt\/orin-skinny-kolagen-pre-stihlu-liniu\/#breadcrumb","itemListElement":[{"@type":"ListItem","position":1,"name":"Domovsk\u00e1 str\u00e1nka","item":"https:\/\/etako.sk\/eshop\/"},{"@type":"ListItem","position":2,"name":"Obchod","item":"https:\/\/etako.sk\/eshop\/shop\/"},{"@type":"ListItem","position":3,"name":"ORIN SKINNY Kolag\u00e9n pre \u0161t\u00edhlu l\u00edniu"}]},{"@type":"WebSite","@id":"https:\/\/etako.sk\/eshop\/#website","url":"https:\/\/etako.sk\/eshop\/","name":"ETAKO e-shop","description":"Etako","potentialAction":[{"@type":"SearchAction","target":{"@type":"EntryPoint","urlTemplate":"https:\/\/etako.sk\/eshop\/?s={search_term_string}"},"query-input":{"@type":"PropertyValueSpecification","valueRequired":true,"valueName":"search_term_string"}}],"inLanguage":"sk-SK"}]}},"jetpack_sharing_enabled":true,"_links":{"self":[{"href":"https:\/\/etako.sk\/eshop\/wp-json\/wp\/v2\/product\/48609","targetHints":{"allow":["GET"]}}],"collection":[{"href":"https:\/\/etako.sk\/eshop\/wp-json\/wp\/v2\/product"}],"about":[{"href":"https:\/\/etako.sk\/eshop\/wp-json\/wp\/v2\/types\/product"}],"replies":[{"embeddable":true,"href":"https:\/\/etako.sk\/eshop\/wp-json\/wp\/v2\/comments?post=48609"}],"version-history":[{"count":1,"href":"https:\/\/etako.sk\/eshop\/wp-json\/wp\/v2\/product\/48609\/revisions"}],"predecessor-version":[{"id":48611,"href":"https:\/\/etako.sk\/eshop\/wp-json\/wp\/v2\/product\/48609\/revisions\/48611"}],"wp:featuredmedia":[{"embeddable":true,"href":"https:\/\/etako.sk\/eshop\/wp-json\/wp\/v2\/media\/48610"}],"wp:attachment":[{"href":"https:\/\/etako.sk\/eshop\/wp-json\/wp\/v2\/media?parent=48609"}],"wp:term":[{"taxonomy":"product_brand","embeddable":true,"href":"https:\/\/etako.sk\/eshop\/wp-json\/wp\/v2\/product_brand?post=48609"},{"taxonomy":"product_cat","embeddable":true,"href":"https:\/\/etako.sk\/eshop\/wp-json\/wp\/v2\/product_cat?post=48609"},{"taxonomy":"product_tag","embeddable":true,"href":"https:\/\/etako.sk\/eshop\/wp-json\/wp\/v2\/product_tag?post=48609"}],"curies":[{"name":"wp","href":"https:\/\/api.w.org\/{rel}","templated":true}]}}