{"id":48601,"date":"2025-06-25T11:14:47","date_gmt":"2025-06-25T09:14:47","guid":{"rendered":"https:\/\/etako.sk\/eshop\/?post_type=product&#038;p=48601"},"modified":"2025-06-25T11:14:47","modified_gmt":"2025-06-25T09:14:47","slug":"purederm-red-ginseng-collagen-mask","status":"publish","type":"product","link":"https:\/\/etako.sk\/eshop\/produkt\/purederm-red-ginseng-collagen-mask\/","title":{"rendered":"PureDerm Red Ginseng Collagen Mask"},"content":{"rendered":"<p>Jednor\u00e1zov\u00e1 maska s \u010derven\u00fdm \u017een\u0161e\u0148om, kolag\u00e9nom a vitaminom E \u00a0ide\u00e1lna na dom\u00e1ce aj profesion\u00e1lne pou\u017eitie.<\/p>\n<p>Cenn\u00e9 l\u00e1tky obsiahnut\u00e9 v \u010dervenom \u017een\u0161eni\u00a0poko\u017eku vy\u017eivuj\u00fa, hydratuj\u00fa a upokojuj\u00fa.<\/p>\n<p>Je vhodn\u00e1 aj na citliv\u00fa a ve\u013emi citliv\u00fa poko\u017eku.<\/p>\n<p>Maska je nasiaknut\u00e1 \u00fa\u010dinn\u00fdmi l\u00e1tkami, je dostato\u010dne ve\u013ek\u00e1, aby zakryla cel\u00fa a tv\u00e1r, na ktor\u00fa dokonale pri\u013ene.<\/p>\n<p>&nbsp;<\/p>\n<div>Pou\u017eitie:<\/div>\n<div>1. D\u00f4kladne vy\u010distite ple\u0165. Po otvoren\u00ed masky odstr\u00e1\u0148te ochrann\u00fa f\u00f3liu<\/div>\n<div>2. Aplikujte masku kon\u010dekmi prstov na oblas\u0165 celej tv\u00e1re smerom zvn\u00fatra na okraj tv\u00e1re.<\/div>\n<div>3. Relaxujte cca 20 min\u00fat, odstr\u00e1\u0148te masku a jemne vmas\u00edrujte s\u00e9rum, ktor\u00e9 ostalo na pleti.<\/div>\n<div>4. Ak je potrebn\u00e9, na z\u00e1ver o\u0161etrite kr\u00e9mom alebo emulziou. Maska je na jedno pou\u017eitie.<\/div>\n<div>5. Pou\u017e\u00edvajte masku pod\u013ea potreby alebo 1x t\u00fd\u017edenne<\/div>\n<div><\/div>\n<div>Pre chladiv\u00fd efekt, uskladnite uzatvoren\u00fa masku v obale na p\u00e1r min\u00fat v mrazni\u010dke \/ tesne pred pou\u017eit\u00edm.<\/div>\n<div>Pre hor\u00faci efekt, vlo\u017ete uzatvoren\u00fa masku v obale na 2-3 min\u00faty v hor\u00facej vode.<\/div>\n<p>V balen\u00ed: 1\u00a0 maska<\/p>\n","protected":false},"excerpt":{"rendered":"<p>Jednor\u00e1zov\u00e1 maska s \u010derven\u00fdm \u017een\u0161e\u0148om, kolag\u00e9nom a vitaminom E \u00a0ide\u00e1lna na dom\u00e1ce aj profesion\u00e1lne pou\u017eitie. Cenn\u00e9 l\u00e1tky obsiahnut\u00e9 v \u010dervenom<\/p>\n","protected":false},"featured_media":48602,"comment_status":"closed","ping_status":"closed","template":"","meta":{"jetpack_publicize_message":"","jetpack_publicize_feature_enabled":true,"jetpack_social_post_already_shared":true,"jetpack_social_options":{"image_generator_settings":{"template":"highway","enabled":false},"version":2}},"product_brand":[],"product_cat":[1867],"product_tag":[],"class_list":{"0":"post-48601","1":"product","2":"type-product","3":"status-publish","4":"has-post-thumbnail","6":"product_cat-masky-a-sera","7":"product_shipping_class-standard","9":"","10":"instock","11":"taxable","12":"shipping-taxable","13":"purchasable","14":"product-type-simple"},"jetpack_publicize_connections":[],"yoast_head":"<!-- This site is optimized with the Yoast SEO plugin v25.6 - https:\/\/yoast.com\/wordpress\/plugins\/seo\/ -->\n<title>PureDerm Red Ginseng Collagen Mask - ETAKO e-shop<\/title>\n<meta name=\"robots\" content=\"index, follow, max-snippet:-1, max-image-preview:large, max-video-preview:-1\" \/>\n<link rel=\"canonical\" href=\"https:\/\/etako.sk\/eshop\/produkt\/purederm-red-ginseng-collagen-mask\/\" \/>\n<meta name=\"twitter:card\" content=\"summary_large_image\" \/>\n<meta name=\"twitter:title\" content=\"PureDerm Red Ginseng Collagen Mask - ETAKO e-shop\" \/>\n<meta name=\"twitter:description\" content=\"Jednor\u00e1zov\u00e1 maska s \u010derven\u00fdm \u017een\u0161e\u0148om, kolag\u00e9nom a vitaminom E \u00a0ide\u00e1lna na dom\u00e1ce aj profesion\u00e1lne pou\u017eitie. Cenn\u00e9 l\u00e1tky obsiahnut\u00e9 v \u010dervenom\" \/>\n<meta name=\"twitter:image\" content=\"https:\/\/i0.wp.com\/etako.sk\/eshop\/wp-content\/uploads\/2025\/06\/PureDerm-Ginseng-maszk-circle.jpg?fit=630%2C630&ssl=1\" \/>\n<meta name=\"twitter:label1\" content=\"Predpokladan\u00fd \u010das \u010d\u00edtania\" \/>\n\t<meta name=\"twitter:data1\" content=\"2 min\u00faty\" \/>\n<script type=\"application\/ld+json\" class=\"yoast-schema-graph\">{\"@context\":\"https:\/\/schema.org\",\"@graph\":[{\"@type\":\"WebPage\",\"@id\":\"https:\/\/etako.sk\/eshop\/produkt\/purederm-red-ginseng-collagen-mask\/\",\"url\":\"https:\/\/etako.sk\/eshop\/produkt\/purederm-red-ginseng-collagen-mask\/\",\"name\":\"PureDerm Red Ginseng Collagen Mask - ETAKO e-shop\",\"isPartOf\":{\"@id\":\"https:\/\/etako.sk\/eshop\/#website\"},\"primaryImageOfPage\":{\"@id\":\"https:\/\/etako.sk\/eshop\/produkt\/purederm-red-ginseng-collagen-mask\/#primaryimage\"},\"image\":{\"@id\":\"https:\/\/etako.sk\/eshop\/produkt\/purederm-red-ginseng-collagen-mask\/#primaryimage\"},\"thumbnailUrl\":\"https:\/\/i0.wp.com\/etako.sk\/eshop\/wp-content\/uploads\/2025\/06\/PureDerm-Ginseng-maszk-circle.jpg?fit=630%2C630&ssl=1\",\"datePublished\":\"2025-06-25T09:14:47+00:00\",\"breadcrumb\":{\"@id\":\"https:\/\/etako.sk\/eshop\/produkt\/purederm-red-ginseng-collagen-mask\/#breadcrumb\"},\"inLanguage\":\"sk-SK\",\"potentialAction\":[{\"@type\":\"ReadAction\",\"target\":[\"https:\/\/etako.sk\/eshop\/produkt\/purederm-red-ginseng-collagen-mask\/\"]}]},{\"@type\":\"ImageObject\",\"inLanguage\":\"sk-SK\",\"@id\":\"https:\/\/etako.sk\/eshop\/produkt\/purederm-red-ginseng-collagen-mask\/#primaryimage\",\"url\":\"https:\/\/i0.wp.com\/etako.sk\/eshop\/wp-content\/uploads\/2025\/06\/PureDerm-Ginseng-maszk-circle.jpg?fit=630%2C630&ssl=1\",\"contentUrl\":\"https:\/\/i0.wp.com\/etako.sk\/eshop\/wp-content\/uploads\/2025\/06\/PureDerm-Ginseng-maszk-circle.jpg?fit=630%2C630&ssl=1\",\"width\":630,\"height\":630},{\"@type\":\"BreadcrumbList\",\"@id\":\"https:\/\/etako.sk\/eshop\/produkt\/purederm-red-ginseng-collagen-mask\/#breadcrumb\",\"itemListElement\":[{\"@type\":\"ListItem\",\"position\":1,\"name\":\"Domovsk\u00e1 str\u00e1nka\",\"item\":\"https:\/\/etako.sk\/eshop\/\"},{\"@type\":\"ListItem\",\"position\":2,\"name\":\"Obchod\",\"item\":\"https:\/\/etako.sk\/eshop\/shop\/\"},{\"@type\":\"ListItem\",\"position\":3,\"name\":\"PureDerm Red Ginseng Collagen Mask\"}]},{\"@type\":\"WebSite\",\"@id\":\"https:\/\/etako.sk\/eshop\/#website\",\"url\":\"https:\/\/etako.sk\/eshop\/\",\"name\":\"ETAKO e-shop\",\"description\":\"Etako\",\"potentialAction\":[{\"@type\":\"SearchAction\",\"target\":{\"@type\":\"EntryPoint\",\"urlTemplate\":\"https:\/\/etako.sk\/eshop\/?s={search_term_string}\"},\"query-input\":{\"@type\":\"PropertyValueSpecification\",\"valueRequired\":true,\"valueName\":\"search_term_string\"}}],\"inLanguage\":\"sk-SK\"}]}<\/script>\n<!-- \/ Yoast SEO plugin. -->","yoast_head_json":{"title":"PureDerm Red Ginseng Collagen Mask - ETAKO e-shop","robots":{"index":"index","follow":"follow","max-snippet":"max-snippet:-1","max-image-preview":"max-image-preview:large","max-video-preview":"max-video-preview:-1"},"canonical":"https:\/\/etako.sk\/eshop\/produkt\/purederm-red-ginseng-collagen-mask\/","twitter_card":"summary_large_image","twitter_title":"PureDerm Red Ginseng Collagen Mask - ETAKO e-shop","twitter_description":"Jednor\u00e1zov\u00e1 maska s \u010derven\u00fdm \u017een\u0161e\u0148om, kolag\u00e9nom a vitaminom E \u00a0ide\u00e1lna na dom\u00e1ce aj profesion\u00e1lne pou\u017eitie. Cenn\u00e9 l\u00e1tky obsiahnut\u00e9 v \u010dervenom","twitter_image":"https:\/\/i0.wp.com\/etako.sk\/eshop\/wp-content\/uploads\/2025\/06\/PureDerm-Ginseng-maszk-circle.jpg?fit=630%2C630&ssl=1","twitter_misc":{"Predpokladan\u00fd \u010das \u010d\u00edtania":"2 min\u00faty"},"schema":{"@context":"https:\/\/schema.org","@graph":[{"@type":"WebPage","@id":"https:\/\/etako.sk\/eshop\/produkt\/purederm-red-ginseng-collagen-mask\/","url":"https:\/\/etako.sk\/eshop\/produkt\/purederm-red-ginseng-collagen-mask\/","name":"PureDerm Red Ginseng Collagen Mask - ETAKO e-shop","isPartOf":{"@id":"https:\/\/etako.sk\/eshop\/#website"},"primaryImageOfPage":{"@id":"https:\/\/etako.sk\/eshop\/produkt\/purederm-red-ginseng-collagen-mask\/#primaryimage"},"image":{"@id":"https:\/\/etako.sk\/eshop\/produkt\/purederm-red-ginseng-collagen-mask\/#primaryimage"},"thumbnailUrl":"https:\/\/i0.wp.com\/etako.sk\/eshop\/wp-content\/uploads\/2025\/06\/PureDerm-Ginseng-maszk-circle.jpg?fit=630%2C630&ssl=1","datePublished":"2025-06-25T09:14:47+00:00","breadcrumb":{"@id":"https:\/\/etako.sk\/eshop\/produkt\/purederm-red-ginseng-collagen-mask\/#breadcrumb"},"inLanguage":"sk-SK","potentialAction":[{"@type":"ReadAction","target":["https:\/\/etako.sk\/eshop\/produkt\/purederm-red-ginseng-collagen-mask\/"]}]},{"@type":"ImageObject","inLanguage":"sk-SK","@id":"https:\/\/etako.sk\/eshop\/produkt\/purederm-red-ginseng-collagen-mask\/#primaryimage","url":"https:\/\/i0.wp.com\/etako.sk\/eshop\/wp-content\/uploads\/2025\/06\/PureDerm-Ginseng-maszk-circle.jpg?fit=630%2C630&ssl=1","contentUrl":"https:\/\/i0.wp.com\/etako.sk\/eshop\/wp-content\/uploads\/2025\/06\/PureDerm-Ginseng-maszk-circle.jpg?fit=630%2C630&ssl=1","width":630,"height":630},{"@type":"BreadcrumbList","@id":"https:\/\/etako.sk\/eshop\/produkt\/purederm-red-ginseng-collagen-mask\/#breadcrumb","itemListElement":[{"@type":"ListItem","position":1,"name":"Domovsk\u00e1 str\u00e1nka","item":"https:\/\/etako.sk\/eshop\/"},{"@type":"ListItem","position":2,"name":"Obchod","item":"https:\/\/etako.sk\/eshop\/shop\/"},{"@type":"ListItem","position":3,"name":"PureDerm Red Ginseng Collagen Mask"}]},{"@type":"WebSite","@id":"https:\/\/etako.sk\/eshop\/#website","url":"https:\/\/etako.sk\/eshop\/","name":"ETAKO e-shop","description":"Etako","potentialAction":[{"@type":"SearchAction","target":{"@type":"EntryPoint","urlTemplate":"https:\/\/etako.sk\/eshop\/?s={search_term_string}"},"query-input":{"@type":"PropertyValueSpecification","valueRequired":true,"valueName":"search_term_string"}}],"inLanguage":"sk-SK"}]}},"jetpack_sharing_enabled":true,"_links":{"self":[{"href":"https:\/\/etako.sk\/eshop\/wp-json\/wp\/v2\/product\/48601","targetHints":{"allow":["GET"]}}],"collection":[{"href":"https:\/\/etako.sk\/eshop\/wp-json\/wp\/v2\/product"}],"about":[{"href":"https:\/\/etako.sk\/eshop\/wp-json\/wp\/v2\/types\/product"}],"replies":[{"embeddable":true,"href":"https:\/\/etako.sk\/eshop\/wp-json\/wp\/v2\/comments?post=48601"}],"version-history":[{"count":1,"href":"https:\/\/etako.sk\/eshop\/wp-json\/wp\/v2\/product\/48601\/revisions"}],"predecessor-version":[{"id":48603,"href":"https:\/\/etako.sk\/eshop\/wp-json\/wp\/v2\/product\/48601\/revisions\/48603"}],"wp:featuredmedia":[{"embeddable":true,"href":"https:\/\/etako.sk\/eshop\/wp-json\/wp\/v2\/media\/48602"}],"wp:attachment":[{"href":"https:\/\/etako.sk\/eshop\/wp-json\/wp\/v2\/media?parent=48601"}],"wp:term":[{"taxonomy":"product_brand","embeddable":true,"href":"https:\/\/etako.sk\/eshop\/wp-json\/wp\/v2\/product_brand?post=48601"},{"taxonomy":"product_cat","embeddable":true,"href":"https:\/\/etako.sk\/eshop\/wp-json\/wp\/v2\/product_cat?post=48601"},{"taxonomy":"product_tag","embeddable":true,"href":"https:\/\/etako.sk\/eshop\/wp-json\/wp\/v2\/product_tag?post=48601"}],"curies":[{"name":"wp","href":"https:\/\/api.w.org\/{rel}","templated":true}]}}