{"id":48583,"date":"2025-06-25T10:50:06","date_gmt":"2025-06-25T08:50:06","guid":{"rendered":"https:\/\/etako.sk\/eshop\/?post_type=product&#038;p=48583"},"modified":"2025-06-25T10:50:06","modified_gmt":"2025-06-25T08:50:06","slug":"purederm-kolagenova-maska-kamilkova-18-g","status":"publish","type":"product","link":"https:\/\/etako.sk\/eshop\/produkt\/purederm-kolagenova-maska-kamilkova-18-g\/","title":{"rendered":"PureDerm Kolag\u00e9nov\u00e1 maska kamilkov\u00e1 18 g"},"content":{"rendered":"<p>Vlizelinov\u00e1 kolag\u00e9nov\u00e1 maska s kamilkov\u00fdm extraktom \u00a0upokojuje\u00a0\u00fa\u010dinky na\u00a0iritovan\u00fa a zap\u00e1len\u00fa poko\u017eku.<\/p>\n<p>Kamilka poko\u017eku upokojuje a harmonizuje, kolag\u00e9n podporuje jej pru\u017enos\u0165, k\u00fdm vitam\u00edn E m\u00e1 antioxida\u010dn\u00e9 \u00fa\u010dinky.<\/p>\n<p>Pou\u017eitie: Maska\u00a0je\u00a0dostato\u010dne ve\u013ek\u00e1, aby zakryla\u00a0cel\u00fa tv\u00e1r.<\/p>\n<p>Naneste na d\u00f4kladne o\u010disten\u00fa tv\u00e1r a nechajte p\u00f4sobi\u0165 10 -20 min\u00fat.<\/p>\n<p>Zvy\u0161ok \u00fa\u010dinnej l\u00e1tky vmas\u00edrujte do poko\u017eky.<\/p>\n<p>Po otvoren\u00ed ihne\u010f spotrebujte.<\/p>\n<p>v balen\u00ed. 1 ks<\/p>\n","protected":false},"excerpt":{"rendered":"<p>Vlizelinov\u00e1 kolag\u00e9nov\u00e1 maska s kamilkov\u00fdm extraktom \u00a0upokojuje\u00a0\u00fa\u010dinky na\u00a0iritovan\u00fa a zap\u00e1len\u00fa poko\u017eku. Kamilka poko\u017eku upokojuje a harmonizuje, kolag\u00e9n podporuje jej pru\u017enos\u0165,<\/p>\n","protected":false},"featured_media":48584,"comment_status":"closed","ping_status":"closed","template":"","meta":{"jetpack_publicize_message":"","jetpack_publicize_feature_enabled":true,"jetpack_social_post_already_shared":true,"jetpack_social_options":{"image_generator_settings":{"template":"highway","enabled":false},"version":2}},"product_brand":[],"product_cat":[1867],"product_tag":[],"class_list":{"0":"post-48583","1":"product","2":"type-product","3":"status-publish","4":"has-post-thumbnail","6":"product_cat-masky-a-sera","7":"product_shipping_class-standard","9":"","10":"instock","11":"taxable","12":"shipping-taxable","13":"purchasable","14":"product-type-simple"},"jetpack_publicize_connections":[],"yoast_head":"<!-- This site is optimized with the Yoast SEO plugin v25.6 - https:\/\/yoast.com\/wordpress\/plugins\/seo\/ -->\n<title>PureDerm Kolag\u00e9nov\u00e1 maska kamilkov\u00e1 18 g - ETAKO e-shop<\/title>\n<meta name=\"robots\" content=\"index, follow, max-snippet:-1, max-image-preview:large, max-video-preview:-1\" \/>\n<link rel=\"canonical\" href=\"https:\/\/etako.sk\/eshop\/produkt\/purederm-kolagenova-maska-kamilkova-18-g\/\" \/>\n<meta name=\"twitter:card\" content=\"summary_large_image\" \/>\n<meta name=\"twitter:title\" content=\"PureDerm Kolag\u00e9nov\u00e1 maska kamilkov\u00e1 18 g - ETAKO e-shop\" \/>\n<meta name=\"twitter:description\" content=\"Vlizelinov\u00e1 kolag\u00e9nov\u00e1 maska s kamilkov\u00fdm extraktom \u00a0upokojuje\u00a0\u00fa\u010dinky na\u00a0iritovan\u00fa a zap\u00e1len\u00fa poko\u017eku. Kamilka poko\u017eku upokojuje a harmonizuje, kolag\u00e9n podporuje jej pru\u017enos\u0165,\" \/>\n<meta name=\"twitter:image\" content=\"https:\/\/i0.wp.com\/etako.sk\/eshop\/wp-content\/uploads\/2025\/06\/Kamilla.jpg?fit=630%2C630&ssl=1\" \/>\n<meta name=\"twitter:label1\" content=\"Predpokladan\u00fd \u010das \u010d\u00edtania\" \/>\n\t<meta name=\"twitter:data1\" content=\"1 min\u00fata\" \/>\n<script type=\"application\/ld+json\" class=\"yoast-schema-graph\">{\"@context\":\"https:\/\/schema.org\",\"@graph\":[{\"@type\":\"WebPage\",\"@id\":\"https:\/\/etako.sk\/eshop\/produkt\/purederm-kolagenova-maska-kamilkova-18-g\/\",\"url\":\"https:\/\/etako.sk\/eshop\/produkt\/purederm-kolagenova-maska-kamilkova-18-g\/\",\"name\":\"PureDerm Kolag\u00e9nov\u00e1 maska kamilkov\u00e1 18 g - ETAKO e-shop\",\"isPartOf\":{\"@id\":\"https:\/\/etako.sk\/eshop\/#website\"},\"primaryImageOfPage\":{\"@id\":\"https:\/\/etako.sk\/eshop\/produkt\/purederm-kolagenova-maska-kamilkova-18-g\/#primaryimage\"},\"image\":{\"@id\":\"https:\/\/etako.sk\/eshop\/produkt\/purederm-kolagenova-maska-kamilkova-18-g\/#primaryimage\"},\"thumbnailUrl\":\"https:\/\/i0.wp.com\/etako.sk\/eshop\/wp-content\/uploads\/2025\/06\/Kamilla.jpg?fit=630%2C630&ssl=1\",\"datePublished\":\"2025-06-25T08:50:06+00:00\",\"breadcrumb\":{\"@id\":\"https:\/\/etako.sk\/eshop\/produkt\/purederm-kolagenova-maska-kamilkova-18-g\/#breadcrumb\"},\"inLanguage\":\"sk-SK\",\"potentialAction\":[{\"@type\":\"ReadAction\",\"target\":[\"https:\/\/etako.sk\/eshop\/produkt\/purederm-kolagenova-maska-kamilkova-18-g\/\"]}]},{\"@type\":\"ImageObject\",\"inLanguage\":\"sk-SK\",\"@id\":\"https:\/\/etako.sk\/eshop\/produkt\/purederm-kolagenova-maska-kamilkova-18-g\/#primaryimage\",\"url\":\"https:\/\/i0.wp.com\/etako.sk\/eshop\/wp-content\/uploads\/2025\/06\/Kamilla.jpg?fit=630%2C630&ssl=1\",\"contentUrl\":\"https:\/\/i0.wp.com\/etako.sk\/eshop\/wp-content\/uploads\/2025\/06\/Kamilla.jpg?fit=630%2C630&ssl=1\",\"width\":630,\"height\":630},{\"@type\":\"BreadcrumbList\",\"@id\":\"https:\/\/etako.sk\/eshop\/produkt\/purederm-kolagenova-maska-kamilkova-18-g\/#breadcrumb\",\"itemListElement\":[{\"@type\":\"ListItem\",\"position\":1,\"name\":\"Domovsk\u00e1 str\u00e1nka\",\"item\":\"https:\/\/etako.sk\/eshop\/\"},{\"@type\":\"ListItem\",\"position\":2,\"name\":\"Obchod\",\"item\":\"https:\/\/etako.sk\/eshop\/shop\/\"},{\"@type\":\"ListItem\",\"position\":3,\"name\":\"PureDerm Kolag\u00e9nov\u00e1 maska kamilkov\u00e1 18 g\"}]},{\"@type\":\"WebSite\",\"@id\":\"https:\/\/etako.sk\/eshop\/#website\",\"url\":\"https:\/\/etako.sk\/eshop\/\",\"name\":\"ETAKO e-shop\",\"description\":\"Etako\",\"potentialAction\":[{\"@type\":\"SearchAction\",\"target\":{\"@type\":\"EntryPoint\",\"urlTemplate\":\"https:\/\/etako.sk\/eshop\/?s={search_term_string}\"},\"query-input\":{\"@type\":\"PropertyValueSpecification\",\"valueRequired\":true,\"valueName\":\"search_term_string\"}}],\"inLanguage\":\"sk-SK\"}]}<\/script>\n<!-- \/ Yoast SEO plugin. -->","yoast_head_json":{"title":"PureDerm Kolag\u00e9nov\u00e1 maska kamilkov\u00e1 18 g - ETAKO e-shop","robots":{"index":"index","follow":"follow","max-snippet":"max-snippet:-1","max-image-preview":"max-image-preview:large","max-video-preview":"max-video-preview:-1"},"canonical":"https:\/\/etako.sk\/eshop\/produkt\/purederm-kolagenova-maska-kamilkova-18-g\/","twitter_card":"summary_large_image","twitter_title":"PureDerm Kolag\u00e9nov\u00e1 maska kamilkov\u00e1 18 g - ETAKO e-shop","twitter_description":"Vlizelinov\u00e1 kolag\u00e9nov\u00e1 maska s kamilkov\u00fdm extraktom \u00a0upokojuje\u00a0\u00fa\u010dinky na\u00a0iritovan\u00fa a zap\u00e1len\u00fa poko\u017eku. Kamilka poko\u017eku upokojuje a harmonizuje, kolag\u00e9n podporuje jej pru\u017enos\u0165,","twitter_image":"https:\/\/i0.wp.com\/etako.sk\/eshop\/wp-content\/uploads\/2025\/06\/Kamilla.jpg?fit=630%2C630&ssl=1","twitter_misc":{"Predpokladan\u00fd \u010das \u010d\u00edtania":"1 min\u00fata"},"schema":{"@context":"https:\/\/schema.org","@graph":[{"@type":"WebPage","@id":"https:\/\/etako.sk\/eshop\/produkt\/purederm-kolagenova-maska-kamilkova-18-g\/","url":"https:\/\/etako.sk\/eshop\/produkt\/purederm-kolagenova-maska-kamilkova-18-g\/","name":"PureDerm Kolag\u00e9nov\u00e1 maska kamilkov\u00e1 18 g - ETAKO e-shop","isPartOf":{"@id":"https:\/\/etako.sk\/eshop\/#website"},"primaryImageOfPage":{"@id":"https:\/\/etako.sk\/eshop\/produkt\/purederm-kolagenova-maska-kamilkova-18-g\/#primaryimage"},"image":{"@id":"https:\/\/etako.sk\/eshop\/produkt\/purederm-kolagenova-maska-kamilkova-18-g\/#primaryimage"},"thumbnailUrl":"https:\/\/i0.wp.com\/etako.sk\/eshop\/wp-content\/uploads\/2025\/06\/Kamilla.jpg?fit=630%2C630&ssl=1","datePublished":"2025-06-25T08:50:06+00:00","breadcrumb":{"@id":"https:\/\/etako.sk\/eshop\/produkt\/purederm-kolagenova-maska-kamilkova-18-g\/#breadcrumb"},"inLanguage":"sk-SK","potentialAction":[{"@type":"ReadAction","target":["https:\/\/etako.sk\/eshop\/produkt\/purederm-kolagenova-maska-kamilkova-18-g\/"]}]},{"@type":"ImageObject","inLanguage":"sk-SK","@id":"https:\/\/etako.sk\/eshop\/produkt\/purederm-kolagenova-maska-kamilkova-18-g\/#primaryimage","url":"https:\/\/i0.wp.com\/etako.sk\/eshop\/wp-content\/uploads\/2025\/06\/Kamilla.jpg?fit=630%2C630&ssl=1","contentUrl":"https:\/\/i0.wp.com\/etako.sk\/eshop\/wp-content\/uploads\/2025\/06\/Kamilla.jpg?fit=630%2C630&ssl=1","width":630,"height":630},{"@type":"BreadcrumbList","@id":"https:\/\/etako.sk\/eshop\/produkt\/purederm-kolagenova-maska-kamilkova-18-g\/#breadcrumb","itemListElement":[{"@type":"ListItem","position":1,"name":"Domovsk\u00e1 str\u00e1nka","item":"https:\/\/etako.sk\/eshop\/"},{"@type":"ListItem","position":2,"name":"Obchod","item":"https:\/\/etako.sk\/eshop\/shop\/"},{"@type":"ListItem","position":3,"name":"PureDerm Kolag\u00e9nov\u00e1 maska kamilkov\u00e1 18 g"}]},{"@type":"WebSite","@id":"https:\/\/etako.sk\/eshop\/#website","url":"https:\/\/etako.sk\/eshop\/","name":"ETAKO e-shop","description":"Etako","potentialAction":[{"@type":"SearchAction","target":{"@type":"EntryPoint","urlTemplate":"https:\/\/etako.sk\/eshop\/?s={search_term_string}"},"query-input":{"@type":"PropertyValueSpecification","valueRequired":true,"valueName":"search_term_string"}}],"inLanguage":"sk-SK"}]}},"jetpack_sharing_enabled":true,"_links":{"self":[{"href":"https:\/\/etako.sk\/eshop\/wp-json\/wp\/v2\/product\/48583","targetHints":{"allow":["GET"]}}],"collection":[{"href":"https:\/\/etako.sk\/eshop\/wp-json\/wp\/v2\/product"}],"about":[{"href":"https:\/\/etako.sk\/eshop\/wp-json\/wp\/v2\/types\/product"}],"replies":[{"embeddable":true,"href":"https:\/\/etako.sk\/eshop\/wp-json\/wp\/v2\/comments?post=48583"}],"version-history":[{"count":1,"href":"https:\/\/etako.sk\/eshop\/wp-json\/wp\/v2\/product\/48583\/revisions"}],"predecessor-version":[{"id":48585,"href":"https:\/\/etako.sk\/eshop\/wp-json\/wp\/v2\/product\/48583\/revisions\/48585"}],"wp:featuredmedia":[{"embeddable":true,"href":"https:\/\/etako.sk\/eshop\/wp-json\/wp\/v2\/media\/48584"}],"wp:attachment":[{"href":"https:\/\/etako.sk\/eshop\/wp-json\/wp\/v2\/media?parent=48583"}],"wp:term":[{"taxonomy":"product_brand","embeddable":true,"href":"https:\/\/etako.sk\/eshop\/wp-json\/wp\/v2\/product_brand?post=48583"},{"taxonomy":"product_cat","embeddable":true,"href":"https:\/\/etako.sk\/eshop\/wp-json\/wp\/v2\/product_cat?post=48583"},{"taxonomy":"product_tag","embeddable":true,"href":"https:\/\/etako.sk\/eshop\/wp-json\/wp\/v2\/product_tag?post=48583"}],"curies":[{"name":"wp","href":"https:\/\/api.w.org\/{rel}","templated":true}]}}