{"id":48565,"date":"2025-06-25T10:22:54","date_gmt":"2025-06-25T08:22:54","guid":{"rendered":"https:\/\/etako.sk\/eshop\/?post_type=product&#038;p=48565"},"modified":"2026-03-30T09:42:31","modified_gmt":"2026-03-30T07:42:31","slug":"korejska-kozmetika-krx-ocny-krem","status":"publish","type":"product","link":"https:\/\/etako.sk\/eshop\/produkt\/korejska-kozmetika-krx-ocny-krem\/","title":{"rendered":"K\u00f3rejsk\u00e1 kozmetika KRX O\u010cN\u00dd KR\u00c9M"},"content":{"rendered":"<p class=\"pb-2\">Zabudnite na kruhy, va\u010dky aj vr\u00e1sky okolo o\u010d\u00ed!<\/p>\n<p class=\"pb-2\">KRX Active 31 je revolu\u010dn\u00e1 starostlivos\u0165 o o\u010dn\u00e9 okolie, ktor\u00e1 je vhodn\u00e1 aj pre najcitlivej\u0161iu poko\u017eku. Prin\u00e1\u0161a skuto\u010dn\u00fa bombu \u00fa\u010dinn\u00fdch l\u00e1tok, ktor\u00e9 cielene rie\u0161ia v\u0161etky be\u017en\u00e9 probl\u00e9my v oblasti o\u010dn\u00fdch kont\u00far \u2013 od tmav\u00fdch kruhov, cez opuchy a\u017e po jemn\u00e9 linky a vr\u00e1sky.<\/p>\n<p class=\"pb-2\">Pr\u00e9miov\u00e9 zlo\u017eenie je vytvoren\u00e9 \u0161peci\u00e1lne pre tenk\u00fa a citliv\u00fa poko\u017eku okolo o\u010d\u00ed:<\/p>\n<ul class=\"marker:text-green list-outside list-disc text-deeplyneutral-800 dark:text-deeplyneutral-50\">\n<li>Obsahuje a\u017e 10 r\u00f4znych peptidov a 6 typov vstrebate\u013en\u00e9ho kolag\u00e9nu pre maxim\u00e1lny liftingov\u00fd a vyhladzuj\u00faci efekt<\/li>\n<li>\n<ul class=\"marker:text-green list-outside list-disc text-deeplyneutral-800 dark:text-deeplyneutral-50\">\n<li>Kyselina hyalur\u00f3nov\u00e1 v troch molekulov\u00fdch ve\u013ekostiach pre intenz\u00edvnu a h\u013abkov\u00fa hydrat\u00e1ciu<\/li>\n<li>\u017den\u0161en, niac\u00ednamid, v\u00fd\u0165a\u017eky z \u00e1zijsk\u00fdch botanick\u00fdch rastl\u00edn, vitam\u00edny a fermentovan\u00e9 laktobacily pre komplexn\u00fa revitaliz\u00e1ciu o\u010dn\u00e9ho okolia<\/li>\n<li>Patentovan\u00e1 lipo-fillingov\u00e1 zlo\u017eka Volufiline pre prirodzen\u00fd objem a vypnutie poko\u017eky zvn\u00fatra<\/li>\n<\/ul>\n<p class=\"pb-2\">K\u013e\u00fa\u010dov\u00e9 \u00fa\u010dinky KRX Active 31:<\/p>\n<\/li>\n<li>\n<ul class=\"marker:text-green list-outside list-disc text-deeplyneutral-800 dark:text-deeplyneutral-50\">\n<li>Profesion\u00e1lne o\u0161etrenie v sal\u00f3ne: Aplikujte na z\u00e1ver proced\u00fary \u2013 v kombin\u00e1cii so z\u00e1vere\u010dn\u00fdm kr\u00e9mom.<\/li>\n<li>Dom\u00e1ca starostlivos\u0165: Nan\u00e1\u0161ajte r\u00e1no a ve\u010der na vy\u010disten\u00e9 o\u010dn\u00e9 okolie a jemne vklepte do poko\u017eky. Pre intenz\u00edvnej\u0161\u00ed efekt odpor\u00fa\u010dame pou\u017ei\u0165 mas\u00e1\u017eny aplik\u00e1tor na o\u010dn\u00e9 okolie.\n<ul class=\"marker:text-green list-outside list-disc text-deeplyneutral-800 dark:text-deeplyneutral-50\">\n<li>Vidite\u013ene rozjas\u0148uje a eliminuje tmav\u00e9 kruhy pod o\u010dami \u2013 v\u010faka \u00fa\u010dinkom \u017een\u0161enu a fermentovan\u00fdch laktobacilov<\/li>\n<li>Redukuje opuchy a unaven\u00fd vzh\u013ead v\u010faka unik\u00e1tnemu komplexu 10 peptidov<\/li>\n<li>Vyhladzuje jemn\u00e9 linky a vr\u00e1sky, zlep\u0161uje pru\u017enos\u0165 poko\u017eky v\u010faka kombin\u00e1cii biomimetick\u00fdch peptidov a 6 typov kolag\u00e9nu<\/li>\n<li>H\u013abkovo hydratuje, posil\u0148uje a vy\u017eivuje o\u010dn\u00e9 okolie v\u010faka 3 typom kyseliny hyalur\u00f3novej a kolag\u00e9nu<\/li>\n<li>Upokojuje podr\u00e1\u017edenie a citliv\u00fa poko\u017eku v\u010faka \u017een\u0161enu a laktobacilov<\/li>\n<\/ul>\n<p class=\"pb-2\">Vhodn\u00fd pre v\u0161etky typy pleti \u2013 jemn\u00e1 text\u00fara je ide\u00e1lna aj pre citliv\u00fa poko\u017eku a mo\u017eno ho pou\u017e\u00edva\u0165 aj pod make-up.<\/p>\n<p class=\"pb-2\">Pou\u017eitie:<\/p>\n<\/li>\n<\/ul>\n<p class=\"pb-2\">Doprajte svojmu o\u010dn\u00e9mu okoliu efekt\u00edvnu a luxusn\u00fa starostlivos\u0165 s KRX Active 31!<\/p>\n<p class=\"pb-2\">Va\u0161e o\u010di bud\u00fa \u017eiarivej\u0161ie a mladistvej\u0161ie u\u017e po nieko\u013ek\u00fdch aplik\u00e1ci\u00e1ch.<\/p>\n<p><strong>Zlo\u017eenie:<\/strong>\u00a0Water, Butylene Glycol, Glycerin, Niacinamide, Diisostearyl Malate, Pentaerythrityl Tetraethylhexanoate, Propanediol, 1,2-Hexanediol, Vinyl Dimethicone, Hydrogenated Polyisobutene, Caprylic\/Capric\/Myristic\/Stearic Triglyceride, Acrylates\/C10-30 Alkyl Acrylate Crosspolymer, Arginine, Bis-Diglyceryl Polyacyladipate-2, Ammonium Acryloyldimethyltaurate\/Beheneth-25 Methacrylate Crosspolymer, Panthenol, Sodium Polyacryloyldimethyl Taurate, Glyceryl Acrylate\/Acrylic Acid Copolymer, Ethylhexylglycerin, Dipotassium Glycyrrhizate, Allantoin, Adenosine, Disodium EDTA, Hydrolyzed Elastin, Tremella Fuciformis Polysaccharide, Sodium Hyaluronate, Fragrance, Cynanchum Atratum Extract, Hydrolyzed Collagen, Hydrolyzed Hyaluronic Acid, Lactobacillus Ferment, Panax Ginseng Root Extract, Atelocollagen, Desamido Collagen, Anemarrhena Asphodeloides Root Extract, Soluble Collagen, Sodium Acetylated Hyaluronate, Collagen, Collagen Amino Acids, Palmitoyl Tetrapeptide-7, Tocopherol, Palmitoyl Tripeptide-1, Palmitoyl Tripeptide-5, Palmitoyl Pentapeptide-4, Nonapeptide-1, Procollagen, Hexapeptide-9, Acetyl Hexapeptide-8, Copper Tripeptide-1, Tripeptide-1, Acetyl Tetrapeptide-2<\/p>\n<p>&nbsp;<\/li>\n<\/ul>\n","protected":false},"excerpt":{"rendered":"<p>Zabudnite na kruhy, va\u010dky aj vr\u00e1sky okolo o\u010d\u00ed! KRX Active 31 je revolu\u010dn\u00e1 starostlivos\u0165 o o\u010dn\u00e9 okolie, ktor\u00e1 je vhodn\u00e1<\/p>\n","protected":false},"featured_media":48566,"comment_status":"closed","ping_status":"closed","template":"","meta":{"jetpack_publicize_message":"","jetpack_publicize_feature_enabled":true,"jetpack_social_post_already_shared":true,"jetpack_social_options":{"image_generator_settings":{"template":"highway","enabled":false},"version":2}},"product_brand":[],"product_cat":[1869],"product_tag":[],"class_list":{"0":"post-48565","1":"product","2":"type-product","3":"status-publish","4":"has-post-thumbnail","6":"product_cat-ocne-kremy-a-gely","7":"product_shipping_class-standard","9":"","10":"instock","11":"taxable","12":"shipping-taxable","13":"purchasable","14":"product-type-simple"},"jetpack_publicize_connections":[],"yoast_head":"<!-- This site is optimized with the Yoast SEO plugin v25.6 - https:\/\/yoast.com\/wordpress\/plugins\/seo\/ -->\n<title>K\u00f3rejsk\u00e1 kozmetika KRX O\u010cN\u00dd KR\u00c9M - ETAKO e-shop<\/title>\n<meta name=\"robots\" content=\"index, follow, max-snippet:-1, max-image-preview:large, max-video-preview:-1\" \/>\n<link rel=\"canonical\" href=\"https:\/\/etako.sk\/eshop\/produkt\/korejska-kozmetika-krx-ocny-krem\/\" \/>\n<meta name=\"twitter:card\" content=\"summary_large_image\" \/>\n<meta name=\"twitter:title\" content=\"K\u00f3rejsk\u00e1 kozmetika KRX O\u010cN\u00dd KR\u00c9M - ETAKO e-shop\" \/>\n<meta name=\"twitter:description\" content=\"Zabudnite na kruhy, va\u010dky aj vr\u00e1sky okolo o\u010d\u00ed! KRX Active 31 je revolu\u010dn\u00e1 starostlivos\u0165 o o\u010dn\u00e9 okolie, ktor\u00e1 je vhodn\u00e1\" \/>\n<meta name=\"twitter:image\" content=\"https:\/\/i0.wp.com\/etako.sk\/eshop\/wp-content\/uploads\/2025\/06\/krx-31-eye-cream.jpeg?fit=630%2C630&ssl=1\" \/>\n<meta name=\"twitter:label1\" content=\"Predpokladan\u00fd \u010das \u010d\u00edtania\" \/>\n\t<meta name=\"twitter:data1\" content=\"3 min\u00faty\" \/>\n<script type=\"application\/ld+json\" class=\"yoast-schema-graph\">{\"@context\":\"https:\/\/schema.org\",\"@graph\":[{\"@type\":\"WebPage\",\"@id\":\"https:\/\/etako.sk\/eshop\/produkt\/korejska-kozmetika-krx-ocny-krem\/\",\"url\":\"https:\/\/etako.sk\/eshop\/produkt\/korejska-kozmetika-krx-ocny-krem\/\",\"name\":\"K\u00f3rejsk\u00e1 kozmetika KRX O\u010cN\u00dd KR\u00c9M - ETAKO e-shop\",\"isPartOf\":{\"@id\":\"https:\/\/etako.sk\/eshop\/#website\"},\"primaryImageOfPage\":{\"@id\":\"https:\/\/etako.sk\/eshop\/produkt\/korejska-kozmetika-krx-ocny-krem\/#primaryimage\"},\"image\":{\"@id\":\"https:\/\/etako.sk\/eshop\/produkt\/korejska-kozmetika-krx-ocny-krem\/#primaryimage\"},\"thumbnailUrl\":\"https:\/\/i0.wp.com\/etako.sk\/eshop\/wp-content\/uploads\/2025\/06\/krx-31-eye-cream.jpeg?fit=630%2C630&ssl=1\",\"datePublished\":\"2025-06-25T08:22:54+00:00\",\"dateModified\":\"2026-03-30T07:42:31+00:00\",\"breadcrumb\":{\"@id\":\"https:\/\/etako.sk\/eshop\/produkt\/korejska-kozmetika-krx-ocny-krem\/#breadcrumb\"},\"inLanguage\":\"sk-SK\",\"potentialAction\":[{\"@type\":\"ReadAction\",\"target\":[\"https:\/\/etako.sk\/eshop\/produkt\/korejska-kozmetika-krx-ocny-krem\/\"]}]},{\"@type\":\"ImageObject\",\"inLanguage\":\"sk-SK\",\"@id\":\"https:\/\/etako.sk\/eshop\/produkt\/korejska-kozmetika-krx-ocny-krem\/#primaryimage\",\"url\":\"https:\/\/i0.wp.com\/etako.sk\/eshop\/wp-content\/uploads\/2025\/06\/krx-31-eye-cream.jpeg?fit=630%2C630&ssl=1\",\"contentUrl\":\"https:\/\/i0.wp.com\/etako.sk\/eshop\/wp-content\/uploads\/2025\/06\/krx-31-eye-cream.jpeg?fit=630%2C630&ssl=1\",\"width\":630,\"height\":630},{\"@type\":\"BreadcrumbList\",\"@id\":\"https:\/\/etako.sk\/eshop\/produkt\/korejska-kozmetika-krx-ocny-krem\/#breadcrumb\",\"itemListElement\":[{\"@type\":\"ListItem\",\"position\":1,\"name\":\"Domovsk\u00e1 str\u00e1nka\",\"item\":\"https:\/\/etako.sk\/eshop\/\"},{\"@type\":\"ListItem\",\"position\":2,\"name\":\"Obchod\",\"item\":\"https:\/\/etako.sk\/eshop\/shop\/\"},{\"@type\":\"ListItem\",\"position\":3,\"name\":\"K\u00f3rejsk\u00e1 kozmetika KRX O\u010cN\u00dd KR\u00c9M\"}]},{\"@type\":\"WebSite\",\"@id\":\"https:\/\/etako.sk\/eshop\/#website\",\"url\":\"https:\/\/etako.sk\/eshop\/\",\"name\":\"ETAKO e-shop\",\"description\":\"Etako\",\"potentialAction\":[{\"@type\":\"SearchAction\",\"target\":{\"@type\":\"EntryPoint\",\"urlTemplate\":\"https:\/\/etako.sk\/eshop\/?s={search_term_string}\"},\"query-input\":{\"@type\":\"PropertyValueSpecification\",\"valueRequired\":true,\"valueName\":\"search_term_string\"}}],\"inLanguage\":\"sk-SK\"}]}<\/script>\n<!-- \/ Yoast SEO plugin. -->","yoast_head_json":{"title":"K\u00f3rejsk\u00e1 kozmetika KRX O\u010cN\u00dd KR\u00c9M - ETAKO e-shop","robots":{"index":"index","follow":"follow","max-snippet":"max-snippet:-1","max-image-preview":"max-image-preview:large","max-video-preview":"max-video-preview:-1"},"canonical":"https:\/\/etako.sk\/eshop\/produkt\/korejska-kozmetika-krx-ocny-krem\/","twitter_card":"summary_large_image","twitter_title":"K\u00f3rejsk\u00e1 kozmetika KRX O\u010cN\u00dd KR\u00c9M - ETAKO e-shop","twitter_description":"Zabudnite na kruhy, va\u010dky aj vr\u00e1sky okolo o\u010d\u00ed! KRX Active 31 je revolu\u010dn\u00e1 starostlivos\u0165 o o\u010dn\u00e9 okolie, ktor\u00e1 je vhodn\u00e1","twitter_image":"https:\/\/i0.wp.com\/etako.sk\/eshop\/wp-content\/uploads\/2025\/06\/krx-31-eye-cream.jpeg?fit=630%2C630&ssl=1","twitter_misc":{"Predpokladan\u00fd \u010das \u010d\u00edtania":"3 min\u00faty"},"schema":{"@context":"https:\/\/schema.org","@graph":[{"@type":"WebPage","@id":"https:\/\/etako.sk\/eshop\/produkt\/korejska-kozmetika-krx-ocny-krem\/","url":"https:\/\/etako.sk\/eshop\/produkt\/korejska-kozmetika-krx-ocny-krem\/","name":"K\u00f3rejsk\u00e1 kozmetika KRX O\u010cN\u00dd KR\u00c9M - ETAKO e-shop","isPartOf":{"@id":"https:\/\/etako.sk\/eshop\/#website"},"primaryImageOfPage":{"@id":"https:\/\/etako.sk\/eshop\/produkt\/korejska-kozmetika-krx-ocny-krem\/#primaryimage"},"image":{"@id":"https:\/\/etako.sk\/eshop\/produkt\/korejska-kozmetika-krx-ocny-krem\/#primaryimage"},"thumbnailUrl":"https:\/\/i0.wp.com\/etako.sk\/eshop\/wp-content\/uploads\/2025\/06\/krx-31-eye-cream.jpeg?fit=630%2C630&ssl=1","datePublished":"2025-06-25T08:22:54+00:00","dateModified":"2026-03-30T07:42:31+00:00","breadcrumb":{"@id":"https:\/\/etako.sk\/eshop\/produkt\/korejska-kozmetika-krx-ocny-krem\/#breadcrumb"},"inLanguage":"sk-SK","potentialAction":[{"@type":"ReadAction","target":["https:\/\/etako.sk\/eshop\/produkt\/korejska-kozmetika-krx-ocny-krem\/"]}]},{"@type":"ImageObject","inLanguage":"sk-SK","@id":"https:\/\/etako.sk\/eshop\/produkt\/korejska-kozmetika-krx-ocny-krem\/#primaryimage","url":"https:\/\/i0.wp.com\/etako.sk\/eshop\/wp-content\/uploads\/2025\/06\/krx-31-eye-cream.jpeg?fit=630%2C630&ssl=1","contentUrl":"https:\/\/i0.wp.com\/etako.sk\/eshop\/wp-content\/uploads\/2025\/06\/krx-31-eye-cream.jpeg?fit=630%2C630&ssl=1","width":630,"height":630},{"@type":"BreadcrumbList","@id":"https:\/\/etako.sk\/eshop\/produkt\/korejska-kozmetika-krx-ocny-krem\/#breadcrumb","itemListElement":[{"@type":"ListItem","position":1,"name":"Domovsk\u00e1 str\u00e1nka","item":"https:\/\/etako.sk\/eshop\/"},{"@type":"ListItem","position":2,"name":"Obchod","item":"https:\/\/etako.sk\/eshop\/shop\/"},{"@type":"ListItem","position":3,"name":"K\u00f3rejsk\u00e1 kozmetika KRX O\u010cN\u00dd KR\u00c9M"}]},{"@type":"WebSite","@id":"https:\/\/etako.sk\/eshop\/#website","url":"https:\/\/etako.sk\/eshop\/","name":"ETAKO e-shop","description":"Etako","potentialAction":[{"@type":"SearchAction","target":{"@type":"EntryPoint","urlTemplate":"https:\/\/etako.sk\/eshop\/?s={search_term_string}"},"query-input":{"@type":"PropertyValueSpecification","valueRequired":true,"valueName":"search_term_string"}}],"inLanguage":"sk-SK"}]}},"jetpack_sharing_enabled":true,"_links":{"self":[{"href":"https:\/\/etako.sk\/eshop\/wp-json\/wp\/v2\/product\/48565","targetHints":{"allow":["GET"]}}],"collection":[{"href":"https:\/\/etako.sk\/eshop\/wp-json\/wp\/v2\/product"}],"about":[{"href":"https:\/\/etako.sk\/eshop\/wp-json\/wp\/v2\/types\/product"}],"replies":[{"embeddable":true,"href":"https:\/\/etako.sk\/eshop\/wp-json\/wp\/v2\/comments?post=48565"}],"version-history":[{"count":1,"href":"https:\/\/etako.sk\/eshop\/wp-json\/wp\/v2\/product\/48565\/revisions"}],"predecessor-version":[{"id":48567,"href":"https:\/\/etako.sk\/eshop\/wp-json\/wp\/v2\/product\/48565\/revisions\/48567"}],"wp:featuredmedia":[{"embeddable":true,"href":"https:\/\/etako.sk\/eshop\/wp-json\/wp\/v2\/media\/48566"}],"wp:attachment":[{"href":"https:\/\/etako.sk\/eshop\/wp-json\/wp\/v2\/media?parent=48565"}],"wp:term":[{"taxonomy":"product_brand","embeddable":true,"href":"https:\/\/etako.sk\/eshop\/wp-json\/wp\/v2\/product_brand?post=48565"},{"taxonomy":"product_cat","embeddable":true,"href":"https:\/\/etako.sk\/eshop\/wp-json\/wp\/v2\/product_cat?post=48565"},{"taxonomy":"product_tag","embeddable":true,"href":"https:\/\/etako.sk\/eshop\/wp-json\/wp\/v2\/product_tag?post=48565"}],"curies":[{"name":"wp","href":"https:\/\/api.w.org\/{rel}","templated":true}]}}