{"id":48562,"date":"2025-06-25T10:16:42","date_gmt":"2025-06-25T08:16:42","guid":{"rendered":"https:\/\/etako.sk\/eshop\/?post_type=product&#038;p=48562"},"modified":"2026-04-22T09:27:17","modified_gmt":"2026-04-22T07:27:17","slug":"korejska-kozmetika-krx-krem-na-krk-a-dekolt-so-vstrebatelnymi-kolagenovymi-vlaknami","status":"publish","type":"product","link":"https:\/\/etako.sk\/eshop\/produkt\/korejska-kozmetika-krx-krem-na-krk-a-dekolt-so-vstrebatelnymi-kolagenovymi-vlaknami\/","title":{"rendered":"K\u00f3rejsk\u00e1 kozmetika KRX KR\u00c9M NA KRK A DEKOLT so vstrebate\u013en\u00fdmi kolag\u00e9nov\u00fdmi vl\u00e1knami"},"content":{"rendered":"<p class=\"pb-2\">\u2728 Vynikaj\u00faci kr\u00e9m na omladenie krku a dekoltu \u2013 elix\u00edr mladosti vo va\u0161ej starostlivosti! \u2728<\/p>\n<p>Doprajte svojej poko\u017eke luxusn\u00fa starostlivos\u0165 s intenz\u00edvnym spev\u0148uj\u00facim kr\u00e9mom na krk a dekolt, ktor\u00fd sp\u00e1ja silu a\u017e 22 akt\u00edvnych zlo\u017eiek pre maxim\u00e1lne omladenie! Tento unik\u00e1tny kr\u00e9m je nabit\u00fd probiotikami, aminokyselinami, deviatimi typmi peptidov a \u0161iestimi druhmi kolag\u00e9nu. Pr\u00edrodn\u00e9 bohatstvo v podobe k\u00f3rejsk\u00e9ho \u017een\u0161enu a v\u00fdnimo\u010dn\u00fdch botanick\u00fdch olejov a extraktov vdychuje pleti nov\u00fa vitalitu a svie\u017eos\u0165. Vysok\u00e1 d\u00e1vka kyseliny hyalur\u00f3novej zabezpe\u010duje intenz\u00edvnu hydrat\u00e1ciu nielen pre krk, ale aj tv\u00e1r.<\/p>\n<p class=\"pb-2\"><strong>Pre\u010do si tento kr\u00e9m zamilujete?<\/strong><\/p>\n<ul class=\"marker:text-green list-outside list-disc text-deeplyneutral-800 dark:text-deeplyneutral-50\">\n<li>Vidite\u013ene spev\u0148uje a vyp\u00edna ochabnut\u00fa poko\u017eku<\/li>\n<li>Vyhladzuje a zjem\u0148uje kr\u010dn\u00e9 pruhy a vr\u00e1sky<\/li>\n<li>H\u013abkovo hydratuje a intenz\u00edvne vy\u017eivuje such\u00fa ple\u0165<\/li>\n<li>Redukuje stareck\u00e9 \u0161kvrny a ne\u017eelan\u00fa pigment\u00e1ciu<\/li>\n<li>Mikrokolag\u00e9n efekt\u00edvne prenik\u00e1 do h\u013abky poko\u017eky, \u010d\u00edm podporuje pevnos\u0165, pru\u017enos\u0165 a mladistvo vyplnen\u00fd vzh\u013ead<\/li>\n<\/ul>\n<p class=\"pb-2\">\ud83c\udf31 <strong>K\u013e\u00fa\u010dov\u00e9 ingrediencie:<\/strong><\/p>\n<p>&nbsp;<\/p>\n<ul class=\"marker:text-green list-outside list-disc text-deeplyneutral-800 dark:text-deeplyneutral-50\">\n<li>Sladk\u00fd mand\u013eov\u00fd olej: Bohat\u00fd na antioxidanty a vitam\u00edn E, upokojuje a chr\u00e1ni va\u0161u ple\u0165<\/li>\n<li>Glycer\u00edn &amp; cetyl etylhexano\u00e1t: Luxusn\u00e1 text\u00fara a v\u00fd\u017eivn\u00fd z\u00e1\u017eitok pre va\u0161u poko\u017eku<\/li>\n<li>Niacinamid, cyklopentasiloxan, butyl\u00e9n glykol: Hydrat\u00e1cia, upokojenie a posilnenie ko\u017enej bari\u00e9ry<\/li>\n<li>Extrakt z kore\u0148a \u017een\u0161enu &amp; kava-kava: Dod\u00e1vaj\u00fa energiu a podporuj\u00fa regener\u00e1ciu pleti<\/li>\n<li>Skvalan, lecit\u00edn, pro-kolag\u00e9n, peptidy, ceramidy: S\u00fahra akt\u00edvnych zlo\u017eiek pre kr\u00e1snu, omladen\u00fa a zdrav\u00fa ple\u0165<\/li>\n<\/ul>\n<p>&nbsp;<\/p>\n<p class=\"pb-2\"><strong>Ako kr\u00e9m pou\u017e\u00edva\u0165 ?<\/strong> Naneste primeran\u00e9 mno\u017estvo kr\u00e9mu na krk a dekolt a jemne vmas\u00edrujte smerom nahor, a\u017e k\u00fdm sa \u00faplne nevstrebe. Pre maxim\u00e1lny efekt aplikujte r\u00e1no pred pou\u017eit\u00edm opa\u013eovacieho kr\u00e9mu a ve\u010der na dokonale \u010dist\u00fa poko\u017eku.<\/p>\n<p>&nbsp;<\/p>\n<p class=\"pb-2\">V\u00fdsledky si v\u0161imnete u\u017e po 4 t\u00fd\u017ed\u0148och pravideln\u00e9ho pou\u017e\u00edvania \u2013 va\u0161a poko\u017eka bude pevnej\u0161ia, \u017eiarivej\u0161ia a vidite\u013ene omladen\u00e1!<\/p>\n<p>&nbsp;<\/p>\n<p class=\"pb-2\">Ve\u013ekos\u0165 balenia: 50 ml<\/p>\n<p class=\"pb-2\"><img data-recalc-dims=\"1\" fetchpriority=\"high\" decoding=\"async\" src=\"https:\/\/i0.wp.com\/www.perlacosmetic.sk\/images\/KRX_Neck_Lift_Intensive_Firming_Cream.png?resize=500%2C419&#038;ssl=1\" alt=\"\" width=\"500\" height=\"419\" \/><\/p>\n<p>&nbsp;<\/p>\n<p>Zlo\u017eenie: Water, Prunus Amygdalus Dulcis (Sweet Almond) Oil, Glycerin, Cetyl Ethylhexanoate, Cetyl Alcohol, Niacinamide, 1,2-Hexanediol, Cyclopentasiloxane, Butylene Glycol, Stearyl Alcohol, Cyclohexasiloxane, Sodium Polyacrylate, Glyceryl Stearate, Dimethicone, Copernicia Cerifera (Carnauba) Wax, Polysorbate 60, PEG-100 Stearate, Olea Europaea (Olive) Fruit Oil, Myristyl Alcohol, Palmitic Acid, Hydrogenated Polyisobutene, Stearic Acid, Hydrogenated Lecithin, Carbomer, Arginine, Lauryl Alcohol, Fragrance, Ethylhexylglycerin, Adenosine, Disodium EDTA, Propanediol, Arachidic Acid, Sodium Hyaluronate, Atelocollagen, Desamido Collagen, Hydrolyzed Collagen, Lauric Acid, Myristic Acid, Oleic Acid, Soluble Collagen, Hydrolyzed Hyaluronic Acid, Hydrolyzed Elastin, Panax Ginseng Root Extract, Piper Methysticum Leaf\/Root\/Stem Extract, Collagen, Anemarrhena Asphodeloides Root Extract, Collagen Amino Acids, Hydrolyzed Pea Protein, Phytosterols, Squalane, Lecithin, Procollagen, Sodium Acetylated Hyaluronate, Palmitoyl Tetrapeptide-7, Lactobacillus Ferment, Camellia Sinensis Leaf Water, Tocopherol, Palmitoyl Tripeptide-1, Palmitoyl Tripeptide-5, Palmitoyl Pentapeptide-4, Nonapeptide-1, Tripeptide-1, Acetyl Tetrapeptide-2, Acetyl Hexapeptide-8, Copper Tripeptide-1, Hexapeptide-9, Ceramide NP, Butyrospermum Parkii (Shea) Butter.<\/p>\n","protected":false},"excerpt":{"rendered":"<p>\u2728 Vynikaj\u00faci kr\u00e9m na omladenie krku a dekoltu \u2013 elix\u00edr mladosti vo va\u0161ej starostlivosti! \u2728 Doprajte svojej poko\u017eke luxusn\u00fa starostlivos\u0165<\/p>\n","protected":false},"featured_media":48563,"comment_status":"closed","ping_status":"closed","template":"","meta":{"jetpack_publicize_message":"","jetpack_publicize_feature_enabled":true,"jetpack_social_post_already_shared":true,"jetpack_social_options":{"image_generator_settings":{"template":"highway","enabled":false},"version":2}},"product_brand":[],"product_cat":[1865],"product_tag":[],"class_list":{"0":"post-48562","1":"product","2":"type-product","3":"status-publish","4":"has-post-thumbnail","6":"product_cat-denny-krem","7":"product_shipping_class-standard","9":"","10":"onbackorder","11":"taxable","12":"shipping-taxable","13":"purchasable","14":"product-type-simple"},"jetpack_publicize_connections":[],"yoast_head":"<!-- This site is optimized with the Yoast SEO plugin v25.6 - https:\/\/yoast.com\/wordpress\/plugins\/seo\/ -->\n<title>K\u00f3rejsk\u00e1 kozmetika KRX KR\u00c9M NA KRK A DEKOLT so vstrebate\u013en\u00fdmi kolag\u00e9nov\u00fdmi vl\u00e1knami - ETAKO e-shop<\/title>\n<meta name=\"robots\" content=\"index, follow, max-snippet:-1, max-image-preview:large, max-video-preview:-1\" \/>\n<link rel=\"canonical\" href=\"https:\/\/etako.sk\/eshop\/produkt\/korejska-kozmetika-krx-krem-na-krk-a-dekolt-so-vstrebatelnymi-kolagenovymi-vlaknami\/\" \/>\n<meta name=\"twitter:card\" content=\"summary_large_image\" \/>\n<meta name=\"twitter:title\" content=\"K\u00f3rejsk\u00e1 kozmetika KRX KR\u00c9M NA KRK A DEKOLT so vstrebate\u013en\u00fdmi kolag\u00e9nov\u00fdmi vl\u00e1knami - ETAKO e-shop\" \/>\n<meta name=\"twitter:description\" content=\"\u2728 Vynikaj\u00faci kr\u00e9m na omladenie krku a dekoltu \u2013 elix\u00edr mladosti vo va\u0161ej starostlivosti! \u2728 Doprajte svojej poko\u017eke luxusn\u00fa starostlivos\u0165\" \/>\n<meta name=\"twitter:image\" content=\"https:\/\/i0.wp.com\/etako.sk\/eshop\/wp-content\/uploads\/2025\/06\/krx-neck-lift-cream-box-krx_krem_na_krk_.jpeg?fit=630%2C630&ssl=1\" \/>\n<meta name=\"twitter:label1\" content=\"Predpokladan\u00fd \u010das \u010d\u00edtania\" \/>\n\t<meta name=\"twitter:data1\" content=\"3 min\u00faty\" \/>\n<script type=\"application\/ld+json\" class=\"yoast-schema-graph\">{\"@context\":\"https:\/\/schema.org\",\"@graph\":[{\"@type\":\"WebPage\",\"@id\":\"https:\/\/etako.sk\/eshop\/produkt\/korejska-kozmetika-krx-krem-na-krk-a-dekolt-so-vstrebatelnymi-kolagenovymi-vlaknami\/\",\"url\":\"https:\/\/etako.sk\/eshop\/produkt\/korejska-kozmetika-krx-krem-na-krk-a-dekolt-so-vstrebatelnymi-kolagenovymi-vlaknami\/\",\"name\":\"K\u00f3rejsk\u00e1 kozmetika KRX KR\u00c9M NA KRK A DEKOLT so vstrebate\u013en\u00fdmi kolag\u00e9nov\u00fdmi vl\u00e1knami - ETAKO e-shop\",\"isPartOf\":{\"@id\":\"https:\/\/etako.sk\/eshop\/#website\"},\"primaryImageOfPage\":{\"@id\":\"https:\/\/etako.sk\/eshop\/produkt\/korejska-kozmetika-krx-krem-na-krk-a-dekolt-so-vstrebatelnymi-kolagenovymi-vlaknami\/#primaryimage\"},\"image\":{\"@id\":\"https:\/\/etako.sk\/eshop\/produkt\/korejska-kozmetika-krx-krem-na-krk-a-dekolt-so-vstrebatelnymi-kolagenovymi-vlaknami\/#primaryimage\"},\"thumbnailUrl\":\"https:\/\/i0.wp.com\/etako.sk\/eshop\/wp-content\/uploads\/2025\/06\/krx-neck-lift-cream-box-krx_krem_na_krk_.jpeg?fit=630%2C630&ssl=1\",\"datePublished\":\"2025-06-25T08:16:42+00:00\",\"dateModified\":\"2026-04-22T07:27:17+00:00\",\"breadcrumb\":{\"@id\":\"https:\/\/etako.sk\/eshop\/produkt\/korejska-kozmetika-krx-krem-na-krk-a-dekolt-so-vstrebatelnymi-kolagenovymi-vlaknami\/#breadcrumb\"},\"inLanguage\":\"sk-SK\",\"potentialAction\":[{\"@type\":\"ReadAction\",\"target\":[\"https:\/\/etako.sk\/eshop\/produkt\/korejska-kozmetika-krx-krem-na-krk-a-dekolt-so-vstrebatelnymi-kolagenovymi-vlaknami\/\"]}]},{\"@type\":\"ImageObject\",\"inLanguage\":\"sk-SK\",\"@id\":\"https:\/\/etako.sk\/eshop\/produkt\/korejska-kozmetika-krx-krem-na-krk-a-dekolt-so-vstrebatelnymi-kolagenovymi-vlaknami\/#primaryimage\",\"url\":\"https:\/\/i0.wp.com\/etako.sk\/eshop\/wp-content\/uploads\/2025\/06\/krx-neck-lift-cream-box-krx_krem_na_krk_.jpeg?fit=630%2C630&ssl=1\",\"contentUrl\":\"https:\/\/i0.wp.com\/etako.sk\/eshop\/wp-content\/uploads\/2025\/06\/krx-neck-lift-cream-box-krx_krem_na_krk_.jpeg?fit=630%2C630&ssl=1\",\"width\":630,\"height\":630},{\"@type\":\"BreadcrumbList\",\"@id\":\"https:\/\/etako.sk\/eshop\/produkt\/korejska-kozmetika-krx-krem-na-krk-a-dekolt-so-vstrebatelnymi-kolagenovymi-vlaknami\/#breadcrumb\",\"itemListElement\":[{\"@type\":\"ListItem\",\"position\":1,\"name\":\"Domovsk\u00e1 str\u00e1nka\",\"item\":\"https:\/\/etako.sk\/eshop\/\"},{\"@type\":\"ListItem\",\"position\":2,\"name\":\"Obchod\",\"item\":\"https:\/\/etako.sk\/eshop\/shop\/\"},{\"@type\":\"ListItem\",\"position\":3,\"name\":\"K\u00f3rejsk\u00e1 kozmetika KRX KR\u00c9M NA KRK A DEKOLT so vstrebate\u013en\u00fdmi kolag\u00e9nov\u00fdmi vl\u00e1knami\"}]},{\"@type\":\"WebSite\",\"@id\":\"https:\/\/etako.sk\/eshop\/#website\",\"url\":\"https:\/\/etako.sk\/eshop\/\",\"name\":\"ETAKO e-shop\",\"description\":\"Etako\",\"potentialAction\":[{\"@type\":\"SearchAction\",\"target\":{\"@type\":\"EntryPoint\",\"urlTemplate\":\"https:\/\/etako.sk\/eshop\/?s={search_term_string}\"},\"query-input\":{\"@type\":\"PropertyValueSpecification\",\"valueRequired\":true,\"valueName\":\"search_term_string\"}}],\"inLanguage\":\"sk-SK\"}]}<\/script>\n<!-- \/ Yoast SEO plugin. -->","yoast_head_json":{"title":"K\u00f3rejsk\u00e1 kozmetika KRX KR\u00c9M NA KRK A DEKOLT so vstrebate\u013en\u00fdmi kolag\u00e9nov\u00fdmi vl\u00e1knami - ETAKO e-shop","robots":{"index":"index","follow":"follow","max-snippet":"max-snippet:-1","max-image-preview":"max-image-preview:large","max-video-preview":"max-video-preview:-1"},"canonical":"https:\/\/etako.sk\/eshop\/produkt\/korejska-kozmetika-krx-krem-na-krk-a-dekolt-so-vstrebatelnymi-kolagenovymi-vlaknami\/","twitter_card":"summary_large_image","twitter_title":"K\u00f3rejsk\u00e1 kozmetika KRX KR\u00c9M NA KRK A DEKOLT so vstrebate\u013en\u00fdmi kolag\u00e9nov\u00fdmi vl\u00e1knami - ETAKO e-shop","twitter_description":"\u2728 Vynikaj\u00faci kr\u00e9m na omladenie krku a dekoltu \u2013 elix\u00edr mladosti vo va\u0161ej starostlivosti! \u2728 Doprajte svojej poko\u017eke luxusn\u00fa starostlivos\u0165","twitter_image":"https:\/\/i0.wp.com\/etako.sk\/eshop\/wp-content\/uploads\/2025\/06\/krx-neck-lift-cream-box-krx_krem_na_krk_.jpeg?fit=630%2C630&ssl=1","twitter_misc":{"Predpokladan\u00fd \u010das \u010d\u00edtania":"3 min\u00faty"},"schema":{"@context":"https:\/\/schema.org","@graph":[{"@type":"WebPage","@id":"https:\/\/etako.sk\/eshop\/produkt\/korejska-kozmetika-krx-krem-na-krk-a-dekolt-so-vstrebatelnymi-kolagenovymi-vlaknami\/","url":"https:\/\/etako.sk\/eshop\/produkt\/korejska-kozmetika-krx-krem-na-krk-a-dekolt-so-vstrebatelnymi-kolagenovymi-vlaknami\/","name":"K\u00f3rejsk\u00e1 kozmetika KRX KR\u00c9M NA KRK A DEKOLT so vstrebate\u013en\u00fdmi kolag\u00e9nov\u00fdmi vl\u00e1knami - ETAKO e-shop","isPartOf":{"@id":"https:\/\/etako.sk\/eshop\/#website"},"primaryImageOfPage":{"@id":"https:\/\/etako.sk\/eshop\/produkt\/korejska-kozmetika-krx-krem-na-krk-a-dekolt-so-vstrebatelnymi-kolagenovymi-vlaknami\/#primaryimage"},"image":{"@id":"https:\/\/etako.sk\/eshop\/produkt\/korejska-kozmetika-krx-krem-na-krk-a-dekolt-so-vstrebatelnymi-kolagenovymi-vlaknami\/#primaryimage"},"thumbnailUrl":"https:\/\/i0.wp.com\/etako.sk\/eshop\/wp-content\/uploads\/2025\/06\/krx-neck-lift-cream-box-krx_krem_na_krk_.jpeg?fit=630%2C630&ssl=1","datePublished":"2025-06-25T08:16:42+00:00","dateModified":"2026-04-22T07:27:17+00:00","breadcrumb":{"@id":"https:\/\/etako.sk\/eshop\/produkt\/korejska-kozmetika-krx-krem-na-krk-a-dekolt-so-vstrebatelnymi-kolagenovymi-vlaknami\/#breadcrumb"},"inLanguage":"sk-SK","potentialAction":[{"@type":"ReadAction","target":["https:\/\/etako.sk\/eshop\/produkt\/korejska-kozmetika-krx-krem-na-krk-a-dekolt-so-vstrebatelnymi-kolagenovymi-vlaknami\/"]}]},{"@type":"ImageObject","inLanguage":"sk-SK","@id":"https:\/\/etako.sk\/eshop\/produkt\/korejska-kozmetika-krx-krem-na-krk-a-dekolt-so-vstrebatelnymi-kolagenovymi-vlaknami\/#primaryimage","url":"https:\/\/i0.wp.com\/etako.sk\/eshop\/wp-content\/uploads\/2025\/06\/krx-neck-lift-cream-box-krx_krem_na_krk_.jpeg?fit=630%2C630&ssl=1","contentUrl":"https:\/\/i0.wp.com\/etako.sk\/eshop\/wp-content\/uploads\/2025\/06\/krx-neck-lift-cream-box-krx_krem_na_krk_.jpeg?fit=630%2C630&ssl=1","width":630,"height":630},{"@type":"BreadcrumbList","@id":"https:\/\/etako.sk\/eshop\/produkt\/korejska-kozmetika-krx-krem-na-krk-a-dekolt-so-vstrebatelnymi-kolagenovymi-vlaknami\/#breadcrumb","itemListElement":[{"@type":"ListItem","position":1,"name":"Domovsk\u00e1 str\u00e1nka","item":"https:\/\/etako.sk\/eshop\/"},{"@type":"ListItem","position":2,"name":"Obchod","item":"https:\/\/etako.sk\/eshop\/shop\/"},{"@type":"ListItem","position":3,"name":"K\u00f3rejsk\u00e1 kozmetika KRX KR\u00c9M NA KRK A DEKOLT so vstrebate\u013en\u00fdmi kolag\u00e9nov\u00fdmi vl\u00e1knami"}]},{"@type":"WebSite","@id":"https:\/\/etako.sk\/eshop\/#website","url":"https:\/\/etako.sk\/eshop\/","name":"ETAKO e-shop","description":"Etako","potentialAction":[{"@type":"SearchAction","target":{"@type":"EntryPoint","urlTemplate":"https:\/\/etako.sk\/eshop\/?s={search_term_string}"},"query-input":{"@type":"PropertyValueSpecification","valueRequired":true,"valueName":"search_term_string"}}],"inLanguage":"sk-SK"}]}},"jetpack_sharing_enabled":true,"_links":{"self":[{"href":"https:\/\/etako.sk\/eshop\/wp-json\/wp\/v2\/product\/48562","targetHints":{"allow":["GET"]}}],"collection":[{"href":"https:\/\/etako.sk\/eshop\/wp-json\/wp\/v2\/product"}],"about":[{"href":"https:\/\/etako.sk\/eshop\/wp-json\/wp\/v2\/types\/product"}],"replies":[{"embeddable":true,"href":"https:\/\/etako.sk\/eshop\/wp-json\/wp\/v2\/comments?post=48562"}],"version-history":[{"count":3,"href":"https:\/\/etako.sk\/eshop\/wp-json\/wp\/v2\/product\/48562\/revisions"}],"predecessor-version":[{"id":48651,"href":"https:\/\/etako.sk\/eshop\/wp-json\/wp\/v2\/product\/48562\/revisions\/48651"}],"wp:featuredmedia":[{"embeddable":true,"href":"https:\/\/etako.sk\/eshop\/wp-json\/wp\/v2\/media\/48563"}],"wp:attachment":[{"href":"https:\/\/etako.sk\/eshop\/wp-json\/wp\/v2\/media?parent=48562"}],"wp:term":[{"taxonomy":"product_brand","embeddable":true,"href":"https:\/\/etako.sk\/eshop\/wp-json\/wp\/v2\/product_brand?post=48562"},{"taxonomy":"product_cat","embeddable":true,"href":"https:\/\/etako.sk\/eshop\/wp-json\/wp\/v2\/product_cat?post=48562"},{"taxonomy":"product_tag","embeddable":true,"href":"https:\/\/etako.sk\/eshop\/wp-json\/wp\/v2\/product_tag?post=48562"}],"curies":[{"name":"wp","href":"https:\/\/api.w.org\/{rel}","templated":true}]}}