{"id":48551,"date":"2025-06-20T20:01:13","date_gmt":"2025-06-20T18:01:13","guid":{"rendered":"https:\/\/etako.sk\/eshop\/?post_type=product&#038;p=48551"},"modified":"2025-06-20T20:01:14","modified_gmt":"2025-06-20T18:01:14","slug":"kaviderm-krem-na-redukciu-kruhov-a-vackov-pod-ocami","status":"publish","type":"product","link":"https:\/\/etako.sk\/eshop\/produkt\/kaviderm-krem-na-redukciu-kruhov-a-vackov-pod-ocami\/","title":{"rendered":"Kaviderm \u2013 kr\u00e9m na redukciu kruhov a va\u010dkov pod o\u010dami"},"content":{"rendered":"<p>Intenz\u00edvny pr\u00edpravok s komplexom akt\u00edvnych l\u00e1tok napom\u00e1ha redukova\u0165 kruhy a va\u010dky pod o\u010dami. Obsahuje extrakty z morsk\u00fdch rias, kyselinu hyalur\u00f3nov\u00fa, avok\u00e1dov\u00fd a jojobov\u00fd olej a \u010fal\u0161ie multifunk\u010dn\u00e9 akt\u00edvne l\u00e1tky. &#8211; pri pravidelnej aplik\u00e1cii sa poko\u017eka st\u00e1va rozjasnenou a jemnou &#8211; panthenol a bambuck\u00e9 maslo poko\u017eku intenz\u00edvne regeneruj\u00fa &#8211; v\u010faka obsahu kyseliny hyalur\u00f3novej doch\u00e1dza k vysokej hydrat\u00e1cii &#8211; obsiahnut\u00e9 peptidov\u00e9 l\u00e1tky zabezpe\u010duj\u00fa redukciu jemn\u00fdch vr\u00e1sok &#8211; aplikujte r\u00e1no i ve\u010der jemn\u00fdm vklepan\u00edm v oblasti o\u010dn\u00e9ho okolia &#8211; pre vy\u0161\u0161\u00ed \u00fa\u010dinok kombinujte s u\u017e\u00edvan\u00edm \u010daju Lymfodren<\/p>\n<p>30ml<\/p>\n<p>&nbsp;<\/p>\n","protected":false},"excerpt":{"rendered":"<p>Intenz\u00edvny pr\u00edpravok s komplexom akt\u00edvnych l\u00e1tok napom\u00e1ha redukova\u0165 kruhy a va\u010dky pod o\u010dami. Obsahuje extrakty z morsk\u00fdch rias, kyselinu hyalur\u00f3nov\u00fa,<\/p>\n","protected":false},"featured_media":48552,"comment_status":"closed","ping_status":"closed","template":"","meta":{"jetpack_publicize_message":"","jetpack_publicize_feature_enabled":true,"jetpack_social_post_already_shared":true,"jetpack_social_options":{"image_generator_settings":{"template":"highway","enabled":false},"version":2}},"product_brand":[],"product_cat":[1864,1869],"product_tag":[],"class_list":{"0":"post-48551","1":"product","2":"type-product","3":"status-publish","4":"has-post-thumbnail","6":"product_cat-dekorativna-kozmetika","7":"product_cat-ocne-kremy-a-gely","8":"product_shipping_class-standard","10":"","11":"instock","12":"taxable","13":"shipping-taxable","14":"purchasable","15":"product-type-simple"},"jetpack_publicize_connections":[],"yoast_head":"<!-- This site is optimized with the Yoast SEO plugin v25.6 - https:\/\/yoast.com\/wordpress\/plugins\/seo\/ -->\n<title>Kaviderm \u2013 kr\u00e9m na redukciu kruhov a va\u010dkov pod o\u010dami - ETAKO e-shop<\/title>\n<meta name=\"robots\" content=\"index, follow, max-snippet:-1, max-image-preview:large, max-video-preview:-1\" \/>\n<link rel=\"canonical\" href=\"https:\/\/etako.sk\/eshop\/produkt\/kaviderm-krem-na-redukciu-kruhov-a-vackov-pod-ocami\/\" \/>\n<meta name=\"twitter:card\" content=\"summary_large_image\" \/>\n<meta name=\"twitter:title\" content=\"Kaviderm \u2013 kr\u00e9m na redukciu kruhov a va\u010dkov pod o\u010dami - ETAKO e-shop\" \/>\n<meta name=\"twitter:description\" content=\"Intenz\u00edvny pr\u00edpravok s komplexom akt\u00edvnych l\u00e1tok napom\u00e1ha redukova\u0165 kruhy a va\u010dky pod o\u010dami. Obsahuje extrakty z morsk\u00fdch rias, kyselinu hyalur\u00f3nov\u00fa,\" \/>\n<meta name=\"twitter:image\" content=\"https:\/\/i0.wp.com\/etako.sk\/eshop\/wp-content\/uploads\/2025\/06\/2.webp?fit=640%2C640&ssl=1\" \/>\n<meta name=\"twitter:label1\" content=\"Predpokladan\u00fd \u010das \u010d\u00edtania\" \/>\n\t<meta name=\"twitter:data1\" content=\"1 min\u00fata\" \/>\n<script type=\"application\/ld+json\" class=\"yoast-schema-graph\">{\"@context\":\"https:\/\/schema.org\",\"@graph\":[{\"@type\":\"WebPage\",\"@id\":\"https:\/\/etako.sk\/eshop\/produkt\/kaviderm-krem-na-redukciu-kruhov-a-vackov-pod-ocami\/\",\"url\":\"https:\/\/etako.sk\/eshop\/produkt\/kaviderm-krem-na-redukciu-kruhov-a-vackov-pod-ocami\/\",\"name\":\"Kaviderm \u2013 kr\u00e9m na redukciu kruhov a va\u010dkov pod o\u010dami - ETAKO e-shop\",\"isPartOf\":{\"@id\":\"https:\/\/etako.sk\/eshop\/#website\"},\"primaryImageOfPage\":{\"@id\":\"https:\/\/etako.sk\/eshop\/produkt\/kaviderm-krem-na-redukciu-kruhov-a-vackov-pod-ocami\/#primaryimage\"},\"image\":{\"@id\":\"https:\/\/etako.sk\/eshop\/produkt\/kaviderm-krem-na-redukciu-kruhov-a-vackov-pod-ocami\/#primaryimage\"},\"thumbnailUrl\":\"https:\/\/i0.wp.com\/etako.sk\/eshop\/wp-content\/uploads\/2025\/06\/2.webp?fit=640%2C640&ssl=1\",\"datePublished\":\"2025-06-20T18:01:13+00:00\",\"dateModified\":\"2025-06-20T18:01:14+00:00\",\"breadcrumb\":{\"@id\":\"https:\/\/etako.sk\/eshop\/produkt\/kaviderm-krem-na-redukciu-kruhov-a-vackov-pod-ocami\/#breadcrumb\"},\"inLanguage\":\"sk-SK\",\"potentialAction\":[{\"@type\":\"ReadAction\",\"target\":[\"https:\/\/etako.sk\/eshop\/produkt\/kaviderm-krem-na-redukciu-kruhov-a-vackov-pod-ocami\/\"]}]},{\"@type\":\"ImageObject\",\"inLanguage\":\"sk-SK\",\"@id\":\"https:\/\/etako.sk\/eshop\/produkt\/kaviderm-krem-na-redukciu-kruhov-a-vackov-pod-ocami\/#primaryimage\",\"url\":\"https:\/\/i0.wp.com\/etako.sk\/eshop\/wp-content\/uploads\/2025\/06\/2.webp?fit=640%2C640&ssl=1\",\"contentUrl\":\"https:\/\/i0.wp.com\/etako.sk\/eshop\/wp-content\/uploads\/2025\/06\/2.webp?fit=640%2C640&ssl=1\",\"width\":640,\"height\":640},{\"@type\":\"BreadcrumbList\",\"@id\":\"https:\/\/etako.sk\/eshop\/produkt\/kaviderm-krem-na-redukciu-kruhov-a-vackov-pod-ocami\/#breadcrumb\",\"itemListElement\":[{\"@type\":\"ListItem\",\"position\":1,\"name\":\"Domovsk\u00e1 str\u00e1nka\",\"item\":\"https:\/\/etako.sk\/eshop\/\"},{\"@type\":\"ListItem\",\"position\":2,\"name\":\"Obchod\",\"item\":\"https:\/\/etako.sk\/eshop\/shop\/\"},{\"@type\":\"ListItem\",\"position\":3,\"name\":\"Kaviderm \u2013 kr\u00e9m na redukciu kruhov a va\u010dkov pod o\u010dami\"}]},{\"@type\":\"WebSite\",\"@id\":\"https:\/\/etako.sk\/eshop\/#website\",\"url\":\"https:\/\/etako.sk\/eshop\/\",\"name\":\"ETAKO e-shop\",\"description\":\"Etako\",\"potentialAction\":[{\"@type\":\"SearchAction\",\"target\":{\"@type\":\"EntryPoint\",\"urlTemplate\":\"https:\/\/etako.sk\/eshop\/?s={search_term_string}\"},\"query-input\":{\"@type\":\"PropertyValueSpecification\",\"valueRequired\":true,\"valueName\":\"search_term_string\"}}],\"inLanguage\":\"sk-SK\"}]}<\/script>\n<!-- \/ Yoast SEO plugin. -->","yoast_head_json":{"title":"Kaviderm \u2013 kr\u00e9m na redukciu kruhov a va\u010dkov pod o\u010dami - ETAKO e-shop","robots":{"index":"index","follow":"follow","max-snippet":"max-snippet:-1","max-image-preview":"max-image-preview:large","max-video-preview":"max-video-preview:-1"},"canonical":"https:\/\/etako.sk\/eshop\/produkt\/kaviderm-krem-na-redukciu-kruhov-a-vackov-pod-ocami\/","twitter_card":"summary_large_image","twitter_title":"Kaviderm \u2013 kr\u00e9m na redukciu kruhov a va\u010dkov pod o\u010dami - ETAKO e-shop","twitter_description":"Intenz\u00edvny pr\u00edpravok s komplexom akt\u00edvnych l\u00e1tok napom\u00e1ha redukova\u0165 kruhy a va\u010dky pod o\u010dami. Obsahuje extrakty z morsk\u00fdch rias, kyselinu hyalur\u00f3nov\u00fa,","twitter_image":"https:\/\/i0.wp.com\/etako.sk\/eshop\/wp-content\/uploads\/2025\/06\/2.webp?fit=640%2C640&ssl=1","twitter_misc":{"Predpokladan\u00fd \u010das \u010d\u00edtania":"1 min\u00fata"},"schema":{"@context":"https:\/\/schema.org","@graph":[{"@type":"WebPage","@id":"https:\/\/etako.sk\/eshop\/produkt\/kaviderm-krem-na-redukciu-kruhov-a-vackov-pod-ocami\/","url":"https:\/\/etako.sk\/eshop\/produkt\/kaviderm-krem-na-redukciu-kruhov-a-vackov-pod-ocami\/","name":"Kaviderm \u2013 kr\u00e9m na redukciu kruhov a va\u010dkov pod o\u010dami - ETAKO e-shop","isPartOf":{"@id":"https:\/\/etako.sk\/eshop\/#website"},"primaryImageOfPage":{"@id":"https:\/\/etako.sk\/eshop\/produkt\/kaviderm-krem-na-redukciu-kruhov-a-vackov-pod-ocami\/#primaryimage"},"image":{"@id":"https:\/\/etako.sk\/eshop\/produkt\/kaviderm-krem-na-redukciu-kruhov-a-vackov-pod-ocami\/#primaryimage"},"thumbnailUrl":"https:\/\/i0.wp.com\/etako.sk\/eshop\/wp-content\/uploads\/2025\/06\/2.webp?fit=640%2C640&ssl=1","datePublished":"2025-06-20T18:01:13+00:00","dateModified":"2025-06-20T18:01:14+00:00","breadcrumb":{"@id":"https:\/\/etako.sk\/eshop\/produkt\/kaviderm-krem-na-redukciu-kruhov-a-vackov-pod-ocami\/#breadcrumb"},"inLanguage":"sk-SK","potentialAction":[{"@type":"ReadAction","target":["https:\/\/etako.sk\/eshop\/produkt\/kaviderm-krem-na-redukciu-kruhov-a-vackov-pod-ocami\/"]}]},{"@type":"ImageObject","inLanguage":"sk-SK","@id":"https:\/\/etako.sk\/eshop\/produkt\/kaviderm-krem-na-redukciu-kruhov-a-vackov-pod-ocami\/#primaryimage","url":"https:\/\/i0.wp.com\/etako.sk\/eshop\/wp-content\/uploads\/2025\/06\/2.webp?fit=640%2C640&ssl=1","contentUrl":"https:\/\/i0.wp.com\/etako.sk\/eshop\/wp-content\/uploads\/2025\/06\/2.webp?fit=640%2C640&ssl=1","width":640,"height":640},{"@type":"BreadcrumbList","@id":"https:\/\/etako.sk\/eshop\/produkt\/kaviderm-krem-na-redukciu-kruhov-a-vackov-pod-ocami\/#breadcrumb","itemListElement":[{"@type":"ListItem","position":1,"name":"Domovsk\u00e1 str\u00e1nka","item":"https:\/\/etako.sk\/eshop\/"},{"@type":"ListItem","position":2,"name":"Obchod","item":"https:\/\/etako.sk\/eshop\/shop\/"},{"@type":"ListItem","position":3,"name":"Kaviderm \u2013 kr\u00e9m na redukciu kruhov a va\u010dkov pod o\u010dami"}]},{"@type":"WebSite","@id":"https:\/\/etako.sk\/eshop\/#website","url":"https:\/\/etako.sk\/eshop\/","name":"ETAKO e-shop","description":"Etako","potentialAction":[{"@type":"SearchAction","target":{"@type":"EntryPoint","urlTemplate":"https:\/\/etako.sk\/eshop\/?s={search_term_string}"},"query-input":{"@type":"PropertyValueSpecification","valueRequired":true,"valueName":"search_term_string"}}],"inLanguage":"sk-SK"}]}},"jetpack_sharing_enabled":true,"_links":{"self":[{"href":"https:\/\/etako.sk\/eshop\/wp-json\/wp\/v2\/product\/48551","targetHints":{"allow":["GET"]}}],"collection":[{"href":"https:\/\/etako.sk\/eshop\/wp-json\/wp\/v2\/product"}],"about":[{"href":"https:\/\/etako.sk\/eshop\/wp-json\/wp\/v2\/types\/product"}],"replies":[{"embeddable":true,"href":"https:\/\/etako.sk\/eshop\/wp-json\/wp\/v2\/comments?post=48551"}],"version-history":[{"count":1,"href":"https:\/\/etako.sk\/eshop\/wp-json\/wp\/v2\/product\/48551\/revisions"}],"predecessor-version":[{"id":48553,"href":"https:\/\/etako.sk\/eshop\/wp-json\/wp\/v2\/product\/48551\/revisions\/48553"}],"wp:featuredmedia":[{"embeddable":true,"href":"https:\/\/etako.sk\/eshop\/wp-json\/wp\/v2\/media\/48552"}],"wp:attachment":[{"href":"https:\/\/etako.sk\/eshop\/wp-json\/wp\/v2\/media?parent=48551"}],"wp:term":[{"taxonomy":"product_brand","embeddable":true,"href":"https:\/\/etako.sk\/eshop\/wp-json\/wp\/v2\/product_brand?post=48551"},{"taxonomy":"product_cat","embeddable":true,"href":"https:\/\/etako.sk\/eshop\/wp-json\/wp\/v2\/product_cat?post=48551"},{"taxonomy":"product_tag","embeddable":true,"href":"https:\/\/etako.sk\/eshop\/wp-json\/wp\/v2\/product_tag?post=48551"}],"curies":[{"name":"wp","href":"https:\/\/api.w.org\/{rel}","templated":true}]}}