{"id":48545,"date":"2025-06-20T19:56:58","date_gmt":"2025-06-20T17:56:58","guid":{"rendered":"https:\/\/etako.sk\/eshop\/?post_type=product&#038;p=48545"},"modified":"2025-06-20T19:56:58","modified_gmt":"2025-06-20T17:56:58","slug":"ocny-krem","status":"publish","type":"product","link":"https:\/\/etako.sk\/eshop\/produkt\/ocny-krem\/","title":{"rendered":"O\u010dn\u00fd kr\u00e9m"},"content":{"rendered":"<p>\u0160peci\u00e1lny pr\u00edpravok ur\u010den\u00fd na starostlivos\u0165 o o\u010dn\u00e9 okolie s obsahom avok\u00e1dov\u00e9ho a jojobov\u00e9ho oleja a koenz\u00fdmu Q10, ktor\u00fd akt\u00edvne podporuje vyu\u017eitie energie v bunk\u00e1ch a zlep\u0161uje regener\u00e1ciu pleti. &#8211; vekov\u00e1 kateg\u00f3ria 30+ &#8211; v\u00fdrazne zvl\u00e1\u010d\u0148uje a spev\u0148uje ple\u0165 &#8211; spoma\u013euje proces starnutia pleti &#8211; na denn\u00fa aj no\u010dn\u00fa starostlivos\u0165 &#8211; pre norm\u00e1lny, zmie\u0161an\u00fd, such\u00fd aj citliv\u00fd typ pleti<\/p>\n<p>30ml<\/p>\n","protected":false},"excerpt":{"rendered":"<p>\u0160peci\u00e1lny pr\u00edpravok ur\u010den\u00fd na starostlivos\u0165 o o\u010dn\u00e9 okolie s obsahom avok\u00e1dov\u00e9ho a jojobov\u00e9ho oleja a koenz\u00fdmu Q10, ktor\u00fd akt\u00edvne podporuje<\/p>\n","protected":false},"featured_media":48546,"comment_status":"closed","ping_status":"closed","template":"","meta":{"jetpack_publicize_message":"","jetpack_publicize_feature_enabled":true,"jetpack_social_post_already_shared":true,"jetpack_social_options":{"image_generator_settings":{"template":"highway","enabled":false},"version":2}},"product_brand":[],"product_cat":[1864,1869],"product_tag":[],"class_list":{"0":"post-48545","1":"product","2":"type-product","3":"status-publish","4":"has-post-thumbnail","6":"product_cat-dekorativna-kozmetika","7":"product_cat-ocne-kremy-a-gely","8":"product_shipping_class-standard","10":"","11":"instock","12":"taxable","13":"shipping-taxable","14":"purchasable","15":"product-type-simple"},"jetpack_publicize_connections":[],"yoast_head":"<!-- This site is optimized with the Yoast SEO plugin v25.6 - https:\/\/yoast.com\/wordpress\/plugins\/seo\/ -->\n<title>O\u010dn\u00fd kr\u00e9m - ETAKO e-shop<\/title>\n<meta name=\"robots\" content=\"index, follow, max-snippet:-1, max-image-preview:large, max-video-preview:-1\" \/>\n<link rel=\"canonical\" href=\"https:\/\/etako.sk\/eshop\/produkt\/ocny-krem\/\" \/>\n<meta name=\"twitter:card\" content=\"summary_large_image\" \/>\n<meta name=\"twitter:title\" content=\"O\u010dn\u00fd kr\u00e9m - ETAKO e-shop\" \/>\n<meta name=\"twitter:description\" content=\"\u0160peci\u00e1lny pr\u00edpravok ur\u010den\u00fd na starostlivos\u0165 o o\u010dn\u00e9 okolie s obsahom avok\u00e1dov\u00e9ho a jojobov\u00e9ho oleja a koenz\u00fdmu Q10, ktor\u00fd akt\u00edvne podporuje\" \/>\n<meta name=\"twitter:image\" content=\"https:\/\/i0.wp.com\/etako.sk\/eshop\/wp-content\/uploads\/2025\/06\/16.webp?fit=750%2C750&ssl=1\" \/>\n<meta name=\"twitter:label1\" content=\"Predpokladan\u00fd \u010das \u010d\u00edtania\" \/>\n\t<meta name=\"twitter:data1\" content=\"1 min\u00fata\" \/>\n<script type=\"application\/ld+json\" class=\"yoast-schema-graph\">{\"@context\":\"https:\/\/schema.org\",\"@graph\":[{\"@type\":\"WebPage\",\"@id\":\"https:\/\/etako.sk\/eshop\/produkt\/ocny-krem\/\",\"url\":\"https:\/\/etako.sk\/eshop\/produkt\/ocny-krem\/\",\"name\":\"O\u010dn\u00fd kr\u00e9m - ETAKO e-shop\",\"isPartOf\":{\"@id\":\"https:\/\/etako.sk\/eshop\/#website\"},\"primaryImageOfPage\":{\"@id\":\"https:\/\/etako.sk\/eshop\/produkt\/ocny-krem\/#primaryimage\"},\"image\":{\"@id\":\"https:\/\/etako.sk\/eshop\/produkt\/ocny-krem\/#primaryimage\"},\"thumbnailUrl\":\"https:\/\/i0.wp.com\/etako.sk\/eshop\/wp-content\/uploads\/2025\/06\/16.webp?fit=750%2C750&ssl=1\",\"datePublished\":\"2025-06-20T17:56:58+00:00\",\"breadcrumb\":{\"@id\":\"https:\/\/etako.sk\/eshop\/produkt\/ocny-krem\/#breadcrumb\"},\"inLanguage\":\"sk-SK\",\"potentialAction\":[{\"@type\":\"ReadAction\",\"target\":[\"https:\/\/etako.sk\/eshop\/produkt\/ocny-krem\/\"]}]},{\"@type\":\"ImageObject\",\"inLanguage\":\"sk-SK\",\"@id\":\"https:\/\/etako.sk\/eshop\/produkt\/ocny-krem\/#primaryimage\",\"url\":\"https:\/\/i0.wp.com\/etako.sk\/eshop\/wp-content\/uploads\/2025\/06\/16.webp?fit=750%2C750&ssl=1\",\"contentUrl\":\"https:\/\/i0.wp.com\/etako.sk\/eshop\/wp-content\/uploads\/2025\/06\/16.webp?fit=750%2C750&ssl=1\",\"width\":750,\"height\":750},{\"@type\":\"BreadcrumbList\",\"@id\":\"https:\/\/etako.sk\/eshop\/produkt\/ocny-krem\/#breadcrumb\",\"itemListElement\":[{\"@type\":\"ListItem\",\"position\":1,\"name\":\"Domovsk\u00e1 str\u00e1nka\",\"item\":\"https:\/\/etako.sk\/eshop\/\"},{\"@type\":\"ListItem\",\"position\":2,\"name\":\"Obchod\",\"item\":\"https:\/\/etako.sk\/eshop\/shop\/\"},{\"@type\":\"ListItem\",\"position\":3,\"name\":\"O\u010dn\u00fd kr\u00e9m\"}]},{\"@type\":\"WebSite\",\"@id\":\"https:\/\/etako.sk\/eshop\/#website\",\"url\":\"https:\/\/etako.sk\/eshop\/\",\"name\":\"ETAKO e-shop\",\"description\":\"Etako\",\"potentialAction\":[{\"@type\":\"SearchAction\",\"target\":{\"@type\":\"EntryPoint\",\"urlTemplate\":\"https:\/\/etako.sk\/eshop\/?s={search_term_string}\"},\"query-input\":{\"@type\":\"PropertyValueSpecification\",\"valueRequired\":true,\"valueName\":\"search_term_string\"}}],\"inLanguage\":\"sk-SK\"}]}<\/script>\n<!-- \/ Yoast SEO plugin. -->","yoast_head_json":{"title":"O\u010dn\u00fd kr\u00e9m - ETAKO e-shop","robots":{"index":"index","follow":"follow","max-snippet":"max-snippet:-1","max-image-preview":"max-image-preview:large","max-video-preview":"max-video-preview:-1"},"canonical":"https:\/\/etako.sk\/eshop\/produkt\/ocny-krem\/","twitter_card":"summary_large_image","twitter_title":"O\u010dn\u00fd kr\u00e9m - ETAKO e-shop","twitter_description":"\u0160peci\u00e1lny pr\u00edpravok ur\u010den\u00fd na starostlivos\u0165 o o\u010dn\u00e9 okolie s obsahom avok\u00e1dov\u00e9ho a jojobov\u00e9ho oleja a koenz\u00fdmu Q10, ktor\u00fd akt\u00edvne podporuje","twitter_image":"https:\/\/i0.wp.com\/etako.sk\/eshop\/wp-content\/uploads\/2025\/06\/16.webp?fit=750%2C750&ssl=1","twitter_misc":{"Predpokladan\u00fd \u010das \u010d\u00edtania":"1 min\u00fata"},"schema":{"@context":"https:\/\/schema.org","@graph":[{"@type":"WebPage","@id":"https:\/\/etako.sk\/eshop\/produkt\/ocny-krem\/","url":"https:\/\/etako.sk\/eshop\/produkt\/ocny-krem\/","name":"O\u010dn\u00fd kr\u00e9m - ETAKO e-shop","isPartOf":{"@id":"https:\/\/etako.sk\/eshop\/#website"},"primaryImageOfPage":{"@id":"https:\/\/etako.sk\/eshop\/produkt\/ocny-krem\/#primaryimage"},"image":{"@id":"https:\/\/etako.sk\/eshop\/produkt\/ocny-krem\/#primaryimage"},"thumbnailUrl":"https:\/\/i0.wp.com\/etako.sk\/eshop\/wp-content\/uploads\/2025\/06\/16.webp?fit=750%2C750&ssl=1","datePublished":"2025-06-20T17:56:58+00:00","breadcrumb":{"@id":"https:\/\/etako.sk\/eshop\/produkt\/ocny-krem\/#breadcrumb"},"inLanguage":"sk-SK","potentialAction":[{"@type":"ReadAction","target":["https:\/\/etako.sk\/eshop\/produkt\/ocny-krem\/"]}]},{"@type":"ImageObject","inLanguage":"sk-SK","@id":"https:\/\/etako.sk\/eshop\/produkt\/ocny-krem\/#primaryimage","url":"https:\/\/i0.wp.com\/etako.sk\/eshop\/wp-content\/uploads\/2025\/06\/16.webp?fit=750%2C750&ssl=1","contentUrl":"https:\/\/i0.wp.com\/etako.sk\/eshop\/wp-content\/uploads\/2025\/06\/16.webp?fit=750%2C750&ssl=1","width":750,"height":750},{"@type":"BreadcrumbList","@id":"https:\/\/etako.sk\/eshop\/produkt\/ocny-krem\/#breadcrumb","itemListElement":[{"@type":"ListItem","position":1,"name":"Domovsk\u00e1 str\u00e1nka","item":"https:\/\/etako.sk\/eshop\/"},{"@type":"ListItem","position":2,"name":"Obchod","item":"https:\/\/etako.sk\/eshop\/shop\/"},{"@type":"ListItem","position":3,"name":"O\u010dn\u00fd kr\u00e9m"}]},{"@type":"WebSite","@id":"https:\/\/etako.sk\/eshop\/#website","url":"https:\/\/etako.sk\/eshop\/","name":"ETAKO e-shop","description":"Etako","potentialAction":[{"@type":"SearchAction","target":{"@type":"EntryPoint","urlTemplate":"https:\/\/etako.sk\/eshop\/?s={search_term_string}"},"query-input":{"@type":"PropertyValueSpecification","valueRequired":true,"valueName":"search_term_string"}}],"inLanguage":"sk-SK"}]}},"jetpack_sharing_enabled":true,"_links":{"self":[{"href":"https:\/\/etako.sk\/eshop\/wp-json\/wp\/v2\/product\/48545","targetHints":{"allow":["GET"]}}],"collection":[{"href":"https:\/\/etako.sk\/eshop\/wp-json\/wp\/v2\/product"}],"about":[{"href":"https:\/\/etako.sk\/eshop\/wp-json\/wp\/v2\/types\/product"}],"replies":[{"embeddable":true,"href":"https:\/\/etako.sk\/eshop\/wp-json\/wp\/v2\/comments?post=48545"}],"version-history":[{"count":1,"href":"https:\/\/etako.sk\/eshop\/wp-json\/wp\/v2\/product\/48545\/revisions"}],"predecessor-version":[{"id":48547,"href":"https:\/\/etako.sk\/eshop\/wp-json\/wp\/v2\/product\/48545\/revisions\/48547"}],"wp:featuredmedia":[{"embeddable":true,"href":"https:\/\/etako.sk\/eshop\/wp-json\/wp\/v2\/media\/48546"}],"wp:attachment":[{"href":"https:\/\/etako.sk\/eshop\/wp-json\/wp\/v2\/media?parent=48545"}],"wp:term":[{"taxonomy":"product_brand","embeddable":true,"href":"https:\/\/etako.sk\/eshop\/wp-json\/wp\/v2\/product_brand?post=48545"},{"taxonomy":"product_cat","embeddable":true,"href":"https:\/\/etako.sk\/eshop\/wp-json\/wp\/v2\/product_cat?post=48545"},{"taxonomy":"product_tag","embeddable":true,"href":"https:\/\/etako.sk\/eshop\/wp-json\/wp\/v2\/product_tag?post=48545"}],"curies":[{"name":"wp","href":"https:\/\/api.w.org\/{rel}","templated":true}]}}