{"id":48527,"date":"2025-06-20T19:39:32","date_gmt":"2025-06-20T17:39:32","guid":{"rendered":"https:\/\/etako.sk\/eshop\/?post_type=product&#038;p=48527"},"modified":"2025-06-20T19:39:32","modified_gmt":"2025-06-20T17:39:32","slug":"nocny-krem-kolagen","status":"publish","type":"product","link":"https:\/\/etako.sk\/eshop\/produkt\/nocny-krem-kolagen\/","title":{"rendered":"No\u010dn\u00fd kr\u00e9m Kolag\u00e9n+"},"content":{"rendered":"<p>No\u010dn\u00fd kr\u00e9m s vysoko efekt\u00edvnym zlo\u017een\u00edm zais\u0165uje intenz\u00edvnu podporu tvorby kolag\u00e9nu a dokonal\u00fa hydrat\u00e1ciu poko\u017eky.<\/p>\n<p>50ml<\/p>\n<p>V tomto no\u010dnom kr\u00e9me sme skombinovali dve ve\u013emi zauj\u00edmav\u00e9 akt\u00edvne l\u00e1tky:<\/p>\n<ul>\n<li>Upcyklovan\u00fd veg\u00e1nsky kolag\u00e9n z\u00edskan\u00fd z\u00a0islandsk\u00fdch mikrorias funguje ako tzv. kolag\u00e9n booster a\u00a0zais\u0165uje\u00a0<strong>stimul\u00e1ciu tvorby kolag\u00e9nu a\u017e o\u00a040%<\/strong>\u00a0v\u010faka obsahu troch esenci\u00e1lnych aminokysel\u00edn kolag\u00e9nu, ktor\u00e9 spolo\u010dne tvoria z\u00e1kladn\u00fa peptidov\u00fa \u0161trukt\u00faru vo v\u00e4\u010d\u0161ine nat\u00edvnych kolag\u00e9nov\u00fdch vl\u00e1kien.<\/li>\n<li>Unik\u00e1tny hydrata\u010dn\u00fd komplex\u00a0<strong>zvy\u0161uje hydrat\u00e1ciu a\u017e o\u00a056%<\/strong>. Syst\u00e9m je zalo\u017een\u00fd na troch synergick\u00fdch mechanizmoch: posil\u0148uje ochrann\u00fa ko\u017en\u00fa bari\u00e9ru, optimalizuje z\u00e1soby a\u00a0cirkul\u00e1ciu vody v\u00a0pleti. Ple\u0165 zost\u00e1va hydratovan\u00e1 a\u017e t\u00fd\u017ede\u0148 po poslednej aplik\u00e1cii.<\/li>\n<\/ul>\n<p>Akt\u00edvne l\u00e1tky s\u00fa zakomponovan\u00e9 v\u00a0\u0161peci\u00e1lnom syst\u00e9me zvanom\u00a0<a href=\"https:\/\/www.ryor.sk\/blog\/obratene-emulzie\" target=\"\" rel=\"noopener\">obr\u00e1ten\u00e1 emulzia<\/a>. V\u010faka tomu je kr\u00e9m v\u00fd\u017eivn\u00fd, ale z\u00e1rove\u0148 \u013eahk\u00fd a\u00a0napom\u00e1ha spr\u00e1vnej funkcii ochrannej ko\u017enej bari\u00e9ry.<\/p>\n<p><strong>Aplik\u00e1cia:<\/strong>\u00a0Ve\u010der najprv ple\u0165 vy\u010distite napr. dvojf\u00e1zovou odli\u010dovacou emulziou a\u00a0potom do\u010distite tonikom. Nasledova\u0165 m\u00f4\u017ee s\u00e9rum alebo rovno kr\u00e9m.<\/p>\n","protected":false},"excerpt":{"rendered":"<p>No\u010dn\u00fd kr\u00e9m s vysoko efekt\u00edvnym zlo\u017een\u00edm zais\u0165uje intenz\u00edvnu podporu tvorby kolag\u00e9nu a dokonal\u00fa hydrat\u00e1ciu poko\u017eky. 50ml V tomto no\u010dnom kr\u00e9me<\/p>\n","protected":false},"featured_media":48528,"comment_status":"closed","ping_status":"closed","template":"","meta":{"jetpack_publicize_message":"","jetpack_publicize_feature_enabled":true,"jetpack_social_post_already_shared":true,"jetpack_social_options":{"image_generator_settings":{"template":"highway","enabled":false},"version":2}},"product_brand":[],"product_cat":[1864,1866],"product_tag":[],"class_list":{"0":"post-48527","1":"product","2":"type-product","3":"status-publish","4":"has-post-thumbnail","6":"product_cat-dekorativna-kozmetika","7":"product_cat-nocny-krem","8":"product_shipping_class-standard","10":"","11":"instock","12":"taxable","13":"shipping-taxable","14":"purchasable","15":"product-type-simple"},"jetpack_publicize_connections":[],"yoast_head":"<!-- This site is optimized with the Yoast SEO plugin v25.6 - https:\/\/yoast.com\/wordpress\/plugins\/seo\/ -->\n<title>No\u010dn\u00fd kr\u00e9m Kolag\u00e9n+ - ETAKO e-shop<\/title>\n<meta name=\"robots\" content=\"index, follow, max-snippet:-1, max-image-preview:large, max-video-preview:-1\" \/>\n<link rel=\"canonical\" href=\"https:\/\/etako.sk\/eshop\/produkt\/nocny-krem-kolagen\/\" \/>\n<meta name=\"twitter:card\" content=\"summary_large_image\" \/>\n<meta name=\"twitter:title\" content=\"No\u010dn\u00fd kr\u00e9m Kolag\u00e9n+ - ETAKO e-shop\" \/>\n<meta name=\"twitter:description\" content=\"No\u010dn\u00fd kr\u00e9m s vysoko efekt\u00edvnym zlo\u017een\u00edm zais\u0165uje intenz\u00edvnu podporu tvorby kolag\u00e9nu a dokonal\u00fa hydrat\u00e1ciu poko\u017eky. 50ml V tomto no\u010dnom kr\u00e9me\" \/>\n<meta name=\"twitter:image\" content=\"https:\/\/i0.wp.com\/etako.sk\/eshop\/wp-content\/uploads\/2025\/06\/13102n3.webp?fit=750%2C750&ssl=1\" \/>\n<meta name=\"twitter:label1\" content=\"Predpokladan\u00fd \u010das \u010d\u00edtania\" \/>\n\t<meta name=\"twitter:data1\" content=\"1 min\u00fata\" \/>\n<script type=\"application\/ld+json\" class=\"yoast-schema-graph\">{\"@context\":\"https:\/\/schema.org\",\"@graph\":[{\"@type\":\"WebPage\",\"@id\":\"https:\/\/etako.sk\/eshop\/produkt\/nocny-krem-kolagen\/\",\"url\":\"https:\/\/etako.sk\/eshop\/produkt\/nocny-krem-kolagen\/\",\"name\":\"No\u010dn\u00fd kr\u00e9m Kolag\u00e9n+ - ETAKO e-shop\",\"isPartOf\":{\"@id\":\"https:\/\/etako.sk\/eshop\/#website\"},\"primaryImageOfPage\":{\"@id\":\"https:\/\/etako.sk\/eshop\/produkt\/nocny-krem-kolagen\/#primaryimage\"},\"image\":{\"@id\":\"https:\/\/etako.sk\/eshop\/produkt\/nocny-krem-kolagen\/#primaryimage\"},\"thumbnailUrl\":\"https:\/\/i0.wp.com\/etako.sk\/eshop\/wp-content\/uploads\/2025\/06\/13102n3.webp?fit=750%2C750&ssl=1\",\"datePublished\":\"2025-06-20T17:39:32+00:00\",\"breadcrumb\":{\"@id\":\"https:\/\/etako.sk\/eshop\/produkt\/nocny-krem-kolagen\/#breadcrumb\"},\"inLanguage\":\"sk-SK\",\"potentialAction\":[{\"@type\":\"ReadAction\",\"target\":[\"https:\/\/etako.sk\/eshop\/produkt\/nocny-krem-kolagen\/\"]}]},{\"@type\":\"ImageObject\",\"inLanguage\":\"sk-SK\",\"@id\":\"https:\/\/etako.sk\/eshop\/produkt\/nocny-krem-kolagen\/#primaryimage\",\"url\":\"https:\/\/i0.wp.com\/etako.sk\/eshop\/wp-content\/uploads\/2025\/06\/13102n3.webp?fit=750%2C750&ssl=1\",\"contentUrl\":\"https:\/\/i0.wp.com\/etako.sk\/eshop\/wp-content\/uploads\/2025\/06\/13102n3.webp?fit=750%2C750&ssl=1\",\"width\":750,\"height\":750},{\"@type\":\"BreadcrumbList\",\"@id\":\"https:\/\/etako.sk\/eshop\/produkt\/nocny-krem-kolagen\/#breadcrumb\",\"itemListElement\":[{\"@type\":\"ListItem\",\"position\":1,\"name\":\"Domovsk\u00e1 str\u00e1nka\",\"item\":\"https:\/\/etako.sk\/eshop\/\"},{\"@type\":\"ListItem\",\"position\":2,\"name\":\"Obchod\",\"item\":\"https:\/\/etako.sk\/eshop\/shop\/\"},{\"@type\":\"ListItem\",\"position\":3,\"name\":\"No\u010dn\u00fd kr\u00e9m Kolag\u00e9n+\"}]},{\"@type\":\"WebSite\",\"@id\":\"https:\/\/etako.sk\/eshop\/#website\",\"url\":\"https:\/\/etako.sk\/eshop\/\",\"name\":\"ETAKO e-shop\",\"description\":\"Etako\",\"potentialAction\":[{\"@type\":\"SearchAction\",\"target\":{\"@type\":\"EntryPoint\",\"urlTemplate\":\"https:\/\/etako.sk\/eshop\/?s={search_term_string}\"},\"query-input\":{\"@type\":\"PropertyValueSpecification\",\"valueRequired\":true,\"valueName\":\"search_term_string\"}}],\"inLanguage\":\"sk-SK\"}]}<\/script>\n<!-- \/ Yoast SEO plugin. -->","yoast_head_json":{"title":"No\u010dn\u00fd kr\u00e9m Kolag\u00e9n+ - ETAKO e-shop","robots":{"index":"index","follow":"follow","max-snippet":"max-snippet:-1","max-image-preview":"max-image-preview:large","max-video-preview":"max-video-preview:-1"},"canonical":"https:\/\/etako.sk\/eshop\/produkt\/nocny-krem-kolagen\/","twitter_card":"summary_large_image","twitter_title":"No\u010dn\u00fd kr\u00e9m Kolag\u00e9n+ - ETAKO e-shop","twitter_description":"No\u010dn\u00fd kr\u00e9m s vysoko efekt\u00edvnym zlo\u017een\u00edm zais\u0165uje intenz\u00edvnu podporu tvorby kolag\u00e9nu a dokonal\u00fa hydrat\u00e1ciu poko\u017eky. 50ml V tomto no\u010dnom kr\u00e9me","twitter_image":"https:\/\/i0.wp.com\/etako.sk\/eshop\/wp-content\/uploads\/2025\/06\/13102n3.webp?fit=750%2C750&ssl=1","twitter_misc":{"Predpokladan\u00fd \u010das \u010d\u00edtania":"1 min\u00fata"},"schema":{"@context":"https:\/\/schema.org","@graph":[{"@type":"WebPage","@id":"https:\/\/etako.sk\/eshop\/produkt\/nocny-krem-kolagen\/","url":"https:\/\/etako.sk\/eshop\/produkt\/nocny-krem-kolagen\/","name":"No\u010dn\u00fd kr\u00e9m Kolag\u00e9n+ - ETAKO e-shop","isPartOf":{"@id":"https:\/\/etako.sk\/eshop\/#website"},"primaryImageOfPage":{"@id":"https:\/\/etako.sk\/eshop\/produkt\/nocny-krem-kolagen\/#primaryimage"},"image":{"@id":"https:\/\/etako.sk\/eshop\/produkt\/nocny-krem-kolagen\/#primaryimage"},"thumbnailUrl":"https:\/\/i0.wp.com\/etako.sk\/eshop\/wp-content\/uploads\/2025\/06\/13102n3.webp?fit=750%2C750&ssl=1","datePublished":"2025-06-20T17:39:32+00:00","breadcrumb":{"@id":"https:\/\/etako.sk\/eshop\/produkt\/nocny-krem-kolagen\/#breadcrumb"},"inLanguage":"sk-SK","potentialAction":[{"@type":"ReadAction","target":["https:\/\/etako.sk\/eshop\/produkt\/nocny-krem-kolagen\/"]}]},{"@type":"ImageObject","inLanguage":"sk-SK","@id":"https:\/\/etako.sk\/eshop\/produkt\/nocny-krem-kolagen\/#primaryimage","url":"https:\/\/i0.wp.com\/etako.sk\/eshop\/wp-content\/uploads\/2025\/06\/13102n3.webp?fit=750%2C750&ssl=1","contentUrl":"https:\/\/i0.wp.com\/etako.sk\/eshop\/wp-content\/uploads\/2025\/06\/13102n3.webp?fit=750%2C750&ssl=1","width":750,"height":750},{"@type":"BreadcrumbList","@id":"https:\/\/etako.sk\/eshop\/produkt\/nocny-krem-kolagen\/#breadcrumb","itemListElement":[{"@type":"ListItem","position":1,"name":"Domovsk\u00e1 str\u00e1nka","item":"https:\/\/etako.sk\/eshop\/"},{"@type":"ListItem","position":2,"name":"Obchod","item":"https:\/\/etako.sk\/eshop\/shop\/"},{"@type":"ListItem","position":3,"name":"No\u010dn\u00fd kr\u00e9m Kolag\u00e9n+"}]},{"@type":"WebSite","@id":"https:\/\/etako.sk\/eshop\/#website","url":"https:\/\/etako.sk\/eshop\/","name":"ETAKO e-shop","description":"Etako","potentialAction":[{"@type":"SearchAction","target":{"@type":"EntryPoint","urlTemplate":"https:\/\/etako.sk\/eshop\/?s={search_term_string}"},"query-input":{"@type":"PropertyValueSpecification","valueRequired":true,"valueName":"search_term_string"}}],"inLanguage":"sk-SK"}]}},"jetpack_sharing_enabled":true,"_links":{"self":[{"href":"https:\/\/etako.sk\/eshop\/wp-json\/wp\/v2\/product\/48527","targetHints":{"allow":["GET"]}}],"collection":[{"href":"https:\/\/etako.sk\/eshop\/wp-json\/wp\/v2\/product"}],"about":[{"href":"https:\/\/etako.sk\/eshop\/wp-json\/wp\/v2\/types\/product"}],"replies":[{"embeddable":true,"href":"https:\/\/etako.sk\/eshop\/wp-json\/wp\/v2\/comments?post=48527"}],"version-history":[{"count":1,"href":"https:\/\/etako.sk\/eshop\/wp-json\/wp\/v2\/product\/48527\/revisions"}],"predecessor-version":[{"id":48529,"href":"https:\/\/etako.sk\/eshop\/wp-json\/wp\/v2\/product\/48527\/revisions\/48529"}],"wp:featuredmedia":[{"embeddable":true,"href":"https:\/\/etako.sk\/eshop\/wp-json\/wp\/v2\/media\/48528"}],"wp:attachment":[{"href":"https:\/\/etako.sk\/eshop\/wp-json\/wp\/v2\/media?parent=48527"}],"wp:term":[{"taxonomy":"product_brand","embeddable":true,"href":"https:\/\/etako.sk\/eshop\/wp-json\/wp\/v2\/product_brand?post=48527"},{"taxonomy":"product_cat","embeddable":true,"href":"https:\/\/etako.sk\/eshop\/wp-json\/wp\/v2\/product_cat?post=48527"},{"taxonomy":"product_tag","embeddable":true,"href":"https:\/\/etako.sk\/eshop\/wp-json\/wp\/v2\/product_tag?post=48527"}],"curies":[{"name":"wp","href":"https:\/\/api.w.org\/{rel}","templated":true}]}}