{"id":48497,"date":"2025-06-19T14:28:19","date_gmt":"2025-06-19T12:28:19","guid":{"rendered":"https:\/\/etako.sk\/eshop\/?post_type=product&#038;p=48497"},"modified":"2025-06-19T14:28:19","modified_gmt":"2025-06-19T12:28:19","slug":"denny-krem-s-kaviarom","status":"publish","type":"product","link":"https:\/\/etako.sk\/eshop\/produkt\/denny-krem-s-kaviarom\/","title":{"rendered":"DENN\u00dd KR\u00c9M S KAVI\u00c1ROM"},"content":{"rendered":"<p>Jemn\u00fd, polomastn\u00fd kr\u00e9m s\u00a0vysok\u00fdm obsahom kavi\u00e1rov\u00e9ho extraktu, avok\u00e1dov\u00e9ho a\u00a0makadamov\u00e9ho oleja na denn\u00fa starostlivos\u0165 o\u00a0ple\u0165. &#8211; chr\u00e1ni pred vplyvmi zne\u010disten\u00e9ho \u017eivotn\u00e9ho prostredia &#8211; zabezpe\u010duje hydrat\u00e1ciu pleti &#8211; napom\u00e1ha vyp\u00edna\u0165 a\u00a0spev\u0148ova\u0165 kont\u00fary pleti &#8211; rozjas\u0148uje ple\u0165 &#8211; zamedzuje vznik vr\u00e1sok &#8211; pre v\u0161etky vekov\u00e9 kateg\u00f3rie a\u00a0typy pleti &#8211; dermatologicky testovan\u00e9<\/p>\n<p>50ml<\/p>\n","protected":false},"excerpt":{"rendered":"<p>Jemn\u00fd, polomastn\u00fd kr\u00e9m s\u00a0vysok\u00fdm obsahom kavi\u00e1rov\u00e9ho extraktu, avok\u00e1dov\u00e9ho a\u00a0makadamov\u00e9ho oleja na denn\u00fa starostlivos\u0165 o\u00a0ple\u0165. &#8211; chr\u00e1ni pred vplyvmi zne\u010disten\u00e9ho \u017eivotn\u00e9ho<\/p>\n","protected":false},"featured_media":48498,"comment_status":"closed","ping_status":"closed","template":"","meta":{"jetpack_publicize_message":"","jetpack_publicize_feature_enabled":true,"jetpack_social_post_already_shared":true,"jetpack_social_options":{"image_generator_settings":{"template":"highway","enabled":false},"version":2}},"product_brand":[],"product_cat":[1865],"product_tag":[],"class_list":{"0":"post-48497","1":"product","2":"type-product","3":"status-publish","4":"has-post-thumbnail","6":"product_cat-denny-krem","7":"product_shipping_class-standard","9":"","10":"instock","11":"taxable","12":"shipping-taxable","13":"purchasable","14":"product-type-simple"},"jetpack_publicize_connections":[],"yoast_head":"<!-- This site is optimized with the Yoast SEO plugin v25.6 - https:\/\/yoast.com\/wordpress\/plugins\/seo\/ -->\n<title>DENN\u00dd KR\u00c9M S KAVI\u00c1ROM - ETAKO e-shop<\/title>\n<meta name=\"robots\" content=\"index, follow, max-snippet:-1, max-image-preview:large, max-video-preview:-1\" \/>\n<link rel=\"canonical\" href=\"https:\/\/etako.sk\/eshop\/produkt\/denny-krem-s-kaviarom\/\" \/>\n<meta name=\"twitter:card\" content=\"summary_large_image\" \/>\n<meta name=\"twitter:title\" content=\"DENN\u00dd KR\u00c9M S KAVI\u00c1ROM - ETAKO e-shop\" \/>\n<meta name=\"twitter:description\" content=\"Jemn\u00fd, polomastn\u00fd kr\u00e9m s\u00a0vysok\u00fdm obsahom kavi\u00e1rov\u00e9ho extraktu, avok\u00e1dov\u00e9ho a\u00a0makadamov\u00e9ho oleja na denn\u00fa starostlivos\u0165 o\u00a0ple\u0165. &#8211; chr\u00e1ni pred vplyvmi zne\u010disten\u00e9ho \u017eivotn\u00e9ho\" \/>\n<meta name=\"twitter:image\" content=\"https:\/\/i0.wp.com\/etako.sk\/eshop\/wp-content\/uploads\/2025\/06\/26310-denni-krem-s-kaviarem.webp?fit=640%2C640&ssl=1\" \/>\n<meta name=\"twitter:label1\" content=\"Predpokladan\u00fd \u010das \u010d\u00edtania\" \/>\n\t<meta name=\"twitter:data1\" content=\"1 min\u00fata\" \/>\n<script type=\"application\/ld+json\" class=\"yoast-schema-graph\">{\"@context\":\"https:\/\/schema.org\",\"@graph\":[{\"@type\":\"WebPage\",\"@id\":\"https:\/\/etako.sk\/eshop\/produkt\/denny-krem-s-kaviarom\/\",\"url\":\"https:\/\/etako.sk\/eshop\/produkt\/denny-krem-s-kaviarom\/\",\"name\":\"DENN\u00dd KR\u00c9M S KAVI\u00c1ROM - ETAKO e-shop\",\"isPartOf\":{\"@id\":\"https:\/\/etako.sk\/eshop\/#website\"},\"primaryImageOfPage\":{\"@id\":\"https:\/\/etako.sk\/eshop\/produkt\/denny-krem-s-kaviarom\/#primaryimage\"},\"image\":{\"@id\":\"https:\/\/etako.sk\/eshop\/produkt\/denny-krem-s-kaviarom\/#primaryimage\"},\"thumbnailUrl\":\"https:\/\/i0.wp.com\/etako.sk\/eshop\/wp-content\/uploads\/2025\/06\/26310-denni-krem-s-kaviarem.webp?fit=640%2C640&ssl=1\",\"datePublished\":\"2025-06-19T12:28:19+00:00\",\"breadcrumb\":{\"@id\":\"https:\/\/etako.sk\/eshop\/produkt\/denny-krem-s-kaviarom\/#breadcrumb\"},\"inLanguage\":\"sk-SK\",\"potentialAction\":[{\"@type\":\"ReadAction\",\"target\":[\"https:\/\/etako.sk\/eshop\/produkt\/denny-krem-s-kaviarom\/\"]}]},{\"@type\":\"ImageObject\",\"inLanguage\":\"sk-SK\",\"@id\":\"https:\/\/etako.sk\/eshop\/produkt\/denny-krem-s-kaviarom\/#primaryimage\",\"url\":\"https:\/\/i0.wp.com\/etako.sk\/eshop\/wp-content\/uploads\/2025\/06\/26310-denni-krem-s-kaviarem.webp?fit=640%2C640&ssl=1\",\"contentUrl\":\"https:\/\/i0.wp.com\/etako.sk\/eshop\/wp-content\/uploads\/2025\/06\/26310-denni-krem-s-kaviarem.webp?fit=640%2C640&ssl=1\",\"width\":640,\"height\":640},{\"@type\":\"BreadcrumbList\",\"@id\":\"https:\/\/etako.sk\/eshop\/produkt\/denny-krem-s-kaviarom\/#breadcrumb\",\"itemListElement\":[{\"@type\":\"ListItem\",\"position\":1,\"name\":\"Domovsk\u00e1 str\u00e1nka\",\"item\":\"https:\/\/etako.sk\/eshop\/\"},{\"@type\":\"ListItem\",\"position\":2,\"name\":\"Obchod\",\"item\":\"https:\/\/etako.sk\/eshop\/shop\/\"},{\"@type\":\"ListItem\",\"position\":3,\"name\":\"DENN\u00dd KR\u00c9M S KAVI\u00c1ROM\"}]},{\"@type\":\"WebSite\",\"@id\":\"https:\/\/etako.sk\/eshop\/#website\",\"url\":\"https:\/\/etako.sk\/eshop\/\",\"name\":\"ETAKO e-shop\",\"description\":\"Etako\",\"potentialAction\":[{\"@type\":\"SearchAction\",\"target\":{\"@type\":\"EntryPoint\",\"urlTemplate\":\"https:\/\/etako.sk\/eshop\/?s={search_term_string}\"},\"query-input\":{\"@type\":\"PropertyValueSpecification\",\"valueRequired\":true,\"valueName\":\"search_term_string\"}}],\"inLanguage\":\"sk-SK\"}]}<\/script>\n<!-- \/ Yoast SEO plugin. -->","yoast_head_json":{"title":"DENN\u00dd KR\u00c9M S KAVI\u00c1ROM - ETAKO e-shop","robots":{"index":"index","follow":"follow","max-snippet":"max-snippet:-1","max-image-preview":"max-image-preview:large","max-video-preview":"max-video-preview:-1"},"canonical":"https:\/\/etako.sk\/eshop\/produkt\/denny-krem-s-kaviarom\/","twitter_card":"summary_large_image","twitter_title":"DENN\u00dd KR\u00c9M S KAVI\u00c1ROM - ETAKO e-shop","twitter_description":"Jemn\u00fd, polomastn\u00fd kr\u00e9m s\u00a0vysok\u00fdm obsahom kavi\u00e1rov\u00e9ho extraktu, avok\u00e1dov\u00e9ho a\u00a0makadamov\u00e9ho oleja na denn\u00fa starostlivos\u0165 o\u00a0ple\u0165. &#8211; chr\u00e1ni pred vplyvmi zne\u010disten\u00e9ho \u017eivotn\u00e9ho","twitter_image":"https:\/\/i0.wp.com\/etako.sk\/eshop\/wp-content\/uploads\/2025\/06\/26310-denni-krem-s-kaviarem.webp?fit=640%2C640&ssl=1","twitter_misc":{"Predpokladan\u00fd \u010das \u010d\u00edtania":"1 min\u00fata"},"schema":{"@context":"https:\/\/schema.org","@graph":[{"@type":"WebPage","@id":"https:\/\/etako.sk\/eshop\/produkt\/denny-krem-s-kaviarom\/","url":"https:\/\/etako.sk\/eshop\/produkt\/denny-krem-s-kaviarom\/","name":"DENN\u00dd KR\u00c9M S KAVI\u00c1ROM - ETAKO e-shop","isPartOf":{"@id":"https:\/\/etako.sk\/eshop\/#website"},"primaryImageOfPage":{"@id":"https:\/\/etako.sk\/eshop\/produkt\/denny-krem-s-kaviarom\/#primaryimage"},"image":{"@id":"https:\/\/etako.sk\/eshop\/produkt\/denny-krem-s-kaviarom\/#primaryimage"},"thumbnailUrl":"https:\/\/i0.wp.com\/etako.sk\/eshop\/wp-content\/uploads\/2025\/06\/26310-denni-krem-s-kaviarem.webp?fit=640%2C640&ssl=1","datePublished":"2025-06-19T12:28:19+00:00","breadcrumb":{"@id":"https:\/\/etako.sk\/eshop\/produkt\/denny-krem-s-kaviarom\/#breadcrumb"},"inLanguage":"sk-SK","potentialAction":[{"@type":"ReadAction","target":["https:\/\/etako.sk\/eshop\/produkt\/denny-krem-s-kaviarom\/"]}]},{"@type":"ImageObject","inLanguage":"sk-SK","@id":"https:\/\/etako.sk\/eshop\/produkt\/denny-krem-s-kaviarom\/#primaryimage","url":"https:\/\/i0.wp.com\/etako.sk\/eshop\/wp-content\/uploads\/2025\/06\/26310-denni-krem-s-kaviarem.webp?fit=640%2C640&ssl=1","contentUrl":"https:\/\/i0.wp.com\/etako.sk\/eshop\/wp-content\/uploads\/2025\/06\/26310-denni-krem-s-kaviarem.webp?fit=640%2C640&ssl=1","width":640,"height":640},{"@type":"BreadcrumbList","@id":"https:\/\/etako.sk\/eshop\/produkt\/denny-krem-s-kaviarom\/#breadcrumb","itemListElement":[{"@type":"ListItem","position":1,"name":"Domovsk\u00e1 str\u00e1nka","item":"https:\/\/etako.sk\/eshop\/"},{"@type":"ListItem","position":2,"name":"Obchod","item":"https:\/\/etako.sk\/eshop\/shop\/"},{"@type":"ListItem","position":3,"name":"DENN\u00dd KR\u00c9M S KAVI\u00c1ROM"}]},{"@type":"WebSite","@id":"https:\/\/etako.sk\/eshop\/#website","url":"https:\/\/etako.sk\/eshop\/","name":"ETAKO e-shop","description":"Etako","potentialAction":[{"@type":"SearchAction","target":{"@type":"EntryPoint","urlTemplate":"https:\/\/etako.sk\/eshop\/?s={search_term_string}"},"query-input":{"@type":"PropertyValueSpecification","valueRequired":true,"valueName":"search_term_string"}}],"inLanguage":"sk-SK"}]}},"jetpack_sharing_enabled":true,"_links":{"self":[{"href":"https:\/\/etako.sk\/eshop\/wp-json\/wp\/v2\/product\/48497","targetHints":{"allow":["GET"]}}],"collection":[{"href":"https:\/\/etako.sk\/eshop\/wp-json\/wp\/v2\/product"}],"about":[{"href":"https:\/\/etako.sk\/eshop\/wp-json\/wp\/v2\/types\/product"}],"replies":[{"embeddable":true,"href":"https:\/\/etako.sk\/eshop\/wp-json\/wp\/v2\/comments?post=48497"}],"version-history":[{"count":1,"href":"https:\/\/etako.sk\/eshop\/wp-json\/wp\/v2\/product\/48497\/revisions"}],"predecessor-version":[{"id":48499,"href":"https:\/\/etako.sk\/eshop\/wp-json\/wp\/v2\/product\/48497\/revisions\/48499"}],"wp:featuredmedia":[{"embeddable":true,"href":"https:\/\/etako.sk\/eshop\/wp-json\/wp\/v2\/media\/48498"}],"wp:attachment":[{"href":"https:\/\/etako.sk\/eshop\/wp-json\/wp\/v2\/media?parent=48497"}],"wp:term":[{"taxonomy":"product_brand","embeddable":true,"href":"https:\/\/etako.sk\/eshop\/wp-json\/wp\/v2\/product_brand?post=48497"},{"taxonomy":"product_cat","embeddable":true,"href":"https:\/\/etako.sk\/eshop\/wp-json\/wp\/v2\/product_cat?post=48497"},{"taxonomy":"product_tag","embeddable":true,"href":"https:\/\/etako.sk\/eshop\/wp-json\/wp\/v2\/product_tag?post=48497"}],"curies":[{"name":"wp","href":"https:\/\/api.w.org\/{rel}","templated":true}]}}