{"id":48483,"date":"2025-06-19T10:27:01","date_gmt":"2025-06-19T08:27:01","guid":{"rendered":"https:\/\/etako.sk\/eshop\/?post_type=product&#038;p=48483"},"modified":"2025-06-19T10:27:01","modified_gmt":"2025-06-19T08:27:01","slug":"zmatnujuci-krem-s-pudrovym-efektom","status":"publish","type":"product","link":"https:\/\/etako.sk\/eshop\/produkt\/zmatnujuci-krem-s-pudrovym-efektom\/","title":{"rendered":"Zmat\u0148uj\u00faci kr\u00e9m s pudrov\u00fdm efektom"},"content":{"rendered":"<p>Zmat\u0148uj\u00faci kr\u00e9m s inovovan\u00fdm zlo\u017een\u00edm na b\u00e1ze organogelu s v\u00fdrazn\u00fdm zmat\u0148uj\u00facim efektom. &#8211; vysok\u00fd obsah mikro\u010dast\u00edc vytv\u00e1ra dokonale matn\u00fd a pudrov\u00fd efekt bez lepiv\u00e9ho pocitu &#8211; emulzia \u00fa\u010dinne absorbuje ko\u017en\u00fd maz &#8211; \u013eahk\u00e1, ve\u013emi \u013eahko roztierate\u013en\u00e1 emulzia, ktor\u00e1 v\u010faka jedine\u010dn\u00e9mu zlo\u017eeniu optim\u00e1lne hydratuje ple\u0165 &#8211; extrakt z pr\u00edmorsk\u00e9ho harman\u010deka poko\u017eku upokojuje, spev\u0148uje a chr\u00e1ni proti vo\u013en\u00fdm radik\u00e1lom &#8211; vhodn\u00e9 pre norm\u00e1lnu, zmie\u0161an\u00fa, mastn\u00fa a akn\u00f3znu ple\u0165<\/p>\n","protected":false},"excerpt":{"rendered":"<p>Zmat\u0148uj\u00faci kr\u00e9m s inovovan\u00fdm zlo\u017een\u00edm na b\u00e1ze organogelu s v\u00fdrazn\u00fdm zmat\u0148uj\u00facim efektom. &#8211; vysok\u00fd obsah mikro\u010dast\u00edc vytv\u00e1ra dokonale matn\u00fd a<\/p>\n","protected":false},"featured_media":48484,"comment_status":"closed","ping_status":"closed","template":"","meta":{"jetpack_publicize_message":"","jetpack_publicize_feature_enabled":true,"jetpack_social_post_already_shared":true,"jetpack_social_options":{"image_generator_settings":{"template":"highway","enabled":false},"version":2}},"product_brand":[],"product_cat":[1864,1865],"product_tag":[],"class_list":{"0":"post-48483","1":"product","2":"type-product","3":"status-publish","4":"has-post-thumbnail","6":"product_cat-dekorativna-kozmetika","7":"product_cat-denny-krem","8":"product_shipping_class-standard","10":"","11":"instock","12":"taxable","13":"shipping-taxable","14":"purchasable","15":"product-type-simple"},"jetpack_publicize_connections":[],"yoast_head":"<!-- This site is optimized with the Yoast SEO plugin v25.6 - https:\/\/yoast.com\/wordpress\/plugins\/seo\/ -->\n<title>Zmat\u0148uj\u00faci kr\u00e9m s pudrov\u00fdm efektom - ETAKO e-shop<\/title>\n<meta name=\"robots\" content=\"index, follow, max-snippet:-1, max-image-preview:large, max-video-preview:-1\" \/>\n<link rel=\"canonical\" href=\"https:\/\/etako.sk\/eshop\/produkt\/zmatnujuci-krem-s-pudrovym-efektom\/\" \/>\n<meta name=\"twitter:card\" content=\"summary_large_image\" \/>\n<meta name=\"twitter:title\" content=\"Zmat\u0148uj\u00faci kr\u00e9m s pudrov\u00fdm efektom - ETAKO e-shop\" \/>\n<meta name=\"twitter:description\" content=\"Zmat\u0148uj\u00faci kr\u00e9m s inovovan\u00fdm zlo\u017een\u00edm na b\u00e1ze organogelu s v\u00fdrazn\u00fdm zmat\u0148uj\u00facim efektom. &#8211; vysok\u00fd obsah mikro\u010dast\u00edc vytv\u00e1ra dokonale matn\u00fd a\" \/>\n<meta name=\"twitter:image\" content=\"https:\/\/i0.wp.com\/etako.sk\/eshop\/wp-content\/uploads\/2025\/06\/14009-matujici-krem-s-pudrovym-efektem.webp?fit=750%2C750&ssl=1\" \/>\n<meta name=\"twitter:label1\" content=\"Predpokladan\u00fd \u010das \u010d\u00edtania\" \/>\n\t<meta name=\"twitter:data1\" content=\"1 min\u00fata\" \/>\n<script type=\"application\/ld+json\" class=\"yoast-schema-graph\">{\"@context\":\"https:\/\/schema.org\",\"@graph\":[{\"@type\":\"WebPage\",\"@id\":\"https:\/\/etako.sk\/eshop\/produkt\/zmatnujuci-krem-s-pudrovym-efektom\/\",\"url\":\"https:\/\/etako.sk\/eshop\/produkt\/zmatnujuci-krem-s-pudrovym-efektom\/\",\"name\":\"Zmat\u0148uj\u00faci kr\u00e9m s pudrov\u00fdm efektom - ETAKO e-shop\",\"isPartOf\":{\"@id\":\"https:\/\/etako.sk\/eshop\/#website\"},\"primaryImageOfPage\":{\"@id\":\"https:\/\/etako.sk\/eshop\/produkt\/zmatnujuci-krem-s-pudrovym-efektom\/#primaryimage\"},\"image\":{\"@id\":\"https:\/\/etako.sk\/eshop\/produkt\/zmatnujuci-krem-s-pudrovym-efektom\/#primaryimage\"},\"thumbnailUrl\":\"https:\/\/i0.wp.com\/etako.sk\/eshop\/wp-content\/uploads\/2025\/06\/14009-matujici-krem-s-pudrovym-efektem.webp?fit=750%2C750&ssl=1\",\"datePublished\":\"2025-06-19T08:27:01+00:00\",\"breadcrumb\":{\"@id\":\"https:\/\/etako.sk\/eshop\/produkt\/zmatnujuci-krem-s-pudrovym-efektom\/#breadcrumb\"},\"inLanguage\":\"sk-SK\",\"potentialAction\":[{\"@type\":\"ReadAction\",\"target\":[\"https:\/\/etako.sk\/eshop\/produkt\/zmatnujuci-krem-s-pudrovym-efektom\/\"]}]},{\"@type\":\"ImageObject\",\"inLanguage\":\"sk-SK\",\"@id\":\"https:\/\/etako.sk\/eshop\/produkt\/zmatnujuci-krem-s-pudrovym-efektom\/#primaryimage\",\"url\":\"https:\/\/i0.wp.com\/etako.sk\/eshop\/wp-content\/uploads\/2025\/06\/14009-matujici-krem-s-pudrovym-efektem.webp?fit=750%2C750&ssl=1\",\"contentUrl\":\"https:\/\/i0.wp.com\/etako.sk\/eshop\/wp-content\/uploads\/2025\/06\/14009-matujici-krem-s-pudrovym-efektem.webp?fit=750%2C750&ssl=1\",\"width\":750,\"height\":750},{\"@type\":\"BreadcrumbList\",\"@id\":\"https:\/\/etako.sk\/eshop\/produkt\/zmatnujuci-krem-s-pudrovym-efektom\/#breadcrumb\",\"itemListElement\":[{\"@type\":\"ListItem\",\"position\":1,\"name\":\"Domovsk\u00e1 str\u00e1nka\",\"item\":\"https:\/\/etako.sk\/eshop\/\"},{\"@type\":\"ListItem\",\"position\":2,\"name\":\"Obchod\",\"item\":\"https:\/\/etako.sk\/eshop\/shop\/\"},{\"@type\":\"ListItem\",\"position\":3,\"name\":\"Zmat\u0148uj\u00faci kr\u00e9m s pudrov\u00fdm efektom\"}]},{\"@type\":\"WebSite\",\"@id\":\"https:\/\/etako.sk\/eshop\/#website\",\"url\":\"https:\/\/etako.sk\/eshop\/\",\"name\":\"ETAKO e-shop\",\"description\":\"Etako\",\"potentialAction\":[{\"@type\":\"SearchAction\",\"target\":{\"@type\":\"EntryPoint\",\"urlTemplate\":\"https:\/\/etako.sk\/eshop\/?s={search_term_string}\"},\"query-input\":{\"@type\":\"PropertyValueSpecification\",\"valueRequired\":true,\"valueName\":\"search_term_string\"}}],\"inLanguage\":\"sk-SK\"}]}<\/script>\n<!-- \/ Yoast SEO plugin. -->","yoast_head_json":{"title":"Zmat\u0148uj\u00faci kr\u00e9m s pudrov\u00fdm efektom - ETAKO e-shop","robots":{"index":"index","follow":"follow","max-snippet":"max-snippet:-1","max-image-preview":"max-image-preview:large","max-video-preview":"max-video-preview:-1"},"canonical":"https:\/\/etako.sk\/eshop\/produkt\/zmatnujuci-krem-s-pudrovym-efektom\/","twitter_card":"summary_large_image","twitter_title":"Zmat\u0148uj\u00faci kr\u00e9m s pudrov\u00fdm efektom - ETAKO e-shop","twitter_description":"Zmat\u0148uj\u00faci kr\u00e9m s inovovan\u00fdm zlo\u017een\u00edm na b\u00e1ze organogelu s v\u00fdrazn\u00fdm zmat\u0148uj\u00facim efektom. &#8211; vysok\u00fd obsah mikro\u010dast\u00edc vytv\u00e1ra dokonale matn\u00fd a","twitter_image":"https:\/\/i0.wp.com\/etako.sk\/eshop\/wp-content\/uploads\/2025\/06\/14009-matujici-krem-s-pudrovym-efektem.webp?fit=750%2C750&ssl=1","twitter_misc":{"Predpokladan\u00fd \u010das \u010d\u00edtania":"1 min\u00fata"},"schema":{"@context":"https:\/\/schema.org","@graph":[{"@type":"WebPage","@id":"https:\/\/etako.sk\/eshop\/produkt\/zmatnujuci-krem-s-pudrovym-efektom\/","url":"https:\/\/etako.sk\/eshop\/produkt\/zmatnujuci-krem-s-pudrovym-efektom\/","name":"Zmat\u0148uj\u00faci kr\u00e9m s pudrov\u00fdm efektom - ETAKO e-shop","isPartOf":{"@id":"https:\/\/etako.sk\/eshop\/#website"},"primaryImageOfPage":{"@id":"https:\/\/etako.sk\/eshop\/produkt\/zmatnujuci-krem-s-pudrovym-efektom\/#primaryimage"},"image":{"@id":"https:\/\/etako.sk\/eshop\/produkt\/zmatnujuci-krem-s-pudrovym-efektom\/#primaryimage"},"thumbnailUrl":"https:\/\/i0.wp.com\/etako.sk\/eshop\/wp-content\/uploads\/2025\/06\/14009-matujici-krem-s-pudrovym-efektem.webp?fit=750%2C750&ssl=1","datePublished":"2025-06-19T08:27:01+00:00","breadcrumb":{"@id":"https:\/\/etako.sk\/eshop\/produkt\/zmatnujuci-krem-s-pudrovym-efektom\/#breadcrumb"},"inLanguage":"sk-SK","potentialAction":[{"@type":"ReadAction","target":["https:\/\/etako.sk\/eshop\/produkt\/zmatnujuci-krem-s-pudrovym-efektom\/"]}]},{"@type":"ImageObject","inLanguage":"sk-SK","@id":"https:\/\/etako.sk\/eshop\/produkt\/zmatnujuci-krem-s-pudrovym-efektom\/#primaryimage","url":"https:\/\/i0.wp.com\/etako.sk\/eshop\/wp-content\/uploads\/2025\/06\/14009-matujici-krem-s-pudrovym-efektem.webp?fit=750%2C750&ssl=1","contentUrl":"https:\/\/i0.wp.com\/etako.sk\/eshop\/wp-content\/uploads\/2025\/06\/14009-matujici-krem-s-pudrovym-efektem.webp?fit=750%2C750&ssl=1","width":750,"height":750},{"@type":"BreadcrumbList","@id":"https:\/\/etako.sk\/eshop\/produkt\/zmatnujuci-krem-s-pudrovym-efektom\/#breadcrumb","itemListElement":[{"@type":"ListItem","position":1,"name":"Domovsk\u00e1 str\u00e1nka","item":"https:\/\/etako.sk\/eshop\/"},{"@type":"ListItem","position":2,"name":"Obchod","item":"https:\/\/etako.sk\/eshop\/shop\/"},{"@type":"ListItem","position":3,"name":"Zmat\u0148uj\u00faci kr\u00e9m s pudrov\u00fdm efektom"}]},{"@type":"WebSite","@id":"https:\/\/etako.sk\/eshop\/#website","url":"https:\/\/etako.sk\/eshop\/","name":"ETAKO e-shop","description":"Etako","potentialAction":[{"@type":"SearchAction","target":{"@type":"EntryPoint","urlTemplate":"https:\/\/etako.sk\/eshop\/?s={search_term_string}"},"query-input":{"@type":"PropertyValueSpecification","valueRequired":true,"valueName":"search_term_string"}}],"inLanguage":"sk-SK"}]}},"jetpack_sharing_enabled":true,"_links":{"self":[{"href":"https:\/\/etako.sk\/eshop\/wp-json\/wp\/v2\/product\/48483","targetHints":{"allow":["GET"]}}],"collection":[{"href":"https:\/\/etako.sk\/eshop\/wp-json\/wp\/v2\/product"}],"about":[{"href":"https:\/\/etako.sk\/eshop\/wp-json\/wp\/v2\/types\/product"}],"replies":[{"embeddable":true,"href":"https:\/\/etako.sk\/eshop\/wp-json\/wp\/v2\/comments?post=48483"}],"version-history":[{"count":2,"href":"https:\/\/etako.sk\/eshop\/wp-json\/wp\/v2\/product\/48483\/revisions"}],"predecessor-version":[{"id":48486,"href":"https:\/\/etako.sk\/eshop\/wp-json\/wp\/v2\/product\/48483\/revisions\/48486"}],"wp:featuredmedia":[{"embeddable":true,"href":"https:\/\/etako.sk\/eshop\/wp-json\/wp\/v2\/media\/48484"}],"wp:attachment":[{"href":"https:\/\/etako.sk\/eshop\/wp-json\/wp\/v2\/media?parent=48483"}],"wp:term":[{"taxonomy":"product_brand","embeddable":true,"href":"https:\/\/etako.sk\/eshop\/wp-json\/wp\/v2\/product_brand?post=48483"},{"taxonomy":"product_cat","embeddable":true,"href":"https:\/\/etako.sk\/eshop\/wp-json\/wp\/v2\/product_cat?post=48483"},{"taxonomy":"product_tag","embeddable":true,"href":"https:\/\/etako.sk\/eshop\/wp-json\/wp\/v2\/product_tag?post=48483"}],"curies":[{"name":"wp","href":"https:\/\/api.w.org\/{rel}","templated":true}]}}