{"id":14695,"date":"2024-02-02T12:28:20","date_gmt":"2024-02-02T10:28:20","guid":{"rendered":"https:\/\/etako.sk\/eshop\/?post_type=product&#038;p=14695"},"modified":"2025-07-16T14:46:42","modified_gmt":"2025-07-16T12:46:42","slug":"taska-nakupna-zvieratka","status":"publish","type":"product","link":"https:\/\/etako.sk\/eshop\/produkt\/taska-nakupna-zvieratka\/","title":{"rendered":"Ta\u0161ka n\u00e1kupn\u00e1 zvieratk\u00e1"},"content":{"rendered":"<p>Ta\u0161ka z pevn\u00e9ho materi\u00e1lu vhodn\u00e1 na plece a do ruky, nosnos\u0165 do 10 kg,kvalitn\u00e9 vypracovanie.<br \/>\nV\u00fd\u0161ka 37cm, \u0161\u00edrka: 35 cm<\/p>\n","protected":false},"excerpt":{"rendered":"<p>Ta\u0161ka z pevn\u00e9ho materi\u00e1lu vhodn\u00e1 na plece a do ruky, nosnos\u0165 do 10 kg,kvalitn\u00e9 vypracovanie. V\u00fd\u0161ka 37cm, \u0161\u00edrka: 35 cm<\/p>\n","protected":false},"featured_media":14696,"comment_status":"closed","ping_status":"closed","template":"","meta":{"jetpack_publicize_message":"","jetpack_publicize_feature_enabled":true,"jetpack_social_post_already_shared":true,"jetpack_social_options":{"image_generator_settings":{"template":"highway","enabled":false},"version":2}},"product_brand":[],"product_cat":[612,604],"product_tag":[],"class_list":{"0":"post-14695","1":"product","2":"type-product","3":"status-publish","4":"has-post-thumbnail","6":"product_cat-taska","7":"product_cat-vlastna-vyroba-hand-made","8":"product_shipping_class-standard","10":"","11":"instock","12":"taxable","13":"shipping-taxable","14":"purchasable","15":"product-type-simple"},"jetpack_publicize_connections":[],"yoast_head":"<!-- This site is optimized with the Yoast SEO plugin v25.6 - https:\/\/yoast.com\/wordpress\/plugins\/seo\/ -->\n<title>Ta\u0161ka n\u00e1kupn\u00e1 zvieratk\u00e1 - ETAKO e-shop<\/title>\n<meta name=\"robots\" content=\"index, follow, max-snippet:-1, max-image-preview:large, max-video-preview:-1\" \/>\n<link rel=\"canonical\" href=\"https:\/\/etako.sk\/eshop\/produkt\/taska-nakupna-zvieratka\/\" \/>\n<meta name=\"twitter:card\" content=\"summary_large_image\" \/>\n<meta name=\"twitter:title\" content=\"Ta\u0161ka n\u00e1kupn\u00e1 zvieratk\u00e1 - ETAKO e-shop\" \/>\n<meta name=\"twitter:description\" content=\"Ta\u0161ka z pevn\u00e9ho materi\u00e1lu vhodn\u00e1 na plece a do ruky, nosnos\u0165 do 10 kg,kvalitn\u00e9 vypracovanie. V\u00fd\u0161ka 37cm, \u0161\u00edrka: 35 cm\" \/>\n<meta name=\"twitter:image\" content=\"https:\/\/i0.wp.com\/etako.sk\/eshop\/wp-content\/uploads\/2024\/02\/uIfCyiZXOUt_s460xn.jpg?fit=460%2C345&ssl=1\" \/>\n<meta name=\"twitter:label1\" content=\"Predpokladan\u00fd \u010das \u010d\u00edtania\" \/>\n\t<meta name=\"twitter:data1\" content=\"1 min\u00fata\" \/>\n<script type=\"application\/ld+json\" class=\"yoast-schema-graph\">{\"@context\":\"https:\/\/schema.org\",\"@graph\":[{\"@type\":\"WebPage\",\"@id\":\"https:\/\/etako.sk\/eshop\/produkt\/taska-nakupna-zvieratka\/\",\"url\":\"https:\/\/etako.sk\/eshop\/produkt\/taska-nakupna-zvieratka\/\",\"name\":\"Ta\u0161ka n\u00e1kupn\u00e1 zvieratk\u00e1 - ETAKO e-shop\",\"isPartOf\":{\"@id\":\"https:\/\/etako.sk\/eshop\/#website\"},\"primaryImageOfPage\":{\"@id\":\"https:\/\/etako.sk\/eshop\/produkt\/taska-nakupna-zvieratka\/#primaryimage\"},\"image\":{\"@id\":\"https:\/\/etako.sk\/eshop\/produkt\/taska-nakupna-zvieratka\/#primaryimage\"},\"thumbnailUrl\":\"https:\/\/i0.wp.com\/etako.sk\/eshop\/wp-content\/uploads\/2024\/02\/uIfCyiZXOUt_s460xn.jpg?fit=460%2C345&ssl=1\",\"datePublished\":\"2024-02-02T10:28:20+00:00\",\"dateModified\":\"2025-07-16T12:46:42+00:00\",\"breadcrumb\":{\"@id\":\"https:\/\/etako.sk\/eshop\/produkt\/taska-nakupna-zvieratka\/#breadcrumb\"},\"inLanguage\":\"sk-SK\",\"potentialAction\":[{\"@type\":\"ReadAction\",\"target\":[\"https:\/\/etako.sk\/eshop\/produkt\/taska-nakupna-zvieratka\/\"]}]},{\"@type\":\"ImageObject\",\"inLanguage\":\"sk-SK\",\"@id\":\"https:\/\/etako.sk\/eshop\/produkt\/taska-nakupna-zvieratka\/#primaryimage\",\"url\":\"https:\/\/i0.wp.com\/etako.sk\/eshop\/wp-content\/uploads\/2024\/02\/uIfCyiZXOUt_s460xn.jpg?fit=460%2C345&ssl=1\",\"contentUrl\":\"https:\/\/i0.wp.com\/etako.sk\/eshop\/wp-content\/uploads\/2024\/02\/uIfCyiZXOUt_s460xn.jpg?fit=460%2C345&ssl=1\",\"width\":460,\"height\":345},{\"@type\":\"BreadcrumbList\",\"@id\":\"https:\/\/etako.sk\/eshop\/produkt\/taska-nakupna-zvieratka\/#breadcrumb\",\"itemListElement\":[{\"@type\":\"ListItem\",\"position\":1,\"name\":\"Domovsk\u00e1 str\u00e1nka\",\"item\":\"https:\/\/etako.sk\/eshop\/\"},{\"@type\":\"ListItem\",\"position\":2,\"name\":\"Obchod\",\"item\":\"https:\/\/etako.sk\/eshop\/shop\/\"},{\"@type\":\"ListItem\",\"position\":3,\"name\":\"Ta\u0161ka n\u00e1kupn\u00e1 zvieratk\u00e1\"}]},{\"@type\":\"WebSite\",\"@id\":\"https:\/\/etako.sk\/eshop\/#website\",\"url\":\"https:\/\/etako.sk\/eshop\/\",\"name\":\"ETAKO e-shop\",\"description\":\"Etako\",\"potentialAction\":[{\"@type\":\"SearchAction\",\"target\":{\"@type\":\"EntryPoint\",\"urlTemplate\":\"https:\/\/etako.sk\/eshop\/?s={search_term_string}\"},\"query-input\":{\"@type\":\"PropertyValueSpecification\",\"valueRequired\":true,\"valueName\":\"search_term_string\"}}],\"inLanguage\":\"sk-SK\"}]}<\/script>\n<!-- \/ Yoast SEO plugin. -->","yoast_head_json":{"title":"Ta\u0161ka n\u00e1kupn\u00e1 zvieratk\u00e1 - ETAKO e-shop","robots":{"index":"index","follow":"follow","max-snippet":"max-snippet:-1","max-image-preview":"max-image-preview:large","max-video-preview":"max-video-preview:-1"},"canonical":"https:\/\/etako.sk\/eshop\/produkt\/taska-nakupna-zvieratka\/","twitter_card":"summary_large_image","twitter_title":"Ta\u0161ka n\u00e1kupn\u00e1 zvieratk\u00e1 - ETAKO e-shop","twitter_description":"Ta\u0161ka z pevn\u00e9ho materi\u00e1lu vhodn\u00e1 na plece a do ruky, nosnos\u0165 do 10 kg,kvalitn\u00e9 vypracovanie. V\u00fd\u0161ka 37cm, \u0161\u00edrka: 35 cm","twitter_image":"https:\/\/i0.wp.com\/etako.sk\/eshop\/wp-content\/uploads\/2024\/02\/uIfCyiZXOUt_s460xn.jpg?fit=460%2C345&ssl=1","twitter_misc":{"Predpokladan\u00fd \u010das \u010d\u00edtania":"1 min\u00fata"},"schema":{"@context":"https:\/\/schema.org","@graph":[{"@type":"WebPage","@id":"https:\/\/etako.sk\/eshop\/produkt\/taska-nakupna-zvieratka\/","url":"https:\/\/etako.sk\/eshop\/produkt\/taska-nakupna-zvieratka\/","name":"Ta\u0161ka n\u00e1kupn\u00e1 zvieratk\u00e1 - ETAKO e-shop","isPartOf":{"@id":"https:\/\/etako.sk\/eshop\/#website"},"primaryImageOfPage":{"@id":"https:\/\/etako.sk\/eshop\/produkt\/taska-nakupna-zvieratka\/#primaryimage"},"image":{"@id":"https:\/\/etako.sk\/eshop\/produkt\/taska-nakupna-zvieratka\/#primaryimage"},"thumbnailUrl":"https:\/\/i0.wp.com\/etako.sk\/eshop\/wp-content\/uploads\/2024\/02\/uIfCyiZXOUt_s460xn.jpg?fit=460%2C345&ssl=1","datePublished":"2024-02-02T10:28:20+00:00","dateModified":"2025-07-16T12:46:42+00:00","breadcrumb":{"@id":"https:\/\/etako.sk\/eshop\/produkt\/taska-nakupna-zvieratka\/#breadcrumb"},"inLanguage":"sk-SK","potentialAction":[{"@type":"ReadAction","target":["https:\/\/etako.sk\/eshop\/produkt\/taska-nakupna-zvieratka\/"]}]},{"@type":"ImageObject","inLanguage":"sk-SK","@id":"https:\/\/etako.sk\/eshop\/produkt\/taska-nakupna-zvieratka\/#primaryimage","url":"https:\/\/i0.wp.com\/etako.sk\/eshop\/wp-content\/uploads\/2024\/02\/uIfCyiZXOUt_s460xn.jpg?fit=460%2C345&ssl=1","contentUrl":"https:\/\/i0.wp.com\/etako.sk\/eshop\/wp-content\/uploads\/2024\/02\/uIfCyiZXOUt_s460xn.jpg?fit=460%2C345&ssl=1","width":460,"height":345},{"@type":"BreadcrumbList","@id":"https:\/\/etako.sk\/eshop\/produkt\/taska-nakupna-zvieratka\/#breadcrumb","itemListElement":[{"@type":"ListItem","position":1,"name":"Domovsk\u00e1 str\u00e1nka","item":"https:\/\/etako.sk\/eshop\/"},{"@type":"ListItem","position":2,"name":"Obchod","item":"https:\/\/etako.sk\/eshop\/shop\/"},{"@type":"ListItem","position":3,"name":"Ta\u0161ka n\u00e1kupn\u00e1 zvieratk\u00e1"}]},{"@type":"WebSite","@id":"https:\/\/etako.sk\/eshop\/#website","url":"https:\/\/etako.sk\/eshop\/","name":"ETAKO e-shop","description":"Etako","potentialAction":[{"@type":"SearchAction","target":{"@type":"EntryPoint","urlTemplate":"https:\/\/etako.sk\/eshop\/?s={search_term_string}"},"query-input":{"@type":"PropertyValueSpecification","valueRequired":true,"valueName":"search_term_string"}}],"inLanguage":"sk-SK"}]}},"jetpack_sharing_enabled":true,"_links":{"self":[{"href":"https:\/\/etako.sk\/eshop\/wp-json\/wp\/v2\/product\/14695","targetHints":{"allow":["GET"]}}],"collection":[{"href":"https:\/\/etako.sk\/eshop\/wp-json\/wp\/v2\/product"}],"about":[{"href":"https:\/\/etako.sk\/eshop\/wp-json\/wp\/v2\/types\/product"}],"replies":[{"embeddable":true,"href":"https:\/\/etako.sk\/eshop\/wp-json\/wp\/v2\/comments?post=14695"}],"version-history":[{"count":1,"href":"https:\/\/etako.sk\/eshop\/wp-json\/wp\/v2\/product\/14695\/revisions"}],"predecessor-version":[{"id":14697,"href":"https:\/\/etako.sk\/eshop\/wp-json\/wp\/v2\/product\/14695\/revisions\/14697"}],"wp:featuredmedia":[{"embeddable":true,"href":"https:\/\/etako.sk\/eshop\/wp-json\/wp\/v2\/media\/14696"}],"wp:attachment":[{"href":"https:\/\/etako.sk\/eshop\/wp-json\/wp\/v2\/media?parent=14695"}],"wp:term":[{"taxonomy":"product_brand","embeddable":true,"href":"https:\/\/etako.sk\/eshop\/wp-json\/wp\/v2\/product_brand?post=14695"},{"taxonomy":"product_cat","embeddable":true,"href":"https:\/\/etako.sk\/eshop\/wp-json\/wp\/v2\/product_cat?post=14695"},{"taxonomy":"product_tag","embeddable":true,"href":"https:\/\/etako.sk\/eshop\/wp-json\/wp\/v2\/product_tag?post=14695"}],"curies":[{"name":"wp","href":"https:\/\/api.w.org\/{rel}","templated":true}]}}