{"id":14599,"date":"2023-12-03T17:56:16","date_gmt":"2023-12-03T15:56:16","guid":{"rendered":"https:\/\/etako.sk\/eshop\/produkt\/vankusik-macicka\/"},"modified":"2023-12-03T17:56:44","modified_gmt":"2023-12-03T15:56:44","slug":"vankusik-macicka","status":"publish","type":"product","link":"https:\/\/etako.sk\/eshop\/produkt\/vankusik-macicka\/","title":{"rendered":"Vank\u00fa\u0161ik ma\u010di\u010dka"},"content":{"rendered":"<p>Ru\u010dne \u0161it\u00fd vank\u00fa\u0161ik,  v\u00fdpl\u0148 je dut\u00e9 vl\u00e1kno. Po\u0165ah sa d\u00e1 da\u0165 dolu a pra\u0165 na 30 stup\u0148ov,  vzadu je such\u00fd zips na zap\u00ednanie. D\u013a\u017eka 45 cm, \u0161\u00edrka 21 cm. Materi\u00e1l 100 % bavlna.<\/p>\n","protected":false},"excerpt":{"rendered":"<p>Ru\u010dne \u0161it\u00fd vank\u00fa\u0161ik, v\u00fdpl\u0148 je dut\u00e9 vl\u00e1kno. Po\u0165ah sa d\u00e1 da\u0165 dolu a pra\u0165 na 30 stup\u0148ov, vzadu je such\u00fd<\/p>\n","protected":false},"featured_media":14597,"comment_status":"open","ping_status":"closed","template":"","meta":{"jetpack_publicize_message":"","jetpack_publicize_feature_enabled":true,"jetpack_social_post_already_shared":true,"jetpack_social_options":{"image_generator_settings":{"template":"highway","enabled":false},"version":2}},"product_brand":[],"product_cat":[872,604],"product_tag":[],"class_list":{"0":"post-14599","1":"product","2":"type-product","3":"status-publish","4":"has-post-thumbnail","6":"product_cat-vankus","7":"product_cat-vlastna-vyroba-hand-made","8":"product_shipping_class-standard","10":"","11":"instock","12":"taxable","13":"shipping-taxable","14":"purchasable","15":"product-type-simple"},"jetpack_publicize_connections":[],"yoast_head":"<!-- This site is optimized with the Yoast SEO plugin v25.6 - https:\/\/yoast.com\/wordpress\/plugins\/seo\/ -->\n<title>Vank\u00fa\u0161ik ma\u010di\u010dka - ETAKO e-shop<\/title>\n<meta name=\"robots\" content=\"index, follow, max-snippet:-1, max-image-preview:large, max-video-preview:-1\" \/>\n<link rel=\"canonical\" href=\"https:\/\/etako.sk\/eshop\/produkt\/vankusik-macicka\/\" \/>\n<meta name=\"twitter:card\" content=\"summary_large_image\" \/>\n<meta name=\"twitter:title\" content=\"Vank\u00fa\u0161ik ma\u010di\u010dka - ETAKO e-shop\" \/>\n<meta name=\"twitter:description\" content=\"Ru\u010dne \u0161it\u00fd vank\u00fa\u0161ik, v\u00fdpl\u0148 je dut\u00e9 vl\u00e1kno. Po\u0165ah sa d\u00e1 da\u0165 dolu a pra\u0165 na 30 stup\u0148ov, vzadu je such\u00fd\" \/>\n<script type=\"application\/ld+json\" class=\"yoast-schema-graph\">{\"@context\":\"https:\/\/schema.org\",\"@graph\":[{\"@type\":\"WebPage\",\"@id\":\"https:\/\/etako.sk\/eshop\/produkt\/vankusik-macicka\/\",\"url\":\"https:\/\/etako.sk\/eshop\/produkt\/vankusik-macicka\/\",\"name\":\"Vank\u00fa\u0161ik ma\u010di\u010dka - ETAKO e-shop\",\"isPartOf\":{\"@id\":\"https:\/\/etako.sk\/eshop\/#website\"},\"primaryImageOfPage\":{\"@id\":\"https:\/\/etako.sk\/eshop\/produkt\/vankusik-macicka\/#primaryimage\"},\"image\":{\"@id\":\"https:\/\/etako.sk\/eshop\/produkt\/vankusik-macicka\/#primaryimage\"},\"thumbnailUrl\":\"https:\/\/i0.wp.com\/etako.sk\/eshop\/wp-content\/uploads\/2023\/12\/1000015450-2-scaled.jpg?fit=1920%2C2560&ssl=1\",\"datePublished\":\"2023-12-03T15:56:16+00:00\",\"dateModified\":\"2023-12-03T15:56:44+00:00\",\"breadcrumb\":{\"@id\":\"https:\/\/etako.sk\/eshop\/produkt\/vankusik-macicka\/#breadcrumb\"},\"inLanguage\":\"sk-SK\",\"potentialAction\":[{\"@type\":\"ReadAction\",\"target\":[\"https:\/\/etako.sk\/eshop\/produkt\/vankusik-macicka\/\"]}]},{\"@type\":\"ImageObject\",\"inLanguage\":\"sk-SK\",\"@id\":\"https:\/\/etako.sk\/eshop\/produkt\/vankusik-macicka\/#primaryimage\",\"url\":\"https:\/\/i0.wp.com\/etako.sk\/eshop\/wp-content\/uploads\/2023\/12\/1000015450-2-scaled.jpg?fit=1920%2C2560&ssl=1\",\"contentUrl\":\"https:\/\/i0.wp.com\/etako.sk\/eshop\/wp-content\/uploads\/2023\/12\/1000015450-2-scaled.jpg?fit=1920%2C2560&ssl=1\",\"width\":1920,\"height\":2560},{\"@type\":\"BreadcrumbList\",\"@id\":\"https:\/\/etako.sk\/eshop\/produkt\/vankusik-macicka\/#breadcrumb\",\"itemListElement\":[{\"@type\":\"ListItem\",\"position\":1,\"name\":\"Domovsk\u00e1 str\u00e1nka\",\"item\":\"https:\/\/etako.sk\/eshop\/\"},{\"@type\":\"ListItem\",\"position\":2,\"name\":\"Obchod\",\"item\":\"https:\/\/etako.sk\/eshop\/shop\/\"},{\"@type\":\"ListItem\",\"position\":3,\"name\":\"Vank\u00fa\u0161ik ma\u010di\u010dka\"}]},{\"@type\":\"WebSite\",\"@id\":\"https:\/\/etako.sk\/eshop\/#website\",\"url\":\"https:\/\/etako.sk\/eshop\/\",\"name\":\"ETAKO e-shop\",\"description\":\"Etako\",\"potentialAction\":[{\"@type\":\"SearchAction\",\"target\":{\"@type\":\"EntryPoint\",\"urlTemplate\":\"https:\/\/etako.sk\/eshop\/?s={search_term_string}\"},\"query-input\":{\"@type\":\"PropertyValueSpecification\",\"valueRequired\":true,\"valueName\":\"search_term_string\"}}],\"inLanguage\":\"sk-SK\"}]}<\/script>\n<!-- \/ Yoast SEO plugin. -->","yoast_head_json":{"title":"Vank\u00fa\u0161ik ma\u010di\u010dka - ETAKO e-shop","robots":{"index":"index","follow":"follow","max-snippet":"max-snippet:-1","max-image-preview":"max-image-preview:large","max-video-preview":"max-video-preview:-1"},"canonical":"https:\/\/etako.sk\/eshop\/produkt\/vankusik-macicka\/","twitter_card":"summary_large_image","twitter_title":"Vank\u00fa\u0161ik ma\u010di\u010dka - ETAKO e-shop","twitter_description":"Ru\u010dne \u0161it\u00fd vank\u00fa\u0161ik, v\u00fdpl\u0148 je dut\u00e9 vl\u00e1kno. Po\u0165ah sa d\u00e1 da\u0165 dolu a pra\u0165 na 30 stup\u0148ov, vzadu je such\u00fd","schema":{"@context":"https:\/\/schema.org","@graph":[{"@type":"WebPage","@id":"https:\/\/etako.sk\/eshop\/produkt\/vankusik-macicka\/","url":"https:\/\/etako.sk\/eshop\/produkt\/vankusik-macicka\/","name":"Vank\u00fa\u0161ik ma\u010di\u010dka - ETAKO e-shop","isPartOf":{"@id":"https:\/\/etako.sk\/eshop\/#website"},"primaryImageOfPage":{"@id":"https:\/\/etako.sk\/eshop\/produkt\/vankusik-macicka\/#primaryimage"},"image":{"@id":"https:\/\/etako.sk\/eshop\/produkt\/vankusik-macicka\/#primaryimage"},"thumbnailUrl":"https:\/\/i0.wp.com\/etako.sk\/eshop\/wp-content\/uploads\/2023\/12\/1000015450-2-scaled.jpg?fit=1920%2C2560&ssl=1","datePublished":"2023-12-03T15:56:16+00:00","dateModified":"2023-12-03T15:56:44+00:00","breadcrumb":{"@id":"https:\/\/etako.sk\/eshop\/produkt\/vankusik-macicka\/#breadcrumb"},"inLanguage":"sk-SK","potentialAction":[{"@type":"ReadAction","target":["https:\/\/etako.sk\/eshop\/produkt\/vankusik-macicka\/"]}]},{"@type":"ImageObject","inLanguage":"sk-SK","@id":"https:\/\/etako.sk\/eshop\/produkt\/vankusik-macicka\/#primaryimage","url":"https:\/\/i0.wp.com\/etako.sk\/eshop\/wp-content\/uploads\/2023\/12\/1000015450-2-scaled.jpg?fit=1920%2C2560&ssl=1","contentUrl":"https:\/\/i0.wp.com\/etako.sk\/eshop\/wp-content\/uploads\/2023\/12\/1000015450-2-scaled.jpg?fit=1920%2C2560&ssl=1","width":1920,"height":2560},{"@type":"BreadcrumbList","@id":"https:\/\/etako.sk\/eshop\/produkt\/vankusik-macicka\/#breadcrumb","itemListElement":[{"@type":"ListItem","position":1,"name":"Domovsk\u00e1 str\u00e1nka","item":"https:\/\/etako.sk\/eshop\/"},{"@type":"ListItem","position":2,"name":"Obchod","item":"https:\/\/etako.sk\/eshop\/shop\/"},{"@type":"ListItem","position":3,"name":"Vank\u00fa\u0161ik ma\u010di\u010dka"}]},{"@type":"WebSite","@id":"https:\/\/etako.sk\/eshop\/#website","url":"https:\/\/etako.sk\/eshop\/","name":"ETAKO e-shop","description":"Etako","potentialAction":[{"@type":"SearchAction","target":{"@type":"EntryPoint","urlTemplate":"https:\/\/etako.sk\/eshop\/?s={search_term_string}"},"query-input":{"@type":"PropertyValueSpecification","valueRequired":true,"valueName":"search_term_string"}}],"inLanguage":"sk-SK"}]}},"jetpack_sharing_enabled":true,"_links":{"self":[{"href":"https:\/\/etako.sk\/eshop\/wp-json\/wp\/v2\/product\/14599","targetHints":{"allow":["GET"]}}],"collection":[{"href":"https:\/\/etako.sk\/eshop\/wp-json\/wp\/v2\/product"}],"about":[{"href":"https:\/\/etako.sk\/eshop\/wp-json\/wp\/v2\/types\/product"}],"replies":[{"embeddable":true,"href":"https:\/\/etako.sk\/eshop\/wp-json\/wp\/v2\/comments?post=14599"}],"version-history":[{"count":0,"href":"https:\/\/etako.sk\/eshop\/wp-json\/wp\/v2\/product\/14599\/revisions"}],"wp:featuredmedia":[{"embeddable":true,"href":"https:\/\/etako.sk\/eshop\/wp-json\/wp\/v2\/media\/14597"}],"wp:attachment":[{"href":"https:\/\/etako.sk\/eshop\/wp-json\/wp\/v2\/media?parent=14599"}],"wp:term":[{"taxonomy":"product_brand","embeddable":true,"href":"https:\/\/etako.sk\/eshop\/wp-json\/wp\/v2\/product_brand?post=14599"},{"taxonomy":"product_cat","embeddable":true,"href":"https:\/\/etako.sk\/eshop\/wp-json\/wp\/v2\/product_cat?post=14599"},{"taxonomy":"product_tag","embeddable":true,"href":"https:\/\/etako.sk\/eshop\/wp-json\/wp\/v2\/product_tag?post=14599"}],"curies":[{"name":"wp","href":"https:\/\/api.w.org\/{rel}","templated":true}]}}