{"id":14464,"date":"2023-10-31T20:53:51","date_gmt":"2023-10-31T18:53:51","guid":{"rendered":"https:\/\/etako.sk\/eshop\/?post_type=product&#038;p=14464"},"modified":"2023-10-31T20:53:51","modified_gmt":"2023-10-31T18:53:51","slug":"ciapka-homeleska-obojstranna","status":"publish","type":"product","link":"https:\/\/etako.sk\/eshop\/produkt\/ciapka-homeleska-obojstranna\/","title":{"rendered":"\u010ciapka &#8222;Homeleska&#8220; obojstrann\u00e1"},"content":{"rendered":"<p>Materi\u00e1l: \u00faplet, obojstrann\u00e1 \u010diapka:<br \/>\nVe\u013ekosti: 0-1 rok , 1-2 roky, 2-4 roky, 4-6 rokov, 6+ rokov, a pre dospel\u00fdch pod\u013ea obvodu hlavy.<\/p>\n","protected":false},"excerpt":{"rendered":"<p>Materi\u00e1l: \u00faplet, obojstrann\u00e1 \u010diapka: Ve\u013ekosti: 0-1 rok , 1-2 roky, 2-4 roky, 4-6 rokov, 6+ rokov, a pre dospel\u00fdch pod\u013ea<\/p>\n","protected":false},"featured_media":14465,"comment_status":"closed","ping_status":"closed","template":"","meta":{"jetpack_publicize_message":"","jetpack_publicize_feature_enabled":true,"jetpack_social_post_already_shared":false,"jetpack_social_options":{"image_generator_settings":{"template":"highway","enabled":false},"version":2}},"product_brand":[],"product_cat":[627,604],"product_tag":[],"class_list":{"0":"post-14464","1":"product","2":"type-product","3":"status-publish","4":"has-post-thumbnail","6":"product_cat-ciapka","7":"product_cat-vlastna-vyroba-hand-made","8":"product_shipping_class-standard","10":"","11":"instock","12":"taxable","13":"shipping-taxable","14":"purchasable","15":"product-type-simple"},"jetpack_publicize_connections":[],"yoast_head":"<!-- This site is optimized with the Yoast SEO plugin v25.6 - https:\/\/yoast.com\/wordpress\/plugins\/seo\/ -->\n<title>\u010ciapka &quot;Homeleska&quot; obojstrann\u00e1 - ETAKO e-shop<\/title>\n<meta name=\"robots\" content=\"index, follow, max-snippet:-1, max-image-preview:large, max-video-preview:-1\" \/>\n<link rel=\"canonical\" href=\"https:\/\/etako.sk\/eshop\/produkt\/ciapka-homeleska-obojstranna\/\" \/>\n<meta name=\"twitter:card\" content=\"summary_large_image\" \/>\n<meta name=\"twitter:title\" content=\"\u010ciapka &quot;Homeleska&quot; obojstrann\u00e1 - ETAKO e-shop\" \/>\n<meta name=\"twitter:description\" content=\"Materi\u00e1l: \u00faplet, obojstrann\u00e1 \u010diapka: Ve\u013ekosti: 0-1 rok , 1-2 roky, 2-4 roky, 4-6 rokov, 6+ rokov, a pre dospel\u00fdch pod\u013ea\" \/>\n<meta name=\"twitter:image\" content=\"https:\/\/i0.wp.com\/etako.sk\/eshop\/wp-content\/uploads\/2023\/10\/OOgRd2id6lZ_s460xn.jpg?fit=460%2C613&ssl=1\" \/>\n<meta name=\"twitter:label1\" content=\"Predpokladan\u00fd \u010das \u010d\u00edtania\" \/>\n\t<meta name=\"twitter:data1\" content=\"1 min\u00fata\" \/>\n<script type=\"application\/ld+json\" class=\"yoast-schema-graph\">{\"@context\":\"https:\/\/schema.org\",\"@graph\":[{\"@type\":\"WebPage\",\"@id\":\"https:\/\/etako.sk\/eshop\/produkt\/ciapka-homeleska-obojstranna\/\",\"url\":\"https:\/\/etako.sk\/eshop\/produkt\/ciapka-homeleska-obojstranna\/\",\"name\":\"\u010ciapka \\\"Homeleska\\\" obojstrann\u00e1 - ETAKO e-shop\",\"isPartOf\":{\"@id\":\"https:\/\/etako.sk\/eshop\/#website\"},\"primaryImageOfPage\":{\"@id\":\"https:\/\/etako.sk\/eshop\/produkt\/ciapka-homeleska-obojstranna\/#primaryimage\"},\"image\":{\"@id\":\"https:\/\/etako.sk\/eshop\/produkt\/ciapka-homeleska-obojstranna\/#primaryimage\"},\"thumbnailUrl\":\"https:\/\/i0.wp.com\/etako.sk\/eshop\/wp-content\/uploads\/2023\/10\/OOgRd2id6lZ_s460xn.jpg?fit=460%2C613&ssl=1\",\"datePublished\":\"2023-10-31T18:53:51+00:00\",\"breadcrumb\":{\"@id\":\"https:\/\/etako.sk\/eshop\/produkt\/ciapka-homeleska-obojstranna\/#breadcrumb\"},\"inLanguage\":\"sk-SK\",\"potentialAction\":[{\"@type\":\"ReadAction\",\"target\":[\"https:\/\/etako.sk\/eshop\/produkt\/ciapka-homeleska-obojstranna\/\"]}]},{\"@type\":\"ImageObject\",\"inLanguage\":\"sk-SK\",\"@id\":\"https:\/\/etako.sk\/eshop\/produkt\/ciapka-homeleska-obojstranna\/#primaryimage\",\"url\":\"https:\/\/i0.wp.com\/etako.sk\/eshop\/wp-content\/uploads\/2023\/10\/OOgRd2id6lZ_s460xn.jpg?fit=460%2C613&ssl=1\",\"contentUrl\":\"https:\/\/i0.wp.com\/etako.sk\/eshop\/wp-content\/uploads\/2023\/10\/OOgRd2id6lZ_s460xn.jpg?fit=460%2C613&ssl=1\",\"width\":460,\"height\":613},{\"@type\":\"BreadcrumbList\",\"@id\":\"https:\/\/etako.sk\/eshop\/produkt\/ciapka-homeleska-obojstranna\/#breadcrumb\",\"itemListElement\":[{\"@type\":\"ListItem\",\"position\":1,\"name\":\"Domovsk\u00e1 str\u00e1nka\",\"item\":\"https:\/\/etako.sk\/eshop\/\"},{\"@type\":\"ListItem\",\"position\":2,\"name\":\"Obchod\",\"item\":\"https:\/\/etako.sk\/eshop\/shop\/\"},{\"@type\":\"ListItem\",\"position\":3,\"name\":\"\u010ciapka &#8220;Homeleska&#8221; obojstrann\u00e1\"}]},{\"@type\":\"WebSite\",\"@id\":\"https:\/\/etako.sk\/eshop\/#website\",\"url\":\"https:\/\/etako.sk\/eshop\/\",\"name\":\"ETAKO e-shop\",\"description\":\"Etako\",\"potentialAction\":[{\"@type\":\"SearchAction\",\"target\":{\"@type\":\"EntryPoint\",\"urlTemplate\":\"https:\/\/etako.sk\/eshop\/?s={search_term_string}\"},\"query-input\":{\"@type\":\"PropertyValueSpecification\",\"valueRequired\":true,\"valueName\":\"search_term_string\"}}],\"inLanguage\":\"sk-SK\"}]}<\/script>\n<!-- \/ Yoast SEO plugin. -->","yoast_head_json":{"title":"\u010ciapka \"Homeleska\" obojstrann\u00e1 - ETAKO e-shop","robots":{"index":"index","follow":"follow","max-snippet":"max-snippet:-1","max-image-preview":"max-image-preview:large","max-video-preview":"max-video-preview:-1"},"canonical":"https:\/\/etako.sk\/eshop\/produkt\/ciapka-homeleska-obojstranna\/","twitter_card":"summary_large_image","twitter_title":"\u010ciapka \"Homeleska\" obojstrann\u00e1 - ETAKO e-shop","twitter_description":"Materi\u00e1l: \u00faplet, obojstrann\u00e1 \u010diapka: Ve\u013ekosti: 0-1 rok , 1-2 roky, 2-4 roky, 4-6 rokov, 6+ rokov, a pre dospel\u00fdch pod\u013ea","twitter_image":"https:\/\/i0.wp.com\/etako.sk\/eshop\/wp-content\/uploads\/2023\/10\/OOgRd2id6lZ_s460xn.jpg?fit=460%2C613&ssl=1","twitter_misc":{"Predpokladan\u00fd \u010das \u010d\u00edtania":"1 min\u00fata"},"schema":{"@context":"https:\/\/schema.org","@graph":[{"@type":"WebPage","@id":"https:\/\/etako.sk\/eshop\/produkt\/ciapka-homeleska-obojstranna\/","url":"https:\/\/etako.sk\/eshop\/produkt\/ciapka-homeleska-obojstranna\/","name":"\u010ciapka \"Homeleska\" obojstrann\u00e1 - ETAKO e-shop","isPartOf":{"@id":"https:\/\/etako.sk\/eshop\/#website"},"primaryImageOfPage":{"@id":"https:\/\/etako.sk\/eshop\/produkt\/ciapka-homeleska-obojstranna\/#primaryimage"},"image":{"@id":"https:\/\/etako.sk\/eshop\/produkt\/ciapka-homeleska-obojstranna\/#primaryimage"},"thumbnailUrl":"https:\/\/i0.wp.com\/etako.sk\/eshop\/wp-content\/uploads\/2023\/10\/OOgRd2id6lZ_s460xn.jpg?fit=460%2C613&ssl=1","datePublished":"2023-10-31T18:53:51+00:00","breadcrumb":{"@id":"https:\/\/etako.sk\/eshop\/produkt\/ciapka-homeleska-obojstranna\/#breadcrumb"},"inLanguage":"sk-SK","potentialAction":[{"@type":"ReadAction","target":["https:\/\/etako.sk\/eshop\/produkt\/ciapka-homeleska-obojstranna\/"]}]},{"@type":"ImageObject","inLanguage":"sk-SK","@id":"https:\/\/etako.sk\/eshop\/produkt\/ciapka-homeleska-obojstranna\/#primaryimage","url":"https:\/\/i0.wp.com\/etako.sk\/eshop\/wp-content\/uploads\/2023\/10\/OOgRd2id6lZ_s460xn.jpg?fit=460%2C613&ssl=1","contentUrl":"https:\/\/i0.wp.com\/etako.sk\/eshop\/wp-content\/uploads\/2023\/10\/OOgRd2id6lZ_s460xn.jpg?fit=460%2C613&ssl=1","width":460,"height":613},{"@type":"BreadcrumbList","@id":"https:\/\/etako.sk\/eshop\/produkt\/ciapka-homeleska-obojstranna\/#breadcrumb","itemListElement":[{"@type":"ListItem","position":1,"name":"Domovsk\u00e1 str\u00e1nka","item":"https:\/\/etako.sk\/eshop\/"},{"@type":"ListItem","position":2,"name":"Obchod","item":"https:\/\/etako.sk\/eshop\/shop\/"},{"@type":"ListItem","position":3,"name":"\u010ciapka &#8220;Homeleska&#8221; obojstrann\u00e1"}]},{"@type":"WebSite","@id":"https:\/\/etako.sk\/eshop\/#website","url":"https:\/\/etako.sk\/eshop\/","name":"ETAKO e-shop","description":"Etako","potentialAction":[{"@type":"SearchAction","target":{"@type":"EntryPoint","urlTemplate":"https:\/\/etako.sk\/eshop\/?s={search_term_string}"},"query-input":{"@type":"PropertyValueSpecification","valueRequired":true,"valueName":"search_term_string"}}],"inLanguage":"sk-SK"}]}},"jetpack_sharing_enabled":true,"_links":{"self":[{"href":"https:\/\/etako.sk\/eshop\/wp-json\/wp\/v2\/product\/14464","targetHints":{"allow":["GET"]}}],"collection":[{"href":"https:\/\/etako.sk\/eshop\/wp-json\/wp\/v2\/product"}],"about":[{"href":"https:\/\/etako.sk\/eshop\/wp-json\/wp\/v2\/types\/product"}],"replies":[{"embeddable":true,"href":"https:\/\/etako.sk\/eshop\/wp-json\/wp\/v2\/comments?post=14464"}],"version-history":[{"count":0,"href":"https:\/\/etako.sk\/eshop\/wp-json\/wp\/v2\/product\/14464\/revisions"}],"wp:featuredmedia":[{"embeddable":true,"href":"https:\/\/etako.sk\/eshop\/wp-json\/wp\/v2\/media\/14465"}],"wp:attachment":[{"href":"https:\/\/etako.sk\/eshop\/wp-json\/wp\/v2\/media?parent=14464"}],"wp:term":[{"taxonomy":"product_brand","embeddable":true,"href":"https:\/\/etako.sk\/eshop\/wp-json\/wp\/v2\/product_brand?post=14464"},{"taxonomy":"product_cat","embeddable":true,"href":"https:\/\/etako.sk\/eshop\/wp-json\/wp\/v2\/product_cat?post=14464"},{"taxonomy":"product_tag","embeddable":true,"href":"https:\/\/etako.sk\/eshop\/wp-json\/wp\/v2\/product_tag?post=14464"}],"curies":[{"name":"wp","href":"https:\/\/api.w.org\/{rel}","templated":true}]}}