{"id":14439,"date":"2023-10-31T20:28:49","date_gmt":"2023-10-31T18:28:49","guid":{"rendered":"https:\/\/etako.sk\/eshop\/?post_type=product&#038;p=14439"},"modified":"2023-10-31T20:28:50","modified_gmt":"2023-10-31T18:28:50","slug":"ciapka-sterntaler-1531707-745","status":"publish","type":"product","link":"https:\/\/etako.sk\/eshop\/produkt\/ciapka-sterntaler-1531707-745\/","title":{"rendered":"\u010ciapka Sterntaler 1531707.745"},"content":{"rendered":"<p>\u00dapletov\u00e1 \u010diapka Sterntaler vhodn\u00e1 na prechodn\u00e9 obdobie!<\/p>\n<p>\u010ciapka m\u00e1 otvor na cop a d\u00e1 sa pou\u017ei\u0165 aj ako n\u00e1kr\u010dn\u00edk<br \/>\nS UV ochranou 50+!<br \/>\nMateri\u00e1l: 100% bavlna<br \/>\nVe\u013ekosti: 51,57 cm<\/p>\n<p>\u0160etrn\u00e9 pranie a \u017eehlenie z rubovej strany<br \/>\nVyroben\u00e9 v Nemecku<\/p>\n","protected":false},"excerpt":{"rendered":"<p>\u00dapletov\u00e1 \u010diapka Sterntaler vhodn\u00e1 na prechodn\u00e9 obdobie! \u010ciapka m\u00e1 otvor na cop a d\u00e1 sa pou\u017ei\u0165 aj ako n\u00e1kr\u010dn\u00edk S<\/p>\n","protected":false},"featured_media":14440,"comment_status":"closed","ping_status":"closed","template":"","meta":{"jetpack_publicize_message":"","jetpack_publicize_feature_enabled":true,"jetpack_social_post_already_shared":false,"jetpack_social_options":{"image_generator_settings":{"template":"highway","enabled":false},"version":2}},"product_brand":[],"product_cat":[47,147],"product_tag":[],"class_list":{"0":"post-14439","1":"product","2":"type-product","3":"status-publish","4":"has-post-thumbnail","6":"product_cat-oblecenie-116-5-6-rokov","7":"product_cat-dievcata-velkost-od-0-10-rokov-50-140-cm","8":"product_shipping_class-standard","10":"","11":"instock","12":"taxable","13":"shipping-taxable","14":"purchasable","15":"product-type-simple"},"jetpack_publicize_connections":[],"yoast_head":"<!-- This site is optimized with the Yoast SEO plugin v25.6 - https:\/\/yoast.com\/wordpress\/plugins\/seo\/ -->\n<title>\u010ciapka Sterntaler 1531707.745 - ETAKO e-shop<\/title>\n<meta name=\"robots\" content=\"index, follow, max-snippet:-1, max-image-preview:large, max-video-preview:-1\" \/>\n<link rel=\"canonical\" href=\"https:\/\/etako.sk\/eshop\/produkt\/ciapka-sterntaler-1531707-745\/\" \/>\n<meta name=\"twitter:card\" content=\"summary_large_image\" \/>\n<meta name=\"twitter:title\" content=\"\u010ciapka Sterntaler 1531707.745 - ETAKO e-shop\" \/>\n<meta name=\"twitter:description\" content=\"\u00dapletov\u00e1 \u010diapka Sterntaler vhodn\u00e1 na prechodn\u00e9 obdobie! \u010ciapka m\u00e1 otvor na cop a d\u00e1 sa pou\u017ei\u0165 aj ako n\u00e1kr\u010dn\u00edk S\" \/>\n<meta name=\"twitter:image\" content=\"https:\/\/i0.wp.com\/etako.sk\/eshop\/wp-content\/uploads\/2023\/10\/6oP0nQGqbkj_s460xn.jpg?fit=450%2C450&ssl=1\" \/>\n<meta name=\"twitter:label1\" content=\"Predpokladan\u00fd \u010das \u010d\u00edtania\" \/>\n\t<meta name=\"twitter:data1\" content=\"1 min\u00fata\" \/>\n<script type=\"application\/ld+json\" class=\"yoast-schema-graph\">{\"@context\":\"https:\/\/schema.org\",\"@graph\":[{\"@type\":\"WebPage\",\"@id\":\"https:\/\/etako.sk\/eshop\/produkt\/ciapka-sterntaler-1531707-745\/\",\"url\":\"https:\/\/etako.sk\/eshop\/produkt\/ciapka-sterntaler-1531707-745\/\",\"name\":\"\u010ciapka Sterntaler 1531707.745 - ETAKO e-shop\",\"isPartOf\":{\"@id\":\"https:\/\/etako.sk\/eshop\/#website\"},\"primaryImageOfPage\":{\"@id\":\"https:\/\/etako.sk\/eshop\/produkt\/ciapka-sterntaler-1531707-745\/#primaryimage\"},\"image\":{\"@id\":\"https:\/\/etako.sk\/eshop\/produkt\/ciapka-sterntaler-1531707-745\/#primaryimage\"},\"thumbnailUrl\":\"https:\/\/i0.wp.com\/etako.sk\/eshop\/wp-content\/uploads\/2023\/10\/6oP0nQGqbkj_s460xn.jpg?fit=450%2C450&ssl=1\",\"datePublished\":\"2023-10-31T18:28:49+00:00\",\"dateModified\":\"2023-10-31T18:28:50+00:00\",\"breadcrumb\":{\"@id\":\"https:\/\/etako.sk\/eshop\/produkt\/ciapka-sterntaler-1531707-745\/#breadcrumb\"},\"inLanguage\":\"sk-SK\",\"potentialAction\":[{\"@type\":\"ReadAction\",\"target\":[\"https:\/\/etako.sk\/eshop\/produkt\/ciapka-sterntaler-1531707-745\/\"]}]},{\"@type\":\"ImageObject\",\"inLanguage\":\"sk-SK\",\"@id\":\"https:\/\/etako.sk\/eshop\/produkt\/ciapka-sterntaler-1531707-745\/#primaryimage\",\"url\":\"https:\/\/i0.wp.com\/etako.sk\/eshop\/wp-content\/uploads\/2023\/10\/6oP0nQGqbkj_s460xn.jpg?fit=450%2C450&ssl=1\",\"contentUrl\":\"https:\/\/i0.wp.com\/etako.sk\/eshop\/wp-content\/uploads\/2023\/10\/6oP0nQGqbkj_s460xn.jpg?fit=450%2C450&ssl=1\",\"width\":450,\"height\":450},{\"@type\":\"BreadcrumbList\",\"@id\":\"https:\/\/etako.sk\/eshop\/produkt\/ciapka-sterntaler-1531707-745\/#breadcrumb\",\"itemListElement\":[{\"@type\":\"ListItem\",\"position\":1,\"name\":\"Domovsk\u00e1 str\u00e1nka\",\"item\":\"https:\/\/etako.sk\/eshop\/\"},{\"@type\":\"ListItem\",\"position\":2,\"name\":\"Obchod\",\"item\":\"https:\/\/etako.sk\/eshop\/shop\/\"},{\"@type\":\"ListItem\",\"position\":3,\"name\":\"\u010ciapka Sterntaler 1531707.745\"}]},{\"@type\":\"WebSite\",\"@id\":\"https:\/\/etako.sk\/eshop\/#website\",\"url\":\"https:\/\/etako.sk\/eshop\/\",\"name\":\"ETAKO e-shop\",\"description\":\"Etako\",\"potentialAction\":[{\"@type\":\"SearchAction\",\"target\":{\"@type\":\"EntryPoint\",\"urlTemplate\":\"https:\/\/etako.sk\/eshop\/?s={search_term_string}\"},\"query-input\":{\"@type\":\"PropertyValueSpecification\",\"valueRequired\":true,\"valueName\":\"search_term_string\"}}],\"inLanguage\":\"sk-SK\"}]}<\/script>\n<!-- \/ Yoast SEO plugin. -->","yoast_head_json":{"title":"\u010ciapka Sterntaler 1531707.745 - ETAKO e-shop","robots":{"index":"index","follow":"follow","max-snippet":"max-snippet:-1","max-image-preview":"max-image-preview:large","max-video-preview":"max-video-preview:-1"},"canonical":"https:\/\/etako.sk\/eshop\/produkt\/ciapka-sterntaler-1531707-745\/","twitter_card":"summary_large_image","twitter_title":"\u010ciapka Sterntaler 1531707.745 - ETAKO e-shop","twitter_description":"\u00dapletov\u00e1 \u010diapka Sterntaler vhodn\u00e1 na prechodn\u00e9 obdobie! \u010ciapka m\u00e1 otvor na cop a d\u00e1 sa pou\u017ei\u0165 aj ako n\u00e1kr\u010dn\u00edk S","twitter_image":"https:\/\/i0.wp.com\/etako.sk\/eshop\/wp-content\/uploads\/2023\/10\/6oP0nQGqbkj_s460xn.jpg?fit=450%2C450&ssl=1","twitter_misc":{"Predpokladan\u00fd \u010das \u010d\u00edtania":"1 min\u00fata"},"schema":{"@context":"https:\/\/schema.org","@graph":[{"@type":"WebPage","@id":"https:\/\/etako.sk\/eshop\/produkt\/ciapka-sterntaler-1531707-745\/","url":"https:\/\/etako.sk\/eshop\/produkt\/ciapka-sterntaler-1531707-745\/","name":"\u010ciapka Sterntaler 1531707.745 - ETAKO e-shop","isPartOf":{"@id":"https:\/\/etako.sk\/eshop\/#website"},"primaryImageOfPage":{"@id":"https:\/\/etako.sk\/eshop\/produkt\/ciapka-sterntaler-1531707-745\/#primaryimage"},"image":{"@id":"https:\/\/etako.sk\/eshop\/produkt\/ciapka-sterntaler-1531707-745\/#primaryimage"},"thumbnailUrl":"https:\/\/i0.wp.com\/etako.sk\/eshop\/wp-content\/uploads\/2023\/10\/6oP0nQGqbkj_s460xn.jpg?fit=450%2C450&ssl=1","datePublished":"2023-10-31T18:28:49+00:00","dateModified":"2023-10-31T18:28:50+00:00","breadcrumb":{"@id":"https:\/\/etako.sk\/eshop\/produkt\/ciapka-sterntaler-1531707-745\/#breadcrumb"},"inLanguage":"sk-SK","potentialAction":[{"@type":"ReadAction","target":["https:\/\/etako.sk\/eshop\/produkt\/ciapka-sterntaler-1531707-745\/"]}]},{"@type":"ImageObject","inLanguage":"sk-SK","@id":"https:\/\/etako.sk\/eshop\/produkt\/ciapka-sterntaler-1531707-745\/#primaryimage","url":"https:\/\/i0.wp.com\/etako.sk\/eshop\/wp-content\/uploads\/2023\/10\/6oP0nQGqbkj_s460xn.jpg?fit=450%2C450&ssl=1","contentUrl":"https:\/\/i0.wp.com\/etako.sk\/eshop\/wp-content\/uploads\/2023\/10\/6oP0nQGqbkj_s460xn.jpg?fit=450%2C450&ssl=1","width":450,"height":450},{"@type":"BreadcrumbList","@id":"https:\/\/etako.sk\/eshop\/produkt\/ciapka-sterntaler-1531707-745\/#breadcrumb","itemListElement":[{"@type":"ListItem","position":1,"name":"Domovsk\u00e1 str\u00e1nka","item":"https:\/\/etako.sk\/eshop\/"},{"@type":"ListItem","position":2,"name":"Obchod","item":"https:\/\/etako.sk\/eshop\/shop\/"},{"@type":"ListItem","position":3,"name":"\u010ciapka Sterntaler 1531707.745"}]},{"@type":"WebSite","@id":"https:\/\/etako.sk\/eshop\/#website","url":"https:\/\/etako.sk\/eshop\/","name":"ETAKO e-shop","description":"Etako","potentialAction":[{"@type":"SearchAction","target":{"@type":"EntryPoint","urlTemplate":"https:\/\/etako.sk\/eshop\/?s={search_term_string}"},"query-input":{"@type":"PropertyValueSpecification","valueRequired":true,"valueName":"search_term_string"}}],"inLanguage":"sk-SK"}]}},"jetpack_sharing_enabled":true,"_links":{"self":[{"href":"https:\/\/etako.sk\/eshop\/wp-json\/wp\/v2\/product\/14439","targetHints":{"allow":["GET"]}}],"collection":[{"href":"https:\/\/etako.sk\/eshop\/wp-json\/wp\/v2\/product"}],"about":[{"href":"https:\/\/etako.sk\/eshop\/wp-json\/wp\/v2\/types\/product"}],"replies":[{"embeddable":true,"href":"https:\/\/etako.sk\/eshop\/wp-json\/wp\/v2\/comments?post=14439"}],"version-history":[{"count":0,"href":"https:\/\/etako.sk\/eshop\/wp-json\/wp\/v2\/product\/14439\/revisions"}],"wp:featuredmedia":[{"embeddable":true,"href":"https:\/\/etako.sk\/eshop\/wp-json\/wp\/v2\/media\/14440"}],"wp:attachment":[{"href":"https:\/\/etako.sk\/eshop\/wp-json\/wp\/v2\/media?parent=14439"}],"wp:term":[{"taxonomy":"product_brand","embeddable":true,"href":"https:\/\/etako.sk\/eshop\/wp-json\/wp\/v2\/product_brand?post=14439"},{"taxonomy":"product_cat","embeddable":true,"href":"https:\/\/etako.sk\/eshop\/wp-json\/wp\/v2\/product_cat?post=14439"},{"taxonomy":"product_tag","embeddable":true,"href":"https:\/\/etako.sk\/eshop\/wp-json\/wp\/v2\/product_tag?post=14439"}],"curies":[{"name":"wp","href":"https:\/\/api.w.org\/{rel}","templated":true}]}}