{"id":14421,"date":"2023-10-31T20:18:39","date_gmt":"2023-10-31T18:18:39","guid":{"rendered":"https:\/\/etako.sk\/eshop\/?post_type=product&#038;p=14421"},"modified":"2026-02-03T21:07:37","modified_gmt":"2026-02-03T19:07:37","slug":"pop-it-praskajuce-bubliny-lopta","status":"publish","type":"product","link":"https:\/\/etako.sk\/eshop\/produkt\/pop-it-praskajuce-bubliny-lopta\/","title":{"rendered":"Pop It &#8211; Praskaj\u00face bubliny, lopta"},"content":{"rendered":"<p>BUBBLE POPS! &#8211; Praskaj\u00face bubliny! Ma\u010dkacie antistresov\u00e1 hra pre dvoch, zahrajte si dve varianty. Kto praskne posledn\u00e1 bublinu, prehr\u00e1va.<\/p>\n<p>Variant \u010d. 1 &#8211; Vylosujte si, kto za\u010dne hra\u0165 ako prv\u00fd (napr. Si strihnite). Za\u010d\u00ednaj\u00faci hr\u00e1\u010d si vyberie jednu radu a zatla\u010d\u00ed \u013eubovo\u013en\u00fd po\u010det bubl\u00edn ved\u013ea seba vo vybranej rade. Druh\u00fd hr\u00e1\u010d si tie\u017e vyberie jednu radu, kde zatia\u013e nie s\u00fa zatla\u010den\u00e9 \u017eiadne bubliny a takisto zatla\u010d\u00ed \u013eubovo\u013en\u00fd po\u010det bubl\u00edn ved\u013ea seba vo vybranej rade. Potom u\u017e m\u00f4\u017eu hr\u00e1\u010di stla\u010di\u0165 \u013eubovo\u013en\u00fd po\u010det bubl\u00edn v akejko\u013evek jednom rade. Ale v\u017edy iba bubliny ved\u013ea seba. Hr\u00e1\u010di sa v hre striedaj\u00fa, k\u00fdm nebude jeden hr\u00e1\u010d n\u00faten\u00fd zatla\u010di\u0165 posledn\u00fd bublinu. Tento hr\u00e1\u010d prehral.<\/p>\n<p>Obr\u00e1\u0165te hru na druh\u00fa stranu a pokra\u010dujte v hre. Hr\u00e1\u010d, ktor\u00fd trikr\u00e1t vyhr\u00e1 je absol\u00fatnym v\u00ed\u0165azom.<br \/>\nVariant \u010d. 2 &#8211; Princ\u00edp hry je rovnak\u00fd. V tejto variante hry ale m\u00f4\u017eete stl\u00e1\u010da\u0165 iba jednu bublinu alebo dvojicu \u010di trojicu bubl\u00edn ved\u013ea seba v jednom rade.<\/p>\n","protected":false},"excerpt":{"rendered":"<p>BUBBLE POPS! &#8211; Praskaj\u00face bubliny! Ma\u010dkacie antistresov\u00e1 hra pre dvoch, zahrajte si dve varianty. Kto praskne posledn\u00e1 bublinu, prehr\u00e1va. Variant<\/p>\n","protected":false},"featured_media":14422,"comment_status":"closed","ping_status":"closed","template":"","meta":{"jetpack_publicize_message":"","jetpack_publicize_feature_enabled":true,"jetpack_social_post_already_shared":false,"jetpack_social_options":{"image_generator_settings":{"template":"highway","enabled":false},"version":2}},"product_brand":[],"product_cat":[496,14],"product_tag":[],"class_list":{"0":"post-14421","1":"product","2":"type-product","3":"status-publish","4":"has-post-thumbnail","6":"product_cat-hracky-3","7":"product_cat-pre-deti","8":"product_shipping_class-standard","10":"","11":"instock","12":"taxable","13":"shipping-taxable","14":"purchasable","15":"product-type-simple"},"jetpack_publicize_connections":[],"yoast_head":"<!-- This site is optimized with the Yoast SEO plugin v25.6 - https:\/\/yoast.com\/wordpress\/plugins\/seo\/ -->\n<title>Pop It - Praskaj\u00face bubliny, lopta - ETAKO e-shop<\/title>\n<meta name=\"robots\" content=\"index, follow, max-snippet:-1, max-image-preview:large, max-video-preview:-1\" \/>\n<link rel=\"canonical\" href=\"https:\/\/etako.sk\/eshop\/produkt\/pop-it-praskajuce-bubliny-lopta\/\" \/>\n<meta name=\"twitter:card\" content=\"summary_large_image\" \/>\n<meta name=\"twitter:title\" content=\"Pop It - Praskaj\u00face bubliny, lopta - ETAKO e-shop\" \/>\n<meta name=\"twitter:description\" content=\"BUBBLE POPS! &#8211; Praskaj\u00face bubliny! Ma\u010dkacie antistresov\u00e1 hra pre dvoch, zahrajte si dve varianty. Kto praskne posledn\u00e1 bublinu, prehr\u00e1va. Variant\" \/>\n<meta name=\"twitter:image\" content=\"https:\/\/i0.wp.com\/etako.sk\/eshop\/wp-content\/uploads\/2023\/10\/cTh74CzvZen_s460xn.jpg?fit=223%2C200&ssl=1\" \/>\n<meta name=\"twitter:label1\" content=\"Predpokladan\u00fd \u010das \u010d\u00edtania\" \/>\n\t<meta name=\"twitter:data1\" content=\"2 min\u00faty\" \/>\n<script type=\"application\/ld+json\" class=\"yoast-schema-graph\">{\"@context\":\"https:\/\/schema.org\",\"@graph\":[{\"@type\":\"WebPage\",\"@id\":\"https:\/\/etako.sk\/eshop\/produkt\/pop-it-praskajuce-bubliny-lopta\/\",\"url\":\"https:\/\/etako.sk\/eshop\/produkt\/pop-it-praskajuce-bubliny-lopta\/\",\"name\":\"Pop It - Praskaj\u00face bubliny, lopta - ETAKO e-shop\",\"isPartOf\":{\"@id\":\"https:\/\/etako.sk\/eshop\/#website\"},\"primaryImageOfPage\":{\"@id\":\"https:\/\/etako.sk\/eshop\/produkt\/pop-it-praskajuce-bubliny-lopta\/#primaryimage\"},\"image\":{\"@id\":\"https:\/\/etako.sk\/eshop\/produkt\/pop-it-praskajuce-bubliny-lopta\/#primaryimage\"},\"thumbnailUrl\":\"https:\/\/i0.wp.com\/etako.sk\/eshop\/wp-content\/uploads\/2023\/10\/cTh74CzvZen_s460xn.jpg?fit=223%2C200&ssl=1\",\"datePublished\":\"2023-10-31T18:18:39+00:00\",\"dateModified\":\"2026-02-03T19:07:37+00:00\",\"breadcrumb\":{\"@id\":\"https:\/\/etako.sk\/eshop\/produkt\/pop-it-praskajuce-bubliny-lopta\/#breadcrumb\"},\"inLanguage\":\"sk-SK\",\"potentialAction\":[{\"@type\":\"ReadAction\",\"target\":[\"https:\/\/etako.sk\/eshop\/produkt\/pop-it-praskajuce-bubliny-lopta\/\"]}]},{\"@type\":\"ImageObject\",\"inLanguage\":\"sk-SK\",\"@id\":\"https:\/\/etako.sk\/eshop\/produkt\/pop-it-praskajuce-bubliny-lopta\/#primaryimage\",\"url\":\"https:\/\/i0.wp.com\/etako.sk\/eshop\/wp-content\/uploads\/2023\/10\/cTh74CzvZen_s460xn.jpg?fit=223%2C200&ssl=1\",\"contentUrl\":\"https:\/\/i0.wp.com\/etako.sk\/eshop\/wp-content\/uploads\/2023\/10\/cTh74CzvZen_s460xn.jpg?fit=223%2C200&ssl=1\",\"width\":223,\"height\":200},{\"@type\":\"BreadcrumbList\",\"@id\":\"https:\/\/etako.sk\/eshop\/produkt\/pop-it-praskajuce-bubliny-lopta\/#breadcrumb\",\"itemListElement\":[{\"@type\":\"ListItem\",\"position\":1,\"name\":\"Domovsk\u00e1 str\u00e1nka\",\"item\":\"https:\/\/etako.sk\/eshop\/\"},{\"@type\":\"ListItem\",\"position\":2,\"name\":\"Obchod\",\"item\":\"https:\/\/etako.sk\/eshop\/shop\/\"},{\"@type\":\"ListItem\",\"position\":3,\"name\":\"Pop It &#8211; Praskaj\u00face bubliny, lopta\"}]},{\"@type\":\"WebSite\",\"@id\":\"https:\/\/etako.sk\/eshop\/#website\",\"url\":\"https:\/\/etako.sk\/eshop\/\",\"name\":\"ETAKO e-shop\",\"description\":\"Etako\",\"potentialAction\":[{\"@type\":\"SearchAction\",\"target\":{\"@type\":\"EntryPoint\",\"urlTemplate\":\"https:\/\/etako.sk\/eshop\/?s={search_term_string}\"},\"query-input\":{\"@type\":\"PropertyValueSpecification\",\"valueRequired\":true,\"valueName\":\"search_term_string\"}}],\"inLanguage\":\"sk-SK\"}]}<\/script>\n<!-- \/ Yoast SEO plugin. -->","yoast_head_json":{"title":"Pop It - Praskaj\u00face bubliny, lopta - ETAKO e-shop","robots":{"index":"index","follow":"follow","max-snippet":"max-snippet:-1","max-image-preview":"max-image-preview:large","max-video-preview":"max-video-preview:-1"},"canonical":"https:\/\/etako.sk\/eshop\/produkt\/pop-it-praskajuce-bubliny-lopta\/","twitter_card":"summary_large_image","twitter_title":"Pop It - Praskaj\u00face bubliny, lopta - ETAKO e-shop","twitter_description":"BUBBLE POPS! &#8211; Praskaj\u00face bubliny! Ma\u010dkacie antistresov\u00e1 hra pre dvoch, zahrajte si dve varianty. Kto praskne posledn\u00e1 bublinu, prehr\u00e1va. Variant","twitter_image":"https:\/\/i0.wp.com\/etako.sk\/eshop\/wp-content\/uploads\/2023\/10\/cTh74CzvZen_s460xn.jpg?fit=223%2C200&ssl=1","twitter_misc":{"Predpokladan\u00fd \u010das \u010d\u00edtania":"2 min\u00faty"},"schema":{"@context":"https:\/\/schema.org","@graph":[{"@type":"WebPage","@id":"https:\/\/etako.sk\/eshop\/produkt\/pop-it-praskajuce-bubliny-lopta\/","url":"https:\/\/etako.sk\/eshop\/produkt\/pop-it-praskajuce-bubliny-lopta\/","name":"Pop It - Praskaj\u00face bubliny, lopta - ETAKO e-shop","isPartOf":{"@id":"https:\/\/etako.sk\/eshop\/#website"},"primaryImageOfPage":{"@id":"https:\/\/etako.sk\/eshop\/produkt\/pop-it-praskajuce-bubliny-lopta\/#primaryimage"},"image":{"@id":"https:\/\/etako.sk\/eshop\/produkt\/pop-it-praskajuce-bubliny-lopta\/#primaryimage"},"thumbnailUrl":"https:\/\/i0.wp.com\/etako.sk\/eshop\/wp-content\/uploads\/2023\/10\/cTh74CzvZen_s460xn.jpg?fit=223%2C200&ssl=1","datePublished":"2023-10-31T18:18:39+00:00","dateModified":"2026-02-03T19:07:37+00:00","breadcrumb":{"@id":"https:\/\/etako.sk\/eshop\/produkt\/pop-it-praskajuce-bubliny-lopta\/#breadcrumb"},"inLanguage":"sk-SK","potentialAction":[{"@type":"ReadAction","target":["https:\/\/etako.sk\/eshop\/produkt\/pop-it-praskajuce-bubliny-lopta\/"]}]},{"@type":"ImageObject","inLanguage":"sk-SK","@id":"https:\/\/etako.sk\/eshop\/produkt\/pop-it-praskajuce-bubliny-lopta\/#primaryimage","url":"https:\/\/i0.wp.com\/etako.sk\/eshop\/wp-content\/uploads\/2023\/10\/cTh74CzvZen_s460xn.jpg?fit=223%2C200&ssl=1","contentUrl":"https:\/\/i0.wp.com\/etako.sk\/eshop\/wp-content\/uploads\/2023\/10\/cTh74CzvZen_s460xn.jpg?fit=223%2C200&ssl=1","width":223,"height":200},{"@type":"BreadcrumbList","@id":"https:\/\/etako.sk\/eshop\/produkt\/pop-it-praskajuce-bubliny-lopta\/#breadcrumb","itemListElement":[{"@type":"ListItem","position":1,"name":"Domovsk\u00e1 str\u00e1nka","item":"https:\/\/etako.sk\/eshop\/"},{"@type":"ListItem","position":2,"name":"Obchod","item":"https:\/\/etako.sk\/eshop\/shop\/"},{"@type":"ListItem","position":3,"name":"Pop It &#8211; Praskaj\u00face bubliny, lopta"}]},{"@type":"WebSite","@id":"https:\/\/etako.sk\/eshop\/#website","url":"https:\/\/etako.sk\/eshop\/","name":"ETAKO e-shop","description":"Etako","potentialAction":[{"@type":"SearchAction","target":{"@type":"EntryPoint","urlTemplate":"https:\/\/etako.sk\/eshop\/?s={search_term_string}"},"query-input":{"@type":"PropertyValueSpecification","valueRequired":true,"valueName":"search_term_string"}}],"inLanguage":"sk-SK"}]}},"jetpack_sharing_enabled":true,"_links":{"self":[{"href":"https:\/\/etako.sk\/eshop\/wp-json\/wp\/v2\/product\/14421","targetHints":{"allow":["GET"]}}],"collection":[{"href":"https:\/\/etako.sk\/eshop\/wp-json\/wp\/v2\/product"}],"about":[{"href":"https:\/\/etako.sk\/eshop\/wp-json\/wp\/v2\/types\/product"}],"replies":[{"embeddable":true,"href":"https:\/\/etako.sk\/eshop\/wp-json\/wp\/v2\/comments?post=14421"}],"version-history":[{"count":1,"href":"https:\/\/etako.sk\/eshop\/wp-json\/wp\/v2\/product\/14421\/revisions"}],"predecessor-version":[{"id":49218,"href":"https:\/\/etako.sk\/eshop\/wp-json\/wp\/v2\/product\/14421\/revisions\/49218"}],"wp:featuredmedia":[{"embeddable":true,"href":"https:\/\/etako.sk\/eshop\/wp-json\/wp\/v2\/media\/14422"}],"wp:attachment":[{"href":"https:\/\/etako.sk\/eshop\/wp-json\/wp\/v2\/media?parent=14421"}],"wp:term":[{"taxonomy":"product_brand","embeddable":true,"href":"https:\/\/etako.sk\/eshop\/wp-json\/wp\/v2\/product_brand?post=14421"},{"taxonomy":"product_cat","embeddable":true,"href":"https:\/\/etako.sk\/eshop\/wp-json\/wp\/v2\/product_cat?post=14421"},{"taxonomy":"product_tag","embeddable":true,"href":"https:\/\/etako.sk\/eshop\/wp-json\/wp\/v2\/product_tag?post=14421"}],"curies":[{"name":"wp","href":"https:\/\/api.w.org\/{rel}","templated":true}]}}